{"id":1260063183,"date":"2022-12-21T16:27:52","date_gmt":"2022-12-21T16:27:52","guid":{"rendered":"https:\/\/dev.myindustrial.eu\/training-and-internship\/"},"modified":"2025-02-03T16:13:46","modified_gmt":"2025-02-03T16:13:46","slug":"koolitus-ja-praktika","status":"publish","type":"page","link":"https:\/\/dev.myindustrial.eu\/et\/koolitus-ja-praktika\/","title":{"rendered":"Koolitus ja praktika"},"content":{"rendered":"<p>[vc_row][vc_column][vc_column_text woodmart_inline=&#8221;no&#8221; text_larger=&#8221;no&#8221;]<\/p>\n<h4><b>Erialane koolitus ettev\u00f5ttes MAA intelengineering!<\/b><\/h4>\n<p><span style=\"font-weight: 400;\">Tehnoloogia ja innovatsioon on meie edu eesm\u00e4rgid. Kui teile meeldib t\u00f6\u00f6tamisel oma k\u00e4si kasutada ja tunnete huvi isegi k\u00f5ige keerulisema sisu vastu, olete \u00f5iges kohas.<\/span><\/p>\n<p><span style=\"font-weight: 400;\">Koolitust peetakse ettev\u00f5ttes MAA intelengineering v\u00e4ga oluliseks teemaks. Meeskonnana toimiva ettev\u00f5ttena on meil sotsiaalne vastutus koolitada ise v\u00e4lja homseid eksperte.\u00a0<\/span><\/p>\n<p><span style=\"font-weight: 400;\">Vastavalt teie annetele ja soovidele pakume teile h\u00e4sti p\u00f5hjendatud koolitust tehnika- v\u00f5i \u00e4rivaldkonnas &#8211; baas\u00f5ppena<\/span><\/p>\n<ul>\n<li><span style=\"font-weight: 400;\">\u00f5pipoisi\u00f5ppe kohad<\/span><\/li>\n<li>ning \u00f5ppet\u00f6\u00f6+t\u00f6\u00f6 osa.<\/li>\n<li>kaubandus-\/tehnika-, \u00e4ri- ja IT-erialad.<\/li>\n<\/ul>\n<p><span style=\"font-weight: 400;\">Meie eesm\u00e4rk on praktikandid optimaalselt t\u00f6\u00f6ks ette valmistada nii, et nad saaksid hakkama igap\u00e4evat\u00f6\u00f6 n\u00f5udmistega.<\/span><\/p>\n<p><span style=\"font-weight: 400;\">Kui te pole oma otsuses p\u00e4ris kindel, siis lihtsalt r\u00e4\u00e4kige meiega &#8211; loomulikult aitame teid hea meelega ja anname teile h\u00e4sti p\u00f5hjendatud n\u00f5u.<\/span>[\/vc_column_text][vc_single_image image=&#8221;1260065039&#8243; img_size=&#8221;full&#8221; alignment=&#8221;center&#8221; parallax_scroll=&#8221;no&#8221; woodmart_inline=&#8221;no&#8221;][vc_column_text woodmart_inline=&#8221;no&#8221; text_larger=&#8221;no&#8221;]<b>\u00dcli\u00f5pilaste praktikakohad\/T\u00f6\u00f6tavad \u00fcli\u00f5pilased<\/b><\/p>\n<p><span style=\"font-weight: 400;\">Kas teil on aimu, mida p\u00e4rast kooli tegema hakata? Kas m\u00f5tlete, millised v\u00f5iksid v\u00e4lja n\u00e4ha teie esimesed sammud t\u00f6\u00f6elus?\u00a0 MAA intelengineeringus saate valida erinevate pakutavate p\u00f5nevate \u00f5pipoisi\u00f5pete vahel \u2013 kaubanduslikust erialast t\u00f6\u00f6stusliku\/tehniliseni.\u00a0<\/span><\/p>\n<p><span style=\"font-weight: 400;\">Olenemata sellest, kas olete karj\u00e4\u00e4rile orienteeruv koolipraktikant v\u00f5i \u00fcli\u00f5pilane, kes otsib baas- ja\/v\u00f5i erialast praktikat v\u00f5i pikaajaline \u00fcli\u00f5pilasest praktikanti, kes otsib v\u00f5imalust kirjutada oma bakalaureuse- ja\/v\u00f5i magistrit\u00f6\u00f6d \u2013 motiveeritud ja p\u00fchendunud \u00fcli\u00f5pilased ja praktikandid on ettev\u00f5ttesse MAA intelengineering alati oodatud.<\/span><\/p>\n<p><span style=\"font-weight: 400;\">Oleme kindlad, et teie jaoks on olemas sobiv valik ning me ootame teiega tutvumist! Kui olete praktikast huvitatud, siis kasutage koheselt v\u00f5imalust ning saatke meile l\u00fchike taotlus, mis sisaldab soovitud valdkonda ning ajaperioodi, aadressile maaie@maaie.net!<\/span>[\/vc_column_text][vc_row_inner][vc_column_inner width=&#8221;1\/2&#8243;][vc_column_text woodmart_inline=&#8221;no&#8221; text_larger=&#8221;no&#8221;]<\/p>\n<h4><b>P\u00f5hjused, miks te olete meie jaoks parim<\/b><\/h4>\n<p><span style=\"font-weight: 400;\">Lisaks headele hinnetele on meie jaoks oluline see, et teil on:<\/span><\/p>\n<ul>\n<li><span style=\"font-weight: 400;\">Algatusv\u00f5ime ja \u00f5ppimisvalmidus,<\/span><\/li>\n<li>Ilmne soov usinalt ja iseseisvalt \u00f5ppida,<\/li>\n<li>Vastupidavus ja loovus,<\/li>\n<li>Olete s\u00f5bralik ja enesekindel ning<\/li>\n<li>Uurite loogiliselt isegi keerulisi hetki.<\/li>\n<\/ul>\n<p>[\/vc_column_text][\/vc_column_inner][vc_column_inner width=&#8221;1\/2&#8243;][vc_single_image image=&#8221;1260062387&#8243; img_size=&#8221;full&#8221; parallax_scroll=&#8221;no&#8221; woodmart_inline=&#8221;no&#8221;][\/vc_column_inner][\/vc_row_inner][\/vc_column][\/vc_row][vc_row][vc_column][vc_column_text woodmart_inline=&#8221;no&#8221; text_larger=&#8221;no&#8221;]<\/p>\n<h4><b>N\u00f5uanded t\u00f6\u00f6elu alustamise taotluse koostamiseks<\/b><\/h4>\n<p><span style=\"font-weight: 400;\">T\u00f6\u00f6le kandideerimine t\u00e4histab uue etapi algust teie elus! N\u00fc\u00fcd konkureerite paljude teiste kandidaatidega, kes on \u00f5pipoisi\u00f5ppest huvitatud. Seet\u00f5ttu on teie taotluse vorm, sisu ja ajastus v\u00e4ga olulised: Teist v\u00f5imalust esmamulje loomiseks ei ole!\u00a0<\/span><\/p>\n<p><span style=\"font-weight: 400;\">Kui soovite oma taotlusega silma paista ja meid veenda, peaksite taotluse koostamisse investeerima aega ja m\u00f5tlema sisule. Tr\u00fckitud n\u00e4idismallid n\u00e4evad v\u00e4lja isikup\u00e4ratud ja eksivad rahvamassi. Sellep\u00e4rast on v\u00e4ga oluline, et m\u00f5tleksite hoolikalt l\u00e4bi, miks olete valinud konkreetse ameti koolituse. Kas teie tugevused vastavad ametijuhendis toodud n\u00f5uetele? Millised on teie unistuste ameti t\u00f6\u00f6\u00fclesanded ja tegevused? \u2013 kas need vastavad teie oskustele ja huvidele? Selgitage oma kandideerimistaotluses ka seda, miks soovite alustada oma koolitust ettev\u00f5ttes MAA intelengineering ja miks olete \u00f5ige kandidaat selle koolituse kohale.<\/span>[\/vc_column_text][vc_single_image image=&#8221;1260062392&#8243; img_size=&#8221;full&#8221; alignment=&#8221;center&#8221; parallax_scroll=&#8221;no&#8221; woodmart_inline=&#8221;no&#8221;][\/vc_column][\/vc_row][vc_row][vc_column width=&#8221;1\/2&#8243;][vc_column_text woodmart_inline=&#8221;no&#8221; text_larger=&#8221;no&#8221;]<\/p>\n<h4><b>J\u00e4\u00e4me suure huviga teie vastust ootama! Nii saate meiega \u00fchendust v\u00f5tta.<\/b><\/h4>\n<p><strong>Kontaktisik<\/strong><\/p>\n<p><span style=\"font-weight: 400;\">Aleksandrs Mihailovs<\/span><\/p>\n<p><span style=\"font-weight: 400;\">Juhatuse liige<\/span><\/p>\n<p><span style=\"font-weight: 400;\">Telefon: + 371 26390398<\/span><\/p>\n<p><span style=\"font-weight: 400;\">maaie@maaie.net<\/span>[\/vc_column_text][\/vc_column][vc_column width=&#8221;1\/2&#8243;][vc_single_image image=&#8221;1260064940&#8243; img_size=&#8221;full&#8221; parallax_scroll=&#8221;no&#8221; woodmart_inline=&#8221;no&#8221;][\/vc_column][\/vc_row]<\/p>\n","protected":false},"excerpt":{"rendered":"<p>[vc_row][vc_column][vc_column_text woodmart_inline=&#8221;no&#8221; text_larger=&#8221;no&#8221;] Erialane koolitus ettev\u00f5ttes MAA intelengineering! Tehnoloogia ja innovatsioon on meie edu eesm\u00e4rgid. Kui teile meeldib t\u00f6\u00f6tamisel oma<\/p>\n","protected":false},"author":1,"featured_media":0,"parent":0,"menu_order":0,"comment_status":"closed","ping_status":"closed","template":"","meta":{"footnotes":""},"class_list":["post-1260063183","page","type-page","status-publish","hentry"],"yoast_head":"<!-- This site is optimized with the Yoast SEO plugin v27.1.1 - https:\/\/yoast.com\/product\/yoast-seo-wordpress\/ -->\n<title>Koolitus ja praktika - My industrial<\/title>\n<meta name=\"robots\" content=\"noindex, follow, max-snippet:-1, max-image-preview:large, max-video-preview:-1\" \/>\n<meta property=\"og:locale\" content=\"et_EE\" \/>\n<meta property=\"og:type\" content=\"article\" \/>\n<meta property=\"og:title\" content=\"Koolitus ja praktika - My industrial\" \/>\n<meta property=\"og:description\" content=\"[vc_row][vc_column][vc_column_text woodmart_inline=&#8221;no&#8221; text_larger=&#8221;no&#8221;] Erialane koolitus ettev\u00f5ttes MAA intelengineering! Tehnoloogia ja innovatsioon on meie edu eesm\u00e4rgid. Kui teile meeldib t\u00f6\u00f6tamisel oma\" \/>\n<meta property=\"og:url\" content=\"https:\/\/dev.myindustrial.eu\/et\/koolitus-ja-praktika\/\" \/>\n<meta property=\"og:site_name\" content=\"My industrial\" \/>\n<meta property=\"article:modified_time\" content=\"2025-02-03T16:13:46+00:00\" \/>\n<meta name=\"twitter:card\" content=\"summary_large_image\" \/>\n<script type=\"application\/ld+json\" class=\"yoast-schema-graph\">{\"@context\":\"https:\/\/schema.org\",\"@graph\":[{\"@type\":\"WebPage\",\"@id\":\"https:\/\/dev.myindustrial.eu\/et\/koolitus-ja-praktika\/\",\"url\":\"https:\/\/dev.myindustrial.eu\/et\/koolitus-ja-praktika\/\",\"name\":\"Koolitus ja praktika - My industrial\",\"isPartOf\":{\"@id\":\"https:\/\/dev.myindustrial.eu\/et\/#website\"},\"datePublished\":\"2022-12-21T16:27:52+00:00\",\"dateModified\":\"2025-02-03T16:13:46+00:00\",\"breadcrumb\":{\"@id\":\"https:\/\/dev.myindustrial.eu\/et\/koolitus-ja-praktika\/#breadcrumb\"},\"inLanguage\":\"et\",\"potentialAction\":[{\"@type\":\"ReadAction\",\"target\":[\"https:\/\/dev.myindustrial.eu\/et\/koolitus-ja-praktika\/\"]}]},{\"@type\":\"BreadcrumbList\",\"@id\":\"https:\/\/dev.myindustrial.eu\/et\/koolitus-ja-praktika\/#breadcrumb\",\"itemListElement\":[{\"@type\":\"ListItem\",\"position\":1,\"name\":\"Home\",\"item\":\"https:\/\/dev.myindustrial.eu\/et\/\"},{\"@type\":\"ListItem\",\"position\":2,\"name\":\"Koolitus ja praktika\"}]},{\"@type\":\"WebSite\",\"@id\":\"https:\/\/dev.myindustrial.eu\/et\/#website\",\"url\":\"https:\/\/dev.myindustrial.eu\/et\/\",\"name\":\"My industrial\",\"description\":\"\",\"potentialAction\":[{\"@type\":\"SearchAction\",\"target\":{\"@type\":\"EntryPoint\",\"urlTemplate\":\"https:\/\/dev.myindustrial.eu\/et\/?s={search_term_string}\"},\"query-input\":{\"@type\":\"PropertyValueSpecification\",\"valueRequired\":true,\"valueName\":\"search_term_string\"}}],\"inLanguage\":\"et\"}]}<\/script>\n<!-- \/ Yoast SEO plugin. -->","yoast_head_json":{"title":"Koolitus ja praktika - My industrial","robots":{"index":"noindex","follow":"follow","max-snippet":"max-snippet:-1","max-image-preview":"max-image-preview:large","max-video-preview":"max-video-preview:-1"},"og_locale":"et_EE","og_type":"article","og_title":"Koolitus ja praktika - My industrial","og_description":"[vc_row][vc_column][vc_column_text woodmart_inline=&#8221;no&#8221; text_larger=&#8221;no&#8221;] Erialane koolitus ettev\u00f5ttes MAA intelengineering! Tehnoloogia ja innovatsioon on meie edu eesm\u00e4rgid. Kui teile meeldib t\u00f6\u00f6tamisel oma","og_url":"https:\/\/dev.myindustrial.eu\/et\/koolitus-ja-praktika\/","og_site_name":"My industrial","article_modified_time":"2025-02-03T16:13:46+00:00","twitter_card":"summary_large_image","schema":{"@context":"https:\/\/schema.org","@graph":[{"@type":"WebPage","@id":"https:\/\/dev.myindustrial.eu\/et\/koolitus-ja-praktika\/","url":"https:\/\/dev.myindustrial.eu\/et\/koolitus-ja-praktika\/","name":"Koolitus ja praktika - My industrial","isPartOf":{"@id":"https:\/\/dev.myindustrial.eu\/et\/#website"},"datePublished":"2022-12-21T16:27:52+00:00","dateModified":"2025-02-03T16:13:46+00:00","breadcrumb":{"@id":"https:\/\/dev.myindustrial.eu\/et\/koolitus-ja-praktika\/#breadcrumb"},"inLanguage":"et","potentialAction":[{"@type":"ReadAction","target":["https:\/\/dev.myindustrial.eu\/et\/koolitus-ja-praktika\/"]}]},{"@type":"BreadcrumbList","@id":"https:\/\/dev.myindustrial.eu\/et\/koolitus-ja-praktika\/#breadcrumb","itemListElement":[{"@type":"ListItem","position":1,"name":"Home","item":"https:\/\/dev.myindustrial.eu\/et\/"},{"@type":"ListItem","position":2,"name":"Koolitus ja praktika"}]},{"@type":"WebSite","@id":"https:\/\/dev.myindustrial.eu\/et\/#website","url":"https:\/\/dev.myindustrial.eu\/et\/","name":"My industrial","description":"","potentialAction":[{"@type":"SearchAction","target":{"@type":"EntryPoint","urlTemplate":"https:\/\/dev.myindustrial.eu\/et\/?s={search_term_string}"},"query-input":{"@type":"PropertyValueSpecification","valueRequired":true,"valueName":"search_term_string"}}],"inLanguage":"et"}]}},"_links":{"self":[{"href":"https:\/\/dev.myindustrial.eu\/et\/wp-json\/wp\/v2\/pages\/1260063183","targetHints":{"allow":["GET"]}}],"collection":[{"href":"https:\/\/dev.myindustrial.eu\/et\/wp-json\/wp\/v2\/pages"}],"about":[{"href":"https:\/\/dev.myindustrial.eu\/et\/wp-json\/wp\/v2\/types\/page"}],"author":[{"embeddable":true,"href":"https:\/\/dev.myindustrial.eu\/et\/wp-json\/wp\/v2\/users\/1"}],"replies":[{"embeddable":true,"href":"https:\/\/dev.myindustrial.eu\/et\/wp-json\/wp\/v2\/comments?post=1260063183"}],"version-history":[{"count":5,"href":"https:\/\/dev.myindustrial.eu\/et\/wp-json\/wp\/v2\/pages\/1260063183\/revisions"}],"predecessor-version":[{"id":1260065716,"href":"https:\/\/dev.myindustrial.eu\/et\/wp-json\/wp\/v2\/pages\/1260063183\/revisions\/1260065716"}],"wp:attachment":[{"href":"https:\/\/dev.myindustrial.eu\/et\/wp-json\/wp\/v2\/media?parent=1260063183"}],"curies":[{"name":"wp","href":"https:\/\/api.w.org\/{rel}","templated":true}]}}