{"id":1260059352,"date":"2022-01-14T02:05:37","date_gmt":"2022-01-14T02:05:37","guid":{"rendered":"https:\/\/dev.myindustrial.eu\/shop-2\/maaratlemata\/halli-potentsiomeeter-n10\/"},"modified":"2023-06-16T20:02:52","modified_gmt":"2023-06-16T20:02:52","slug":"halli-potentsiomeeter-n10","status":"publish","type":"product","link":"https:\/\/dev.myindustrial.eu\/et\/shop\/toostuskontrollerid-juhtkangid-ja-konsoolid\/halli-potentsiomeeter\/halli-potentsiomeeter-n10\/","title":{"rendered":"&#8220;Halli&#8221; potentsiomeeter N10"},"content":{"rendered":"<p>N10 on &#8220;Halli&#8221; potentsiomeeter elektroh\u00fcdrauliliste ja t\u00f5stevahendite jaoks. Pika t\u00f6\u00f6ea ja k\u00f5rge t\u00f6\u00f6kindluse tagab uusim kontaktivaba &#8220;Hall&#8221; tehnoloogia. Integreerida saab kuni 18 kinnipidamispunkti.T\u00f6\u00f6temperatuur -40 \u00b0 C kuni +85 \u00b0 C.Kaitseklass IP67 (elektrooniline).\u00dchildub funktsionaalse turvalisusega PLd (EN ISO 13849, vastab SIL2 standardile DIN EN IEC 61508).<\/p>\n","protected":false},"excerpt":{"rendered":"<p><a href='\/wp-content\/uploads\/gessmann\/N10-GB.pdf'><img decoding=\"async\" src=\"\/wp-content\/uploads\/2023\/02\/download-button-est.svg\" \/><\/a><\/p>\n","protected":false},"featured_media":1260057745,"template":"","meta":[],"product_brand":[],"product_cat":[1354],"product_tag":[],"class_list":{"0":"post-1260059352","1":"product","2":"type-product","3":"status-publish","4":"has-post-thumbnail","6":"product_cat-halli-potentsiomeeter","8":"first","9":"instock","10":"product-type-simple"},"yoast_head":"<!-- This site is optimized with the Yoast SEO plugin v27.1.1 - https:\/\/yoast.com\/product\/yoast-seo-wordpress\/ -->\n<title>&quot;Halli&quot; potentsiomeeter N10 - My industrial<\/title>\n<meta name=\"robots\" content=\"noindex, follow, max-snippet:-1, max-image-preview:large, max-video-preview:-1\" \/>\n<meta property=\"og:locale\" content=\"et_EE\" \/>\n<meta property=\"og:type\" content=\"article\" \/>\n<meta property=\"og:title\" content=\"&quot;Halli&quot; potentsiomeeter N10 - My industrial\" \/>\n<meta property=\"og:url\" content=\"https:\/\/dev.myindustrial.eu\/et\/shop\/toostuskontrollerid-juhtkangid-ja-konsoolid\/halli-potentsiomeeter\/halli-potentsiomeeter-n10\/\" \/>\n<meta property=\"og:site_name\" content=\"My industrial\" \/>\n<meta property=\"article:modified_time\" content=\"2023-06-16T20:02:52+00:00\" \/>\n<meta property=\"og:image\" content=\"https:\/\/dev.myindustrial.eu\/wp-content\/uploads\/2022\/01\/n10.webp\" \/>\n\t<meta property=\"og:image:width\" content=\"500\" \/>\n\t<meta property=\"og:image:height\" content=\"500\" \/>\n\t<meta property=\"og:image:type\" content=\"image\/webp\" \/>\n<meta name=\"twitter:card\" content=\"summary_large_image\" \/>\n<script type=\"application\/ld+json\" class=\"yoast-schema-graph\">{\"@context\":\"https:\/\/schema.org\",\"@graph\":[{\"@type\":\"WebPage\",\"@id\":\"https:\/\/dev.myindustrial.eu\/et\/shop\/toostuskontrollerid-juhtkangid-ja-konsoolid\/halli-potentsiomeeter\/halli-potentsiomeeter-n10\/\",\"url\":\"https:\/\/dev.myindustrial.eu\/et\/shop\/toostuskontrollerid-juhtkangid-ja-konsoolid\/halli-potentsiomeeter\/halli-potentsiomeeter-n10\/\",\"name\":\"\\\"Halli\\\" potentsiomeeter N10 - My industrial\",\"isPartOf\":{\"@id\":\"https:\/\/dev.myindustrial.eu\/et\/#website\"},\"primaryImageOfPage\":{\"@id\":\"https:\/\/dev.myindustrial.eu\/et\/shop\/toostuskontrollerid-juhtkangid-ja-konsoolid\/halli-potentsiomeeter\/halli-potentsiomeeter-n10\/#primaryimage\"},\"image\":{\"@id\":\"https:\/\/dev.myindustrial.eu\/et\/shop\/toostuskontrollerid-juhtkangid-ja-konsoolid\/halli-potentsiomeeter\/halli-potentsiomeeter-n10\/#primaryimage\"},\"thumbnailUrl\":\"https:\/\/dev.myindustrial.eu\/wp-content\/uploads\/2022\/01\/n10.webp\",\"datePublished\":\"2022-01-14T02:05:37+00:00\",\"dateModified\":\"2023-06-16T20:02:52+00:00\",\"breadcrumb\":{\"@id\":\"https:\/\/dev.myindustrial.eu\/et\/shop\/toostuskontrollerid-juhtkangid-ja-konsoolid\/halli-potentsiomeeter\/halli-potentsiomeeter-n10\/#breadcrumb\"},\"inLanguage\":\"et\",\"potentialAction\":[{\"@type\":\"ReadAction\",\"target\":[\"https:\/\/dev.myindustrial.eu\/et\/shop\/toostuskontrollerid-juhtkangid-ja-konsoolid\/halli-potentsiomeeter\/halli-potentsiomeeter-n10\/\"]}]},{\"@type\":\"ImageObject\",\"inLanguage\":\"et\",\"@id\":\"https:\/\/dev.myindustrial.eu\/et\/shop\/toostuskontrollerid-juhtkangid-ja-konsoolid\/halli-potentsiomeeter\/halli-potentsiomeeter-n10\/#primaryimage\",\"url\":\"https:\/\/dev.myindustrial.eu\/wp-content\/uploads\/2022\/01\/n10.webp\",\"contentUrl\":\"https:\/\/dev.myindustrial.eu\/wp-content\/uploads\/2022\/01\/n10.webp\",\"width\":500,\"height\":500},{\"@type\":\"BreadcrumbList\",\"@id\":\"https:\/\/dev.myindustrial.eu\/et\/shop\/toostuskontrollerid-juhtkangid-ja-konsoolid\/halli-potentsiomeeter\/halli-potentsiomeeter-n10\/#breadcrumb\",\"itemListElement\":[{\"@type\":\"ListItem\",\"position\":1,\"name\":\"Home\",\"item\":\"https:\/\/dev.myindustrial.eu\/et\/\"},{\"@type\":\"ListItem\",\"position\":2,\"name\":\"Products\",\"item\":\"https:\/\/dev.myindustrial.eu\/et\/products\/\"},{\"@type\":\"ListItem\",\"position\":3,\"name\":\"&#8220;Halli&#8221; potentsiomeeter N10\"}]},{\"@type\":\"WebSite\",\"@id\":\"https:\/\/dev.myindustrial.eu\/et\/#website\",\"url\":\"https:\/\/dev.myindustrial.eu\/et\/\",\"name\":\"My industrial\",\"description\":\"\",\"potentialAction\":[{\"@type\":\"SearchAction\",\"target\":{\"@type\":\"EntryPoint\",\"urlTemplate\":\"https:\/\/dev.myindustrial.eu\/et\/?s={search_term_string}\"},\"query-input\":{\"@type\":\"PropertyValueSpecification\",\"valueRequired\":true,\"valueName\":\"search_term_string\"}}],\"inLanguage\":\"et\"}]}<\/script>\n<!-- \/ Yoast SEO plugin. -->","yoast_head_json":{"title":"\"Halli\" potentsiomeeter N10 - My industrial","robots":{"index":"noindex","follow":"follow","max-snippet":"max-snippet:-1","max-image-preview":"max-image-preview:large","max-video-preview":"max-video-preview:-1"},"og_locale":"et_EE","og_type":"article","og_title":"\"Halli\" potentsiomeeter N10 - My industrial","og_url":"https:\/\/dev.myindustrial.eu\/et\/shop\/toostuskontrollerid-juhtkangid-ja-konsoolid\/halli-potentsiomeeter\/halli-potentsiomeeter-n10\/","og_site_name":"My industrial","article_modified_time":"2023-06-16T20:02:52+00:00","og_image":[{"width":500,"height":500,"url":"https:\/\/dev.myindustrial.eu\/wp-content\/uploads\/2022\/01\/n10.webp","type":"image\/webp"}],"twitter_card":"summary_large_image","schema":{"@context":"https:\/\/schema.org","@graph":[{"@type":"WebPage","@id":"https:\/\/dev.myindustrial.eu\/et\/shop\/toostuskontrollerid-juhtkangid-ja-konsoolid\/halli-potentsiomeeter\/halli-potentsiomeeter-n10\/","url":"https:\/\/dev.myindustrial.eu\/et\/shop\/toostuskontrollerid-juhtkangid-ja-konsoolid\/halli-potentsiomeeter\/halli-potentsiomeeter-n10\/","name":"\"Halli\" potentsiomeeter N10 - My industrial","isPartOf":{"@id":"https:\/\/dev.myindustrial.eu\/et\/#website"},"primaryImageOfPage":{"@id":"https:\/\/dev.myindustrial.eu\/et\/shop\/toostuskontrollerid-juhtkangid-ja-konsoolid\/halli-potentsiomeeter\/halli-potentsiomeeter-n10\/#primaryimage"},"image":{"@id":"https:\/\/dev.myindustrial.eu\/et\/shop\/toostuskontrollerid-juhtkangid-ja-konsoolid\/halli-potentsiomeeter\/halli-potentsiomeeter-n10\/#primaryimage"},"thumbnailUrl":"https:\/\/dev.myindustrial.eu\/wp-content\/uploads\/2022\/01\/n10.webp","datePublished":"2022-01-14T02:05:37+00:00","dateModified":"2023-06-16T20:02:52+00:00","breadcrumb":{"@id":"https:\/\/dev.myindustrial.eu\/et\/shop\/toostuskontrollerid-juhtkangid-ja-konsoolid\/halli-potentsiomeeter\/halli-potentsiomeeter-n10\/#breadcrumb"},"inLanguage":"et","potentialAction":[{"@type":"ReadAction","target":["https:\/\/dev.myindustrial.eu\/et\/shop\/toostuskontrollerid-juhtkangid-ja-konsoolid\/halli-potentsiomeeter\/halli-potentsiomeeter-n10\/"]}]},{"@type":"ImageObject","inLanguage":"et","@id":"https:\/\/dev.myindustrial.eu\/et\/shop\/toostuskontrollerid-juhtkangid-ja-konsoolid\/halli-potentsiomeeter\/halli-potentsiomeeter-n10\/#primaryimage","url":"https:\/\/dev.myindustrial.eu\/wp-content\/uploads\/2022\/01\/n10.webp","contentUrl":"https:\/\/dev.myindustrial.eu\/wp-content\/uploads\/2022\/01\/n10.webp","width":500,"height":500},{"@type":"BreadcrumbList","@id":"https:\/\/dev.myindustrial.eu\/et\/shop\/toostuskontrollerid-juhtkangid-ja-konsoolid\/halli-potentsiomeeter\/halli-potentsiomeeter-n10\/#breadcrumb","itemListElement":[{"@type":"ListItem","position":1,"name":"Home","item":"https:\/\/dev.myindustrial.eu\/et\/"},{"@type":"ListItem","position":2,"name":"Products","item":"https:\/\/dev.myindustrial.eu\/et\/products\/"},{"@type":"ListItem","position":3,"name":"&#8220;Halli&#8221; potentsiomeeter N10"}]},{"@type":"WebSite","@id":"https:\/\/dev.myindustrial.eu\/et\/#website","url":"https:\/\/dev.myindustrial.eu\/et\/","name":"My industrial","description":"","potentialAction":[{"@type":"SearchAction","target":{"@type":"EntryPoint","urlTemplate":"https:\/\/dev.myindustrial.eu\/et\/?s={search_term_string}"},"query-input":{"@type":"PropertyValueSpecification","valueRequired":true,"valueName":"search_term_string"}}],"inLanguage":"et"}]}},"_links":{"self":[{"href":"https:\/\/dev.myindustrial.eu\/et\/wp-json\/wp\/v2\/product\/1260059352","targetHints":{"allow":["GET"]}}],"collection":[{"href":"https:\/\/dev.myindustrial.eu\/et\/wp-json\/wp\/v2\/product"}],"about":[{"href":"https:\/\/dev.myindustrial.eu\/et\/wp-json\/wp\/v2\/types\/product"}],"version-history":[{"count":0,"href":"https:\/\/dev.myindustrial.eu\/et\/wp-json\/wp\/v2\/product\/1260059352\/revisions"}],"wp:featuredmedia":[{"embeddable":true,"href":"https:\/\/dev.myindustrial.eu\/et\/wp-json\/wp\/v2\/media\/1260057745"}],"wp:attachment":[{"href":"https:\/\/dev.myindustrial.eu\/et\/wp-json\/wp\/v2\/media?parent=1260059352"}],"wp:term":[{"taxonomy":"product_brand","embeddable":true,"href":"https:\/\/dev.myindustrial.eu\/et\/wp-json\/wp\/v2\/product_brand?post=1260059352"},{"taxonomy":"product_cat","embeddable":true,"href":"https:\/\/dev.myindustrial.eu\/et\/wp-json\/wp\/v2\/product_cat?post=1260059352"},{"taxonomy":"product_tag","embeddable":true,"href":"https:\/\/dev.myindustrial.eu\/et\/wp-json\/wp\/v2\/product_tag?post=1260059352"}],"curies":[{"name":"wp","href":"https:\/\/api.w.org\/{rel}","templated":true}]}}