{"id":1260059359,"date":"2022-01-14T02:05:37","date_gmt":"2022-01-14T02:05:37","guid":{"rendered":"https:\/\/dev.myindustrial.eu\/shop-2\/maaratlemata\/kraana-juhtseade-kst5-poorlev\/"},"modified":"2023-06-16T20:02:36","modified_gmt":"2023-06-16T20:02:36","slug":"kraana-juhtseade-kst5-poorlev","status":"publish","type":"product","link":"https:\/\/dev.myindustrial.eu\/et\/shop\/toostuskontrollerid-juhtkangid-ja-konsoolid\/kraana-juhtimissusteemid\/kraana-juhtseadmed\/kraana-juhtseade-kst5-poorlev\/","title":{"rendered":"Kraana juhtseade KST5 p\u00f6\u00f6rlev"},"content":{"rendered":"<p>KST5 on ergonoomilise disainiga p\u00f6\u00f6ratav juhttool, mis pakub k\u00f5rget mugavust.Varustuskarbid on valmistatud lehtterasest ja standardvarustuses on lukustatava hingega kaas. See v\u00f5imaldab h\u00f5lpsat kontrolli ja hooldust. Varustuskarpide k\u00fclg on standardvarustuses kontrollplaadiga, mis on taas lukustatav. Juhtkangi, n\u00e4idikute ja juhtimisseadmete paigutus on kohandatud vastavalt kliendi spetsifikatsioonidele. KST5 kombineeritud kohandatud suurusega ja profiiliga varustuskastid on v\u00e4ga paindlik ja kohandatav lahendus.KST5 on standardvarustuses varustatud istmega KFS11. Iste ise on varustatud h\u00fcdraulilise vibratsiooni neeldumiss\u00fcsteemiga, millel on kaalu reguleerimine, k\u00e4etoed ja peatoed, et tagada mugavus. Iste on v\u00f5imalik katta \u00f5hu l\u00e4bilaskva kunstnahaga.Terasplekist risttala kate koos juhiistmega on ettepoole kokkupandav. Seega on k\u00f5ik juhtmed, klemmid ja puksid kasutuselev\u00f5tu ja hoolduse ajal h\u00f5lpsasti k\u00e4ttesaadavad. P\u00f6\u00f6rlev alus on nullvahelaager ja seda saab lukustada kas fiksaatoriga (standard) 3 \u00b0 sammuga v\u00f5i astmeteta h\u00f5\u00f5rdpiduriga.<\/p>\n","protected":false},"excerpt":{"rendered":"<p><a href=\"\/wp-content\/uploads\/gessmann\/KST5-GB.pdf\"><img decoding=\"async\" src=\"\/wp-content\/uploads\/2023\/02\/download-button-est.svg\" \/><\/a><\/p>\n","protected":false},"featured_media":1260057787,"template":"","meta":[],"product_brand":[],"product_cat":[1336],"product_tag":[],"class_list":{"0":"post-1260059359","1":"product","2":"type-product","3":"status-publish","4":"has-post-thumbnail","6":"product_cat-kraana-juhtseadmed","8":"first","9":"instock","10":"product-type-simple"},"yoast_head":"<!-- This site is optimized with the Yoast SEO plugin v27.1.1 - https:\/\/yoast.com\/product\/yoast-seo-wordpress\/ -->\n<title>Kraana juhtseade KST5 p\u00f6\u00f6rlev - My industrial<\/title>\n<meta name=\"robots\" content=\"noindex, follow, max-snippet:-1, max-image-preview:large, max-video-preview:-1\" \/>\n<meta property=\"og:locale\" content=\"et_EE\" \/>\n<meta property=\"og:type\" content=\"article\" \/>\n<meta property=\"og:title\" content=\"Kraana juhtseade KST5 p\u00f6\u00f6rlev - My industrial\" \/>\n<meta property=\"og:url\" content=\"https:\/\/dev.myindustrial.eu\/et\/shop\/toostuskontrollerid-juhtkangid-ja-konsoolid\/kraana-juhtimissusteemid\/kraana-juhtseadmed\/kraana-juhtseade-kst5-poorlev\/\" \/>\n<meta property=\"og:site_name\" content=\"My industrial\" \/>\n<meta property=\"article:modified_time\" content=\"2023-06-16T20:02:36+00:00\" \/>\n<meta property=\"og:image\" content=\"https:\/\/dev.myindustrial.eu\/wp-content\/uploads\/2022\/01\/KST5.webp\" \/>\n\t<meta property=\"og:image:width\" content=\"500\" \/>\n\t<meta property=\"og:image:height\" content=\"500\" \/>\n\t<meta property=\"og:image:type\" content=\"image\/webp\" \/>\n<meta name=\"twitter:card\" content=\"summary_large_image\" \/>\n<script type=\"application\/ld+json\" class=\"yoast-schema-graph\">{\"@context\":\"https:\/\/schema.org\",\"@graph\":[{\"@type\":\"WebPage\",\"@id\":\"https:\/\/dev.myindustrial.eu\/et\/shop\/toostuskontrollerid-juhtkangid-ja-konsoolid\/kraana-juhtimissusteemid\/kraana-juhtseadmed\/kraana-juhtseade-kst5-poorlev\/\",\"url\":\"https:\/\/dev.myindustrial.eu\/et\/shop\/toostuskontrollerid-juhtkangid-ja-konsoolid\/kraana-juhtimissusteemid\/kraana-juhtseadmed\/kraana-juhtseade-kst5-poorlev\/\",\"name\":\"Kraana juhtseade KST5 p\u00f6\u00f6rlev - My industrial\",\"isPartOf\":{\"@id\":\"https:\/\/dev.myindustrial.eu\/et\/#website\"},\"primaryImageOfPage\":{\"@id\":\"https:\/\/dev.myindustrial.eu\/et\/shop\/toostuskontrollerid-juhtkangid-ja-konsoolid\/kraana-juhtimissusteemid\/kraana-juhtseadmed\/kraana-juhtseade-kst5-poorlev\/#primaryimage\"},\"image\":{\"@id\":\"https:\/\/dev.myindustrial.eu\/et\/shop\/toostuskontrollerid-juhtkangid-ja-konsoolid\/kraana-juhtimissusteemid\/kraana-juhtseadmed\/kraana-juhtseade-kst5-poorlev\/#primaryimage\"},\"thumbnailUrl\":\"https:\/\/dev.myindustrial.eu\/wp-content\/uploads\/2022\/01\/KST5.webp\",\"datePublished\":\"2022-01-14T02:05:37+00:00\",\"dateModified\":\"2023-06-16T20:02:36+00:00\",\"breadcrumb\":{\"@id\":\"https:\/\/dev.myindustrial.eu\/et\/shop\/toostuskontrollerid-juhtkangid-ja-konsoolid\/kraana-juhtimissusteemid\/kraana-juhtseadmed\/kraana-juhtseade-kst5-poorlev\/#breadcrumb\"},\"inLanguage\":\"et\",\"potentialAction\":[{\"@type\":\"ReadAction\",\"target\":[\"https:\/\/dev.myindustrial.eu\/et\/shop\/toostuskontrollerid-juhtkangid-ja-konsoolid\/kraana-juhtimissusteemid\/kraana-juhtseadmed\/kraana-juhtseade-kst5-poorlev\/\"]}]},{\"@type\":\"ImageObject\",\"inLanguage\":\"et\",\"@id\":\"https:\/\/dev.myindustrial.eu\/et\/shop\/toostuskontrollerid-juhtkangid-ja-konsoolid\/kraana-juhtimissusteemid\/kraana-juhtseadmed\/kraana-juhtseade-kst5-poorlev\/#primaryimage\",\"url\":\"https:\/\/dev.myindustrial.eu\/wp-content\/uploads\/2022\/01\/KST5.webp\",\"contentUrl\":\"https:\/\/dev.myindustrial.eu\/wp-content\/uploads\/2022\/01\/KST5.webp\",\"width\":500,\"height\":500},{\"@type\":\"BreadcrumbList\",\"@id\":\"https:\/\/dev.myindustrial.eu\/et\/shop\/toostuskontrollerid-juhtkangid-ja-konsoolid\/kraana-juhtimissusteemid\/kraana-juhtseadmed\/kraana-juhtseade-kst5-poorlev\/#breadcrumb\",\"itemListElement\":[{\"@type\":\"ListItem\",\"position\":1,\"name\":\"Home\",\"item\":\"https:\/\/dev.myindustrial.eu\/et\/\"},{\"@type\":\"ListItem\",\"position\":2,\"name\":\"Products\",\"item\":\"https:\/\/dev.myindustrial.eu\/et\/products\/\"},{\"@type\":\"ListItem\",\"position\":3,\"name\":\"Kraana juhtseade KST5 p\u00f6\u00f6rlev\"}]},{\"@type\":\"WebSite\",\"@id\":\"https:\/\/dev.myindustrial.eu\/et\/#website\",\"url\":\"https:\/\/dev.myindustrial.eu\/et\/\",\"name\":\"My industrial\",\"description\":\"\",\"potentialAction\":[{\"@type\":\"SearchAction\",\"target\":{\"@type\":\"EntryPoint\",\"urlTemplate\":\"https:\/\/dev.myindustrial.eu\/et\/?s={search_term_string}\"},\"query-input\":{\"@type\":\"PropertyValueSpecification\",\"valueRequired\":true,\"valueName\":\"search_term_string\"}}],\"inLanguage\":\"et\"}]}<\/script>\n<!-- \/ Yoast SEO plugin. -->","yoast_head_json":{"title":"Kraana juhtseade KST5 p\u00f6\u00f6rlev - My industrial","robots":{"index":"noindex","follow":"follow","max-snippet":"max-snippet:-1","max-image-preview":"max-image-preview:large","max-video-preview":"max-video-preview:-1"},"og_locale":"et_EE","og_type":"article","og_title":"Kraana juhtseade KST5 p\u00f6\u00f6rlev - My industrial","og_url":"https:\/\/dev.myindustrial.eu\/et\/shop\/toostuskontrollerid-juhtkangid-ja-konsoolid\/kraana-juhtimissusteemid\/kraana-juhtseadmed\/kraana-juhtseade-kst5-poorlev\/","og_site_name":"My industrial","article_modified_time":"2023-06-16T20:02:36+00:00","og_image":[{"width":500,"height":500,"url":"https:\/\/dev.myindustrial.eu\/wp-content\/uploads\/2022\/01\/KST5.webp","type":"image\/webp"}],"twitter_card":"summary_large_image","schema":{"@context":"https:\/\/schema.org","@graph":[{"@type":"WebPage","@id":"https:\/\/dev.myindustrial.eu\/et\/shop\/toostuskontrollerid-juhtkangid-ja-konsoolid\/kraana-juhtimissusteemid\/kraana-juhtseadmed\/kraana-juhtseade-kst5-poorlev\/","url":"https:\/\/dev.myindustrial.eu\/et\/shop\/toostuskontrollerid-juhtkangid-ja-konsoolid\/kraana-juhtimissusteemid\/kraana-juhtseadmed\/kraana-juhtseade-kst5-poorlev\/","name":"Kraana juhtseade KST5 p\u00f6\u00f6rlev - My industrial","isPartOf":{"@id":"https:\/\/dev.myindustrial.eu\/et\/#website"},"primaryImageOfPage":{"@id":"https:\/\/dev.myindustrial.eu\/et\/shop\/toostuskontrollerid-juhtkangid-ja-konsoolid\/kraana-juhtimissusteemid\/kraana-juhtseadmed\/kraana-juhtseade-kst5-poorlev\/#primaryimage"},"image":{"@id":"https:\/\/dev.myindustrial.eu\/et\/shop\/toostuskontrollerid-juhtkangid-ja-konsoolid\/kraana-juhtimissusteemid\/kraana-juhtseadmed\/kraana-juhtseade-kst5-poorlev\/#primaryimage"},"thumbnailUrl":"https:\/\/dev.myindustrial.eu\/wp-content\/uploads\/2022\/01\/KST5.webp","datePublished":"2022-01-14T02:05:37+00:00","dateModified":"2023-06-16T20:02:36+00:00","breadcrumb":{"@id":"https:\/\/dev.myindustrial.eu\/et\/shop\/toostuskontrollerid-juhtkangid-ja-konsoolid\/kraana-juhtimissusteemid\/kraana-juhtseadmed\/kraana-juhtseade-kst5-poorlev\/#breadcrumb"},"inLanguage":"et","potentialAction":[{"@type":"ReadAction","target":["https:\/\/dev.myindustrial.eu\/et\/shop\/toostuskontrollerid-juhtkangid-ja-konsoolid\/kraana-juhtimissusteemid\/kraana-juhtseadmed\/kraana-juhtseade-kst5-poorlev\/"]}]},{"@type":"ImageObject","inLanguage":"et","@id":"https:\/\/dev.myindustrial.eu\/et\/shop\/toostuskontrollerid-juhtkangid-ja-konsoolid\/kraana-juhtimissusteemid\/kraana-juhtseadmed\/kraana-juhtseade-kst5-poorlev\/#primaryimage","url":"https:\/\/dev.myindustrial.eu\/wp-content\/uploads\/2022\/01\/KST5.webp","contentUrl":"https:\/\/dev.myindustrial.eu\/wp-content\/uploads\/2022\/01\/KST5.webp","width":500,"height":500},{"@type":"BreadcrumbList","@id":"https:\/\/dev.myindustrial.eu\/et\/shop\/toostuskontrollerid-juhtkangid-ja-konsoolid\/kraana-juhtimissusteemid\/kraana-juhtseadmed\/kraana-juhtseade-kst5-poorlev\/#breadcrumb","itemListElement":[{"@type":"ListItem","position":1,"name":"Home","item":"https:\/\/dev.myindustrial.eu\/et\/"},{"@type":"ListItem","position":2,"name":"Products","item":"https:\/\/dev.myindustrial.eu\/et\/products\/"},{"@type":"ListItem","position":3,"name":"Kraana juhtseade KST5 p\u00f6\u00f6rlev"}]},{"@type":"WebSite","@id":"https:\/\/dev.myindustrial.eu\/et\/#website","url":"https:\/\/dev.myindustrial.eu\/et\/","name":"My industrial","description":"","potentialAction":[{"@type":"SearchAction","target":{"@type":"EntryPoint","urlTemplate":"https:\/\/dev.myindustrial.eu\/et\/?s={search_term_string}"},"query-input":{"@type":"PropertyValueSpecification","valueRequired":true,"valueName":"search_term_string"}}],"inLanguage":"et"}]}},"_links":{"self":[{"href":"https:\/\/dev.myindustrial.eu\/et\/wp-json\/wp\/v2\/product\/1260059359","targetHints":{"allow":["GET"]}}],"collection":[{"href":"https:\/\/dev.myindustrial.eu\/et\/wp-json\/wp\/v2\/product"}],"about":[{"href":"https:\/\/dev.myindustrial.eu\/et\/wp-json\/wp\/v2\/types\/product"}],"version-history":[{"count":0,"href":"https:\/\/dev.myindustrial.eu\/et\/wp-json\/wp\/v2\/product\/1260059359\/revisions"}],"wp:featuredmedia":[{"embeddable":true,"href":"https:\/\/dev.myindustrial.eu\/et\/wp-json\/wp\/v2\/media\/1260057787"}],"wp:attachment":[{"href":"https:\/\/dev.myindustrial.eu\/et\/wp-json\/wp\/v2\/media?parent=1260059359"}],"wp:term":[{"taxonomy":"product_brand","embeddable":true,"href":"https:\/\/dev.myindustrial.eu\/et\/wp-json\/wp\/v2\/product_brand?post=1260059359"},{"taxonomy":"product_cat","embeddable":true,"href":"https:\/\/dev.myindustrial.eu\/et\/wp-json\/wp\/v2\/product_cat?post=1260059359"},{"taxonomy":"product_tag","embeddable":true,"href":"https:\/\/dev.myindustrial.eu\/et\/wp-json\/wp\/v2\/product_tag?post=1260059359"}],"curies":[{"name":"wp","href":"https:\/\/api.w.org\/{rel}","templated":true}]}}