{"id":1260059374,"date":"2022-01-14T01:36:05","date_gmt":"2022-01-14T02:05:45","guid":{"rendered":"https:\/\/dev.myindustrial.eu\/shop-2\/maaratlemata\/alalisvoolu-kontakt-so-ss\/"},"modified":"2024-02-06T16:52:01","modified_gmt":"2024-02-06T16:52:01","slug":"alalisvoolu-kontakt-so-ss","status":"publish","type":"product","link":"https:\/\/dev.myindustrial.eu\/et\/shop\/toostuskontrollerid-juhtkangid-ja-konsoolid\/toostuslikud-juhtlulitid\/alalisvoolu-kontakt-so-ss\/","title":{"rendered":"Alalisvoolu kontakt SO \/ SS"},"content":{"rendered":"<div>\n<p>\n<a href=\"\/wp-content\/uploads\/2022\/01\/so-1.10-ss1.10-gb.pdf\" target=\"_blank\" rel=\"noopener\"><\/p>\n<p><img decoding=\"async\" src=\"\/wp-content\/uploads\/2023\/02\/download-button-est.svg\" alt=\"\" height=\"51\" \/><\/p>\n<p><\/a>\n<\/p>\n<\/div>\n","protected":false},"excerpt":{"rendered":"<p><span style=\"font-weight: 400;\">SO 1.10 Tavaliselt avatud (NO)<\/span><\/p>\n<p><span style=\"font-weight: 400;\">SS 1.10 Tavaliselt suletud (NC)<\/span><\/p>\n<p>&nbsp;<\/p>\n<p><span style=\"font-weight: 400;\">Alalisvoolu kontakti kasutatakse signaali t\u00f6\u00f6ks ja kuulutusrakendusteks. L\u00fclitusmehhanism hoiab \u00e4ra kontakti aeglase avanemise, kui kolvi kasutatakse aeglaselt. Alalisvooluga tekkiva kaare summutamist toetavad kahe v\u00f5imsusega p\u00fcsimagnetid.<\/span><\/p>\n<p><span style=\"font-weight: 400;\">Need on paigutatud nii, et +\/- kaablite \u00fchendamisel saab polaarsust ignoreerida. K\u00fcll aga tuleb kontaktide paigaldamisel t\u00e4helepanu p\u00f6\u00f6rata karastusmagnetite polaarsusele, et magnetid \u00fcksteist negatiivselt ei m\u00f5jutaks. Paigaldatud magnetite polaarsuse tuvastamiseks on saadaval nelja erinevat v\u00e4rvi kontaktid.<\/span><\/p>\n<p><span style=\"font-weight: 400;\">Kontakti tohib paigaldada ainult mittemagnetiseeritavatele materjalidele, millel on v\u00e4rvilisest metallist kruvi vms.<\/span><\/p>\n<p><span style=\"font-weight: 400;\">Isepuhastuvad h\u00f5bedased kontaktid on m\u00f5eldud madala l\u00fclitussageduse, madalate voolude ja pingete jaoks. Tarnida saab kullaga kaetud kontakte (umbes 0,2\u03bc), n\u00f5utav on alla 42 V. Kruvi\u00fchendus M3.5 k\u00fcljel sobib 2 juhile max. 2,5 mm\u00b2. Pistik\u00fchendus \u00fclaosas 4,8 x 0,8 mm DIN 46247.<\/span><\/p>\n<p><span style=\"font-weight: 400;\">Mitu kontakti saab \u00fchendada \u00fcksteise peale ja kasutada \u00fchiselt. Pistikklemmidele on sel juhul juurdep\u00e4\u00e4s ainult \u00fclemisel seadmel. Kontaktid v\u00f5ivad olla varustatud l\u00f6\u00f6gikaitsega vastavalt DIN VDE 0106 osale 100.<\/span><\/p>\n","protected":false},"featured_media":1260057877,"template":"","meta":[],"product_brand":[],"product_cat":[1355],"product_tag":[],"class_list":{"0":"post-1260059374","1":"product","2":"type-product","3":"status-publish","4":"has-post-thumbnail","6":"product_cat-toostuslikud-juhtlulitid","8":"first","9":"instock","10":"product-type-simple"},"yoast_head":"<!-- This site is optimized with the Yoast SEO plugin v27.1.1 - https:\/\/yoast.com\/product\/yoast-seo-wordpress\/ -->\n<title>Alalisvoolu kontakt SO \/ SS - My industrial<\/title>\n<meta name=\"robots\" content=\"noindex, follow, max-snippet:-1, max-image-preview:large, max-video-preview:-1\" \/>\n<meta property=\"og:locale\" content=\"et_EE\" \/>\n<meta property=\"og:type\" content=\"article\" \/>\n<meta property=\"og:title\" content=\"Alalisvoolu kontakt SO \/ SS - My industrial\" \/>\n<meta property=\"og:description\" content=\"SO 1.10 Tavaliselt avatud (NO)  SS 1.10 Tavaliselt suletud (NC)  &nbsp;  Alalisvoolu kontakti kasutatakse signaali t\u00f6\u00f6ks ja kuulutusrakendusteks. L\u00fclitusmehhanism hoiab \u00e4ra kontakti aeglase avanemise, kui kolvi kasutatakse aeglaselt. Alalisvooluga tekkiva kaare summutamist toetavad kahe v\u00f5imsusega p\u00fcsimagnetid.  Need on paigutatud nii, et +\/- kaablite \u00fchendamisel saab polaarsust ignoreerida. K\u00fcll aga tuleb kontaktide paigaldamisel t\u00e4helepanu p\u00f6\u00f6rata karastusmagnetite polaarsusele, et magnetid \u00fcksteist negatiivselt ei m\u00f5jutaks. Paigaldatud magnetite polaarsuse tuvastamiseks on saadaval nelja erinevat v\u00e4rvi kontaktid.  Kontakti tohib paigaldada ainult mittemagnetiseeritavatele materjalidele, millel on v\u00e4rvilisest metallist kruvi vms.  Isepuhastuvad h\u00f5bedased kontaktid on m\u00f5eldud madala l\u00fclitussageduse, madalate voolude ja pingete jaoks. Tarnida saab kullaga kaetud kontakte (umbes 0,2\u03bc), n\u00f5utav on alla 42 V. Kruvi\u00fchendus M3.5 k\u00fcljel sobib 2 juhile max. 2,5 mm\u00b2. Pistik\u00fchendus \u00fclaosas 4,8 x 0,8 mm DIN 46247.  Mitu kontakti saab \u00fchendada \u00fcksteise peale ja kasutada \u00fchiselt. Pistikklemmidele on sel juhul juurdep\u00e4\u00e4s ainult \u00fclemisel seadmel. Kontaktid v\u00f5ivad olla varustatud l\u00f6\u00f6gikaitsega vastavalt DIN VDE 0106 osale 100.\" \/>\n<meta property=\"og:url\" content=\"https:\/\/dev.myindustrial.eu\/et\/shop\/toostuskontrollerid-juhtkangid-ja-konsoolid\/toostuslikud-juhtlulitid\/alalisvoolu-kontakt-so-ss\/\" \/>\n<meta property=\"og:site_name\" content=\"My industrial\" \/>\n<meta property=\"article:modified_time\" content=\"2024-02-06T16:52:01+00:00\" \/>\n<meta property=\"og:image\" content=\"https:\/\/dev.myindustrial.eu\/wp-content\/uploads\/2022\/01\/so-ss.webp\" \/>\n\t<meta property=\"og:image:width\" content=\"500\" \/>\n\t<meta property=\"og:image:height\" content=\"500\" \/>\n\t<meta property=\"og:image:type\" content=\"image\/webp\" \/>\n<meta name=\"twitter:card\" content=\"summary_large_image\" \/>\n<script type=\"application\/ld+json\" class=\"yoast-schema-graph\">{\"@context\":\"https:\/\/schema.org\",\"@graph\":[{\"@type\":\"WebPage\",\"@id\":\"https:\/\/dev.myindustrial.eu\/et\/shop\/toostuskontrollerid-juhtkangid-ja-konsoolid\/toostuslikud-juhtlulitid\/alalisvoolu-kontakt-so-ss\/\",\"url\":\"https:\/\/dev.myindustrial.eu\/et\/shop\/toostuskontrollerid-juhtkangid-ja-konsoolid\/toostuslikud-juhtlulitid\/alalisvoolu-kontakt-so-ss\/\",\"name\":\"Alalisvoolu kontakt SO \/ SS - My industrial\",\"isPartOf\":{\"@id\":\"https:\/\/dev.myindustrial.eu\/et\/#website\"},\"primaryImageOfPage\":{\"@id\":\"https:\/\/dev.myindustrial.eu\/et\/shop\/toostuskontrollerid-juhtkangid-ja-konsoolid\/toostuslikud-juhtlulitid\/alalisvoolu-kontakt-so-ss\/#primaryimage\"},\"image\":{\"@id\":\"https:\/\/dev.myindustrial.eu\/et\/shop\/toostuskontrollerid-juhtkangid-ja-konsoolid\/toostuslikud-juhtlulitid\/alalisvoolu-kontakt-so-ss\/#primaryimage\"},\"thumbnailUrl\":\"https:\/\/dev.myindustrial.eu\/wp-content\/uploads\/2022\/01\/so-ss.webp\",\"datePublished\":\"2022-01-14T02:05:45+00:00\",\"dateModified\":\"2024-02-06T16:52:01+00:00\",\"breadcrumb\":{\"@id\":\"https:\/\/dev.myindustrial.eu\/et\/shop\/toostuskontrollerid-juhtkangid-ja-konsoolid\/toostuslikud-juhtlulitid\/alalisvoolu-kontakt-so-ss\/#breadcrumb\"},\"inLanguage\":\"et\",\"potentialAction\":[{\"@type\":\"ReadAction\",\"target\":[\"https:\/\/dev.myindustrial.eu\/et\/shop\/toostuskontrollerid-juhtkangid-ja-konsoolid\/toostuslikud-juhtlulitid\/alalisvoolu-kontakt-so-ss\/\"]}]},{\"@type\":\"ImageObject\",\"inLanguage\":\"et\",\"@id\":\"https:\/\/dev.myindustrial.eu\/et\/shop\/toostuskontrollerid-juhtkangid-ja-konsoolid\/toostuslikud-juhtlulitid\/alalisvoolu-kontakt-so-ss\/#primaryimage\",\"url\":\"https:\/\/dev.myindustrial.eu\/wp-content\/uploads\/2022\/01\/so-ss.webp\",\"contentUrl\":\"https:\/\/dev.myindustrial.eu\/wp-content\/uploads\/2022\/01\/so-ss.webp\",\"width\":500,\"height\":500},{\"@type\":\"BreadcrumbList\",\"@id\":\"https:\/\/dev.myindustrial.eu\/et\/shop\/toostuskontrollerid-juhtkangid-ja-konsoolid\/toostuslikud-juhtlulitid\/alalisvoolu-kontakt-so-ss\/#breadcrumb\",\"itemListElement\":[{\"@type\":\"ListItem\",\"position\":1,\"name\":\"Home\",\"item\":\"https:\/\/dev.myindustrial.eu\/et\/\"},{\"@type\":\"ListItem\",\"position\":2,\"name\":\"Products\",\"item\":\"https:\/\/dev.myindustrial.eu\/et\/products\/\"},{\"@type\":\"ListItem\",\"position\":3,\"name\":\"Alalisvoolu kontakt SO \/ SS\"}]},{\"@type\":\"WebSite\",\"@id\":\"https:\/\/dev.myindustrial.eu\/et\/#website\",\"url\":\"https:\/\/dev.myindustrial.eu\/et\/\",\"name\":\"My industrial\",\"description\":\"\",\"potentialAction\":[{\"@type\":\"SearchAction\",\"target\":{\"@type\":\"EntryPoint\",\"urlTemplate\":\"https:\/\/dev.myindustrial.eu\/et\/?s={search_term_string}\"},\"query-input\":{\"@type\":\"PropertyValueSpecification\",\"valueRequired\":true,\"valueName\":\"search_term_string\"}}],\"inLanguage\":\"et\"}]}<\/script>\n<!-- \/ Yoast SEO plugin. -->","yoast_head_json":{"title":"Alalisvoolu kontakt SO \/ SS - My industrial","robots":{"index":"noindex","follow":"follow","max-snippet":"max-snippet:-1","max-image-preview":"max-image-preview:large","max-video-preview":"max-video-preview:-1"},"og_locale":"et_EE","og_type":"article","og_title":"Alalisvoolu kontakt SO \/ SS - My industrial","og_description":"SO 1.10 Tavaliselt avatud (NO)  SS 1.10 Tavaliselt suletud (NC)  &nbsp;  Alalisvoolu kontakti kasutatakse signaali t\u00f6\u00f6ks ja kuulutusrakendusteks. L\u00fclitusmehhanism hoiab \u00e4ra kontakti aeglase avanemise, kui kolvi kasutatakse aeglaselt. Alalisvooluga tekkiva kaare summutamist toetavad kahe v\u00f5imsusega p\u00fcsimagnetid.  Need on paigutatud nii, et +\/- kaablite \u00fchendamisel saab polaarsust ignoreerida. K\u00fcll aga tuleb kontaktide paigaldamisel t\u00e4helepanu p\u00f6\u00f6rata karastusmagnetite polaarsusele, et magnetid \u00fcksteist negatiivselt ei m\u00f5jutaks. Paigaldatud magnetite polaarsuse tuvastamiseks on saadaval nelja erinevat v\u00e4rvi kontaktid.  Kontakti tohib paigaldada ainult mittemagnetiseeritavatele materjalidele, millel on v\u00e4rvilisest metallist kruvi vms.  Isepuhastuvad h\u00f5bedased kontaktid on m\u00f5eldud madala l\u00fclitussageduse, madalate voolude ja pingete jaoks. Tarnida saab kullaga kaetud kontakte (umbes 0,2\u03bc), n\u00f5utav on alla 42 V. Kruvi\u00fchendus M3.5 k\u00fcljel sobib 2 juhile max. 2,5 mm\u00b2. Pistik\u00fchendus \u00fclaosas 4,8 x 0,8 mm DIN 46247.  Mitu kontakti saab \u00fchendada \u00fcksteise peale ja kasutada \u00fchiselt. Pistikklemmidele on sel juhul juurdep\u00e4\u00e4s ainult \u00fclemisel seadmel. Kontaktid v\u00f5ivad olla varustatud l\u00f6\u00f6gikaitsega vastavalt DIN VDE 0106 osale 100.","og_url":"https:\/\/dev.myindustrial.eu\/et\/shop\/toostuskontrollerid-juhtkangid-ja-konsoolid\/toostuslikud-juhtlulitid\/alalisvoolu-kontakt-so-ss\/","og_site_name":"My industrial","article_modified_time":"2024-02-06T16:52:01+00:00","og_image":[{"width":500,"height":500,"url":"https:\/\/dev.myindustrial.eu\/wp-content\/uploads\/2022\/01\/so-ss.webp","type":"image\/webp"}],"twitter_card":"summary_large_image","schema":{"@context":"https:\/\/schema.org","@graph":[{"@type":"WebPage","@id":"https:\/\/dev.myindustrial.eu\/et\/shop\/toostuskontrollerid-juhtkangid-ja-konsoolid\/toostuslikud-juhtlulitid\/alalisvoolu-kontakt-so-ss\/","url":"https:\/\/dev.myindustrial.eu\/et\/shop\/toostuskontrollerid-juhtkangid-ja-konsoolid\/toostuslikud-juhtlulitid\/alalisvoolu-kontakt-so-ss\/","name":"Alalisvoolu kontakt SO \/ SS - My industrial","isPartOf":{"@id":"https:\/\/dev.myindustrial.eu\/et\/#website"},"primaryImageOfPage":{"@id":"https:\/\/dev.myindustrial.eu\/et\/shop\/toostuskontrollerid-juhtkangid-ja-konsoolid\/toostuslikud-juhtlulitid\/alalisvoolu-kontakt-so-ss\/#primaryimage"},"image":{"@id":"https:\/\/dev.myindustrial.eu\/et\/shop\/toostuskontrollerid-juhtkangid-ja-konsoolid\/toostuslikud-juhtlulitid\/alalisvoolu-kontakt-so-ss\/#primaryimage"},"thumbnailUrl":"https:\/\/dev.myindustrial.eu\/wp-content\/uploads\/2022\/01\/so-ss.webp","datePublished":"2022-01-14T02:05:45+00:00","dateModified":"2024-02-06T16:52:01+00:00","breadcrumb":{"@id":"https:\/\/dev.myindustrial.eu\/et\/shop\/toostuskontrollerid-juhtkangid-ja-konsoolid\/toostuslikud-juhtlulitid\/alalisvoolu-kontakt-so-ss\/#breadcrumb"},"inLanguage":"et","potentialAction":[{"@type":"ReadAction","target":["https:\/\/dev.myindustrial.eu\/et\/shop\/toostuskontrollerid-juhtkangid-ja-konsoolid\/toostuslikud-juhtlulitid\/alalisvoolu-kontakt-so-ss\/"]}]},{"@type":"ImageObject","inLanguage":"et","@id":"https:\/\/dev.myindustrial.eu\/et\/shop\/toostuskontrollerid-juhtkangid-ja-konsoolid\/toostuslikud-juhtlulitid\/alalisvoolu-kontakt-so-ss\/#primaryimage","url":"https:\/\/dev.myindustrial.eu\/wp-content\/uploads\/2022\/01\/so-ss.webp","contentUrl":"https:\/\/dev.myindustrial.eu\/wp-content\/uploads\/2022\/01\/so-ss.webp","width":500,"height":500},{"@type":"BreadcrumbList","@id":"https:\/\/dev.myindustrial.eu\/et\/shop\/toostuskontrollerid-juhtkangid-ja-konsoolid\/toostuslikud-juhtlulitid\/alalisvoolu-kontakt-so-ss\/#breadcrumb","itemListElement":[{"@type":"ListItem","position":1,"name":"Home","item":"https:\/\/dev.myindustrial.eu\/et\/"},{"@type":"ListItem","position":2,"name":"Products","item":"https:\/\/dev.myindustrial.eu\/et\/products\/"},{"@type":"ListItem","position":3,"name":"Alalisvoolu kontakt SO \/ SS"}]},{"@type":"WebSite","@id":"https:\/\/dev.myindustrial.eu\/et\/#website","url":"https:\/\/dev.myindustrial.eu\/et\/","name":"My industrial","description":"","potentialAction":[{"@type":"SearchAction","target":{"@type":"EntryPoint","urlTemplate":"https:\/\/dev.myindustrial.eu\/et\/?s={search_term_string}"},"query-input":{"@type":"PropertyValueSpecification","valueRequired":true,"valueName":"search_term_string"}}],"inLanguage":"et"}]}},"_links":{"self":[{"href":"https:\/\/dev.myindustrial.eu\/et\/wp-json\/wp\/v2\/product\/1260059374","targetHints":{"allow":["GET"]}}],"collection":[{"href":"https:\/\/dev.myindustrial.eu\/et\/wp-json\/wp\/v2\/product"}],"about":[{"href":"https:\/\/dev.myindustrial.eu\/et\/wp-json\/wp\/v2\/types\/product"}],"version-history":[{"count":1,"href":"https:\/\/dev.myindustrial.eu\/et\/wp-json\/wp\/v2\/product\/1260059374\/revisions"}],"predecessor-version":[{"id":1260061004,"href":"https:\/\/dev.myindustrial.eu\/et\/wp-json\/wp\/v2\/product\/1260059374\/revisions\/1260061004"}],"wp:featuredmedia":[{"embeddable":true,"href":"https:\/\/dev.myindustrial.eu\/et\/wp-json\/wp\/v2\/media\/1260057877"}],"wp:attachment":[{"href":"https:\/\/dev.myindustrial.eu\/et\/wp-json\/wp\/v2\/media?parent=1260059374"}],"wp:term":[{"taxonomy":"product_brand","embeddable":true,"href":"https:\/\/dev.myindustrial.eu\/et\/wp-json\/wp\/v2\/product_brand?post=1260059374"},{"taxonomy":"product_cat","embeddable":true,"href":"https:\/\/dev.myindustrial.eu\/et\/wp-json\/wp\/v2\/product_cat?post=1260059374"},{"taxonomy":"product_tag","embeddable":true,"href":"https:\/\/dev.myindustrial.eu\/et\/wp-json\/wp\/v2\/product_tag?post=1260059374"}],"curies":[{"name":"wp","href":"https:\/\/api.w.org\/{rel}","templated":true}]}}