{"id":1260059382,"date":"2022-01-14T02:05:45","date_gmt":"2022-01-14T02:05:45","guid":{"rendered":"https:\/\/dev.myindustrial.eu\/shop-2\/maaratlemata\/peajuhtimisuksus-mc-01-regionaalrong\/"},"modified":"2023-06-16T20:01:46","modified_gmt":"2023-06-16T20:01:46","slug":"peajuhtimisuksus-mc-01-regionaalrong","status":"publish","type":"product","link":"https:\/\/dev.myindustrial.eu\/et\/shop\/toostuskontrollerid-juhtkangid-ja-konsoolid\/raudteetranspordi-juhtimisseadmed-en-50155-ja-en-45545\/peajuhtimisuksus-mc-01-regionaalrong\/","title":{"rendered":"Peajuhtimis\u00fcksus MC 01 \u2013 Regionaalrong"},"content":{"rendered":"<p>Gessmanni peakontrolleris\u00fcsteem TBC 01, MC 01 on spetsiaalselt ette n\u00e4htud kasutamiseks raudteeseadmetes. Nende tugev disain, mis p\u00f5hineb asjakohastel standarditel EN-60077, UIC 612 ja EN-50155, tagab madalad olelusringikulud ja hooldatavuse 35 aasta jooksul.V\u00e4listemperatuur s\u00f5idukist: -40\u00b0C kuni +50\u00b0C-&gt;EN 50155. Klass T1, T2, T3, TX.Nimitoitepinge: 24\/ 72\/ 110VDC variatsioonidega vastavalt EN 50155.L\u00f6\u00f6k ja vibratsioon: Vastavalt EN 61373.Elektromagnetiline \u00fchilduvus (EMC): Vastavalt EN 50121-3-2Isolatsiooni ja k\u00f5rgepinge test: Vastavalt standardile EN 50155Reostusaste: PD 3 vastavalt standardile EN 60077-1 (muud n\u00f5udmisel)Tuli ja suits: vastab standardile EN 45545 (HL3) (muud n\u00f5udmisel)Elektriline vastupidavus: minimaalne t\u00f6\u00f6ts\u00fckli klass C3\/A3 vastavalt standardile EN 60077-2Peakontrollerit kasutatakse raudteeveeremi juhendamise elemendina. Seda saab jagada kolmeks p\u00f5hikomponendiks.Pea\/pidurikontrollerSeadepunkti seadistamine veoj\u00f5u \/piduripiirkonnas koos integreeritud surnud funktsiooniga, vajutades k\u00e4epidet alla.Valikul\u00fcliti: t\u00f6\u00f6tingimuste &#8220;R&#8221; \/ &#8220;O&#8221; \/ &#8220;*&#8221; \/ &#8220;V&#8221; \/ &#8220;N&#8221; valikV\u00f5tmel\u00fcliti: peakontrolleri kinnitus. T\u00f6\u00f6seisundid: seaded \u201c0\u201d ja \u201c1\u201dPeakontroller on paigaldatud trammi juhikabiini. See on m\u00f5eldud vasakpoolseks manipuleerimiseks ja pakub inimese ja masina liidest s\u00f5iduki veoj\u00f5u, s\u00f5idupiduri ja h\u00e4dapidurduse juhtimiseks. Peale selle sisaldab juhtkontrolleri k\u00e4epide nuppu, mida kasutatakse automaatse hoiatusjuhtimise funktsiooniks.<\/p>\n","protected":false},"excerpt":{"rendered":"<p><a href=\"\/wp-content\/uploads\/gessmann\/Master_Controller_Mc01.pdf\"><img decoding=\"async\" src=\"\/wp-content\/uploads\/2023\/02\/download-button-est.svg\" \/><\/a><\/p>\n","protected":false},"featured_media":1260057925,"template":"","meta":[],"product_brand":[],"product_cat":[1378],"product_tag":[],"class_list":{"0":"post-1260059382","1":"product","2":"type-product","3":"status-publish","4":"has-post-thumbnail","6":"product_cat-raudteetranspordi-juhtimisseadmed-en-50155-ja-en-45545","8":"first","9":"instock","10":"product-type-simple"},"yoast_head":"<!-- This site is optimized with the Yoast SEO plugin v27.1.1 - https:\/\/yoast.com\/product\/yoast-seo-wordpress\/ -->\n<title>Peajuhtimis\u00fcksus MC 01 \u2013 Regionaalrong - My industrial<\/title>\n<meta name=\"robots\" content=\"noindex, follow, max-snippet:-1, max-image-preview:large, max-video-preview:-1\" \/>\n<meta property=\"og:locale\" content=\"et_EE\" \/>\n<meta property=\"og:type\" content=\"article\" \/>\n<meta property=\"og:title\" content=\"Peajuhtimis\u00fcksus MC 01 \u2013 Regionaalrong - My industrial\" \/>\n<meta property=\"og:url\" content=\"https:\/\/dev.myindustrial.eu\/et\/shop\/toostuskontrollerid-juhtkangid-ja-konsoolid\/raudteetranspordi-juhtimisseadmed-en-50155-ja-en-45545\/peajuhtimisuksus-mc-01-regionaalrong\/\" \/>\n<meta property=\"og:site_name\" content=\"My industrial\" \/>\n<meta property=\"article:modified_time\" content=\"2023-06-16T20:01:46+00:00\" \/>\n<meta property=\"og:image\" content=\"https:\/\/dev.myindustrial.eu\/wp-content\/uploads\/2022\/01\/Master-Controller-MC-01-1-1.webp\" \/>\n\t<meta property=\"og:image:width\" content=\"500\" \/>\n\t<meta property=\"og:image:height\" content=\"500\" \/>\n\t<meta property=\"og:image:type\" content=\"image\/webp\" \/>\n<meta name=\"twitter:card\" content=\"summary_large_image\" \/>\n<script type=\"application\/ld+json\" class=\"yoast-schema-graph\">{\"@context\":\"https:\/\/schema.org\",\"@graph\":[{\"@type\":\"WebPage\",\"@id\":\"https:\/\/dev.myindustrial.eu\/et\/shop\/toostuskontrollerid-juhtkangid-ja-konsoolid\/raudteetranspordi-juhtimisseadmed-en-50155-ja-en-45545\/peajuhtimisuksus-mc-01-regionaalrong\/\",\"url\":\"https:\/\/dev.myindustrial.eu\/et\/shop\/toostuskontrollerid-juhtkangid-ja-konsoolid\/raudteetranspordi-juhtimisseadmed-en-50155-ja-en-45545\/peajuhtimisuksus-mc-01-regionaalrong\/\",\"name\":\"Peajuhtimis\u00fcksus MC 01 \u2013 Regionaalrong - My industrial\",\"isPartOf\":{\"@id\":\"https:\/\/dev.myindustrial.eu\/et\/#website\"},\"primaryImageOfPage\":{\"@id\":\"https:\/\/dev.myindustrial.eu\/et\/shop\/toostuskontrollerid-juhtkangid-ja-konsoolid\/raudteetranspordi-juhtimisseadmed-en-50155-ja-en-45545\/peajuhtimisuksus-mc-01-regionaalrong\/#primaryimage\"},\"image\":{\"@id\":\"https:\/\/dev.myindustrial.eu\/et\/shop\/toostuskontrollerid-juhtkangid-ja-konsoolid\/raudteetranspordi-juhtimisseadmed-en-50155-ja-en-45545\/peajuhtimisuksus-mc-01-regionaalrong\/#primaryimage\"},\"thumbnailUrl\":\"https:\/\/dev.myindustrial.eu\/wp-content\/uploads\/2022\/01\/Master-Controller-MC-01-1-1.webp\",\"datePublished\":\"2022-01-14T02:05:45+00:00\",\"dateModified\":\"2023-06-16T20:01:46+00:00\",\"breadcrumb\":{\"@id\":\"https:\/\/dev.myindustrial.eu\/et\/shop\/toostuskontrollerid-juhtkangid-ja-konsoolid\/raudteetranspordi-juhtimisseadmed-en-50155-ja-en-45545\/peajuhtimisuksus-mc-01-regionaalrong\/#breadcrumb\"},\"inLanguage\":\"et\",\"potentialAction\":[{\"@type\":\"ReadAction\",\"target\":[\"https:\/\/dev.myindustrial.eu\/et\/shop\/toostuskontrollerid-juhtkangid-ja-konsoolid\/raudteetranspordi-juhtimisseadmed-en-50155-ja-en-45545\/peajuhtimisuksus-mc-01-regionaalrong\/\"]}]},{\"@type\":\"ImageObject\",\"inLanguage\":\"et\",\"@id\":\"https:\/\/dev.myindustrial.eu\/et\/shop\/toostuskontrollerid-juhtkangid-ja-konsoolid\/raudteetranspordi-juhtimisseadmed-en-50155-ja-en-45545\/peajuhtimisuksus-mc-01-regionaalrong\/#primaryimage\",\"url\":\"https:\/\/dev.myindustrial.eu\/wp-content\/uploads\/2022\/01\/Master-Controller-MC-01-1-1.webp\",\"contentUrl\":\"https:\/\/dev.myindustrial.eu\/wp-content\/uploads\/2022\/01\/Master-Controller-MC-01-1-1.webp\",\"width\":500,\"height\":500},{\"@type\":\"BreadcrumbList\",\"@id\":\"https:\/\/dev.myindustrial.eu\/et\/shop\/toostuskontrollerid-juhtkangid-ja-konsoolid\/raudteetranspordi-juhtimisseadmed-en-50155-ja-en-45545\/peajuhtimisuksus-mc-01-regionaalrong\/#breadcrumb\",\"itemListElement\":[{\"@type\":\"ListItem\",\"position\":1,\"name\":\"Home\",\"item\":\"https:\/\/dev.myindustrial.eu\/et\/\"},{\"@type\":\"ListItem\",\"position\":2,\"name\":\"Products\",\"item\":\"https:\/\/dev.myindustrial.eu\/et\/products\/\"},{\"@type\":\"ListItem\",\"position\":3,\"name\":\"Peajuhtimis\u00fcksus MC 01 \u2013 Regionaalrong\"}]},{\"@type\":\"WebSite\",\"@id\":\"https:\/\/dev.myindustrial.eu\/et\/#website\",\"url\":\"https:\/\/dev.myindustrial.eu\/et\/\",\"name\":\"My industrial\",\"description\":\"\",\"potentialAction\":[{\"@type\":\"SearchAction\",\"target\":{\"@type\":\"EntryPoint\",\"urlTemplate\":\"https:\/\/dev.myindustrial.eu\/et\/?s={search_term_string}\"},\"query-input\":{\"@type\":\"PropertyValueSpecification\",\"valueRequired\":true,\"valueName\":\"search_term_string\"}}],\"inLanguage\":\"et\"}]}<\/script>\n<!-- \/ Yoast SEO plugin. -->","yoast_head_json":{"title":"Peajuhtimis\u00fcksus MC 01 \u2013 Regionaalrong - My industrial","robots":{"index":"noindex","follow":"follow","max-snippet":"max-snippet:-1","max-image-preview":"max-image-preview:large","max-video-preview":"max-video-preview:-1"},"og_locale":"et_EE","og_type":"article","og_title":"Peajuhtimis\u00fcksus MC 01 \u2013 Regionaalrong - My industrial","og_url":"https:\/\/dev.myindustrial.eu\/et\/shop\/toostuskontrollerid-juhtkangid-ja-konsoolid\/raudteetranspordi-juhtimisseadmed-en-50155-ja-en-45545\/peajuhtimisuksus-mc-01-regionaalrong\/","og_site_name":"My industrial","article_modified_time":"2023-06-16T20:01:46+00:00","og_image":[{"width":500,"height":500,"url":"https:\/\/dev.myindustrial.eu\/wp-content\/uploads\/2022\/01\/Master-Controller-MC-01-1-1.webp","type":"image\/webp"}],"twitter_card":"summary_large_image","schema":{"@context":"https:\/\/schema.org","@graph":[{"@type":"WebPage","@id":"https:\/\/dev.myindustrial.eu\/et\/shop\/toostuskontrollerid-juhtkangid-ja-konsoolid\/raudteetranspordi-juhtimisseadmed-en-50155-ja-en-45545\/peajuhtimisuksus-mc-01-regionaalrong\/","url":"https:\/\/dev.myindustrial.eu\/et\/shop\/toostuskontrollerid-juhtkangid-ja-konsoolid\/raudteetranspordi-juhtimisseadmed-en-50155-ja-en-45545\/peajuhtimisuksus-mc-01-regionaalrong\/","name":"Peajuhtimis\u00fcksus MC 01 \u2013 Regionaalrong - My industrial","isPartOf":{"@id":"https:\/\/dev.myindustrial.eu\/et\/#website"},"primaryImageOfPage":{"@id":"https:\/\/dev.myindustrial.eu\/et\/shop\/toostuskontrollerid-juhtkangid-ja-konsoolid\/raudteetranspordi-juhtimisseadmed-en-50155-ja-en-45545\/peajuhtimisuksus-mc-01-regionaalrong\/#primaryimage"},"image":{"@id":"https:\/\/dev.myindustrial.eu\/et\/shop\/toostuskontrollerid-juhtkangid-ja-konsoolid\/raudteetranspordi-juhtimisseadmed-en-50155-ja-en-45545\/peajuhtimisuksus-mc-01-regionaalrong\/#primaryimage"},"thumbnailUrl":"https:\/\/dev.myindustrial.eu\/wp-content\/uploads\/2022\/01\/Master-Controller-MC-01-1-1.webp","datePublished":"2022-01-14T02:05:45+00:00","dateModified":"2023-06-16T20:01:46+00:00","breadcrumb":{"@id":"https:\/\/dev.myindustrial.eu\/et\/shop\/toostuskontrollerid-juhtkangid-ja-konsoolid\/raudteetranspordi-juhtimisseadmed-en-50155-ja-en-45545\/peajuhtimisuksus-mc-01-regionaalrong\/#breadcrumb"},"inLanguage":"et","potentialAction":[{"@type":"ReadAction","target":["https:\/\/dev.myindustrial.eu\/et\/shop\/toostuskontrollerid-juhtkangid-ja-konsoolid\/raudteetranspordi-juhtimisseadmed-en-50155-ja-en-45545\/peajuhtimisuksus-mc-01-regionaalrong\/"]}]},{"@type":"ImageObject","inLanguage":"et","@id":"https:\/\/dev.myindustrial.eu\/et\/shop\/toostuskontrollerid-juhtkangid-ja-konsoolid\/raudteetranspordi-juhtimisseadmed-en-50155-ja-en-45545\/peajuhtimisuksus-mc-01-regionaalrong\/#primaryimage","url":"https:\/\/dev.myindustrial.eu\/wp-content\/uploads\/2022\/01\/Master-Controller-MC-01-1-1.webp","contentUrl":"https:\/\/dev.myindustrial.eu\/wp-content\/uploads\/2022\/01\/Master-Controller-MC-01-1-1.webp","width":500,"height":500},{"@type":"BreadcrumbList","@id":"https:\/\/dev.myindustrial.eu\/et\/shop\/toostuskontrollerid-juhtkangid-ja-konsoolid\/raudteetranspordi-juhtimisseadmed-en-50155-ja-en-45545\/peajuhtimisuksus-mc-01-regionaalrong\/#breadcrumb","itemListElement":[{"@type":"ListItem","position":1,"name":"Home","item":"https:\/\/dev.myindustrial.eu\/et\/"},{"@type":"ListItem","position":2,"name":"Products","item":"https:\/\/dev.myindustrial.eu\/et\/products\/"},{"@type":"ListItem","position":3,"name":"Peajuhtimis\u00fcksus MC 01 \u2013 Regionaalrong"}]},{"@type":"WebSite","@id":"https:\/\/dev.myindustrial.eu\/et\/#website","url":"https:\/\/dev.myindustrial.eu\/et\/","name":"My industrial","description":"","potentialAction":[{"@type":"SearchAction","target":{"@type":"EntryPoint","urlTemplate":"https:\/\/dev.myindustrial.eu\/et\/?s={search_term_string}"},"query-input":{"@type":"PropertyValueSpecification","valueRequired":true,"valueName":"search_term_string"}}],"inLanguage":"et"}]}},"_links":{"self":[{"href":"https:\/\/dev.myindustrial.eu\/et\/wp-json\/wp\/v2\/product\/1260059382","targetHints":{"allow":["GET"]}}],"collection":[{"href":"https:\/\/dev.myindustrial.eu\/et\/wp-json\/wp\/v2\/product"}],"about":[{"href":"https:\/\/dev.myindustrial.eu\/et\/wp-json\/wp\/v2\/types\/product"}],"version-history":[{"count":0,"href":"https:\/\/dev.myindustrial.eu\/et\/wp-json\/wp\/v2\/product\/1260059382\/revisions"}],"wp:featuredmedia":[{"embeddable":true,"href":"https:\/\/dev.myindustrial.eu\/et\/wp-json\/wp\/v2\/media\/1260057925"}],"wp:attachment":[{"href":"https:\/\/dev.myindustrial.eu\/et\/wp-json\/wp\/v2\/media?parent=1260059382"}],"wp:term":[{"taxonomy":"product_brand","embeddable":true,"href":"https:\/\/dev.myindustrial.eu\/et\/wp-json\/wp\/v2\/product_brand?post=1260059382"},{"taxonomy":"product_cat","embeddable":true,"href":"https:\/\/dev.myindustrial.eu\/et\/wp-json\/wp\/v2\/product_cat?post=1260059382"},{"taxonomy":"product_tag","embeddable":true,"href":"https:\/\/dev.myindustrial.eu\/et\/wp-json\/wp\/v2\/product_tag?post=1260059382"}],"curies":[{"name":"wp","href":"https:\/\/api.w.org\/{rel}","templated":true}]}}