{"id":1260059442,"date":"2022-01-14T02:06:11","date_gmt":"2022-01-14T02:06:11","guid":{"rendered":"https:\/\/dev.myindustrial.eu\/shop-2\/maaratlemata\/elhy-elektrohudrauliline-toukur\/"},"modified":"2023-06-16T19:59:43","modified_gmt":"2023-06-16T19:59:43","slug":"elhy-elektrohudrauliline-toukur","status":"publish","type":"product","link":"https:\/\/dev.myindustrial.eu\/et\/shop\/elektro-hudraulilised-ajamite-lahendused\/elektrohudraulilised-toukurid\/elhy-elektrohudrauliline-toukur\/","title":{"rendered":"ELHY\u00ae elektroh\u00fcdrauliline t\u00f5ukur"},"content":{"rendered":"<p><iframe width=\"560\" height=\"315\" src=\"https:\/\/youtube.com\/embed\/E9ieLcNyUUY\" frameborder=\"0\" allow=\"accelerometer; autoplay; clipboard-write; encrypted-media; gyroscope; picture-in-picture; web-share\" allowfullscreen><\/iframe><\/p>\n","protected":false},"excerpt":{"rendered":"<p>Funktsiooni p\u00f5him\u00f5te<br \/>\nELHY\u00ae seadmed on saadaval kolmes erinevas seerias, millel k\u00f5igil on sama funktsionaalne p\u00f5him\u00f5te, sama sisekujundus ja sama v\u00e4liskuju.<br \/>\nKorpus sisaldab ajamiga mootori staatorit; mootor ise on kolmefaasiline as\u00fcnkroonne &#8220;l\u00fchise&#8221; mootor. Mootor t\u00f6\u00f6tab t\u00f6\u00f6vedelikus.<br \/>\nElektri\u00fchendus luuakse klemmikarbi kaudu, mis tihendab mootori korpust tihedalt. Mootori korpuse valatud jalgu kasutatakse ELHY\u00ae seadme kinnitamiseks oma kohale. Pumba tiivik on mootori v\u00f5lli k\u00fclge kinnitatud.<br \/>\nAksiaalselt liigutatava kolviga juhtsilinder asub tiiviku kohal. Seadme sisemus t\u00e4idetakse h\u00fcdraulilise vedelikuga kuni t\u00e4iteava tasemeni.<\/p>\n<p><a href=\"\/wp-content\/uploads\/2022\/01\/20221212_emg_elhy_en_rev00.pdf\" target=\"_blank\" rel=\"noopener\"><img decoding=\"async\" src=\"\/wp-content\/uploads\/2023\/02\/download-button-est.svg\" \/><\/a><\/p>\n","protected":false},"featured_media":1260058285,"template":"","meta":[],"product_brand":[],"product_cat":[1311],"product_tag":[],"class_list":{"0":"post-1260059442","1":"product","2":"type-product","3":"status-publish","4":"has-post-thumbnail","6":"product_cat-elektrohudraulilised-toukurid","8":"first","9":"instock","10":"product-type-simple"},"yoast_head":"<!-- This site is optimized with the Yoast SEO plugin v27.1.1 - https:\/\/yoast.com\/product\/yoast-seo-wordpress\/ -->\n<title>ELHY\u00ae elektroh\u00fcdrauliline t\u00f5ukur - My industrial<\/title>\n<meta name=\"robots\" content=\"noindex, follow, max-snippet:-1, max-image-preview:large, max-video-preview:-1\" \/>\n<meta property=\"og:locale\" content=\"et_EE\" \/>\n<meta property=\"og:type\" content=\"article\" \/>\n<meta property=\"og:title\" content=\"ELHY\u00ae elektroh\u00fcdrauliline t\u00f5ukur - My industrial\" \/>\n<meta property=\"og:description\" content=\"Funktsiooni p\u00f5him\u00f5te ELHY\u00ae seadmed on saadaval kolmes erinevas seerias, millel k\u00f5igil on sama funktsionaalne p\u00f5him\u00f5te, sama sisekujundus ja sama v\u00e4liskuju. Korpus sisaldab ajamiga mootori staatorit; mootor ise on kolmefaasiline as\u00fcnkroonne &quot;l\u00fchise&quot; mootor. Mootor t\u00f6\u00f6tab t\u00f6\u00f6vedelikus. Elektri\u00fchendus luuakse klemmikarbi kaudu, mis tihendab mootori korpust tihedalt. Mootori korpuse valatud jalgu kasutatakse ELHY\u00ae seadme kinnitamiseks oma kohale. Pumba tiivik on mootori v\u00f5lli k\u00fclge kinnitatud. Aksiaalselt liigutatava kolviga juhtsilinder asub tiiviku kohal. Seadme sisemus t\u00e4idetakse h\u00fcdraulilise vedelikuga kuni t\u00e4iteava tasemeni.\" \/>\n<meta property=\"og:url\" content=\"https:\/\/dev.myindustrial.eu\/et\/shop\/elektro-hudraulilised-ajamite-lahendused\/elektrohudraulilised-toukurid\/elhy-elektrohudrauliline-toukur\/\" \/>\n<meta property=\"og:site_name\" content=\"My industrial\" \/>\n<meta property=\"article:modified_time\" content=\"2023-06-16T19:59:43+00:00\" \/>\n<meta property=\"og:image\" content=\"https:\/\/dev.myindustrial.eu\/wp-content\/uploads\/2022\/01\/ELHY-1-280x300-3.jpg\" \/>\n\t<meta property=\"og:image:width\" content=\"280\" \/>\n\t<meta property=\"og:image:height\" content=\"300\" \/>\n\t<meta property=\"og:image:type\" content=\"image\/jpeg\" \/>\n<meta name=\"twitter:card\" content=\"summary_large_image\" \/>\n<script type=\"application\/ld+json\" class=\"yoast-schema-graph\">{\"@context\":\"https:\/\/schema.org\",\"@graph\":[{\"@type\":\"WebPage\",\"@id\":\"https:\/\/dev.myindustrial.eu\/et\/shop\/elektro-hudraulilised-ajamite-lahendused\/elektrohudraulilised-toukurid\/elhy-elektrohudrauliline-toukur\/\",\"url\":\"https:\/\/dev.myindustrial.eu\/et\/shop\/elektro-hudraulilised-ajamite-lahendused\/elektrohudraulilised-toukurid\/elhy-elektrohudrauliline-toukur\/\",\"name\":\"ELHY\u00ae elektroh\u00fcdrauliline t\u00f5ukur - My industrial\",\"isPartOf\":{\"@id\":\"https:\/\/dev.myindustrial.eu\/et\/#website\"},\"primaryImageOfPage\":{\"@id\":\"https:\/\/dev.myindustrial.eu\/et\/shop\/elektro-hudraulilised-ajamite-lahendused\/elektrohudraulilised-toukurid\/elhy-elektrohudrauliline-toukur\/#primaryimage\"},\"image\":{\"@id\":\"https:\/\/dev.myindustrial.eu\/et\/shop\/elektro-hudraulilised-ajamite-lahendused\/elektrohudraulilised-toukurid\/elhy-elektrohudrauliline-toukur\/#primaryimage\"},\"thumbnailUrl\":\"https:\/\/dev.myindustrial.eu\/wp-content\/uploads\/2022\/01\/ELHY-1-280x300-3.jpg\",\"datePublished\":\"2022-01-14T02:06:11+00:00\",\"dateModified\":\"2023-06-16T19:59:43+00:00\",\"breadcrumb\":{\"@id\":\"https:\/\/dev.myindustrial.eu\/et\/shop\/elektro-hudraulilised-ajamite-lahendused\/elektrohudraulilised-toukurid\/elhy-elektrohudrauliline-toukur\/#breadcrumb\"},\"inLanguage\":\"et\",\"potentialAction\":[{\"@type\":\"ReadAction\",\"target\":[\"https:\/\/dev.myindustrial.eu\/et\/shop\/elektro-hudraulilised-ajamite-lahendused\/elektrohudraulilised-toukurid\/elhy-elektrohudrauliline-toukur\/\"]}]},{\"@type\":\"ImageObject\",\"inLanguage\":\"et\",\"@id\":\"https:\/\/dev.myindustrial.eu\/et\/shop\/elektro-hudraulilised-ajamite-lahendused\/elektrohudraulilised-toukurid\/elhy-elektrohudrauliline-toukur\/#primaryimage\",\"url\":\"https:\/\/dev.myindustrial.eu\/wp-content\/uploads\/2022\/01\/ELHY-1-280x300-3.jpg\",\"contentUrl\":\"https:\/\/dev.myindustrial.eu\/wp-content\/uploads\/2022\/01\/ELHY-1-280x300-3.jpg\",\"width\":280,\"height\":300},{\"@type\":\"BreadcrumbList\",\"@id\":\"https:\/\/dev.myindustrial.eu\/et\/shop\/elektro-hudraulilised-ajamite-lahendused\/elektrohudraulilised-toukurid\/elhy-elektrohudrauliline-toukur\/#breadcrumb\",\"itemListElement\":[{\"@type\":\"ListItem\",\"position\":1,\"name\":\"Home\",\"item\":\"https:\/\/dev.myindustrial.eu\/et\/\"},{\"@type\":\"ListItem\",\"position\":2,\"name\":\"Products\",\"item\":\"https:\/\/dev.myindustrial.eu\/et\/products\/\"},{\"@type\":\"ListItem\",\"position\":3,\"name\":\"ELHY\u00ae elektroh\u00fcdrauliline t\u00f5ukur\"}]},{\"@type\":\"WebSite\",\"@id\":\"https:\/\/dev.myindustrial.eu\/et\/#website\",\"url\":\"https:\/\/dev.myindustrial.eu\/et\/\",\"name\":\"My industrial\",\"description\":\"\",\"potentialAction\":[{\"@type\":\"SearchAction\",\"target\":{\"@type\":\"EntryPoint\",\"urlTemplate\":\"https:\/\/dev.myindustrial.eu\/et\/?s={search_term_string}\"},\"query-input\":{\"@type\":\"PropertyValueSpecification\",\"valueRequired\":true,\"valueName\":\"search_term_string\"}}],\"inLanguage\":\"et\"}]}<\/script>\n<!-- \/ Yoast SEO plugin. -->","yoast_head_json":{"title":"ELHY\u00ae elektroh\u00fcdrauliline t\u00f5ukur - My industrial","robots":{"index":"noindex","follow":"follow","max-snippet":"max-snippet:-1","max-image-preview":"max-image-preview:large","max-video-preview":"max-video-preview:-1"},"og_locale":"et_EE","og_type":"article","og_title":"ELHY\u00ae elektroh\u00fcdrauliline t\u00f5ukur - My industrial","og_description":"Funktsiooni p\u00f5him\u00f5te ELHY\u00ae seadmed on saadaval kolmes erinevas seerias, millel k\u00f5igil on sama funktsionaalne p\u00f5him\u00f5te, sama sisekujundus ja sama v\u00e4liskuju. Korpus sisaldab ajamiga mootori staatorit; mootor ise on kolmefaasiline as\u00fcnkroonne \"l\u00fchise\" mootor. Mootor t\u00f6\u00f6tab t\u00f6\u00f6vedelikus. Elektri\u00fchendus luuakse klemmikarbi kaudu, mis tihendab mootori korpust tihedalt. Mootori korpuse valatud jalgu kasutatakse ELHY\u00ae seadme kinnitamiseks oma kohale. Pumba tiivik on mootori v\u00f5lli k\u00fclge kinnitatud. Aksiaalselt liigutatava kolviga juhtsilinder asub tiiviku kohal. Seadme sisemus t\u00e4idetakse h\u00fcdraulilise vedelikuga kuni t\u00e4iteava tasemeni.","og_url":"https:\/\/dev.myindustrial.eu\/et\/shop\/elektro-hudraulilised-ajamite-lahendused\/elektrohudraulilised-toukurid\/elhy-elektrohudrauliline-toukur\/","og_site_name":"My industrial","article_modified_time":"2023-06-16T19:59:43+00:00","og_image":[{"width":280,"height":300,"url":"https:\/\/dev.myindustrial.eu\/wp-content\/uploads\/2022\/01\/ELHY-1-280x300-3.jpg","type":"image\/jpeg"}],"twitter_card":"summary_large_image","schema":{"@context":"https:\/\/schema.org","@graph":[{"@type":"WebPage","@id":"https:\/\/dev.myindustrial.eu\/et\/shop\/elektro-hudraulilised-ajamite-lahendused\/elektrohudraulilised-toukurid\/elhy-elektrohudrauliline-toukur\/","url":"https:\/\/dev.myindustrial.eu\/et\/shop\/elektro-hudraulilised-ajamite-lahendused\/elektrohudraulilised-toukurid\/elhy-elektrohudrauliline-toukur\/","name":"ELHY\u00ae elektroh\u00fcdrauliline t\u00f5ukur - My industrial","isPartOf":{"@id":"https:\/\/dev.myindustrial.eu\/et\/#website"},"primaryImageOfPage":{"@id":"https:\/\/dev.myindustrial.eu\/et\/shop\/elektro-hudraulilised-ajamite-lahendused\/elektrohudraulilised-toukurid\/elhy-elektrohudrauliline-toukur\/#primaryimage"},"image":{"@id":"https:\/\/dev.myindustrial.eu\/et\/shop\/elektro-hudraulilised-ajamite-lahendused\/elektrohudraulilised-toukurid\/elhy-elektrohudrauliline-toukur\/#primaryimage"},"thumbnailUrl":"https:\/\/dev.myindustrial.eu\/wp-content\/uploads\/2022\/01\/ELHY-1-280x300-3.jpg","datePublished":"2022-01-14T02:06:11+00:00","dateModified":"2023-06-16T19:59:43+00:00","breadcrumb":{"@id":"https:\/\/dev.myindustrial.eu\/et\/shop\/elektro-hudraulilised-ajamite-lahendused\/elektrohudraulilised-toukurid\/elhy-elektrohudrauliline-toukur\/#breadcrumb"},"inLanguage":"et","potentialAction":[{"@type":"ReadAction","target":["https:\/\/dev.myindustrial.eu\/et\/shop\/elektro-hudraulilised-ajamite-lahendused\/elektrohudraulilised-toukurid\/elhy-elektrohudrauliline-toukur\/"]}]},{"@type":"ImageObject","inLanguage":"et","@id":"https:\/\/dev.myindustrial.eu\/et\/shop\/elektro-hudraulilised-ajamite-lahendused\/elektrohudraulilised-toukurid\/elhy-elektrohudrauliline-toukur\/#primaryimage","url":"https:\/\/dev.myindustrial.eu\/wp-content\/uploads\/2022\/01\/ELHY-1-280x300-3.jpg","contentUrl":"https:\/\/dev.myindustrial.eu\/wp-content\/uploads\/2022\/01\/ELHY-1-280x300-3.jpg","width":280,"height":300},{"@type":"BreadcrumbList","@id":"https:\/\/dev.myindustrial.eu\/et\/shop\/elektro-hudraulilised-ajamite-lahendused\/elektrohudraulilised-toukurid\/elhy-elektrohudrauliline-toukur\/#breadcrumb","itemListElement":[{"@type":"ListItem","position":1,"name":"Home","item":"https:\/\/dev.myindustrial.eu\/et\/"},{"@type":"ListItem","position":2,"name":"Products","item":"https:\/\/dev.myindustrial.eu\/et\/products\/"},{"@type":"ListItem","position":3,"name":"ELHY\u00ae elektroh\u00fcdrauliline t\u00f5ukur"}]},{"@type":"WebSite","@id":"https:\/\/dev.myindustrial.eu\/et\/#website","url":"https:\/\/dev.myindustrial.eu\/et\/","name":"My industrial","description":"","potentialAction":[{"@type":"SearchAction","target":{"@type":"EntryPoint","urlTemplate":"https:\/\/dev.myindustrial.eu\/et\/?s={search_term_string}"},"query-input":{"@type":"PropertyValueSpecification","valueRequired":true,"valueName":"search_term_string"}}],"inLanguage":"et"}]}},"_links":{"self":[{"href":"https:\/\/dev.myindustrial.eu\/et\/wp-json\/wp\/v2\/product\/1260059442","targetHints":{"allow":["GET"]}}],"collection":[{"href":"https:\/\/dev.myindustrial.eu\/et\/wp-json\/wp\/v2\/product"}],"about":[{"href":"https:\/\/dev.myindustrial.eu\/et\/wp-json\/wp\/v2\/types\/product"}],"version-history":[{"count":0,"href":"https:\/\/dev.myindustrial.eu\/et\/wp-json\/wp\/v2\/product\/1260059442\/revisions"}],"wp:featuredmedia":[{"embeddable":true,"href":"https:\/\/dev.myindustrial.eu\/et\/wp-json\/wp\/v2\/media\/1260058285"}],"wp:attachment":[{"href":"https:\/\/dev.myindustrial.eu\/et\/wp-json\/wp\/v2\/media?parent=1260059442"}],"wp:term":[{"taxonomy":"product_brand","embeddable":true,"href":"https:\/\/dev.myindustrial.eu\/et\/wp-json\/wp\/v2\/product_brand?post=1260059442"},{"taxonomy":"product_cat","embeddable":true,"href":"https:\/\/dev.myindustrial.eu\/et\/wp-json\/wp\/v2\/product_cat?post=1260059442"},{"taxonomy":"product_tag","embeddable":true,"href":"https:\/\/dev.myindustrial.eu\/et\/wp-json\/wp\/v2\/product_tag?post=1260059442"}],"curies":[{"name":"wp","href":"https:\/\/api.w.org\/{rel}","templated":true}]}}