{"id":1260059444,"date":"2022-01-14T02:06:20","date_gmt":"2022-01-14T02:06:20","guid":{"rendered":"https:\/\/dev.myindustrial.eu\/shop-2\/maaratlemata\/elektrohudraulilised-toukurid-eldroclassic\/"},"modified":"2023-06-16T19:59:43","modified_gmt":"2023-06-16T19:59:43","slug":"elektrohudraulilised-toukurid-eldroclassic","status":"publish","type":"product","link":"https:\/\/dev.myindustrial.eu\/et\/shop\/elektro-hudraulilised-ajamite-lahendused\/elektrohudraulilised-toukurid\/elektrohudraulilised-toukurid-eldroclassic\/","title":{"rendered":"Elektroh\u00fcdraulilised t\u00f5ukurid ELDROclassic\u00ae"},"content":{"rendered":"<p><iframe width=\"560\" height=\"315\" src=\"https:\/\/youtube.com\/embed\/E9ieLcNyUUY\" frameborder=\"0\" allow=\"accelerometer; autoplay; clipboard-write; encrypted-media; gyroscope; picture-in-picture; web-share\" allowfullscreen><\/iframe><iframe width=\"560\" height=\"315\" src=\"https:\/\/youtube.com\/embed\/ktqsaxDLCLE\" frameborder=\"0\" allow=\"accelerometer; autoplay; clipboard-write; encrypted-media; gyroscope; picture-in-picture; web-share\" allowfullscreen><\/iframe><\/p>\n","protected":false},"excerpt":{"rendered":"<p><strong>K\u00f5rgeim kvaliteet \u2013 maksimaalne ohutus<\/strong><br \/>\n<strong>T\u00d6\u00d6RE\u017dIIM<\/strong><br \/>\nK\u00f5ik h\u00fcdraulilise ajams\u00fcsteemi elemendid kombineeritakse EMG elektroh\u00fcdraulilistes t\u00f5ukurites, et saada kompaktne koost. V\u00e4ljal\u00fclitatud olekus paikneb h\u00fcdrokolb koos kolvivardaga oma alumises otsaasendis. Sissel\u00fclitamisel pumpab h\u00fcdropump t\u00f6\u00f6vedelikku kolvi alla ja tekitab siin h\u00fcdraulilise r\u00f5hu. See liigutab kolvi maksimaalse k\u00e4igurajani. Seda tehes tuleb vastuj\u00f5ud, mis tekib integreeritud piduri v\u00f5i tagasivoolu v\u00f5i v\u00e4lise koormuse (nt piduri) kaudu, ohutult \u00fcletada.<\/p>\n<p>Seadmete maksimaalset k\u00e4iguteed saab v\u00e4liselt suvaliselt piirata. See v\u00f5ib juhtuda juhul, kui k\u00e4ivitatava piduri t\u00e4ielikuks avamiseks on vaja ainult k\u00e4iguraja v\u00e4hendamist. Vastavas kolvi l\u00f5ppasendis v\u00e4heneb mootori energiatarve v\u00f5rreldes t\u00f5steprotsessi ajal tarbitava v\u00f5imsusega h\u00fcdraulika seaduste t\u00f5ttu. Seadme r\u00f5hk saavutab siin oma maksimaalse v\u00e4\u00e4rtuse. Ajami mootor on seega vabastatud kolvi &#8220;vabas&#8221; asendis. Seadmete mehaaniline \u00fclekoormamine pole v\u00f5imalik.<\/p>\n<p>Iseloomulikud tunnused<br \/>\nELDRO\u00ae seadmetes kasutatav elektroh\u00fcdrauliline s\u00fcsteem koos lihtsa integreerimisega piduris\u00fcsteemidesse ja lihtsa elektrilise kasutuselev\u00f5tu protsessiga annavad erinevate t\u00f6\u00f6tingimuste jaoks j\u00e4rgmised omadused:<\/p>\n<ul>\n<li>K\u00f5rge t\u00f6\u00f6kindlus<\/li>\n<li>Pikk kasutusiga t\u00e4nu kulumisvabale t\u00f6\u00f6le koos p\u00fcsiva isem\u00e4\u00e4rdega<\/li>\n<li>Pehme ja l\u00f6\u00f6givaba t\u00f6\u00f6 h\u00fcdraulilise t\u00f6\u00f6p\u00f5him\u00f5tte s\u00fcsteemne tulemus<\/li>\n<li>L\u00fchikesed reguleerimisajad<\/li>\n<li>Heakskiidetud pidev t\u00f6\u00f6 S1<\/li>\n<li>Suur l\u00fclitussagedus kuni 2000 ts\u00fcklit tunnis l\u00fclitusre\u017eiimis S3<\/li>\n<li>Tagurdamine ilma piiranguteta<\/li>\n<li>Lihtne paigaldada ja eemaldada<\/li>\n<li>Mootori suvaline p\u00f6\u00f6rlemissuund, seet\u00f5ttu ei ole vahetuskontaktorid vajalikud<\/li>\n<li>T\u00f6\u00f6tamise ajal ei ole \u00fclekoormus v\u00f5imalik<\/li>\n<li>L\u00f6\u00f6giraja meelevaldne v\u00e4line piiramine<\/li>\n<li>T\u00f5ste- ja\/v\u00f5i langetamisaegade astmeline pikendamine ventiilide paigaldamise kaudu<\/li>\n<li>T\u00f6\u00f6keskkonna t\u00e4itmistase on optimeeritud vastavalt t\u00f6\u00f6tingimustele ega vaja t\u00e4iendavat kontrolli.<\/li>\n<li>Lai standard temperatuurivahemik \u201325 \u00b0 C kuni +50 \u00b0 C, laiendatav \u201345 \u00b0 C kuni +80 \u00b0 C lisavarustusega, nt. soojendamine ja spetsiaalsete t\u00f6\u00f6vahendite kasutamine<\/li>\n<li>Termokaitseahelat pole vaja<\/li>\n<li>T\u00f6\u00f6p\u00f5him\u00f5tte jaoks pole vaja tundlikke elektroonilisi ja sensoorseid paigaldusosi<\/li>\n<\/ul>\n<p><a href=\"\/wp-content\/uploads\/2022\/01\/20230125_eldroclassic_gesamtprospekt_en.pdf\" target=\"_blank\" rel=\"noopener\"><img decoding=\"async\" src=\"\/wp-content\/uploads\/2023\/02\/download-button-est.svg\" \/><\/a><\/p>\n","protected":false},"featured_media":1260058297,"template":"","meta":[],"product_brand":[],"product_cat":[1311],"product_tag":[],"class_list":{"0":"post-1260059444","1":"product","2":"type-product","3":"status-publish","4":"has-post-thumbnail","6":"product_cat-elektrohudraulilised-toukurid","8":"first","9":"instock","10":"product-type-simple"},"yoast_head":"<!-- This site is optimized with the Yoast SEO plugin v27.1.1 - https:\/\/yoast.com\/product\/yoast-seo-wordpress\/ -->\n<title>Elektroh\u00fcdraulilised t\u00f5ukurid ELDROclassic\u00ae - My industrial<\/title>\n<meta name=\"robots\" content=\"noindex, follow, max-snippet:-1, max-image-preview:large, max-video-preview:-1\" \/>\n<meta property=\"og:locale\" content=\"et_EE\" \/>\n<meta property=\"og:type\" content=\"article\" \/>\n<meta property=\"og:title\" content=\"Elektroh\u00fcdraulilised t\u00f5ukurid ELDROclassic\u00ae - My industrial\" \/>\n<meta property=\"og:description\" content=\"K\u00f5rgeim kvaliteet \u2013 maksimaalne ohutus T\u00d6\u00d6RE\u017dIIM K\u00f5ik h\u00fcdraulilise ajams\u00fcsteemi elemendid kombineeritakse EMG elektroh\u00fcdraulilistes t\u00f5ukurites, et saada kompaktne koost. V\u00e4ljal\u00fclitatud olekus paikneb h\u00fcdrokolb koos kolvivardaga oma alumises otsaasendis. Sissel\u00fclitamisel pumpab h\u00fcdropump t\u00f6\u00f6vedelikku kolvi alla ja tekitab siin h\u00fcdraulilise r\u00f5hu. See liigutab kolvi maksimaalse k\u00e4igurajani. Seda tehes tuleb vastuj\u00f5ud, mis tekib integreeritud piduri v\u00f5i tagasivoolu v\u00f5i v\u00e4lise koormuse (nt piduri) kaudu, ohutult \u00fcletada.  Seadmete maksimaalset k\u00e4iguteed saab v\u00e4liselt suvaliselt piirata. See v\u00f5ib juhtuda juhul, kui k\u00e4ivitatava piduri t\u00e4ielikuks avamiseks on vaja ainult k\u00e4iguraja v\u00e4hendamist. Vastavas kolvi l\u00f5ppasendis v\u00e4heneb mootori energiatarve v\u00f5rreldes t\u00f5steprotsessi ajal tarbitava v\u00f5imsusega h\u00fcdraulika seaduste t\u00f5ttu. Seadme r\u00f5hk saavutab siin oma maksimaalse v\u00e4\u00e4rtuse. Ajami mootor on seega vabastatud kolvi &quot;vabas&quot; asendis. Seadmete mehaaniline \u00fclekoormamine pole v\u00f5imalik.  Iseloomulikud tunnused ELDRO\u00ae seadmetes kasutatav elektroh\u00fcdrauliline s\u00fcsteem koos lihtsa integreerimisega piduris\u00fcsteemidesse ja lihtsa elektrilise kasutuselev\u00f5tu protsessiga annavad erinevate t\u00f6\u00f6tingimuste jaoks j\u00e4rgmised omadused:   K\u00f5rge t\u00f6\u00f6kindlus  Pikk kasutusiga t\u00e4nu kulumisvabale t\u00f6\u00f6le koos p\u00fcsiva isem\u00e4\u00e4rdega  Pehme ja l\u00f6\u00f6givaba t\u00f6\u00f6 h\u00fcdraulilise t\u00f6\u00f6p\u00f5him\u00f5tte s\u00fcsteemne tulemus  L\u00fchikesed reguleerimisajad  Heakskiidetud pidev t\u00f6\u00f6 S1  Suur l\u00fclitussagedus kuni 2000 ts\u00fcklit tunnis l\u00fclitusre\u017eiimis S3  Tagurdamine ilma piiranguteta  Lihtne paigaldada ja eemaldada  Mootori suvaline p\u00f6\u00f6rlemissuund, seet\u00f5ttu ei ole vahetuskontaktorid vajalikud  T\u00f6\u00f6tamise ajal ei ole \u00fclekoormus v\u00f5imalik  L\u00f6\u00f6giraja meelevaldne v\u00e4line piiramine  T\u00f5ste- ja\/v\u00f5i langetamisaegade astmeline pikendamine ventiilide paigaldamise kaudu  T\u00f6\u00f6keskkonna t\u00e4itmistase on optimeeritud vastavalt t\u00f6\u00f6tingimustele ega vaja t\u00e4iendavat kontrolli.  Lai standard temperatuurivahemik \u201325 \u00b0 C kuni +50 \u00b0 C, laiendatav \u201345 \u00b0 C kuni +80 \u00b0 C lisavarustusega, nt. soojendamine ja spetsiaalsete t\u00f6\u00f6vahendite kasutamine  Termokaitseahelat pole vaja  T\u00f6\u00f6p\u00f5him\u00f5tte jaoks pole vaja tundlikke elektroonilisi ja sensoorseid paigaldusosi\" \/>\n<meta property=\"og:url\" content=\"https:\/\/dev.myindustrial.eu\/et\/shop\/elektro-hudraulilised-ajamite-lahendused\/elektrohudraulilised-toukurid\/elektrohudraulilised-toukurid-eldroclassic\/\" \/>\n<meta property=\"og:site_name\" content=\"My industrial\" \/>\n<meta property=\"article:modified_time\" content=\"2023-06-16T19:59:43+00:00\" \/>\n<meta property=\"og:image\" content=\"https:\/\/dev.myindustrial.eu\/wp-content\/uploads\/2022\/01\/ELDRO-classic-1-456x450-3.jpg\" \/>\n\t<meta property=\"og:image:width\" content=\"456\" \/>\n\t<meta property=\"og:image:height\" content=\"450\" \/>\n\t<meta property=\"og:image:type\" content=\"image\/jpeg\" \/>\n<meta name=\"twitter:card\" content=\"summary_large_image\" \/>\n<script type=\"application\/ld+json\" class=\"yoast-schema-graph\">{\"@context\":\"https:\/\/schema.org\",\"@graph\":[{\"@type\":\"WebPage\",\"@id\":\"https:\/\/dev.myindustrial.eu\/et\/shop\/elektro-hudraulilised-ajamite-lahendused\/elektrohudraulilised-toukurid\/elektrohudraulilised-toukurid-eldroclassic\/\",\"url\":\"https:\/\/dev.myindustrial.eu\/et\/shop\/elektro-hudraulilised-ajamite-lahendused\/elektrohudraulilised-toukurid\/elektrohudraulilised-toukurid-eldroclassic\/\",\"name\":\"Elektroh\u00fcdraulilised t\u00f5ukurid ELDROclassic\u00ae - My industrial\",\"isPartOf\":{\"@id\":\"https:\/\/dev.myindustrial.eu\/et\/#website\"},\"primaryImageOfPage\":{\"@id\":\"https:\/\/dev.myindustrial.eu\/et\/shop\/elektro-hudraulilised-ajamite-lahendused\/elektrohudraulilised-toukurid\/elektrohudraulilised-toukurid-eldroclassic\/#primaryimage\"},\"image\":{\"@id\":\"https:\/\/dev.myindustrial.eu\/et\/shop\/elektro-hudraulilised-ajamite-lahendused\/elektrohudraulilised-toukurid\/elektrohudraulilised-toukurid-eldroclassic\/#primaryimage\"},\"thumbnailUrl\":\"https:\/\/dev.myindustrial.eu\/wp-content\/uploads\/2022\/01\/ELDRO-classic-1-456x450-3.jpg\",\"datePublished\":\"2022-01-14T02:06:20+00:00\",\"dateModified\":\"2023-06-16T19:59:43+00:00\",\"breadcrumb\":{\"@id\":\"https:\/\/dev.myindustrial.eu\/et\/shop\/elektro-hudraulilised-ajamite-lahendused\/elektrohudraulilised-toukurid\/elektrohudraulilised-toukurid-eldroclassic\/#breadcrumb\"},\"inLanguage\":\"et\",\"potentialAction\":[{\"@type\":\"ReadAction\",\"target\":[\"https:\/\/dev.myindustrial.eu\/et\/shop\/elektro-hudraulilised-ajamite-lahendused\/elektrohudraulilised-toukurid\/elektrohudraulilised-toukurid-eldroclassic\/\"]}]},{\"@type\":\"ImageObject\",\"inLanguage\":\"et\",\"@id\":\"https:\/\/dev.myindustrial.eu\/et\/shop\/elektro-hudraulilised-ajamite-lahendused\/elektrohudraulilised-toukurid\/elektrohudraulilised-toukurid-eldroclassic\/#primaryimage\",\"url\":\"https:\/\/dev.myindustrial.eu\/wp-content\/uploads\/2022\/01\/ELDRO-classic-1-456x450-3.jpg\",\"contentUrl\":\"https:\/\/dev.myindustrial.eu\/wp-content\/uploads\/2022\/01\/ELDRO-classic-1-456x450-3.jpg\",\"width\":456,\"height\":450},{\"@type\":\"BreadcrumbList\",\"@id\":\"https:\/\/dev.myindustrial.eu\/et\/shop\/elektro-hudraulilised-ajamite-lahendused\/elektrohudraulilised-toukurid\/elektrohudraulilised-toukurid-eldroclassic\/#breadcrumb\",\"itemListElement\":[{\"@type\":\"ListItem\",\"position\":1,\"name\":\"Home\",\"item\":\"https:\/\/dev.myindustrial.eu\/et\/\"},{\"@type\":\"ListItem\",\"position\":2,\"name\":\"Products\",\"item\":\"https:\/\/dev.myindustrial.eu\/et\/products\/\"},{\"@type\":\"ListItem\",\"position\":3,\"name\":\"Elektroh\u00fcdraulilised t\u00f5ukurid ELDROclassic\u00ae\"}]},{\"@type\":\"WebSite\",\"@id\":\"https:\/\/dev.myindustrial.eu\/et\/#website\",\"url\":\"https:\/\/dev.myindustrial.eu\/et\/\",\"name\":\"My industrial\",\"description\":\"\",\"potentialAction\":[{\"@type\":\"SearchAction\",\"target\":{\"@type\":\"EntryPoint\",\"urlTemplate\":\"https:\/\/dev.myindustrial.eu\/et\/?s={search_term_string}\"},\"query-input\":{\"@type\":\"PropertyValueSpecification\",\"valueRequired\":true,\"valueName\":\"search_term_string\"}}],\"inLanguage\":\"et\"}]}<\/script>\n<!-- \/ Yoast SEO plugin. -->","yoast_head_json":{"title":"Elektroh\u00fcdraulilised t\u00f5ukurid ELDROclassic\u00ae - My industrial","robots":{"index":"noindex","follow":"follow","max-snippet":"max-snippet:-1","max-image-preview":"max-image-preview:large","max-video-preview":"max-video-preview:-1"},"og_locale":"et_EE","og_type":"article","og_title":"Elektroh\u00fcdraulilised t\u00f5ukurid ELDROclassic\u00ae - My industrial","og_description":"K\u00f5rgeim kvaliteet \u2013 maksimaalne ohutus T\u00d6\u00d6RE\u017dIIM K\u00f5ik h\u00fcdraulilise ajams\u00fcsteemi elemendid kombineeritakse EMG elektroh\u00fcdraulilistes t\u00f5ukurites, et saada kompaktne koost. V\u00e4ljal\u00fclitatud olekus paikneb h\u00fcdrokolb koos kolvivardaga oma alumises otsaasendis. Sissel\u00fclitamisel pumpab h\u00fcdropump t\u00f6\u00f6vedelikku kolvi alla ja tekitab siin h\u00fcdraulilise r\u00f5hu. See liigutab kolvi maksimaalse k\u00e4igurajani. Seda tehes tuleb vastuj\u00f5ud, mis tekib integreeritud piduri v\u00f5i tagasivoolu v\u00f5i v\u00e4lise koormuse (nt piduri) kaudu, ohutult \u00fcletada.  Seadmete maksimaalset k\u00e4iguteed saab v\u00e4liselt suvaliselt piirata. See v\u00f5ib juhtuda juhul, kui k\u00e4ivitatava piduri t\u00e4ielikuks avamiseks on vaja ainult k\u00e4iguraja v\u00e4hendamist. Vastavas kolvi l\u00f5ppasendis v\u00e4heneb mootori energiatarve v\u00f5rreldes t\u00f5steprotsessi ajal tarbitava v\u00f5imsusega h\u00fcdraulika seaduste t\u00f5ttu. Seadme r\u00f5hk saavutab siin oma maksimaalse v\u00e4\u00e4rtuse. Ajami mootor on seega vabastatud kolvi \"vabas\" asendis. Seadmete mehaaniline \u00fclekoormamine pole v\u00f5imalik.  Iseloomulikud tunnused ELDRO\u00ae seadmetes kasutatav elektroh\u00fcdrauliline s\u00fcsteem koos lihtsa integreerimisega piduris\u00fcsteemidesse ja lihtsa elektrilise kasutuselev\u00f5tu protsessiga annavad erinevate t\u00f6\u00f6tingimuste jaoks j\u00e4rgmised omadused:   K\u00f5rge t\u00f6\u00f6kindlus  Pikk kasutusiga t\u00e4nu kulumisvabale t\u00f6\u00f6le koos p\u00fcsiva isem\u00e4\u00e4rdega  Pehme ja l\u00f6\u00f6givaba t\u00f6\u00f6 h\u00fcdraulilise t\u00f6\u00f6p\u00f5him\u00f5tte s\u00fcsteemne tulemus  L\u00fchikesed reguleerimisajad  Heakskiidetud pidev t\u00f6\u00f6 S1  Suur l\u00fclitussagedus kuni 2000 ts\u00fcklit tunnis l\u00fclitusre\u017eiimis S3  Tagurdamine ilma piiranguteta  Lihtne paigaldada ja eemaldada  Mootori suvaline p\u00f6\u00f6rlemissuund, seet\u00f5ttu ei ole vahetuskontaktorid vajalikud  T\u00f6\u00f6tamise ajal ei ole \u00fclekoormus v\u00f5imalik  L\u00f6\u00f6giraja meelevaldne v\u00e4line piiramine  T\u00f5ste- ja\/v\u00f5i langetamisaegade astmeline pikendamine ventiilide paigaldamise kaudu  T\u00f6\u00f6keskkonna t\u00e4itmistase on optimeeritud vastavalt t\u00f6\u00f6tingimustele ega vaja t\u00e4iendavat kontrolli.  Lai standard temperatuurivahemik \u201325 \u00b0 C kuni +50 \u00b0 C, laiendatav \u201345 \u00b0 C kuni +80 \u00b0 C lisavarustusega, nt. soojendamine ja spetsiaalsete t\u00f6\u00f6vahendite kasutamine  Termokaitseahelat pole vaja  T\u00f6\u00f6p\u00f5him\u00f5tte jaoks pole vaja tundlikke elektroonilisi ja sensoorseid paigaldusosi","og_url":"https:\/\/dev.myindustrial.eu\/et\/shop\/elektro-hudraulilised-ajamite-lahendused\/elektrohudraulilised-toukurid\/elektrohudraulilised-toukurid-eldroclassic\/","og_site_name":"My industrial","article_modified_time":"2023-06-16T19:59:43+00:00","og_image":[{"width":456,"height":450,"url":"https:\/\/dev.myindustrial.eu\/wp-content\/uploads\/2022\/01\/ELDRO-classic-1-456x450-3.jpg","type":"image\/jpeg"}],"twitter_card":"summary_large_image","schema":{"@context":"https:\/\/schema.org","@graph":[{"@type":"WebPage","@id":"https:\/\/dev.myindustrial.eu\/et\/shop\/elektro-hudraulilised-ajamite-lahendused\/elektrohudraulilised-toukurid\/elektrohudraulilised-toukurid-eldroclassic\/","url":"https:\/\/dev.myindustrial.eu\/et\/shop\/elektro-hudraulilised-ajamite-lahendused\/elektrohudraulilised-toukurid\/elektrohudraulilised-toukurid-eldroclassic\/","name":"Elektroh\u00fcdraulilised t\u00f5ukurid ELDROclassic\u00ae - My industrial","isPartOf":{"@id":"https:\/\/dev.myindustrial.eu\/et\/#website"},"primaryImageOfPage":{"@id":"https:\/\/dev.myindustrial.eu\/et\/shop\/elektro-hudraulilised-ajamite-lahendused\/elektrohudraulilised-toukurid\/elektrohudraulilised-toukurid-eldroclassic\/#primaryimage"},"image":{"@id":"https:\/\/dev.myindustrial.eu\/et\/shop\/elektro-hudraulilised-ajamite-lahendused\/elektrohudraulilised-toukurid\/elektrohudraulilised-toukurid-eldroclassic\/#primaryimage"},"thumbnailUrl":"https:\/\/dev.myindustrial.eu\/wp-content\/uploads\/2022\/01\/ELDRO-classic-1-456x450-3.jpg","datePublished":"2022-01-14T02:06:20+00:00","dateModified":"2023-06-16T19:59:43+00:00","breadcrumb":{"@id":"https:\/\/dev.myindustrial.eu\/et\/shop\/elektro-hudraulilised-ajamite-lahendused\/elektrohudraulilised-toukurid\/elektrohudraulilised-toukurid-eldroclassic\/#breadcrumb"},"inLanguage":"et","potentialAction":[{"@type":"ReadAction","target":["https:\/\/dev.myindustrial.eu\/et\/shop\/elektro-hudraulilised-ajamite-lahendused\/elektrohudraulilised-toukurid\/elektrohudraulilised-toukurid-eldroclassic\/"]}]},{"@type":"ImageObject","inLanguage":"et","@id":"https:\/\/dev.myindustrial.eu\/et\/shop\/elektro-hudraulilised-ajamite-lahendused\/elektrohudraulilised-toukurid\/elektrohudraulilised-toukurid-eldroclassic\/#primaryimage","url":"https:\/\/dev.myindustrial.eu\/wp-content\/uploads\/2022\/01\/ELDRO-classic-1-456x450-3.jpg","contentUrl":"https:\/\/dev.myindustrial.eu\/wp-content\/uploads\/2022\/01\/ELDRO-classic-1-456x450-3.jpg","width":456,"height":450},{"@type":"BreadcrumbList","@id":"https:\/\/dev.myindustrial.eu\/et\/shop\/elektro-hudraulilised-ajamite-lahendused\/elektrohudraulilised-toukurid\/elektrohudraulilised-toukurid-eldroclassic\/#breadcrumb","itemListElement":[{"@type":"ListItem","position":1,"name":"Home","item":"https:\/\/dev.myindustrial.eu\/et\/"},{"@type":"ListItem","position":2,"name":"Products","item":"https:\/\/dev.myindustrial.eu\/et\/products\/"},{"@type":"ListItem","position":3,"name":"Elektroh\u00fcdraulilised t\u00f5ukurid ELDROclassic\u00ae"}]},{"@type":"WebSite","@id":"https:\/\/dev.myindustrial.eu\/et\/#website","url":"https:\/\/dev.myindustrial.eu\/et\/","name":"My industrial","description":"","potentialAction":[{"@type":"SearchAction","target":{"@type":"EntryPoint","urlTemplate":"https:\/\/dev.myindustrial.eu\/et\/?s={search_term_string}"},"query-input":{"@type":"PropertyValueSpecification","valueRequired":true,"valueName":"search_term_string"}}],"inLanguage":"et"}]}},"_links":{"self":[{"href":"https:\/\/dev.myindustrial.eu\/et\/wp-json\/wp\/v2\/product\/1260059444","targetHints":{"allow":["GET"]}}],"collection":[{"href":"https:\/\/dev.myindustrial.eu\/et\/wp-json\/wp\/v2\/product"}],"about":[{"href":"https:\/\/dev.myindustrial.eu\/et\/wp-json\/wp\/v2\/types\/product"}],"version-history":[{"count":1,"href":"https:\/\/dev.myindustrial.eu\/et\/wp-json\/wp\/v2\/product\/1260059444\/revisions"}],"predecessor-version":[{"id":1260062839,"href":"https:\/\/dev.myindustrial.eu\/et\/wp-json\/wp\/v2\/product\/1260059444\/revisions\/1260062839"}],"wp:featuredmedia":[{"embeddable":true,"href":"https:\/\/dev.myindustrial.eu\/et\/wp-json\/wp\/v2\/media\/1260058297"}],"wp:attachment":[{"href":"https:\/\/dev.myindustrial.eu\/et\/wp-json\/wp\/v2\/media?parent=1260059444"}],"wp:term":[{"taxonomy":"product_brand","embeddable":true,"href":"https:\/\/dev.myindustrial.eu\/et\/wp-json\/wp\/v2\/product_brand?post=1260059444"},{"taxonomy":"product_cat","embeddable":true,"href":"https:\/\/dev.myindustrial.eu\/et\/wp-json\/wp\/v2\/product_cat?post=1260059444"},{"taxonomy":"product_tag","embeddable":true,"href":"https:\/\/dev.myindustrial.eu\/et\/wp-json\/wp\/v2\/product_tag?post=1260059444"}],"curies":[{"name":"wp","href":"https:\/\/api.w.org\/{rel}","templated":true}]}}