{"id":1260059445,"date":"2022-01-14T02:06:20","date_gmt":"2022-01-14T02:06:20","guid":{"rendered":"https:\/\/dev.myindustrial.eu\/shop-2\/maaratlemata\/eldro-alalisvoolu-seeria\/"},"modified":"2023-06-16T19:59:36","modified_gmt":"2023-06-16T19:59:36","slug":"eldro-alalisvoolu-seeria","status":"publish","type":"product","link":"https:\/\/dev.myindustrial.eu\/et\/shop\/elektro-hudraulilised-ajamite-lahendused\/elektrohudraulilised-toukurid\/eldro-alalisvoolu-seeria\/","title":{"rendered":"ELDRO\u00ae Alalisvoolu seeria"},"content":{"rendered":"<p><iframe width=\"560\" height=\"315\" src=\"https:\/\/youtube.com\/embed\/E9ieLcNyUUY\" frameborder=\"0\" allow=\"accelerometer; autoplay; clipboard-write; encrypted-media; gyroscope; picture-in-picture; web-share\" allowfullscreen><\/iframe><\/p>\n","protected":false},"excerpt":{"rendered":"<p>Kasutusalad<br \/>\nELDRO\u00ae DC seadmeid kasutatakse s\u00fcsteemides, kus on olemas alalisvoolu toide. Seadmed tuleb mootoritega paralleelselt elektriliselt \u00fchendada. ELDRO\u00ae mootorite jada\u00fchendus ei ole v\u00f5imalik.<br \/>\nSeeriat ELDRO\u00ae DC kasutatakse ka pidurite avamiseks kolmefaasilise toitepinge rikke korral. Sellisel juhul paigaldatakse need seadmed pidurisse t\u00e4iendava pidurit\u00f5ukurina. Neid seadmeid saab seej\u00e4rel toita n\u00e4iteks alalisvoolupingega. See v\u00f5imaldab n\u00e4iteks kaupade laadimist t\u00f5steseadmesse ohutult alla lasta ja maha panna.<\/p>\n<p><a href=\"https:\/\/dev.myindustrial.eu\/wp-content\/uploads\/2022\/01\/20221026_brochure_emg_eg-series_en.pdf\" target=\"_blank\" rel=\"noopener\"><img decoding=\"async\" src=\"\/wp-content\/uploads\/2023\/02\/download-button-est.svg\" \/><\/a><\/p>\n","protected":false},"featured_media":1260058303,"template":"","meta":[],"product_brand":[],"product_cat":[1311],"product_tag":[],"class_list":{"0":"post-1260059445","1":"product","2":"type-product","3":"status-publish","4":"has-post-thumbnail","6":"product_cat-elektrohudraulilised-toukurid","8":"first","9":"instock","10":"product-type-simple"},"yoast_head":"<!-- This site is optimized with the Yoast SEO plugin v27.1.1 - https:\/\/yoast.com\/product\/yoast-seo-wordpress\/ -->\n<title>ELDRO\u00ae Alalisvoolu seeria - My industrial<\/title>\n<meta name=\"robots\" content=\"noindex, follow, max-snippet:-1, max-image-preview:large, max-video-preview:-1\" \/>\n<meta property=\"og:locale\" content=\"et_EE\" \/>\n<meta property=\"og:type\" content=\"article\" \/>\n<meta property=\"og:title\" content=\"ELDRO\u00ae Alalisvoolu seeria - My industrial\" \/>\n<meta property=\"og:description\" content=\"Kasutusalad ELDRO\u00ae DC seadmeid kasutatakse s\u00fcsteemides, kus on olemas alalisvoolu toide. Seadmed tuleb mootoritega paralleelselt elektriliselt \u00fchendada. ELDRO\u00ae mootorite jada\u00fchendus ei ole v\u00f5imalik. Seeriat ELDRO\u00ae DC kasutatakse ka pidurite avamiseks kolmefaasilise toitepinge rikke korral. Sellisel juhul paigaldatakse need seadmed pidurisse t\u00e4iendava pidurit\u00f5ukurina. Neid seadmeid saab seej\u00e4rel toita n\u00e4iteks alalisvoolupingega. See v\u00f5imaldab n\u00e4iteks kaupade laadimist t\u00f5steseadmesse ohutult alla lasta ja maha panna.\" \/>\n<meta property=\"og:url\" content=\"https:\/\/dev.myindustrial.eu\/et\/shop\/elektro-hudraulilised-ajamite-lahendused\/elektrohudraulilised-toukurid\/eldro-alalisvoolu-seeria\/\" \/>\n<meta property=\"og:site_name\" content=\"My industrial\" \/>\n<meta property=\"article:modified_time\" content=\"2023-06-16T19:59:36+00:00\" \/>\n<meta property=\"og:image\" content=\"https:\/\/dev.myindustrial.eu\/wp-content\/uploads\/2022\/01\/ELDRO_DC-300x300-4.jpg\" \/>\n\t<meta property=\"og:image:width\" content=\"300\" \/>\n\t<meta property=\"og:image:height\" content=\"300\" \/>\n\t<meta property=\"og:image:type\" content=\"image\/jpeg\" \/>\n<meta name=\"twitter:card\" content=\"summary_large_image\" \/>\n<script type=\"application\/ld+json\" class=\"yoast-schema-graph\">{\"@context\":\"https:\/\/schema.org\",\"@graph\":[{\"@type\":\"WebPage\",\"@id\":\"https:\/\/dev.myindustrial.eu\/et\/shop\/elektro-hudraulilised-ajamite-lahendused\/elektrohudraulilised-toukurid\/eldro-alalisvoolu-seeria\/\",\"url\":\"https:\/\/dev.myindustrial.eu\/et\/shop\/elektro-hudraulilised-ajamite-lahendused\/elektrohudraulilised-toukurid\/eldro-alalisvoolu-seeria\/\",\"name\":\"ELDRO\u00ae Alalisvoolu seeria - My industrial\",\"isPartOf\":{\"@id\":\"https:\/\/dev.myindustrial.eu\/et\/#website\"},\"primaryImageOfPage\":{\"@id\":\"https:\/\/dev.myindustrial.eu\/et\/shop\/elektro-hudraulilised-ajamite-lahendused\/elektrohudraulilised-toukurid\/eldro-alalisvoolu-seeria\/#primaryimage\"},\"image\":{\"@id\":\"https:\/\/dev.myindustrial.eu\/et\/shop\/elektro-hudraulilised-ajamite-lahendused\/elektrohudraulilised-toukurid\/eldro-alalisvoolu-seeria\/#primaryimage\"},\"thumbnailUrl\":\"https:\/\/dev.myindustrial.eu\/wp-content\/uploads\/2022\/01\/ELDRO_DC-300x300-4.jpg\",\"datePublished\":\"2022-01-14T02:06:20+00:00\",\"dateModified\":\"2023-06-16T19:59:36+00:00\",\"breadcrumb\":{\"@id\":\"https:\/\/dev.myindustrial.eu\/et\/shop\/elektro-hudraulilised-ajamite-lahendused\/elektrohudraulilised-toukurid\/eldro-alalisvoolu-seeria\/#breadcrumb\"},\"inLanguage\":\"et\",\"potentialAction\":[{\"@type\":\"ReadAction\",\"target\":[\"https:\/\/dev.myindustrial.eu\/et\/shop\/elektro-hudraulilised-ajamite-lahendused\/elektrohudraulilised-toukurid\/eldro-alalisvoolu-seeria\/\"]}]},{\"@type\":\"ImageObject\",\"inLanguage\":\"et\",\"@id\":\"https:\/\/dev.myindustrial.eu\/et\/shop\/elektro-hudraulilised-ajamite-lahendused\/elektrohudraulilised-toukurid\/eldro-alalisvoolu-seeria\/#primaryimage\",\"url\":\"https:\/\/dev.myindustrial.eu\/wp-content\/uploads\/2022\/01\/ELDRO_DC-300x300-4.jpg\",\"contentUrl\":\"https:\/\/dev.myindustrial.eu\/wp-content\/uploads\/2022\/01\/ELDRO_DC-300x300-4.jpg\",\"width\":300,\"height\":300},{\"@type\":\"BreadcrumbList\",\"@id\":\"https:\/\/dev.myindustrial.eu\/et\/shop\/elektro-hudraulilised-ajamite-lahendused\/elektrohudraulilised-toukurid\/eldro-alalisvoolu-seeria\/#breadcrumb\",\"itemListElement\":[{\"@type\":\"ListItem\",\"position\":1,\"name\":\"Home\",\"item\":\"https:\/\/dev.myindustrial.eu\/et\/\"},{\"@type\":\"ListItem\",\"position\":2,\"name\":\"Products\",\"item\":\"https:\/\/dev.myindustrial.eu\/et\/products\/\"},{\"@type\":\"ListItem\",\"position\":3,\"name\":\"ELDRO\u00ae Alalisvoolu seeria\"}]},{\"@type\":\"WebSite\",\"@id\":\"https:\/\/dev.myindustrial.eu\/et\/#website\",\"url\":\"https:\/\/dev.myindustrial.eu\/et\/\",\"name\":\"My industrial\",\"description\":\"\",\"potentialAction\":[{\"@type\":\"SearchAction\",\"target\":{\"@type\":\"EntryPoint\",\"urlTemplate\":\"https:\/\/dev.myindustrial.eu\/et\/?s={search_term_string}\"},\"query-input\":{\"@type\":\"PropertyValueSpecification\",\"valueRequired\":true,\"valueName\":\"search_term_string\"}}],\"inLanguage\":\"et\"}]}<\/script>\n<!-- \/ Yoast SEO plugin. -->","yoast_head_json":{"title":"ELDRO\u00ae Alalisvoolu seeria - My industrial","robots":{"index":"noindex","follow":"follow","max-snippet":"max-snippet:-1","max-image-preview":"max-image-preview:large","max-video-preview":"max-video-preview:-1"},"og_locale":"et_EE","og_type":"article","og_title":"ELDRO\u00ae Alalisvoolu seeria - My industrial","og_description":"Kasutusalad ELDRO\u00ae DC seadmeid kasutatakse s\u00fcsteemides, kus on olemas alalisvoolu toide. Seadmed tuleb mootoritega paralleelselt elektriliselt \u00fchendada. ELDRO\u00ae mootorite jada\u00fchendus ei ole v\u00f5imalik. Seeriat ELDRO\u00ae DC kasutatakse ka pidurite avamiseks kolmefaasilise toitepinge rikke korral. Sellisel juhul paigaldatakse need seadmed pidurisse t\u00e4iendava pidurit\u00f5ukurina. Neid seadmeid saab seej\u00e4rel toita n\u00e4iteks alalisvoolupingega. See v\u00f5imaldab n\u00e4iteks kaupade laadimist t\u00f5steseadmesse ohutult alla lasta ja maha panna.","og_url":"https:\/\/dev.myindustrial.eu\/et\/shop\/elektro-hudraulilised-ajamite-lahendused\/elektrohudraulilised-toukurid\/eldro-alalisvoolu-seeria\/","og_site_name":"My industrial","article_modified_time":"2023-06-16T19:59:36+00:00","og_image":[{"width":300,"height":300,"url":"https:\/\/dev.myindustrial.eu\/wp-content\/uploads\/2022\/01\/ELDRO_DC-300x300-4.jpg","type":"image\/jpeg"}],"twitter_card":"summary_large_image","schema":{"@context":"https:\/\/schema.org","@graph":[{"@type":"WebPage","@id":"https:\/\/dev.myindustrial.eu\/et\/shop\/elektro-hudraulilised-ajamite-lahendused\/elektrohudraulilised-toukurid\/eldro-alalisvoolu-seeria\/","url":"https:\/\/dev.myindustrial.eu\/et\/shop\/elektro-hudraulilised-ajamite-lahendused\/elektrohudraulilised-toukurid\/eldro-alalisvoolu-seeria\/","name":"ELDRO\u00ae Alalisvoolu seeria - My industrial","isPartOf":{"@id":"https:\/\/dev.myindustrial.eu\/et\/#website"},"primaryImageOfPage":{"@id":"https:\/\/dev.myindustrial.eu\/et\/shop\/elektro-hudraulilised-ajamite-lahendused\/elektrohudraulilised-toukurid\/eldro-alalisvoolu-seeria\/#primaryimage"},"image":{"@id":"https:\/\/dev.myindustrial.eu\/et\/shop\/elektro-hudraulilised-ajamite-lahendused\/elektrohudraulilised-toukurid\/eldro-alalisvoolu-seeria\/#primaryimage"},"thumbnailUrl":"https:\/\/dev.myindustrial.eu\/wp-content\/uploads\/2022\/01\/ELDRO_DC-300x300-4.jpg","datePublished":"2022-01-14T02:06:20+00:00","dateModified":"2023-06-16T19:59:36+00:00","breadcrumb":{"@id":"https:\/\/dev.myindustrial.eu\/et\/shop\/elektro-hudraulilised-ajamite-lahendused\/elektrohudraulilised-toukurid\/eldro-alalisvoolu-seeria\/#breadcrumb"},"inLanguage":"et","potentialAction":[{"@type":"ReadAction","target":["https:\/\/dev.myindustrial.eu\/et\/shop\/elektro-hudraulilised-ajamite-lahendused\/elektrohudraulilised-toukurid\/eldro-alalisvoolu-seeria\/"]}]},{"@type":"ImageObject","inLanguage":"et","@id":"https:\/\/dev.myindustrial.eu\/et\/shop\/elektro-hudraulilised-ajamite-lahendused\/elektrohudraulilised-toukurid\/eldro-alalisvoolu-seeria\/#primaryimage","url":"https:\/\/dev.myindustrial.eu\/wp-content\/uploads\/2022\/01\/ELDRO_DC-300x300-4.jpg","contentUrl":"https:\/\/dev.myindustrial.eu\/wp-content\/uploads\/2022\/01\/ELDRO_DC-300x300-4.jpg","width":300,"height":300},{"@type":"BreadcrumbList","@id":"https:\/\/dev.myindustrial.eu\/et\/shop\/elektro-hudraulilised-ajamite-lahendused\/elektrohudraulilised-toukurid\/eldro-alalisvoolu-seeria\/#breadcrumb","itemListElement":[{"@type":"ListItem","position":1,"name":"Home","item":"https:\/\/dev.myindustrial.eu\/et\/"},{"@type":"ListItem","position":2,"name":"Products","item":"https:\/\/dev.myindustrial.eu\/et\/products\/"},{"@type":"ListItem","position":3,"name":"ELDRO\u00ae Alalisvoolu seeria"}]},{"@type":"WebSite","@id":"https:\/\/dev.myindustrial.eu\/et\/#website","url":"https:\/\/dev.myindustrial.eu\/et\/","name":"My industrial","description":"","potentialAction":[{"@type":"SearchAction","target":{"@type":"EntryPoint","urlTemplate":"https:\/\/dev.myindustrial.eu\/et\/?s={search_term_string}"},"query-input":{"@type":"PropertyValueSpecification","valueRequired":true,"valueName":"search_term_string"}}],"inLanguage":"et"}]}},"_links":{"self":[{"href":"https:\/\/dev.myindustrial.eu\/et\/wp-json\/wp\/v2\/product\/1260059445","targetHints":{"allow":["GET"]}}],"collection":[{"href":"https:\/\/dev.myindustrial.eu\/et\/wp-json\/wp\/v2\/product"}],"about":[{"href":"https:\/\/dev.myindustrial.eu\/et\/wp-json\/wp\/v2\/types\/product"}],"version-history":[{"count":0,"href":"https:\/\/dev.myindustrial.eu\/et\/wp-json\/wp\/v2\/product\/1260059445\/revisions"}],"wp:featuredmedia":[{"embeddable":true,"href":"https:\/\/dev.myindustrial.eu\/et\/wp-json\/wp\/v2\/media\/1260058303"}],"wp:attachment":[{"href":"https:\/\/dev.myindustrial.eu\/et\/wp-json\/wp\/v2\/media?parent=1260059445"}],"wp:term":[{"taxonomy":"product_brand","embeddable":true,"href":"https:\/\/dev.myindustrial.eu\/et\/wp-json\/wp\/v2\/product_brand?post=1260059445"},{"taxonomy":"product_cat","embeddable":true,"href":"https:\/\/dev.myindustrial.eu\/et\/wp-json\/wp\/v2\/product_cat?post=1260059445"},{"taxonomy":"product_tag","embeddable":true,"href":"https:\/\/dev.myindustrial.eu\/et\/wp-json\/wp\/v2\/product_tag?post=1260059445"}],"curies":[{"name":"wp","href":"https:\/\/api.w.org\/{rel}","templated":true}]}}