{"id":1260059446,"date":"2022-01-14T02:06:20","date_gmt":"2022-01-14T02:06:20","guid":{"rendered":"https:\/\/dev.myindustrial.eu\/shop-2\/maaratlemata\/eldrodynamic\/"},"modified":"2023-06-16T19:59:35","modified_gmt":"2023-06-16T19:59:35","slug":"eldrodynamic","status":"publish","type":"product","link":"https:\/\/dev.myindustrial.eu\/et\/shop\/elektro-hudraulilised-ajamite-lahendused\/elektrohudraulilised-toukurid\/eldrodynamic\/","title":{"rendered":"ELDROdynamic\u00ae"},"content":{"rendered":"<p><iframe width=\"560\" height=\"315\" src=\"https:\/\/youtube.com\/embed\/E9ieLcNyUUY\" frameborder=\"0\" allow=\"accelerometer; autoplay; clipboard-write; encrypted-media; gyroscope; picture-in-picture; web-share\" allowfullscreen><\/iframe><\/p>\n","protected":false},"excerpt":{"rendered":"<p>Iseloomulikud tunnused<br \/>\nELDROdynamic\u00ae t\u00f5ukej\u00f5udude elektroh\u00fcdraulikas\u00fcsteem koos nende h\u00f5lpsa integreerimisega piduris\u00fcsteemidesse ja lihtsa elektri\u00fchendusega annavad j\u00e4rgmised omadused paljude rakendustingimuste jaoks:<\/p>\n<ul>\n<li>V\u00e4iksem energiatarve ja isekuumenemine t\u00e4nu t\u00f5hususklassi IE3 mootoritele ja optimeeritud pumba geomeetriale<\/li>\n<li>Sulgemisajad \u2264 200 ms ja l\u00f6\u00f6giajad \u2264 700 ms saavutatakse ELDROdynamic\u00ae -iga (m\u00e4\u00e4ratud 80 mm k\u00e4iguga)<\/li>\n<li>Modulaarse disaini t\u00f5ttu hooldus- ja teeninduss\u00f5bralik<\/li>\n<li>V\u00f5imalikud on k\u00e4igupikkused kuni 500 mm, n\u00f5udmisel erinevad n\u00f5uded<\/li>\n<li>K\u00f5rge t\u00f6\u00f6kindlus (t\u00f5rkekindel)<\/li>\n<li>Pikk kasutusiga kulumisvaba t\u00f6\u00f6 t\u00f5ttu<\/li>\n<li>Pehme ja p\u00f5rutusvaba t\u00f6\u00f6, t\u00e4nu h\u00fcdrod\u00fcnaamilisele t\u00f6\u00f6re\u017eiimile<\/li>\n<li>Heakskiidetud pidev t\u00f6\u00f6 S1 ja l\u00fclitusoperatsioon S3 kuni 2000 toimingut tunnis<\/li>\n<li>Mis tahes mootori p\u00f6\u00f6rlemissuund<\/li>\n<li>\u00dclekoormus t\u00f6\u00f6 ajal ei ole v\u00f5imalik<\/li>\n<li>T\u00f5ste- ja\/v\u00f5i langetamisaegade pidev reguleerimine ventiilide paigaldamisega<\/li>\n<\/ul>\n<p>Lisavarustusega muutub ELDRO\u00aedynamic:<br \/>\nELDROdigital\u00ae<br \/>\nVajadusel saab ELDROdigital\u00ae elektroh\u00fcdraulilist t\u00f5ukurit varustada nii erinevat t\u00fc\u00fcpi anduritega kui ka IO-Linkiga \u00fchilduva hindamiselektroonikaga, et salvestada ja hinnata anduri- ja t\u00f6\u00f6andmeid seisukorra j\u00e4lgimiss\u00fcsteemiga \u00fchendamiseks.<\/p>\n<ul>\n<li>V\u00f5imalik lisavarustus:<\/li>\n<li>r\u00f5huandur<\/li>\n<li>analoog -nihkeandur<\/li>\n<li>temperatuuriandur<\/li>\n<li>j\u00f5u andur<\/li>\n<li>l\u00f5ppasendi tuvastamine<\/li>\n<\/ul>\n<p><a href=\"\/wp-content\/uploads\/2022\/01\/emg_eldro-dynamic_en_rev00_10-2022.pdf\" target=\"_blank\" rel=\"noopener\"><img decoding=\"async\" src=\"\/wp-content\/uploads\/2023\/02\/download-button-est.svg\" \/><\/a><\/p>\n","protected":false},"featured_media":1260058309,"template":"","meta":[],"product_brand":[],"product_cat":[1311],"product_tag":[],"class_list":{"0":"post-1260059446","1":"product","2":"type-product","3":"status-publish","4":"has-post-thumbnail","6":"product_cat-elektrohudraulilised-toukurid","8":"first","9":"instock","10":"product-type-simple"},"yoast_head":"<!-- This site is optimized with the Yoast SEO plugin v27.1.1 - https:\/\/yoast.com\/product\/yoast-seo-wordpress\/ -->\n<title>ELDROdynamic\u00ae - My industrial<\/title>\n<meta name=\"robots\" content=\"noindex, follow, max-snippet:-1, max-image-preview:large, max-video-preview:-1\" \/>\n<meta property=\"og:locale\" content=\"et_EE\" \/>\n<meta property=\"og:type\" content=\"article\" \/>\n<meta property=\"og:title\" content=\"ELDROdynamic\u00ae - My industrial\" \/>\n<meta property=\"og:description\" content=\"Iseloomulikud tunnused ELDROdynamic\u00ae t\u00f5ukej\u00f5udude elektroh\u00fcdraulikas\u00fcsteem koos nende h\u00f5lpsa integreerimisega piduris\u00fcsteemidesse ja lihtsa elektri\u00fchendusega annavad j\u00e4rgmised omadused paljude rakendustingimuste jaoks:   V\u00e4iksem energiatarve ja isekuumenemine t\u00e4nu t\u00f5hususklassi IE3 mootoritele ja optimeeritud pumba geomeetriale  Sulgemisajad \u2264 200 ms ja l\u00f6\u00f6giajad \u2264 700 ms saavutatakse ELDROdynamic\u00ae -iga (m\u00e4\u00e4ratud 80 mm k\u00e4iguga)  Modulaarse disaini t\u00f5ttu hooldus- ja teeninduss\u00f5bralik  V\u00f5imalikud on k\u00e4igupikkused kuni 500 mm, n\u00f5udmisel erinevad n\u00f5uded  K\u00f5rge t\u00f6\u00f6kindlus (t\u00f5rkekindel)  Pikk kasutusiga kulumisvaba t\u00f6\u00f6 t\u00f5ttu  Pehme ja p\u00f5rutusvaba t\u00f6\u00f6, t\u00e4nu h\u00fcdrod\u00fcnaamilisele t\u00f6\u00f6re\u017eiimile  Heakskiidetud pidev t\u00f6\u00f6 S1 ja l\u00fclitusoperatsioon S3 kuni 2000 toimingut tunnis  Mis tahes mootori p\u00f6\u00f6rlemissuund  \u00dclekoormus t\u00f6\u00f6 ajal ei ole v\u00f5imalik  T\u00f5ste- ja\/v\u00f5i langetamisaegade pidev reguleerimine ventiilide paigaldamisega  Lisavarustusega muutub ELDRO\u00aedynamic: ELDROdigital\u00ae Vajadusel saab ELDROdigital\u00ae elektroh\u00fcdraulilist t\u00f5ukurit varustada nii erinevat t\u00fc\u00fcpi anduritega kui ka IO-Linkiga \u00fchilduva hindamiselektroonikaga, et salvestada ja hinnata anduri- ja t\u00f6\u00f6andmeid seisukorra j\u00e4lgimiss\u00fcsteemiga \u00fchendamiseks.   V\u00f5imalik lisavarustus:  r\u00f5huandur  analoog -nihkeandur  temperatuuriandur  j\u00f5u andur  l\u00f5ppasendi tuvastamine\" \/>\n<meta property=\"og:url\" content=\"https:\/\/dev.myindustrial.eu\/et\/shop\/elektro-hudraulilised-ajamite-lahendused\/elektrohudraulilised-toukurid\/eldrodynamic\/\" \/>\n<meta property=\"og:site_name\" content=\"My industrial\" \/>\n<meta property=\"article:modified_time\" content=\"2023-06-16T19:59:35+00:00\" \/>\n<meta property=\"og:image\" content=\"https:\/\/dev.myindustrial.eu\/wp-content\/uploads\/2022\/01\/EMG_ELDRO-dynamic-1-568x576-3.jpg\" \/>\n\t<meta property=\"og:image:width\" content=\"568\" \/>\n\t<meta property=\"og:image:height\" content=\"576\" \/>\n\t<meta property=\"og:image:type\" content=\"image\/jpeg\" \/>\n<meta name=\"twitter:card\" content=\"summary_large_image\" \/>\n<script type=\"application\/ld+json\" class=\"yoast-schema-graph\">{\"@context\":\"https:\/\/schema.org\",\"@graph\":[{\"@type\":\"WebPage\",\"@id\":\"https:\/\/dev.myindustrial.eu\/et\/shop\/elektro-hudraulilised-ajamite-lahendused\/elektrohudraulilised-toukurid\/eldrodynamic\/\",\"url\":\"https:\/\/dev.myindustrial.eu\/et\/shop\/elektro-hudraulilised-ajamite-lahendused\/elektrohudraulilised-toukurid\/eldrodynamic\/\",\"name\":\"ELDROdynamic\u00ae - My industrial\",\"isPartOf\":{\"@id\":\"https:\/\/dev.myindustrial.eu\/et\/#website\"},\"primaryImageOfPage\":{\"@id\":\"https:\/\/dev.myindustrial.eu\/et\/shop\/elektro-hudraulilised-ajamite-lahendused\/elektrohudraulilised-toukurid\/eldrodynamic\/#primaryimage\"},\"image\":{\"@id\":\"https:\/\/dev.myindustrial.eu\/et\/shop\/elektro-hudraulilised-ajamite-lahendused\/elektrohudraulilised-toukurid\/eldrodynamic\/#primaryimage\"},\"thumbnailUrl\":\"https:\/\/dev.myindustrial.eu\/wp-content\/uploads\/2022\/01\/EMG_ELDRO-dynamic-1-568x576-3.jpg\",\"datePublished\":\"2022-01-14T02:06:20+00:00\",\"dateModified\":\"2023-06-16T19:59:35+00:00\",\"breadcrumb\":{\"@id\":\"https:\/\/dev.myindustrial.eu\/et\/shop\/elektro-hudraulilised-ajamite-lahendused\/elektrohudraulilised-toukurid\/eldrodynamic\/#breadcrumb\"},\"inLanguage\":\"et\",\"potentialAction\":[{\"@type\":\"ReadAction\",\"target\":[\"https:\/\/dev.myindustrial.eu\/et\/shop\/elektro-hudraulilised-ajamite-lahendused\/elektrohudraulilised-toukurid\/eldrodynamic\/\"]}]},{\"@type\":\"ImageObject\",\"inLanguage\":\"et\",\"@id\":\"https:\/\/dev.myindustrial.eu\/et\/shop\/elektro-hudraulilised-ajamite-lahendused\/elektrohudraulilised-toukurid\/eldrodynamic\/#primaryimage\",\"url\":\"https:\/\/dev.myindustrial.eu\/wp-content\/uploads\/2022\/01\/EMG_ELDRO-dynamic-1-568x576-3.jpg\",\"contentUrl\":\"https:\/\/dev.myindustrial.eu\/wp-content\/uploads\/2022\/01\/EMG_ELDRO-dynamic-1-568x576-3.jpg\",\"width\":568,\"height\":576},{\"@type\":\"BreadcrumbList\",\"@id\":\"https:\/\/dev.myindustrial.eu\/et\/shop\/elektro-hudraulilised-ajamite-lahendused\/elektrohudraulilised-toukurid\/eldrodynamic\/#breadcrumb\",\"itemListElement\":[{\"@type\":\"ListItem\",\"position\":1,\"name\":\"Home\",\"item\":\"https:\/\/dev.myindustrial.eu\/et\/\"},{\"@type\":\"ListItem\",\"position\":2,\"name\":\"Products\",\"item\":\"https:\/\/dev.myindustrial.eu\/et\/products\/\"},{\"@type\":\"ListItem\",\"position\":3,\"name\":\"ELDROdynamic\u00ae\"}]},{\"@type\":\"WebSite\",\"@id\":\"https:\/\/dev.myindustrial.eu\/et\/#website\",\"url\":\"https:\/\/dev.myindustrial.eu\/et\/\",\"name\":\"My industrial\",\"description\":\"\",\"potentialAction\":[{\"@type\":\"SearchAction\",\"target\":{\"@type\":\"EntryPoint\",\"urlTemplate\":\"https:\/\/dev.myindustrial.eu\/et\/?s={search_term_string}\"},\"query-input\":{\"@type\":\"PropertyValueSpecification\",\"valueRequired\":true,\"valueName\":\"search_term_string\"}}],\"inLanguage\":\"et\"}]}<\/script>\n<!-- \/ Yoast SEO plugin. -->","yoast_head_json":{"title":"ELDROdynamic\u00ae - My industrial","robots":{"index":"noindex","follow":"follow","max-snippet":"max-snippet:-1","max-image-preview":"max-image-preview:large","max-video-preview":"max-video-preview:-1"},"og_locale":"et_EE","og_type":"article","og_title":"ELDROdynamic\u00ae - My industrial","og_description":"Iseloomulikud tunnused ELDROdynamic\u00ae t\u00f5ukej\u00f5udude elektroh\u00fcdraulikas\u00fcsteem koos nende h\u00f5lpsa integreerimisega piduris\u00fcsteemidesse ja lihtsa elektri\u00fchendusega annavad j\u00e4rgmised omadused paljude rakendustingimuste jaoks:   V\u00e4iksem energiatarve ja isekuumenemine t\u00e4nu t\u00f5hususklassi IE3 mootoritele ja optimeeritud pumba geomeetriale  Sulgemisajad \u2264 200 ms ja l\u00f6\u00f6giajad \u2264 700 ms saavutatakse ELDROdynamic\u00ae -iga (m\u00e4\u00e4ratud 80 mm k\u00e4iguga)  Modulaarse disaini t\u00f5ttu hooldus- ja teeninduss\u00f5bralik  V\u00f5imalikud on k\u00e4igupikkused kuni 500 mm, n\u00f5udmisel erinevad n\u00f5uded  K\u00f5rge t\u00f6\u00f6kindlus (t\u00f5rkekindel)  Pikk kasutusiga kulumisvaba t\u00f6\u00f6 t\u00f5ttu  Pehme ja p\u00f5rutusvaba t\u00f6\u00f6, t\u00e4nu h\u00fcdrod\u00fcnaamilisele t\u00f6\u00f6re\u017eiimile  Heakskiidetud pidev t\u00f6\u00f6 S1 ja l\u00fclitusoperatsioon S3 kuni 2000 toimingut tunnis  Mis tahes mootori p\u00f6\u00f6rlemissuund  \u00dclekoormus t\u00f6\u00f6 ajal ei ole v\u00f5imalik  T\u00f5ste- ja\/v\u00f5i langetamisaegade pidev reguleerimine ventiilide paigaldamisega  Lisavarustusega muutub ELDRO\u00aedynamic: ELDROdigital\u00ae Vajadusel saab ELDROdigital\u00ae elektroh\u00fcdraulilist t\u00f5ukurit varustada nii erinevat t\u00fc\u00fcpi anduritega kui ka IO-Linkiga \u00fchilduva hindamiselektroonikaga, et salvestada ja hinnata anduri- ja t\u00f6\u00f6andmeid seisukorra j\u00e4lgimiss\u00fcsteemiga \u00fchendamiseks.   V\u00f5imalik lisavarustus:  r\u00f5huandur  analoog -nihkeandur  temperatuuriandur  j\u00f5u andur  l\u00f5ppasendi tuvastamine","og_url":"https:\/\/dev.myindustrial.eu\/et\/shop\/elektro-hudraulilised-ajamite-lahendused\/elektrohudraulilised-toukurid\/eldrodynamic\/","og_site_name":"My industrial","article_modified_time":"2023-06-16T19:59:35+00:00","og_image":[{"width":568,"height":576,"url":"https:\/\/dev.myindustrial.eu\/wp-content\/uploads\/2022\/01\/EMG_ELDRO-dynamic-1-568x576-3.jpg","type":"image\/jpeg"}],"twitter_card":"summary_large_image","schema":{"@context":"https:\/\/schema.org","@graph":[{"@type":"WebPage","@id":"https:\/\/dev.myindustrial.eu\/et\/shop\/elektro-hudraulilised-ajamite-lahendused\/elektrohudraulilised-toukurid\/eldrodynamic\/","url":"https:\/\/dev.myindustrial.eu\/et\/shop\/elektro-hudraulilised-ajamite-lahendused\/elektrohudraulilised-toukurid\/eldrodynamic\/","name":"ELDROdynamic\u00ae - My industrial","isPartOf":{"@id":"https:\/\/dev.myindustrial.eu\/et\/#website"},"primaryImageOfPage":{"@id":"https:\/\/dev.myindustrial.eu\/et\/shop\/elektro-hudraulilised-ajamite-lahendused\/elektrohudraulilised-toukurid\/eldrodynamic\/#primaryimage"},"image":{"@id":"https:\/\/dev.myindustrial.eu\/et\/shop\/elektro-hudraulilised-ajamite-lahendused\/elektrohudraulilised-toukurid\/eldrodynamic\/#primaryimage"},"thumbnailUrl":"https:\/\/dev.myindustrial.eu\/wp-content\/uploads\/2022\/01\/EMG_ELDRO-dynamic-1-568x576-3.jpg","datePublished":"2022-01-14T02:06:20+00:00","dateModified":"2023-06-16T19:59:35+00:00","breadcrumb":{"@id":"https:\/\/dev.myindustrial.eu\/et\/shop\/elektro-hudraulilised-ajamite-lahendused\/elektrohudraulilised-toukurid\/eldrodynamic\/#breadcrumb"},"inLanguage":"et","potentialAction":[{"@type":"ReadAction","target":["https:\/\/dev.myindustrial.eu\/et\/shop\/elektro-hudraulilised-ajamite-lahendused\/elektrohudraulilised-toukurid\/eldrodynamic\/"]}]},{"@type":"ImageObject","inLanguage":"et","@id":"https:\/\/dev.myindustrial.eu\/et\/shop\/elektro-hudraulilised-ajamite-lahendused\/elektrohudraulilised-toukurid\/eldrodynamic\/#primaryimage","url":"https:\/\/dev.myindustrial.eu\/wp-content\/uploads\/2022\/01\/EMG_ELDRO-dynamic-1-568x576-3.jpg","contentUrl":"https:\/\/dev.myindustrial.eu\/wp-content\/uploads\/2022\/01\/EMG_ELDRO-dynamic-1-568x576-3.jpg","width":568,"height":576},{"@type":"BreadcrumbList","@id":"https:\/\/dev.myindustrial.eu\/et\/shop\/elektro-hudraulilised-ajamite-lahendused\/elektrohudraulilised-toukurid\/eldrodynamic\/#breadcrumb","itemListElement":[{"@type":"ListItem","position":1,"name":"Home","item":"https:\/\/dev.myindustrial.eu\/et\/"},{"@type":"ListItem","position":2,"name":"Products","item":"https:\/\/dev.myindustrial.eu\/et\/products\/"},{"@type":"ListItem","position":3,"name":"ELDROdynamic\u00ae"}]},{"@type":"WebSite","@id":"https:\/\/dev.myindustrial.eu\/et\/#website","url":"https:\/\/dev.myindustrial.eu\/et\/","name":"My industrial","description":"","potentialAction":[{"@type":"SearchAction","target":{"@type":"EntryPoint","urlTemplate":"https:\/\/dev.myindustrial.eu\/et\/?s={search_term_string}"},"query-input":{"@type":"PropertyValueSpecification","valueRequired":true,"valueName":"search_term_string"}}],"inLanguage":"et"}]}},"_links":{"self":[{"href":"https:\/\/dev.myindustrial.eu\/et\/wp-json\/wp\/v2\/product\/1260059446","targetHints":{"allow":["GET"]}}],"collection":[{"href":"https:\/\/dev.myindustrial.eu\/et\/wp-json\/wp\/v2\/product"}],"about":[{"href":"https:\/\/dev.myindustrial.eu\/et\/wp-json\/wp\/v2\/types\/product"}],"version-history":[{"count":0,"href":"https:\/\/dev.myindustrial.eu\/et\/wp-json\/wp\/v2\/product\/1260059446\/revisions"}],"wp:featuredmedia":[{"embeddable":true,"href":"https:\/\/dev.myindustrial.eu\/et\/wp-json\/wp\/v2\/media\/1260058309"}],"wp:attachment":[{"href":"https:\/\/dev.myindustrial.eu\/et\/wp-json\/wp\/v2\/media?parent=1260059446"}],"wp:term":[{"taxonomy":"product_brand","embeddable":true,"href":"https:\/\/dev.myindustrial.eu\/et\/wp-json\/wp\/v2\/product_brand?post=1260059446"},{"taxonomy":"product_cat","embeddable":true,"href":"https:\/\/dev.myindustrial.eu\/et\/wp-json\/wp\/v2\/product_cat?post=1260059446"},{"taxonomy":"product_tag","embeddable":true,"href":"https:\/\/dev.myindustrial.eu\/et\/wp-json\/wp\/v2\/product_tag?post=1260059446"}],"curies":[{"name":"wp","href":"https:\/\/api.w.org\/{rel}","templated":true}]}}