{"id":1260059453,"date":"2022-01-14T02:06:20","date_gmt":"2022-01-14T02:06:20","guid":{"rendered":"https:\/\/dev.myindustrial.eu\/shop-2\/maaratlemata\/dl30\/"},"modified":"2023-06-16T19:59:28","modified_gmt":"2023-06-16T19:59:28","slug":"dl30","status":"publish","type":"product","link":"https:\/\/dev.myindustrial.eu\/et\/shop\/potentsiomeetrid-ja-andurid\/lineaarne-potentsiomeeter\/dl30\/","title":{"rendered":"Lineaarne potentsiomeeter DL30"},"content":{"rendered":"<p><iframe width=\"560\" height=\"315\" src=\"https:\/\/youtube.com\/embed\/7TTbOH1ox1E\" frameborder=\"0\" allow=\"accelerometer; autoplay; clipboard-write; encrypted-media; gyroscope; picture-in-picture; web-share\" allowfullscreen><\/iframe><\/p>\n","protected":false},"excerpt":{"rendered":"<p>T\u00e4ppislineaarne DL30-t\u00fc\u00fcpi potentsiomeeter registreerib t\u00f6\u00f6stuslikes rakendustes usaldusv\u00e4\u00e4rselt lineaarseid m\u00f5\u00f5tmisradasid. Takistuselemendina kasutatakse t\u00e4psustraati. V\u00f5imalik on standardne m\u00f5\u00f5tmisrada kuni 500 mm. Anodeeritud alumiiniumist korpus on v\u00e4ga vastupidav ja tagab kaitse v\u00e4lism\u00f5jude eest, standardversioonis maksimaalse kaitseklassini IP65. Liuglaagrid tagavad sujuva k\u00e4igu. Soovi korral saab potentsiomeetrid varustada nupuvedruga v\u00f5i integreeritud tagastusvedruga. V\u00e4ljundsignaali saab v\u00e4ljastada 0&#8230;10 VDC v\u00f5i 0\/4&#8230;20 mA signaalina, kasutades integreeritud m\u00f5\u00f5teandurit.<\/p>\n","protected":false},"featured_media":1260061361,"template":"","meta":[],"product_brand":[],"product_cat":[1291],"product_tag":[],"class_list":{"0":"post-1260059453","1":"product","2":"type-product","3":"status-publish","4":"has-post-thumbnail","6":"product_cat-lineaarne-potentsiomeeter","8":"first","9":"instock","10":"product-type-simple"},"yoast_head":"<!-- This site is optimized with the Yoast SEO plugin v27.1.1 - https:\/\/yoast.com\/product\/yoast-seo-wordpress\/ -->\n<title>Lineaarne potentsiomeeter DL30 - My industrial<\/title>\n<meta name=\"robots\" content=\"noindex, follow, max-snippet:-1, max-image-preview:large, max-video-preview:-1\" \/>\n<meta property=\"og:locale\" content=\"et_EE\" \/>\n<meta property=\"og:type\" content=\"article\" \/>\n<meta property=\"og:title\" content=\"Lineaarne potentsiomeeter DL30 - My industrial\" \/>\n<meta property=\"og:description\" content=\"T\u00e4ppislineaarne DL30-t\u00fc\u00fcpi potentsiomeeter registreerib t\u00f6\u00f6stuslikes rakendustes usaldusv\u00e4\u00e4rselt lineaarseid m\u00f5\u00f5tmisradasid. Takistuselemendina kasutatakse t\u00e4psustraati. V\u00f5imalik on standardne m\u00f5\u00f5tmisrada kuni 500 mm. Anodeeritud alumiiniumist korpus on v\u00e4ga vastupidav ja tagab kaitse v\u00e4lism\u00f5jude eest, standardversioonis maksimaalse kaitseklassini IP65. Liuglaagrid tagavad sujuva k\u00e4igu. Soovi korral saab potentsiomeetrid varustada nupuvedruga v\u00f5i integreeritud tagastusvedruga. V\u00e4ljundsignaali saab v\u00e4ljastada 0...10 VDC v\u00f5i 0\/4...20 mA signaalina, kasutades integreeritud m\u00f5\u00f5teandurit.\" \/>\n<meta property=\"og:url\" content=\"https:\/\/dev.myindustrial.eu\/et\/shop\/potentsiomeetrid-ja-andurid\/lineaarne-potentsiomeeter\/dl30\/\" \/>\n<meta property=\"og:site_name\" content=\"My industrial\" \/>\n<meta property=\"article:modified_time\" content=\"2023-06-16T19:59:28+00:00\" \/>\n<meta property=\"og:image\" content=\"https:\/\/dev.myindustrial.eu\/wp-content\/uploads\/2022\/06\/dl30-new.webp\" \/>\n\t<meta property=\"og:image:width\" content=\"500\" \/>\n\t<meta property=\"og:image:height\" content=\"500\" \/>\n\t<meta property=\"og:image:type\" content=\"image\/webp\" \/>\n<meta name=\"twitter:card\" content=\"summary_large_image\" \/>\n<script type=\"application\/ld+json\" class=\"yoast-schema-graph\">{\"@context\":\"https:\/\/schema.org\",\"@graph\":[{\"@type\":\"WebPage\",\"@id\":\"https:\/\/dev.myindustrial.eu\/et\/shop\/potentsiomeetrid-ja-andurid\/lineaarne-potentsiomeeter\/dl30\/\",\"url\":\"https:\/\/dev.myindustrial.eu\/et\/shop\/potentsiomeetrid-ja-andurid\/lineaarne-potentsiomeeter\/dl30\/\",\"name\":\"Lineaarne potentsiomeeter DL30 - My industrial\",\"isPartOf\":{\"@id\":\"https:\/\/dev.myindustrial.eu\/et\/#website\"},\"primaryImageOfPage\":{\"@id\":\"https:\/\/dev.myindustrial.eu\/et\/shop\/potentsiomeetrid-ja-andurid\/lineaarne-potentsiomeeter\/dl30\/#primaryimage\"},\"image\":{\"@id\":\"https:\/\/dev.myindustrial.eu\/et\/shop\/potentsiomeetrid-ja-andurid\/lineaarne-potentsiomeeter\/dl30\/#primaryimage\"},\"thumbnailUrl\":\"https:\/\/dev.myindustrial.eu\/wp-content\/uploads\/2022\/06\/dl30-new.webp\",\"datePublished\":\"2022-01-14T02:06:20+00:00\",\"dateModified\":\"2023-06-16T19:59:28+00:00\",\"breadcrumb\":{\"@id\":\"https:\/\/dev.myindustrial.eu\/et\/shop\/potentsiomeetrid-ja-andurid\/lineaarne-potentsiomeeter\/dl30\/#breadcrumb\"},\"inLanguage\":\"et\",\"potentialAction\":[{\"@type\":\"ReadAction\",\"target\":[\"https:\/\/dev.myindustrial.eu\/et\/shop\/potentsiomeetrid-ja-andurid\/lineaarne-potentsiomeeter\/dl30\/\"]}]},{\"@type\":\"ImageObject\",\"inLanguage\":\"et\",\"@id\":\"https:\/\/dev.myindustrial.eu\/et\/shop\/potentsiomeetrid-ja-andurid\/lineaarne-potentsiomeeter\/dl30\/#primaryimage\",\"url\":\"https:\/\/dev.myindustrial.eu\/wp-content\/uploads\/2022\/06\/dl30-new.webp\",\"contentUrl\":\"https:\/\/dev.myindustrial.eu\/wp-content\/uploads\/2022\/06\/dl30-new.webp\",\"width\":500,\"height\":500},{\"@type\":\"BreadcrumbList\",\"@id\":\"https:\/\/dev.myindustrial.eu\/et\/shop\/potentsiomeetrid-ja-andurid\/lineaarne-potentsiomeeter\/dl30\/#breadcrumb\",\"itemListElement\":[{\"@type\":\"ListItem\",\"position\":1,\"name\":\"Home\",\"item\":\"https:\/\/dev.myindustrial.eu\/et\/\"},{\"@type\":\"ListItem\",\"position\":2,\"name\":\"Products\",\"item\":\"https:\/\/dev.myindustrial.eu\/et\/products\/\"},{\"@type\":\"ListItem\",\"position\":3,\"name\":\"Lineaarne potentsiomeeter DL30\"}]},{\"@type\":\"WebSite\",\"@id\":\"https:\/\/dev.myindustrial.eu\/et\/#website\",\"url\":\"https:\/\/dev.myindustrial.eu\/et\/\",\"name\":\"My industrial\",\"description\":\"\",\"potentialAction\":[{\"@type\":\"SearchAction\",\"target\":{\"@type\":\"EntryPoint\",\"urlTemplate\":\"https:\/\/dev.myindustrial.eu\/et\/?s={search_term_string}\"},\"query-input\":{\"@type\":\"PropertyValueSpecification\",\"valueRequired\":true,\"valueName\":\"search_term_string\"}}],\"inLanguage\":\"et\"}]}<\/script>\n<!-- \/ Yoast SEO plugin. -->","yoast_head_json":{"title":"Lineaarne potentsiomeeter DL30 - My industrial","robots":{"index":"noindex","follow":"follow","max-snippet":"max-snippet:-1","max-image-preview":"max-image-preview:large","max-video-preview":"max-video-preview:-1"},"og_locale":"et_EE","og_type":"article","og_title":"Lineaarne potentsiomeeter DL30 - My industrial","og_description":"T\u00e4ppislineaarne DL30-t\u00fc\u00fcpi potentsiomeeter registreerib t\u00f6\u00f6stuslikes rakendustes usaldusv\u00e4\u00e4rselt lineaarseid m\u00f5\u00f5tmisradasid. Takistuselemendina kasutatakse t\u00e4psustraati. V\u00f5imalik on standardne m\u00f5\u00f5tmisrada kuni 500 mm. Anodeeritud alumiiniumist korpus on v\u00e4ga vastupidav ja tagab kaitse v\u00e4lism\u00f5jude eest, standardversioonis maksimaalse kaitseklassini IP65. Liuglaagrid tagavad sujuva k\u00e4igu. Soovi korral saab potentsiomeetrid varustada nupuvedruga v\u00f5i integreeritud tagastusvedruga. V\u00e4ljundsignaali saab v\u00e4ljastada 0...10 VDC v\u00f5i 0\/4...20 mA signaalina, kasutades integreeritud m\u00f5\u00f5teandurit.","og_url":"https:\/\/dev.myindustrial.eu\/et\/shop\/potentsiomeetrid-ja-andurid\/lineaarne-potentsiomeeter\/dl30\/","og_site_name":"My industrial","article_modified_time":"2023-06-16T19:59:28+00:00","og_image":[{"width":500,"height":500,"url":"https:\/\/dev.myindustrial.eu\/wp-content\/uploads\/2022\/06\/dl30-new.webp","type":"image\/webp"}],"twitter_card":"summary_large_image","schema":{"@context":"https:\/\/schema.org","@graph":[{"@type":"WebPage","@id":"https:\/\/dev.myindustrial.eu\/et\/shop\/potentsiomeetrid-ja-andurid\/lineaarne-potentsiomeeter\/dl30\/","url":"https:\/\/dev.myindustrial.eu\/et\/shop\/potentsiomeetrid-ja-andurid\/lineaarne-potentsiomeeter\/dl30\/","name":"Lineaarne potentsiomeeter DL30 - My industrial","isPartOf":{"@id":"https:\/\/dev.myindustrial.eu\/et\/#website"},"primaryImageOfPage":{"@id":"https:\/\/dev.myindustrial.eu\/et\/shop\/potentsiomeetrid-ja-andurid\/lineaarne-potentsiomeeter\/dl30\/#primaryimage"},"image":{"@id":"https:\/\/dev.myindustrial.eu\/et\/shop\/potentsiomeetrid-ja-andurid\/lineaarne-potentsiomeeter\/dl30\/#primaryimage"},"thumbnailUrl":"https:\/\/dev.myindustrial.eu\/wp-content\/uploads\/2022\/06\/dl30-new.webp","datePublished":"2022-01-14T02:06:20+00:00","dateModified":"2023-06-16T19:59:28+00:00","breadcrumb":{"@id":"https:\/\/dev.myindustrial.eu\/et\/shop\/potentsiomeetrid-ja-andurid\/lineaarne-potentsiomeeter\/dl30\/#breadcrumb"},"inLanguage":"et","potentialAction":[{"@type":"ReadAction","target":["https:\/\/dev.myindustrial.eu\/et\/shop\/potentsiomeetrid-ja-andurid\/lineaarne-potentsiomeeter\/dl30\/"]}]},{"@type":"ImageObject","inLanguage":"et","@id":"https:\/\/dev.myindustrial.eu\/et\/shop\/potentsiomeetrid-ja-andurid\/lineaarne-potentsiomeeter\/dl30\/#primaryimage","url":"https:\/\/dev.myindustrial.eu\/wp-content\/uploads\/2022\/06\/dl30-new.webp","contentUrl":"https:\/\/dev.myindustrial.eu\/wp-content\/uploads\/2022\/06\/dl30-new.webp","width":500,"height":500},{"@type":"BreadcrumbList","@id":"https:\/\/dev.myindustrial.eu\/et\/shop\/potentsiomeetrid-ja-andurid\/lineaarne-potentsiomeeter\/dl30\/#breadcrumb","itemListElement":[{"@type":"ListItem","position":1,"name":"Home","item":"https:\/\/dev.myindustrial.eu\/et\/"},{"@type":"ListItem","position":2,"name":"Products","item":"https:\/\/dev.myindustrial.eu\/et\/products\/"},{"@type":"ListItem","position":3,"name":"Lineaarne potentsiomeeter DL30"}]},{"@type":"WebSite","@id":"https:\/\/dev.myindustrial.eu\/et\/#website","url":"https:\/\/dev.myindustrial.eu\/et\/","name":"My industrial","description":"","potentialAction":[{"@type":"SearchAction","target":{"@type":"EntryPoint","urlTemplate":"https:\/\/dev.myindustrial.eu\/et\/?s={search_term_string}"},"query-input":{"@type":"PropertyValueSpecification","valueRequired":true,"valueName":"search_term_string"}}],"inLanguage":"et"}]}},"_links":{"self":[{"href":"https:\/\/dev.myindustrial.eu\/et\/wp-json\/wp\/v2\/product\/1260059453","targetHints":{"allow":["GET"]}}],"collection":[{"href":"https:\/\/dev.myindustrial.eu\/et\/wp-json\/wp\/v2\/product"}],"about":[{"href":"https:\/\/dev.myindustrial.eu\/et\/wp-json\/wp\/v2\/types\/product"}],"version-history":[{"count":0,"href":"https:\/\/dev.myindustrial.eu\/et\/wp-json\/wp\/v2\/product\/1260059453\/revisions"}],"wp:featuredmedia":[{"embeddable":true,"href":"https:\/\/dev.myindustrial.eu\/et\/wp-json\/wp\/v2\/media\/1260061361"}],"wp:attachment":[{"href":"https:\/\/dev.myindustrial.eu\/et\/wp-json\/wp\/v2\/media?parent=1260059453"}],"wp:term":[{"taxonomy":"product_brand","embeddable":true,"href":"https:\/\/dev.myindustrial.eu\/et\/wp-json\/wp\/v2\/product_brand?post=1260059453"},{"taxonomy":"product_cat","embeddable":true,"href":"https:\/\/dev.myindustrial.eu\/et\/wp-json\/wp\/v2\/product_cat?post=1260059453"},{"taxonomy":"product_tag","embeddable":true,"href":"https:\/\/dev.myindustrial.eu\/et\/wp-json\/wp\/v2\/product_tag?post=1260059453"}],"curies":[{"name":"wp","href":"https:\/\/api.w.org\/{rel}","templated":true}]}}