{"id":1260059454,"date":"2022-01-14T02:06:20","date_gmt":"2022-01-14T02:06:20","guid":{"rendered":"https:\/\/dev.myindustrial.eu\/shop-2\/maaratlemata\/ll30\/"},"modified":"2023-06-16T19:59:20","modified_gmt":"2023-06-16T19:59:20","slug":"ll30","status":"publish","type":"product","link":"https:\/\/dev.myindustrial.eu\/et\/shop\/potentsiomeetrid-ja-andurid\/lineaarne-potentsiomeeter\/ll30\/","title":{"rendered":"Lineaarne potentsiomeeter LL30"},"content":{"rendered":"<p><iframe width=\"560\" height=\"315\" src=\"https:\/\/youtube.com\/embed\/7TTbOH1ox1E\" frameborder=\"0\" allow=\"accelerometer; autoplay; clipboard-write; encrypted-media; gyroscope; picture-in-picture; web-share\" allowfullscreen><\/iframe><\/p>\n","protected":false},"excerpt":{"rendered":"<p>LL30-t\u00fc\u00fcpi lineaarne t\u00e4psuspotentsiomeeter registreerib t\u00f6\u00f6stuslikes rakendustest usaldusv\u00e4\u00e4rselt lineaarseid m\u00f5\u00f5tmisradasid. Takistuselemendina kasutatakse elektrit juhtivat plasti. V\u00f5imalik on standardne m\u00f5\u00f5tmisrada kuni 500 mm. Anodeeritud alumiiniumist korpus on v\u00e4ga vastupidav ja tagab kaitse v\u00e4lism\u00f5jude eest, standardversioonis maksimaalse kaitseklassini IP65. Liuglaagrid tagavad sujuva k\u00e4igu. Soovi korral saab potentsiomeetrid varustada nupuvedruga v\u00f5i integreeritud tagastusvedruga. V\u00e4ljundsignaali saab integreeritud m\u00f5\u00f5teanduri abil v\u00e4ljastada 0&#8230;10V DC v\u00f5i 0\/4&#8230;20 mA signaalina.<\/p>\n","protected":false},"featured_media":1260061365,"template":"","meta":[],"product_brand":[],"product_cat":[1291],"product_tag":[],"class_list":{"0":"post-1260059454","1":"product","2":"type-product","3":"status-publish","4":"has-post-thumbnail","6":"product_cat-lineaarne-potentsiomeeter","8":"first","9":"instock","10":"product-type-simple"},"yoast_head":"<!-- This site is optimized with the Yoast SEO plugin v27.1.1 - https:\/\/yoast.com\/product\/yoast-seo-wordpress\/ -->\n<title>Lineaarne potentsiomeeter LL30 - My industrial<\/title>\n<meta name=\"robots\" content=\"noindex, follow, max-snippet:-1, max-image-preview:large, max-video-preview:-1\" \/>\n<meta property=\"og:locale\" content=\"et_EE\" \/>\n<meta property=\"og:type\" content=\"article\" \/>\n<meta property=\"og:title\" content=\"Lineaarne potentsiomeeter LL30 - My industrial\" \/>\n<meta property=\"og:description\" content=\"LL30-t\u00fc\u00fcpi lineaarne t\u00e4psuspotentsiomeeter registreerib t\u00f6\u00f6stuslikes rakendustest usaldusv\u00e4\u00e4rselt lineaarseid m\u00f5\u00f5tmisradasid. Takistuselemendina kasutatakse elektrit juhtivat plasti. V\u00f5imalik on standardne m\u00f5\u00f5tmisrada kuni 500 mm. Anodeeritud alumiiniumist korpus on v\u00e4ga vastupidav ja tagab kaitse v\u00e4lism\u00f5jude eest, standardversioonis maksimaalse kaitseklassini IP65. Liuglaagrid tagavad sujuva k\u00e4igu. Soovi korral saab potentsiomeetrid varustada nupuvedruga v\u00f5i integreeritud tagastusvedruga. V\u00e4ljundsignaali saab integreeritud m\u00f5\u00f5teanduri abil v\u00e4ljastada 0...10V DC v\u00f5i 0\/4...20 mA signaalina.\" \/>\n<meta property=\"og:url\" content=\"https:\/\/dev.myindustrial.eu\/et\/shop\/potentsiomeetrid-ja-andurid\/lineaarne-potentsiomeeter\/ll30\/\" \/>\n<meta property=\"og:site_name\" content=\"My industrial\" \/>\n<meta property=\"article:modified_time\" content=\"2023-06-16T19:59:20+00:00\" \/>\n<meta property=\"og:image\" content=\"https:\/\/dev.myindustrial.eu\/wp-content\/uploads\/2022\/06\/ll30.webp\" \/>\n\t<meta property=\"og:image:width\" content=\"500\" \/>\n\t<meta property=\"og:image:height\" content=\"500\" \/>\n\t<meta property=\"og:image:type\" content=\"image\/webp\" \/>\n<meta name=\"twitter:card\" content=\"summary_large_image\" \/>\n<script type=\"application\/ld+json\" class=\"yoast-schema-graph\">{\"@context\":\"https:\/\/schema.org\",\"@graph\":[{\"@type\":\"WebPage\",\"@id\":\"https:\/\/dev.myindustrial.eu\/et\/shop\/potentsiomeetrid-ja-andurid\/lineaarne-potentsiomeeter\/ll30\/\",\"url\":\"https:\/\/dev.myindustrial.eu\/et\/shop\/potentsiomeetrid-ja-andurid\/lineaarne-potentsiomeeter\/ll30\/\",\"name\":\"Lineaarne potentsiomeeter LL30 - My industrial\",\"isPartOf\":{\"@id\":\"https:\/\/dev.myindustrial.eu\/et\/#website\"},\"primaryImageOfPage\":{\"@id\":\"https:\/\/dev.myindustrial.eu\/et\/shop\/potentsiomeetrid-ja-andurid\/lineaarne-potentsiomeeter\/ll30\/#primaryimage\"},\"image\":{\"@id\":\"https:\/\/dev.myindustrial.eu\/et\/shop\/potentsiomeetrid-ja-andurid\/lineaarne-potentsiomeeter\/ll30\/#primaryimage\"},\"thumbnailUrl\":\"https:\/\/dev.myindustrial.eu\/wp-content\/uploads\/2022\/06\/ll30.webp\",\"datePublished\":\"2022-01-14T02:06:20+00:00\",\"dateModified\":\"2023-06-16T19:59:20+00:00\",\"breadcrumb\":{\"@id\":\"https:\/\/dev.myindustrial.eu\/et\/shop\/potentsiomeetrid-ja-andurid\/lineaarne-potentsiomeeter\/ll30\/#breadcrumb\"},\"inLanguage\":\"et\",\"potentialAction\":[{\"@type\":\"ReadAction\",\"target\":[\"https:\/\/dev.myindustrial.eu\/et\/shop\/potentsiomeetrid-ja-andurid\/lineaarne-potentsiomeeter\/ll30\/\"]}]},{\"@type\":\"ImageObject\",\"inLanguage\":\"et\",\"@id\":\"https:\/\/dev.myindustrial.eu\/et\/shop\/potentsiomeetrid-ja-andurid\/lineaarne-potentsiomeeter\/ll30\/#primaryimage\",\"url\":\"https:\/\/dev.myindustrial.eu\/wp-content\/uploads\/2022\/06\/ll30.webp\",\"contentUrl\":\"https:\/\/dev.myindustrial.eu\/wp-content\/uploads\/2022\/06\/ll30.webp\",\"width\":500,\"height\":500},{\"@type\":\"BreadcrumbList\",\"@id\":\"https:\/\/dev.myindustrial.eu\/et\/shop\/potentsiomeetrid-ja-andurid\/lineaarne-potentsiomeeter\/ll30\/#breadcrumb\",\"itemListElement\":[{\"@type\":\"ListItem\",\"position\":1,\"name\":\"Home\",\"item\":\"https:\/\/dev.myindustrial.eu\/et\/\"},{\"@type\":\"ListItem\",\"position\":2,\"name\":\"Products\",\"item\":\"https:\/\/dev.myindustrial.eu\/et\/products\/\"},{\"@type\":\"ListItem\",\"position\":3,\"name\":\"Lineaarne potentsiomeeter LL30\"}]},{\"@type\":\"WebSite\",\"@id\":\"https:\/\/dev.myindustrial.eu\/et\/#website\",\"url\":\"https:\/\/dev.myindustrial.eu\/et\/\",\"name\":\"My industrial\",\"description\":\"\",\"potentialAction\":[{\"@type\":\"SearchAction\",\"target\":{\"@type\":\"EntryPoint\",\"urlTemplate\":\"https:\/\/dev.myindustrial.eu\/et\/?s={search_term_string}\"},\"query-input\":{\"@type\":\"PropertyValueSpecification\",\"valueRequired\":true,\"valueName\":\"search_term_string\"}}],\"inLanguage\":\"et\"}]}<\/script>\n<!-- \/ Yoast SEO plugin. -->","yoast_head_json":{"title":"Lineaarne potentsiomeeter LL30 - My industrial","robots":{"index":"noindex","follow":"follow","max-snippet":"max-snippet:-1","max-image-preview":"max-image-preview:large","max-video-preview":"max-video-preview:-1"},"og_locale":"et_EE","og_type":"article","og_title":"Lineaarne potentsiomeeter LL30 - My industrial","og_description":"LL30-t\u00fc\u00fcpi lineaarne t\u00e4psuspotentsiomeeter registreerib t\u00f6\u00f6stuslikes rakendustest usaldusv\u00e4\u00e4rselt lineaarseid m\u00f5\u00f5tmisradasid. Takistuselemendina kasutatakse elektrit juhtivat plasti. V\u00f5imalik on standardne m\u00f5\u00f5tmisrada kuni 500 mm. Anodeeritud alumiiniumist korpus on v\u00e4ga vastupidav ja tagab kaitse v\u00e4lism\u00f5jude eest, standardversioonis maksimaalse kaitseklassini IP65. Liuglaagrid tagavad sujuva k\u00e4igu. Soovi korral saab potentsiomeetrid varustada nupuvedruga v\u00f5i integreeritud tagastusvedruga. V\u00e4ljundsignaali saab integreeritud m\u00f5\u00f5teanduri abil v\u00e4ljastada 0...10V DC v\u00f5i 0\/4...20 mA signaalina.","og_url":"https:\/\/dev.myindustrial.eu\/et\/shop\/potentsiomeetrid-ja-andurid\/lineaarne-potentsiomeeter\/ll30\/","og_site_name":"My industrial","article_modified_time":"2023-06-16T19:59:20+00:00","og_image":[{"width":500,"height":500,"url":"https:\/\/dev.myindustrial.eu\/wp-content\/uploads\/2022\/06\/ll30.webp","type":"image\/webp"}],"twitter_card":"summary_large_image","schema":{"@context":"https:\/\/schema.org","@graph":[{"@type":"WebPage","@id":"https:\/\/dev.myindustrial.eu\/et\/shop\/potentsiomeetrid-ja-andurid\/lineaarne-potentsiomeeter\/ll30\/","url":"https:\/\/dev.myindustrial.eu\/et\/shop\/potentsiomeetrid-ja-andurid\/lineaarne-potentsiomeeter\/ll30\/","name":"Lineaarne potentsiomeeter LL30 - My industrial","isPartOf":{"@id":"https:\/\/dev.myindustrial.eu\/et\/#website"},"primaryImageOfPage":{"@id":"https:\/\/dev.myindustrial.eu\/et\/shop\/potentsiomeetrid-ja-andurid\/lineaarne-potentsiomeeter\/ll30\/#primaryimage"},"image":{"@id":"https:\/\/dev.myindustrial.eu\/et\/shop\/potentsiomeetrid-ja-andurid\/lineaarne-potentsiomeeter\/ll30\/#primaryimage"},"thumbnailUrl":"https:\/\/dev.myindustrial.eu\/wp-content\/uploads\/2022\/06\/ll30.webp","datePublished":"2022-01-14T02:06:20+00:00","dateModified":"2023-06-16T19:59:20+00:00","breadcrumb":{"@id":"https:\/\/dev.myindustrial.eu\/et\/shop\/potentsiomeetrid-ja-andurid\/lineaarne-potentsiomeeter\/ll30\/#breadcrumb"},"inLanguage":"et","potentialAction":[{"@type":"ReadAction","target":["https:\/\/dev.myindustrial.eu\/et\/shop\/potentsiomeetrid-ja-andurid\/lineaarne-potentsiomeeter\/ll30\/"]}]},{"@type":"ImageObject","inLanguage":"et","@id":"https:\/\/dev.myindustrial.eu\/et\/shop\/potentsiomeetrid-ja-andurid\/lineaarne-potentsiomeeter\/ll30\/#primaryimage","url":"https:\/\/dev.myindustrial.eu\/wp-content\/uploads\/2022\/06\/ll30.webp","contentUrl":"https:\/\/dev.myindustrial.eu\/wp-content\/uploads\/2022\/06\/ll30.webp","width":500,"height":500},{"@type":"BreadcrumbList","@id":"https:\/\/dev.myindustrial.eu\/et\/shop\/potentsiomeetrid-ja-andurid\/lineaarne-potentsiomeeter\/ll30\/#breadcrumb","itemListElement":[{"@type":"ListItem","position":1,"name":"Home","item":"https:\/\/dev.myindustrial.eu\/et\/"},{"@type":"ListItem","position":2,"name":"Products","item":"https:\/\/dev.myindustrial.eu\/et\/products\/"},{"@type":"ListItem","position":3,"name":"Lineaarne potentsiomeeter LL30"}]},{"@type":"WebSite","@id":"https:\/\/dev.myindustrial.eu\/et\/#website","url":"https:\/\/dev.myindustrial.eu\/et\/","name":"My industrial","description":"","potentialAction":[{"@type":"SearchAction","target":{"@type":"EntryPoint","urlTemplate":"https:\/\/dev.myindustrial.eu\/et\/?s={search_term_string}"},"query-input":{"@type":"PropertyValueSpecification","valueRequired":true,"valueName":"search_term_string"}}],"inLanguage":"et"}]}},"_links":{"self":[{"href":"https:\/\/dev.myindustrial.eu\/et\/wp-json\/wp\/v2\/product\/1260059454","targetHints":{"allow":["GET"]}}],"collection":[{"href":"https:\/\/dev.myindustrial.eu\/et\/wp-json\/wp\/v2\/product"}],"about":[{"href":"https:\/\/dev.myindustrial.eu\/et\/wp-json\/wp\/v2\/types\/product"}],"version-history":[{"count":0,"href":"https:\/\/dev.myindustrial.eu\/et\/wp-json\/wp\/v2\/product\/1260059454\/revisions"}],"wp:featuredmedia":[{"embeddable":true,"href":"https:\/\/dev.myindustrial.eu\/et\/wp-json\/wp\/v2\/media\/1260061365"}],"wp:attachment":[{"href":"https:\/\/dev.myindustrial.eu\/et\/wp-json\/wp\/v2\/media?parent=1260059454"}],"wp:term":[{"taxonomy":"product_brand","embeddable":true,"href":"https:\/\/dev.myindustrial.eu\/et\/wp-json\/wp\/v2\/product_brand?post=1260059454"},{"taxonomy":"product_cat","embeddable":true,"href":"https:\/\/dev.myindustrial.eu\/et\/wp-json\/wp\/v2\/product_cat?post=1260059454"},{"taxonomy":"product_tag","embeddable":true,"href":"https:\/\/dev.myindustrial.eu\/et\/wp-json\/wp\/v2\/product_tag?post=1260059454"}],"curies":[{"name":"wp","href":"https:\/\/api.w.org\/{rel}","templated":true}]}}