{"id":1260059456,"date":"2022-01-14T02:06:20","date_gmt":"2022-01-14T02:06:20","guid":{"rendered":"https:\/\/dev.myindustrial.eu\/shop-2\/maaratlemata\/t18\/"},"modified":"2023-06-16T19:59:20","modified_gmt":"2023-06-16T19:59:20","slug":"t18","status":"publish","type":"product","link":"https:\/\/dev.myindustrial.eu\/et\/shop\/potentsiomeetrid-ja-andurid\/uhe-poordega-potentsiomeeter\/traatpotentsiomeeter\/t18\/","title":{"rendered":"T18 traatpotentsiomeeter"},"content":{"rendered":"<p><iframe width=\"560\" height=\"315\" src=\"https:\/\/youtube.com\/embed\/tPUmXAI6GF4\" frameborder=\"0\" allow=\"accelerometer; autoplay; clipboard-write; encrypted-media; gyroscope; picture-in-picture; web-share\" allowfullscreen><\/iframe><iframe width=\"560\" height=\"315\" src=\"https:\/\/youtube.com\/shorts\/5IMQQFH7tpU?feature=share\" frameborder=\"0\" allow=\"accelerometer; autoplay; clipboard-write; encrypted-media; gyroscope; picture-in-picture; web-share\" allowfullscreen><\/iframe><\/p>\n","protected":false},"excerpt":{"rendered":"<p><span style=\"font-weight: 400\" data-mce-style=\"font-weight: 400;\">Selle tootesarja t\u00e4ppis-traatpotentsiomeetrid sobivad kasutamiseks k\u00f5ikides t\u00f6\u00f6stusvaldkondades. Klaaskiududega tugevdatud plastist korpus pakub suurt tugevust ja kuumakindlust. Seda saab ka kapseldada ja seega saavutada kaitseklass kuni max. IP67. Lisaks sellele on v\u00f5ll paigaldatud korpuse alusesse, et tasakaalustada aksiaalseid koormusi. Potentsiomeeter pakub l\u00e4bivat v\u00f5lli ja on saadaval mitmes versioonis.<\/span><\/p>\n","protected":false},"featured_media":1260061946,"template":"","meta":[],"product_brand":[],"product_cat":[1540],"product_tag":[],"class_list":{"0":"post-1260059456","1":"product","2":"type-product","3":"status-publish","4":"has-post-thumbnail","6":"product_cat-traatpotentsiomeeter","8":"first","9":"instock","10":"product-type-simple"},"yoast_head":"<!-- This site is optimized with the Yoast SEO plugin v27.1.1 - https:\/\/yoast.com\/product\/yoast-seo-wordpress\/ -->\n<title>T18 traatpotentsiomeeter - My industrial<\/title>\n<meta name=\"robots\" content=\"noindex, follow, max-snippet:-1, max-image-preview:large, max-video-preview:-1\" \/>\n<meta property=\"og:locale\" content=\"et_EE\" \/>\n<meta property=\"og:type\" content=\"article\" \/>\n<meta property=\"og:title\" content=\"T18 traatpotentsiomeeter - My industrial\" \/>\n<meta property=\"og:description\" content=\"Selle tootesarja t\u00e4ppis-traatpotentsiomeetrid sobivad kasutamiseks k\u00f5ikides t\u00f6\u00f6stusvaldkondades. Klaaskiududega tugevdatud plastist korpus pakub suurt tugevust ja kuumakindlust. Seda saab ka kapseldada ja seega saavutada kaitseklass kuni max. IP67. Lisaks sellele on v\u00f5ll paigaldatud korpuse alusesse, et tasakaalustada aksiaalseid koormusi. Potentsiomeeter pakub l\u00e4bivat v\u00f5lli ja on saadaval mitmes versioonis.\" \/>\n<meta property=\"og:url\" content=\"https:\/\/dev.myindustrial.eu\/et\/shop\/potentsiomeetrid-ja-andurid\/uhe-poordega-potentsiomeeter\/traatpotentsiomeeter\/t18\/\" \/>\n<meta property=\"og:site_name\" content=\"My industrial\" \/>\n<meta property=\"article:modified_time\" content=\"2023-06-16T19:59:20+00:00\" \/>\n<meta property=\"og:image\" content=\"https:\/\/dev.myindustrial.eu\/wp-content\/uploads\/2022\/01\/t18_eingang_draht_altmann_400x413-400x413.jpg\" \/>\n\t<meta property=\"og:image:width\" content=\"400\" \/>\n\t<meta property=\"og:image:height\" content=\"413\" \/>\n\t<meta property=\"og:image:type\" content=\"image\/jpeg\" \/>\n<meta name=\"twitter:card\" content=\"summary_large_image\" \/>\n<script type=\"application\/ld+json\" class=\"yoast-schema-graph\">{\"@context\":\"https:\/\/schema.org\",\"@graph\":[{\"@type\":\"WebPage\",\"@id\":\"https:\/\/dev.myindustrial.eu\/et\/shop\/potentsiomeetrid-ja-andurid\/uhe-poordega-potentsiomeeter\/traatpotentsiomeeter\/t18\/\",\"url\":\"https:\/\/dev.myindustrial.eu\/et\/shop\/potentsiomeetrid-ja-andurid\/uhe-poordega-potentsiomeeter\/traatpotentsiomeeter\/t18\/\",\"name\":\"T18 traatpotentsiomeeter - My industrial\",\"isPartOf\":{\"@id\":\"https:\/\/dev.myindustrial.eu\/et\/#website\"},\"primaryImageOfPage\":{\"@id\":\"https:\/\/dev.myindustrial.eu\/et\/shop\/potentsiomeetrid-ja-andurid\/uhe-poordega-potentsiomeeter\/traatpotentsiomeeter\/t18\/#primaryimage\"},\"image\":{\"@id\":\"https:\/\/dev.myindustrial.eu\/et\/shop\/potentsiomeetrid-ja-andurid\/uhe-poordega-potentsiomeeter\/traatpotentsiomeeter\/t18\/#primaryimage\"},\"thumbnailUrl\":\"https:\/\/dev.myindustrial.eu\/wp-content\/uploads\/2022\/01\/t18_eingang_draht_altmann_400x413-400x413.jpg\",\"datePublished\":\"2022-01-14T02:06:20+00:00\",\"dateModified\":\"2023-06-16T19:59:20+00:00\",\"breadcrumb\":{\"@id\":\"https:\/\/dev.myindustrial.eu\/et\/shop\/potentsiomeetrid-ja-andurid\/uhe-poordega-potentsiomeeter\/traatpotentsiomeeter\/t18\/#breadcrumb\"},\"inLanguage\":\"et\",\"potentialAction\":[{\"@type\":\"ReadAction\",\"target\":[\"https:\/\/dev.myindustrial.eu\/et\/shop\/potentsiomeetrid-ja-andurid\/uhe-poordega-potentsiomeeter\/traatpotentsiomeeter\/t18\/\"]}]},{\"@type\":\"ImageObject\",\"inLanguage\":\"et\",\"@id\":\"https:\/\/dev.myindustrial.eu\/et\/shop\/potentsiomeetrid-ja-andurid\/uhe-poordega-potentsiomeeter\/traatpotentsiomeeter\/t18\/#primaryimage\",\"url\":\"https:\/\/dev.myindustrial.eu\/wp-content\/uploads\/2022\/01\/t18_eingang_draht_altmann_400x413-400x413.jpg\",\"contentUrl\":\"https:\/\/dev.myindustrial.eu\/wp-content\/uploads\/2022\/01\/t18_eingang_draht_altmann_400x413-400x413.jpg\",\"width\":400,\"height\":413},{\"@type\":\"BreadcrumbList\",\"@id\":\"https:\/\/dev.myindustrial.eu\/et\/shop\/potentsiomeetrid-ja-andurid\/uhe-poordega-potentsiomeeter\/traatpotentsiomeeter\/t18\/#breadcrumb\",\"itemListElement\":[{\"@type\":\"ListItem\",\"position\":1,\"name\":\"Home\",\"item\":\"https:\/\/dev.myindustrial.eu\/et\/\"},{\"@type\":\"ListItem\",\"position\":2,\"name\":\"Products\",\"item\":\"https:\/\/dev.myindustrial.eu\/et\/products\/\"},{\"@type\":\"ListItem\",\"position\":3,\"name\":\"T18 traatpotentsiomeeter\"}]},{\"@type\":\"WebSite\",\"@id\":\"https:\/\/dev.myindustrial.eu\/et\/#website\",\"url\":\"https:\/\/dev.myindustrial.eu\/et\/\",\"name\":\"My industrial\",\"description\":\"\",\"potentialAction\":[{\"@type\":\"SearchAction\",\"target\":{\"@type\":\"EntryPoint\",\"urlTemplate\":\"https:\/\/dev.myindustrial.eu\/et\/?s={search_term_string}\"},\"query-input\":{\"@type\":\"PropertyValueSpecification\",\"valueRequired\":true,\"valueName\":\"search_term_string\"}}],\"inLanguage\":\"et\"}]}<\/script>\n<!-- \/ Yoast SEO plugin. -->","yoast_head_json":{"title":"T18 traatpotentsiomeeter - My industrial","robots":{"index":"noindex","follow":"follow","max-snippet":"max-snippet:-1","max-image-preview":"max-image-preview:large","max-video-preview":"max-video-preview:-1"},"og_locale":"et_EE","og_type":"article","og_title":"T18 traatpotentsiomeeter - My industrial","og_description":"Selle tootesarja t\u00e4ppis-traatpotentsiomeetrid sobivad kasutamiseks k\u00f5ikides t\u00f6\u00f6stusvaldkondades. Klaaskiududega tugevdatud plastist korpus pakub suurt tugevust ja kuumakindlust. Seda saab ka kapseldada ja seega saavutada kaitseklass kuni max. IP67. Lisaks sellele on v\u00f5ll paigaldatud korpuse alusesse, et tasakaalustada aksiaalseid koormusi. Potentsiomeeter pakub l\u00e4bivat v\u00f5lli ja on saadaval mitmes versioonis.","og_url":"https:\/\/dev.myindustrial.eu\/et\/shop\/potentsiomeetrid-ja-andurid\/uhe-poordega-potentsiomeeter\/traatpotentsiomeeter\/t18\/","og_site_name":"My industrial","article_modified_time":"2023-06-16T19:59:20+00:00","og_image":[{"width":400,"height":413,"url":"https:\/\/dev.myindustrial.eu\/wp-content\/uploads\/2022\/01\/t18_eingang_draht_altmann_400x413-400x413.jpg","type":"image\/jpeg"}],"twitter_card":"summary_large_image","schema":{"@context":"https:\/\/schema.org","@graph":[{"@type":"WebPage","@id":"https:\/\/dev.myindustrial.eu\/et\/shop\/potentsiomeetrid-ja-andurid\/uhe-poordega-potentsiomeeter\/traatpotentsiomeeter\/t18\/","url":"https:\/\/dev.myindustrial.eu\/et\/shop\/potentsiomeetrid-ja-andurid\/uhe-poordega-potentsiomeeter\/traatpotentsiomeeter\/t18\/","name":"T18 traatpotentsiomeeter - My industrial","isPartOf":{"@id":"https:\/\/dev.myindustrial.eu\/et\/#website"},"primaryImageOfPage":{"@id":"https:\/\/dev.myindustrial.eu\/et\/shop\/potentsiomeetrid-ja-andurid\/uhe-poordega-potentsiomeeter\/traatpotentsiomeeter\/t18\/#primaryimage"},"image":{"@id":"https:\/\/dev.myindustrial.eu\/et\/shop\/potentsiomeetrid-ja-andurid\/uhe-poordega-potentsiomeeter\/traatpotentsiomeeter\/t18\/#primaryimage"},"thumbnailUrl":"https:\/\/dev.myindustrial.eu\/wp-content\/uploads\/2022\/01\/t18_eingang_draht_altmann_400x413-400x413.jpg","datePublished":"2022-01-14T02:06:20+00:00","dateModified":"2023-06-16T19:59:20+00:00","breadcrumb":{"@id":"https:\/\/dev.myindustrial.eu\/et\/shop\/potentsiomeetrid-ja-andurid\/uhe-poordega-potentsiomeeter\/traatpotentsiomeeter\/t18\/#breadcrumb"},"inLanguage":"et","potentialAction":[{"@type":"ReadAction","target":["https:\/\/dev.myindustrial.eu\/et\/shop\/potentsiomeetrid-ja-andurid\/uhe-poordega-potentsiomeeter\/traatpotentsiomeeter\/t18\/"]}]},{"@type":"ImageObject","inLanguage":"et","@id":"https:\/\/dev.myindustrial.eu\/et\/shop\/potentsiomeetrid-ja-andurid\/uhe-poordega-potentsiomeeter\/traatpotentsiomeeter\/t18\/#primaryimage","url":"https:\/\/dev.myindustrial.eu\/wp-content\/uploads\/2022\/01\/t18_eingang_draht_altmann_400x413-400x413.jpg","contentUrl":"https:\/\/dev.myindustrial.eu\/wp-content\/uploads\/2022\/01\/t18_eingang_draht_altmann_400x413-400x413.jpg","width":400,"height":413},{"@type":"BreadcrumbList","@id":"https:\/\/dev.myindustrial.eu\/et\/shop\/potentsiomeetrid-ja-andurid\/uhe-poordega-potentsiomeeter\/traatpotentsiomeeter\/t18\/#breadcrumb","itemListElement":[{"@type":"ListItem","position":1,"name":"Home","item":"https:\/\/dev.myindustrial.eu\/et\/"},{"@type":"ListItem","position":2,"name":"Products","item":"https:\/\/dev.myindustrial.eu\/et\/products\/"},{"@type":"ListItem","position":3,"name":"T18 traatpotentsiomeeter"}]},{"@type":"WebSite","@id":"https:\/\/dev.myindustrial.eu\/et\/#website","url":"https:\/\/dev.myindustrial.eu\/et\/","name":"My industrial","description":"","potentialAction":[{"@type":"SearchAction","target":{"@type":"EntryPoint","urlTemplate":"https:\/\/dev.myindustrial.eu\/et\/?s={search_term_string}"},"query-input":{"@type":"PropertyValueSpecification","valueRequired":true,"valueName":"search_term_string"}}],"inLanguage":"et"}]}},"_links":{"self":[{"href":"https:\/\/dev.myindustrial.eu\/et\/wp-json\/wp\/v2\/product\/1260059456","targetHints":{"allow":["GET"]}}],"collection":[{"href":"https:\/\/dev.myindustrial.eu\/et\/wp-json\/wp\/v2\/product"}],"about":[{"href":"https:\/\/dev.myindustrial.eu\/et\/wp-json\/wp\/v2\/types\/product"}],"version-history":[{"count":0,"href":"https:\/\/dev.myindustrial.eu\/et\/wp-json\/wp\/v2\/product\/1260059456\/revisions"}],"wp:featuredmedia":[{"embeddable":true,"href":"https:\/\/dev.myindustrial.eu\/et\/wp-json\/wp\/v2\/media\/1260061946"}],"wp:attachment":[{"href":"https:\/\/dev.myindustrial.eu\/et\/wp-json\/wp\/v2\/media?parent=1260059456"}],"wp:term":[{"taxonomy":"product_brand","embeddable":true,"href":"https:\/\/dev.myindustrial.eu\/et\/wp-json\/wp\/v2\/product_brand?post=1260059456"},{"taxonomy":"product_cat","embeddable":true,"href":"https:\/\/dev.myindustrial.eu\/et\/wp-json\/wp\/v2\/product_cat?post=1260059456"},{"taxonomy":"product_tag","embeddable":true,"href":"https:\/\/dev.myindustrial.eu\/et\/wp-json\/wp\/v2\/product_tag?post=1260059456"}],"curies":[{"name":"wp","href":"https:\/\/api.w.org\/{rel}","templated":true}]}}