{"id":1260059468,"date":"2022-01-14T01:36:56","date_gmt":"2022-01-14T02:06:29","guid":{"rendered":"https:\/\/dev.myindustrial.eu\/shop-2\/maaratlemata\/gp40\/"},"modified":"2023-06-16T19:58:51","modified_gmt":"2023-06-16T19:58:51","slug":"gp40","status":"publish","type":"product","link":"https:\/\/dev.myindustrial.eu\/et\/shop\/potentsiomeetrid-ja-andurid\/esipaneeli-potentsiomeeter\/gp40\/","title":{"rendered":"K\u00e4igu- ja mootoripotentsiomeeter GP40"},"content":{"rendered":"<p><iframe width=\"560\" height=\"315\" src=\"https:\/\/youtube.com\/embed\/Yp4G_XNLtc4\" frameborder=\"0\" allow=\"accelerometer; autoplay; clipboard-write; encrypted-media; gyroscope; picture-in-picture; web-share\" allowfullscreen><\/iframe><iframe width=\"560\" height=\"315\" src=\"https:\/\/youtube.com\/embed\/8Ssa5Iiy-WA\" frameborder=\"0\" allow=\"accelerometer; autoplay; clipboard-write; encrypted-media; gyroscope; picture-in-picture; web-share\" allowfullscreen><\/iframe><\/p>\n","protected":false},"excerpt":{"rendered":"<p>Kasutame nende potentsiomeetrite valmistamiseks meie DMG23- ja DMG24M-t\u00fc\u00fcpi mitmep\u00f6\u00f6rdelisi potentsiomeetreid ning DP18- ja DP113-t\u00fc\u00fcpi \u00fchep\u00f6\u00f6rdelisi potentsiomeetreid. K\u00f5ik potentsiomeetrid on varustatud piirajatega. Potentsiomeetril on k\u00e4igukasti kaitsmiseks \u00fclekoormuse eest sisseehitatud spetsiaalne liugsidur. Lisakomponentidena pakume hammasratastega potentsiomeetreid koos l\u00f5ppl\u00fclititega (ainult \u00fchep\u00f6\u00f6rdelised potentsiomeetrid) ja vastavaid nukk- v\u00f5i segmentkettaid. L\u00f5ppl\u00fclitid v\u00f5ivad olla integreeritud lisatasandisse v\u00f5i paigaldatud tagak\u00fcljele. Hammasratastega potentsiomeeter on tugeva alumiiniumist korpusega (soovi korral roostevabast terasest korpus) ja keskse kinnitusega M12x1. Soovi korral saab sellele lisada ka anduri v\u00e4ljundsignaaliga (0\/4&#8230;20 mA v\u00f5i 0&#8230;10 VDC). K\u00e4igupotentsiomeeter on \u00fchendatud kaabli v\u00f5i klemmiploki kaudu.<\/p>\n","protected":false},"featured_media":1260061355,"template":"","meta":[],"product_brand":[],"product_cat":[1288,1520],"product_tag":[],"class_list":{"0":"post-1260059468","1":"product","2":"type-product","3":"status-publish","4":"has-post-thumbnail","6":"product_cat-esipaneeli-potentsiomeeter","7":"product_cat-mootori-potentsiomeeter","9":"first","10":"instock","11":"product-type-simple"},"yoast_head":"<!-- This site is optimized with the Yoast SEO plugin v27.1.1 - https:\/\/yoast.com\/product\/yoast-seo-wordpress\/ -->\n<title>K\u00e4igu- ja mootoripotentsiomeeter GP40 - My industrial<\/title>\n<meta name=\"robots\" content=\"noindex, follow, max-snippet:-1, max-image-preview:large, max-video-preview:-1\" \/>\n<meta property=\"og:locale\" content=\"et_EE\" \/>\n<meta property=\"og:type\" content=\"article\" \/>\n<meta property=\"og:title\" content=\"K\u00e4igu- ja mootoripotentsiomeeter GP40 - My industrial\" \/>\n<meta property=\"og:description\" content=\"Kasutame nende potentsiomeetrite valmistamiseks meie DMG23- ja DMG24M-t\u00fc\u00fcpi mitmep\u00f6\u00f6rdelisi potentsiomeetreid ning DP18- ja DP113-t\u00fc\u00fcpi \u00fchep\u00f6\u00f6rdelisi potentsiomeetreid. K\u00f5ik potentsiomeetrid on varustatud piirajatega. Potentsiomeetril on k\u00e4igukasti kaitsmiseks \u00fclekoormuse eest sisseehitatud spetsiaalne liugsidur. Lisakomponentidena pakume hammasratastega potentsiomeetreid koos l\u00f5ppl\u00fclititega (ainult \u00fchep\u00f6\u00f6rdelised potentsiomeetrid) ja vastavaid nukk- v\u00f5i segmentkettaid. L\u00f5ppl\u00fclitid v\u00f5ivad olla integreeritud lisatasandisse v\u00f5i paigaldatud tagak\u00fcljele. Hammasratastega potentsiomeeter on tugeva alumiiniumist korpusega (soovi korral roostevabast terasest korpus) ja keskse kinnitusega M12x1. Soovi korral saab sellele lisada ka anduri v\u00e4ljundsignaaliga (0\/4...20 mA v\u00f5i 0...10 VDC). K\u00e4igupotentsiomeeter on \u00fchendatud kaabli v\u00f5i klemmiploki kaudu.\" \/>\n<meta property=\"og:url\" content=\"https:\/\/dev.myindustrial.eu\/et\/shop\/potentsiomeetrid-ja-andurid\/esipaneeli-potentsiomeeter\/gp40\/\" \/>\n<meta property=\"og:site_name\" content=\"My industrial\" \/>\n<meta property=\"article:modified_time\" content=\"2023-06-16T19:58:51+00:00\" \/>\n<meta property=\"og:image\" content=\"https:\/\/dev.myindustrial.eu\/wp-content\/uploads\/2022\/06\/GP40.webp\" \/>\n\t<meta property=\"og:image:width\" content=\"500\" \/>\n\t<meta property=\"og:image:height\" content=\"500\" \/>\n\t<meta property=\"og:image:type\" content=\"image\/webp\" \/>\n<meta name=\"twitter:card\" content=\"summary_large_image\" \/>\n<script type=\"application\/ld+json\" class=\"yoast-schema-graph\">{\"@context\":\"https:\/\/schema.org\",\"@graph\":[{\"@type\":\"WebPage\",\"@id\":\"https:\/\/dev.myindustrial.eu\/et\/shop\/potentsiomeetrid-ja-andurid\/esipaneeli-potentsiomeeter\/gp40\/\",\"url\":\"https:\/\/dev.myindustrial.eu\/et\/shop\/potentsiomeetrid-ja-andurid\/esipaneeli-potentsiomeeter\/gp40\/\",\"name\":\"K\u00e4igu- ja mootoripotentsiomeeter GP40 - My industrial\",\"isPartOf\":{\"@id\":\"https:\/\/dev.myindustrial.eu\/et\/#website\"},\"primaryImageOfPage\":{\"@id\":\"https:\/\/dev.myindustrial.eu\/et\/shop\/potentsiomeetrid-ja-andurid\/esipaneeli-potentsiomeeter\/gp40\/#primaryimage\"},\"image\":{\"@id\":\"https:\/\/dev.myindustrial.eu\/et\/shop\/potentsiomeetrid-ja-andurid\/esipaneeli-potentsiomeeter\/gp40\/#primaryimage\"},\"thumbnailUrl\":\"https:\/\/dev.myindustrial.eu\/wp-content\/uploads\/2022\/06\/GP40.webp\",\"datePublished\":\"2022-01-14T02:06:29+00:00\",\"dateModified\":\"2023-06-16T19:58:51+00:00\",\"breadcrumb\":{\"@id\":\"https:\/\/dev.myindustrial.eu\/et\/shop\/potentsiomeetrid-ja-andurid\/esipaneeli-potentsiomeeter\/gp40\/#breadcrumb\"},\"inLanguage\":\"et\",\"potentialAction\":[{\"@type\":\"ReadAction\",\"target\":[\"https:\/\/dev.myindustrial.eu\/et\/shop\/potentsiomeetrid-ja-andurid\/esipaneeli-potentsiomeeter\/gp40\/\"]}]},{\"@type\":\"ImageObject\",\"inLanguage\":\"et\",\"@id\":\"https:\/\/dev.myindustrial.eu\/et\/shop\/potentsiomeetrid-ja-andurid\/esipaneeli-potentsiomeeter\/gp40\/#primaryimage\",\"url\":\"https:\/\/dev.myindustrial.eu\/wp-content\/uploads\/2022\/06\/GP40.webp\",\"contentUrl\":\"https:\/\/dev.myindustrial.eu\/wp-content\/uploads\/2022\/06\/GP40.webp\",\"width\":500,\"height\":500},{\"@type\":\"BreadcrumbList\",\"@id\":\"https:\/\/dev.myindustrial.eu\/et\/shop\/potentsiomeetrid-ja-andurid\/esipaneeli-potentsiomeeter\/gp40\/#breadcrumb\",\"itemListElement\":[{\"@type\":\"ListItem\",\"position\":1,\"name\":\"Home\",\"item\":\"https:\/\/dev.myindustrial.eu\/et\/\"},{\"@type\":\"ListItem\",\"position\":2,\"name\":\"Products\",\"item\":\"https:\/\/dev.myindustrial.eu\/et\/products\/\"},{\"@type\":\"ListItem\",\"position\":3,\"name\":\"K\u00e4igu- ja mootoripotentsiomeeter GP40\"}]},{\"@type\":\"WebSite\",\"@id\":\"https:\/\/dev.myindustrial.eu\/et\/#website\",\"url\":\"https:\/\/dev.myindustrial.eu\/et\/\",\"name\":\"My industrial\",\"description\":\"\",\"potentialAction\":[{\"@type\":\"SearchAction\",\"target\":{\"@type\":\"EntryPoint\",\"urlTemplate\":\"https:\/\/dev.myindustrial.eu\/et\/?s={search_term_string}\"},\"query-input\":{\"@type\":\"PropertyValueSpecification\",\"valueRequired\":true,\"valueName\":\"search_term_string\"}}],\"inLanguage\":\"et\"}]}<\/script>\n<!-- \/ Yoast SEO plugin. -->","yoast_head_json":{"title":"K\u00e4igu- ja mootoripotentsiomeeter GP40 - My industrial","robots":{"index":"noindex","follow":"follow","max-snippet":"max-snippet:-1","max-image-preview":"max-image-preview:large","max-video-preview":"max-video-preview:-1"},"og_locale":"et_EE","og_type":"article","og_title":"K\u00e4igu- ja mootoripotentsiomeeter GP40 - My industrial","og_description":"Kasutame nende potentsiomeetrite valmistamiseks meie DMG23- ja DMG24M-t\u00fc\u00fcpi mitmep\u00f6\u00f6rdelisi potentsiomeetreid ning DP18- ja DP113-t\u00fc\u00fcpi \u00fchep\u00f6\u00f6rdelisi potentsiomeetreid. K\u00f5ik potentsiomeetrid on varustatud piirajatega. Potentsiomeetril on k\u00e4igukasti kaitsmiseks \u00fclekoormuse eest sisseehitatud spetsiaalne liugsidur. Lisakomponentidena pakume hammasratastega potentsiomeetreid koos l\u00f5ppl\u00fclititega (ainult \u00fchep\u00f6\u00f6rdelised potentsiomeetrid) ja vastavaid nukk- v\u00f5i segmentkettaid. L\u00f5ppl\u00fclitid v\u00f5ivad olla integreeritud lisatasandisse v\u00f5i paigaldatud tagak\u00fcljele. Hammasratastega potentsiomeeter on tugeva alumiiniumist korpusega (soovi korral roostevabast terasest korpus) ja keskse kinnitusega M12x1. Soovi korral saab sellele lisada ka anduri v\u00e4ljundsignaaliga (0\/4...20 mA v\u00f5i 0...10 VDC). K\u00e4igupotentsiomeeter on \u00fchendatud kaabli v\u00f5i klemmiploki kaudu.","og_url":"https:\/\/dev.myindustrial.eu\/et\/shop\/potentsiomeetrid-ja-andurid\/esipaneeli-potentsiomeeter\/gp40\/","og_site_name":"My industrial","article_modified_time":"2023-06-16T19:58:51+00:00","og_image":[{"width":500,"height":500,"url":"https:\/\/dev.myindustrial.eu\/wp-content\/uploads\/2022\/06\/GP40.webp","type":"image\/webp"}],"twitter_card":"summary_large_image","schema":{"@context":"https:\/\/schema.org","@graph":[{"@type":"WebPage","@id":"https:\/\/dev.myindustrial.eu\/et\/shop\/potentsiomeetrid-ja-andurid\/esipaneeli-potentsiomeeter\/gp40\/","url":"https:\/\/dev.myindustrial.eu\/et\/shop\/potentsiomeetrid-ja-andurid\/esipaneeli-potentsiomeeter\/gp40\/","name":"K\u00e4igu- ja mootoripotentsiomeeter GP40 - My industrial","isPartOf":{"@id":"https:\/\/dev.myindustrial.eu\/et\/#website"},"primaryImageOfPage":{"@id":"https:\/\/dev.myindustrial.eu\/et\/shop\/potentsiomeetrid-ja-andurid\/esipaneeli-potentsiomeeter\/gp40\/#primaryimage"},"image":{"@id":"https:\/\/dev.myindustrial.eu\/et\/shop\/potentsiomeetrid-ja-andurid\/esipaneeli-potentsiomeeter\/gp40\/#primaryimage"},"thumbnailUrl":"https:\/\/dev.myindustrial.eu\/wp-content\/uploads\/2022\/06\/GP40.webp","datePublished":"2022-01-14T02:06:29+00:00","dateModified":"2023-06-16T19:58:51+00:00","breadcrumb":{"@id":"https:\/\/dev.myindustrial.eu\/et\/shop\/potentsiomeetrid-ja-andurid\/esipaneeli-potentsiomeeter\/gp40\/#breadcrumb"},"inLanguage":"et","potentialAction":[{"@type":"ReadAction","target":["https:\/\/dev.myindustrial.eu\/et\/shop\/potentsiomeetrid-ja-andurid\/esipaneeli-potentsiomeeter\/gp40\/"]}]},{"@type":"ImageObject","inLanguage":"et","@id":"https:\/\/dev.myindustrial.eu\/et\/shop\/potentsiomeetrid-ja-andurid\/esipaneeli-potentsiomeeter\/gp40\/#primaryimage","url":"https:\/\/dev.myindustrial.eu\/wp-content\/uploads\/2022\/06\/GP40.webp","contentUrl":"https:\/\/dev.myindustrial.eu\/wp-content\/uploads\/2022\/06\/GP40.webp","width":500,"height":500},{"@type":"BreadcrumbList","@id":"https:\/\/dev.myindustrial.eu\/et\/shop\/potentsiomeetrid-ja-andurid\/esipaneeli-potentsiomeeter\/gp40\/#breadcrumb","itemListElement":[{"@type":"ListItem","position":1,"name":"Home","item":"https:\/\/dev.myindustrial.eu\/et\/"},{"@type":"ListItem","position":2,"name":"Products","item":"https:\/\/dev.myindustrial.eu\/et\/products\/"},{"@type":"ListItem","position":3,"name":"K\u00e4igu- ja mootoripotentsiomeeter GP40"}]},{"@type":"WebSite","@id":"https:\/\/dev.myindustrial.eu\/et\/#website","url":"https:\/\/dev.myindustrial.eu\/et\/","name":"My industrial","description":"","potentialAction":[{"@type":"SearchAction","target":{"@type":"EntryPoint","urlTemplate":"https:\/\/dev.myindustrial.eu\/et\/?s={search_term_string}"},"query-input":{"@type":"PropertyValueSpecification","valueRequired":true,"valueName":"search_term_string"}}],"inLanguage":"et"}]}},"_links":{"self":[{"href":"https:\/\/dev.myindustrial.eu\/et\/wp-json\/wp\/v2\/product\/1260059468","targetHints":{"allow":["GET"]}}],"collection":[{"href":"https:\/\/dev.myindustrial.eu\/et\/wp-json\/wp\/v2\/product"}],"about":[{"href":"https:\/\/dev.myindustrial.eu\/et\/wp-json\/wp\/v2\/types\/product"}],"version-history":[{"count":0,"href":"https:\/\/dev.myindustrial.eu\/et\/wp-json\/wp\/v2\/product\/1260059468\/revisions"}],"wp:featuredmedia":[{"embeddable":true,"href":"https:\/\/dev.myindustrial.eu\/et\/wp-json\/wp\/v2\/media\/1260061355"}],"wp:attachment":[{"href":"https:\/\/dev.myindustrial.eu\/et\/wp-json\/wp\/v2\/media?parent=1260059468"}],"wp:term":[{"taxonomy":"product_brand","embeddable":true,"href":"https:\/\/dev.myindustrial.eu\/et\/wp-json\/wp\/v2\/product_brand?post=1260059468"},{"taxonomy":"product_cat","embeddable":true,"href":"https:\/\/dev.myindustrial.eu\/et\/wp-json\/wp\/v2\/product_cat?post=1260059468"},{"taxonomy":"product_tag","embeddable":true,"href":"https:\/\/dev.myindustrial.eu\/et\/wp-json\/wp\/v2\/product_tag?post=1260059468"}],"curies":[{"name":"wp","href":"https:\/\/api.w.org\/{rel}","templated":true}]}}