{"id":1260059474,"date":"2022-01-14T01:36:56","date_gmt":"2022-01-14T02:06:29","guid":{"rendered":"https:\/\/dev.myindustrial.eu\/shop-2\/maaratlemata\/tuup-usb-5-05\/"},"modified":"2023-07-06T11:56:29","modified_gmt":"2023-07-06T11:56:29","slug":"tuup-usb-5-05","status":"publish","type":"product","link":"https:\/\/dev.myindustrial.eu\/et\/shop\/toopidurid\/tuup-usb-5-05\/","title":{"rendered":"T\u00fc\u00fcp USB 5 05"},"content":{"rendered":"<p><iframe width=\"560\" height=\"315\" src=\"https:\/\/youtube.com\/embed\/vk8AGkE3hSY\" frameborder=\"0\" allow=\"accelerometer; autoplay; clipboard-write; encrypted-media; gyroscope; picture-in-picture; web-share\" allowfullscreen><\/iframe><iframe width=\"560\" height=\"315\" src=\"https:\/\/youtube.com\/embed\/qCgrDnsHGlc\" frameborder=\"0\" allow=\"accelerometer; autoplay; clipboard-write; encrypted-media; gyroscope; picture-in-picture; web-share\" allowfullscreen><\/iframe><\/p>\n","protected":false},"excerpt":{"rendered":"<p>Need pidurid on konstrueeritud arvestades kraana-, t\u00f5ste- ja materjalik\u00e4itlusseadmete spetsiifilisi n\u00f5udmisi ning on SIBRE pideva uurimis- ja arendustegevuse tulemus.<br \/>\nKETTAPIDURID \u2013 USB t\u00fc\u00fcp<br \/>\nUSB-seeria ketaspidurid on t\u00e4ielikult \u00fcmber kujundatud ja nende kasutamisel moodustavad vedruj\u00f5u ja nurkpiduri raskuse kombinatsiooni.<br \/>\nSee piduriseeria on v\u00e4lja t\u00f6\u00f6tatud kraanade, materjalik\u00e4itlusseadmete, materjalik\u00e4itlusseadmete t\u00f6\u00f6 spetsiifilisi n\u00f5udeid arvestades ning on SIBRE peakontori tehnilise osakonna pideva uurimis- ja arendust\u00f6\u00f6 j\u00e4rjepidev tulemus.<br \/>\nKoos t\u00e4iustatud piduriklotside kulumiskompensaatoriga pakub uus USB-seeria t\u00f6\u00f6ketaspidureid praktiliselt hooldusvaba pidurilahenduse. Uus piduris\u00fcsteem on konstrueeritud kahes suuruses ja pakub seega lahendusi v\u00e4ga erinevatele pidurdus\u00fclesannetele.<br \/>\nKus seda rakendatakse:<br \/>\nUSB-seeria pidurid on ette n\u00e4htud kasutamiseks t\u00f6\u00f6- v\u00f5i h\u00e4daseisupiduritena paljude k\u00e4ivituste ja suure pidurduskiiruse korral, n\u00e4iteks t\u00f5stemehhanismide, konteinerkraanade teisaldamise mehhanismide, konveieriajamite, pidevtranspordimasinate, ajamite jaoks. mitme kopaga rootorekskavaatorid, laadurid jne&#8230;<\/p>\n","protected":false},"featured_media":1260062042,"template":"","meta":[],"product_brand":[],"product_cat":[1415],"product_tag":[],"class_list":{"0":"post-1260059474","1":"product","2":"type-product","3":"status-publish","4":"has-post-thumbnail","6":"product_cat-toopidurid","8":"first","9":"instock","10":"product-type-simple"},"yoast_head":"<!-- This site is optimized with the Yoast SEO plugin v27.1.1 - https:\/\/yoast.com\/product\/yoast-seo-wordpress\/ -->\n<title>T\u00fc\u00fcp USB 5 05 - My industrial<\/title>\n<meta name=\"robots\" content=\"noindex, follow, max-snippet:-1, max-image-preview:large, max-video-preview:-1\" \/>\n<meta property=\"og:locale\" content=\"et_EE\" \/>\n<meta property=\"og:type\" content=\"article\" \/>\n<meta property=\"og:title\" content=\"T\u00fc\u00fcp USB 5 05 - My industrial\" \/>\n<meta property=\"og:description\" content=\"Need pidurid on konstrueeritud arvestades kraana-, t\u00f5ste- ja materjalik\u00e4itlusseadmete spetsiifilisi n\u00f5udmisi ning on SIBRE pideva uurimis- ja arendustegevuse tulemus. KETTAPIDURID \u2013 USB t\u00fc\u00fcp USB-seeria ketaspidurid on t\u00e4ielikult \u00fcmber kujundatud ja nende kasutamisel moodustavad vedruj\u00f5u ja nurkpiduri raskuse kombinatsiooni. See piduriseeria on v\u00e4lja t\u00f6\u00f6tatud kraanade, materjalik\u00e4itlusseadmete, materjalik\u00e4itlusseadmete t\u00f6\u00f6 spetsiifilisi n\u00f5udeid arvestades ning on SIBRE peakontori tehnilise osakonna pideva uurimis- ja arendust\u00f6\u00f6 j\u00e4rjepidev tulemus. Koos t\u00e4iustatud piduriklotside kulumiskompensaatoriga pakub uus USB-seeria t\u00f6\u00f6ketaspidureid praktiliselt hooldusvaba pidurilahenduse. Uus piduris\u00fcsteem on konstrueeritud kahes suuruses ja pakub seega lahendusi v\u00e4ga erinevatele pidurdus\u00fclesannetele. Kus seda rakendatakse: USB-seeria pidurid on ette n\u00e4htud kasutamiseks t\u00f6\u00f6- v\u00f5i h\u00e4daseisupiduritena paljude k\u00e4ivituste ja suure pidurduskiiruse korral, n\u00e4iteks t\u00f5stemehhanismide, konteinerkraanade teisaldamise mehhanismide, konveieriajamite, pidevtranspordimasinate, ajamite jaoks. mitme kopaga rootorekskavaatorid, laadurid jne...\" \/>\n<meta property=\"og:url\" content=\"https:\/\/dev.myindustrial.eu\/et\/shop\/toopidurid\/tuup-usb-5-05\/\" \/>\n<meta property=\"og:site_name\" content=\"My industrial\" \/>\n<meta property=\"article:modified_time\" content=\"2023-07-06T11:56:29+00:00\" \/>\n<meta property=\"og:image\" content=\"https:\/\/dev.myindustrial.eu\/wp-content\/uploads\/2022\/01\/sibre-betriebsbremsen-usb5-05-500x500.jpg\" \/>\n\t<meta property=\"og:image:width\" content=\"500\" \/>\n\t<meta property=\"og:image:height\" content=\"500\" \/>\n\t<meta property=\"og:image:type\" content=\"image\/jpeg\" \/>\n<meta name=\"twitter:card\" content=\"summary_large_image\" \/>\n<script type=\"application\/ld+json\" class=\"yoast-schema-graph\">{\"@context\":\"https:\/\/schema.org\",\"@graph\":[{\"@type\":\"WebPage\",\"@id\":\"https:\/\/dev.myindustrial.eu\/et\/shop\/toopidurid\/tuup-usb-5-05\/\",\"url\":\"https:\/\/dev.myindustrial.eu\/et\/shop\/toopidurid\/tuup-usb-5-05\/\",\"name\":\"T\u00fc\u00fcp USB 5 05 - My industrial\",\"isPartOf\":{\"@id\":\"https:\/\/dev.myindustrial.eu\/et\/#website\"},\"primaryImageOfPage\":{\"@id\":\"https:\/\/dev.myindustrial.eu\/et\/shop\/toopidurid\/tuup-usb-5-05\/#primaryimage\"},\"image\":{\"@id\":\"https:\/\/dev.myindustrial.eu\/et\/shop\/toopidurid\/tuup-usb-5-05\/#primaryimage\"},\"thumbnailUrl\":\"https:\/\/dev.myindustrial.eu\/wp-content\/uploads\/2022\/01\/sibre-betriebsbremsen-usb5-05-500x500.jpg\",\"datePublished\":\"2022-01-14T02:06:29+00:00\",\"dateModified\":\"2023-07-06T11:56:29+00:00\",\"breadcrumb\":{\"@id\":\"https:\/\/dev.myindustrial.eu\/et\/shop\/toopidurid\/tuup-usb-5-05\/#breadcrumb\"},\"inLanguage\":\"et\",\"potentialAction\":[{\"@type\":\"ReadAction\",\"target\":[\"https:\/\/dev.myindustrial.eu\/et\/shop\/toopidurid\/tuup-usb-5-05\/\"]}]},{\"@type\":\"ImageObject\",\"inLanguage\":\"et\",\"@id\":\"https:\/\/dev.myindustrial.eu\/et\/shop\/toopidurid\/tuup-usb-5-05\/#primaryimage\",\"url\":\"https:\/\/dev.myindustrial.eu\/wp-content\/uploads\/2022\/01\/sibre-betriebsbremsen-usb5-05-500x500.jpg\",\"contentUrl\":\"https:\/\/dev.myindustrial.eu\/wp-content\/uploads\/2022\/01\/sibre-betriebsbremsen-usb5-05-500x500.jpg\",\"width\":500,\"height\":500},{\"@type\":\"BreadcrumbList\",\"@id\":\"https:\/\/dev.myindustrial.eu\/et\/shop\/toopidurid\/tuup-usb-5-05\/#breadcrumb\",\"itemListElement\":[{\"@type\":\"ListItem\",\"position\":1,\"name\":\"Home\",\"item\":\"https:\/\/dev.myindustrial.eu\/et\/\"},{\"@type\":\"ListItem\",\"position\":2,\"name\":\"Products\",\"item\":\"https:\/\/dev.myindustrial.eu\/et\/products\/\"},{\"@type\":\"ListItem\",\"position\":3,\"name\":\"T\u00fc\u00fcp USB 5 05\"}]},{\"@type\":\"WebSite\",\"@id\":\"https:\/\/dev.myindustrial.eu\/et\/#website\",\"url\":\"https:\/\/dev.myindustrial.eu\/et\/\",\"name\":\"My industrial\",\"description\":\"\",\"potentialAction\":[{\"@type\":\"SearchAction\",\"target\":{\"@type\":\"EntryPoint\",\"urlTemplate\":\"https:\/\/dev.myindustrial.eu\/et\/?s={search_term_string}\"},\"query-input\":{\"@type\":\"PropertyValueSpecification\",\"valueRequired\":true,\"valueName\":\"search_term_string\"}}],\"inLanguage\":\"et\"}]}<\/script>\n<!-- \/ Yoast SEO plugin. -->","yoast_head_json":{"title":"T\u00fc\u00fcp USB 5 05 - My industrial","robots":{"index":"noindex","follow":"follow","max-snippet":"max-snippet:-1","max-image-preview":"max-image-preview:large","max-video-preview":"max-video-preview:-1"},"og_locale":"et_EE","og_type":"article","og_title":"T\u00fc\u00fcp USB 5 05 - My industrial","og_description":"Need pidurid on konstrueeritud arvestades kraana-, t\u00f5ste- ja materjalik\u00e4itlusseadmete spetsiifilisi n\u00f5udmisi ning on SIBRE pideva uurimis- ja arendustegevuse tulemus. KETTAPIDURID \u2013 USB t\u00fc\u00fcp USB-seeria ketaspidurid on t\u00e4ielikult \u00fcmber kujundatud ja nende kasutamisel moodustavad vedruj\u00f5u ja nurkpiduri raskuse kombinatsiooni. See piduriseeria on v\u00e4lja t\u00f6\u00f6tatud kraanade, materjalik\u00e4itlusseadmete, materjalik\u00e4itlusseadmete t\u00f6\u00f6 spetsiifilisi n\u00f5udeid arvestades ning on SIBRE peakontori tehnilise osakonna pideva uurimis- ja arendust\u00f6\u00f6 j\u00e4rjepidev tulemus. Koos t\u00e4iustatud piduriklotside kulumiskompensaatoriga pakub uus USB-seeria t\u00f6\u00f6ketaspidureid praktiliselt hooldusvaba pidurilahenduse. Uus piduris\u00fcsteem on konstrueeritud kahes suuruses ja pakub seega lahendusi v\u00e4ga erinevatele pidurdus\u00fclesannetele. Kus seda rakendatakse: USB-seeria pidurid on ette n\u00e4htud kasutamiseks t\u00f6\u00f6- v\u00f5i h\u00e4daseisupiduritena paljude k\u00e4ivituste ja suure pidurduskiiruse korral, n\u00e4iteks t\u00f5stemehhanismide, konteinerkraanade teisaldamise mehhanismide, konveieriajamite, pidevtranspordimasinate, ajamite jaoks. mitme kopaga rootorekskavaatorid, laadurid jne...","og_url":"https:\/\/dev.myindustrial.eu\/et\/shop\/toopidurid\/tuup-usb-5-05\/","og_site_name":"My industrial","article_modified_time":"2023-07-06T11:56:29+00:00","og_image":[{"width":500,"height":500,"url":"https:\/\/dev.myindustrial.eu\/wp-content\/uploads\/2022\/01\/sibre-betriebsbremsen-usb5-05-500x500.jpg","type":"image\/jpeg"}],"twitter_card":"summary_large_image","schema":{"@context":"https:\/\/schema.org","@graph":[{"@type":"WebPage","@id":"https:\/\/dev.myindustrial.eu\/et\/shop\/toopidurid\/tuup-usb-5-05\/","url":"https:\/\/dev.myindustrial.eu\/et\/shop\/toopidurid\/tuup-usb-5-05\/","name":"T\u00fc\u00fcp USB 5 05 - My industrial","isPartOf":{"@id":"https:\/\/dev.myindustrial.eu\/et\/#website"},"primaryImageOfPage":{"@id":"https:\/\/dev.myindustrial.eu\/et\/shop\/toopidurid\/tuup-usb-5-05\/#primaryimage"},"image":{"@id":"https:\/\/dev.myindustrial.eu\/et\/shop\/toopidurid\/tuup-usb-5-05\/#primaryimage"},"thumbnailUrl":"https:\/\/dev.myindustrial.eu\/wp-content\/uploads\/2022\/01\/sibre-betriebsbremsen-usb5-05-500x500.jpg","datePublished":"2022-01-14T02:06:29+00:00","dateModified":"2023-07-06T11:56:29+00:00","breadcrumb":{"@id":"https:\/\/dev.myindustrial.eu\/et\/shop\/toopidurid\/tuup-usb-5-05\/#breadcrumb"},"inLanguage":"et","potentialAction":[{"@type":"ReadAction","target":["https:\/\/dev.myindustrial.eu\/et\/shop\/toopidurid\/tuup-usb-5-05\/"]}]},{"@type":"ImageObject","inLanguage":"et","@id":"https:\/\/dev.myindustrial.eu\/et\/shop\/toopidurid\/tuup-usb-5-05\/#primaryimage","url":"https:\/\/dev.myindustrial.eu\/wp-content\/uploads\/2022\/01\/sibre-betriebsbremsen-usb5-05-500x500.jpg","contentUrl":"https:\/\/dev.myindustrial.eu\/wp-content\/uploads\/2022\/01\/sibre-betriebsbremsen-usb5-05-500x500.jpg","width":500,"height":500},{"@type":"BreadcrumbList","@id":"https:\/\/dev.myindustrial.eu\/et\/shop\/toopidurid\/tuup-usb-5-05\/#breadcrumb","itemListElement":[{"@type":"ListItem","position":1,"name":"Home","item":"https:\/\/dev.myindustrial.eu\/et\/"},{"@type":"ListItem","position":2,"name":"Products","item":"https:\/\/dev.myindustrial.eu\/et\/products\/"},{"@type":"ListItem","position":3,"name":"T\u00fc\u00fcp USB 5 05"}]},{"@type":"WebSite","@id":"https:\/\/dev.myindustrial.eu\/et\/#website","url":"https:\/\/dev.myindustrial.eu\/et\/","name":"My industrial","description":"","potentialAction":[{"@type":"SearchAction","target":{"@type":"EntryPoint","urlTemplate":"https:\/\/dev.myindustrial.eu\/et\/?s={search_term_string}"},"query-input":{"@type":"PropertyValueSpecification","valueRequired":true,"valueName":"search_term_string"}}],"inLanguage":"et"}]}},"_links":{"self":[{"href":"https:\/\/dev.myindustrial.eu\/et\/wp-json\/wp\/v2\/product\/1260059474","targetHints":{"allow":["GET"]}}],"collection":[{"href":"https:\/\/dev.myindustrial.eu\/et\/wp-json\/wp\/v2\/product"}],"about":[{"href":"https:\/\/dev.myindustrial.eu\/et\/wp-json\/wp\/v2\/types\/product"}],"version-history":[{"count":1,"href":"https:\/\/dev.myindustrial.eu\/et\/wp-json\/wp\/v2\/product\/1260059474\/revisions"}],"predecessor-version":[{"id":1260063389,"href":"https:\/\/dev.myindustrial.eu\/et\/wp-json\/wp\/v2\/product\/1260059474\/revisions\/1260063389"}],"wp:featuredmedia":[{"embeddable":true,"href":"https:\/\/dev.myindustrial.eu\/et\/wp-json\/wp\/v2\/media\/1260062042"}],"wp:attachment":[{"href":"https:\/\/dev.myindustrial.eu\/et\/wp-json\/wp\/v2\/media?parent=1260059474"}],"wp:term":[{"taxonomy":"product_brand","embeddable":true,"href":"https:\/\/dev.myindustrial.eu\/et\/wp-json\/wp\/v2\/product_brand?post=1260059474"},{"taxonomy":"product_cat","embeddable":true,"href":"https:\/\/dev.myindustrial.eu\/et\/wp-json\/wp\/v2\/product_cat?post=1260059474"},{"taxonomy":"product_tag","embeddable":true,"href":"https:\/\/dev.myindustrial.eu\/et\/wp-json\/wp\/v2\/product_tag?post=1260059474"}],"curies":[{"name":"wp","href":"https:\/\/api.w.org\/{rel}","templated":true}]}}