{"id":1260059482,"date":"2022-01-14T01:36:56","date_gmt":"2022-01-14T02:06:29","guid":{"rendered":"https:\/\/dev.myindustrial.eu\/shop-2\/maaratlemata\/tuup-te\/"},"modified":"2024-02-06T17:24:21","modified_gmt":"2024-02-06T17:24:21","slug":"tuup-te","status":"publish","type":"product","link":"https:\/\/dev.myindustrial.eu\/et\/shop\/toopidurid\/tuup-te\/","title":{"rendered":"T\u00fc\u00fcp TE"},"content":{"rendered":"<p><iframe width=\"560\" height=\"315\" src=\"https:\/\/youtube.com\/embed\/0VIRCvjWsPg\" frameborder=\"0\" allow=\"accelerometer; autoplay; clipboard-write; encrypted-media; gyroscope; picture-in-picture; web-share\" allowfullscreen><\/iframe><\/p>\n","protected":false},"excerpt":{"rendered":"<p>T\u00d6\u00d6PIDURID \u2013 TE t\u00fc\u00fcp<br \/>\nTE-seeria trummelpidurid on v\u00e4lja t\u00f6\u00f6tatud kaasaegse t\u00f6\u00f6stusliku piduritehnoloogia abil vastavalt standardile DIN 15435.<br \/>\nSee vastupidav mudel oli m\u00f5eldud eelk\u00f5ige kasutamiseks \u00fcldinseneri-, metallurgia-, kraana- ja konveieritehastes, kasutamiseks nii maa all kui ka maa peal, samuti tuuleturbiinitehastes.<br \/>\nNeed pidurid on m\u00f5eldud kasutamiseks alati, kui pidev pidurdusmoment on \u00fclimalt oluline mitte ainult ohutuse, vaid ka kaubanduslikust seisukohast.<\/p>\n","protected":false},"featured_media":1260062032,"template":"","meta":[],"product_brand":[],"product_cat":[1415],"product_tag":[],"class_list":{"0":"post-1260059482","1":"product","2":"type-product","3":"status-publish","4":"has-post-thumbnail","6":"product_cat-toopidurid","8":"first","9":"instock","10":"product-type-simple"},"yoast_head":"<!-- This site is optimized with the Yoast SEO plugin v27.1.1 - https:\/\/yoast.com\/product\/yoast-seo-wordpress\/ -->\n<title>T\u00fc\u00fcp TE - My industrial<\/title>\n<meta name=\"robots\" content=\"noindex, follow, max-snippet:-1, max-image-preview:large, max-video-preview:-1\" \/>\n<meta property=\"og:locale\" content=\"et_EE\" \/>\n<meta property=\"og:type\" content=\"article\" \/>\n<meta property=\"og:title\" content=\"T\u00fc\u00fcp TE - My industrial\" \/>\n<meta property=\"og:description\" content=\"T\u00d6\u00d6PIDURID \u2013 TE t\u00fc\u00fcp TE-seeria trummelpidurid on v\u00e4lja t\u00f6\u00f6tatud kaasaegse t\u00f6\u00f6stusliku piduritehnoloogia abil vastavalt standardile DIN 15435. See vastupidav mudel oli m\u00f5eldud eelk\u00f5ige kasutamiseks \u00fcldinseneri-, metallurgia-, kraana- ja konveieritehastes, kasutamiseks nii maa all kui ka maa peal, samuti tuuleturbiinitehastes. Need pidurid on m\u00f5eldud kasutamiseks alati, kui pidev pidurdusmoment on \u00fclimalt oluline mitte ainult ohutuse, vaid ka kaubanduslikust seisukohast.\" \/>\n<meta property=\"og:url\" content=\"https:\/\/dev.myindustrial.eu\/et\/shop\/toopidurid\/tuup-te\/\" \/>\n<meta property=\"og:site_name\" content=\"My industrial\" \/>\n<meta property=\"article:modified_time\" content=\"2024-02-06T17:24:21+00:00\" \/>\n<meta property=\"og:image\" content=\"https:\/\/dev.myindustrial.eu\/wp-content\/uploads\/2022\/01\/sibre-betriebsbremsen-te_-500x500.jpg\" \/>\n\t<meta property=\"og:image:width\" content=\"500\" \/>\n\t<meta property=\"og:image:height\" content=\"500\" \/>\n\t<meta property=\"og:image:type\" content=\"image\/jpeg\" \/>\n<meta name=\"twitter:card\" content=\"summary_large_image\" \/>\n<script type=\"application\/ld+json\" class=\"yoast-schema-graph\">{\"@context\":\"https:\/\/schema.org\",\"@graph\":[{\"@type\":\"WebPage\",\"@id\":\"https:\/\/dev.myindustrial.eu\/et\/shop\/toopidurid\/tuup-te\/\",\"url\":\"https:\/\/dev.myindustrial.eu\/et\/shop\/toopidurid\/tuup-te\/\",\"name\":\"T\u00fc\u00fcp TE - My industrial\",\"isPartOf\":{\"@id\":\"https:\/\/dev.myindustrial.eu\/et\/#website\"},\"primaryImageOfPage\":{\"@id\":\"https:\/\/dev.myindustrial.eu\/et\/shop\/toopidurid\/tuup-te\/#primaryimage\"},\"image\":{\"@id\":\"https:\/\/dev.myindustrial.eu\/et\/shop\/toopidurid\/tuup-te\/#primaryimage\"},\"thumbnailUrl\":\"https:\/\/dev.myindustrial.eu\/wp-content\/uploads\/2022\/01\/sibre-betriebsbremsen-te_-500x500.jpg\",\"datePublished\":\"2022-01-14T02:06:29+00:00\",\"dateModified\":\"2024-02-06T17:24:21+00:00\",\"breadcrumb\":{\"@id\":\"https:\/\/dev.myindustrial.eu\/et\/shop\/toopidurid\/tuup-te\/#breadcrumb\"},\"inLanguage\":\"et\",\"potentialAction\":[{\"@type\":\"ReadAction\",\"target\":[\"https:\/\/dev.myindustrial.eu\/et\/shop\/toopidurid\/tuup-te\/\"]}]},{\"@type\":\"ImageObject\",\"inLanguage\":\"et\",\"@id\":\"https:\/\/dev.myindustrial.eu\/et\/shop\/toopidurid\/tuup-te\/#primaryimage\",\"url\":\"https:\/\/dev.myindustrial.eu\/wp-content\/uploads\/2022\/01\/sibre-betriebsbremsen-te_-500x500.jpg\",\"contentUrl\":\"https:\/\/dev.myindustrial.eu\/wp-content\/uploads\/2022\/01\/sibre-betriebsbremsen-te_-500x500.jpg\",\"width\":500,\"height\":500},{\"@type\":\"BreadcrumbList\",\"@id\":\"https:\/\/dev.myindustrial.eu\/et\/shop\/toopidurid\/tuup-te\/#breadcrumb\",\"itemListElement\":[{\"@type\":\"ListItem\",\"position\":1,\"name\":\"Home\",\"item\":\"https:\/\/dev.myindustrial.eu\/et\/\"},{\"@type\":\"ListItem\",\"position\":2,\"name\":\"Products\",\"item\":\"https:\/\/dev.myindustrial.eu\/et\/products\/\"},{\"@type\":\"ListItem\",\"position\":3,\"name\":\"T\u00fc\u00fcp TE\"}]},{\"@type\":\"WebSite\",\"@id\":\"https:\/\/dev.myindustrial.eu\/et\/#website\",\"url\":\"https:\/\/dev.myindustrial.eu\/et\/\",\"name\":\"My industrial\",\"description\":\"\",\"potentialAction\":[{\"@type\":\"SearchAction\",\"target\":{\"@type\":\"EntryPoint\",\"urlTemplate\":\"https:\/\/dev.myindustrial.eu\/et\/?s={search_term_string}\"},\"query-input\":{\"@type\":\"PropertyValueSpecification\",\"valueRequired\":true,\"valueName\":\"search_term_string\"}}],\"inLanguage\":\"et\"}]}<\/script>\n<!-- \/ Yoast SEO plugin. -->","yoast_head_json":{"title":"T\u00fc\u00fcp TE - My industrial","robots":{"index":"noindex","follow":"follow","max-snippet":"max-snippet:-1","max-image-preview":"max-image-preview:large","max-video-preview":"max-video-preview:-1"},"og_locale":"et_EE","og_type":"article","og_title":"T\u00fc\u00fcp TE - My industrial","og_description":"T\u00d6\u00d6PIDURID \u2013 TE t\u00fc\u00fcp TE-seeria trummelpidurid on v\u00e4lja t\u00f6\u00f6tatud kaasaegse t\u00f6\u00f6stusliku piduritehnoloogia abil vastavalt standardile DIN 15435. See vastupidav mudel oli m\u00f5eldud eelk\u00f5ige kasutamiseks \u00fcldinseneri-, metallurgia-, kraana- ja konveieritehastes, kasutamiseks nii maa all kui ka maa peal, samuti tuuleturbiinitehastes. Need pidurid on m\u00f5eldud kasutamiseks alati, kui pidev pidurdusmoment on \u00fclimalt oluline mitte ainult ohutuse, vaid ka kaubanduslikust seisukohast.","og_url":"https:\/\/dev.myindustrial.eu\/et\/shop\/toopidurid\/tuup-te\/","og_site_name":"My industrial","article_modified_time":"2024-02-06T17:24:21+00:00","og_image":[{"width":500,"height":500,"url":"https:\/\/dev.myindustrial.eu\/wp-content\/uploads\/2022\/01\/sibre-betriebsbremsen-te_-500x500.jpg","type":"image\/jpeg"}],"twitter_card":"summary_large_image","schema":{"@context":"https:\/\/schema.org","@graph":[{"@type":"WebPage","@id":"https:\/\/dev.myindustrial.eu\/et\/shop\/toopidurid\/tuup-te\/","url":"https:\/\/dev.myindustrial.eu\/et\/shop\/toopidurid\/tuup-te\/","name":"T\u00fc\u00fcp TE - My industrial","isPartOf":{"@id":"https:\/\/dev.myindustrial.eu\/et\/#website"},"primaryImageOfPage":{"@id":"https:\/\/dev.myindustrial.eu\/et\/shop\/toopidurid\/tuup-te\/#primaryimage"},"image":{"@id":"https:\/\/dev.myindustrial.eu\/et\/shop\/toopidurid\/tuup-te\/#primaryimage"},"thumbnailUrl":"https:\/\/dev.myindustrial.eu\/wp-content\/uploads\/2022\/01\/sibre-betriebsbremsen-te_-500x500.jpg","datePublished":"2022-01-14T02:06:29+00:00","dateModified":"2024-02-06T17:24:21+00:00","breadcrumb":{"@id":"https:\/\/dev.myindustrial.eu\/et\/shop\/toopidurid\/tuup-te\/#breadcrumb"},"inLanguage":"et","potentialAction":[{"@type":"ReadAction","target":["https:\/\/dev.myindustrial.eu\/et\/shop\/toopidurid\/tuup-te\/"]}]},{"@type":"ImageObject","inLanguage":"et","@id":"https:\/\/dev.myindustrial.eu\/et\/shop\/toopidurid\/tuup-te\/#primaryimage","url":"https:\/\/dev.myindustrial.eu\/wp-content\/uploads\/2022\/01\/sibre-betriebsbremsen-te_-500x500.jpg","contentUrl":"https:\/\/dev.myindustrial.eu\/wp-content\/uploads\/2022\/01\/sibre-betriebsbremsen-te_-500x500.jpg","width":500,"height":500},{"@type":"BreadcrumbList","@id":"https:\/\/dev.myindustrial.eu\/et\/shop\/toopidurid\/tuup-te\/#breadcrumb","itemListElement":[{"@type":"ListItem","position":1,"name":"Home","item":"https:\/\/dev.myindustrial.eu\/et\/"},{"@type":"ListItem","position":2,"name":"Products","item":"https:\/\/dev.myindustrial.eu\/et\/products\/"},{"@type":"ListItem","position":3,"name":"T\u00fc\u00fcp TE"}]},{"@type":"WebSite","@id":"https:\/\/dev.myindustrial.eu\/et\/#website","url":"https:\/\/dev.myindustrial.eu\/et\/","name":"My industrial","description":"","potentialAction":[{"@type":"SearchAction","target":{"@type":"EntryPoint","urlTemplate":"https:\/\/dev.myindustrial.eu\/et\/?s={search_term_string}"},"query-input":{"@type":"PropertyValueSpecification","valueRequired":true,"valueName":"search_term_string"}}],"inLanguage":"et"}]}},"_links":{"self":[{"href":"https:\/\/dev.myindustrial.eu\/et\/wp-json\/wp\/v2\/product\/1260059482","targetHints":{"allow":["GET"]}}],"collection":[{"href":"https:\/\/dev.myindustrial.eu\/et\/wp-json\/wp\/v2\/product"}],"about":[{"href":"https:\/\/dev.myindustrial.eu\/et\/wp-json\/wp\/v2\/types\/product"}],"version-history":[{"count":0,"href":"https:\/\/dev.myindustrial.eu\/et\/wp-json\/wp\/v2\/product\/1260059482\/revisions"}],"wp:featuredmedia":[{"embeddable":true,"href":"https:\/\/dev.myindustrial.eu\/et\/wp-json\/wp\/v2\/media\/1260062032"}],"wp:attachment":[{"href":"https:\/\/dev.myindustrial.eu\/et\/wp-json\/wp\/v2\/media?parent=1260059482"}],"wp:term":[{"taxonomy":"product_brand","embeddable":true,"href":"https:\/\/dev.myindustrial.eu\/et\/wp-json\/wp\/v2\/product_brand?post=1260059482"},{"taxonomy":"product_cat","embeddable":true,"href":"https:\/\/dev.myindustrial.eu\/et\/wp-json\/wp\/v2\/product_cat?post=1260059482"},{"taxonomy":"product_tag","embeddable":true,"href":"https:\/\/dev.myindustrial.eu\/et\/wp-json\/wp\/v2\/product_tag?post=1260059482"}],"curies":[{"name":"wp","href":"https:\/\/api.w.org\/{rel}","templated":true}]}}