{"id":1260059483,"date":"2022-01-14T01:37:06","date_gmt":"2022-01-14T02:06:38","guid":{"rendered":"https:\/\/dev.myindustrial.eu\/shop-2\/maaratlemata\/shi-tuup\/"},"modified":"2023-12-29T14:52:03","modified_gmt":"2023-12-29T14:52:03","slug":"shi-tuup","status":"publish","type":"product","link":"https:\/\/dev.myindustrial.eu\/et\/shop\/hadapidurid\/shi-tuup\/","title":{"rendered":"SHI T\u00fc\u00fcp"},"content":{"rendered":"<p><iframe width=\"560\" height=\"315\" src=\"https:\/\/youtube.com\/embed\/LfpiuG-_8fw\" frameborder=\"0\" allow=\"accelerometer; autoplay; clipboard-write; encrypted-media; gyroscope; picture-in-picture; web-share\" allowfullscreen><\/iframe><br \/>\n<iframe width=\"560\" height=\"315\" src=\"https:\/\/youtube.com\/embed\/3Qg-lmVo3Qg\" frameborder=\"0\" allow=\"accelerometer; autoplay; clipboard-write; encrypted-media; gyroscope; picture-in-picture; web-share\" allowfullscreen><\/iframe><\/p>\n","protected":false},"excerpt":{"rendered":"<p>PIDURISADULAD- SHI t\u00fc\u00fcpi<br \/>\nkasutatakse hoide- ja h\u00e4daseiskamispidurina, mis on paigaldatud v\u00e4ljundv\u00f5lliga \u00fchendatud ajamikomponentidele, nagu n\u00e4iteks t\u00f5stetrossi trumlite \u00e4\u00e4rik v\u00f5i konveierilindi pingutusrattale.<br \/>\nSHI-seeria pidurid koosnevad kahest s\u00f5ltumatust piduripoolest, millel on vastandlikud vedrukambrid ja h\u00fcdrosilindrid. Iga piduripoole piduriklotsid saavad survej\u00f5u surves\u00f5rmedelt (neli surves\u00f5rme igal piduripoolel).<br \/>\nPiduri avamisel seadistatakse piduriklotsid h\u00fcdrauliliselt. SHI seeria pidureid kasutatakse nii vertikaalselt kui ka horisontaalselt \u2013 eelk\u00f5ige h\u00e4dapidurina trossitrumli \u00e4\u00e4rikul.<br \/>\nPiduriklotsid reguleeritakse k\u00e4sitsi kulumiseks v\u00e4ga lihtsalt ja kiiresti. Pidurite erin\u00f5uete t\u00e4itmiseks on saadaval spetsiaalsetest materjalidest h\u00f5\u00f5rdkattega klotsid.<\/p>\n","protected":false},"featured_media":1260062017,"template":"","meta":[],"product_brand":[],"product_cat":[1414],"product_tag":[],"class_list":{"0":"post-1260059483","1":"product","2":"type-product","3":"status-publish","4":"has-post-thumbnail","6":"product_cat-hadapidurid","8":"first","9":"instock","10":"product-type-simple"},"yoast_head":"<!-- This site is optimized with the Yoast SEO plugin v27.1.1 - https:\/\/yoast.com\/product\/yoast-seo-wordpress\/ -->\n<title>SHI T\u00fc\u00fcp - My industrial<\/title>\n<meta name=\"robots\" content=\"noindex, follow, max-snippet:-1, max-image-preview:large, max-video-preview:-1\" \/>\n<meta property=\"og:locale\" content=\"et_EE\" \/>\n<meta property=\"og:type\" content=\"article\" \/>\n<meta property=\"og:title\" content=\"SHI T\u00fc\u00fcp - My industrial\" \/>\n<meta property=\"og:description\" content=\"PIDURISADULAD- SHI t\u00fc\u00fcpi kasutatakse hoide- ja h\u00e4daseiskamispidurina, mis on paigaldatud v\u00e4ljundv\u00f5lliga \u00fchendatud ajamikomponentidele, nagu n\u00e4iteks t\u00f5stetrossi trumlite \u00e4\u00e4rik v\u00f5i konveierilindi pingutusrattale. SHI-seeria pidurid koosnevad kahest s\u00f5ltumatust piduripoolest, millel on vastandlikud vedrukambrid ja h\u00fcdrosilindrid. Iga piduripoole piduriklotsid saavad survej\u00f5u surves\u00f5rmedelt (neli surves\u00f5rme igal piduripoolel). Piduri avamisel seadistatakse piduriklotsid h\u00fcdrauliliselt. SHI seeria pidureid kasutatakse nii vertikaalselt kui ka horisontaalselt \u2013 eelk\u00f5ige h\u00e4dapidurina trossitrumli \u00e4\u00e4rikul. Piduriklotsid reguleeritakse k\u00e4sitsi kulumiseks v\u00e4ga lihtsalt ja kiiresti. Pidurite erin\u00f5uete t\u00e4itmiseks on saadaval spetsiaalsetest materjalidest h\u00f5\u00f5rdkattega klotsid.\" \/>\n<meta property=\"og:url\" content=\"https:\/\/dev.myindustrial.eu\/et\/shop\/hadapidurid\/shi-tuup\/\" \/>\n<meta property=\"og:site_name\" content=\"My industrial\" \/>\n<meta property=\"article:modified_time\" content=\"2023-12-29T14:52:03+00:00\" \/>\n<meta property=\"og:image\" content=\"https:\/\/dev.myindustrial.eu\/wp-content\/uploads\/2022\/01\/sibre-shi-252_-500x500.jpg\" \/>\n\t<meta property=\"og:image:width\" content=\"500\" \/>\n\t<meta property=\"og:image:height\" content=\"500\" \/>\n\t<meta property=\"og:image:type\" content=\"image\/jpeg\" \/>\n<meta name=\"twitter:card\" content=\"summary_large_image\" \/>\n<script type=\"application\/ld+json\" class=\"yoast-schema-graph\">{\"@context\":\"https:\/\/schema.org\",\"@graph\":[{\"@type\":\"WebPage\",\"@id\":\"https:\/\/dev.myindustrial.eu\/et\/shop\/hadapidurid\/shi-tuup\/\",\"url\":\"https:\/\/dev.myindustrial.eu\/et\/shop\/hadapidurid\/shi-tuup\/\",\"name\":\"SHI T\u00fc\u00fcp - My industrial\",\"isPartOf\":{\"@id\":\"https:\/\/dev.myindustrial.eu\/et\/#website\"},\"primaryImageOfPage\":{\"@id\":\"https:\/\/dev.myindustrial.eu\/et\/shop\/hadapidurid\/shi-tuup\/#primaryimage\"},\"image\":{\"@id\":\"https:\/\/dev.myindustrial.eu\/et\/shop\/hadapidurid\/shi-tuup\/#primaryimage\"},\"thumbnailUrl\":\"https:\/\/dev.myindustrial.eu\/wp-content\/uploads\/2022\/01\/sibre-shi-252_-500x500.jpg\",\"datePublished\":\"2022-01-14T02:06:38+00:00\",\"dateModified\":\"2023-12-29T14:52:03+00:00\",\"breadcrumb\":{\"@id\":\"https:\/\/dev.myindustrial.eu\/et\/shop\/hadapidurid\/shi-tuup\/#breadcrumb\"},\"inLanguage\":\"et\",\"potentialAction\":[{\"@type\":\"ReadAction\",\"target\":[\"https:\/\/dev.myindustrial.eu\/et\/shop\/hadapidurid\/shi-tuup\/\"]}]},{\"@type\":\"ImageObject\",\"inLanguage\":\"et\",\"@id\":\"https:\/\/dev.myindustrial.eu\/et\/shop\/hadapidurid\/shi-tuup\/#primaryimage\",\"url\":\"https:\/\/dev.myindustrial.eu\/wp-content\/uploads\/2022\/01\/sibre-shi-252_-500x500.jpg\",\"contentUrl\":\"https:\/\/dev.myindustrial.eu\/wp-content\/uploads\/2022\/01\/sibre-shi-252_-500x500.jpg\",\"width\":500,\"height\":500},{\"@type\":\"BreadcrumbList\",\"@id\":\"https:\/\/dev.myindustrial.eu\/et\/shop\/hadapidurid\/shi-tuup\/#breadcrumb\",\"itemListElement\":[{\"@type\":\"ListItem\",\"position\":1,\"name\":\"Home\",\"item\":\"https:\/\/dev.myindustrial.eu\/et\/\"},{\"@type\":\"ListItem\",\"position\":2,\"name\":\"Products\",\"item\":\"https:\/\/dev.myindustrial.eu\/et\/products\/\"},{\"@type\":\"ListItem\",\"position\":3,\"name\":\"SHI T\u00fc\u00fcp\"}]},{\"@type\":\"WebSite\",\"@id\":\"https:\/\/dev.myindustrial.eu\/et\/#website\",\"url\":\"https:\/\/dev.myindustrial.eu\/et\/\",\"name\":\"My industrial\",\"description\":\"\",\"potentialAction\":[{\"@type\":\"SearchAction\",\"target\":{\"@type\":\"EntryPoint\",\"urlTemplate\":\"https:\/\/dev.myindustrial.eu\/et\/?s={search_term_string}\"},\"query-input\":{\"@type\":\"PropertyValueSpecification\",\"valueRequired\":true,\"valueName\":\"search_term_string\"}}],\"inLanguage\":\"et\"}]}<\/script>\n<!-- \/ Yoast SEO plugin. -->","yoast_head_json":{"title":"SHI T\u00fc\u00fcp - My industrial","robots":{"index":"noindex","follow":"follow","max-snippet":"max-snippet:-1","max-image-preview":"max-image-preview:large","max-video-preview":"max-video-preview:-1"},"og_locale":"et_EE","og_type":"article","og_title":"SHI T\u00fc\u00fcp - My industrial","og_description":"PIDURISADULAD- SHI t\u00fc\u00fcpi kasutatakse hoide- ja h\u00e4daseiskamispidurina, mis on paigaldatud v\u00e4ljundv\u00f5lliga \u00fchendatud ajamikomponentidele, nagu n\u00e4iteks t\u00f5stetrossi trumlite \u00e4\u00e4rik v\u00f5i konveierilindi pingutusrattale. SHI-seeria pidurid koosnevad kahest s\u00f5ltumatust piduripoolest, millel on vastandlikud vedrukambrid ja h\u00fcdrosilindrid. Iga piduripoole piduriklotsid saavad survej\u00f5u surves\u00f5rmedelt (neli surves\u00f5rme igal piduripoolel). Piduri avamisel seadistatakse piduriklotsid h\u00fcdrauliliselt. SHI seeria pidureid kasutatakse nii vertikaalselt kui ka horisontaalselt \u2013 eelk\u00f5ige h\u00e4dapidurina trossitrumli \u00e4\u00e4rikul. Piduriklotsid reguleeritakse k\u00e4sitsi kulumiseks v\u00e4ga lihtsalt ja kiiresti. Pidurite erin\u00f5uete t\u00e4itmiseks on saadaval spetsiaalsetest materjalidest h\u00f5\u00f5rdkattega klotsid.","og_url":"https:\/\/dev.myindustrial.eu\/et\/shop\/hadapidurid\/shi-tuup\/","og_site_name":"My industrial","article_modified_time":"2023-12-29T14:52:03+00:00","og_image":[{"width":500,"height":500,"url":"https:\/\/dev.myindustrial.eu\/wp-content\/uploads\/2022\/01\/sibre-shi-252_-500x500.jpg","type":"image\/jpeg"}],"twitter_card":"summary_large_image","schema":{"@context":"https:\/\/schema.org","@graph":[{"@type":"WebPage","@id":"https:\/\/dev.myindustrial.eu\/et\/shop\/hadapidurid\/shi-tuup\/","url":"https:\/\/dev.myindustrial.eu\/et\/shop\/hadapidurid\/shi-tuup\/","name":"SHI T\u00fc\u00fcp - My industrial","isPartOf":{"@id":"https:\/\/dev.myindustrial.eu\/et\/#website"},"primaryImageOfPage":{"@id":"https:\/\/dev.myindustrial.eu\/et\/shop\/hadapidurid\/shi-tuup\/#primaryimage"},"image":{"@id":"https:\/\/dev.myindustrial.eu\/et\/shop\/hadapidurid\/shi-tuup\/#primaryimage"},"thumbnailUrl":"https:\/\/dev.myindustrial.eu\/wp-content\/uploads\/2022\/01\/sibre-shi-252_-500x500.jpg","datePublished":"2022-01-14T02:06:38+00:00","dateModified":"2023-12-29T14:52:03+00:00","breadcrumb":{"@id":"https:\/\/dev.myindustrial.eu\/et\/shop\/hadapidurid\/shi-tuup\/#breadcrumb"},"inLanguage":"et","potentialAction":[{"@type":"ReadAction","target":["https:\/\/dev.myindustrial.eu\/et\/shop\/hadapidurid\/shi-tuup\/"]}]},{"@type":"ImageObject","inLanguage":"et","@id":"https:\/\/dev.myindustrial.eu\/et\/shop\/hadapidurid\/shi-tuup\/#primaryimage","url":"https:\/\/dev.myindustrial.eu\/wp-content\/uploads\/2022\/01\/sibre-shi-252_-500x500.jpg","contentUrl":"https:\/\/dev.myindustrial.eu\/wp-content\/uploads\/2022\/01\/sibre-shi-252_-500x500.jpg","width":500,"height":500},{"@type":"BreadcrumbList","@id":"https:\/\/dev.myindustrial.eu\/et\/shop\/hadapidurid\/shi-tuup\/#breadcrumb","itemListElement":[{"@type":"ListItem","position":1,"name":"Home","item":"https:\/\/dev.myindustrial.eu\/et\/"},{"@type":"ListItem","position":2,"name":"Products","item":"https:\/\/dev.myindustrial.eu\/et\/products\/"},{"@type":"ListItem","position":3,"name":"SHI T\u00fc\u00fcp"}]},{"@type":"WebSite","@id":"https:\/\/dev.myindustrial.eu\/et\/#website","url":"https:\/\/dev.myindustrial.eu\/et\/","name":"My industrial","description":"","potentialAction":[{"@type":"SearchAction","target":{"@type":"EntryPoint","urlTemplate":"https:\/\/dev.myindustrial.eu\/et\/?s={search_term_string}"},"query-input":{"@type":"PropertyValueSpecification","valueRequired":true,"valueName":"search_term_string"}}],"inLanguage":"et"}]}},"_links":{"self":[{"href":"https:\/\/dev.myindustrial.eu\/et\/wp-json\/wp\/v2\/product\/1260059483","targetHints":{"allow":["GET"]}}],"collection":[{"href":"https:\/\/dev.myindustrial.eu\/et\/wp-json\/wp\/v2\/product"}],"about":[{"href":"https:\/\/dev.myindustrial.eu\/et\/wp-json\/wp\/v2\/types\/product"}],"version-history":[{"count":1,"href":"https:\/\/dev.myindustrial.eu\/et\/wp-json\/wp\/v2\/product\/1260059483\/revisions"}],"predecessor-version":[{"id":1260063388,"href":"https:\/\/dev.myindustrial.eu\/et\/wp-json\/wp\/v2\/product\/1260059483\/revisions\/1260063388"}],"wp:featuredmedia":[{"embeddable":true,"href":"https:\/\/dev.myindustrial.eu\/et\/wp-json\/wp\/v2\/media\/1260062017"}],"wp:attachment":[{"href":"https:\/\/dev.myindustrial.eu\/et\/wp-json\/wp\/v2\/media?parent=1260059483"}],"wp:term":[{"taxonomy":"product_brand","embeddable":true,"href":"https:\/\/dev.myindustrial.eu\/et\/wp-json\/wp\/v2\/product_brand?post=1260059483"},{"taxonomy":"product_cat","embeddable":true,"href":"https:\/\/dev.myindustrial.eu\/et\/wp-json\/wp\/v2\/product_cat?post=1260059483"},{"taxonomy":"product_tag","embeddable":true,"href":"https:\/\/dev.myindustrial.eu\/et\/wp-json\/wp\/v2\/product_tag?post=1260059483"}],"curies":[{"name":"wp","href":"https:\/\/api.w.org\/{rel}","templated":true}]}}