{"id":1260059510,"date":"2022-01-14T01:37:16","date_gmt":"2022-01-14T02:06:47","guid":{"rendered":"https:\/\/dev.myindustrial.eu\/shop-2\/maaratlemata\/eelised\/"},"modified":"2023-10-18T15:38:30","modified_gmt":"2023-10-18T15:38:30","slug":"eelised","status":"publish","type":"product","link":"https:\/\/dev.myindustrial.eu\/et\/shop\/slp-veoste-niandussusteem\/eelised\/","title":{"rendered":"EELISED"},"content":{"rendered":"<p><iframe src=\"https:\/\/www.youtube.com\/embed\/65yHOAWYjXo\" width=\"560\" height=\"315\" frameborder=\"0\" allowfullscreen=\"allowfullscreen\"><span data-mce-type=\"bookmark\" style=\"display: inline-block; width: 0px; overflow: hidden; line-height: 0;\" class=\"mce_SELRES_start\">\ufeff<\/span><\/iframe><iframe src=\"https:\/\/www.youtube.com\/embed\/iCRA9SZWtr0\" width=\"560\" height=\"315\" frameborder=\"0\" allowfullscreen=\"allowfullscreen\"><\/iframe><\/p>\n<p><strong>AINULAADNE PIDURI TOPELTSEADULAGA<\/strong><\/p>\n<div>\nTEXU s\u00f5idupidur hoolitseb ajamis\u00fcsteemi eest, kuna v\u00f5llil puudub radiaalne koormus<\/p>\n<p><img fetchpriority=\"high\" decoding=\"async\" src=\"\/wp-content\/uploads\/2021\/11\/adv-1.webp\" alt=\"\" width=\"470\" height=\"350\" \/><\/p>\n<p>&nbsp;<\/p>\n<p><strong>AINULAADNE PIDUR ILMA LEKKE<\/strong><\/p>\n<p>SHI h\u00e4dapidurH\u00fcdraulilised lekked puuduvad<\/p>\n<p><img decoding=\"async\" src=\"\/wp-content\/uploads\/2021\/11\/adv-2.webp\" alt=\"\" width=\"470\" height=\"350\" \/><\/p>\n<p>&nbsp;<\/p>\n<p><strong>\u00a03. samm \u2013 Ainulaadne HOIATUSS\u00dcSTEEM<\/strong><\/p>\n<p>Ohutum ja v\u00e4hem pinget ajamiahelas t\u00e4nu eelseisva takistuse l\u00e4heduses asuvate andurite ennetavale kasutamisele.<br \/>\n<img decoding=\"async\" src=\"\/wp-content\/uploads\/2021\/11\/solution-3.webp\" alt=\"\" width=\"470\" height=\"350\" \/><\/p>\n<p><strong>\u00a04. samm \u2013 KIIREIM VASTUS\u00dcSTEEM<\/strong><\/p>\n<p>Kiire tuvastamine ja kiire sulgemine.Kogu reageerimisaeg on umbes 150 ms.<\/p>\n<p><img loading=\"lazy\" decoding=\"async\" src=\"\/wp-content\/uploads\/2021\/11\/solution-4.webp\" alt=\"\" width=\"470\" height=\"350\" \/><\/p>\n<p>&nbsp;<\/p>\n<p><strong>\u00a05. samm \u2013 VARUTUVASTUSS\u00dcSTEEM.<\/strong><\/p>\n<p>T\u00e4iendav ohutus t\u00e4nu pingem\u00f5\u00f5turite kasutamisele t\u00e4iendavaks tee tuvastamiseks.<\/p>\n<p><img loading=\"lazy\" decoding=\"async\" src=\"\/wp-content\/uploads\/2021\/11\/solution-5.webp\" alt=\"\" width=\"470\" height=\"350\" \/><\/p>\n<\/div>\n","protected":false},"excerpt":{"rendered":"<p>\ufeff AINULAADNE PIDURI TOPELTSEADULAGA TEXU s\u00f5idupidur hoolitseb ajamis\u00fcsteemi eest, kuna v\u00f5llil puudub radiaalne koormus &nbsp; AINULAADNE PIDUR ILMA LEKKE SHI<\/p>\n","protected":false},"featured_media":1260058658,"template":"","meta":[],"product_brand":[],"product_cat":[1419],"product_tag":[],"class_list":{"0":"post-1260059510","1":"product","2":"type-product","3":"status-publish","4":"has-post-thumbnail","6":"product_cat-slp-veoste-niandussusteem","8":"first","9":"instock","10":"product-type-simple"},"yoast_head":"<!-- This site is optimized with the Yoast SEO plugin v27.1.1 - https:\/\/yoast.com\/product\/yoast-seo-wordpress\/ -->\n<title>EELISED - My industrial<\/title>\n<meta name=\"robots\" content=\"noindex, follow, max-snippet:-1, max-image-preview:large, max-video-preview:-1\" \/>\n<meta property=\"og:locale\" content=\"et_EE\" \/>\n<meta property=\"og:type\" content=\"article\" \/>\n<meta property=\"og:title\" content=\"EELISED - My industrial\" \/>\n<meta property=\"og:description\" content=\"\ufeff AINULAADNE PIDURI TOPELTSEADULAGA TEXU s\u00f5idupidur hoolitseb ajamis\u00fcsteemi eest, kuna v\u00f5llil puudub radiaalne koormus &nbsp; AINULAADNE PIDUR ILMA LEKKE SHI\" \/>\n<meta property=\"og:url\" content=\"https:\/\/dev.myindustrial.eu\/et\/shop\/slp-veoste-niandussusteem\/eelised\/\" \/>\n<meta property=\"og:site_name\" content=\"My industrial\" \/>\n<meta property=\"article:modified_time\" content=\"2023-10-18T15:38:30+00:00\" \/>\n<meta property=\"og:image\" content=\"https:\/\/dev.myindustrial.eu\/wp-content\/uploads\/2022\/01\/adv-2.webp\" \/>\n\t<meta property=\"og:image:width\" content=\"470\" \/>\n\t<meta property=\"og:image:height\" content=\"350\" \/>\n\t<meta property=\"og:image:type\" content=\"image\/webp\" \/>\n<meta name=\"twitter:card\" content=\"summary_large_image\" \/>\n<script type=\"application\/ld+json\" class=\"yoast-schema-graph\">{\"@context\":\"https:\/\/schema.org\",\"@graph\":[{\"@type\":\"WebPage\",\"@id\":\"https:\/\/dev.myindustrial.eu\/et\/shop\/slp-veoste-niandussusteem\/eelised\/\",\"url\":\"https:\/\/dev.myindustrial.eu\/et\/shop\/slp-veoste-niandussusteem\/eelised\/\",\"name\":\"EELISED - My industrial\",\"isPartOf\":{\"@id\":\"https:\/\/dev.myindustrial.eu\/et\/#website\"},\"primaryImageOfPage\":{\"@id\":\"https:\/\/dev.myindustrial.eu\/et\/shop\/slp-veoste-niandussusteem\/eelised\/#primaryimage\"},\"image\":{\"@id\":\"https:\/\/dev.myindustrial.eu\/et\/shop\/slp-veoste-niandussusteem\/eelised\/#primaryimage\"},\"thumbnailUrl\":\"https:\/\/dev.myindustrial.eu\/wp-content\/uploads\/2022\/01\/adv-2.webp\",\"datePublished\":\"2022-01-14T02:06:47+00:00\",\"dateModified\":\"2023-10-18T15:38:30+00:00\",\"breadcrumb\":{\"@id\":\"https:\/\/dev.myindustrial.eu\/et\/shop\/slp-veoste-niandussusteem\/eelised\/#breadcrumb\"},\"inLanguage\":\"et\",\"potentialAction\":[{\"@type\":\"ReadAction\",\"target\":[\"https:\/\/dev.myindustrial.eu\/et\/shop\/slp-veoste-niandussusteem\/eelised\/\"]}]},{\"@type\":\"ImageObject\",\"inLanguage\":\"et\",\"@id\":\"https:\/\/dev.myindustrial.eu\/et\/shop\/slp-veoste-niandussusteem\/eelised\/#primaryimage\",\"url\":\"https:\/\/dev.myindustrial.eu\/wp-content\/uploads\/2022\/01\/adv-2.webp\",\"contentUrl\":\"https:\/\/dev.myindustrial.eu\/wp-content\/uploads\/2022\/01\/adv-2.webp\",\"width\":470,\"height\":350},{\"@type\":\"BreadcrumbList\",\"@id\":\"https:\/\/dev.myindustrial.eu\/et\/shop\/slp-veoste-niandussusteem\/eelised\/#breadcrumb\",\"itemListElement\":[{\"@type\":\"ListItem\",\"position\":1,\"name\":\"Home\",\"item\":\"https:\/\/dev.myindustrial.eu\/et\/\"},{\"@type\":\"ListItem\",\"position\":2,\"name\":\"Products\",\"item\":\"https:\/\/dev.myindustrial.eu\/et\/products\/\"},{\"@type\":\"ListItem\",\"position\":3,\"name\":\"EELISED\"}]},{\"@type\":\"WebSite\",\"@id\":\"https:\/\/dev.myindustrial.eu\/et\/#website\",\"url\":\"https:\/\/dev.myindustrial.eu\/et\/\",\"name\":\"My industrial\",\"description\":\"\",\"potentialAction\":[{\"@type\":\"SearchAction\",\"target\":{\"@type\":\"EntryPoint\",\"urlTemplate\":\"https:\/\/dev.myindustrial.eu\/et\/?s={search_term_string}\"},\"query-input\":{\"@type\":\"PropertyValueSpecification\",\"valueRequired\":true,\"valueName\":\"search_term_string\"}}],\"inLanguage\":\"et\"}]}<\/script>\n<!-- \/ Yoast SEO plugin. -->","yoast_head_json":{"title":"EELISED - My industrial","robots":{"index":"noindex","follow":"follow","max-snippet":"max-snippet:-1","max-image-preview":"max-image-preview:large","max-video-preview":"max-video-preview:-1"},"og_locale":"et_EE","og_type":"article","og_title":"EELISED - My industrial","og_description":"\ufeff AINULAADNE PIDURI TOPELTSEADULAGA TEXU s\u00f5idupidur hoolitseb ajamis\u00fcsteemi eest, kuna v\u00f5llil puudub radiaalne koormus &nbsp; AINULAADNE PIDUR ILMA LEKKE SHI","og_url":"https:\/\/dev.myindustrial.eu\/et\/shop\/slp-veoste-niandussusteem\/eelised\/","og_site_name":"My industrial","article_modified_time":"2023-10-18T15:38:30+00:00","og_image":[{"width":470,"height":350,"url":"https:\/\/dev.myindustrial.eu\/wp-content\/uploads\/2022\/01\/adv-2.webp","type":"image\/webp"}],"twitter_card":"summary_large_image","schema":{"@context":"https:\/\/schema.org","@graph":[{"@type":"WebPage","@id":"https:\/\/dev.myindustrial.eu\/et\/shop\/slp-veoste-niandussusteem\/eelised\/","url":"https:\/\/dev.myindustrial.eu\/et\/shop\/slp-veoste-niandussusteem\/eelised\/","name":"EELISED - My industrial","isPartOf":{"@id":"https:\/\/dev.myindustrial.eu\/et\/#website"},"primaryImageOfPage":{"@id":"https:\/\/dev.myindustrial.eu\/et\/shop\/slp-veoste-niandussusteem\/eelised\/#primaryimage"},"image":{"@id":"https:\/\/dev.myindustrial.eu\/et\/shop\/slp-veoste-niandussusteem\/eelised\/#primaryimage"},"thumbnailUrl":"https:\/\/dev.myindustrial.eu\/wp-content\/uploads\/2022\/01\/adv-2.webp","datePublished":"2022-01-14T02:06:47+00:00","dateModified":"2023-10-18T15:38:30+00:00","breadcrumb":{"@id":"https:\/\/dev.myindustrial.eu\/et\/shop\/slp-veoste-niandussusteem\/eelised\/#breadcrumb"},"inLanguage":"et","potentialAction":[{"@type":"ReadAction","target":["https:\/\/dev.myindustrial.eu\/et\/shop\/slp-veoste-niandussusteem\/eelised\/"]}]},{"@type":"ImageObject","inLanguage":"et","@id":"https:\/\/dev.myindustrial.eu\/et\/shop\/slp-veoste-niandussusteem\/eelised\/#primaryimage","url":"https:\/\/dev.myindustrial.eu\/wp-content\/uploads\/2022\/01\/adv-2.webp","contentUrl":"https:\/\/dev.myindustrial.eu\/wp-content\/uploads\/2022\/01\/adv-2.webp","width":470,"height":350},{"@type":"BreadcrumbList","@id":"https:\/\/dev.myindustrial.eu\/et\/shop\/slp-veoste-niandussusteem\/eelised\/#breadcrumb","itemListElement":[{"@type":"ListItem","position":1,"name":"Home","item":"https:\/\/dev.myindustrial.eu\/et\/"},{"@type":"ListItem","position":2,"name":"Products","item":"https:\/\/dev.myindustrial.eu\/et\/products\/"},{"@type":"ListItem","position":3,"name":"EELISED"}]},{"@type":"WebSite","@id":"https:\/\/dev.myindustrial.eu\/et\/#website","url":"https:\/\/dev.myindustrial.eu\/et\/","name":"My industrial","description":"","potentialAction":[{"@type":"SearchAction","target":{"@type":"EntryPoint","urlTemplate":"https:\/\/dev.myindustrial.eu\/et\/?s={search_term_string}"},"query-input":{"@type":"PropertyValueSpecification","valueRequired":true,"valueName":"search_term_string"}}],"inLanguage":"et"}]}},"_links":{"self":[{"href":"https:\/\/dev.myindustrial.eu\/et\/wp-json\/wp\/v2\/product\/1260059510","targetHints":{"allow":["GET"]}}],"collection":[{"href":"https:\/\/dev.myindustrial.eu\/et\/wp-json\/wp\/v2\/product"}],"about":[{"href":"https:\/\/dev.myindustrial.eu\/et\/wp-json\/wp\/v2\/types\/product"}],"version-history":[{"count":1,"href":"https:\/\/dev.myindustrial.eu\/et\/wp-json\/wp\/v2\/product\/1260059510\/revisions"}],"predecessor-version":[{"id":1260063443,"href":"https:\/\/dev.myindustrial.eu\/et\/wp-json\/wp\/v2\/product\/1260059510\/revisions\/1260063443"}],"wp:featuredmedia":[{"embeddable":true,"href":"https:\/\/dev.myindustrial.eu\/et\/wp-json\/wp\/v2\/media\/1260058658"}],"wp:attachment":[{"href":"https:\/\/dev.myindustrial.eu\/et\/wp-json\/wp\/v2\/media?parent=1260059510"}],"wp:term":[{"taxonomy":"product_brand","embeddable":true,"href":"https:\/\/dev.myindustrial.eu\/et\/wp-json\/wp\/v2\/product_brand?post=1260059510"},{"taxonomy":"product_cat","embeddable":true,"href":"https:\/\/dev.myindustrial.eu\/et\/wp-json\/wp\/v2\/product_cat?post=1260059510"},{"taxonomy":"product_tag","embeddable":true,"href":"https:\/\/dev.myindustrial.eu\/et\/wp-json\/wp\/v2\/product_tag?post=1260059510"}],"curies":[{"name":"wp","href":"https:\/\/api.w.org\/{rel}","templated":true}]}}