{"id":1260060767,"date":"2022-05-11T15:09:01","date_gmt":"2022-05-11T15:09:01","guid":{"rendered":"https:\/\/dev.myindustrial.eu\/shop\/maaratlemata\/knobs-handles\/"},"modified":"2023-06-16T19:56:42","modified_gmt":"2023-06-16T19:56:42","slug":"knobs-handles","status":"publish","type":"product","link":"https:\/\/dev.myindustrial.eu\/et\/shop\/potentsiomeetrid-ja-andurid\/potentsiomeetri-tarvikud\/knobs-handles\/","title":{"rendered":"Nupud k\u00e4epidemed"},"content":{"rendered":"<p><iframe width=\"560\" height=\"315\" src=\"https:\/\/youtube.com\/embed\/Ds_GP4s2SIQ\" frameborder=\"0\" allow=\"accelerometer; autoplay; clipboard-write; encrypted-media; gyroscope; picture-in-picture; web-share\" allowfullscreen><\/iframe><\/p>\n","protected":false},"excerpt":{"rendered":"<p><strong>Nupud k\u00e4epidemed<\/strong><br \/>\nPlastikust ja metallist p\u00f6\u00f6rdnuppe saab kasutada k\u00f5igi meie valikus olevate p\u00f6\u00f6rlevate potentsiomeetritega. Lisaks olemasolevatele v\u00f5imalustele on soovi korral saadaval ka teisi p\u00f6\u00f6rdnuppe. Meie p\u00f6\u00f6rdnupu ja integreeritud kaaluga prof-adapter on valmislahendus. Seda komponenti kasutatakse mitme p\u00f6\u00f6rdega potentsiomeetris ja see on saadaval meeterm\u00f5\u00f5dustikus ja tollises versioonis.<\/p>\n<p><strong>Tehnilised andmed<\/strong><br \/>\n<strong>Kirjeldus:<\/strong> \u00d8 6,0 mm ja 6,35 mm (prof-adapter)<br \/>\n<strong>L\u00e4bim\u00f5\u00f5t:<\/strong> \u00d8 24,5 \/ \u00d8 28,0 \/ \u00d8 31,5 ja \u00d8 42 mm ja 63 mm (professionaalne adapter)<br \/>\n<strong>Materjal:<\/strong> plastik v\u00f5i alumiinium<br \/>\n<strong>Versioon:<\/strong> anodeeritud, v\u00e4rvitud, kaetud<\/p>\n<p><strong>Kas otsite kohandatud lahendusi?<\/strong><br \/>\nSeej\u00e4rel v\u00f5tke meiega \u00fchendust.<\/p>\n","protected":false},"featured_media":1260060763,"template":"","meta":[],"product_brand":[],"product_cat":[1283,1450],"product_tag":[],"class_list":{"0":"post-1260060767","1":"product","2":"type-product","3":"status-publish","4":"has-post-thumbnail","6":"product_cat-potentsiomeetrid-ja-andurid","7":"product_cat-potentsiomeetri-tarvikud","9":"first","10":"instock","11":"shipping-taxable","12":"product-type-simple"},"yoast_head":"<!-- This site is optimized with the Yoast SEO plugin v27.1.1 - https:\/\/yoast.com\/product\/yoast-seo-wordpress\/ -->\n<title>Nupud k\u00e4epidemed - My industrial<\/title>\n<meta name=\"robots\" content=\"noindex, follow, max-snippet:-1, max-image-preview:large, max-video-preview:-1\" \/>\n<meta property=\"og:locale\" content=\"et_EE\" \/>\n<meta property=\"og:type\" content=\"article\" \/>\n<meta property=\"og:title\" content=\"Nupud k\u00e4epidemed - My industrial\" \/>\n<meta property=\"og:description\" content=\"Nupud k\u00e4epidemed Plastikust ja metallist p\u00f6\u00f6rdnuppe saab kasutada k\u00f5igi meie valikus olevate p\u00f6\u00f6rlevate potentsiomeetritega. Lisaks olemasolevatele v\u00f5imalustele on soovi korral saadaval ka teisi p\u00f6\u00f6rdnuppe. Meie p\u00f6\u00f6rdnupu ja integreeritud kaaluga prof-adapter on valmislahendus. Seda komponenti kasutatakse mitme p\u00f6\u00f6rdega potentsiomeetris ja see on saadaval meeterm\u00f5\u00f5dustikus ja tollises versioonis.  Tehnilised andmed Kirjeldus: \u00d8 6,0 mm ja 6,35 mm (prof-adapter) L\u00e4bim\u00f5\u00f5t: \u00d8 24,5 \/ \u00d8 28,0 \/ \u00d8 31,5 ja \u00d8 42 mm ja 63 mm (professionaalne adapter) Materjal: plastik v\u00f5i alumiinium Versioon: anodeeritud, v\u00e4rvitud, kaetud  Kas otsite kohandatud lahendusi? Seej\u00e4rel v\u00f5tke meiega \u00fchendust.\" \/>\n<meta property=\"og:url\" content=\"https:\/\/dev.myindustrial.eu\/et\/shop\/potentsiomeetrid-ja-andurid\/potentsiomeetri-tarvikud\/knobs-handles\/\" \/>\n<meta property=\"og:site_name\" content=\"My industrial\" \/>\n<meta property=\"article:modified_time\" content=\"2023-06-16T19:56:42+00:00\" \/>\n<meta property=\"og:image\" content=\"https:\/\/dev.myindustrial.eu\/wp-content\/uploads\/2022\/05\/Handles.webp\" \/>\n\t<meta property=\"og:image:width\" content=\"500\" \/>\n\t<meta property=\"og:image:height\" content=\"500\" \/>\n\t<meta property=\"og:image:type\" content=\"image\/webp\" \/>\n<meta name=\"twitter:card\" content=\"summary_large_image\" \/>\n<script type=\"application\/ld+json\" class=\"yoast-schema-graph\">{\"@context\":\"https:\/\/schema.org\",\"@graph\":[{\"@type\":\"WebPage\",\"@id\":\"https:\/\/dev.myindustrial.eu\/et\/shop\/potentsiomeetrid-ja-andurid\/potentsiomeetri-tarvikud\/knobs-handles\/\",\"url\":\"https:\/\/dev.myindustrial.eu\/et\/shop\/potentsiomeetrid-ja-andurid\/potentsiomeetri-tarvikud\/knobs-handles\/\",\"name\":\"Nupud k\u00e4epidemed - My industrial\",\"isPartOf\":{\"@id\":\"https:\/\/dev.myindustrial.eu\/et\/#website\"},\"primaryImageOfPage\":{\"@id\":\"https:\/\/dev.myindustrial.eu\/et\/shop\/potentsiomeetrid-ja-andurid\/potentsiomeetri-tarvikud\/knobs-handles\/#primaryimage\"},\"image\":{\"@id\":\"https:\/\/dev.myindustrial.eu\/et\/shop\/potentsiomeetrid-ja-andurid\/potentsiomeetri-tarvikud\/knobs-handles\/#primaryimage\"},\"thumbnailUrl\":\"https:\/\/dev.myindustrial.eu\/wp-content\/uploads\/2022\/05\/Handles.webp\",\"datePublished\":\"2022-05-11T15:09:01+00:00\",\"dateModified\":\"2023-06-16T19:56:42+00:00\",\"breadcrumb\":{\"@id\":\"https:\/\/dev.myindustrial.eu\/et\/shop\/potentsiomeetrid-ja-andurid\/potentsiomeetri-tarvikud\/knobs-handles\/#breadcrumb\"},\"inLanguage\":\"et\",\"potentialAction\":[{\"@type\":\"ReadAction\",\"target\":[\"https:\/\/dev.myindustrial.eu\/et\/shop\/potentsiomeetrid-ja-andurid\/potentsiomeetri-tarvikud\/knobs-handles\/\"]}]},{\"@type\":\"ImageObject\",\"inLanguage\":\"et\",\"@id\":\"https:\/\/dev.myindustrial.eu\/et\/shop\/potentsiomeetrid-ja-andurid\/potentsiomeetri-tarvikud\/knobs-handles\/#primaryimage\",\"url\":\"https:\/\/dev.myindustrial.eu\/wp-content\/uploads\/2022\/05\/Handles.webp\",\"contentUrl\":\"https:\/\/dev.myindustrial.eu\/wp-content\/uploads\/2022\/05\/Handles.webp\",\"width\":500,\"height\":500},{\"@type\":\"BreadcrumbList\",\"@id\":\"https:\/\/dev.myindustrial.eu\/et\/shop\/potentsiomeetrid-ja-andurid\/potentsiomeetri-tarvikud\/knobs-handles\/#breadcrumb\",\"itemListElement\":[{\"@type\":\"ListItem\",\"position\":1,\"name\":\"Home\",\"item\":\"https:\/\/dev.myindustrial.eu\/et\/\"},{\"@type\":\"ListItem\",\"position\":2,\"name\":\"Products\",\"item\":\"https:\/\/dev.myindustrial.eu\/et\/products\/\"},{\"@type\":\"ListItem\",\"position\":3,\"name\":\"Nupud k\u00e4epidemed\"}]},{\"@type\":\"WebSite\",\"@id\":\"https:\/\/dev.myindustrial.eu\/et\/#website\",\"url\":\"https:\/\/dev.myindustrial.eu\/et\/\",\"name\":\"My industrial\",\"description\":\"\",\"potentialAction\":[{\"@type\":\"SearchAction\",\"target\":{\"@type\":\"EntryPoint\",\"urlTemplate\":\"https:\/\/dev.myindustrial.eu\/et\/?s={search_term_string}\"},\"query-input\":{\"@type\":\"PropertyValueSpecification\",\"valueRequired\":true,\"valueName\":\"search_term_string\"}}],\"inLanguage\":\"et\"}]}<\/script>\n<!-- \/ Yoast SEO plugin. -->","yoast_head_json":{"title":"Nupud k\u00e4epidemed - My industrial","robots":{"index":"noindex","follow":"follow","max-snippet":"max-snippet:-1","max-image-preview":"max-image-preview:large","max-video-preview":"max-video-preview:-1"},"og_locale":"et_EE","og_type":"article","og_title":"Nupud k\u00e4epidemed - My industrial","og_description":"Nupud k\u00e4epidemed Plastikust ja metallist p\u00f6\u00f6rdnuppe saab kasutada k\u00f5igi meie valikus olevate p\u00f6\u00f6rlevate potentsiomeetritega. Lisaks olemasolevatele v\u00f5imalustele on soovi korral saadaval ka teisi p\u00f6\u00f6rdnuppe. Meie p\u00f6\u00f6rdnupu ja integreeritud kaaluga prof-adapter on valmislahendus. Seda komponenti kasutatakse mitme p\u00f6\u00f6rdega potentsiomeetris ja see on saadaval meeterm\u00f5\u00f5dustikus ja tollises versioonis.  Tehnilised andmed Kirjeldus: \u00d8 6,0 mm ja 6,35 mm (prof-adapter) L\u00e4bim\u00f5\u00f5t: \u00d8 24,5 \/ \u00d8 28,0 \/ \u00d8 31,5 ja \u00d8 42 mm ja 63 mm (professionaalne adapter) Materjal: plastik v\u00f5i alumiinium Versioon: anodeeritud, v\u00e4rvitud, kaetud  Kas otsite kohandatud lahendusi? Seej\u00e4rel v\u00f5tke meiega \u00fchendust.","og_url":"https:\/\/dev.myindustrial.eu\/et\/shop\/potentsiomeetrid-ja-andurid\/potentsiomeetri-tarvikud\/knobs-handles\/","og_site_name":"My industrial","article_modified_time":"2023-06-16T19:56:42+00:00","og_image":[{"width":500,"height":500,"url":"https:\/\/dev.myindustrial.eu\/wp-content\/uploads\/2022\/05\/Handles.webp","type":"image\/webp"}],"twitter_card":"summary_large_image","schema":{"@context":"https:\/\/schema.org","@graph":[{"@type":"WebPage","@id":"https:\/\/dev.myindustrial.eu\/et\/shop\/potentsiomeetrid-ja-andurid\/potentsiomeetri-tarvikud\/knobs-handles\/","url":"https:\/\/dev.myindustrial.eu\/et\/shop\/potentsiomeetrid-ja-andurid\/potentsiomeetri-tarvikud\/knobs-handles\/","name":"Nupud k\u00e4epidemed - My industrial","isPartOf":{"@id":"https:\/\/dev.myindustrial.eu\/et\/#website"},"primaryImageOfPage":{"@id":"https:\/\/dev.myindustrial.eu\/et\/shop\/potentsiomeetrid-ja-andurid\/potentsiomeetri-tarvikud\/knobs-handles\/#primaryimage"},"image":{"@id":"https:\/\/dev.myindustrial.eu\/et\/shop\/potentsiomeetrid-ja-andurid\/potentsiomeetri-tarvikud\/knobs-handles\/#primaryimage"},"thumbnailUrl":"https:\/\/dev.myindustrial.eu\/wp-content\/uploads\/2022\/05\/Handles.webp","datePublished":"2022-05-11T15:09:01+00:00","dateModified":"2023-06-16T19:56:42+00:00","breadcrumb":{"@id":"https:\/\/dev.myindustrial.eu\/et\/shop\/potentsiomeetrid-ja-andurid\/potentsiomeetri-tarvikud\/knobs-handles\/#breadcrumb"},"inLanguage":"et","potentialAction":[{"@type":"ReadAction","target":["https:\/\/dev.myindustrial.eu\/et\/shop\/potentsiomeetrid-ja-andurid\/potentsiomeetri-tarvikud\/knobs-handles\/"]}]},{"@type":"ImageObject","inLanguage":"et","@id":"https:\/\/dev.myindustrial.eu\/et\/shop\/potentsiomeetrid-ja-andurid\/potentsiomeetri-tarvikud\/knobs-handles\/#primaryimage","url":"https:\/\/dev.myindustrial.eu\/wp-content\/uploads\/2022\/05\/Handles.webp","contentUrl":"https:\/\/dev.myindustrial.eu\/wp-content\/uploads\/2022\/05\/Handles.webp","width":500,"height":500},{"@type":"BreadcrumbList","@id":"https:\/\/dev.myindustrial.eu\/et\/shop\/potentsiomeetrid-ja-andurid\/potentsiomeetri-tarvikud\/knobs-handles\/#breadcrumb","itemListElement":[{"@type":"ListItem","position":1,"name":"Home","item":"https:\/\/dev.myindustrial.eu\/et\/"},{"@type":"ListItem","position":2,"name":"Products","item":"https:\/\/dev.myindustrial.eu\/et\/products\/"},{"@type":"ListItem","position":3,"name":"Nupud k\u00e4epidemed"}]},{"@type":"WebSite","@id":"https:\/\/dev.myindustrial.eu\/et\/#website","url":"https:\/\/dev.myindustrial.eu\/et\/","name":"My industrial","description":"","potentialAction":[{"@type":"SearchAction","target":{"@type":"EntryPoint","urlTemplate":"https:\/\/dev.myindustrial.eu\/et\/?s={search_term_string}"},"query-input":{"@type":"PropertyValueSpecification","valueRequired":true,"valueName":"search_term_string"}}],"inLanguage":"et"}]}},"_links":{"self":[{"href":"https:\/\/dev.myindustrial.eu\/et\/wp-json\/wp\/v2\/product\/1260060767","targetHints":{"allow":["GET"]}}],"collection":[{"href":"https:\/\/dev.myindustrial.eu\/et\/wp-json\/wp\/v2\/product"}],"about":[{"href":"https:\/\/dev.myindustrial.eu\/et\/wp-json\/wp\/v2\/types\/product"}],"version-history":[{"count":1,"href":"https:\/\/dev.myindustrial.eu\/et\/wp-json\/wp\/v2\/product\/1260060767\/revisions"}],"predecessor-version":[{"id":1260060768,"href":"https:\/\/dev.myindustrial.eu\/et\/wp-json\/wp\/v2\/product\/1260060767\/revisions\/1260060768"}],"wp:featuredmedia":[{"embeddable":true,"href":"https:\/\/dev.myindustrial.eu\/et\/wp-json\/wp\/v2\/media\/1260060763"}],"wp:attachment":[{"href":"https:\/\/dev.myindustrial.eu\/et\/wp-json\/wp\/v2\/media?parent=1260060767"}],"wp:term":[{"taxonomy":"product_brand","embeddable":true,"href":"https:\/\/dev.myindustrial.eu\/et\/wp-json\/wp\/v2\/product_brand?post=1260060767"},{"taxonomy":"product_cat","embeddable":true,"href":"https:\/\/dev.myindustrial.eu\/et\/wp-json\/wp\/v2\/product_cat?post=1260060767"},{"taxonomy":"product_tag","embeddable":true,"href":"https:\/\/dev.myindustrial.eu\/et\/wp-json\/wp\/v2\/product_tag?post=1260060767"}],"curies":[{"name":"wp","href":"https:\/\/api.w.org\/{rel}","templated":true}]}}