{"id":1260060822,"date":"2022-05-16T21:31:57","date_gmt":"2022-05-16T21:31:57","guid":{"rendered":"https:\/\/dev.myindustrial.eu\/shop\/maaratlemata\/backstops\/"},"modified":"2023-06-16T19:56:34","modified_gmt":"2023-06-16T19:56:34","slug":"backstops","status":"publish","type":"product","link":"https:\/\/dev.myindustrial.eu\/et\/shop\/toostuslikud-pidurisusteemid-ja-ajami-seiskamise-komponendid\/backstops\/","title":{"rendered":"Tagasil\u00f5\u00f5gi lukk"},"content":{"rendered":"","protected":false},"excerpt":{"rendered":"<p><b>RAKENDUS<\/b><\/p>\n<p>SIBRE ART t\u00fc\u00fcpi seeria tagasil\u00f6\u00f6git\u00f5kesti on spetsiaalselt ette n\u00e4htud kasutamiseks lintkonveierites, millel on \u00fclest\u00f5mbamine ja tavaliselt paigaldatakse see v\u00e4ikese kiirusega veov\u00f5llidele.<\/p>\n<p>See hoiab \u00e4ra kontrollimatu tagurdamise voolukatkestuse v\u00f5i ajamiosa kahjustamise korral.<\/p>\n<p>SIBRE tagasil\u00f6\u00f6git\u00f5kked paigaldatakse tavaliselt madalatel p\u00f6\u00f6retel t\u00f6\u00f6tavatele veov\u00f5llitele, nii on v\u00e4lditud k\u00e4igukasti \u00fcmberp\u00f6\u00f6ramine k\u00e4igukasti kahjustuse korral.<\/p>\n<p>P\u00f6\u00f6rdemomenti kuni 1800 kNm saab hoida maksimaalse \u00fchiku massiga 7000 kg.<\/p>\n","protected":false},"featured_media":1260063815,"template":"","meta":[],"product_brand":[],"product_cat":[1383,1475],"product_tag":[],"class_list":{"0":"post-1260060822","1":"product","2":"type-product","3":"status-publish","4":"has-post-thumbnail","6":"product_cat-toostuslikud-pidurisusteemid-ja-ajami-seiskamise-komponendid","7":"product_cat-tagasiloogi-lukk","9":"first","10":"instock","11":"shipping-taxable","12":"product-type-simple"},"yoast_head":"<!-- This site is optimized with the Yoast SEO plugin v27.1.1 - https:\/\/yoast.com\/product\/yoast-seo-wordpress\/ -->\n<title>Tagasil\u00f5\u00f5gi lukk - My industrial<\/title>\n<meta name=\"robots\" content=\"noindex, follow, max-snippet:-1, max-image-preview:large, max-video-preview:-1\" \/>\n<meta property=\"og:locale\" content=\"et_EE\" \/>\n<meta property=\"og:type\" content=\"article\" \/>\n<meta property=\"og:title\" content=\"Tagasil\u00f5\u00f5gi lukk - My industrial\" \/>\n<meta property=\"og:description\" content=\"RAKENDUS  SIBRE ART t\u00fc\u00fcpi seeria tagasil\u00f6\u00f6git\u00f5kesti on spetsiaalselt ette n\u00e4htud kasutamiseks lintkonveierites, millel on \u00fclest\u00f5mbamine ja tavaliselt paigaldatakse see v\u00e4ikese kiirusega veov\u00f5llidele.  See hoiab \u00e4ra kontrollimatu tagurdamise voolukatkestuse v\u00f5i ajamiosa kahjustamise korral.  SIBRE tagasil\u00f6\u00f6git\u00f5kked paigaldatakse tavaliselt madalatel p\u00f6\u00f6retel t\u00f6\u00f6tavatele veov\u00f5llitele, nii on v\u00e4lditud k\u00e4igukasti \u00fcmberp\u00f6\u00f6ramine k\u00e4igukasti kahjustuse korral.  P\u00f6\u00f6rdemomenti kuni 1800 kNm saab hoida maksimaalse \u00fchiku massiga 7000 kg.\" \/>\n<meta property=\"og:url\" content=\"https:\/\/dev.myindustrial.eu\/et\/shop\/toostuslikud-pidurisusteemid-ja-ajami-seiskamise-komponendid\/backstops\/\" \/>\n<meta property=\"og:site_name\" content=\"My industrial\" \/>\n<meta property=\"article:modified_time\" content=\"2023-06-16T19:56:34+00:00\" \/>\n<meta property=\"og:image\" content=\"https:\/\/dev.myindustrial.eu\/wp-content\/uploads\/2022\/04\/backstops.webp\" \/>\n\t<meta property=\"og:image:width\" content=\"470\" \/>\n\t<meta property=\"og:image:height\" content=\"350\" \/>\n\t<meta property=\"og:image:type\" content=\"image\/webp\" \/>\n<meta name=\"twitter:card\" content=\"summary_large_image\" \/>\n<script type=\"application\/ld+json\" class=\"yoast-schema-graph\">{\"@context\":\"https:\/\/schema.org\",\"@graph\":[{\"@type\":\"WebPage\",\"@id\":\"https:\/\/dev.myindustrial.eu\/et\/shop\/toostuslikud-pidurisusteemid-ja-ajami-seiskamise-komponendid\/backstops\/\",\"url\":\"https:\/\/dev.myindustrial.eu\/et\/shop\/toostuslikud-pidurisusteemid-ja-ajami-seiskamise-komponendid\/backstops\/\",\"name\":\"Tagasil\u00f5\u00f5gi lukk - My industrial\",\"isPartOf\":{\"@id\":\"https:\/\/dev.myindustrial.eu\/et\/#website\"},\"primaryImageOfPage\":{\"@id\":\"https:\/\/dev.myindustrial.eu\/et\/shop\/toostuslikud-pidurisusteemid-ja-ajami-seiskamise-komponendid\/backstops\/#primaryimage\"},\"image\":{\"@id\":\"https:\/\/dev.myindustrial.eu\/et\/shop\/toostuslikud-pidurisusteemid-ja-ajami-seiskamise-komponendid\/backstops\/#primaryimage\"},\"thumbnailUrl\":\"https:\/\/dev.myindustrial.eu\/wp-content\/uploads\/2022\/05\/backstops-recktangle.webp\",\"datePublished\":\"2022-05-16T21:31:57+00:00\",\"dateModified\":\"2023-06-16T19:56:34+00:00\",\"breadcrumb\":{\"@id\":\"https:\/\/dev.myindustrial.eu\/et\/shop\/toostuslikud-pidurisusteemid-ja-ajami-seiskamise-komponendid\/backstops\/#breadcrumb\"},\"inLanguage\":\"et\",\"potentialAction\":[{\"@type\":\"ReadAction\",\"target\":[\"https:\/\/dev.myindustrial.eu\/et\/shop\/toostuslikud-pidurisusteemid-ja-ajami-seiskamise-komponendid\/backstops\/\"]}]},{\"@type\":\"ImageObject\",\"inLanguage\":\"et\",\"@id\":\"https:\/\/dev.myindustrial.eu\/et\/shop\/toostuslikud-pidurisusteemid-ja-ajami-seiskamise-komponendid\/backstops\/#primaryimage\",\"url\":\"https:\/\/dev.myindustrial.eu\/wp-content\/uploads\/2022\/05\/backstops-recktangle.webp\",\"contentUrl\":\"https:\/\/dev.myindustrial.eu\/wp-content\/uploads\/2022\/05\/backstops-recktangle.webp\",\"width\":500,\"height\":500},{\"@type\":\"BreadcrumbList\",\"@id\":\"https:\/\/dev.myindustrial.eu\/et\/shop\/toostuslikud-pidurisusteemid-ja-ajami-seiskamise-komponendid\/backstops\/#breadcrumb\",\"itemListElement\":[{\"@type\":\"ListItem\",\"position\":1,\"name\":\"Home\",\"item\":\"https:\/\/dev.myindustrial.eu\/et\/\"},{\"@type\":\"ListItem\",\"position\":2,\"name\":\"Products\",\"item\":\"https:\/\/dev.myindustrial.eu\/et\/products\/\"},{\"@type\":\"ListItem\",\"position\":3,\"name\":\"Tagasil\u00f5\u00f5gi lukk\"}]},{\"@type\":\"WebSite\",\"@id\":\"https:\/\/dev.myindustrial.eu\/et\/#website\",\"url\":\"https:\/\/dev.myindustrial.eu\/et\/\",\"name\":\"My industrial\",\"description\":\"\",\"potentialAction\":[{\"@type\":\"SearchAction\",\"target\":{\"@type\":\"EntryPoint\",\"urlTemplate\":\"https:\/\/dev.myindustrial.eu\/et\/?s={search_term_string}\"},\"query-input\":{\"@type\":\"PropertyValueSpecification\",\"valueRequired\":true,\"valueName\":\"search_term_string\"}}],\"inLanguage\":\"et\"}]}<\/script>\n<!-- \/ Yoast SEO plugin. -->","yoast_head_json":{"title":"Tagasil\u00f5\u00f5gi lukk - My industrial","robots":{"index":"noindex","follow":"follow","max-snippet":"max-snippet:-1","max-image-preview":"max-image-preview:large","max-video-preview":"max-video-preview:-1"},"og_locale":"et_EE","og_type":"article","og_title":"Tagasil\u00f5\u00f5gi lukk - My industrial","og_description":"RAKENDUS  SIBRE ART t\u00fc\u00fcpi seeria tagasil\u00f6\u00f6git\u00f5kesti on spetsiaalselt ette n\u00e4htud kasutamiseks lintkonveierites, millel on \u00fclest\u00f5mbamine ja tavaliselt paigaldatakse see v\u00e4ikese kiirusega veov\u00f5llidele.  See hoiab \u00e4ra kontrollimatu tagurdamise voolukatkestuse v\u00f5i ajamiosa kahjustamise korral.  SIBRE tagasil\u00f6\u00f6git\u00f5kked paigaldatakse tavaliselt madalatel p\u00f6\u00f6retel t\u00f6\u00f6tavatele veov\u00f5llitele, nii on v\u00e4lditud k\u00e4igukasti \u00fcmberp\u00f6\u00f6ramine k\u00e4igukasti kahjustuse korral.  P\u00f6\u00f6rdemomenti kuni 1800 kNm saab hoida maksimaalse \u00fchiku massiga 7000 kg.","og_url":"https:\/\/dev.myindustrial.eu\/et\/shop\/toostuslikud-pidurisusteemid-ja-ajami-seiskamise-komponendid\/backstops\/","og_site_name":"My industrial","article_modified_time":"2023-06-16T19:56:34+00:00","og_image":[{"width":470,"height":350,"url":"https:\/\/dev.myindustrial.eu\/wp-content\/uploads\/2022\/04\/backstops.webp","type":"image\/webp"}],"twitter_card":"summary_large_image","schema":{"@context":"https:\/\/schema.org","@graph":[{"@type":"WebPage","@id":"https:\/\/dev.myindustrial.eu\/et\/shop\/toostuslikud-pidurisusteemid-ja-ajami-seiskamise-komponendid\/backstops\/","url":"https:\/\/dev.myindustrial.eu\/et\/shop\/toostuslikud-pidurisusteemid-ja-ajami-seiskamise-komponendid\/backstops\/","name":"Tagasil\u00f5\u00f5gi lukk - My industrial","isPartOf":{"@id":"https:\/\/dev.myindustrial.eu\/et\/#website"},"primaryImageOfPage":{"@id":"https:\/\/dev.myindustrial.eu\/et\/shop\/toostuslikud-pidurisusteemid-ja-ajami-seiskamise-komponendid\/backstops\/#primaryimage"},"image":{"@id":"https:\/\/dev.myindustrial.eu\/et\/shop\/toostuslikud-pidurisusteemid-ja-ajami-seiskamise-komponendid\/backstops\/#primaryimage"},"thumbnailUrl":"https:\/\/dev.myindustrial.eu\/wp-content\/uploads\/2022\/05\/backstops-recktangle.webp","datePublished":"2022-05-16T21:31:57+00:00","dateModified":"2023-06-16T19:56:34+00:00","breadcrumb":{"@id":"https:\/\/dev.myindustrial.eu\/et\/shop\/toostuslikud-pidurisusteemid-ja-ajami-seiskamise-komponendid\/backstops\/#breadcrumb"},"inLanguage":"et","potentialAction":[{"@type":"ReadAction","target":["https:\/\/dev.myindustrial.eu\/et\/shop\/toostuslikud-pidurisusteemid-ja-ajami-seiskamise-komponendid\/backstops\/"]}]},{"@type":"ImageObject","inLanguage":"et","@id":"https:\/\/dev.myindustrial.eu\/et\/shop\/toostuslikud-pidurisusteemid-ja-ajami-seiskamise-komponendid\/backstops\/#primaryimage","url":"https:\/\/dev.myindustrial.eu\/wp-content\/uploads\/2022\/05\/backstops-recktangle.webp","contentUrl":"https:\/\/dev.myindustrial.eu\/wp-content\/uploads\/2022\/05\/backstops-recktangle.webp","width":500,"height":500},{"@type":"BreadcrumbList","@id":"https:\/\/dev.myindustrial.eu\/et\/shop\/toostuslikud-pidurisusteemid-ja-ajami-seiskamise-komponendid\/backstops\/#breadcrumb","itemListElement":[{"@type":"ListItem","position":1,"name":"Home","item":"https:\/\/dev.myindustrial.eu\/et\/"},{"@type":"ListItem","position":2,"name":"Products","item":"https:\/\/dev.myindustrial.eu\/et\/products\/"},{"@type":"ListItem","position":3,"name":"Tagasil\u00f5\u00f5gi lukk"}]},{"@type":"WebSite","@id":"https:\/\/dev.myindustrial.eu\/et\/#website","url":"https:\/\/dev.myindustrial.eu\/et\/","name":"My industrial","description":"","potentialAction":[{"@type":"SearchAction","target":{"@type":"EntryPoint","urlTemplate":"https:\/\/dev.myindustrial.eu\/et\/?s={search_term_string}"},"query-input":{"@type":"PropertyValueSpecification","valueRequired":true,"valueName":"search_term_string"}}],"inLanguage":"et"}]}},"_links":{"self":[{"href":"https:\/\/dev.myindustrial.eu\/et\/wp-json\/wp\/v2\/product\/1260060822","targetHints":{"allow":["GET"]}}],"collection":[{"href":"https:\/\/dev.myindustrial.eu\/et\/wp-json\/wp\/v2\/product"}],"about":[{"href":"https:\/\/dev.myindustrial.eu\/et\/wp-json\/wp\/v2\/types\/product"}],"version-history":[{"count":0,"href":"https:\/\/dev.myindustrial.eu\/et\/wp-json\/wp\/v2\/product\/1260060822\/revisions"}],"wp:featuredmedia":[{"embeddable":true,"href":"https:\/\/dev.myindustrial.eu\/et\/wp-json\/wp\/v2\/media\/1260063815"}],"wp:attachment":[{"href":"https:\/\/dev.myindustrial.eu\/et\/wp-json\/wp\/v2\/media?parent=1260060822"}],"wp:term":[{"taxonomy":"product_brand","embeddable":true,"href":"https:\/\/dev.myindustrial.eu\/et\/wp-json\/wp\/v2\/product_brand?post=1260060822"},{"taxonomy":"product_cat","embeddable":true,"href":"https:\/\/dev.myindustrial.eu\/et\/wp-json\/wp\/v2\/product_cat?post=1260060822"},{"taxonomy":"product_tag","embeddable":true,"href":"https:\/\/dev.myindustrial.eu\/et\/wp-json\/wp\/v2\/product_tag?post=1260060822"}],"curies":[{"name":"wp","href":"https:\/\/api.w.org\/{rel}","templated":true}]}}