{"id":1260060852,"date":"2022-05-16T21:57:42","date_gmt":"2022-05-16T21:57:42","guid":{"rendered":"https:\/\/dev.myindustrial.eu\/shop\/maaratlemata\/crane-wheels\/"},"modified":"2024-12-27T23:36:20","modified_gmt":"2024-12-27T23:36:20","slug":"crane-wheels","status":"publish","type":"product","link":"https:\/\/dev.myindustrial.eu\/et\/shop\/toostuslikud-pidurisusteemid-ja-ajami-seiskamise-komponendid\/kraana-rattad\/crane-wheels\/","title":{"rendered":"T\u00f5stuki rattad"},"content":{"rendered":"<p><span style=\"font-weight: 400;\">T\u00f6\u00f6stuslik ratas on paljude aastate uurimist\u00f6\u00f6, rakendamise ja t\u00e4iustamise tulemus: spetsiifilised teadmised, mis on v\u00f5imaldanud kujundada ideaalse komponendi t\u00f6\u00f6stuse peamisteks rakendusteks, et tagada sildkraanade, sadamakraanade, k\u00e4rude, erimasinate ja raudteetranspordivahendite maksimaalne efektiivsus.<\/span><\/p>\n<p><span style=\"font-weight: 400;\">Iga tootmise, kontrolli, kvaliteedi tagamise ja kokkupaneku etapi haldamine koos sertifitseeritud Euroopa terase range valikuga ja spetsiaalse karastusega v\u00f5imaldab meil tagada k\u00f5rged tooraine ja k\u00f5ikide protsesside standardid, mitmesugused kohandatud lahendused ja eritellimusel loodud projektid.<\/span><\/p>\n<p><span style=\"font-weight: 400;\">T\u00e4psed testid ja sertifitseerimisprotseduurid tagavad pikaajalise j\u00f5udluse ja k\u00f5rge t\u00f6\u00f6kindluse 24 tundi \u00f6\u00f6p\u00e4evas, 365 p\u00e4eva aastas: see t\u00e4hendab hooldusaega s\u00e4\u00e4stvat ja seadmete seisakuid v\u00e4hendavat lahendust.<\/span><span style=\"font-weight: 400;\"><br \/>\n<\/span><span style=\"font-weight: 400;\">Samuti pakume konsultatsiooniteenuseid, kuna MAA intelengineering SIA suudab v\u00e4lja t\u00f6\u00f6tada ideaalse lahenduse igat t\u00fc\u00fcpi vajadustele.<\/span><\/p>\n<p><b>Tootmisprotsess<\/b><\/p>\n<ul>\n<li style=\"font-weight: 400;\" aria-level=\"1\"><span style=\"font-weight: 400;\">Tooraine hankimine<\/span><\/li>\n<li style=\"font-weight: 400;\" aria-level=\"1\"><span style=\"font-weight: 400;\">Esmane t\u00f6\u00f6tlemine<\/span><\/li>\n<li style=\"font-weight: 400;\" aria-level=\"1\"><span style=\"font-weight: 400;\">Termot\u00f6\u00f6tlus<\/span><\/li>\n<li style=\"font-weight: 400;\" aria-level=\"1\"><span style=\"font-weight: 400;\">L\u00f5plik lihvimine<\/span><\/li>\n<li style=\"font-weight: 400;\" aria-level=\"1\"><span style=\"font-weight: 400;\">Kvaliteedikontroll<\/span><\/li>\n<\/ul>\n<p><b>Omadused<\/b><span style=\"font-weight: 400;\"><br \/>\n<\/span><span style=\"font-weight: 400;\">Pidev materjalide ja tehnoloogiate uurimine, et tagada pikaajaline karastus.<\/span><\/p>\n<ul>\n<li style=\"font-weight: 400;\" aria-level=\"1\"><span style=\"font-weight: 400;\">Koost\u00f6\u00f6s uurimiskeskusega on meie rattad ainsad, mis on sertifitseeritud spetsiaalse karastuse anal\u00fc\u00fcsi kaudu.<\/span><\/li>\n<li style=\"font-weight: 400;\" aria-level=\"1\"><span style=\"font-weight: 400;\">Rattad vastavad standarditele, mis tagavad pikaajalise k\u00f5rge j\u00f5udluse. Karastust saab veelgi kohandada vastavalt kliendi vajadustele.<\/span><\/li>\n<li style=\"font-weight: 400;\" aria-level=\"1\"><span style=\"font-weight: 400;\">K\u00f5ik rattad tarnitakse koos sertifitseeritud tehase katsearuande, metalli karastuse sertifikaadiga (isegi iga \u00fcksiku ratta jaoks) ja m\u00f5\u00f5tmete tulemuste aruandega.<\/span><\/li>\n<\/ul>\n<p><b>Tehnilised eelised<\/b><span style=\"font-weight: 400;\"><br \/>\n<\/span><b>KARASTUS<\/b><span style=\"font-weight: 400;\"><br \/>\n<\/span><span style=\"font-weight: 400;\">Iga \u00fcksiku ratta metall ja karastus v\u00f5ivad olla sertifitseeritud, kasutades mittepurustavat katsemeetodit, mis v\u00f5imaldab m\u00f5\u00f5ta tsementeerimiss\u00fcgavust ratast l\u00f5ikamata.<\/span><\/p>\n","protected":false},"excerpt":{"rendered":"<p><span style=\"font-weight: 400;\">T\u00f6\u00f6stuslikud t\u00f5stuki rattad on loodud tagamaks sildkraanade, sadamakraanade, k\u00e4rude ja spetsiaalsete masinate maksimaalne j\u00f5udlus.<\/span><span style=\"font-weight: 400;\"><br \/>\n<\/span><span style=\"font-weight: 400;\">Valmistatud sertifitseeritud Euroopa terasest ja kasutades tipptasemel tehnoloogiaid, vastavad meie t\u00f6\u00f6stuslikud rattad k\u00f5rgetele kvaliteedistandarditele ja p\u00f5hinevad MAA intelengineering SIA kogutud spetsiaalsetele oskusteabele.<\/span><\/p>\n","protected":false},"featured_media":1260064924,"template":"","meta":[],"product_brand":[],"product_cat":[1383,1485],"product_tag":[],"class_list":{"0":"post-1260060852","1":"product","2":"type-product","3":"status-publish","4":"has-post-thumbnail","6":"product_cat-toostuslikud-pidurisusteemid-ja-ajami-seiskamise-komponendid","7":"product_cat-kraana-rattad","9":"first","10":"instock","11":"shipping-taxable","12":"product-type-simple"},"yoast_head":"<!-- This site is optimized with the Yoast SEO plugin v27.1.1 - https:\/\/yoast.com\/product\/yoast-seo-wordpress\/ -->\n<title>T\u00f5stuki rattad - My industrial<\/title>\n<meta name=\"robots\" content=\"noindex, follow, max-snippet:-1, max-image-preview:large, max-video-preview:-1\" \/>\n<meta property=\"og:locale\" content=\"et_EE\" \/>\n<meta property=\"og:type\" content=\"article\" \/>\n<meta property=\"og:title\" content=\"T\u00f5stuki rattad - My industrial\" \/>\n<meta property=\"og:description\" content=\"T\u00f6\u00f6stuslikud t\u00f5stuki rattad on loodud tagamaks sildkraanade, sadamakraanade, k\u00e4rude ja spetsiaalsete masinate maksimaalne j\u00f5udlus. Valmistatud sertifitseeritud Euroopa terasest ja kasutades tipptasemel tehnoloogiaid, vastavad meie t\u00f6\u00f6stuslikud rattad k\u00f5rgetele kvaliteedistandarditele ja p\u00f5hinevad MAA intelengineering SIA kogutud spetsiaalsetele oskusteabele.\" \/>\n<meta property=\"og:url\" content=\"https:\/\/dev.myindustrial.eu\/et\/shop\/toostuslikud-pidurisusteemid-ja-ajami-seiskamise-komponendid\/kraana-rattad\/crane-wheels\/\" \/>\n<meta property=\"og:site_name\" content=\"My industrial\" \/>\n<meta property=\"article:modified_time\" content=\"2024-12-27T23:36:20+00:00\" \/>\n<meta property=\"og:image\" content=\"https:\/\/dev.myindustrial.eu\/wp-content\/uploads\/2022\/05\/yellow-crane-wheels-3.webp\" \/>\n\t<meta property=\"og:image:width\" content=\"800\" \/>\n\t<meta property=\"og:image:height\" content=\"800\" \/>\n\t<meta property=\"og:image:type\" content=\"image\/webp\" \/>\n<meta name=\"twitter:card\" content=\"summary_large_image\" \/>\n<script type=\"application\/ld+json\" class=\"yoast-schema-graph\">{\"@context\":\"https:\/\/schema.org\",\"@graph\":[{\"@type\":\"WebPage\",\"@id\":\"https:\/\/dev.myindustrial.eu\/et\/shop\/toostuslikud-pidurisusteemid-ja-ajami-seiskamise-komponendid\/kraana-rattad\/crane-wheels\/\",\"url\":\"https:\/\/dev.myindustrial.eu\/et\/shop\/toostuslikud-pidurisusteemid-ja-ajami-seiskamise-komponendid\/kraana-rattad\/crane-wheels\/\",\"name\":\"T\u00f5stuki rattad - My industrial\",\"isPartOf\":{\"@id\":\"https:\/\/dev.myindustrial.eu\/et\/#website\"},\"primaryImageOfPage\":{\"@id\":\"https:\/\/dev.myindustrial.eu\/et\/shop\/toostuslikud-pidurisusteemid-ja-ajami-seiskamise-komponendid\/kraana-rattad\/crane-wheels\/#primaryimage\"},\"image\":{\"@id\":\"https:\/\/dev.myindustrial.eu\/et\/shop\/toostuslikud-pidurisusteemid-ja-ajami-seiskamise-komponendid\/kraana-rattad\/crane-wheels\/#primaryimage\"},\"thumbnailUrl\":\"https:\/\/dev.myindustrial.eu\/wp-content\/uploads\/2022\/05\/yellow-crane-wheels-3.webp\",\"datePublished\":\"2022-05-16T21:57:42+00:00\",\"dateModified\":\"2024-12-27T23:36:20+00:00\",\"breadcrumb\":{\"@id\":\"https:\/\/dev.myindustrial.eu\/et\/shop\/toostuslikud-pidurisusteemid-ja-ajami-seiskamise-komponendid\/kraana-rattad\/crane-wheels\/#breadcrumb\"},\"inLanguage\":\"et\",\"potentialAction\":[{\"@type\":\"ReadAction\",\"target\":[\"https:\/\/dev.myindustrial.eu\/et\/shop\/toostuslikud-pidurisusteemid-ja-ajami-seiskamise-komponendid\/kraana-rattad\/crane-wheels\/\"]}]},{\"@type\":\"ImageObject\",\"inLanguage\":\"et\",\"@id\":\"https:\/\/dev.myindustrial.eu\/et\/shop\/toostuslikud-pidurisusteemid-ja-ajami-seiskamise-komponendid\/kraana-rattad\/crane-wheels\/#primaryimage\",\"url\":\"https:\/\/dev.myindustrial.eu\/wp-content\/uploads\/2022\/05\/yellow-crane-wheels-3.webp\",\"contentUrl\":\"https:\/\/dev.myindustrial.eu\/wp-content\/uploads\/2022\/05\/yellow-crane-wheels-3.webp\",\"width\":800,\"height\":800},{\"@type\":\"BreadcrumbList\",\"@id\":\"https:\/\/dev.myindustrial.eu\/et\/shop\/toostuslikud-pidurisusteemid-ja-ajami-seiskamise-komponendid\/kraana-rattad\/crane-wheels\/#breadcrumb\",\"itemListElement\":[{\"@type\":\"ListItem\",\"position\":1,\"name\":\"Home\",\"item\":\"https:\/\/dev.myindustrial.eu\/et\/\"},{\"@type\":\"ListItem\",\"position\":2,\"name\":\"Products\",\"item\":\"https:\/\/dev.myindustrial.eu\/et\/products\/\"},{\"@type\":\"ListItem\",\"position\":3,\"name\":\"T\u00f5stuki rattad\"}]},{\"@type\":\"WebSite\",\"@id\":\"https:\/\/dev.myindustrial.eu\/et\/#website\",\"url\":\"https:\/\/dev.myindustrial.eu\/et\/\",\"name\":\"My industrial\",\"description\":\"\",\"potentialAction\":[{\"@type\":\"SearchAction\",\"target\":{\"@type\":\"EntryPoint\",\"urlTemplate\":\"https:\/\/dev.myindustrial.eu\/et\/?s={search_term_string}\"},\"query-input\":{\"@type\":\"PropertyValueSpecification\",\"valueRequired\":true,\"valueName\":\"search_term_string\"}}],\"inLanguage\":\"et\"}]}<\/script>\n<!-- \/ Yoast SEO plugin. -->","yoast_head_json":{"title":"T\u00f5stuki rattad - My industrial","robots":{"index":"noindex","follow":"follow","max-snippet":"max-snippet:-1","max-image-preview":"max-image-preview:large","max-video-preview":"max-video-preview:-1"},"og_locale":"et_EE","og_type":"article","og_title":"T\u00f5stuki rattad - My industrial","og_description":"T\u00f6\u00f6stuslikud t\u00f5stuki rattad on loodud tagamaks sildkraanade, sadamakraanade, k\u00e4rude ja spetsiaalsete masinate maksimaalne j\u00f5udlus. Valmistatud sertifitseeritud Euroopa terasest ja kasutades tipptasemel tehnoloogiaid, vastavad meie t\u00f6\u00f6stuslikud rattad k\u00f5rgetele kvaliteedistandarditele ja p\u00f5hinevad MAA intelengineering SIA kogutud spetsiaalsetele oskusteabele.","og_url":"https:\/\/dev.myindustrial.eu\/et\/shop\/toostuslikud-pidurisusteemid-ja-ajami-seiskamise-komponendid\/kraana-rattad\/crane-wheels\/","og_site_name":"My industrial","article_modified_time":"2024-12-27T23:36:20+00:00","og_image":[{"width":800,"height":800,"url":"https:\/\/dev.myindustrial.eu\/wp-content\/uploads\/2022\/05\/yellow-crane-wheels-3.webp","type":"image\/webp"}],"twitter_card":"summary_large_image","schema":{"@context":"https:\/\/schema.org","@graph":[{"@type":"WebPage","@id":"https:\/\/dev.myindustrial.eu\/et\/shop\/toostuslikud-pidurisusteemid-ja-ajami-seiskamise-komponendid\/kraana-rattad\/crane-wheels\/","url":"https:\/\/dev.myindustrial.eu\/et\/shop\/toostuslikud-pidurisusteemid-ja-ajami-seiskamise-komponendid\/kraana-rattad\/crane-wheels\/","name":"T\u00f5stuki rattad - My industrial","isPartOf":{"@id":"https:\/\/dev.myindustrial.eu\/et\/#website"},"primaryImageOfPage":{"@id":"https:\/\/dev.myindustrial.eu\/et\/shop\/toostuslikud-pidurisusteemid-ja-ajami-seiskamise-komponendid\/kraana-rattad\/crane-wheels\/#primaryimage"},"image":{"@id":"https:\/\/dev.myindustrial.eu\/et\/shop\/toostuslikud-pidurisusteemid-ja-ajami-seiskamise-komponendid\/kraana-rattad\/crane-wheels\/#primaryimage"},"thumbnailUrl":"https:\/\/dev.myindustrial.eu\/wp-content\/uploads\/2022\/05\/yellow-crane-wheels-3.webp","datePublished":"2022-05-16T21:57:42+00:00","dateModified":"2024-12-27T23:36:20+00:00","breadcrumb":{"@id":"https:\/\/dev.myindustrial.eu\/et\/shop\/toostuslikud-pidurisusteemid-ja-ajami-seiskamise-komponendid\/kraana-rattad\/crane-wheels\/#breadcrumb"},"inLanguage":"et","potentialAction":[{"@type":"ReadAction","target":["https:\/\/dev.myindustrial.eu\/et\/shop\/toostuslikud-pidurisusteemid-ja-ajami-seiskamise-komponendid\/kraana-rattad\/crane-wheels\/"]}]},{"@type":"ImageObject","inLanguage":"et","@id":"https:\/\/dev.myindustrial.eu\/et\/shop\/toostuslikud-pidurisusteemid-ja-ajami-seiskamise-komponendid\/kraana-rattad\/crane-wheels\/#primaryimage","url":"https:\/\/dev.myindustrial.eu\/wp-content\/uploads\/2022\/05\/yellow-crane-wheels-3.webp","contentUrl":"https:\/\/dev.myindustrial.eu\/wp-content\/uploads\/2022\/05\/yellow-crane-wheels-3.webp","width":800,"height":800},{"@type":"BreadcrumbList","@id":"https:\/\/dev.myindustrial.eu\/et\/shop\/toostuslikud-pidurisusteemid-ja-ajami-seiskamise-komponendid\/kraana-rattad\/crane-wheels\/#breadcrumb","itemListElement":[{"@type":"ListItem","position":1,"name":"Home","item":"https:\/\/dev.myindustrial.eu\/et\/"},{"@type":"ListItem","position":2,"name":"Products","item":"https:\/\/dev.myindustrial.eu\/et\/products\/"},{"@type":"ListItem","position":3,"name":"T\u00f5stuki rattad"}]},{"@type":"WebSite","@id":"https:\/\/dev.myindustrial.eu\/et\/#website","url":"https:\/\/dev.myindustrial.eu\/et\/","name":"My industrial","description":"","potentialAction":[{"@type":"SearchAction","target":{"@type":"EntryPoint","urlTemplate":"https:\/\/dev.myindustrial.eu\/et\/?s={search_term_string}"},"query-input":{"@type":"PropertyValueSpecification","valueRequired":true,"valueName":"search_term_string"}}],"inLanguage":"et"}]}},"_links":{"self":[{"href":"https:\/\/dev.myindustrial.eu\/et\/wp-json\/wp\/v2\/product\/1260060852","targetHints":{"allow":["GET"]}}],"collection":[{"href":"https:\/\/dev.myindustrial.eu\/et\/wp-json\/wp\/v2\/product"}],"about":[{"href":"https:\/\/dev.myindustrial.eu\/et\/wp-json\/wp\/v2\/types\/product"}],"version-history":[{"count":1,"href":"https:\/\/dev.myindustrial.eu\/et\/wp-json\/wp\/v2\/product\/1260060852\/revisions"}],"predecessor-version":[{"id":1260065650,"href":"https:\/\/dev.myindustrial.eu\/et\/wp-json\/wp\/v2\/product\/1260060852\/revisions\/1260065650"}],"wp:featuredmedia":[{"embeddable":true,"href":"https:\/\/dev.myindustrial.eu\/et\/wp-json\/wp\/v2\/media\/1260064924"}],"wp:attachment":[{"href":"https:\/\/dev.myindustrial.eu\/et\/wp-json\/wp\/v2\/media?parent=1260060852"}],"wp:term":[{"taxonomy":"product_brand","embeddable":true,"href":"https:\/\/dev.myindustrial.eu\/et\/wp-json\/wp\/v2\/product_brand?post=1260060852"},{"taxonomy":"product_cat","embeddable":true,"href":"https:\/\/dev.myindustrial.eu\/et\/wp-json\/wp\/v2\/product_cat?post=1260060852"},{"taxonomy":"product_tag","embeddable":true,"href":"https:\/\/dev.myindustrial.eu\/et\/wp-json\/wp\/v2\/product_tag?post=1260060852"}],"curies":[{"name":"wp","href":"https:\/\/api.w.org\/{rel}","templated":true}]}}