{"id":1260061016,"date":"2022-05-25T17:43:40","date_gmt":"2022-05-25T17:43:40","guid":{"rendered":"https:\/\/dev.myindustrial.eu\/shop\/maaratlemata\/emg-eldro-new-generation\/"},"modified":"2023-07-16T19:53:52","modified_gmt":"2023-07-16T19:53:52","slug":"emg-eldro-new-generation","status":"publish","type":"product","link":"https:\/\/dev.myindustrial.eu\/et\/shop\/elektro-hudraulilised-ajamite-lahendused\/elektrohudraulilised-toukurid\/emg-eldro-new-generation\/","title":{"rendered":"EMG ELDRO\u00ae \u2013 Uus p\u00f5lvkond"},"content":{"rendered":"<p><iframe width=\"560\" height=\"315\" src=\"https:\/\/www.youtube.com\/embed\/He3bOT_491g\" frameborder=\"0\" allow=\"accelerometer; autoplay; clipboard-write; encrypted-media; gyroscope; picture-in-picture; web-share\" allowfullscreen><\/iframe><\/p>\n","protected":false},"excerpt":{"rendered":"<p>EMG ELDRO\u00ae \u2013 Parim kahest maailmast \u2013 Uus p\u00f5lvkond<br \/>\nEMG ELDRO\u00ae \u2013 Elektroh\u00fcdraulilised t\u00f5ukurid<\/p>\n<p>Meie kliendid usaldavad meile iga p\u00e4ev oma seadmete ja kaupade ohutuse, kuid mis veelgi t\u00e4htsam, nad usaldavad meile nende inimeste ohutuse, kes t\u00f6\u00f6tavad kraanas\u00fcsteemide ja rippuvate koormate juures.<br \/>\nMeie EMG tooteportfell vastab igale m\u00f5eldavale kliendivajadusele, s\u00f5ltumata t\u00f6\u00f6stusharust, keskkonnatingimustest, paigalduse suurusest ja asukohast v\u00f5i j\u00f5u v\u00f5i kiiruse vajadusest. Pakume 100% mitmekesisust, 100% kvaliteeti, 100% vastupidavust ja 100% usaldusv\u00e4\u00e4rsust.<br \/>\nTuginedes voolu numbrilistele arvutustele ja simulatsioonidele \u2013 oskusteabele, mis on meil n\u00fc\u00fcd ettev\u00f5ttesiseselt olemas \u2013 oleme t\u00e4iustanud EMG j\u00e4releproovitud tehnoloogiat ja loonud uue p\u00f5lvkonna t\u00f5ukemootorid:<br \/>\nEMG ELDRO\u00ae \u2013 Elektroh\u00fcdraulilised t\u00f5ukurid.<\/p>\n<p>Uue p\u00f5lvkonna EMG ELDRO\u00ae \u00fchendab endas meie varasemate ELDRO\u00ae ja ELHY\u00ae seeriate parimad omadused, sisaldades k\u00f5iki aastak\u00fcmnete jooksul omandatud kogemusi erinevate valdkondade rakenduste jaoks. T\u00e4nu arvukatele uutele tehnoloogiatele ja CFD-simulatsioonile (Computational Fluid Dynamics) saab meie uusi t\u00f5ukemootoreid kasutada veelgi t\u00f5husamalt ja individuaalsemalt!<br \/>\nSamal ajal j\u00e4\u00e4me aga truuks puhtmehaanilisele t\u00f6\u00f6p\u00f5him\u00f5ttele, mis ei sisalda p\u00f5hifunktsioonis mingeid elektrilisi ventiile ega elektroonilisi komponente.<\/p>\n<p>Nagu alati, tagame seega t\u00e4ieliku t\u00f6\u00f6kindluse ja maksimaalse hooldusmugavuse.<br \/>\nSelle uue p\u00f5lvkonna t\u00f5ukemootorid pakuvad:<br \/>\n-suuremat turvalisust ja mugavust,<br \/>\n-suuremat j\u00f5udlust v\u00e4iksemate m\u00f5\u00f5tmetega,<br \/>\n-suuremat t\u00f5husust ja kiiremaid ts\u00fckliaegu,<br \/>\n-v\u00f5imalust kasutada k\u00f5rgemates temperatuurivahemikes,<br \/>\n-sisemise asendi kuvamine,<br \/>\n-suurem hooldusmugavus.<\/p>\n<p>\u00dcksikasjalikum teave j\u00e4rgneb l\u00e4hin\u00e4dalatel! Ole uudishimulik!<br \/>\nORIGINAAL. OLE TURVALINE.<\/p>\n<p><a href=\"\/wp-content\/uploads\/2023\/07\/20230502_eldro_uebersicht_a-baureihe_en.pdf\" target=\"_blank\" rel=\"noopener\"><img decoding=\"async\" src=\"\/wp-content\/uploads\/2023\/02\/download-button-est.svg\" \/><\/a><\/p>\n","protected":false},"featured_media":1260061021,"template":"","meta":[],"product_brand":[],"product_cat":[1303,1311],"product_tag":[],"class_list":{"0":"post-1260061016","1":"product","2":"type-product","3":"status-publish","4":"has-post-thumbnail","6":"product_cat-elektro-hudraulilised-ajamite-lahendused","7":"product_cat-elektrohudraulilised-toukurid","9":"first","10":"instock","11":"shipping-taxable","12":"product-type-simple"},"yoast_head":"<!-- This site is optimized with the Yoast SEO plugin v27.1.1 - https:\/\/yoast.com\/product\/yoast-seo-wordpress\/ -->\n<title>EMG ELDRO\u00ae \u2013 Uus p\u00f5lvkond - My industrial<\/title>\n<meta name=\"robots\" content=\"noindex, follow, max-snippet:-1, max-image-preview:large, max-video-preview:-1\" \/>\n<meta property=\"og:locale\" content=\"et_EE\" \/>\n<meta property=\"og:type\" content=\"article\" \/>\n<meta property=\"og:title\" content=\"EMG ELDRO\u00ae \u2013 Uus p\u00f5lvkond - My industrial\" \/>\n<meta property=\"og:description\" content=\"EMG ELDRO\u00ae \u2013 Parim kahest maailmast \u2013 Uus p\u00f5lvkond EMG ELDRO\u00ae \u2013 Elektroh\u00fcdraulilised t\u00f5ukurid  Meie kliendid usaldavad meile iga p\u00e4ev oma seadmete ja kaupade ohutuse, kuid mis veelgi t\u00e4htsam, nad usaldavad meile nende inimeste ohutuse, kes t\u00f6\u00f6tavad kraanas\u00fcsteemide ja rippuvate koormate juures. Meie EMG tooteportfell vastab igale m\u00f5eldavale kliendivajadusele, s\u00f5ltumata t\u00f6\u00f6stusharust, keskkonnatingimustest, paigalduse suurusest ja asukohast v\u00f5i j\u00f5u v\u00f5i kiiruse vajadusest. Pakume 100% mitmekesisust, 100% kvaliteeti, 100% vastupidavust ja 100% usaldusv\u00e4\u00e4rsust. Tuginedes voolu numbrilistele arvutustele ja simulatsioonidele \u2013 oskusteabele, mis on meil n\u00fc\u00fcd ettev\u00f5ttesiseselt olemas \u2013 oleme t\u00e4iustanud EMG j\u00e4releproovitud tehnoloogiat ja loonud uue p\u00f5lvkonna t\u00f5ukemootorid: EMG ELDRO\u00ae \u2013 Elektroh\u00fcdraulilised t\u00f5ukurid.  Uue p\u00f5lvkonna EMG ELDRO\u00ae \u00fchendab endas meie varasemate ELDRO\u00ae ja ELHY\u00ae seeriate parimad omadused, sisaldades k\u00f5iki aastak\u00fcmnete jooksul omandatud kogemusi erinevate valdkondade rakenduste jaoks. T\u00e4nu arvukatele uutele tehnoloogiatele ja CFD-simulatsioonile (Computational Fluid Dynamics) saab meie uusi t\u00f5ukemootoreid kasutada veelgi t\u00f5husamalt ja individuaalsemalt! Samal ajal j\u00e4\u00e4me aga truuks puhtmehaanilisele t\u00f6\u00f6p\u00f5him\u00f5ttele, mis ei sisalda p\u00f5hifunktsioonis mingeid elektrilisi ventiile ega elektroonilisi komponente.  Nagu alati, tagame seega t\u00e4ieliku t\u00f6\u00f6kindluse ja maksimaalse hooldusmugavuse. Selle uue p\u00f5lvkonna t\u00f5ukemootorid pakuvad: -suuremat turvalisust ja mugavust, -suuremat j\u00f5udlust v\u00e4iksemate m\u00f5\u00f5tmetega, -suuremat t\u00f5husust ja kiiremaid ts\u00fckliaegu, -v\u00f5imalust kasutada k\u00f5rgemates temperatuurivahemikes, -sisemise asendi kuvamine, -suurem hooldusmugavus.  \u00dcksikasjalikum teave j\u00e4rgneb l\u00e4hin\u00e4dalatel! Ole uudishimulik! ORIGINAAL. OLE TURVALINE.\" \/>\n<meta property=\"og:url\" content=\"https:\/\/dev.myindustrial.eu\/et\/shop\/elektro-hudraulilised-ajamite-lahendused\/elektrohudraulilised-toukurid\/emg-eldro-new-generation\/\" \/>\n<meta property=\"og:site_name\" content=\"My industrial\" \/>\n<meta property=\"article:modified_time\" content=\"2023-07-16T19:53:52+00:00\" \/>\n<meta property=\"og:image\" content=\"https:\/\/dev.myindustrial.eu\/wp-content\/uploads\/2022\/05\/new-generation.webp\" \/>\n\t<meta property=\"og:image:width\" content=\"568\" \/>\n\t<meta property=\"og:image:height\" content=\"576\" \/>\n\t<meta property=\"og:image:type\" content=\"image\/webp\" \/>\n<meta name=\"twitter:card\" content=\"summary_large_image\" \/>\n<script type=\"application\/ld+json\" class=\"yoast-schema-graph\">{\"@context\":\"https:\/\/schema.org\",\"@graph\":[{\"@type\":\"WebPage\",\"@id\":\"https:\/\/dev.myindustrial.eu\/et\/shop\/elektro-hudraulilised-ajamite-lahendused\/elektrohudraulilised-toukurid\/emg-eldro-new-generation\/\",\"url\":\"https:\/\/dev.myindustrial.eu\/et\/shop\/elektro-hudraulilised-ajamite-lahendused\/elektrohudraulilised-toukurid\/emg-eldro-new-generation\/\",\"name\":\"EMG ELDRO\u00ae \u2013 Uus p\u00f5lvkond - My industrial\",\"isPartOf\":{\"@id\":\"https:\/\/dev.myindustrial.eu\/et\/#website\"},\"primaryImageOfPage\":{\"@id\":\"https:\/\/dev.myindustrial.eu\/et\/shop\/elektro-hudraulilised-ajamite-lahendused\/elektrohudraulilised-toukurid\/emg-eldro-new-generation\/#primaryimage\"},\"image\":{\"@id\":\"https:\/\/dev.myindustrial.eu\/et\/shop\/elektro-hudraulilised-ajamite-lahendused\/elektrohudraulilised-toukurid\/emg-eldro-new-generation\/#primaryimage\"},\"thumbnailUrl\":\"https:\/\/dev.myindustrial.eu\/wp-content\/uploads\/2022\/05\/new-generation.webp\",\"datePublished\":\"2022-05-25T17:43:40+00:00\",\"dateModified\":\"2023-07-16T19:53:52+00:00\",\"breadcrumb\":{\"@id\":\"https:\/\/dev.myindustrial.eu\/et\/shop\/elektro-hudraulilised-ajamite-lahendused\/elektrohudraulilised-toukurid\/emg-eldro-new-generation\/#breadcrumb\"},\"inLanguage\":\"et\",\"potentialAction\":[{\"@type\":\"ReadAction\",\"target\":[\"https:\/\/dev.myindustrial.eu\/et\/shop\/elektro-hudraulilised-ajamite-lahendused\/elektrohudraulilised-toukurid\/emg-eldro-new-generation\/\"]}]},{\"@type\":\"ImageObject\",\"inLanguage\":\"et\",\"@id\":\"https:\/\/dev.myindustrial.eu\/et\/shop\/elektro-hudraulilised-ajamite-lahendused\/elektrohudraulilised-toukurid\/emg-eldro-new-generation\/#primaryimage\",\"url\":\"https:\/\/dev.myindustrial.eu\/wp-content\/uploads\/2022\/05\/new-generation.webp\",\"contentUrl\":\"https:\/\/dev.myindustrial.eu\/wp-content\/uploads\/2022\/05\/new-generation.webp\",\"width\":568,\"height\":576},{\"@type\":\"BreadcrumbList\",\"@id\":\"https:\/\/dev.myindustrial.eu\/et\/shop\/elektro-hudraulilised-ajamite-lahendused\/elektrohudraulilised-toukurid\/emg-eldro-new-generation\/#breadcrumb\",\"itemListElement\":[{\"@type\":\"ListItem\",\"position\":1,\"name\":\"Home\",\"item\":\"https:\/\/dev.myindustrial.eu\/et\/\"},{\"@type\":\"ListItem\",\"position\":2,\"name\":\"Products\",\"item\":\"https:\/\/dev.myindustrial.eu\/et\/products\/\"},{\"@type\":\"ListItem\",\"position\":3,\"name\":\"EMG ELDRO\u00ae \u2013 Uus p\u00f5lvkond\"}]},{\"@type\":\"WebSite\",\"@id\":\"https:\/\/dev.myindustrial.eu\/et\/#website\",\"url\":\"https:\/\/dev.myindustrial.eu\/et\/\",\"name\":\"My industrial\",\"description\":\"\",\"potentialAction\":[{\"@type\":\"SearchAction\",\"target\":{\"@type\":\"EntryPoint\",\"urlTemplate\":\"https:\/\/dev.myindustrial.eu\/et\/?s={search_term_string}\"},\"query-input\":{\"@type\":\"PropertyValueSpecification\",\"valueRequired\":true,\"valueName\":\"search_term_string\"}}],\"inLanguage\":\"et\"}]}<\/script>\n<!-- \/ Yoast SEO plugin. -->","yoast_head_json":{"title":"EMG ELDRO\u00ae \u2013 Uus p\u00f5lvkond - My industrial","robots":{"index":"noindex","follow":"follow","max-snippet":"max-snippet:-1","max-image-preview":"max-image-preview:large","max-video-preview":"max-video-preview:-1"},"og_locale":"et_EE","og_type":"article","og_title":"EMG ELDRO\u00ae \u2013 Uus p\u00f5lvkond - My industrial","og_description":"EMG ELDRO\u00ae \u2013 Parim kahest maailmast \u2013 Uus p\u00f5lvkond EMG ELDRO\u00ae \u2013 Elektroh\u00fcdraulilised t\u00f5ukurid  Meie kliendid usaldavad meile iga p\u00e4ev oma seadmete ja kaupade ohutuse, kuid mis veelgi t\u00e4htsam, nad usaldavad meile nende inimeste ohutuse, kes t\u00f6\u00f6tavad kraanas\u00fcsteemide ja rippuvate koormate juures. Meie EMG tooteportfell vastab igale m\u00f5eldavale kliendivajadusele, s\u00f5ltumata t\u00f6\u00f6stusharust, keskkonnatingimustest, paigalduse suurusest ja asukohast v\u00f5i j\u00f5u v\u00f5i kiiruse vajadusest. Pakume 100% mitmekesisust, 100% kvaliteeti, 100% vastupidavust ja 100% usaldusv\u00e4\u00e4rsust. Tuginedes voolu numbrilistele arvutustele ja simulatsioonidele \u2013 oskusteabele, mis on meil n\u00fc\u00fcd ettev\u00f5ttesiseselt olemas \u2013 oleme t\u00e4iustanud EMG j\u00e4releproovitud tehnoloogiat ja loonud uue p\u00f5lvkonna t\u00f5ukemootorid: EMG ELDRO\u00ae \u2013 Elektroh\u00fcdraulilised t\u00f5ukurid.  Uue p\u00f5lvkonna EMG ELDRO\u00ae \u00fchendab endas meie varasemate ELDRO\u00ae ja ELHY\u00ae seeriate parimad omadused, sisaldades k\u00f5iki aastak\u00fcmnete jooksul omandatud kogemusi erinevate valdkondade rakenduste jaoks. T\u00e4nu arvukatele uutele tehnoloogiatele ja CFD-simulatsioonile (Computational Fluid Dynamics) saab meie uusi t\u00f5ukemootoreid kasutada veelgi t\u00f5husamalt ja individuaalsemalt! Samal ajal j\u00e4\u00e4me aga truuks puhtmehaanilisele t\u00f6\u00f6p\u00f5him\u00f5ttele, mis ei sisalda p\u00f5hifunktsioonis mingeid elektrilisi ventiile ega elektroonilisi komponente.  Nagu alati, tagame seega t\u00e4ieliku t\u00f6\u00f6kindluse ja maksimaalse hooldusmugavuse. Selle uue p\u00f5lvkonna t\u00f5ukemootorid pakuvad: -suuremat turvalisust ja mugavust, -suuremat j\u00f5udlust v\u00e4iksemate m\u00f5\u00f5tmetega, -suuremat t\u00f5husust ja kiiremaid ts\u00fckliaegu, -v\u00f5imalust kasutada k\u00f5rgemates temperatuurivahemikes, -sisemise asendi kuvamine, -suurem hooldusmugavus.  \u00dcksikasjalikum teave j\u00e4rgneb l\u00e4hin\u00e4dalatel! Ole uudishimulik! ORIGINAAL. OLE TURVALINE.","og_url":"https:\/\/dev.myindustrial.eu\/et\/shop\/elektro-hudraulilised-ajamite-lahendused\/elektrohudraulilised-toukurid\/emg-eldro-new-generation\/","og_site_name":"My industrial","article_modified_time":"2023-07-16T19:53:52+00:00","og_image":[{"width":568,"height":576,"url":"https:\/\/dev.myindustrial.eu\/wp-content\/uploads\/2022\/05\/new-generation.webp","type":"image\/webp"}],"twitter_card":"summary_large_image","schema":{"@context":"https:\/\/schema.org","@graph":[{"@type":"WebPage","@id":"https:\/\/dev.myindustrial.eu\/et\/shop\/elektro-hudraulilised-ajamite-lahendused\/elektrohudraulilised-toukurid\/emg-eldro-new-generation\/","url":"https:\/\/dev.myindustrial.eu\/et\/shop\/elektro-hudraulilised-ajamite-lahendused\/elektrohudraulilised-toukurid\/emg-eldro-new-generation\/","name":"EMG ELDRO\u00ae \u2013 Uus p\u00f5lvkond - My industrial","isPartOf":{"@id":"https:\/\/dev.myindustrial.eu\/et\/#website"},"primaryImageOfPage":{"@id":"https:\/\/dev.myindustrial.eu\/et\/shop\/elektro-hudraulilised-ajamite-lahendused\/elektrohudraulilised-toukurid\/emg-eldro-new-generation\/#primaryimage"},"image":{"@id":"https:\/\/dev.myindustrial.eu\/et\/shop\/elektro-hudraulilised-ajamite-lahendused\/elektrohudraulilised-toukurid\/emg-eldro-new-generation\/#primaryimage"},"thumbnailUrl":"https:\/\/dev.myindustrial.eu\/wp-content\/uploads\/2022\/05\/new-generation.webp","datePublished":"2022-05-25T17:43:40+00:00","dateModified":"2023-07-16T19:53:52+00:00","breadcrumb":{"@id":"https:\/\/dev.myindustrial.eu\/et\/shop\/elektro-hudraulilised-ajamite-lahendused\/elektrohudraulilised-toukurid\/emg-eldro-new-generation\/#breadcrumb"},"inLanguage":"et","potentialAction":[{"@type":"ReadAction","target":["https:\/\/dev.myindustrial.eu\/et\/shop\/elektro-hudraulilised-ajamite-lahendused\/elektrohudraulilised-toukurid\/emg-eldro-new-generation\/"]}]},{"@type":"ImageObject","inLanguage":"et","@id":"https:\/\/dev.myindustrial.eu\/et\/shop\/elektro-hudraulilised-ajamite-lahendused\/elektrohudraulilised-toukurid\/emg-eldro-new-generation\/#primaryimage","url":"https:\/\/dev.myindustrial.eu\/wp-content\/uploads\/2022\/05\/new-generation.webp","contentUrl":"https:\/\/dev.myindustrial.eu\/wp-content\/uploads\/2022\/05\/new-generation.webp","width":568,"height":576},{"@type":"BreadcrumbList","@id":"https:\/\/dev.myindustrial.eu\/et\/shop\/elektro-hudraulilised-ajamite-lahendused\/elektrohudraulilised-toukurid\/emg-eldro-new-generation\/#breadcrumb","itemListElement":[{"@type":"ListItem","position":1,"name":"Home","item":"https:\/\/dev.myindustrial.eu\/et\/"},{"@type":"ListItem","position":2,"name":"Products","item":"https:\/\/dev.myindustrial.eu\/et\/products\/"},{"@type":"ListItem","position":3,"name":"EMG ELDRO\u00ae \u2013 Uus p\u00f5lvkond"}]},{"@type":"WebSite","@id":"https:\/\/dev.myindustrial.eu\/et\/#website","url":"https:\/\/dev.myindustrial.eu\/et\/","name":"My industrial","description":"","potentialAction":[{"@type":"SearchAction","target":{"@type":"EntryPoint","urlTemplate":"https:\/\/dev.myindustrial.eu\/et\/?s={search_term_string}"},"query-input":{"@type":"PropertyValueSpecification","valueRequired":true,"valueName":"search_term_string"}}],"inLanguage":"et"}]}},"_links":{"self":[{"href":"https:\/\/dev.myindustrial.eu\/et\/wp-json\/wp\/v2\/product\/1260061016","targetHints":{"allow":["GET"]}}],"collection":[{"href":"https:\/\/dev.myindustrial.eu\/et\/wp-json\/wp\/v2\/product"}],"about":[{"href":"https:\/\/dev.myindustrial.eu\/et\/wp-json\/wp\/v2\/types\/product"}],"version-history":[{"count":0,"href":"https:\/\/dev.myindustrial.eu\/et\/wp-json\/wp\/v2\/product\/1260061016\/revisions"}],"wp:featuredmedia":[{"embeddable":true,"href":"https:\/\/dev.myindustrial.eu\/et\/wp-json\/wp\/v2\/media\/1260061021"}],"wp:attachment":[{"href":"https:\/\/dev.myindustrial.eu\/et\/wp-json\/wp\/v2\/media?parent=1260061016"}],"wp:term":[{"taxonomy":"product_brand","embeddable":true,"href":"https:\/\/dev.myindustrial.eu\/et\/wp-json\/wp\/v2\/product_brand?post=1260061016"},{"taxonomy":"product_cat","embeddable":true,"href":"https:\/\/dev.myindustrial.eu\/et\/wp-json\/wp\/v2\/product_cat?post=1260061016"},{"taxonomy":"product_tag","embeddable":true,"href":"https:\/\/dev.myindustrial.eu\/et\/wp-json\/wp\/v2\/product_tag?post=1260061016"}],"curies":[{"name":"wp","href":"https:\/\/api.w.org\/{rel}","templated":true}]}}