{"id":1260061036,"date":"2022-05-25T17:55:20","date_gmt":"2022-05-25T17:55:20","guid":{"rendered":"https:\/\/dev.myindustrial.eu\/shop\/maaratlemata\/emg-esse\/"},"modified":"2023-06-16T19:56:18","modified_gmt":"2023-06-16T19:56:18","slug":"emg-esse","status":"publish","type":"product","link":"https:\/\/dev.myindustrial.eu\/et\/shop\/elektro-hudraulilised-ajamite-lahendused\/emg-esse-et\/emg-esse\/","title":{"rendered":"EMG ESSE"},"content":{"rendered":"<p><iframe width=\"560\" height=\"315\" src=\"https:\/\/youtube.com\/shorts\/mz4ZFoZ4EBk?feature=share\" frameborder=\"0\" allow=\"accelerometer; autoplay; clipboard-write; encrypted-media; gyroscope; picture-in-picture; web-share\" allowfullscreen><\/iframe><\/p>\n","protected":false},"excerpt":{"rendered":"<p>EMG ESSE \u2013 Kiirreageeriv ajam<br \/>\nIntelligentne automaatne tehnoloogia teie reoveepuhastusjaama jaoks<\/p>\n<p>Kas otsite automaatset lahendust oma drenaa\u017eis\u00fcsteemide jaoks, nt eelsetitis?<br \/>\nKui jah, siis kiirreageeriv ajam EMG ESSE on \u00f5ige lahendus!<br \/>\nESSE ajam avab ja sulgeb t\u00fchjendusklapid reoveesette ja ujumuda v\u00e4ljavoolu juures \u2013 100% elektriliselt, pneumaatika v\u00f5i h\u00fcdraulika ei ole vajalik.<br \/>\nTugevdatud ELHY\u00ae t\u00f5steseade, mis suurendab j\u00f5udu, k\u00e4itab luuke reguleeritava roostevabast terasest varda kaudu. Sulgemine on kiire ja automaatne t\u00e4nu t\u00f5rkekindlale tagasip\u00f6\u00f6rdumisvedrule ja \u00fclekandemehhanismi raskusele.<br \/>\nAvatud ja suletud asendite tuvastamiseks on paigaldatud piirl\u00fcliti.<\/p>\n<p><a href=\"\/wp-content\/uploads\/2022\/05\/emg_esse_flyer_en_rev01_10-2022.pdf\" target=\"_blank\" rel=\"noopener\"><img decoding=\"async\" src=\"\/wp-content\/uploads\/2023\/02\/download-button-est.svg\" \/><\/a><\/p>\n","protected":false},"featured_media":1260061032,"template":"","meta":[],"product_brand":[],"product_cat":[1303,1624],"product_tag":[],"class_list":{"0":"post-1260061036","1":"product","2":"type-product","3":"status-publish","4":"has-post-thumbnail","6":"product_cat-elektro-hudraulilised-ajamite-lahendused","7":"product_cat-emg-esse-et","9":"first","10":"instock","11":"shipping-taxable","12":"product-type-simple"},"yoast_head":"<!-- This site is optimized with the Yoast SEO plugin v27.1.1 - https:\/\/yoast.com\/product\/yoast-seo-wordpress\/ -->\n<title>EMG ESSE - My industrial<\/title>\n<meta name=\"robots\" content=\"noindex, follow, max-snippet:-1, max-image-preview:large, max-video-preview:-1\" \/>\n<meta property=\"og:locale\" content=\"et_EE\" \/>\n<meta property=\"og:type\" content=\"article\" \/>\n<meta property=\"og:title\" content=\"EMG ESSE - My industrial\" \/>\n<meta property=\"og:description\" content=\"EMG ESSE \u2013 Kiirreageeriv ajam Intelligentne automaatne tehnoloogia teie reoveepuhastusjaama jaoks  Kas otsite automaatset lahendust oma drenaa\u017eis\u00fcsteemide jaoks, nt eelsetitis? Kui jah, siis kiirreageeriv ajam EMG ESSE on \u00f5ige lahendus! ESSE ajam avab ja sulgeb t\u00fchjendusklapid reoveesette ja ujumuda v\u00e4ljavoolu juures \u2013 100% elektriliselt, pneumaatika v\u00f5i h\u00fcdraulika ei ole vajalik. Tugevdatud ELHY\u00ae t\u00f5steseade, mis suurendab j\u00f5udu, k\u00e4itab luuke reguleeritava roostevabast terasest varda kaudu. Sulgemine on kiire ja automaatne t\u00e4nu t\u00f5rkekindlale tagasip\u00f6\u00f6rdumisvedrule ja \u00fclekandemehhanismi raskusele. Avatud ja suletud asendite tuvastamiseks on paigaldatud piirl\u00fcliti.\" \/>\n<meta property=\"og:url\" content=\"https:\/\/dev.myindustrial.eu\/et\/shop\/elektro-hudraulilised-ajamite-lahendused\/emg-esse-et\/emg-esse\/\" \/>\n<meta property=\"og:site_name\" content=\"My industrial\" \/>\n<meta property=\"article:modified_time\" content=\"2023-06-16T19:56:18+00:00\" \/>\n<meta property=\"og:image\" content=\"https:\/\/dev.myindustrial.eu\/wp-content\/uploads\/2022\/05\/quick-response.webp\" \/>\n\t<meta property=\"og:image:width\" content=\"800\" \/>\n\t<meta property=\"og:image:height\" content=\"800\" \/>\n\t<meta property=\"og:image:type\" content=\"image\/webp\" \/>\n<meta name=\"twitter:card\" content=\"summary_large_image\" \/>\n<script type=\"application\/ld+json\" class=\"yoast-schema-graph\">{\"@context\":\"https:\/\/schema.org\",\"@graph\":[{\"@type\":\"WebPage\",\"@id\":\"https:\/\/dev.myindustrial.eu\/et\/shop\/elektro-hudraulilised-ajamite-lahendused\/emg-esse-et\/emg-esse\/\",\"url\":\"https:\/\/dev.myindustrial.eu\/et\/shop\/elektro-hudraulilised-ajamite-lahendused\/emg-esse-et\/emg-esse\/\",\"name\":\"EMG ESSE - My industrial\",\"isPartOf\":{\"@id\":\"https:\/\/dev.myindustrial.eu\/et\/#website\"},\"primaryImageOfPage\":{\"@id\":\"https:\/\/dev.myindustrial.eu\/et\/shop\/elektro-hudraulilised-ajamite-lahendused\/emg-esse-et\/emg-esse\/#primaryimage\"},\"image\":{\"@id\":\"https:\/\/dev.myindustrial.eu\/et\/shop\/elektro-hudraulilised-ajamite-lahendused\/emg-esse-et\/emg-esse\/#primaryimage\"},\"thumbnailUrl\":\"https:\/\/dev.myindustrial.eu\/wp-content\/uploads\/2022\/05\/quick-response.webp\",\"datePublished\":\"2022-05-25T17:55:20+00:00\",\"dateModified\":\"2023-06-16T19:56:18+00:00\",\"breadcrumb\":{\"@id\":\"https:\/\/dev.myindustrial.eu\/et\/shop\/elektro-hudraulilised-ajamite-lahendused\/emg-esse-et\/emg-esse\/#breadcrumb\"},\"inLanguage\":\"et\",\"potentialAction\":[{\"@type\":\"ReadAction\",\"target\":[\"https:\/\/dev.myindustrial.eu\/et\/shop\/elektro-hudraulilised-ajamite-lahendused\/emg-esse-et\/emg-esse\/\"]}]},{\"@type\":\"ImageObject\",\"inLanguage\":\"et\",\"@id\":\"https:\/\/dev.myindustrial.eu\/et\/shop\/elektro-hudraulilised-ajamite-lahendused\/emg-esse-et\/emg-esse\/#primaryimage\",\"url\":\"https:\/\/dev.myindustrial.eu\/wp-content\/uploads\/2022\/05\/quick-response.webp\",\"contentUrl\":\"https:\/\/dev.myindustrial.eu\/wp-content\/uploads\/2022\/05\/quick-response.webp\",\"width\":800,\"height\":800},{\"@type\":\"BreadcrumbList\",\"@id\":\"https:\/\/dev.myindustrial.eu\/et\/shop\/elektro-hudraulilised-ajamite-lahendused\/emg-esse-et\/emg-esse\/#breadcrumb\",\"itemListElement\":[{\"@type\":\"ListItem\",\"position\":1,\"name\":\"Home\",\"item\":\"https:\/\/dev.myindustrial.eu\/et\/\"},{\"@type\":\"ListItem\",\"position\":2,\"name\":\"Products\",\"item\":\"https:\/\/dev.myindustrial.eu\/et\/products\/\"},{\"@type\":\"ListItem\",\"position\":3,\"name\":\"EMG ESSE\"}]},{\"@type\":\"WebSite\",\"@id\":\"https:\/\/dev.myindustrial.eu\/et\/#website\",\"url\":\"https:\/\/dev.myindustrial.eu\/et\/\",\"name\":\"My industrial\",\"description\":\"\",\"potentialAction\":[{\"@type\":\"SearchAction\",\"target\":{\"@type\":\"EntryPoint\",\"urlTemplate\":\"https:\/\/dev.myindustrial.eu\/et\/?s={search_term_string}\"},\"query-input\":{\"@type\":\"PropertyValueSpecification\",\"valueRequired\":true,\"valueName\":\"search_term_string\"}}],\"inLanguage\":\"et\"}]}<\/script>\n<!-- \/ Yoast SEO plugin. -->","yoast_head_json":{"title":"EMG ESSE - My industrial","robots":{"index":"noindex","follow":"follow","max-snippet":"max-snippet:-1","max-image-preview":"max-image-preview:large","max-video-preview":"max-video-preview:-1"},"og_locale":"et_EE","og_type":"article","og_title":"EMG ESSE - My industrial","og_description":"EMG ESSE \u2013 Kiirreageeriv ajam Intelligentne automaatne tehnoloogia teie reoveepuhastusjaama jaoks  Kas otsite automaatset lahendust oma drenaa\u017eis\u00fcsteemide jaoks, nt eelsetitis? Kui jah, siis kiirreageeriv ajam EMG ESSE on \u00f5ige lahendus! ESSE ajam avab ja sulgeb t\u00fchjendusklapid reoveesette ja ujumuda v\u00e4ljavoolu juures \u2013 100% elektriliselt, pneumaatika v\u00f5i h\u00fcdraulika ei ole vajalik. Tugevdatud ELHY\u00ae t\u00f5steseade, mis suurendab j\u00f5udu, k\u00e4itab luuke reguleeritava roostevabast terasest varda kaudu. Sulgemine on kiire ja automaatne t\u00e4nu t\u00f5rkekindlale tagasip\u00f6\u00f6rdumisvedrule ja \u00fclekandemehhanismi raskusele. Avatud ja suletud asendite tuvastamiseks on paigaldatud piirl\u00fcliti.","og_url":"https:\/\/dev.myindustrial.eu\/et\/shop\/elektro-hudraulilised-ajamite-lahendused\/emg-esse-et\/emg-esse\/","og_site_name":"My industrial","article_modified_time":"2023-06-16T19:56:18+00:00","og_image":[{"width":800,"height":800,"url":"https:\/\/dev.myindustrial.eu\/wp-content\/uploads\/2022\/05\/quick-response.webp","type":"image\/webp"}],"twitter_card":"summary_large_image","schema":{"@context":"https:\/\/schema.org","@graph":[{"@type":"WebPage","@id":"https:\/\/dev.myindustrial.eu\/et\/shop\/elektro-hudraulilised-ajamite-lahendused\/emg-esse-et\/emg-esse\/","url":"https:\/\/dev.myindustrial.eu\/et\/shop\/elektro-hudraulilised-ajamite-lahendused\/emg-esse-et\/emg-esse\/","name":"EMG ESSE - My industrial","isPartOf":{"@id":"https:\/\/dev.myindustrial.eu\/et\/#website"},"primaryImageOfPage":{"@id":"https:\/\/dev.myindustrial.eu\/et\/shop\/elektro-hudraulilised-ajamite-lahendused\/emg-esse-et\/emg-esse\/#primaryimage"},"image":{"@id":"https:\/\/dev.myindustrial.eu\/et\/shop\/elektro-hudraulilised-ajamite-lahendused\/emg-esse-et\/emg-esse\/#primaryimage"},"thumbnailUrl":"https:\/\/dev.myindustrial.eu\/wp-content\/uploads\/2022\/05\/quick-response.webp","datePublished":"2022-05-25T17:55:20+00:00","dateModified":"2023-06-16T19:56:18+00:00","breadcrumb":{"@id":"https:\/\/dev.myindustrial.eu\/et\/shop\/elektro-hudraulilised-ajamite-lahendused\/emg-esse-et\/emg-esse\/#breadcrumb"},"inLanguage":"et","potentialAction":[{"@type":"ReadAction","target":["https:\/\/dev.myindustrial.eu\/et\/shop\/elektro-hudraulilised-ajamite-lahendused\/emg-esse-et\/emg-esse\/"]}]},{"@type":"ImageObject","inLanguage":"et","@id":"https:\/\/dev.myindustrial.eu\/et\/shop\/elektro-hudraulilised-ajamite-lahendused\/emg-esse-et\/emg-esse\/#primaryimage","url":"https:\/\/dev.myindustrial.eu\/wp-content\/uploads\/2022\/05\/quick-response.webp","contentUrl":"https:\/\/dev.myindustrial.eu\/wp-content\/uploads\/2022\/05\/quick-response.webp","width":800,"height":800},{"@type":"BreadcrumbList","@id":"https:\/\/dev.myindustrial.eu\/et\/shop\/elektro-hudraulilised-ajamite-lahendused\/emg-esse-et\/emg-esse\/#breadcrumb","itemListElement":[{"@type":"ListItem","position":1,"name":"Home","item":"https:\/\/dev.myindustrial.eu\/et\/"},{"@type":"ListItem","position":2,"name":"Products","item":"https:\/\/dev.myindustrial.eu\/et\/products\/"},{"@type":"ListItem","position":3,"name":"EMG ESSE"}]},{"@type":"WebSite","@id":"https:\/\/dev.myindustrial.eu\/et\/#website","url":"https:\/\/dev.myindustrial.eu\/et\/","name":"My industrial","description":"","potentialAction":[{"@type":"SearchAction","target":{"@type":"EntryPoint","urlTemplate":"https:\/\/dev.myindustrial.eu\/et\/?s={search_term_string}"},"query-input":{"@type":"PropertyValueSpecification","valueRequired":true,"valueName":"search_term_string"}}],"inLanguage":"et"}]}},"_links":{"self":[{"href":"https:\/\/dev.myindustrial.eu\/et\/wp-json\/wp\/v2\/product\/1260061036","targetHints":{"allow":["GET"]}}],"collection":[{"href":"https:\/\/dev.myindustrial.eu\/et\/wp-json\/wp\/v2\/product"}],"about":[{"href":"https:\/\/dev.myindustrial.eu\/et\/wp-json\/wp\/v2\/types\/product"}],"version-history":[{"count":0,"href":"https:\/\/dev.myindustrial.eu\/et\/wp-json\/wp\/v2\/product\/1260061036\/revisions"}],"wp:featuredmedia":[{"embeddable":true,"href":"https:\/\/dev.myindustrial.eu\/et\/wp-json\/wp\/v2\/media\/1260061032"}],"wp:attachment":[{"href":"https:\/\/dev.myindustrial.eu\/et\/wp-json\/wp\/v2\/media?parent=1260061036"}],"wp:term":[{"taxonomy":"product_brand","embeddable":true,"href":"https:\/\/dev.myindustrial.eu\/et\/wp-json\/wp\/v2\/product_brand?post=1260061036"},{"taxonomy":"product_cat","embeddable":true,"href":"https:\/\/dev.myindustrial.eu\/et\/wp-json\/wp\/v2\/product_cat?post=1260061036"},{"taxonomy":"product_tag","embeddable":true,"href":"https:\/\/dev.myindustrial.eu\/et\/wp-json\/wp\/v2\/product_tag?post=1260061036"}],"curies":[{"name":"wp","href":"https:\/\/api.w.org\/{rel}","templated":true}]}}