{"id":1260061344,"date":"2022-06-20T17:34:22","date_gmt":"2022-06-20T17:34:22","guid":{"rendered":"https:\/\/dev.myindustrial.eu\/shop\/maaratlemata\/foil-membrane-potentiometer\/"},"modified":"2023-06-16T19:56:10","modified_gmt":"2023-06-16T19:56:10","slug":"foil-membrane-potentiometer","status":"publish","type":"product","link":"https:\/\/dev.myindustrial.eu\/et\/shop\/potentsiomeetrid-ja-andurid\/foolium-membraanipotentsiomeeter\/foil-membrane-potentiometer\/","title":{"rendered":"Foolium-membraanipotentsiomeeter"},"content":{"rendered":"<p>Lisaks fooliumiga materjalile pakume ka FR4 p\u00f5himaterjaliga variante, mis on tuntud tr\u00fckkplaatide tootmisest. See t\u00e4iendab membraanpotentsiomeetri laiatarbe omadusi. FR4 kasutamine suurendab elemendi stabiilsust ja \u00fchenduste muutlikkust.Kliendispetsiifilisi n\u00f5udeid saab ka kujunduste jaoks kaardistada. See kehtib pikkuse, nurga, kuju, \u00fchendusala v\u00f5i lisafunktsioonide, n\u00e4iteks impulssl\u00fclituspunktide kohta.Eriline omadus on lineaarsete elementide laius. Standardne laius on 22 mm. Tavalised andurid on v\u00e4hendatud 10\u201313 mm laiuseni. Meie fooliumpotentsiomeetrite puhul on v\u00f5imalik ka 9 mm laius.Membraanipotentsiomeeter on standardselt saadaval 50\u2013500 mm efektiivse alaga. Kliendi soovil on v\u00f5imalik ka l\u00fchemad vahemaad. P\u00f6\u00f6rlevad membraanpotentsiomeetrid on saadaval alates v\u00e4lisl\u00e4bim\u00f5\u00f5dust umbes 40 mm. Saadaval on juba mitmeid standardseid m\u00f5\u00f5tmisnurki.Kuna andurid on v\u00e4ga lamedad (alates 0,5 mm), on need potentsiomeetrid ideaalne t\u00e4iendus meie tootevalikusse, mis kujutab endast ka kuluoptimeeritud alternatiivi, eriti kitsastes paigaldustingimustes.<\/p>\n","protected":false},"excerpt":{"rendered":"<p>AFP<br \/>\nKilemembraanandurid on alternatiiviks klassikalistele korpusega potentsiomeetritele. Neid kasutatakse pingeeraldajatena ja need koosnevad mitmest fooliumkihist, mis on \u00fcksteisest eraldatud \u00fcmbritseva vaheseinaga. Membraanipotentsiomeetrid on vaikimisi saadaval p\u00f6\u00f6rlevate ja translatoorsete elementidena. T\u00e4nu oma konstruktsioonile on nende potentsiomeetriliste elementide kaitseaste juba baasversioonis IP54.<br \/>\nKontakt saavutatakse vastupanurajaga, rakendades fooliumile kontaktliuguri survet. Klient saab takistuse v\u00e4\u00e4rtust \u00fchenduste kaudu koputada. Soovitame fooliumiga versiooni kontaktliuguriks vedruga survet\u00fckki koos plastikpalliga. See v\u00f5imaldab vastava elemendi kasutusiga optimaalselt \u00e4ra kasutada.<\/p>\n","protected":false},"featured_media":1260061340,"template":"","meta":[],"product_brand":[],"product_cat":[1283,1525],"product_tag":[],"class_list":{"0":"post-1260061344","1":"product","2":"type-product","3":"status-publish","4":"has-post-thumbnail","6":"product_cat-potentsiomeetrid-ja-andurid","7":"product_cat-foolium-membraanipotentsiomeeter","9":"first","10":"instock","11":"shipping-taxable","12":"product-type-simple"},"yoast_head":"<!-- This site is optimized with the Yoast SEO plugin v27.1.1 - https:\/\/yoast.com\/product\/yoast-seo-wordpress\/ -->\n<title>Foolium-membraanipotentsiomeeter - My industrial<\/title>\n<meta name=\"robots\" content=\"noindex, follow, max-snippet:-1, max-image-preview:large, max-video-preview:-1\" \/>\n<meta property=\"og:locale\" content=\"et_EE\" \/>\n<meta property=\"og:type\" content=\"article\" \/>\n<meta property=\"og:title\" content=\"Foolium-membraanipotentsiomeeter - My industrial\" \/>\n<meta property=\"og:description\" content=\"AFP Kilemembraanandurid on alternatiiviks klassikalistele korpusega potentsiomeetritele. Neid kasutatakse pingeeraldajatena ja need koosnevad mitmest fooliumkihist, mis on \u00fcksteisest eraldatud \u00fcmbritseva vaheseinaga. Membraanipotentsiomeetrid on vaikimisi saadaval p\u00f6\u00f6rlevate ja translatoorsete elementidena. T\u00e4nu oma konstruktsioonile on nende potentsiomeetriliste elementide kaitseaste juba baasversioonis IP54. Kontakt saavutatakse vastupanurajaga, rakendades fooliumile kontaktliuguri survet. Klient saab takistuse v\u00e4\u00e4rtust \u00fchenduste kaudu koputada. Soovitame fooliumiga versiooni kontaktliuguriks vedruga survet\u00fckki koos plastikpalliga. See v\u00f5imaldab vastava elemendi kasutusiga optimaalselt \u00e4ra kasutada.\" \/>\n<meta property=\"og:url\" content=\"https:\/\/dev.myindustrial.eu\/et\/shop\/potentsiomeetrid-ja-andurid\/foolium-membraanipotentsiomeeter\/foil-membrane-potentiometer\/\" \/>\n<meta property=\"og:site_name\" content=\"My industrial\" \/>\n<meta property=\"article:modified_time\" content=\"2023-06-16T19:56:10+00:00\" \/>\n<meta property=\"og:image\" content=\"https:\/\/dev.myindustrial.eu\/wp-content\/uploads\/2022\/06\/Folien-Potentiometer.webp\" \/>\n\t<meta property=\"og:image:width\" content=\"800\" \/>\n\t<meta property=\"og:image:height\" content=\"800\" \/>\n\t<meta property=\"og:image:type\" content=\"image\/webp\" \/>\n<meta name=\"twitter:card\" content=\"summary_large_image\" \/>\n<script type=\"application\/ld+json\" class=\"yoast-schema-graph\">{\"@context\":\"https:\/\/schema.org\",\"@graph\":[{\"@type\":\"WebPage\",\"@id\":\"https:\/\/dev.myindustrial.eu\/et\/shop\/potentsiomeetrid-ja-andurid\/foolium-membraanipotentsiomeeter\/foil-membrane-potentiometer\/\",\"url\":\"https:\/\/dev.myindustrial.eu\/et\/shop\/potentsiomeetrid-ja-andurid\/foolium-membraanipotentsiomeeter\/foil-membrane-potentiometer\/\",\"name\":\"Foolium-membraanipotentsiomeeter - My industrial\",\"isPartOf\":{\"@id\":\"https:\/\/dev.myindustrial.eu\/et\/#website\"},\"primaryImageOfPage\":{\"@id\":\"https:\/\/dev.myindustrial.eu\/et\/shop\/potentsiomeetrid-ja-andurid\/foolium-membraanipotentsiomeeter\/foil-membrane-potentiometer\/#primaryimage\"},\"image\":{\"@id\":\"https:\/\/dev.myindustrial.eu\/et\/shop\/potentsiomeetrid-ja-andurid\/foolium-membraanipotentsiomeeter\/foil-membrane-potentiometer\/#primaryimage\"},\"thumbnailUrl\":\"https:\/\/dev.myindustrial.eu\/wp-content\/uploads\/2022\/06\/Folien-Potentiometer.webp\",\"datePublished\":\"2022-06-20T17:34:22+00:00\",\"dateModified\":\"2023-06-16T19:56:10+00:00\",\"breadcrumb\":{\"@id\":\"https:\/\/dev.myindustrial.eu\/et\/shop\/potentsiomeetrid-ja-andurid\/foolium-membraanipotentsiomeeter\/foil-membrane-potentiometer\/#breadcrumb\"},\"inLanguage\":\"et\",\"potentialAction\":[{\"@type\":\"ReadAction\",\"target\":[\"https:\/\/dev.myindustrial.eu\/et\/shop\/potentsiomeetrid-ja-andurid\/foolium-membraanipotentsiomeeter\/foil-membrane-potentiometer\/\"]}]},{\"@type\":\"ImageObject\",\"inLanguage\":\"et\",\"@id\":\"https:\/\/dev.myindustrial.eu\/et\/shop\/potentsiomeetrid-ja-andurid\/foolium-membraanipotentsiomeeter\/foil-membrane-potentiometer\/#primaryimage\",\"url\":\"https:\/\/dev.myindustrial.eu\/wp-content\/uploads\/2022\/06\/Folien-Potentiometer.webp\",\"contentUrl\":\"https:\/\/dev.myindustrial.eu\/wp-content\/uploads\/2022\/06\/Folien-Potentiometer.webp\",\"width\":800,\"height\":800},{\"@type\":\"BreadcrumbList\",\"@id\":\"https:\/\/dev.myindustrial.eu\/et\/shop\/potentsiomeetrid-ja-andurid\/foolium-membraanipotentsiomeeter\/foil-membrane-potentiometer\/#breadcrumb\",\"itemListElement\":[{\"@type\":\"ListItem\",\"position\":1,\"name\":\"Home\",\"item\":\"https:\/\/dev.myindustrial.eu\/et\/\"},{\"@type\":\"ListItem\",\"position\":2,\"name\":\"Products\",\"item\":\"https:\/\/dev.myindustrial.eu\/et\/products\/\"},{\"@type\":\"ListItem\",\"position\":3,\"name\":\"Foolium-membraanipotentsiomeeter\"}]},{\"@type\":\"WebSite\",\"@id\":\"https:\/\/dev.myindustrial.eu\/et\/#website\",\"url\":\"https:\/\/dev.myindustrial.eu\/et\/\",\"name\":\"My industrial\",\"description\":\"\",\"potentialAction\":[{\"@type\":\"SearchAction\",\"target\":{\"@type\":\"EntryPoint\",\"urlTemplate\":\"https:\/\/dev.myindustrial.eu\/et\/?s={search_term_string}\"},\"query-input\":{\"@type\":\"PropertyValueSpecification\",\"valueRequired\":true,\"valueName\":\"search_term_string\"}}],\"inLanguage\":\"et\"}]}<\/script>\n<!-- \/ Yoast SEO plugin. -->","yoast_head_json":{"title":"Foolium-membraanipotentsiomeeter - My industrial","robots":{"index":"noindex","follow":"follow","max-snippet":"max-snippet:-1","max-image-preview":"max-image-preview:large","max-video-preview":"max-video-preview:-1"},"og_locale":"et_EE","og_type":"article","og_title":"Foolium-membraanipotentsiomeeter - My industrial","og_description":"AFP Kilemembraanandurid on alternatiiviks klassikalistele korpusega potentsiomeetritele. Neid kasutatakse pingeeraldajatena ja need koosnevad mitmest fooliumkihist, mis on \u00fcksteisest eraldatud \u00fcmbritseva vaheseinaga. Membraanipotentsiomeetrid on vaikimisi saadaval p\u00f6\u00f6rlevate ja translatoorsete elementidena. T\u00e4nu oma konstruktsioonile on nende potentsiomeetriliste elementide kaitseaste juba baasversioonis IP54. Kontakt saavutatakse vastupanurajaga, rakendades fooliumile kontaktliuguri survet. Klient saab takistuse v\u00e4\u00e4rtust \u00fchenduste kaudu koputada. Soovitame fooliumiga versiooni kontaktliuguriks vedruga survet\u00fckki koos plastikpalliga. See v\u00f5imaldab vastava elemendi kasutusiga optimaalselt \u00e4ra kasutada.","og_url":"https:\/\/dev.myindustrial.eu\/et\/shop\/potentsiomeetrid-ja-andurid\/foolium-membraanipotentsiomeeter\/foil-membrane-potentiometer\/","og_site_name":"My industrial","article_modified_time":"2023-06-16T19:56:10+00:00","og_image":[{"width":800,"height":800,"url":"https:\/\/dev.myindustrial.eu\/wp-content\/uploads\/2022\/06\/Folien-Potentiometer.webp","type":"image\/webp"}],"twitter_card":"summary_large_image","schema":{"@context":"https:\/\/schema.org","@graph":[{"@type":"WebPage","@id":"https:\/\/dev.myindustrial.eu\/et\/shop\/potentsiomeetrid-ja-andurid\/foolium-membraanipotentsiomeeter\/foil-membrane-potentiometer\/","url":"https:\/\/dev.myindustrial.eu\/et\/shop\/potentsiomeetrid-ja-andurid\/foolium-membraanipotentsiomeeter\/foil-membrane-potentiometer\/","name":"Foolium-membraanipotentsiomeeter - My industrial","isPartOf":{"@id":"https:\/\/dev.myindustrial.eu\/et\/#website"},"primaryImageOfPage":{"@id":"https:\/\/dev.myindustrial.eu\/et\/shop\/potentsiomeetrid-ja-andurid\/foolium-membraanipotentsiomeeter\/foil-membrane-potentiometer\/#primaryimage"},"image":{"@id":"https:\/\/dev.myindustrial.eu\/et\/shop\/potentsiomeetrid-ja-andurid\/foolium-membraanipotentsiomeeter\/foil-membrane-potentiometer\/#primaryimage"},"thumbnailUrl":"https:\/\/dev.myindustrial.eu\/wp-content\/uploads\/2022\/06\/Folien-Potentiometer.webp","datePublished":"2022-06-20T17:34:22+00:00","dateModified":"2023-06-16T19:56:10+00:00","breadcrumb":{"@id":"https:\/\/dev.myindustrial.eu\/et\/shop\/potentsiomeetrid-ja-andurid\/foolium-membraanipotentsiomeeter\/foil-membrane-potentiometer\/#breadcrumb"},"inLanguage":"et","potentialAction":[{"@type":"ReadAction","target":["https:\/\/dev.myindustrial.eu\/et\/shop\/potentsiomeetrid-ja-andurid\/foolium-membraanipotentsiomeeter\/foil-membrane-potentiometer\/"]}]},{"@type":"ImageObject","inLanguage":"et","@id":"https:\/\/dev.myindustrial.eu\/et\/shop\/potentsiomeetrid-ja-andurid\/foolium-membraanipotentsiomeeter\/foil-membrane-potentiometer\/#primaryimage","url":"https:\/\/dev.myindustrial.eu\/wp-content\/uploads\/2022\/06\/Folien-Potentiometer.webp","contentUrl":"https:\/\/dev.myindustrial.eu\/wp-content\/uploads\/2022\/06\/Folien-Potentiometer.webp","width":800,"height":800},{"@type":"BreadcrumbList","@id":"https:\/\/dev.myindustrial.eu\/et\/shop\/potentsiomeetrid-ja-andurid\/foolium-membraanipotentsiomeeter\/foil-membrane-potentiometer\/#breadcrumb","itemListElement":[{"@type":"ListItem","position":1,"name":"Home","item":"https:\/\/dev.myindustrial.eu\/et\/"},{"@type":"ListItem","position":2,"name":"Products","item":"https:\/\/dev.myindustrial.eu\/et\/products\/"},{"@type":"ListItem","position":3,"name":"Foolium-membraanipotentsiomeeter"}]},{"@type":"WebSite","@id":"https:\/\/dev.myindustrial.eu\/et\/#website","url":"https:\/\/dev.myindustrial.eu\/et\/","name":"My industrial","description":"","potentialAction":[{"@type":"SearchAction","target":{"@type":"EntryPoint","urlTemplate":"https:\/\/dev.myindustrial.eu\/et\/?s={search_term_string}"},"query-input":{"@type":"PropertyValueSpecification","valueRequired":true,"valueName":"search_term_string"}}],"inLanguage":"et"}]}},"_links":{"self":[{"href":"https:\/\/dev.myindustrial.eu\/et\/wp-json\/wp\/v2\/product\/1260061344","targetHints":{"allow":["GET"]}}],"collection":[{"href":"https:\/\/dev.myindustrial.eu\/et\/wp-json\/wp\/v2\/product"}],"about":[{"href":"https:\/\/dev.myindustrial.eu\/et\/wp-json\/wp\/v2\/types\/product"}],"version-history":[{"count":0,"href":"https:\/\/dev.myindustrial.eu\/et\/wp-json\/wp\/v2\/product\/1260061344\/revisions"}],"wp:featuredmedia":[{"embeddable":true,"href":"https:\/\/dev.myindustrial.eu\/et\/wp-json\/wp\/v2\/media\/1260061340"}],"wp:attachment":[{"href":"https:\/\/dev.myindustrial.eu\/et\/wp-json\/wp\/v2\/media?parent=1260061344"}],"wp:term":[{"taxonomy":"product_brand","embeddable":true,"href":"https:\/\/dev.myindustrial.eu\/et\/wp-json\/wp\/v2\/product_brand?post=1260061344"},{"taxonomy":"product_cat","embeddable":true,"href":"https:\/\/dev.myindustrial.eu\/et\/wp-json\/wp\/v2\/product_cat?post=1260061344"},{"taxonomy":"product_tag","embeddable":true,"href":"https:\/\/dev.myindustrial.eu\/et\/wp-json\/wp\/v2\/product_tag?post=1260061344"}],"curies":[{"name":"wp","href":"https:\/\/api.w.org\/{rel}","templated":true}]}}