{"id":1260061395,"date":"2022-06-20T19:02:22","date_gmt":"2022-06-20T19:02:22","guid":{"rendered":"https:\/\/dev.myindustrial.eu\/shop\/maaratlemata\/lvdt-displacement-sensors\/"},"modified":"2023-06-16T19:56:01","modified_gmt":"2023-06-16T19:56:01","slug":"lvdt-displacement-sensors","status":"publish","type":"product","link":"https:\/\/dev.myindustrial.eu\/et\/shop\/potentsiomeetrid-ja-andurid\/lvdt-nihkeandurid\/lvdt-displacement-sensors\/","title":{"rendered":"LVDT nihkeandurid"},"content":{"rendered":"","protected":false},"excerpt":{"rendered":"<p>Inelta Sensorsysteme GmbH &#038; Co. KG m\u00fc\u00fcgipartnerina m\u00fc\u00fcb Altmann Electronics GmbH LVDT-sid.<br \/>\nLineaarselt muutuvad diferentsiaaltransformaatorid (LVDT) on analoogsed ja kontaktivabad andurid, millel on primaarm\u00e4his ja kaks sekundaarm\u00e4hist. Elektriline signaal saadakse kodeerimisvarda lineaarsest liikumisest. Ferromagnetiline s\u00fcdamik on kinnitatud saatjavarraste k\u00fclge. Tuuma indutseerib pinge sekundaarm\u00e4histel.<\/p>\n","protected":false},"featured_media":1260061391,"template":"","meta":[],"product_brand":[],"product_cat":[1283,1530],"product_tag":[],"class_list":{"0":"post-1260061395","1":"product","2":"type-product","3":"status-publish","4":"has-post-thumbnail","6":"product_cat-potentsiomeetrid-ja-andurid","7":"product_cat-lvdt-nihkeandurid","9":"first","10":"instock","11":"shipping-taxable","12":"product-type-simple"},"yoast_head":"<!-- This site is optimized with the Yoast SEO plugin v27.1.1 - https:\/\/yoast.com\/product\/yoast-seo-wordpress\/ -->\n<title>LVDT nihkeandurid - My industrial<\/title>\n<meta name=\"robots\" content=\"noindex, follow, max-snippet:-1, max-image-preview:large, max-video-preview:-1\" \/>\n<meta property=\"og:locale\" content=\"et_EE\" \/>\n<meta property=\"og:type\" content=\"article\" \/>\n<meta property=\"og:title\" content=\"LVDT nihkeandurid - My industrial\" \/>\n<meta property=\"og:description\" content=\"Inelta Sensorsysteme GmbH &amp; Co. KG m\u00fc\u00fcgipartnerina m\u00fc\u00fcb Altmann Electronics GmbH LVDT-sid. Lineaarselt muutuvad diferentsiaaltransformaatorid (LVDT) on analoogsed ja kontaktivabad andurid, millel on primaarm\u00e4his ja kaks sekundaarm\u00e4hist. Elektriline signaal saadakse kodeerimisvarda lineaarsest liikumisest. Ferromagnetiline s\u00fcdamik on kinnitatud saatjavarraste k\u00fclge. Tuuma indutseerib pinge sekundaarm\u00e4histel.\" \/>\n<meta property=\"og:url\" content=\"https:\/\/dev.myindustrial.eu\/et\/shop\/potentsiomeetrid-ja-andurid\/lvdt-nihkeandurid\/lvdt-displacement-sensors\/\" \/>\n<meta property=\"og:site_name\" content=\"My industrial\" \/>\n<meta property=\"article:modified_time\" content=\"2023-06-16T19:56:01+00:00\" \/>\n<meta property=\"og:image\" content=\"https:\/\/dev.myindustrial.eu\/wp-content\/uploads\/2022\/06\/LVDT-Displacement-Sensors.webp\" \/>\n\t<meta property=\"og:image:width\" content=\"500\" \/>\n\t<meta property=\"og:image:height\" content=\"500\" \/>\n\t<meta property=\"og:image:type\" content=\"image\/webp\" \/>\n<meta name=\"twitter:card\" content=\"summary_large_image\" \/>\n<script type=\"application\/ld+json\" class=\"yoast-schema-graph\">{\"@context\":\"https:\/\/schema.org\",\"@graph\":[{\"@type\":\"WebPage\",\"@id\":\"https:\/\/dev.myindustrial.eu\/et\/shop\/potentsiomeetrid-ja-andurid\/lvdt-nihkeandurid\/lvdt-displacement-sensors\/\",\"url\":\"https:\/\/dev.myindustrial.eu\/et\/shop\/potentsiomeetrid-ja-andurid\/lvdt-nihkeandurid\/lvdt-displacement-sensors\/\",\"name\":\"LVDT nihkeandurid - My industrial\",\"isPartOf\":{\"@id\":\"https:\/\/dev.myindustrial.eu\/et\/#website\"},\"primaryImageOfPage\":{\"@id\":\"https:\/\/dev.myindustrial.eu\/et\/shop\/potentsiomeetrid-ja-andurid\/lvdt-nihkeandurid\/lvdt-displacement-sensors\/#primaryimage\"},\"image\":{\"@id\":\"https:\/\/dev.myindustrial.eu\/et\/shop\/potentsiomeetrid-ja-andurid\/lvdt-nihkeandurid\/lvdt-displacement-sensors\/#primaryimage\"},\"thumbnailUrl\":\"https:\/\/dev.myindustrial.eu\/wp-content\/uploads\/2022\/06\/LVDT-Displacement-Sensors.webp\",\"datePublished\":\"2022-06-20T19:02:22+00:00\",\"dateModified\":\"2023-06-16T19:56:01+00:00\",\"breadcrumb\":{\"@id\":\"https:\/\/dev.myindustrial.eu\/et\/shop\/potentsiomeetrid-ja-andurid\/lvdt-nihkeandurid\/lvdt-displacement-sensors\/#breadcrumb\"},\"inLanguage\":\"et\",\"potentialAction\":[{\"@type\":\"ReadAction\",\"target\":[\"https:\/\/dev.myindustrial.eu\/et\/shop\/potentsiomeetrid-ja-andurid\/lvdt-nihkeandurid\/lvdt-displacement-sensors\/\"]}]},{\"@type\":\"ImageObject\",\"inLanguage\":\"et\",\"@id\":\"https:\/\/dev.myindustrial.eu\/et\/shop\/potentsiomeetrid-ja-andurid\/lvdt-nihkeandurid\/lvdt-displacement-sensors\/#primaryimage\",\"url\":\"https:\/\/dev.myindustrial.eu\/wp-content\/uploads\/2022\/06\/LVDT-Displacement-Sensors.webp\",\"contentUrl\":\"https:\/\/dev.myindustrial.eu\/wp-content\/uploads\/2022\/06\/LVDT-Displacement-Sensors.webp\",\"width\":500,\"height\":500},{\"@type\":\"BreadcrumbList\",\"@id\":\"https:\/\/dev.myindustrial.eu\/et\/shop\/potentsiomeetrid-ja-andurid\/lvdt-nihkeandurid\/lvdt-displacement-sensors\/#breadcrumb\",\"itemListElement\":[{\"@type\":\"ListItem\",\"position\":1,\"name\":\"Home\",\"item\":\"https:\/\/dev.myindustrial.eu\/et\/\"},{\"@type\":\"ListItem\",\"position\":2,\"name\":\"Products\",\"item\":\"https:\/\/dev.myindustrial.eu\/et\/products\/\"},{\"@type\":\"ListItem\",\"position\":3,\"name\":\"LVDT nihkeandurid\"}]},{\"@type\":\"WebSite\",\"@id\":\"https:\/\/dev.myindustrial.eu\/et\/#website\",\"url\":\"https:\/\/dev.myindustrial.eu\/et\/\",\"name\":\"My industrial\",\"description\":\"\",\"potentialAction\":[{\"@type\":\"SearchAction\",\"target\":{\"@type\":\"EntryPoint\",\"urlTemplate\":\"https:\/\/dev.myindustrial.eu\/et\/?s={search_term_string}\"},\"query-input\":{\"@type\":\"PropertyValueSpecification\",\"valueRequired\":true,\"valueName\":\"search_term_string\"}}],\"inLanguage\":\"et\"}]}<\/script>\n<!-- \/ Yoast SEO plugin. -->","yoast_head_json":{"title":"LVDT nihkeandurid - My industrial","robots":{"index":"noindex","follow":"follow","max-snippet":"max-snippet:-1","max-image-preview":"max-image-preview:large","max-video-preview":"max-video-preview:-1"},"og_locale":"et_EE","og_type":"article","og_title":"LVDT nihkeandurid - My industrial","og_description":"Inelta Sensorsysteme GmbH & Co. KG m\u00fc\u00fcgipartnerina m\u00fc\u00fcb Altmann Electronics GmbH LVDT-sid. Lineaarselt muutuvad diferentsiaaltransformaatorid (LVDT) on analoogsed ja kontaktivabad andurid, millel on primaarm\u00e4his ja kaks sekundaarm\u00e4hist. Elektriline signaal saadakse kodeerimisvarda lineaarsest liikumisest. Ferromagnetiline s\u00fcdamik on kinnitatud saatjavarraste k\u00fclge. Tuuma indutseerib pinge sekundaarm\u00e4histel.","og_url":"https:\/\/dev.myindustrial.eu\/et\/shop\/potentsiomeetrid-ja-andurid\/lvdt-nihkeandurid\/lvdt-displacement-sensors\/","og_site_name":"My industrial","article_modified_time":"2023-06-16T19:56:01+00:00","og_image":[{"width":500,"height":500,"url":"https:\/\/dev.myindustrial.eu\/wp-content\/uploads\/2022\/06\/LVDT-Displacement-Sensors.webp","type":"image\/webp"}],"twitter_card":"summary_large_image","schema":{"@context":"https:\/\/schema.org","@graph":[{"@type":"WebPage","@id":"https:\/\/dev.myindustrial.eu\/et\/shop\/potentsiomeetrid-ja-andurid\/lvdt-nihkeandurid\/lvdt-displacement-sensors\/","url":"https:\/\/dev.myindustrial.eu\/et\/shop\/potentsiomeetrid-ja-andurid\/lvdt-nihkeandurid\/lvdt-displacement-sensors\/","name":"LVDT nihkeandurid - My industrial","isPartOf":{"@id":"https:\/\/dev.myindustrial.eu\/et\/#website"},"primaryImageOfPage":{"@id":"https:\/\/dev.myindustrial.eu\/et\/shop\/potentsiomeetrid-ja-andurid\/lvdt-nihkeandurid\/lvdt-displacement-sensors\/#primaryimage"},"image":{"@id":"https:\/\/dev.myindustrial.eu\/et\/shop\/potentsiomeetrid-ja-andurid\/lvdt-nihkeandurid\/lvdt-displacement-sensors\/#primaryimage"},"thumbnailUrl":"https:\/\/dev.myindustrial.eu\/wp-content\/uploads\/2022\/06\/LVDT-Displacement-Sensors.webp","datePublished":"2022-06-20T19:02:22+00:00","dateModified":"2023-06-16T19:56:01+00:00","breadcrumb":{"@id":"https:\/\/dev.myindustrial.eu\/et\/shop\/potentsiomeetrid-ja-andurid\/lvdt-nihkeandurid\/lvdt-displacement-sensors\/#breadcrumb"},"inLanguage":"et","potentialAction":[{"@type":"ReadAction","target":["https:\/\/dev.myindustrial.eu\/et\/shop\/potentsiomeetrid-ja-andurid\/lvdt-nihkeandurid\/lvdt-displacement-sensors\/"]}]},{"@type":"ImageObject","inLanguage":"et","@id":"https:\/\/dev.myindustrial.eu\/et\/shop\/potentsiomeetrid-ja-andurid\/lvdt-nihkeandurid\/lvdt-displacement-sensors\/#primaryimage","url":"https:\/\/dev.myindustrial.eu\/wp-content\/uploads\/2022\/06\/LVDT-Displacement-Sensors.webp","contentUrl":"https:\/\/dev.myindustrial.eu\/wp-content\/uploads\/2022\/06\/LVDT-Displacement-Sensors.webp","width":500,"height":500},{"@type":"BreadcrumbList","@id":"https:\/\/dev.myindustrial.eu\/et\/shop\/potentsiomeetrid-ja-andurid\/lvdt-nihkeandurid\/lvdt-displacement-sensors\/#breadcrumb","itemListElement":[{"@type":"ListItem","position":1,"name":"Home","item":"https:\/\/dev.myindustrial.eu\/et\/"},{"@type":"ListItem","position":2,"name":"Products","item":"https:\/\/dev.myindustrial.eu\/et\/products\/"},{"@type":"ListItem","position":3,"name":"LVDT nihkeandurid"}]},{"@type":"WebSite","@id":"https:\/\/dev.myindustrial.eu\/et\/#website","url":"https:\/\/dev.myindustrial.eu\/et\/","name":"My industrial","description":"","potentialAction":[{"@type":"SearchAction","target":{"@type":"EntryPoint","urlTemplate":"https:\/\/dev.myindustrial.eu\/et\/?s={search_term_string}"},"query-input":{"@type":"PropertyValueSpecification","valueRequired":true,"valueName":"search_term_string"}}],"inLanguage":"et"}]}},"_links":{"self":[{"href":"https:\/\/dev.myindustrial.eu\/et\/wp-json\/wp\/v2\/product\/1260061395","targetHints":{"allow":["GET"]}}],"collection":[{"href":"https:\/\/dev.myindustrial.eu\/et\/wp-json\/wp\/v2\/product"}],"about":[{"href":"https:\/\/dev.myindustrial.eu\/et\/wp-json\/wp\/v2\/types\/product"}],"version-history":[{"count":1,"href":"https:\/\/dev.myindustrial.eu\/et\/wp-json\/wp\/v2\/product\/1260061395\/revisions"}],"predecessor-version":[{"id":1260061399,"href":"https:\/\/dev.myindustrial.eu\/et\/wp-json\/wp\/v2\/product\/1260061395\/revisions\/1260061399"}],"wp:featuredmedia":[{"embeddable":true,"href":"https:\/\/dev.myindustrial.eu\/et\/wp-json\/wp\/v2\/media\/1260061391"}],"wp:attachment":[{"href":"https:\/\/dev.myindustrial.eu\/et\/wp-json\/wp\/v2\/media?parent=1260061395"}],"wp:term":[{"taxonomy":"product_brand","embeddable":true,"href":"https:\/\/dev.myindustrial.eu\/et\/wp-json\/wp\/v2\/product_brand?post=1260061395"},{"taxonomy":"product_cat","embeddable":true,"href":"https:\/\/dev.myindustrial.eu\/et\/wp-json\/wp\/v2\/product_cat?post=1260061395"},{"taxonomy":"product_tag","embeddable":true,"href":"https:\/\/dev.myindustrial.eu\/et\/wp-json\/wp\/v2\/product_tag?post=1260061395"}],"curies":[{"name":"wp","href":"https:\/\/api.w.org\/{rel}","templated":true}]}}