{"id":1260062088,"date":"2022-12-12T14:39:49","date_gmt":"2022-12-12T14:39:49","guid":{"rendered":"https:\/\/dev.myindustrial.eu\/?post_type=product&#038;p=1260062088"},"modified":"2025-04-10T13:36:44","modified_gmt":"2025-04-10T13:36:44","slug":"emg-esse-copy","status":"publish","type":"product","link":"https:\/\/dev.myindustrial.eu\/et\/shop\/elektro-hudraulilised-ajamite-lahendused\/emg-esse-et\/emg-esse-copy\/","title":{"rendered":"Reoveepuhastusjaama intelligentne automaatikatehnoloogia"},"content":{"rendered":"<p><iframe src=\"https:\/\/youtube.com\/shorts\/mz4ZFoZ4EBk?feature=share\" width=\"560\" height=\"315\" frameborder=\"0\" allowfullscreen=\"allowfullscreen\"><\/iframe><\/p>\n","protected":false},"excerpt":{"rendered":"<p>EMG ESSE \u2013 kiirreageerimisajam<br \/>\nIntelligentne automaatikatehnoloogia reoveepuhastusjaama jaoks<\/p>\n<p>Kas otsite oma kuivendusprotsessidele automaatset lahendust, nt esmases selgitajas?<br \/>\nSiis on kiiresti reageeriv ajam EMG ESSE \u00f5ige lahendus!<br \/>\nESSE ajam avab ja sulgeb t\u00fchjendusklapi settiva muda ja ujuva muda v\u00e4ljalaske juures \u2013 100 % elektriline, pneumaatilisi v\u00f5i h\u00fcdraulilisi lahendusi pole vaja kasutada.<\/p>\n<p>Tugevdatud ELHY\u00ae t\u00f5ukur juhib liugurit suurema j\u00f5uga pika, reguleeritava roostevabast terasest varda abil. Sulgemine on kiire ja automaatne t\u00e4nu tagastusvedrule ja \u00fchendusl\u00fcli kaalule. Ohutusl\u00fcliti p\u00f5him\u00f5tte kohaselt sulgub kinnitus rikke korral koheselt. Kolvi piiril\u00fclitid tuvastavad l\u00f5ppasendid.<\/p>\n<p>Tagasiside Schnaittachtali reoveepuhastusjaamast.<br \/>\n&#8220;ESSE-seadmed paigaldati 1999. aastal automaatseks toorsette eemaldamiseks primaarsest puhastusseadmest, sellest ajast alates on need t\u00f6\u00f6tanud 8 ts\u00fcklit p\u00e4evas ilma \u00fchegi t\u00f5rgeteta. Selle aja jooksul ei tekkinud vajadust remontimiseks ega teiste t\u00f6\u00f6de teostamiseks, v\u00e4lja arvatud m\u00f5ne defektse k\u00e4ivitaja asendamine. Seet\u00f5ttu oleme seadmete suhtes v\u00e4ga rahulolevad ning t\u00f5steagregaadid on n\u00fc\u00fcd asendatud j\u00e4rgnevate mudelitega.\u201c<br \/>\nChristian Schuhmann, Schnaittachtali reoveepuhasti Neunkirchen am Sandis<\/p>\n<p><a href=\"\/wp-content\/uploads\/2022\/05\/emg_esse_flyer_en_rev01_10-2022.pdf\" target=\"_blank\" rel=\"noopener\"><img decoding=\"async\" src=\"\/wp-content\/uploads\/2023\/02\/download-button-est.svg\" \/><\/a><\/p>\n","protected":false},"featured_media":1260062093,"template":"","meta":[],"product_brand":[],"product_cat":[1303,1624],"product_tag":[],"class_list":{"0":"post-1260062088","1":"product","2":"type-product","3":"status-publish","4":"has-post-thumbnail","6":"product_cat-elektro-hudraulilised-ajamite-lahendused","7":"product_cat-emg-esse-et","9":"first","10":"instock","11":"shipping-taxable","12":"product-type-simple"},"yoast_head":"<!-- This site is optimized with the Yoast SEO plugin v27.1.1 - https:\/\/yoast.com\/product\/yoast-seo-wordpress\/ -->\n<title>Reoveepuhastusjaama intelligentne automaatikatehnoloogia - My industrial<\/title>\n<meta name=\"robots\" content=\"noindex, follow, max-snippet:-1, max-image-preview:large, max-video-preview:-1\" \/>\n<meta property=\"og:locale\" content=\"et_EE\" \/>\n<meta property=\"og:type\" content=\"article\" \/>\n<meta property=\"og:title\" content=\"Reoveepuhastusjaama intelligentne automaatikatehnoloogia - My industrial\" \/>\n<meta property=\"og:description\" content=\"EMG ESSE \u2013 kiirreageerimisajam Intelligentne automaatikatehnoloogia reoveepuhastusjaama jaoks  Kas otsite oma kuivendusprotsessidele automaatset lahendust, nt esmases selgitajas? Siis on kiiresti reageeriv ajam EMG ESSE \u00f5ige lahendus! ESSE ajam avab ja sulgeb t\u00fchjendusklapi settiva muda ja ujuva muda v\u00e4ljalaske juures \u2013 100 % elektriline, pneumaatilisi v\u00f5i h\u00fcdraulilisi lahendusi pole vaja kasutada.  Tugevdatud ELHY\u00ae t\u00f5ukur juhib liugurit suurema j\u00f5uga pika, reguleeritava roostevabast terasest varda abil. Sulgemine on kiire ja automaatne t\u00e4nu tagastusvedrule ja \u00fchendusl\u00fcli kaalule. Ohutusl\u00fcliti p\u00f5him\u00f5tte kohaselt sulgub kinnitus rikke korral koheselt. Kolvi piiril\u00fclitid tuvastavad l\u00f5ppasendid.  Tagasiside Schnaittachtali reoveepuhastusjaamast. &quot;ESSE-seadmed paigaldati 1999. aastal automaatseks toorsette eemaldamiseks primaarsest puhastusseadmest, sellest ajast alates on need t\u00f6\u00f6tanud 8 ts\u00fcklit p\u00e4evas ilma \u00fchegi t\u00f5rgeteta. Selle aja jooksul ei tekkinud vajadust remontimiseks ega teiste t\u00f6\u00f6de teostamiseks, v\u00e4lja arvatud m\u00f5ne defektse k\u00e4ivitaja asendamine. Seet\u00f5ttu oleme seadmete suhtes v\u00e4ga rahulolevad ning t\u00f5steagregaadid on n\u00fc\u00fcd asendatud j\u00e4rgnevate mudelitega.\u201c Christian Schuhmann, Schnaittachtali reoveepuhasti Neunkirchen am Sandis\" \/>\n<meta property=\"og:url\" content=\"https:\/\/dev.myindustrial.eu\/et\/shop\/elektro-hudraulilised-ajamite-lahendused\/emg-esse-et\/emg-esse-copy\/\" \/>\n<meta property=\"og:site_name\" content=\"My industrial\" \/>\n<meta property=\"article:modified_time\" content=\"2025-04-10T13:36:44+00:00\" \/>\n<meta property=\"og:image\" content=\"https:\/\/dev.myindustrial.eu\/wp-content\/uploads\/2022\/12\/emg_esse_2-801x801.jpg\" \/>\n\t<meta property=\"og:image:width\" content=\"801\" \/>\n\t<meta property=\"og:image:height\" content=\"801\" \/>\n\t<meta property=\"og:image:type\" content=\"image\/jpeg\" \/>\n<meta name=\"twitter:card\" content=\"summary_large_image\" \/>\n<script type=\"application\/ld+json\" class=\"yoast-schema-graph\">{\"@context\":\"https:\/\/schema.org\",\"@graph\":[{\"@type\":\"WebPage\",\"@id\":\"https:\/\/dev.myindustrial.eu\/et\/shop\/elektro-hudraulilised-ajamite-lahendused\/emg-esse-et\/emg-esse-copy\/\",\"url\":\"https:\/\/dev.myindustrial.eu\/et\/shop\/elektro-hudraulilised-ajamite-lahendused\/emg-esse-et\/emg-esse-copy\/\",\"name\":\"Reoveepuhastusjaama intelligentne automaatikatehnoloogia - My industrial\",\"isPartOf\":{\"@id\":\"https:\/\/dev.myindustrial.eu\/et\/#website\"},\"primaryImageOfPage\":{\"@id\":\"https:\/\/dev.myindustrial.eu\/et\/shop\/elektro-hudraulilised-ajamite-lahendused\/emg-esse-et\/emg-esse-copy\/#primaryimage\"},\"image\":{\"@id\":\"https:\/\/dev.myindustrial.eu\/et\/shop\/elektro-hudraulilised-ajamite-lahendused\/emg-esse-et\/emg-esse-copy\/#primaryimage\"},\"thumbnailUrl\":\"https:\/\/dev.myindustrial.eu\/wp-content\/uploads\/2022\/12\/emg_esse_2-801x801.jpg\",\"datePublished\":\"2022-12-12T14:39:49+00:00\",\"dateModified\":\"2025-04-10T13:36:44+00:00\",\"breadcrumb\":{\"@id\":\"https:\/\/dev.myindustrial.eu\/et\/shop\/elektro-hudraulilised-ajamite-lahendused\/emg-esse-et\/emg-esse-copy\/#breadcrumb\"},\"inLanguage\":\"et\",\"potentialAction\":[{\"@type\":\"ReadAction\",\"target\":[\"https:\/\/dev.myindustrial.eu\/et\/shop\/elektro-hudraulilised-ajamite-lahendused\/emg-esse-et\/emg-esse-copy\/\"]}]},{\"@type\":\"ImageObject\",\"inLanguage\":\"et\",\"@id\":\"https:\/\/dev.myindustrial.eu\/et\/shop\/elektro-hudraulilised-ajamite-lahendused\/emg-esse-et\/emg-esse-copy\/#primaryimage\",\"url\":\"https:\/\/dev.myindustrial.eu\/wp-content\/uploads\/2022\/12\/emg_esse_2-801x801.jpg\",\"contentUrl\":\"https:\/\/dev.myindustrial.eu\/wp-content\/uploads\/2022\/12\/emg_esse_2-801x801.jpg\",\"width\":801,\"height\":801},{\"@type\":\"BreadcrumbList\",\"@id\":\"https:\/\/dev.myindustrial.eu\/et\/shop\/elektro-hudraulilised-ajamite-lahendused\/emg-esse-et\/emg-esse-copy\/#breadcrumb\",\"itemListElement\":[{\"@type\":\"ListItem\",\"position\":1,\"name\":\"Home\",\"item\":\"https:\/\/dev.myindustrial.eu\/et\/\"},{\"@type\":\"ListItem\",\"position\":2,\"name\":\"Products\",\"item\":\"https:\/\/dev.myindustrial.eu\/et\/products\/\"},{\"@type\":\"ListItem\",\"position\":3,\"name\":\"Reoveepuhastusjaama intelligentne automaatikatehnoloogia\"}]},{\"@type\":\"WebSite\",\"@id\":\"https:\/\/dev.myindustrial.eu\/et\/#website\",\"url\":\"https:\/\/dev.myindustrial.eu\/et\/\",\"name\":\"My industrial\",\"description\":\"\",\"potentialAction\":[{\"@type\":\"SearchAction\",\"target\":{\"@type\":\"EntryPoint\",\"urlTemplate\":\"https:\/\/dev.myindustrial.eu\/et\/?s={search_term_string}\"},\"query-input\":{\"@type\":\"PropertyValueSpecification\",\"valueRequired\":true,\"valueName\":\"search_term_string\"}}],\"inLanguage\":\"et\"}]}<\/script>\n<!-- \/ Yoast SEO plugin. -->","yoast_head_json":{"title":"Reoveepuhastusjaama intelligentne automaatikatehnoloogia - My industrial","robots":{"index":"noindex","follow":"follow","max-snippet":"max-snippet:-1","max-image-preview":"max-image-preview:large","max-video-preview":"max-video-preview:-1"},"og_locale":"et_EE","og_type":"article","og_title":"Reoveepuhastusjaama intelligentne automaatikatehnoloogia - My industrial","og_description":"EMG ESSE \u2013 kiirreageerimisajam Intelligentne automaatikatehnoloogia reoveepuhastusjaama jaoks  Kas otsite oma kuivendusprotsessidele automaatset lahendust, nt esmases selgitajas? Siis on kiiresti reageeriv ajam EMG ESSE \u00f5ige lahendus! ESSE ajam avab ja sulgeb t\u00fchjendusklapi settiva muda ja ujuva muda v\u00e4ljalaske juures \u2013 100 % elektriline, pneumaatilisi v\u00f5i h\u00fcdraulilisi lahendusi pole vaja kasutada.  Tugevdatud ELHY\u00ae t\u00f5ukur juhib liugurit suurema j\u00f5uga pika, reguleeritava roostevabast terasest varda abil. Sulgemine on kiire ja automaatne t\u00e4nu tagastusvedrule ja \u00fchendusl\u00fcli kaalule. Ohutusl\u00fcliti p\u00f5him\u00f5tte kohaselt sulgub kinnitus rikke korral koheselt. Kolvi piiril\u00fclitid tuvastavad l\u00f5ppasendid.  Tagasiside Schnaittachtali reoveepuhastusjaamast. \"ESSE-seadmed paigaldati 1999. aastal automaatseks toorsette eemaldamiseks primaarsest puhastusseadmest, sellest ajast alates on need t\u00f6\u00f6tanud 8 ts\u00fcklit p\u00e4evas ilma \u00fchegi t\u00f5rgeteta. Selle aja jooksul ei tekkinud vajadust remontimiseks ega teiste t\u00f6\u00f6de teostamiseks, v\u00e4lja arvatud m\u00f5ne defektse k\u00e4ivitaja asendamine. Seet\u00f5ttu oleme seadmete suhtes v\u00e4ga rahulolevad ning t\u00f5steagregaadid on n\u00fc\u00fcd asendatud j\u00e4rgnevate mudelitega.\u201c Christian Schuhmann, Schnaittachtali reoveepuhasti Neunkirchen am Sandis","og_url":"https:\/\/dev.myindustrial.eu\/et\/shop\/elektro-hudraulilised-ajamite-lahendused\/emg-esse-et\/emg-esse-copy\/","og_site_name":"My industrial","article_modified_time":"2025-04-10T13:36:44+00:00","og_image":[{"width":801,"height":801,"url":"https:\/\/dev.myindustrial.eu\/wp-content\/uploads\/2022\/12\/emg_esse_2-801x801.jpg","type":"image\/jpeg"}],"twitter_card":"summary_large_image","schema":{"@context":"https:\/\/schema.org","@graph":[{"@type":"WebPage","@id":"https:\/\/dev.myindustrial.eu\/et\/shop\/elektro-hudraulilised-ajamite-lahendused\/emg-esse-et\/emg-esse-copy\/","url":"https:\/\/dev.myindustrial.eu\/et\/shop\/elektro-hudraulilised-ajamite-lahendused\/emg-esse-et\/emg-esse-copy\/","name":"Reoveepuhastusjaama intelligentne automaatikatehnoloogia - My industrial","isPartOf":{"@id":"https:\/\/dev.myindustrial.eu\/et\/#website"},"primaryImageOfPage":{"@id":"https:\/\/dev.myindustrial.eu\/et\/shop\/elektro-hudraulilised-ajamite-lahendused\/emg-esse-et\/emg-esse-copy\/#primaryimage"},"image":{"@id":"https:\/\/dev.myindustrial.eu\/et\/shop\/elektro-hudraulilised-ajamite-lahendused\/emg-esse-et\/emg-esse-copy\/#primaryimage"},"thumbnailUrl":"https:\/\/dev.myindustrial.eu\/wp-content\/uploads\/2022\/12\/emg_esse_2-801x801.jpg","datePublished":"2022-12-12T14:39:49+00:00","dateModified":"2025-04-10T13:36:44+00:00","breadcrumb":{"@id":"https:\/\/dev.myindustrial.eu\/et\/shop\/elektro-hudraulilised-ajamite-lahendused\/emg-esse-et\/emg-esse-copy\/#breadcrumb"},"inLanguage":"et","potentialAction":[{"@type":"ReadAction","target":["https:\/\/dev.myindustrial.eu\/et\/shop\/elektro-hudraulilised-ajamite-lahendused\/emg-esse-et\/emg-esse-copy\/"]}]},{"@type":"ImageObject","inLanguage":"et","@id":"https:\/\/dev.myindustrial.eu\/et\/shop\/elektro-hudraulilised-ajamite-lahendused\/emg-esse-et\/emg-esse-copy\/#primaryimage","url":"https:\/\/dev.myindustrial.eu\/wp-content\/uploads\/2022\/12\/emg_esse_2-801x801.jpg","contentUrl":"https:\/\/dev.myindustrial.eu\/wp-content\/uploads\/2022\/12\/emg_esse_2-801x801.jpg","width":801,"height":801},{"@type":"BreadcrumbList","@id":"https:\/\/dev.myindustrial.eu\/et\/shop\/elektro-hudraulilised-ajamite-lahendused\/emg-esse-et\/emg-esse-copy\/#breadcrumb","itemListElement":[{"@type":"ListItem","position":1,"name":"Home","item":"https:\/\/dev.myindustrial.eu\/et\/"},{"@type":"ListItem","position":2,"name":"Products","item":"https:\/\/dev.myindustrial.eu\/et\/products\/"},{"@type":"ListItem","position":3,"name":"Reoveepuhastusjaama intelligentne automaatikatehnoloogia"}]},{"@type":"WebSite","@id":"https:\/\/dev.myindustrial.eu\/et\/#website","url":"https:\/\/dev.myindustrial.eu\/et\/","name":"My industrial","description":"","potentialAction":[{"@type":"SearchAction","target":{"@type":"EntryPoint","urlTemplate":"https:\/\/dev.myindustrial.eu\/et\/?s={search_term_string}"},"query-input":{"@type":"PropertyValueSpecification","valueRequired":true,"valueName":"search_term_string"}}],"inLanguage":"et"}]}},"_links":{"self":[{"href":"https:\/\/dev.myindustrial.eu\/et\/wp-json\/wp\/v2\/product\/1260062088","targetHints":{"allow":["GET"]}}],"collection":[{"href":"https:\/\/dev.myindustrial.eu\/et\/wp-json\/wp\/v2\/product"}],"about":[{"href":"https:\/\/dev.myindustrial.eu\/et\/wp-json\/wp\/v2\/types\/product"}],"version-history":[{"count":1,"href":"https:\/\/dev.myindustrial.eu\/et\/wp-json\/wp\/v2\/product\/1260062088\/revisions"}],"predecessor-version":[{"id":1260065768,"href":"https:\/\/dev.myindustrial.eu\/et\/wp-json\/wp\/v2\/product\/1260062088\/revisions\/1260065768"}],"wp:featuredmedia":[{"embeddable":true,"href":"https:\/\/dev.myindustrial.eu\/et\/wp-json\/wp\/v2\/media\/1260062093"}],"wp:attachment":[{"href":"https:\/\/dev.myindustrial.eu\/et\/wp-json\/wp\/v2\/media?parent=1260062088"}],"wp:term":[{"taxonomy":"product_brand","embeddable":true,"href":"https:\/\/dev.myindustrial.eu\/et\/wp-json\/wp\/v2\/product_brand?post=1260062088"},{"taxonomy":"product_cat","embeddable":true,"href":"https:\/\/dev.myindustrial.eu\/et\/wp-json\/wp\/v2\/product_cat?post=1260062088"},{"taxonomy":"product_tag","embeddable":true,"href":"https:\/\/dev.myindustrial.eu\/et\/wp-json\/wp\/v2\/product_tag?post=1260062088"}],"curies":[{"name":"wp","href":"https:\/\/api.w.org\/{rel}","templated":true}]}}