{"id":1260062103,"date":"2022-12-12T14:59:48","date_gmt":"2022-12-12T14:59:48","guid":{"rendered":"https:\/\/dev.myindustrial.eu\/?post_type=product&#038;p=1260062103"},"modified":"2023-12-28T20:27:11","modified_gmt":"2023-12-28T20:27:11","slug":"electro-hydraulic-actuators-emg","status":"publish","type":"product","link":"https:\/\/dev.myindustrial.eu\/et\/shop\/elektro-hudraulilised-ajamite-lahendused\/elektrohudraulilised-ajamid-emg\/electro-hydraulic-actuators-emg\/","title":{"rendered":"Elektroh\u00fcdraulilised ajamid EMG"},"content":{"rendered":"","protected":false},"excerpt":{"rendered":"<p><b>Elektroh\u00fcdraulilised EMG ajamid<\/b><\/p>\n<p><span style=\"font-weight: 400;\">Elektroh\u00fcdraulilised EMG ajamid muundavad elektrienergia mehaaniliseks energiaks ja teostavad mehaanilist t\u00f6\u00f6d k\u00e4igu konkreetse osa ajal. Elektroh\u00fcdrauliliste t\u00f5ukurite EMG ELDRO\u00ae ja ELHY\u00ae t\u00f5estatud mitmek\u00fclgsus erinevates tegevusvaldkondades on viinud nende laialdase kasutamiseni kaevandus-, terase-, sadama- ja ehitust\u00f6\u00f6stuse rakendustes.<\/span><\/p>\n<p><span style=\"font-weight: 400;\">Elektroh\u00fcdraulilisi ajameid EMG ELDRO\u00ae ja ELHY\u00ae saab kasutada koos erinevate juhtimiselementidega, n\u00e4iteks j\u00e4rgmistes kasutusvaldkondades:<\/span><\/p>\n<p><span style=\"font-weight: 400;\">-T\u00f5ste- ja langetamismehhanismid\u00a0<\/span><\/p>\n<p><span style=\"font-weight: 400;\">-Lukustamine ja avamine koormat kinnitavate kiilude v\u00f5i kinnituskonksude nihutamise teel<\/span><\/p>\n<p><span style=\"font-weight: 400;\">-Konveierilintide puhastite langetamine<\/span><\/p>\n<p><span style=\"font-weight: 400;\">-H\u00fcdraulikapresside klapiajamid<\/span><\/p>\n<p>&nbsp;<\/p>\n<p><b>EMG HKALinear &#8211; H\u00fcdrauliline lineaarne kompaktne ajam<\/b><\/p>\n<p><span style=\"font-weight: 400;\">H\u00fcdraulilise lineaarse kompaktse ajamina on EMG v\u00e4lja t\u00f6\u00f6tanud ajamiseadme, mis \u00fchendab traditsioonid ja innovatsiooni. Selle k\u00f5rge muudetavus koos tehnilise vastupidavuse ja samaaegse majandusliku efektiivsusega<\/span><\/p>\n<p><span style=\"font-weight: 400;\">on viinud HKAL-lahenduste kasutamiseni paljudes t\u00f6\u00f6stussektorites:<\/span><\/p>\n<p><span style=\"font-weight: 400;\">-Kaevandamise ja konveierite tehnoloogia<\/span><\/p>\n<p><span style=\"font-weight: 400;\">-Masinate ja tehaste projekteerimine<\/span><\/p>\n<p><span style=\"font-weight: 400;\">-Elektrijaamade konstrueerimine<\/span><\/p>\n<p><span style=\"font-weight: 400;\">-Klappide konstrueerimine<\/span><\/p>\n<p><span style=\"font-weight: 400;\">-Teraskonstruktsioonid h\u00fcdraulika projekteerimises<\/span><\/p>\n<p><span style=\"font-weight: 400;\">-Uued energiaallikad (p\u00e4ike, vesi jne)<\/span><\/p>\n","protected":false},"featured_media":1260062108,"template":"","meta":[],"product_brand":[],"product_cat":[1303,1626],"product_tag":[],"class_list":{"0":"post-1260062103","1":"product","2":"type-product","3":"status-publish","4":"has-post-thumbnail","6":"product_cat-elektro-hudraulilised-ajamite-lahendused","7":"product_cat-elektrohudraulilised-ajamid-emg","9":"first","10":"instock","11":"shipping-taxable","12":"product-type-simple"},"yoast_head":"<!-- This site is optimized with the Yoast SEO plugin v27.1.1 - https:\/\/yoast.com\/product\/yoast-seo-wordpress\/ -->\n<title>Elektroh\u00fcdraulilised ajamid EMG - My industrial<\/title>\n<meta name=\"robots\" content=\"noindex, follow, max-snippet:-1, max-image-preview:large, max-video-preview:-1\" \/>\n<meta property=\"og:locale\" content=\"et_EE\" \/>\n<meta property=\"og:type\" content=\"article\" \/>\n<meta property=\"og:title\" content=\"Elektroh\u00fcdraulilised ajamid EMG - My industrial\" \/>\n<meta property=\"og:description\" content=\"Elektroh\u00fcdraulilised EMG ajamid  Elektroh\u00fcdraulilised EMG ajamid muundavad elektrienergia mehaaniliseks energiaks ja teostavad mehaanilist t\u00f6\u00f6d k\u00e4igu konkreetse osa ajal. Elektroh\u00fcdrauliliste t\u00f5ukurite EMG ELDRO\u00ae ja ELHY\u00ae t\u00f5estatud mitmek\u00fclgsus erinevates tegevusvaldkondades on viinud nende laialdase kasutamiseni kaevandus-, terase-, sadama- ja ehitust\u00f6\u00f6stuse rakendustes.  Elektroh\u00fcdraulilisi ajameid EMG ELDRO\u00ae ja ELHY\u00ae saab kasutada koos erinevate juhtimiselementidega, n\u00e4iteks j\u00e4rgmistes kasutusvaldkondades:  -T\u00f5ste- ja langetamismehhanismid\u00a0  -Lukustamine ja avamine koormat kinnitavate kiilude v\u00f5i kinnituskonksude nihutamise teel  -Konveierilintide puhastite langetamine  -H\u00fcdraulikapresside klapiajamid  &nbsp;  EMG HKALinear - H\u00fcdrauliline lineaarne kompaktne ajam  H\u00fcdraulilise lineaarse kompaktse ajamina on EMG v\u00e4lja t\u00f6\u00f6tanud ajamiseadme, mis \u00fchendab traditsioonid ja innovatsiooni. Selle k\u00f5rge muudetavus koos tehnilise vastupidavuse ja samaaegse majandusliku efektiivsusega  on viinud HKAL-lahenduste kasutamiseni paljudes t\u00f6\u00f6stussektorites:  -Kaevandamise ja konveierite tehnoloogia  -Masinate ja tehaste projekteerimine  -Elektrijaamade konstrueerimine  -Klappide konstrueerimine  -Teraskonstruktsioonid h\u00fcdraulika projekteerimises  -Uued energiaallikad (p\u00e4ike, vesi jne)\" \/>\n<meta property=\"og:url\" content=\"https:\/\/dev.myindustrial.eu\/et\/shop\/elektro-hudraulilised-ajamite-lahendused\/elektrohudraulilised-ajamid-emg\/electro-hydraulic-actuators-emg\/\" \/>\n<meta property=\"og:site_name\" content=\"My industrial\" \/>\n<meta property=\"article:modified_time\" content=\"2023-12-28T20:27:11+00:00\" \/>\n<meta property=\"og:image\" content=\"https:\/\/dev.myindustrial.eu\/wp-content\/uploads\/2022\/12\/csm_eldro-an-emass_web_935bb258b4-801x600-801x600.jpg\" \/>\n\t<meta property=\"og:image:width\" content=\"801\" \/>\n\t<meta property=\"og:image:height\" content=\"600\" \/>\n\t<meta property=\"og:image:type\" content=\"image\/jpeg\" \/>\n<meta name=\"twitter:card\" content=\"summary_large_image\" \/>\n<script type=\"application\/ld+json\" class=\"yoast-schema-graph\">{\"@context\":\"https:\/\/schema.org\",\"@graph\":[{\"@type\":\"WebPage\",\"@id\":\"https:\/\/dev.myindustrial.eu\/et\/shop\/elektro-hudraulilised-ajamite-lahendused\/elektrohudraulilised-ajamid-emg\/electro-hydraulic-actuators-emg\/\",\"url\":\"https:\/\/dev.myindustrial.eu\/et\/shop\/elektro-hudraulilised-ajamite-lahendused\/elektrohudraulilised-ajamid-emg\/electro-hydraulic-actuators-emg\/\",\"name\":\"Elektroh\u00fcdraulilised ajamid EMG - My industrial\",\"isPartOf\":{\"@id\":\"https:\/\/dev.myindustrial.eu\/et\/#website\"},\"primaryImageOfPage\":{\"@id\":\"https:\/\/dev.myindustrial.eu\/et\/shop\/elektro-hudraulilised-ajamite-lahendused\/elektrohudraulilised-ajamid-emg\/electro-hydraulic-actuators-emg\/#primaryimage\"},\"image\":{\"@id\":\"https:\/\/dev.myindustrial.eu\/et\/shop\/elektro-hudraulilised-ajamite-lahendused\/elektrohudraulilised-ajamid-emg\/electro-hydraulic-actuators-emg\/#primaryimage\"},\"thumbnailUrl\":\"https:\/\/dev.myindustrial.eu\/wp-content\/uploads\/2022\/12\/csm_eldro-an-emass_web_935bb258b4-801x600-801x600.jpg\",\"datePublished\":\"2022-12-12T14:59:48+00:00\",\"dateModified\":\"2023-12-28T20:27:11+00:00\",\"breadcrumb\":{\"@id\":\"https:\/\/dev.myindustrial.eu\/et\/shop\/elektro-hudraulilised-ajamite-lahendused\/elektrohudraulilised-ajamid-emg\/electro-hydraulic-actuators-emg\/#breadcrumb\"},\"inLanguage\":\"et\",\"potentialAction\":[{\"@type\":\"ReadAction\",\"target\":[\"https:\/\/dev.myindustrial.eu\/et\/shop\/elektro-hudraulilised-ajamite-lahendused\/elektrohudraulilised-ajamid-emg\/electro-hydraulic-actuators-emg\/\"]}]},{\"@type\":\"ImageObject\",\"inLanguage\":\"et\",\"@id\":\"https:\/\/dev.myindustrial.eu\/et\/shop\/elektro-hudraulilised-ajamite-lahendused\/elektrohudraulilised-ajamid-emg\/electro-hydraulic-actuators-emg\/#primaryimage\",\"url\":\"https:\/\/dev.myindustrial.eu\/wp-content\/uploads\/2022\/12\/csm_eldro-an-emass_web_935bb258b4-801x600-801x600.jpg\",\"contentUrl\":\"https:\/\/dev.myindustrial.eu\/wp-content\/uploads\/2022\/12\/csm_eldro-an-emass_web_935bb258b4-801x600-801x600.jpg\",\"width\":801,\"height\":600},{\"@type\":\"BreadcrumbList\",\"@id\":\"https:\/\/dev.myindustrial.eu\/et\/shop\/elektro-hudraulilised-ajamite-lahendused\/elektrohudraulilised-ajamid-emg\/electro-hydraulic-actuators-emg\/#breadcrumb\",\"itemListElement\":[{\"@type\":\"ListItem\",\"position\":1,\"name\":\"Home\",\"item\":\"https:\/\/dev.myindustrial.eu\/et\/\"},{\"@type\":\"ListItem\",\"position\":2,\"name\":\"Products\",\"item\":\"https:\/\/dev.myindustrial.eu\/et\/products\/\"},{\"@type\":\"ListItem\",\"position\":3,\"name\":\"Elektroh\u00fcdraulilised ajamid EMG\"}]},{\"@type\":\"WebSite\",\"@id\":\"https:\/\/dev.myindustrial.eu\/et\/#website\",\"url\":\"https:\/\/dev.myindustrial.eu\/et\/\",\"name\":\"My industrial\",\"description\":\"\",\"potentialAction\":[{\"@type\":\"SearchAction\",\"target\":{\"@type\":\"EntryPoint\",\"urlTemplate\":\"https:\/\/dev.myindustrial.eu\/et\/?s={search_term_string}\"},\"query-input\":{\"@type\":\"PropertyValueSpecification\",\"valueRequired\":true,\"valueName\":\"search_term_string\"}}],\"inLanguage\":\"et\"}]}<\/script>\n<!-- \/ Yoast SEO plugin. -->","yoast_head_json":{"title":"Elektroh\u00fcdraulilised ajamid EMG - My industrial","robots":{"index":"noindex","follow":"follow","max-snippet":"max-snippet:-1","max-image-preview":"max-image-preview:large","max-video-preview":"max-video-preview:-1"},"og_locale":"et_EE","og_type":"article","og_title":"Elektroh\u00fcdraulilised ajamid EMG - My industrial","og_description":"Elektroh\u00fcdraulilised EMG ajamid  Elektroh\u00fcdraulilised EMG ajamid muundavad elektrienergia mehaaniliseks energiaks ja teostavad mehaanilist t\u00f6\u00f6d k\u00e4igu konkreetse osa ajal. Elektroh\u00fcdrauliliste t\u00f5ukurite EMG ELDRO\u00ae ja ELHY\u00ae t\u00f5estatud mitmek\u00fclgsus erinevates tegevusvaldkondades on viinud nende laialdase kasutamiseni kaevandus-, terase-, sadama- ja ehitust\u00f6\u00f6stuse rakendustes.  Elektroh\u00fcdraulilisi ajameid EMG ELDRO\u00ae ja ELHY\u00ae saab kasutada koos erinevate juhtimiselementidega, n\u00e4iteks j\u00e4rgmistes kasutusvaldkondades:  -T\u00f5ste- ja langetamismehhanismid\u00a0  -Lukustamine ja avamine koormat kinnitavate kiilude v\u00f5i kinnituskonksude nihutamise teel  -Konveierilintide puhastite langetamine  -H\u00fcdraulikapresside klapiajamid  &nbsp;  EMG HKALinear - H\u00fcdrauliline lineaarne kompaktne ajam  H\u00fcdraulilise lineaarse kompaktse ajamina on EMG v\u00e4lja t\u00f6\u00f6tanud ajamiseadme, mis \u00fchendab traditsioonid ja innovatsiooni. Selle k\u00f5rge muudetavus koos tehnilise vastupidavuse ja samaaegse majandusliku efektiivsusega  on viinud HKAL-lahenduste kasutamiseni paljudes t\u00f6\u00f6stussektorites:  -Kaevandamise ja konveierite tehnoloogia  -Masinate ja tehaste projekteerimine  -Elektrijaamade konstrueerimine  -Klappide konstrueerimine  -Teraskonstruktsioonid h\u00fcdraulika projekteerimises  -Uued energiaallikad (p\u00e4ike, vesi jne)","og_url":"https:\/\/dev.myindustrial.eu\/et\/shop\/elektro-hudraulilised-ajamite-lahendused\/elektrohudraulilised-ajamid-emg\/electro-hydraulic-actuators-emg\/","og_site_name":"My industrial","article_modified_time":"2023-12-28T20:27:11+00:00","og_image":[{"width":801,"height":600,"url":"https:\/\/dev.myindustrial.eu\/wp-content\/uploads\/2022\/12\/csm_eldro-an-emass_web_935bb258b4-801x600-801x600.jpg","type":"image\/jpeg"}],"twitter_card":"summary_large_image","schema":{"@context":"https:\/\/schema.org","@graph":[{"@type":"WebPage","@id":"https:\/\/dev.myindustrial.eu\/et\/shop\/elektro-hudraulilised-ajamite-lahendused\/elektrohudraulilised-ajamid-emg\/electro-hydraulic-actuators-emg\/","url":"https:\/\/dev.myindustrial.eu\/et\/shop\/elektro-hudraulilised-ajamite-lahendused\/elektrohudraulilised-ajamid-emg\/electro-hydraulic-actuators-emg\/","name":"Elektroh\u00fcdraulilised ajamid EMG - My industrial","isPartOf":{"@id":"https:\/\/dev.myindustrial.eu\/et\/#website"},"primaryImageOfPage":{"@id":"https:\/\/dev.myindustrial.eu\/et\/shop\/elektro-hudraulilised-ajamite-lahendused\/elektrohudraulilised-ajamid-emg\/electro-hydraulic-actuators-emg\/#primaryimage"},"image":{"@id":"https:\/\/dev.myindustrial.eu\/et\/shop\/elektro-hudraulilised-ajamite-lahendused\/elektrohudraulilised-ajamid-emg\/electro-hydraulic-actuators-emg\/#primaryimage"},"thumbnailUrl":"https:\/\/dev.myindustrial.eu\/wp-content\/uploads\/2022\/12\/csm_eldro-an-emass_web_935bb258b4-801x600-801x600.jpg","datePublished":"2022-12-12T14:59:48+00:00","dateModified":"2023-12-28T20:27:11+00:00","breadcrumb":{"@id":"https:\/\/dev.myindustrial.eu\/et\/shop\/elektro-hudraulilised-ajamite-lahendused\/elektrohudraulilised-ajamid-emg\/electro-hydraulic-actuators-emg\/#breadcrumb"},"inLanguage":"et","potentialAction":[{"@type":"ReadAction","target":["https:\/\/dev.myindustrial.eu\/et\/shop\/elektro-hudraulilised-ajamite-lahendused\/elektrohudraulilised-ajamid-emg\/electro-hydraulic-actuators-emg\/"]}]},{"@type":"ImageObject","inLanguage":"et","@id":"https:\/\/dev.myindustrial.eu\/et\/shop\/elektro-hudraulilised-ajamite-lahendused\/elektrohudraulilised-ajamid-emg\/electro-hydraulic-actuators-emg\/#primaryimage","url":"https:\/\/dev.myindustrial.eu\/wp-content\/uploads\/2022\/12\/csm_eldro-an-emass_web_935bb258b4-801x600-801x600.jpg","contentUrl":"https:\/\/dev.myindustrial.eu\/wp-content\/uploads\/2022\/12\/csm_eldro-an-emass_web_935bb258b4-801x600-801x600.jpg","width":801,"height":600},{"@type":"BreadcrumbList","@id":"https:\/\/dev.myindustrial.eu\/et\/shop\/elektro-hudraulilised-ajamite-lahendused\/elektrohudraulilised-ajamid-emg\/electro-hydraulic-actuators-emg\/#breadcrumb","itemListElement":[{"@type":"ListItem","position":1,"name":"Home","item":"https:\/\/dev.myindustrial.eu\/et\/"},{"@type":"ListItem","position":2,"name":"Products","item":"https:\/\/dev.myindustrial.eu\/et\/products\/"},{"@type":"ListItem","position":3,"name":"Elektroh\u00fcdraulilised ajamid EMG"}]},{"@type":"WebSite","@id":"https:\/\/dev.myindustrial.eu\/et\/#website","url":"https:\/\/dev.myindustrial.eu\/et\/","name":"My industrial","description":"","potentialAction":[{"@type":"SearchAction","target":{"@type":"EntryPoint","urlTemplate":"https:\/\/dev.myindustrial.eu\/et\/?s={search_term_string}"},"query-input":{"@type":"PropertyValueSpecification","valueRequired":true,"valueName":"search_term_string"}}],"inLanguage":"et"}]}},"_links":{"self":[{"href":"https:\/\/dev.myindustrial.eu\/et\/wp-json\/wp\/v2\/product\/1260062103","targetHints":{"allow":["GET"]}}],"collection":[{"href":"https:\/\/dev.myindustrial.eu\/et\/wp-json\/wp\/v2\/product"}],"about":[{"href":"https:\/\/dev.myindustrial.eu\/et\/wp-json\/wp\/v2\/types\/product"}],"version-history":[{"count":0,"href":"https:\/\/dev.myindustrial.eu\/et\/wp-json\/wp\/v2\/product\/1260062103\/revisions"}],"wp:featuredmedia":[{"embeddable":true,"href":"https:\/\/dev.myindustrial.eu\/et\/wp-json\/wp\/v2\/media\/1260062108"}],"wp:attachment":[{"href":"https:\/\/dev.myindustrial.eu\/et\/wp-json\/wp\/v2\/media?parent=1260062103"}],"wp:term":[{"taxonomy":"product_brand","embeddable":true,"href":"https:\/\/dev.myindustrial.eu\/et\/wp-json\/wp\/v2\/product_brand?post=1260062103"},{"taxonomy":"product_cat","embeddable":true,"href":"https:\/\/dev.myindustrial.eu\/et\/wp-json\/wp\/v2\/product_cat?post=1260062103"},{"taxonomy":"product_tag","embeddable":true,"href":"https:\/\/dev.myindustrial.eu\/et\/wp-json\/wp\/v2\/product_tag?post=1260062103"}],"curies":[{"name":"wp","href":"https:\/\/api.w.org\/{rel}","templated":true}]}}