{"id":1260062791,"date":"2022-12-14T13:34:01","date_gmt":"2022-12-14T13:34:01","guid":{"rendered":"https:\/\/dev.myindustrial.eu\/shop\/maaratlemata\/altman-electrical-electronic-projects\/"},"modified":"2023-06-16T19:55:44","modified_gmt":"2023-06-16T19:55:44","slug":"altmann-potentsiomeetrite-rakendamine","status":"publish","type":"product","link":"https:\/\/dev.myindustrial.eu\/et\/shop\/potentsiomeetrid-ja-andurid\/kohandatud-lahendused-altmann\/altmann-potentsiomeetrite-rakendamine\/","title":{"rendered":"Altmann potentsiomeetrite rakendamine"},"content":{"rendered":"","protected":false},"excerpt":{"rendered":"<p><span style=\"font-weight: 400;\">Teie vajadustele vastavate kohanduse tegemise t\u00f5ttu v\u00f5ime \u00f6elda, et \u201eEritellimuste teostamine on meie tugevus!\u201c<\/span><\/p>\n<p>&nbsp;<\/p>\n<p><span style=\"font-weight: 400;\">K\u00f5iki meie standardtooteid saab eraldi muuta: Alates standardist kuni kohandamiseni &#8211; see on \u00fcks meie silmapaistvamatest tugevustest. K\u00f5ik on v\u00f5imalik alates seeriatootmisest kuni \u00fcksikute osade tootmiseni.<\/span><\/p>\n<p><span style=\"font-weight: 400;\">Selles jaotises tutvustame teile potentsiomeetrite ja nende rakendusalade kasutusv\u00f5imalusi.<\/span><\/p>\n","protected":false},"featured_media":1260061729,"template":"","meta":[],"product_brand":[],"product_cat":[1283,1634],"product_tag":[],"class_list":{"0":"post-1260062791","1":"product","2":"type-product","3":"status-publish","4":"has-post-thumbnail","6":"product_cat-potentsiomeetrid-ja-andurid","7":"product_cat-kohandatud-lahendused-altmann","9":"first","10":"instock","11":"shipping-taxable","12":"product-type-simple"},"yoast_head":"<!-- This site is optimized with the Yoast SEO plugin v27.1.1 - https:\/\/yoast.com\/product\/yoast-seo-wordpress\/ -->\n<title>Altmann potentsiomeetrite rakendamine - My industrial<\/title>\n<meta name=\"robots\" content=\"noindex, follow, max-snippet:-1, max-image-preview:large, max-video-preview:-1\" \/>\n<meta property=\"og:locale\" content=\"et_EE\" \/>\n<meta property=\"og:type\" content=\"article\" \/>\n<meta property=\"og:title\" content=\"Altmann potentsiomeetrite rakendamine - My industrial\" \/>\n<meta property=\"og:description\" content=\"Teie vajadustele vastavate kohanduse tegemise t\u00f5ttu v\u00f5ime \u00f6elda, et \u201eEritellimuste teostamine on meie tugevus!\u201c  &nbsp;  K\u00f5iki meie standardtooteid saab eraldi muuta: Alates standardist kuni kohandamiseni - see on \u00fcks meie silmapaistvamatest tugevustest. K\u00f5ik on v\u00f5imalik alates seeriatootmisest kuni \u00fcksikute osade tootmiseni.  Selles jaotises tutvustame teile potentsiomeetrite ja nende rakendusalade kasutusv\u00f5imalusi.\" \/>\n<meta property=\"og:url\" content=\"https:\/\/dev.myindustrial.eu\/et\/shop\/potentsiomeetrid-ja-andurid\/kohandatud-lahendused-altmann\/altmann-potentsiomeetrite-rakendamine\/\" \/>\n<meta property=\"og:site_name\" content=\"My industrial\" \/>\n<meta property=\"article:modified_time\" content=\"2023-06-16T19:55:44+00:00\" \/>\n<meta property=\"og:image\" content=\"https:\/\/dev.myindustrial.eu\/wp-content\/uploads\/2022\/11\/altmann-logo-small-pic.webp\" \/>\n\t<meta property=\"og:image:width\" content=\"800\" \/>\n\t<meta property=\"og:image:height\" content=\"800\" \/>\n\t<meta property=\"og:image:type\" content=\"image\/webp\" \/>\n<meta name=\"twitter:card\" content=\"summary_large_image\" \/>\n<script type=\"application\/ld+json\" class=\"yoast-schema-graph\">{\"@context\":\"https:\/\/schema.org\",\"@graph\":[{\"@type\":\"WebPage\",\"@id\":\"https:\/\/dev.myindustrial.eu\/et\/shop\/potentsiomeetrid-ja-andurid\/kohandatud-lahendused-altmann\/altmann-potentsiomeetrite-rakendamine\/\",\"url\":\"https:\/\/dev.myindustrial.eu\/et\/shop\/potentsiomeetrid-ja-andurid\/kohandatud-lahendused-altmann\/altmann-potentsiomeetrite-rakendamine\/\",\"name\":\"Altmann potentsiomeetrite rakendamine - My industrial\",\"isPartOf\":{\"@id\":\"https:\/\/dev.myindustrial.eu\/et\/#website\"},\"primaryImageOfPage\":{\"@id\":\"https:\/\/dev.myindustrial.eu\/et\/shop\/potentsiomeetrid-ja-andurid\/kohandatud-lahendused-altmann\/altmann-potentsiomeetrite-rakendamine\/#primaryimage\"},\"image\":{\"@id\":\"https:\/\/dev.myindustrial.eu\/et\/shop\/potentsiomeetrid-ja-andurid\/kohandatud-lahendused-altmann\/altmann-potentsiomeetrite-rakendamine\/#primaryimage\"},\"thumbnailUrl\":\"https:\/\/dev.myindustrial.eu\/wp-content\/uploads\/2022\/11\/altmann-logo-small-pic.webp\",\"datePublished\":\"2022-12-14T13:34:01+00:00\",\"dateModified\":\"2023-06-16T19:55:44+00:00\",\"breadcrumb\":{\"@id\":\"https:\/\/dev.myindustrial.eu\/et\/shop\/potentsiomeetrid-ja-andurid\/kohandatud-lahendused-altmann\/altmann-potentsiomeetrite-rakendamine\/#breadcrumb\"},\"inLanguage\":\"et\",\"potentialAction\":[{\"@type\":\"ReadAction\",\"target\":[\"https:\/\/dev.myindustrial.eu\/et\/shop\/potentsiomeetrid-ja-andurid\/kohandatud-lahendused-altmann\/altmann-potentsiomeetrite-rakendamine\/\"]}]},{\"@type\":\"ImageObject\",\"inLanguage\":\"et\",\"@id\":\"https:\/\/dev.myindustrial.eu\/et\/shop\/potentsiomeetrid-ja-andurid\/kohandatud-lahendused-altmann\/altmann-potentsiomeetrite-rakendamine\/#primaryimage\",\"url\":\"https:\/\/dev.myindustrial.eu\/wp-content\/uploads\/2022\/11\/altmann-logo-small-pic.webp\",\"contentUrl\":\"https:\/\/dev.myindustrial.eu\/wp-content\/uploads\/2022\/11\/altmann-logo-small-pic.webp\",\"width\":800,\"height\":800},{\"@type\":\"BreadcrumbList\",\"@id\":\"https:\/\/dev.myindustrial.eu\/et\/shop\/potentsiomeetrid-ja-andurid\/kohandatud-lahendused-altmann\/altmann-potentsiomeetrite-rakendamine\/#breadcrumb\",\"itemListElement\":[{\"@type\":\"ListItem\",\"position\":1,\"name\":\"Home\",\"item\":\"https:\/\/dev.myindustrial.eu\/et\/\"},{\"@type\":\"ListItem\",\"position\":2,\"name\":\"Products\",\"item\":\"https:\/\/dev.myindustrial.eu\/et\/products\/\"},{\"@type\":\"ListItem\",\"position\":3,\"name\":\"Altmann potentsiomeetrite rakendamine\"}]},{\"@type\":\"WebSite\",\"@id\":\"https:\/\/dev.myindustrial.eu\/et\/#website\",\"url\":\"https:\/\/dev.myindustrial.eu\/et\/\",\"name\":\"My industrial\",\"description\":\"\",\"potentialAction\":[{\"@type\":\"SearchAction\",\"target\":{\"@type\":\"EntryPoint\",\"urlTemplate\":\"https:\/\/dev.myindustrial.eu\/et\/?s={search_term_string}\"},\"query-input\":{\"@type\":\"PropertyValueSpecification\",\"valueRequired\":true,\"valueName\":\"search_term_string\"}}],\"inLanguage\":\"et\"}]}<\/script>\n<!-- \/ Yoast SEO plugin. -->","yoast_head_json":{"title":"Altmann potentsiomeetrite rakendamine - My industrial","robots":{"index":"noindex","follow":"follow","max-snippet":"max-snippet:-1","max-image-preview":"max-image-preview:large","max-video-preview":"max-video-preview:-1"},"og_locale":"et_EE","og_type":"article","og_title":"Altmann potentsiomeetrite rakendamine - My industrial","og_description":"Teie vajadustele vastavate kohanduse tegemise t\u00f5ttu v\u00f5ime \u00f6elda, et \u201eEritellimuste teostamine on meie tugevus!\u201c  &nbsp;  K\u00f5iki meie standardtooteid saab eraldi muuta: Alates standardist kuni kohandamiseni - see on \u00fcks meie silmapaistvamatest tugevustest. K\u00f5ik on v\u00f5imalik alates seeriatootmisest kuni \u00fcksikute osade tootmiseni.  Selles jaotises tutvustame teile potentsiomeetrite ja nende rakendusalade kasutusv\u00f5imalusi.","og_url":"https:\/\/dev.myindustrial.eu\/et\/shop\/potentsiomeetrid-ja-andurid\/kohandatud-lahendused-altmann\/altmann-potentsiomeetrite-rakendamine\/","og_site_name":"My industrial","article_modified_time":"2023-06-16T19:55:44+00:00","og_image":[{"width":800,"height":800,"url":"https:\/\/dev.myindustrial.eu\/wp-content\/uploads\/2022\/11\/altmann-logo-small-pic.webp","type":"image\/webp"}],"twitter_card":"summary_large_image","schema":{"@context":"https:\/\/schema.org","@graph":[{"@type":"WebPage","@id":"https:\/\/dev.myindustrial.eu\/et\/shop\/potentsiomeetrid-ja-andurid\/kohandatud-lahendused-altmann\/altmann-potentsiomeetrite-rakendamine\/","url":"https:\/\/dev.myindustrial.eu\/et\/shop\/potentsiomeetrid-ja-andurid\/kohandatud-lahendused-altmann\/altmann-potentsiomeetrite-rakendamine\/","name":"Altmann potentsiomeetrite rakendamine - My industrial","isPartOf":{"@id":"https:\/\/dev.myindustrial.eu\/et\/#website"},"primaryImageOfPage":{"@id":"https:\/\/dev.myindustrial.eu\/et\/shop\/potentsiomeetrid-ja-andurid\/kohandatud-lahendused-altmann\/altmann-potentsiomeetrite-rakendamine\/#primaryimage"},"image":{"@id":"https:\/\/dev.myindustrial.eu\/et\/shop\/potentsiomeetrid-ja-andurid\/kohandatud-lahendused-altmann\/altmann-potentsiomeetrite-rakendamine\/#primaryimage"},"thumbnailUrl":"https:\/\/dev.myindustrial.eu\/wp-content\/uploads\/2022\/11\/altmann-logo-small-pic.webp","datePublished":"2022-12-14T13:34:01+00:00","dateModified":"2023-06-16T19:55:44+00:00","breadcrumb":{"@id":"https:\/\/dev.myindustrial.eu\/et\/shop\/potentsiomeetrid-ja-andurid\/kohandatud-lahendused-altmann\/altmann-potentsiomeetrite-rakendamine\/#breadcrumb"},"inLanguage":"et","potentialAction":[{"@type":"ReadAction","target":["https:\/\/dev.myindustrial.eu\/et\/shop\/potentsiomeetrid-ja-andurid\/kohandatud-lahendused-altmann\/altmann-potentsiomeetrite-rakendamine\/"]}]},{"@type":"ImageObject","inLanguage":"et","@id":"https:\/\/dev.myindustrial.eu\/et\/shop\/potentsiomeetrid-ja-andurid\/kohandatud-lahendused-altmann\/altmann-potentsiomeetrite-rakendamine\/#primaryimage","url":"https:\/\/dev.myindustrial.eu\/wp-content\/uploads\/2022\/11\/altmann-logo-small-pic.webp","contentUrl":"https:\/\/dev.myindustrial.eu\/wp-content\/uploads\/2022\/11\/altmann-logo-small-pic.webp","width":800,"height":800},{"@type":"BreadcrumbList","@id":"https:\/\/dev.myindustrial.eu\/et\/shop\/potentsiomeetrid-ja-andurid\/kohandatud-lahendused-altmann\/altmann-potentsiomeetrite-rakendamine\/#breadcrumb","itemListElement":[{"@type":"ListItem","position":1,"name":"Home","item":"https:\/\/dev.myindustrial.eu\/et\/"},{"@type":"ListItem","position":2,"name":"Products","item":"https:\/\/dev.myindustrial.eu\/et\/products\/"},{"@type":"ListItem","position":3,"name":"Altmann potentsiomeetrite rakendamine"}]},{"@type":"WebSite","@id":"https:\/\/dev.myindustrial.eu\/et\/#website","url":"https:\/\/dev.myindustrial.eu\/et\/","name":"My industrial","description":"","potentialAction":[{"@type":"SearchAction","target":{"@type":"EntryPoint","urlTemplate":"https:\/\/dev.myindustrial.eu\/et\/?s={search_term_string}"},"query-input":{"@type":"PropertyValueSpecification","valueRequired":true,"valueName":"search_term_string"}}],"inLanguage":"et"}]}},"_links":{"self":[{"href":"https:\/\/dev.myindustrial.eu\/et\/wp-json\/wp\/v2\/product\/1260062791","targetHints":{"allow":["GET"]}}],"collection":[{"href":"https:\/\/dev.myindustrial.eu\/et\/wp-json\/wp\/v2\/product"}],"about":[{"href":"https:\/\/dev.myindustrial.eu\/et\/wp-json\/wp\/v2\/types\/product"}],"version-history":[{"count":0,"href":"https:\/\/dev.myindustrial.eu\/et\/wp-json\/wp\/v2\/product\/1260062791\/revisions"}],"wp:featuredmedia":[{"embeddable":true,"href":"https:\/\/dev.myindustrial.eu\/et\/wp-json\/wp\/v2\/media\/1260061729"}],"wp:attachment":[{"href":"https:\/\/dev.myindustrial.eu\/et\/wp-json\/wp\/v2\/media?parent=1260062791"}],"wp:term":[{"taxonomy":"product_brand","embeddable":true,"href":"https:\/\/dev.myindustrial.eu\/et\/wp-json\/wp\/v2\/product_brand?post=1260062791"},{"taxonomy":"product_cat","embeddable":true,"href":"https:\/\/dev.myindustrial.eu\/et\/wp-json\/wp\/v2\/product_cat?post=1260062791"},{"taxonomy":"product_tag","embeddable":true,"href":"https:\/\/dev.myindustrial.eu\/et\/wp-json\/wp\/v2\/product_tag?post=1260062791"}],"curies":[{"name":"wp","href":"https:\/\/api.w.org\/{rel}","templated":true}]}}