{"id":1260062795,"date":"2022-11-21T14:18:16","date_gmt":"2022-11-21T14:18:16","guid":{"rendered":"https:\/\/dev.myindustrial.eu\/shop\/maaratlemata\/altman-potentiometer-with-special-adaptors\/"},"modified":"2023-06-16T19:56:01","modified_gmt":"2023-06-16T19:56:01","slug":"altman-potentsiomeeter-spetsiaalsete-adapteritega","status":"publish","type":"product","link":"https:\/\/dev.myindustrial.eu\/et\/shop\/potentsiomeetrid-ja-andurid\/kohandatud-lahendused-altmann\/altman-potentsiomeeter-spetsiaalsete-adapteritega\/","title":{"rendered":"Altmann potentsiomeeter spetsiaalsete adapteritega"},"content":{"rendered":"<p><b>Standardsest spetsialiseeritud\/kohandatud t\u00e4psuseni<\/b>Meie standardne tooteprogramm sisaldab kliendispetsiifilisi individuaalseid ja erilahendusi, keskendudes kvaliteediga sobivale kulusuhtele. S\u00f5ltuvalt teie vajadustest pakume t\u00e4ielikku arendusprotsessi. Toote kohandamine nii elektriliselt kui ka mehaaniliselt n\u00f5uab l\u00f5pptoote p\u00f5hjalikku uurimist. Edastage meile oma rakenduse n\u00f5uded ning me loome teile sobiva toote.Koostame \u00fcheskoos individuaalsed lahendused kas toote viimistlusega v\u00f5i ilma, vastavalt teie soovile. Pakume teostatavusuuringuid, arendustegevusi ja projekti planeerimist ning n\u00e4idisosade ja -seeriate katsetamist. Seisame alates projekti planeerimisest kuni seeriatootmise alguseni alati teie k\u00f5rval.<b><a href=\"https:\/\/dev.myindustrial.eu\/wp-content\/uploads\/2022\/11\/low-torque-resistors.png\"><img fetchpriority=\"high\" decoding=\"async\" class=\"alignnone wp-image-1260061692\" src=\"https:\/\/dev.myindustrial.eu\/wp-content\/uploads\/2022\/11\/low-torque-resistors.png\" alt=\"\" width=\"226\" height=\"227\" \/><\/a><\/b><b>Oma t\u00f6\u00f6riistade valmistamine, vormide kujundamine ja konstrueerimine<\/b>Meil on t\u00f6\u00f6riistade valmistamise vahendid, seadmed, vormid ja stantsid, mis on meie eeltootmise aluseks. Eeltootmine h\u00f5lmab lisaks peenmehaanilisele metallit\u00f6\u00f6tlusele ka survevaluvormide tootmist. Soovi korral valmivad protot\u00fc\u00fcbid ja eelseeriad otse ja kiiresti meie tehases. Muutmise taotlusi saab kohe realiseerida.<b><a href=\"https:\/\/dev.myindustrial.eu\/wp-content\/uploads\/2022\/11\/profi-adapter2-1.png\"><img decoding=\"async\" class=\"alignnone wp-image-1260061672\" src=\"https:\/\/dev.myindustrial.eu\/wp-content\/uploads\/2022\/11\/profi-adapter2-1.png\" alt=\"\" width=\"171\" height=\"155\" \/><\/a><\/b><b>Arendus ja tootmine meie tehases<\/b>K\u00f5ik etapid alates esimesest kontaktist alustatud toote arendamisest kuni seeriatootmise alguseni toimuvad meie ettev\u00f5ttes. K\u00f5iki toiminguid teostatakse optimeeritud protsessidega. See s\u00e4\u00e4stab aega ning teil on ainult \u00fcks kontaktisik, kes hoolitseb k\u00f5ikide probleemide lahendamise eest.&nbsp;<b><a href=\"https:\/\/dev.myindustrial.eu\/wp-content\/uploads\/2022\/11\/low-torque-resistors1-348x435.jpg\"><img decoding=\"async\" class=\"alignnone wp-image-1260061697\" src=\"https:\/\/dev.myindustrial.eu\/wp-content\/uploads\/2022\/11\/low-torque-resistors1-348x435.jpg\" alt=\"\" width=\"201\" height=\"251\" \/><\/a><\/b><\/p>\n","protected":false},"excerpt":{"rendered":"<p>Standardsest spetsialiseeritud\/kohandatud t\u00e4psuseniMeie standardne tooteprogramm sisaldab kliendispetsiifilisi individuaalseid ja erilahendusi, keskendudes kvaliteediga sobivale kulusuhtele. S\u00f5ltuvalt teie vajadustest pakume t\u00e4ielikku arendusprotsessi.<\/p>\n","protected":false},"featured_media":1260061729,"template":"","meta":[],"product_brand":[],"product_cat":[1283,1634],"product_tag":[],"class_list":{"0":"post-1260062795","1":"product","2":"type-product","3":"status-publish","4":"has-post-thumbnail","6":"product_cat-potentsiomeetrid-ja-andurid","7":"product_cat-kohandatud-lahendused-altmann","9":"first","10":"instock","11":"shipping-taxable","12":"product-type-simple"},"yoast_head":"<!-- This site is optimized with the Yoast SEO plugin v27.1.1 - https:\/\/yoast.com\/product\/yoast-seo-wordpress\/ -->\n<title>Altmann potentsiomeeter spetsiaalsete adapteritega - My industrial<\/title>\n<meta name=\"robots\" content=\"noindex, follow, max-snippet:-1, max-image-preview:large, max-video-preview:-1\" \/>\n<meta property=\"og:locale\" content=\"et_EE\" \/>\n<meta property=\"og:type\" content=\"article\" \/>\n<meta property=\"og:title\" content=\"Altmann potentsiomeeter spetsiaalsete adapteritega - My industrial\" \/>\n<meta property=\"og:description\" content=\"Standardsest spetsialiseeritud\/kohandatud t\u00e4psuseniMeie standardne tooteprogramm sisaldab kliendispetsiifilisi individuaalseid ja erilahendusi, keskendudes kvaliteediga sobivale kulusuhtele. S\u00f5ltuvalt teie vajadustest pakume t\u00e4ielikku arendusprotsessi.\" \/>\n<meta property=\"og:url\" content=\"https:\/\/dev.myindustrial.eu\/et\/shop\/potentsiomeetrid-ja-andurid\/kohandatud-lahendused-altmann\/altman-potentsiomeeter-spetsiaalsete-adapteritega\/\" \/>\n<meta property=\"og:site_name\" content=\"My industrial\" \/>\n<meta property=\"article:modified_time\" content=\"2023-06-16T19:56:01+00:00\" \/>\n<meta property=\"og:image\" content=\"https:\/\/dev.myindustrial.eu\/wp-content\/uploads\/2022\/11\/altmann-logo-small-pic.webp\" \/>\n\t<meta property=\"og:image:width\" content=\"800\" \/>\n\t<meta property=\"og:image:height\" content=\"800\" \/>\n\t<meta property=\"og:image:type\" content=\"image\/webp\" \/>\n<meta name=\"twitter:card\" content=\"summary_large_image\" \/>\n<script type=\"application\/ld+json\" class=\"yoast-schema-graph\">{\"@context\":\"https:\/\/schema.org\",\"@graph\":[{\"@type\":\"WebPage\",\"@id\":\"https:\/\/dev.myindustrial.eu\/et\/shop\/potentsiomeetrid-ja-andurid\/kohandatud-lahendused-altmann\/altman-potentsiomeeter-spetsiaalsete-adapteritega\/\",\"url\":\"https:\/\/dev.myindustrial.eu\/et\/shop\/potentsiomeetrid-ja-andurid\/kohandatud-lahendused-altmann\/altman-potentsiomeeter-spetsiaalsete-adapteritega\/\",\"name\":\"Altmann potentsiomeeter spetsiaalsete adapteritega - My industrial\",\"isPartOf\":{\"@id\":\"https:\/\/dev.myindustrial.eu\/et\/#website\"},\"primaryImageOfPage\":{\"@id\":\"https:\/\/dev.myindustrial.eu\/et\/shop\/potentsiomeetrid-ja-andurid\/kohandatud-lahendused-altmann\/altman-potentsiomeeter-spetsiaalsete-adapteritega\/#primaryimage\"},\"image\":{\"@id\":\"https:\/\/dev.myindustrial.eu\/et\/shop\/potentsiomeetrid-ja-andurid\/kohandatud-lahendused-altmann\/altman-potentsiomeeter-spetsiaalsete-adapteritega\/#primaryimage\"},\"thumbnailUrl\":\"https:\/\/dev.myindustrial.eu\/wp-content\/uploads\/2022\/11\/altmann-logo-small-pic.webp\",\"datePublished\":\"2022-11-21T14:18:16+00:00\",\"dateModified\":\"2023-06-16T19:56:01+00:00\",\"breadcrumb\":{\"@id\":\"https:\/\/dev.myindustrial.eu\/et\/shop\/potentsiomeetrid-ja-andurid\/kohandatud-lahendused-altmann\/altman-potentsiomeeter-spetsiaalsete-adapteritega\/#breadcrumb\"},\"inLanguage\":\"et\",\"potentialAction\":[{\"@type\":\"ReadAction\",\"target\":[\"https:\/\/dev.myindustrial.eu\/et\/shop\/potentsiomeetrid-ja-andurid\/kohandatud-lahendused-altmann\/altman-potentsiomeeter-spetsiaalsete-adapteritega\/\"]}]},{\"@type\":\"ImageObject\",\"inLanguage\":\"et\",\"@id\":\"https:\/\/dev.myindustrial.eu\/et\/shop\/potentsiomeetrid-ja-andurid\/kohandatud-lahendused-altmann\/altman-potentsiomeeter-spetsiaalsete-adapteritega\/#primaryimage\",\"url\":\"https:\/\/dev.myindustrial.eu\/wp-content\/uploads\/2022\/11\/altmann-logo-small-pic.webp\",\"contentUrl\":\"https:\/\/dev.myindustrial.eu\/wp-content\/uploads\/2022\/11\/altmann-logo-small-pic.webp\",\"width\":800,\"height\":800},{\"@type\":\"BreadcrumbList\",\"@id\":\"https:\/\/dev.myindustrial.eu\/et\/shop\/potentsiomeetrid-ja-andurid\/kohandatud-lahendused-altmann\/altman-potentsiomeeter-spetsiaalsete-adapteritega\/#breadcrumb\",\"itemListElement\":[{\"@type\":\"ListItem\",\"position\":1,\"name\":\"Home\",\"item\":\"https:\/\/dev.myindustrial.eu\/et\/\"},{\"@type\":\"ListItem\",\"position\":2,\"name\":\"Products\",\"item\":\"https:\/\/dev.myindustrial.eu\/et\/products\/\"},{\"@type\":\"ListItem\",\"position\":3,\"name\":\"Altmann potentsiomeeter spetsiaalsete adapteritega\"}]},{\"@type\":\"WebSite\",\"@id\":\"https:\/\/dev.myindustrial.eu\/et\/#website\",\"url\":\"https:\/\/dev.myindustrial.eu\/et\/\",\"name\":\"My industrial\",\"description\":\"\",\"potentialAction\":[{\"@type\":\"SearchAction\",\"target\":{\"@type\":\"EntryPoint\",\"urlTemplate\":\"https:\/\/dev.myindustrial.eu\/et\/?s={search_term_string}\"},\"query-input\":{\"@type\":\"PropertyValueSpecification\",\"valueRequired\":true,\"valueName\":\"search_term_string\"}}],\"inLanguage\":\"et\"}]}<\/script>\n<!-- \/ Yoast SEO plugin. -->","yoast_head_json":{"title":"Altmann potentsiomeeter spetsiaalsete adapteritega - My industrial","robots":{"index":"noindex","follow":"follow","max-snippet":"max-snippet:-1","max-image-preview":"max-image-preview:large","max-video-preview":"max-video-preview:-1"},"og_locale":"et_EE","og_type":"article","og_title":"Altmann potentsiomeeter spetsiaalsete adapteritega - My industrial","og_description":"Standardsest spetsialiseeritud\/kohandatud t\u00e4psuseniMeie standardne tooteprogramm sisaldab kliendispetsiifilisi individuaalseid ja erilahendusi, keskendudes kvaliteediga sobivale kulusuhtele. S\u00f5ltuvalt teie vajadustest pakume t\u00e4ielikku arendusprotsessi.","og_url":"https:\/\/dev.myindustrial.eu\/et\/shop\/potentsiomeetrid-ja-andurid\/kohandatud-lahendused-altmann\/altman-potentsiomeeter-spetsiaalsete-adapteritega\/","og_site_name":"My industrial","article_modified_time":"2023-06-16T19:56:01+00:00","og_image":[{"width":800,"height":800,"url":"https:\/\/dev.myindustrial.eu\/wp-content\/uploads\/2022\/11\/altmann-logo-small-pic.webp","type":"image\/webp"}],"twitter_card":"summary_large_image","schema":{"@context":"https:\/\/schema.org","@graph":[{"@type":"WebPage","@id":"https:\/\/dev.myindustrial.eu\/et\/shop\/potentsiomeetrid-ja-andurid\/kohandatud-lahendused-altmann\/altman-potentsiomeeter-spetsiaalsete-adapteritega\/","url":"https:\/\/dev.myindustrial.eu\/et\/shop\/potentsiomeetrid-ja-andurid\/kohandatud-lahendused-altmann\/altman-potentsiomeeter-spetsiaalsete-adapteritega\/","name":"Altmann potentsiomeeter spetsiaalsete adapteritega - My industrial","isPartOf":{"@id":"https:\/\/dev.myindustrial.eu\/et\/#website"},"primaryImageOfPage":{"@id":"https:\/\/dev.myindustrial.eu\/et\/shop\/potentsiomeetrid-ja-andurid\/kohandatud-lahendused-altmann\/altman-potentsiomeeter-spetsiaalsete-adapteritega\/#primaryimage"},"image":{"@id":"https:\/\/dev.myindustrial.eu\/et\/shop\/potentsiomeetrid-ja-andurid\/kohandatud-lahendused-altmann\/altman-potentsiomeeter-spetsiaalsete-adapteritega\/#primaryimage"},"thumbnailUrl":"https:\/\/dev.myindustrial.eu\/wp-content\/uploads\/2022\/11\/altmann-logo-small-pic.webp","datePublished":"2022-11-21T14:18:16+00:00","dateModified":"2023-06-16T19:56:01+00:00","breadcrumb":{"@id":"https:\/\/dev.myindustrial.eu\/et\/shop\/potentsiomeetrid-ja-andurid\/kohandatud-lahendused-altmann\/altman-potentsiomeeter-spetsiaalsete-adapteritega\/#breadcrumb"},"inLanguage":"et","potentialAction":[{"@type":"ReadAction","target":["https:\/\/dev.myindustrial.eu\/et\/shop\/potentsiomeetrid-ja-andurid\/kohandatud-lahendused-altmann\/altman-potentsiomeeter-spetsiaalsete-adapteritega\/"]}]},{"@type":"ImageObject","inLanguage":"et","@id":"https:\/\/dev.myindustrial.eu\/et\/shop\/potentsiomeetrid-ja-andurid\/kohandatud-lahendused-altmann\/altman-potentsiomeeter-spetsiaalsete-adapteritega\/#primaryimage","url":"https:\/\/dev.myindustrial.eu\/wp-content\/uploads\/2022\/11\/altmann-logo-small-pic.webp","contentUrl":"https:\/\/dev.myindustrial.eu\/wp-content\/uploads\/2022\/11\/altmann-logo-small-pic.webp","width":800,"height":800},{"@type":"BreadcrumbList","@id":"https:\/\/dev.myindustrial.eu\/et\/shop\/potentsiomeetrid-ja-andurid\/kohandatud-lahendused-altmann\/altman-potentsiomeeter-spetsiaalsete-adapteritega\/#breadcrumb","itemListElement":[{"@type":"ListItem","position":1,"name":"Home","item":"https:\/\/dev.myindustrial.eu\/et\/"},{"@type":"ListItem","position":2,"name":"Products","item":"https:\/\/dev.myindustrial.eu\/et\/products\/"},{"@type":"ListItem","position":3,"name":"Altmann potentsiomeeter spetsiaalsete adapteritega"}]},{"@type":"WebSite","@id":"https:\/\/dev.myindustrial.eu\/et\/#website","url":"https:\/\/dev.myindustrial.eu\/et\/","name":"My industrial","description":"","potentialAction":[{"@type":"SearchAction","target":{"@type":"EntryPoint","urlTemplate":"https:\/\/dev.myindustrial.eu\/et\/?s={search_term_string}"},"query-input":{"@type":"PropertyValueSpecification","valueRequired":true,"valueName":"search_term_string"}}],"inLanguage":"et"}]}},"_links":{"self":[{"href":"https:\/\/dev.myindustrial.eu\/et\/wp-json\/wp\/v2\/product\/1260062795","targetHints":{"allow":["GET"]}}],"collection":[{"href":"https:\/\/dev.myindustrial.eu\/et\/wp-json\/wp\/v2\/product"}],"about":[{"href":"https:\/\/dev.myindustrial.eu\/et\/wp-json\/wp\/v2\/types\/product"}],"version-history":[{"count":1,"href":"https:\/\/dev.myindustrial.eu\/et\/wp-json\/wp\/v2\/product\/1260062795\/revisions"}],"predecessor-version":[{"id":1260063019,"href":"https:\/\/dev.myindustrial.eu\/et\/wp-json\/wp\/v2\/product\/1260062795\/revisions\/1260063019"}],"wp:featuredmedia":[{"embeddable":true,"href":"https:\/\/dev.myindustrial.eu\/et\/wp-json\/wp\/v2\/media\/1260061729"}],"wp:attachment":[{"href":"https:\/\/dev.myindustrial.eu\/et\/wp-json\/wp\/v2\/media?parent=1260062795"}],"wp:term":[{"taxonomy":"product_brand","embeddable":true,"href":"https:\/\/dev.myindustrial.eu\/et\/wp-json\/wp\/v2\/product_brand?post=1260062795"},{"taxonomy":"product_cat","embeddable":true,"href":"https:\/\/dev.myindustrial.eu\/et\/wp-json\/wp\/v2\/product_cat?post=1260062795"},{"taxonomy":"product_tag","embeddable":true,"href":"https:\/\/dev.myindustrial.eu\/et\/wp-json\/wp\/v2\/product_tag?post=1260062795"}],"curies":[{"name":"wp","href":"https:\/\/api.w.org\/{rel}","templated":true}]}}