{"id":1260062796,"date":"2022-12-14T14:30:07","date_gmt":"2022-12-14T14:30:07","guid":{"rendered":"https:\/\/dev.myindustrial.eu\/shop\/maaratlemata\/sibre-individual-based-on-clint-drawings\/"},"modified":"2023-06-16T19:55:36","modified_gmt":"2023-06-16T19:55:36","slug":"sibre-individuaalsed-lahendused-vastavalt-kliendi-joonistele","status":"publish","type":"product","link":"https:\/\/dev.myindustrial.eu\/et\/shop\/toostuslikud-pidurisusteemid-ja-ajami-seiskamise-komponendid\/sibre-individuaalsed-lahendused-vastavalt-kliendi-joonistele\/","title":{"rendered":"SIBRE &#8211; individuaalsed lahendused vastavalt kliendi joonistele"},"content":{"rendered":"<p><b>Piduri- ja ajamis\u00fcsteemide toodete kontseptsioon ja projekteerimine<\/b><span style=\"font-weight: 400\">Ideede ja kontseptsioonide rakendamine kuulub d\u00fcnaamilise inseneride meeskonna valdkonda. Meie toodete \u00fcmberkonstrueerimine on sama oluline kui uute kontseptsioonide loomine. K\u00f5ige kaasaegsema riist- ja tarkvara kasutamise t\u00f5ttu on inseneride meeskond muutnud l\u00e4biproovitud ja reaalselt toimiva valiku t\u00f5husamaks ja hoolduss\u00f5bralikumaks. Meie inseneride grupp on oluline osa ettev\u00f5ttest, mis on \u00fclemaailmne tarnija t\u00f6\u00f6stuslike pidurite, haakeseadiste ja kraanarataste maailmas.<\/span>&nbsp;<span style=\"font-weight: 400\">Oleme tootmisrajatisi m\u00e4rkimisv\u00e4\u00e4rselt moderniseerinud ja laiendanud, et rahuldada n\u00f5udlust k\u00f5rgel tasemel projekteeritud integreeritud toodete j\u00e4rele. Alates 2018. aastast on paigaldatud mitu uut liini. Meie Saksamaal asuvas keskses tootmisettev\u00f5ttes on mitu tipptasemel CNC-t\u00f6\u00f6pinki. Need t\u00e4iendused v\u00f5imaldavad rangemat kontrolli tootmise \u00fcle ja tagavad kiirema reageerimisaja klientide n\u00f5udmistele.<\/span><span style=\"font-weight: 400\">Kvaliteetsed ja usaldusv\u00e4\u00e4rsed piduris\u00fcsteemid ja ajamikomponendid vajavad j\u00e4rjepidevat kvaliteedistandardile vastamist. Meie sisemises arendus- ja simulatsioonilaboris pannakse nii \u00fcksikud komponendid kui ka t\u00e4ielikult koostatud s\u00fcsteemid oma etten\u00e4htud samme l\u00e4bi. Lisaks funktsioonide ja koormuse simulatsioonile keskendume ka kontrollimisele, reaktsiooniaegadele, materjali omadustele ja m\u00f5\u00f5tmete t\u00e4psusele.<\/span>&nbsp;&nbsp;<\/p>\n","protected":false},"excerpt":{"rendered":"<p><b>Katselabor katsetamiseks ja m\u00f5\u00f5tmiseks<\/b><\/p>\n<p><span style=\"font-weight: 400;\">T\u00f6\u00f6stuslike pidurite uute arenduste katsetamiseks, kvaliteedi tagamise parandamiseks ning klientidele optimaalse esitluse ja varasemate d\u00fcnaamiliste pidurite dokumenteerimise tagamiseks kasutatakse inertsd\u00fcnamomeetrit.<\/span><\/p>\n<p><span style=\"font-weight: 400;\">Selline labor v\u00f5imaldab meil \u00fcksikasjalikult katsetada k\u00f5iki uusi kontseptsioone ja tooteid vastavalt kliendi vajadustele.<\/span><\/p>\n<p>&nbsp;<\/p>\n<p><span style=\"font-weight: 400;\">Edukalt l\u00e4bi viidud katsed on kasulikud toote t\u00e4iustamiseks ja d\u00fcnaamiliste koormuspuuduste k\u00f5rvaldamiseks ning toote rakendamise ja funktsioonide p\u00f5hjalikuks uurimiseks \u00e4\u00e4rmuslikes tingimustes.<\/span><\/p>\n","protected":false},"featured_media":1260062263,"template":"","meta":[],"product_brand":[],"product_cat":[1383,1638],"product_tag":[],"class_list":{"0":"post-1260062796","1":"product","2":"type-product","3":"status-publish","4":"has-post-thumbnail","6":"product_cat-toostuslikud-pidurisusteemid-ja-ajami-seiskamise-komponendid","7":"product_cat-kohandatud-lahendused-sibre","9":"first","10":"instock","11":"shipping-taxable","12":"product-type-simple"},"yoast_head":"<!-- This site is optimized with the Yoast SEO plugin v27.1.1 - https:\/\/yoast.com\/product\/yoast-seo-wordpress\/ -->\n<title>SIBRE - individuaalsed lahendused vastavalt kliendi joonistele - My industrial<\/title>\n<meta name=\"robots\" content=\"noindex, follow, max-snippet:-1, max-image-preview:large, max-video-preview:-1\" \/>\n<meta property=\"og:locale\" content=\"et_EE\" \/>\n<meta property=\"og:type\" content=\"article\" \/>\n<meta property=\"og:title\" content=\"SIBRE - individuaalsed lahendused vastavalt kliendi joonistele - My industrial\" \/>\n<meta property=\"og:description\" content=\"Katselabor katsetamiseks ja m\u00f5\u00f5tmiseks  T\u00f6\u00f6stuslike pidurite uute arenduste katsetamiseks, kvaliteedi tagamise parandamiseks ning klientidele optimaalse esitluse ja varasemate d\u00fcnaamiliste pidurite dokumenteerimise tagamiseks kasutatakse inertsd\u00fcnamomeetrit.  Selline labor v\u00f5imaldab meil \u00fcksikasjalikult katsetada k\u00f5iki uusi kontseptsioone ja tooteid vastavalt kliendi vajadustele.  &nbsp;  Edukalt l\u00e4bi viidud katsed on kasulikud toote t\u00e4iustamiseks ja d\u00fcnaamiliste koormuspuuduste k\u00f5rvaldamiseks ning toote rakendamise ja funktsioonide p\u00f5hjalikuks uurimiseks \u00e4\u00e4rmuslikes tingimustes.\" \/>\n<meta property=\"og:url\" content=\"https:\/\/dev.myindustrial.eu\/et\/shop\/toostuslikud-pidurisusteemid-ja-ajami-seiskamise-komponendid\/sibre-individuaalsed-lahendused-vastavalt-kliendi-joonistele\/\" \/>\n<meta property=\"og:site_name\" content=\"My industrial\" \/>\n<meta property=\"article:modified_time\" content=\"2023-06-16T19:55:36+00:00\" \/>\n<meta property=\"og:image\" content=\"https:\/\/dev.myindustrial.eu\/wp-content\/uploads\/2022\/12\/sibre-logo-big-800x800.jpg\" \/>\n\t<meta property=\"og:image:width\" content=\"800\" \/>\n\t<meta property=\"og:image:height\" content=\"800\" \/>\n\t<meta property=\"og:image:type\" content=\"image\/jpeg\" \/>\n<meta name=\"twitter:card\" content=\"summary_large_image\" \/>\n<script type=\"application\/ld+json\" class=\"yoast-schema-graph\">{\"@context\":\"https:\/\/schema.org\",\"@graph\":[{\"@type\":\"WebPage\",\"@id\":\"https:\/\/dev.myindustrial.eu\/et\/shop\/toostuslikud-pidurisusteemid-ja-ajami-seiskamise-komponendid\/sibre-individuaalsed-lahendused-vastavalt-kliendi-joonistele\/\",\"url\":\"https:\/\/dev.myindustrial.eu\/et\/shop\/toostuslikud-pidurisusteemid-ja-ajami-seiskamise-komponendid\/sibre-individuaalsed-lahendused-vastavalt-kliendi-joonistele\/\",\"name\":\"SIBRE - individuaalsed lahendused vastavalt kliendi joonistele - My industrial\",\"isPartOf\":{\"@id\":\"https:\/\/dev.myindustrial.eu\/et\/#website\"},\"primaryImageOfPage\":{\"@id\":\"https:\/\/dev.myindustrial.eu\/et\/shop\/toostuslikud-pidurisusteemid-ja-ajami-seiskamise-komponendid\/sibre-individuaalsed-lahendused-vastavalt-kliendi-joonistele\/#primaryimage\"},\"image\":{\"@id\":\"https:\/\/dev.myindustrial.eu\/et\/shop\/toostuslikud-pidurisusteemid-ja-ajami-seiskamise-komponendid\/sibre-individuaalsed-lahendused-vastavalt-kliendi-joonistele\/#primaryimage\"},\"thumbnailUrl\":\"https:\/\/dev.myindustrial.eu\/wp-content\/uploads\/2022\/12\/sibre-logo-big-800x800.jpg\",\"datePublished\":\"2022-12-14T14:30:07+00:00\",\"dateModified\":\"2023-06-16T19:55:36+00:00\",\"breadcrumb\":{\"@id\":\"https:\/\/dev.myindustrial.eu\/et\/shop\/toostuslikud-pidurisusteemid-ja-ajami-seiskamise-komponendid\/sibre-individuaalsed-lahendused-vastavalt-kliendi-joonistele\/#breadcrumb\"},\"inLanguage\":\"et\",\"potentialAction\":[{\"@type\":\"ReadAction\",\"target\":[\"https:\/\/dev.myindustrial.eu\/et\/shop\/toostuslikud-pidurisusteemid-ja-ajami-seiskamise-komponendid\/sibre-individuaalsed-lahendused-vastavalt-kliendi-joonistele\/\"]}]},{\"@type\":\"ImageObject\",\"inLanguage\":\"et\",\"@id\":\"https:\/\/dev.myindustrial.eu\/et\/shop\/toostuslikud-pidurisusteemid-ja-ajami-seiskamise-komponendid\/sibre-individuaalsed-lahendused-vastavalt-kliendi-joonistele\/#primaryimage\",\"url\":\"https:\/\/dev.myindustrial.eu\/wp-content\/uploads\/2022\/12\/sibre-logo-big-800x800.jpg\",\"contentUrl\":\"https:\/\/dev.myindustrial.eu\/wp-content\/uploads\/2022\/12\/sibre-logo-big-800x800.jpg\",\"width\":800,\"height\":800},{\"@type\":\"BreadcrumbList\",\"@id\":\"https:\/\/dev.myindustrial.eu\/et\/shop\/toostuslikud-pidurisusteemid-ja-ajami-seiskamise-komponendid\/sibre-individuaalsed-lahendused-vastavalt-kliendi-joonistele\/#breadcrumb\",\"itemListElement\":[{\"@type\":\"ListItem\",\"position\":1,\"name\":\"Home\",\"item\":\"https:\/\/dev.myindustrial.eu\/et\/\"},{\"@type\":\"ListItem\",\"position\":2,\"name\":\"Products\",\"item\":\"https:\/\/dev.myindustrial.eu\/et\/products\/\"},{\"@type\":\"ListItem\",\"position\":3,\"name\":\"SIBRE &#8211; individuaalsed lahendused vastavalt kliendi joonistele\"}]},{\"@type\":\"WebSite\",\"@id\":\"https:\/\/dev.myindustrial.eu\/et\/#website\",\"url\":\"https:\/\/dev.myindustrial.eu\/et\/\",\"name\":\"My industrial\",\"description\":\"\",\"potentialAction\":[{\"@type\":\"SearchAction\",\"target\":{\"@type\":\"EntryPoint\",\"urlTemplate\":\"https:\/\/dev.myindustrial.eu\/et\/?s={search_term_string}\"},\"query-input\":{\"@type\":\"PropertyValueSpecification\",\"valueRequired\":true,\"valueName\":\"search_term_string\"}}],\"inLanguage\":\"et\"}]}<\/script>\n<!-- \/ Yoast SEO plugin. -->","yoast_head_json":{"title":"SIBRE - individuaalsed lahendused vastavalt kliendi joonistele - My industrial","robots":{"index":"noindex","follow":"follow","max-snippet":"max-snippet:-1","max-image-preview":"max-image-preview:large","max-video-preview":"max-video-preview:-1"},"og_locale":"et_EE","og_type":"article","og_title":"SIBRE - individuaalsed lahendused vastavalt kliendi joonistele - My industrial","og_description":"Katselabor katsetamiseks ja m\u00f5\u00f5tmiseks  T\u00f6\u00f6stuslike pidurite uute arenduste katsetamiseks, kvaliteedi tagamise parandamiseks ning klientidele optimaalse esitluse ja varasemate d\u00fcnaamiliste pidurite dokumenteerimise tagamiseks kasutatakse inertsd\u00fcnamomeetrit.  Selline labor v\u00f5imaldab meil \u00fcksikasjalikult katsetada k\u00f5iki uusi kontseptsioone ja tooteid vastavalt kliendi vajadustele.  &nbsp;  Edukalt l\u00e4bi viidud katsed on kasulikud toote t\u00e4iustamiseks ja d\u00fcnaamiliste koormuspuuduste k\u00f5rvaldamiseks ning toote rakendamise ja funktsioonide p\u00f5hjalikuks uurimiseks \u00e4\u00e4rmuslikes tingimustes.","og_url":"https:\/\/dev.myindustrial.eu\/et\/shop\/toostuslikud-pidurisusteemid-ja-ajami-seiskamise-komponendid\/sibre-individuaalsed-lahendused-vastavalt-kliendi-joonistele\/","og_site_name":"My industrial","article_modified_time":"2023-06-16T19:55:36+00:00","og_image":[{"width":800,"height":800,"url":"https:\/\/dev.myindustrial.eu\/wp-content\/uploads\/2022\/12\/sibre-logo-big-800x800.jpg","type":"image\/jpeg"}],"twitter_card":"summary_large_image","schema":{"@context":"https:\/\/schema.org","@graph":[{"@type":"WebPage","@id":"https:\/\/dev.myindustrial.eu\/et\/shop\/toostuslikud-pidurisusteemid-ja-ajami-seiskamise-komponendid\/sibre-individuaalsed-lahendused-vastavalt-kliendi-joonistele\/","url":"https:\/\/dev.myindustrial.eu\/et\/shop\/toostuslikud-pidurisusteemid-ja-ajami-seiskamise-komponendid\/sibre-individuaalsed-lahendused-vastavalt-kliendi-joonistele\/","name":"SIBRE - individuaalsed lahendused vastavalt kliendi joonistele - My industrial","isPartOf":{"@id":"https:\/\/dev.myindustrial.eu\/et\/#website"},"primaryImageOfPage":{"@id":"https:\/\/dev.myindustrial.eu\/et\/shop\/toostuslikud-pidurisusteemid-ja-ajami-seiskamise-komponendid\/sibre-individuaalsed-lahendused-vastavalt-kliendi-joonistele\/#primaryimage"},"image":{"@id":"https:\/\/dev.myindustrial.eu\/et\/shop\/toostuslikud-pidurisusteemid-ja-ajami-seiskamise-komponendid\/sibre-individuaalsed-lahendused-vastavalt-kliendi-joonistele\/#primaryimage"},"thumbnailUrl":"https:\/\/dev.myindustrial.eu\/wp-content\/uploads\/2022\/12\/sibre-logo-big-800x800.jpg","datePublished":"2022-12-14T14:30:07+00:00","dateModified":"2023-06-16T19:55:36+00:00","breadcrumb":{"@id":"https:\/\/dev.myindustrial.eu\/et\/shop\/toostuslikud-pidurisusteemid-ja-ajami-seiskamise-komponendid\/sibre-individuaalsed-lahendused-vastavalt-kliendi-joonistele\/#breadcrumb"},"inLanguage":"et","potentialAction":[{"@type":"ReadAction","target":["https:\/\/dev.myindustrial.eu\/et\/shop\/toostuslikud-pidurisusteemid-ja-ajami-seiskamise-komponendid\/sibre-individuaalsed-lahendused-vastavalt-kliendi-joonistele\/"]}]},{"@type":"ImageObject","inLanguage":"et","@id":"https:\/\/dev.myindustrial.eu\/et\/shop\/toostuslikud-pidurisusteemid-ja-ajami-seiskamise-komponendid\/sibre-individuaalsed-lahendused-vastavalt-kliendi-joonistele\/#primaryimage","url":"https:\/\/dev.myindustrial.eu\/wp-content\/uploads\/2022\/12\/sibre-logo-big-800x800.jpg","contentUrl":"https:\/\/dev.myindustrial.eu\/wp-content\/uploads\/2022\/12\/sibre-logo-big-800x800.jpg","width":800,"height":800},{"@type":"BreadcrumbList","@id":"https:\/\/dev.myindustrial.eu\/et\/shop\/toostuslikud-pidurisusteemid-ja-ajami-seiskamise-komponendid\/sibre-individuaalsed-lahendused-vastavalt-kliendi-joonistele\/#breadcrumb","itemListElement":[{"@type":"ListItem","position":1,"name":"Home","item":"https:\/\/dev.myindustrial.eu\/et\/"},{"@type":"ListItem","position":2,"name":"Products","item":"https:\/\/dev.myindustrial.eu\/et\/products\/"},{"@type":"ListItem","position":3,"name":"SIBRE &#8211; individuaalsed lahendused vastavalt kliendi joonistele"}]},{"@type":"WebSite","@id":"https:\/\/dev.myindustrial.eu\/et\/#website","url":"https:\/\/dev.myindustrial.eu\/et\/","name":"My industrial","description":"","potentialAction":[{"@type":"SearchAction","target":{"@type":"EntryPoint","urlTemplate":"https:\/\/dev.myindustrial.eu\/et\/?s={search_term_string}"},"query-input":{"@type":"PropertyValueSpecification","valueRequired":true,"valueName":"search_term_string"}}],"inLanguage":"et"}]}},"_links":{"self":[{"href":"https:\/\/dev.myindustrial.eu\/et\/wp-json\/wp\/v2\/product\/1260062796","targetHints":{"allow":["GET"]}}],"collection":[{"href":"https:\/\/dev.myindustrial.eu\/et\/wp-json\/wp\/v2\/product"}],"about":[{"href":"https:\/\/dev.myindustrial.eu\/et\/wp-json\/wp\/v2\/types\/product"}],"version-history":[{"count":0,"href":"https:\/\/dev.myindustrial.eu\/et\/wp-json\/wp\/v2\/product\/1260062796\/revisions"}],"wp:featuredmedia":[{"embeddable":true,"href":"https:\/\/dev.myindustrial.eu\/et\/wp-json\/wp\/v2\/media\/1260062263"}],"wp:attachment":[{"href":"https:\/\/dev.myindustrial.eu\/et\/wp-json\/wp\/v2\/media?parent=1260062796"}],"wp:term":[{"taxonomy":"product_brand","embeddable":true,"href":"https:\/\/dev.myindustrial.eu\/et\/wp-json\/wp\/v2\/product_brand?post=1260062796"},{"taxonomy":"product_cat","embeddable":true,"href":"https:\/\/dev.myindustrial.eu\/et\/wp-json\/wp\/v2\/product_cat?post=1260062796"},{"taxonomy":"product_tag","embeddable":true,"href":"https:\/\/dev.myindustrial.eu\/et\/wp-json\/wp\/v2\/product_tag?post=1260062796"}],"curies":[{"name":"wp","href":"https:\/\/api.w.org\/{rel}","templated":true}]}}