{"id":1260062806,"date":"2022-12-14T14:05:00","date_gmt":"2022-12-14T14:05:00","guid":{"rendered":"https:\/\/dev.myindustrial.eu\/shop\/maaratlemata\/elektrohudraulilised-emg-ajamid\/"},"modified":"2023-12-28T21:05:31","modified_gmt":"2023-12-28T21:05:31","slug":"elektrohudraulilised-emg-ajamid","status":"publish","type":"product","link":"https:\/\/dev.myindustrial.eu\/et\/shop\/elektro-hudraulilised-ajamite-lahendused\/kohandatud-lahendused-emg\/elektrohudraulilised-emg-ajamid\/","title":{"rendered":"Elektroh\u00fcdraulilised EMG ajamid"},"content":{"rendered":"<p><strong>EMG HKALinear &#8211; H\u00fcdrauliline lineaarne kompaktne ajam<\/strong>H\u00fcdraulilise lineaarse kompaktse ajamina on EMG v\u00e4lja t\u00f6\u00f6tanud ajamiseadme, mis \u00fchendab traditsioonid ja innovatsiooni. Selle k\u00f5rge muudetavus koos tehnilise vastupidavuse ja samaaegse majandusliku efektiivsusegaon viinud HKAL-lahenduste kasutamiseni paljudes t\u00f6\u00f6stussektorites:-Kaevandamise ja konveierite tehnoloogia-Masinate ja tehaste projekteerimine-Elektrijaamade konstrueerimine-Klappide konstrueerimine-Teraskonstruktsioonid h\u00fcdraulika projekteerimises-Uued energiaallikad (p\u00e4ike, vesi jne)<iframe width=\"560\" height=\"315\" src=\"https:\/\/youtube.com\/embed\/WDn4CI0Lf0A\" frameborder=\"0\" allow=\"accelerometer; autoplay; clipboard-write; encrypted-media; gyroscope; picture-in-picture; web-share\" allowfullscreen><\/iframe><\/p>\n","protected":false},"excerpt":{"rendered":"<p><strong>Elektroh\u00fcdraulilised EMG ajamid<\/strong><\/p>\n<p>Elektroh\u00fcdraulilised EMG ajamid muundavad elektrienergia mehaaniliseks energiaks ja teostavad mehaanilist t\u00f6\u00f6d k\u00e4igu konkreetse osa ajal. Elektroh\u00fcdrauliliste t\u00f5ukurite EMG ELDRO\u00ae ja ELHY\u00ae t\u00f5estatud mitmek\u00fclgsus erinevates tegevusvaldkondades on viinud nende laialdase kasutamiseni kaevandus-, terase-, sadama- ja ehitust\u00f6\u00f6stuse rakendustes.<br \/>\nElektroh\u00fcdraulilisi ajameid EMG ELDRO\u00ae ja ELHY\u00ae saab kasutada koos erinevate juhtimiselementidega, n\u00e4iteks j\u00e4rgmistes kasutusvaldkondades:<br \/>\n-T\u00f5ste- ja langetamismehhanismid<br \/>\n-Lukustamine ja avamine koormust kinnitavate kiilude v\u00f5i kinnituskonksude nihutamise teel<br \/>\n-Konveierilintide puhastite langetamine<br \/>\n-H\u00fcdraulikapresside klapiajamid<\/p>\n","protected":false},"featured_media":1260062569,"template":"","meta":[],"product_brand":[],"product_cat":[1303,1630],"product_tag":[],"class_list":{"0":"post-1260062806","1":"product","2":"type-product","3":"status-publish","4":"has-post-thumbnail","6":"product_cat-elektro-hudraulilised-ajamite-lahendused","7":"product_cat-kohandatud-lahendused-emg","9":"first","10":"instock","11":"shipping-taxable","12":"product-type-simple"},"yoast_head":"<!-- This site is optimized with the Yoast SEO plugin v27.1.1 - https:\/\/yoast.com\/product\/yoast-seo-wordpress\/ -->\n<title>Elektroh\u00fcdraulilised EMG ajamid - My industrial<\/title>\n<meta name=\"robots\" content=\"noindex, follow, max-snippet:-1, max-image-preview:large, max-video-preview:-1\" \/>\n<meta property=\"og:locale\" content=\"et_EE\" \/>\n<meta property=\"og:type\" content=\"article\" \/>\n<meta property=\"og:title\" content=\"Elektroh\u00fcdraulilised EMG ajamid - My industrial\" \/>\n<meta property=\"og:description\" content=\"Elektroh\u00fcdraulilised EMG ajamid  Elektroh\u00fcdraulilised EMG ajamid muundavad elektrienergia mehaaniliseks energiaks ja teostavad mehaanilist t\u00f6\u00f6d k\u00e4igu konkreetse osa ajal. Elektroh\u00fcdrauliliste t\u00f5ukurite EMG ELDRO\u00ae ja ELHY\u00ae t\u00f5estatud mitmek\u00fclgsus erinevates tegevusvaldkondades on viinud nende laialdase kasutamiseni kaevandus-, terase-, sadama- ja ehitust\u00f6\u00f6stuse rakendustes. Elektroh\u00fcdraulilisi ajameid EMG ELDRO\u00ae ja ELHY\u00ae saab kasutada koos erinevate juhtimiselementidega, n\u00e4iteks j\u00e4rgmistes kasutusvaldkondades: -T\u00f5ste- ja langetamismehhanismid -Lukustamine ja avamine koormust kinnitavate kiilude v\u00f5i kinnituskonksude nihutamise teel -Konveierilintide puhastite langetamine -H\u00fcdraulikapresside klapiajamid\" \/>\n<meta property=\"og:url\" content=\"https:\/\/dev.myindustrial.eu\/et\/shop\/elektro-hudraulilised-ajamite-lahendused\/kohandatud-lahendused-emg\/elektrohudraulilised-emg-ajamid\/\" \/>\n<meta property=\"og:site_name\" content=\"My industrial\" \/>\n<meta property=\"article:modified_time\" content=\"2023-12-28T21:05:31+00:00\" \/>\n<meta property=\"og:image\" content=\"https:\/\/dev.myindustrial.eu\/wp-content\/uploads\/2022\/12\/bg1_in_scheibenbremse5-2-kopie.webp\" \/>\n\t<meta property=\"og:image:width\" content=\"701\" \/>\n\t<meta property=\"og:image:height\" content=\"900\" \/>\n\t<meta property=\"og:image:type\" content=\"image\/webp\" \/>\n<meta name=\"twitter:card\" content=\"summary_large_image\" \/>\n<script type=\"application\/ld+json\" class=\"yoast-schema-graph\">{\"@context\":\"https:\/\/schema.org\",\"@graph\":[{\"@type\":\"WebPage\",\"@id\":\"https:\/\/dev.myindustrial.eu\/et\/shop\/elektro-hudraulilised-ajamite-lahendused\/kohandatud-lahendused-emg\/elektrohudraulilised-emg-ajamid\/\",\"url\":\"https:\/\/dev.myindustrial.eu\/et\/shop\/elektro-hudraulilised-ajamite-lahendused\/kohandatud-lahendused-emg\/elektrohudraulilised-emg-ajamid\/\",\"name\":\"Elektroh\u00fcdraulilised EMG ajamid - My industrial\",\"isPartOf\":{\"@id\":\"https:\/\/dev.myindustrial.eu\/et\/#website\"},\"primaryImageOfPage\":{\"@id\":\"https:\/\/dev.myindustrial.eu\/et\/shop\/elektro-hudraulilised-ajamite-lahendused\/kohandatud-lahendused-emg\/elektrohudraulilised-emg-ajamid\/#primaryimage\"},\"image\":{\"@id\":\"https:\/\/dev.myindustrial.eu\/et\/shop\/elektro-hudraulilised-ajamite-lahendused\/kohandatud-lahendused-emg\/elektrohudraulilised-emg-ajamid\/#primaryimage\"},\"thumbnailUrl\":\"https:\/\/dev.myindustrial.eu\/wp-content\/uploads\/2022\/12\/bg1_in_scheibenbremse5-2-kopie.webp\",\"datePublished\":\"2022-12-14T14:05:00+00:00\",\"dateModified\":\"2023-12-28T21:05:31+00:00\",\"breadcrumb\":{\"@id\":\"https:\/\/dev.myindustrial.eu\/et\/shop\/elektro-hudraulilised-ajamite-lahendused\/kohandatud-lahendused-emg\/elektrohudraulilised-emg-ajamid\/#breadcrumb\"},\"inLanguage\":\"et\",\"potentialAction\":[{\"@type\":\"ReadAction\",\"target\":[\"https:\/\/dev.myindustrial.eu\/et\/shop\/elektro-hudraulilised-ajamite-lahendused\/kohandatud-lahendused-emg\/elektrohudraulilised-emg-ajamid\/\"]}]},{\"@type\":\"ImageObject\",\"inLanguage\":\"et\",\"@id\":\"https:\/\/dev.myindustrial.eu\/et\/shop\/elektro-hudraulilised-ajamite-lahendused\/kohandatud-lahendused-emg\/elektrohudraulilised-emg-ajamid\/#primaryimage\",\"url\":\"https:\/\/dev.myindustrial.eu\/wp-content\/uploads\/2022\/12\/bg1_in_scheibenbremse5-2-kopie.webp\",\"contentUrl\":\"https:\/\/dev.myindustrial.eu\/wp-content\/uploads\/2022\/12\/bg1_in_scheibenbremse5-2-kopie.webp\",\"width\":701,\"height\":900},{\"@type\":\"BreadcrumbList\",\"@id\":\"https:\/\/dev.myindustrial.eu\/et\/shop\/elektro-hudraulilised-ajamite-lahendused\/kohandatud-lahendused-emg\/elektrohudraulilised-emg-ajamid\/#breadcrumb\",\"itemListElement\":[{\"@type\":\"ListItem\",\"position\":1,\"name\":\"Home\",\"item\":\"https:\/\/dev.myindustrial.eu\/et\/\"},{\"@type\":\"ListItem\",\"position\":2,\"name\":\"Products\",\"item\":\"https:\/\/dev.myindustrial.eu\/et\/products\/\"},{\"@type\":\"ListItem\",\"position\":3,\"name\":\"Elektroh\u00fcdraulilised EMG ajamid\"}]},{\"@type\":\"WebSite\",\"@id\":\"https:\/\/dev.myindustrial.eu\/et\/#website\",\"url\":\"https:\/\/dev.myindustrial.eu\/et\/\",\"name\":\"My industrial\",\"description\":\"\",\"potentialAction\":[{\"@type\":\"SearchAction\",\"target\":{\"@type\":\"EntryPoint\",\"urlTemplate\":\"https:\/\/dev.myindustrial.eu\/et\/?s={search_term_string}\"},\"query-input\":{\"@type\":\"PropertyValueSpecification\",\"valueRequired\":true,\"valueName\":\"search_term_string\"}}],\"inLanguage\":\"et\"}]}<\/script>\n<!-- \/ Yoast SEO plugin. -->","yoast_head_json":{"title":"Elektroh\u00fcdraulilised EMG ajamid - My industrial","robots":{"index":"noindex","follow":"follow","max-snippet":"max-snippet:-1","max-image-preview":"max-image-preview:large","max-video-preview":"max-video-preview:-1"},"og_locale":"et_EE","og_type":"article","og_title":"Elektroh\u00fcdraulilised EMG ajamid - My industrial","og_description":"Elektroh\u00fcdraulilised EMG ajamid  Elektroh\u00fcdraulilised EMG ajamid muundavad elektrienergia mehaaniliseks energiaks ja teostavad mehaanilist t\u00f6\u00f6d k\u00e4igu konkreetse osa ajal. Elektroh\u00fcdrauliliste t\u00f5ukurite EMG ELDRO\u00ae ja ELHY\u00ae t\u00f5estatud mitmek\u00fclgsus erinevates tegevusvaldkondades on viinud nende laialdase kasutamiseni kaevandus-, terase-, sadama- ja ehitust\u00f6\u00f6stuse rakendustes. Elektroh\u00fcdraulilisi ajameid EMG ELDRO\u00ae ja ELHY\u00ae saab kasutada koos erinevate juhtimiselementidega, n\u00e4iteks j\u00e4rgmistes kasutusvaldkondades: -T\u00f5ste- ja langetamismehhanismid -Lukustamine ja avamine koormust kinnitavate kiilude v\u00f5i kinnituskonksude nihutamise teel -Konveierilintide puhastite langetamine -H\u00fcdraulikapresside klapiajamid","og_url":"https:\/\/dev.myindustrial.eu\/et\/shop\/elektro-hudraulilised-ajamite-lahendused\/kohandatud-lahendused-emg\/elektrohudraulilised-emg-ajamid\/","og_site_name":"My industrial","article_modified_time":"2023-12-28T21:05:31+00:00","og_image":[{"width":701,"height":900,"url":"https:\/\/dev.myindustrial.eu\/wp-content\/uploads\/2022\/12\/bg1_in_scheibenbremse5-2-kopie.webp","type":"image\/webp"}],"twitter_card":"summary_large_image","schema":{"@context":"https:\/\/schema.org","@graph":[{"@type":"WebPage","@id":"https:\/\/dev.myindustrial.eu\/et\/shop\/elektro-hudraulilised-ajamite-lahendused\/kohandatud-lahendused-emg\/elektrohudraulilised-emg-ajamid\/","url":"https:\/\/dev.myindustrial.eu\/et\/shop\/elektro-hudraulilised-ajamite-lahendused\/kohandatud-lahendused-emg\/elektrohudraulilised-emg-ajamid\/","name":"Elektroh\u00fcdraulilised EMG ajamid - My industrial","isPartOf":{"@id":"https:\/\/dev.myindustrial.eu\/et\/#website"},"primaryImageOfPage":{"@id":"https:\/\/dev.myindustrial.eu\/et\/shop\/elektro-hudraulilised-ajamite-lahendused\/kohandatud-lahendused-emg\/elektrohudraulilised-emg-ajamid\/#primaryimage"},"image":{"@id":"https:\/\/dev.myindustrial.eu\/et\/shop\/elektro-hudraulilised-ajamite-lahendused\/kohandatud-lahendused-emg\/elektrohudraulilised-emg-ajamid\/#primaryimage"},"thumbnailUrl":"https:\/\/dev.myindustrial.eu\/wp-content\/uploads\/2022\/12\/bg1_in_scheibenbremse5-2-kopie.webp","datePublished":"2022-12-14T14:05:00+00:00","dateModified":"2023-12-28T21:05:31+00:00","breadcrumb":{"@id":"https:\/\/dev.myindustrial.eu\/et\/shop\/elektro-hudraulilised-ajamite-lahendused\/kohandatud-lahendused-emg\/elektrohudraulilised-emg-ajamid\/#breadcrumb"},"inLanguage":"et","potentialAction":[{"@type":"ReadAction","target":["https:\/\/dev.myindustrial.eu\/et\/shop\/elektro-hudraulilised-ajamite-lahendused\/kohandatud-lahendused-emg\/elektrohudraulilised-emg-ajamid\/"]}]},{"@type":"ImageObject","inLanguage":"et","@id":"https:\/\/dev.myindustrial.eu\/et\/shop\/elektro-hudraulilised-ajamite-lahendused\/kohandatud-lahendused-emg\/elektrohudraulilised-emg-ajamid\/#primaryimage","url":"https:\/\/dev.myindustrial.eu\/wp-content\/uploads\/2022\/12\/bg1_in_scheibenbremse5-2-kopie.webp","contentUrl":"https:\/\/dev.myindustrial.eu\/wp-content\/uploads\/2022\/12\/bg1_in_scheibenbremse5-2-kopie.webp","width":701,"height":900},{"@type":"BreadcrumbList","@id":"https:\/\/dev.myindustrial.eu\/et\/shop\/elektro-hudraulilised-ajamite-lahendused\/kohandatud-lahendused-emg\/elektrohudraulilised-emg-ajamid\/#breadcrumb","itemListElement":[{"@type":"ListItem","position":1,"name":"Home","item":"https:\/\/dev.myindustrial.eu\/et\/"},{"@type":"ListItem","position":2,"name":"Products","item":"https:\/\/dev.myindustrial.eu\/et\/products\/"},{"@type":"ListItem","position":3,"name":"Elektroh\u00fcdraulilised EMG ajamid"}]},{"@type":"WebSite","@id":"https:\/\/dev.myindustrial.eu\/et\/#website","url":"https:\/\/dev.myindustrial.eu\/et\/","name":"My industrial","description":"","potentialAction":[{"@type":"SearchAction","target":{"@type":"EntryPoint","urlTemplate":"https:\/\/dev.myindustrial.eu\/et\/?s={search_term_string}"},"query-input":{"@type":"PropertyValueSpecification","valueRequired":true,"valueName":"search_term_string"}}],"inLanguage":"et"}]}},"_links":{"self":[{"href":"https:\/\/dev.myindustrial.eu\/et\/wp-json\/wp\/v2\/product\/1260062806","targetHints":{"allow":["GET"]}}],"collection":[{"href":"https:\/\/dev.myindustrial.eu\/et\/wp-json\/wp\/v2\/product"}],"about":[{"href":"https:\/\/dev.myindustrial.eu\/et\/wp-json\/wp\/v2\/types\/product"}],"version-history":[{"count":0,"href":"https:\/\/dev.myindustrial.eu\/et\/wp-json\/wp\/v2\/product\/1260062806\/revisions"}],"wp:featuredmedia":[{"embeddable":true,"href":"https:\/\/dev.myindustrial.eu\/et\/wp-json\/wp\/v2\/media\/1260062569"}],"wp:attachment":[{"href":"https:\/\/dev.myindustrial.eu\/et\/wp-json\/wp\/v2\/media?parent=1260062806"}],"wp:term":[{"taxonomy":"product_brand","embeddable":true,"href":"https:\/\/dev.myindustrial.eu\/et\/wp-json\/wp\/v2\/product_brand?post=1260062806"},{"taxonomy":"product_cat","embeddable":true,"href":"https:\/\/dev.myindustrial.eu\/et\/wp-json\/wp\/v2\/product_cat?post=1260062806"},{"taxonomy":"product_tag","embeddable":true,"href":"https:\/\/dev.myindustrial.eu\/et\/wp-json\/wp\/v2\/product_tag?post=1260062806"}],"curies":[{"name":"wp","href":"https:\/\/api.w.org\/{rel}","templated":true}]}}