{"id":1260063031,"date":"2023-03-10T13:18:05","date_gmt":"2023-03-10T13:18:05","guid":{"rendered":"https:\/\/dev.myindustrial.eu\/shop\/maaratlemata\/gessmann-lever-switch-s51\/"},"modified":"2023-06-16T19:55:28","modified_gmt":"2023-06-16T19:55:28","slug":"gessmann-lever-switch-s51","status":"publish","type":"product","link":"https:\/\/dev.myindustrial.eu\/et\/shop\/toostuskontrollerid-juhtkangid-ja-konsoolid\/juhtelemendid\/gessmann-lever-switch-s51\/","title":{"rendered":"Kangl\u00fcliti S51"},"content":{"rendered":"","protected":false},"excerpt":{"rendered":"<p>Spetsiaalselt raudteesektori jaoks v\u00e4lja t\u00f6\u00f6tatud hoobl\u00fclitite tooteseeria S51 pakub suurt vastupidavust ja pikka t\u00f6\u00f6iga. Tavaliselt kasutatakse seda kvaliteetset toodet raudteetraktsiooni seadmete juhikonsoolides.<br \/>\nV\u00e4ljaarendamise k\u00e4igus j\u00e4rgiti k\u00f5iki kehtivaid standardeid (EN 50155, UIC 612, EN 45545 jne).<\/p>\n<p>Tehnilised andmed<br \/>\nK\u00f5rvalekaldenurk kokku: \u00b1 34\u00b0 ( \u201334\u00b0 \/ \u201317\u00b0 \/ 0\u00b0 \/ +17\u00b0 \/ +34\u00b0)<br \/>\nMehaaniline kasutusiga 3 miljonit t\u00f6\u00f6ts\u00fcklit<br \/>\n\u00dcmbritseva keskkonna temperatuurivahemik -25\u00b0C kuni +70\u00b0C (OT3 vastavalt standardile EN50155)<br \/>\nKaitseaste IP54 (paigaldusplaadi kohal). IP20 (paigaldusplaadi all)<br \/>\nToitepinge 24 VDC, 72 VDC, 110 VDC koos k\u00f5ikumistega vastavalt standardile EN 50155<\/p>\n<p>Viide asjakohastele standarditele<br \/>\nTuleohutusn\u00f5uded EN 45545 osa 2<br \/>\nEMU\/DMU juht-masin liidesed, vedurid ja juhtimismasinad UIC 612<br \/>\n\u00dcmbristega tagatavad kaitseastmed EN 60529<br \/>\nRaudteealased rakendused. Raudteeveerem. Elektroonikaseadmed. EN 50155<br \/>\nVibratsiooni- ja l\u00f6\u00f6gikatsed EN 61373<br \/>\nKliimakatsed EN 60068<\/p>\n<p><a href=\"\/wp-content\/uploads\/2023\/03\/lever-switch-s51-1.pdf\" target=\"_blank\" rel=\"noopener\"><img decoding=\"async\" src=\"\/wp-content\/uploads\/2023\/02\/download-button-est.svg\" \/><\/a><\/p>\n","protected":false},"featured_media":1260063022,"template":"","meta":[],"product_brand":[],"product_cat":[1318,1328],"product_tag":[],"class_list":{"0":"post-1260063031","1":"product","2":"type-product","3":"status-publish","4":"has-post-thumbnail","6":"product_cat-toostuskontrollerid-juhtkangid-ja-konsoolid","7":"product_cat-juhtelemendid","9":"first","10":"instock","11":"shipping-taxable","12":"product-type-simple"},"yoast_head":"<!-- This site is optimized with the Yoast SEO plugin v27.1.1 - https:\/\/yoast.com\/product\/yoast-seo-wordpress\/ -->\n<title>Kangl\u00fcliti S51 - My industrial<\/title>\n<meta name=\"robots\" content=\"noindex, follow, max-snippet:-1, max-image-preview:large, max-video-preview:-1\" \/>\n<meta property=\"og:locale\" content=\"et_EE\" \/>\n<meta property=\"og:type\" content=\"article\" \/>\n<meta property=\"og:title\" content=\"Kangl\u00fcliti S51 - My industrial\" \/>\n<meta property=\"og:description\" content=\"Spetsiaalselt raudteesektori jaoks v\u00e4lja t\u00f6\u00f6tatud hoobl\u00fclitite tooteseeria S51 pakub suurt vastupidavust ja pikka t\u00f6\u00f6iga. Tavaliselt kasutatakse seda kvaliteetset toodet raudteetraktsiooni seadmete juhikonsoolides. V\u00e4ljaarendamise k\u00e4igus j\u00e4rgiti k\u00f5iki kehtivaid standardeid (EN 50155, UIC 612, EN 45545 jne).  Tehnilised andmed K\u00f5rvalekaldenurk kokku: \u00b1 34\u00b0 ( \u201334\u00b0 \/ \u201317\u00b0 \/ 0\u00b0 \/ +17\u00b0 \/ +34\u00b0) Mehaaniline kasutusiga 3 miljonit t\u00f6\u00f6ts\u00fcklit \u00dcmbritseva keskkonna temperatuurivahemik -25\u00b0C kuni +70\u00b0C (OT3 vastavalt standardile EN50155) Kaitseaste IP54 (paigaldusplaadi kohal). IP20 (paigaldusplaadi all) Toitepinge 24 VDC, 72 VDC, 110 VDC koos k\u00f5ikumistega vastavalt standardile EN 50155  Viide asjakohastele standarditele Tuleohutusn\u00f5uded EN 45545 osa 2 EMU\/DMU juht-masin liidesed, vedurid ja juhtimismasinad UIC 612 \u00dcmbristega tagatavad kaitseastmed EN 60529 Raudteealased rakendused. Raudteeveerem. Elektroonikaseadmed. EN 50155 Vibratsiooni- ja l\u00f6\u00f6gikatsed EN 61373 Kliimakatsed EN 60068\" \/>\n<meta property=\"og:url\" content=\"https:\/\/dev.myindustrial.eu\/et\/shop\/toostuskontrollerid-juhtkangid-ja-konsoolid\/juhtelemendid\/gessmann-lever-switch-s51\/\" \/>\n<meta property=\"og:site_name\" content=\"My industrial\" \/>\n<meta property=\"article:modified_time\" content=\"2023-06-16T19:55:28+00:00\" \/>\n<meta property=\"og:image\" content=\"https:\/\/dev.myindustrial.eu\/wp-content\/uploads\/2023\/03\/s51.webp\" \/>\n\t<meta property=\"og:image:width\" content=\"3042\" \/>\n\t<meta property=\"og:image:height\" content=\"2927\" \/>\n\t<meta property=\"og:image:type\" content=\"image\/webp\" \/>\n<meta name=\"twitter:card\" content=\"summary_large_image\" \/>\n<script type=\"application\/ld+json\" class=\"yoast-schema-graph\">{\"@context\":\"https:\/\/schema.org\",\"@graph\":[{\"@type\":\"WebPage\",\"@id\":\"https:\/\/dev.myindustrial.eu\/et\/shop\/toostuskontrollerid-juhtkangid-ja-konsoolid\/juhtelemendid\/gessmann-lever-switch-s51\/\",\"url\":\"https:\/\/dev.myindustrial.eu\/et\/shop\/toostuskontrollerid-juhtkangid-ja-konsoolid\/juhtelemendid\/gessmann-lever-switch-s51\/\",\"name\":\"Kangl\u00fcliti S51 - My industrial\",\"isPartOf\":{\"@id\":\"https:\/\/dev.myindustrial.eu\/et\/#website\"},\"primaryImageOfPage\":{\"@id\":\"https:\/\/dev.myindustrial.eu\/et\/shop\/toostuskontrollerid-juhtkangid-ja-konsoolid\/juhtelemendid\/gessmann-lever-switch-s51\/#primaryimage\"},\"image\":{\"@id\":\"https:\/\/dev.myindustrial.eu\/et\/shop\/toostuskontrollerid-juhtkangid-ja-konsoolid\/juhtelemendid\/gessmann-lever-switch-s51\/#primaryimage\"},\"thumbnailUrl\":\"https:\/\/dev.myindustrial.eu\/wp-content\/uploads\/2023\/03\/s51.webp\",\"datePublished\":\"2023-03-10T13:18:05+00:00\",\"dateModified\":\"2023-06-16T19:55:28+00:00\",\"breadcrumb\":{\"@id\":\"https:\/\/dev.myindustrial.eu\/et\/shop\/toostuskontrollerid-juhtkangid-ja-konsoolid\/juhtelemendid\/gessmann-lever-switch-s51\/#breadcrumb\"},\"inLanguage\":\"et\",\"potentialAction\":[{\"@type\":\"ReadAction\",\"target\":[\"https:\/\/dev.myindustrial.eu\/et\/shop\/toostuskontrollerid-juhtkangid-ja-konsoolid\/juhtelemendid\/gessmann-lever-switch-s51\/\"]}]},{\"@type\":\"ImageObject\",\"inLanguage\":\"et\",\"@id\":\"https:\/\/dev.myindustrial.eu\/et\/shop\/toostuskontrollerid-juhtkangid-ja-konsoolid\/juhtelemendid\/gessmann-lever-switch-s51\/#primaryimage\",\"url\":\"https:\/\/dev.myindustrial.eu\/wp-content\/uploads\/2023\/03\/s51.webp\",\"contentUrl\":\"https:\/\/dev.myindustrial.eu\/wp-content\/uploads\/2023\/03\/s51.webp\",\"width\":3042,\"height\":2927},{\"@type\":\"BreadcrumbList\",\"@id\":\"https:\/\/dev.myindustrial.eu\/et\/shop\/toostuskontrollerid-juhtkangid-ja-konsoolid\/juhtelemendid\/gessmann-lever-switch-s51\/#breadcrumb\",\"itemListElement\":[{\"@type\":\"ListItem\",\"position\":1,\"name\":\"Home\",\"item\":\"https:\/\/dev.myindustrial.eu\/et\/\"},{\"@type\":\"ListItem\",\"position\":2,\"name\":\"Products\",\"item\":\"https:\/\/dev.myindustrial.eu\/et\/products\/\"},{\"@type\":\"ListItem\",\"position\":3,\"name\":\"Kangl\u00fcliti S51\"}]},{\"@type\":\"WebSite\",\"@id\":\"https:\/\/dev.myindustrial.eu\/et\/#website\",\"url\":\"https:\/\/dev.myindustrial.eu\/et\/\",\"name\":\"My industrial\",\"description\":\"\",\"potentialAction\":[{\"@type\":\"SearchAction\",\"target\":{\"@type\":\"EntryPoint\",\"urlTemplate\":\"https:\/\/dev.myindustrial.eu\/et\/?s={search_term_string}\"},\"query-input\":{\"@type\":\"PropertyValueSpecification\",\"valueRequired\":true,\"valueName\":\"search_term_string\"}}],\"inLanguage\":\"et\"}]}<\/script>\n<!-- \/ Yoast SEO plugin. -->","yoast_head_json":{"title":"Kangl\u00fcliti S51 - My industrial","robots":{"index":"noindex","follow":"follow","max-snippet":"max-snippet:-1","max-image-preview":"max-image-preview:large","max-video-preview":"max-video-preview:-1"},"og_locale":"et_EE","og_type":"article","og_title":"Kangl\u00fcliti S51 - My industrial","og_description":"Spetsiaalselt raudteesektori jaoks v\u00e4lja t\u00f6\u00f6tatud hoobl\u00fclitite tooteseeria S51 pakub suurt vastupidavust ja pikka t\u00f6\u00f6iga. Tavaliselt kasutatakse seda kvaliteetset toodet raudteetraktsiooni seadmete juhikonsoolides. V\u00e4ljaarendamise k\u00e4igus j\u00e4rgiti k\u00f5iki kehtivaid standardeid (EN 50155, UIC 612, EN 45545 jne).  Tehnilised andmed K\u00f5rvalekaldenurk kokku: \u00b1 34\u00b0 ( \u201334\u00b0 \/ \u201317\u00b0 \/ 0\u00b0 \/ +17\u00b0 \/ +34\u00b0) Mehaaniline kasutusiga 3 miljonit t\u00f6\u00f6ts\u00fcklit \u00dcmbritseva keskkonna temperatuurivahemik -25\u00b0C kuni +70\u00b0C (OT3 vastavalt standardile EN50155) Kaitseaste IP54 (paigaldusplaadi kohal). IP20 (paigaldusplaadi all) Toitepinge 24 VDC, 72 VDC, 110 VDC koos k\u00f5ikumistega vastavalt standardile EN 50155  Viide asjakohastele standarditele Tuleohutusn\u00f5uded EN 45545 osa 2 EMU\/DMU juht-masin liidesed, vedurid ja juhtimismasinad UIC 612 \u00dcmbristega tagatavad kaitseastmed EN 60529 Raudteealased rakendused. Raudteeveerem. Elektroonikaseadmed. EN 50155 Vibratsiooni- ja l\u00f6\u00f6gikatsed EN 61373 Kliimakatsed EN 60068","og_url":"https:\/\/dev.myindustrial.eu\/et\/shop\/toostuskontrollerid-juhtkangid-ja-konsoolid\/juhtelemendid\/gessmann-lever-switch-s51\/","og_site_name":"My industrial","article_modified_time":"2023-06-16T19:55:28+00:00","og_image":[{"width":3042,"height":2927,"url":"https:\/\/dev.myindustrial.eu\/wp-content\/uploads\/2023\/03\/s51.webp","type":"image\/webp"}],"twitter_card":"summary_large_image","schema":{"@context":"https:\/\/schema.org","@graph":[{"@type":"WebPage","@id":"https:\/\/dev.myindustrial.eu\/et\/shop\/toostuskontrollerid-juhtkangid-ja-konsoolid\/juhtelemendid\/gessmann-lever-switch-s51\/","url":"https:\/\/dev.myindustrial.eu\/et\/shop\/toostuskontrollerid-juhtkangid-ja-konsoolid\/juhtelemendid\/gessmann-lever-switch-s51\/","name":"Kangl\u00fcliti S51 - My industrial","isPartOf":{"@id":"https:\/\/dev.myindustrial.eu\/et\/#website"},"primaryImageOfPage":{"@id":"https:\/\/dev.myindustrial.eu\/et\/shop\/toostuskontrollerid-juhtkangid-ja-konsoolid\/juhtelemendid\/gessmann-lever-switch-s51\/#primaryimage"},"image":{"@id":"https:\/\/dev.myindustrial.eu\/et\/shop\/toostuskontrollerid-juhtkangid-ja-konsoolid\/juhtelemendid\/gessmann-lever-switch-s51\/#primaryimage"},"thumbnailUrl":"https:\/\/dev.myindustrial.eu\/wp-content\/uploads\/2023\/03\/s51.webp","datePublished":"2023-03-10T13:18:05+00:00","dateModified":"2023-06-16T19:55:28+00:00","breadcrumb":{"@id":"https:\/\/dev.myindustrial.eu\/et\/shop\/toostuskontrollerid-juhtkangid-ja-konsoolid\/juhtelemendid\/gessmann-lever-switch-s51\/#breadcrumb"},"inLanguage":"et","potentialAction":[{"@type":"ReadAction","target":["https:\/\/dev.myindustrial.eu\/et\/shop\/toostuskontrollerid-juhtkangid-ja-konsoolid\/juhtelemendid\/gessmann-lever-switch-s51\/"]}]},{"@type":"ImageObject","inLanguage":"et","@id":"https:\/\/dev.myindustrial.eu\/et\/shop\/toostuskontrollerid-juhtkangid-ja-konsoolid\/juhtelemendid\/gessmann-lever-switch-s51\/#primaryimage","url":"https:\/\/dev.myindustrial.eu\/wp-content\/uploads\/2023\/03\/s51.webp","contentUrl":"https:\/\/dev.myindustrial.eu\/wp-content\/uploads\/2023\/03\/s51.webp","width":3042,"height":2927},{"@type":"BreadcrumbList","@id":"https:\/\/dev.myindustrial.eu\/et\/shop\/toostuskontrollerid-juhtkangid-ja-konsoolid\/juhtelemendid\/gessmann-lever-switch-s51\/#breadcrumb","itemListElement":[{"@type":"ListItem","position":1,"name":"Home","item":"https:\/\/dev.myindustrial.eu\/et\/"},{"@type":"ListItem","position":2,"name":"Products","item":"https:\/\/dev.myindustrial.eu\/et\/products\/"},{"@type":"ListItem","position":3,"name":"Kangl\u00fcliti S51"}]},{"@type":"WebSite","@id":"https:\/\/dev.myindustrial.eu\/et\/#website","url":"https:\/\/dev.myindustrial.eu\/et\/","name":"My industrial","description":"","potentialAction":[{"@type":"SearchAction","target":{"@type":"EntryPoint","urlTemplate":"https:\/\/dev.myindustrial.eu\/et\/?s={search_term_string}"},"query-input":{"@type":"PropertyValueSpecification","valueRequired":true,"valueName":"search_term_string"}}],"inLanguage":"et"}]}},"_links":{"self":[{"href":"https:\/\/dev.myindustrial.eu\/et\/wp-json\/wp\/v2\/product\/1260063031","targetHints":{"allow":["GET"]}}],"collection":[{"href":"https:\/\/dev.myindustrial.eu\/et\/wp-json\/wp\/v2\/product"}],"about":[{"href":"https:\/\/dev.myindustrial.eu\/et\/wp-json\/wp\/v2\/types\/product"}],"version-history":[{"count":0,"href":"https:\/\/dev.myindustrial.eu\/et\/wp-json\/wp\/v2\/product\/1260063031\/revisions"}],"wp:featuredmedia":[{"embeddable":true,"href":"https:\/\/dev.myindustrial.eu\/et\/wp-json\/wp\/v2\/media\/1260063022"}],"wp:attachment":[{"href":"https:\/\/dev.myindustrial.eu\/et\/wp-json\/wp\/v2\/media?parent=1260063031"}],"wp:term":[{"taxonomy":"product_brand","embeddable":true,"href":"https:\/\/dev.myindustrial.eu\/et\/wp-json\/wp\/v2\/product_brand?post=1260063031"},{"taxonomy":"product_cat","embeddable":true,"href":"https:\/\/dev.myindustrial.eu\/et\/wp-json\/wp\/v2\/product_cat?post=1260063031"},{"taxonomy":"product_tag","embeddable":true,"href":"https:\/\/dev.myindustrial.eu\/et\/wp-json\/wp\/v2\/product_tag?post=1260063031"}],"curies":[{"name":"wp","href":"https:\/\/api.w.org\/{rel}","templated":true}]}}