{"id":1260063046,"date":"2023-03-10T13:27:37","date_gmt":"2023-03-10T13:27:37","guid":{"rendered":"https:\/\/dev.myindustrial.eu\/shop\/maaratlemata\/gessmann-minilever-s17\/"},"modified":"2023-06-16T19:55:28","modified_gmt":"2023-06-16T19:55:28","slug":"gessmann-minilever-s17","status":"publish","type":"product","link":"https:\/\/dev.myindustrial.eu\/et\/shop\/toostuskontrollerid-juhtkangid-ja-konsoolid\/juhtelemendid\/gessmann-minilever-s17\/","title":{"rendered":"V\u00e4ike hoob S17"},"content":{"rendered":"","protected":false},"excerpt":{"rendered":"<p>S17 on elektroh\u00fcdrauliliste rakenduste jaoks m\u00f5eldud s\u00f5rmeotsa-juhtkang. Uusima kontaktivaba tehnoloogia abil saavutatakse pikk kasutusiga ja suur t\u00f6\u00f6kindlus.<\/p>\n<p>Tehnilised andmed<br \/>\nMehaaniline kasutusiga 5 miljonit t\u00f6\u00f6ts\u00fcklit<br \/>\nT\u00f6\u00f6temperatuur -40\u00b0C kuni +85\u00b0C<br \/>\nKaitseaste IP67<br \/>\nFunktsionaalne ohutus<br \/>\nPLdga \u00fchilduv (EN ISO 13849, vastab standarditele SIL2 kuni DIN EN IEC 61508)<\/p>\n<p><a href=\"\/wp-content\/uploads\/2023\/03\/minilever-s17-1.pdf\" target=\"_blank\" rel=\"noopener\"><img decoding=\"async\" src=\"\/wp-content\/uploads\/2023\/02\/download-button-est.svg\" \/><\/a><\/p>\n","protected":false},"featured_media":1260063042,"template":"","meta":[],"product_brand":[],"product_cat":[1318,1328],"product_tag":[],"class_list":{"0":"post-1260063046","1":"product","2":"type-product","3":"status-publish","4":"has-post-thumbnail","6":"product_cat-toostuskontrollerid-juhtkangid-ja-konsoolid","7":"product_cat-juhtelemendid","9":"first","10":"instock","11":"shipping-taxable","12":"product-type-simple"},"yoast_head":"<!-- This site is optimized with the Yoast SEO plugin v27.1.1 - https:\/\/yoast.com\/product\/yoast-seo-wordpress\/ -->\n<title>V\u00e4ike hoob S17 - My industrial<\/title>\n<meta name=\"robots\" content=\"noindex, follow, max-snippet:-1, max-image-preview:large, max-video-preview:-1\" \/>\n<meta property=\"og:locale\" content=\"et_EE\" \/>\n<meta property=\"og:type\" content=\"article\" \/>\n<meta property=\"og:title\" content=\"V\u00e4ike hoob S17 - My industrial\" \/>\n<meta property=\"og:description\" content=\"S17 on elektroh\u00fcdrauliliste rakenduste jaoks m\u00f5eldud s\u00f5rmeotsa-juhtkang. Uusima kontaktivaba tehnoloogia abil saavutatakse pikk kasutusiga ja suur t\u00f6\u00f6kindlus.  Tehnilised andmed Mehaaniline kasutusiga 5 miljonit t\u00f6\u00f6ts\u00fcklit T\u00f6\u00f6temperatuur -40\u00b0C kuni +85\u00b0C Kaitseaste IP67 Funktsionaalne ohutus PLdga \u00fchilduv (EN ISO 13849, vastab standarditele SIL2 kuni DIN EN IEC 61508)\" \/>\n<meta property=\"og:url\" content=\"https:\/\/dev.myindustrial.eu\/et\/shop\/toostuskontrollerid-juhtkangid-ja-konsoolid\/juhtelemendid\/gessmann-minilever-s17\/\" \/>\n<meta property=\"og:site_name\" content=\"My industrial\" \/>\n<meta property=\"article:modified_time\" content=\"2023-06-16T19:55:28+00:00\" \/>\n<meta property=\"og:image\" content=\"https:\/\/dev.myindustrial.eu\/wp-content\/uploads\/2023\/03\/s17.webp\" \/>\n\t<meta property=\"og:image:width\" content=\"1200\" \/>\n\t<meta property=\"og:image:height\" content=\"1215\" \/>\n\t<meta property=\"og:image:type\" content=\"image\/webp\" \/>\n<meta name=\"twitter:card\" content=\"summary_large_image\" \/>\n<script type=\"application\/ld+json\" class=\"yoast-schema-graph\">{\"@context\":\"https:\/\/schema.org\",\"@graph\":[{\"@type\":\"WebPage\",\"@id\":\"https:\/\/dev.myindustrial.eu\/et\/shop\/toostuskontrollerid-juhtkangid-ja-konsoolid\/juhtelemendid\/gessmann-minilever-s17\/\",\"url\":\"https:\/\/dev.myindustrial.eu\/et\/shop\/toostuskontrollerid-juhtkangid-ja-konsoolid\/juhtelemendid\/gessmann-minilever-s17\/\",\"name\":\"V\u00e4ike hoob S17 - My industrial\",\"isPartOf\":{\"@id\":\"https:\/\/dev.myindustrial.eu\/et\/#website\"},\"primaryImageOfPage\":{\"@id\":\"https:\/\/dev.myindustrial.eu\/et\/shop\/toostuskontrollerid-juhtkangid-ja-konsoolid\/juhtelemendid\/gessmann-minilever-s17\/#primaryimage\"},\"image\":{\"@id\":\"https:\/\/dev.myindustrial.eu\/et\/shop\/toostuskontrollerid-juhtkangid-ja-konsoolid\/juhtelemendid\/gessmann-minilever-s17\/#primaryimage\"},\"thumbnailUrl\":\"https:\/\/dev.myindustrial.eu\/wp-content\/uploads\/2023\/03\/s17.webp\",\"datePublished\":\"2023-03-10T13:27:37+00:00\",\"dateModified\":\"2023-06-16T19:55:28+00:00\",\"breadcrumb\":{\"@id\":\"https:\/\/dev.myindustrial.eu\/et\/shop\/toostuskontrollerid-juhtkangid-ja-konsoolid\/juhtelemendid\/gessmann-minilever-s17\/#breadcrumb\"},\"inLanguage\":\"et\",\"potentialAction\":[{\"@type\":\"ReadAction\",\"target\":[\"https:\/\/dev.myindustrial.eu\/et\/shop\/toostuskontrollerid-juhtkangid-ja-konsoolid\/juhtelemendid\/gessmann-minilever-s17\/\"]}]},{\"@type\":\"ImageObject\",\"inLanguage\":\"et\",\"@id\":\"https:\/\/dev.myindustrial.eu\/et\/shop\/toostuskontrollerid-juhtkangid-ja-konsoolid\/juhtelemendid\/gessmann-minilever-s17\/#primaryimage\",\"url\":\"https:\/\/dev.myindustrial.eu\/wp-content\/uploads\/2023\/03\/s17.webp\",\"contentUrl\":\"https:\/\/dev.myindustrial.eu\/wp-content\/uploads\/2023\/03\/s17.webp\",\"width\":1200,\"height\":1215},{\"@type\":\"BreadcrumbList\",\"@id\":\"https:\/\/dev.myindustrial.eu\/et\/shop\/toostuskontrollerid-juhtkangid-ja-konsoolid\/juhtelemendid\/gessmann-minilever-s17\/#breadcrumb\",\"itemListElement\":[{\"@type\":\"ListItem\",\"position\":1,\"name\":\"Home\",\"item\":\"https:\/\/dev.myindustrial.eu\/et\/\"},{\"@type\":\"ListItem\",\"position\":2,\"name\":\"Products\",\"item\":\"https:\/\/dev.myindustrial.eu\/et\/products\/\"},{\"@type\":\"ListItem\",\"position\":3,\"name\":\"V\u00e4ike hoob S17\"}]},{\"@type\":\"WebSite\",\"@id\":\"https:\/\/dev.myindustrial.eu\/et\/#website\",\"url\":\"https:\/\/dev.myindustrial.eu\/et\/\",\"name\":\"My industrial\",\"description\":\"\",\"potentialAction\":[{\"@type\":\"SearchAction\",\"target\":{\"@type\":\"EntryPoint\",\"urlTemplate\":\"https:\/\/dev.myindustrial.eu\/et\/?s={search_term_string}\"},\"query-input\":{\"@type\":\"PropertyValueSpecification\",\"valueRequired\":true,\"valueName\":\"search_term_string\"}}],\"inLanguage\":\"et\"}]}<\/script>\n<!-- \/ Yoast SEO plugin. -->","yoast_head_json":{"title":"V\u00e4ike hoob S17 - My industrial","robots":{"index":"noindex","follow":"follow","max-snippet":"max-snippet:-1","max-image-preview":"max-image-preview:large","max-video-preview":"max-video-preview:-1"},"og_locale":"et_EE","og_type":"article","og_title":"V\u00e4ike hoob S17 - My industrial","og_description":"S17 on elektroh\u00fcdrauliliste rakenduste jaoks m\u00f5eldud s\u00f5rmeotsa-juhtkang. Uusima kontaktivaba tehnoloogia abil saavutatakse pikk kasutusiga ja suur t\u00f6\u00f6kindlus.  Tehnilised andmed Mehaaniline kasutusiga 5 miljonit t\u00f6\u00f6ts\u00fcklit T\u00f6\u00f6temperatuur -40\u00b0C kuni +85\u00b0C Kaitseaste IP67 Funktsionaalne ohutus PLdga \u00fchilduv (EN ISO 13849, vastab standarditele SIL2 kuni DIN EN IEC 61508)","og_url":"https:\/\/dev.myindustrial.eu\/et\/shop\/toostuskontrollerid-juhtkangid-ja-konsoolid\/juhtelemendid\/gessmann-minilever-s17\/","og_site_name":"My industrial","article_modified_time":"2023-06-16T19:55:28+00:00","og_image":[{"width":1200,"height":1215,"url":"https:\/\/dev.myindustrial.eu\/wp-content\/uploads\/2023\/03\/s17.webp","type":"image\/webp"}],"twitter_card":"summary_large_image","schema":{"@context":"https:\/\/schema.org","@graph":[{"@type":"WebPage","@id":"https:\/\/dev.myindustrial.eu\/et\/shop\/toostuskontrollerid-juhtkangid-ja-konsoolid\/juhtelemendid\/gessmann-minilever-s17\/","url":"https:\/\/dev.myindustrial.eu\/et\/shop\/toostuskontrollerid-juhtkangid-ja-konsoolid\/juhtelemendid\/gessmann-minilever-s17\/","name":"V\u00e4ike hoob S17 - My industrial","isPartOf":{"@id":"https:\/\/dev.myindustrial.eu\/et\/#website"},"primaryImageOfPage":{"@id":"https:\/\/dev.myindustrial.eu\/et\/shop\/toostuskontrollerid-juhtkangid-ja-konsoolid\/juhtelemendid\/gessmann-minilever-s17\/#primaryimage"},"image":{"@id":"https:\/\/dev.myindustrial.eu\/et\/shop\/toostuskontrollerid-juhtkangid-ja-konsoolid\/juhtelemendid\/gessmann-minilever-s17\/#primaryimage"},"thumbnailUrl":"https:\/\/dev.myindustrial.eu\/wp-content\/uploads\/2023\/03\/s17.webp","datePublished":"2023-03-10T13:27:37+00:00","dateModified":"2023-06-16T19:55:28+00:00","breadcrumb":{"@id":"https:\/\/dev.myindustrial.eu\/et\/shop\/toostuskontrollerid-juhtkangid-ja-konsoolid\/juhtelemendid\/gessmann-minilever-s17\/#breadcrumb"},"inLanguage":"et","potentialAction":[{"@type":"ReadAction","target":["https:\/\/dev.myindustrial.eu\/et\/shop\/toostuskontrollerid-juhtkangid-ja-konsoolid\/juhtelemendid\/gessmann-minilever-s17\/"]}]},{"@type":"ImageObject","inLanguage":"et","@id":"https:\/\/dev.myindustrial.eu\/et\/shop\/toostuskontrollerid-juhtkangid-ja-konsoolid\/juhtelemendid\/gessmann-minilever-s17\/#primaryimage","url":"https:\/\/dev.myindustrial.eu\/wp-content\/uploads\/2023\/03\/s17.webp","contentUrl":"https:\/\/dev.myindustrial.eu\/wp-content\/uploads\/2023\/03\/s17.webp","width":1200,"height":1215},{"@type":"BreadcrumbList","@id":"https:\/\/dev.myindustrial.eu\/et\/shop\/toostuskontrollerid-juhtkangid-ja-konsoolid\/juhtelemendid\/gessmann-minilever-s17\/#breadcrumb","itemListElement":[{"@type":"ListItem","position":1,"name":"Home","item":"https:\/\/dev.myindustrial.eu\/et\/"},{"@type":"ListItem","position":2,"name":"Products","item":"https:\/\/dev.myindustrial.eu\/et\/products\/"},{"@type":"ListItem","position":3,"name":"V\u00e4ike hoob S17"}]},{"@type":"WebSite","@id":"https:\/\/dev.myindustrial.eu\/et\/#website","url":"https:\/\/dev.myindustrial.eu\/et\/","name":"My industrial","description":"","potentialAction":[{"@type":"SearchAction","target":{"@type":"EntryPoint","urlTemplate":"https:\/\/dev.myindustrial.eu\/et\/?s={search_term_string}"},"query-input":{"@type":"PropertyValueSpecification","valueRequired":true,"valueName":"search_term_string"}}],"inLanguage":"et"}]}},"_links":{"self":[{"href":"https:\/\/dev.myindustrial.eu\/et\/wp-json\/wp\/v2\/product\/1260063046","targetHints":{"allow":["GET"]}}],"collection":[{"href":"https:\/\/dev.myindustrial.eu\/et\/wp-json\/wp\/v2\/product"}],"about":[{"href":"https:\/\/dev.myindustrial.eu\/et\/wp-json\/wp\/v2\/types\/product"}],"version-history":[{"count":0,"href":"https:\/\/dev.myindustrial.eu\/et\/wp-json\/wp\/v2\/product\/1260063046\/revisions"}],"wp:featuredmedia":[{"embeddable":true,"href":"https:\/\/dev.myindustrial.eu\/et\/wp-json\/wp\/v2\/media\/1260063042"}],"wp:attachment":[{"href":"https:\/\/dev.myindustrial.eu\/et\/wp-json\/wp\/v2\/media?parent=1260063046"}],"wp:term":[{"taxonomy":"product_brand","embeddable":true,"href":"https:\/\/dev.myindustrial.eu\/et\/wp-json\/wp\/v2\/product_brand?post=1260063046"},{"taxonomy":"product_cat","embeddable":true,"href":"https:\/\/dev.myindustrial.eu\/et\/wp-json\/wp\/v2\/product_cat?post=1260063046"},{"taxonomy":"product_tag","embeddable":true,"href":"https:\/\/dev.myindustrial.eu\/et\/wp-json\/wp\/v2\/product_tag?post=1260063046"}],"curies":[{"name":"wp","href":"https:\/\/api.w.org\/{rel}","templated":true}]}}