{"id":1260063061,"date":"2023-03-10T13:37:01","date_gmt":"2023-03-10T13:37:01","guid":{"rendered":"https:\/\/dev.myindustrial.eu\/shop\/maaratlemata\/gessmann-display-controller-dc1\/"},"modified":"2023-06-16T19:55:21","modified_gmt":"2023-06-16T19:55:21","slug":"gessmann-display-controller-dc1","status":"publish","type":"product","link":"https:\/\/dev.myindustrial.eu\/et\/shop\/toostuskontrollerid-juhtkangid-ja-konsoolid\/juhtpuldid\/gessmann-display-controller-dc1\/","title":{"rendered":"N\u00e4idiku kontroller DC1"},"content":{"rendered":"<p><iframe width=\"560\" height=\"315\" src=\"https:\/\/www.youtube.com\/embed\/7iSu28NLHTk\" frameborder=\"0\" allow=\"accelerometer; autoplay; clipboard-write; encrypted-media; gyroscope; picture-in-picture; web-share\" allowfullscreen><\/iframe><\/p>\n","protected":false},"excerpt":{"rendered":"<p>N\u00e4idiku kontroller DC1 on HMI-ekraanide juhtimisel kasutatav t\u00f6\u00f6kindel CAN-siini juhtseade. Moodul on ette n\u00e4htud karmide t\u00f6\u00f6tingimuste jaoks. T\u00e4nu s\u00fcmbolite individuaalsele kujundusele ja valgustusele saab seda integreerida mis tahes t\u00f6\u00f6kontseptsiooni.<\/p>\n<p>Tehnilised andmed<br \/>\nT\u00f6\u00f6temperatuur -40\u00b0C kuni +85\u00b0C<br \/>\nKaitseaste IP67<br \/>\nFunktsioonid<br \/>\nJuhtkangi funktsioon, 4 digitaalset funktsiooni<br \/>\nP\u00f6\u00f6rlev funktsioon, 20 piduripunkti<br \/>\nVajutusnupu funktsioon, 2 vajutusnuppu<\/p>\n<p><a href=\"\/wp-content\/uploads\/2023\/03\/display-controller-dc1-1.pdf\" target=\"_blank\" rel=\"noopener\"><img decoding=\"async\" src=\"\/wp-content\/uploads\/2023\/02\/download-button-est.svg\" \/><\/a><\/p>\n","protected":false},"featured_media":1260063057,"template":"","meta":[],"product_brand":[],"product_cat":[1318,1320],"product_tag":[],"class_list":{"0":"post-1260063061","1":"product","2":"type-product","3":"status-publish","4":"has-post-thumbnail","6":"product_cat-toostuskontrollerid-juhtkangid-ja-konsoolid","7":"product_cat-juhtpuldid","9":"first","10":"instock","11":"shipping-taxable","12":"product-type-simple"},"yoast_head":"<!-- This site is optimized with the Yoast SEO plugin v27.1.1 - https:\/\/yoast.com\/product\/yoast-seo-wordpress\/ -->\n<title>N\u00e4idiku kontroller DC1 - My industrial<\/title>\n<meta name=\"robots\" content=\"noindex, follow, max-snippet:-1, max-image-preview:large, max-video-preview:-1\" \/>\n<meta property=\"og:locale\" content=\"et_EE\" \/>\n<meta property=\"og:type\" content=\"article\" \/>\n<meta property=\"og:title\" content=\"N\u00e4idiku kontroller DC1 - My industrial\" \/>\n<meta property=\"og:description\" content=\"N\u00e4idiku kontroller DC1 on HMI-ekraanide juhtimisel kasutatav t\u00f6\u00f6kindel CAN-siini juhtseade. Moodul on ette n\u00e4htud karmide t\u00f6\u00f6tingimuste jaoks. T\u00e4nu s\u00fcmbolite individuaalsele kujundusele ja valgustusele saab seda integreerida mis tahes t\u00f6\u00f6kontseptsiooni.  Tehnilised andmed T\u00f6\u00f6temperatuur -40\u00b0C kuni +85\u00b0C Kaitseaste IP67 Funktsioonid Juhtkangi funktsioon, 4 digitaalset funktsiooni P\u00f6\u00f6rlev funktsioon, 20 piduripunkti Vajutusnupu funktsioon, 2 vajutusnuppu\" \/>\n<meta property=\"og:url\" content=\"https:\/\/dev.myindustrial.eu\/et\/shop\/toostuskontrollerid-juhtkangid-ja-konsoolid\/juhtpuldid\/gessmann-display-controller-dc1\/\" \/>\n<meta property=\"og:site_name\" content=\"My industrial\" \/>\n<meta property=\"article:modified_time\" content=\"2023-06-16T19:55:21+00:00\" \/>\n<meta property=\"og:image\" content=\"https:\/\/dev.myindustrial.eu\/wp-content\/uploads\/2023\/03\/dc1.webp\" \/>\n\t<meta property=\"og:image:width\" content=\"917\" \/>\n\t<meta property=\"og:image:height\" content=\"735\" \/>\n\t<meta property=\"og:image:type\" content=\"image\/webp\" \/>\n<meta name=\"twitter:card\" content=\"summary_large_image\" \/>\n<script type=\"application\/ld+json\" class=\"yoast-schema-graph\">{\"@context\":\"https:\/\/schema.org\",\"@graph\":[{\"@type\":\"WebPage\",\"@id\":\"https:\/\/dev.myindustrial.eu\/et\/shop\/toostuskontrollerid-juhtkangid-ja-konsoolid\/juhtpuldid\/gessmann-display-controller-dc1\/\",\"url\":\"https:\/\/dev.myindustrial.eu\/et\/shop\/toostuskontrollerid-juhtkangid-ja-konsoolid\/juhtpuldid\/gessmann-display-controller-dc1\/\",\"name\":\"N\u00e4idiku kontroller DC1 - My industrial\",\"isPartOf\":{\"@id\":\"https:\/\/dev.myindustrial.eu\/et\/#website\"},\"primaryImageOfPage\":{\"@id\":\"https:\/\/dev.myindustrial.eu\/et\/shop\/toostuskontrollerid-juhtkangid-ja-konsoolid\/juhtpuldid\/gessmann-display-controller-dc1\/#primaryimage\"},\"image\":{\"@id\":\"https:\/\/dev.myindustrial.eu\/et\/shop\/toostuskontrollerid-juhtkangid-ja-konsoolid\/juhtpuldid\/gessmann-display-controller-dc1\/#primaryimage\"},\"thumbnailUrl\":\"https:\/\/dev.myindustrial.eu\/wp-content\/uploads\/2023\/03\/dc1.webp\",\"datePublished\":\"2023-03-10T13:37:01+00:00\",\"dateModified\":\"2023-06-16T19:55:21+00:00\",\"breadcrumb\":{\"@id\":\"https:\/\/dev.myindustrial.eu\/et\/shop\/toostuskontrollerid-juhtkangid-ja-konsoolid\/juhtpuldid\/gessmann-display-controller-dc1\/#breadcrumb\"},\"inLanguage\":\"et\",\"potentialAction\":[{\"@type\":\"ReadAction\",\"target\":[\"https:\/\/dev.myindustrial.eu\/et\/shop\/toostuskontrollerid-juhtkangid-ja-konsoolid\/juhtpuldid\/gessmann-display-controller-dc1\/\"]}]},{\"@type\":\"ImageObject\",\"inLanguage\":\"et\",\"@id\":\"https:\/\/dev.myindustrial.eu\/et\/shop\/toostuskontrollerid-juhtkangid-ja-konsoolid\/juhtpuldid\/gessmann-display-controller-dc1\/#primaryimage\",\"url\":\"https:\/\/dev.myindustrial.eu\/wp-content\/uploads\/2023\/03\/dc1.webp\",\"contentUrl\":\"https:\/\/dev.myindustrial.eu\/wp-content\/uploads\/2023\/03\/dc1.webp\",\"width\":917,\"height\":735},{\"@type\":\"BreadcrumbList\",\"@id\":\"https:\/\/dev.myindustrial.eu\/et\/shop\/toostuskontrollerid-juhtkangid-ja-konsoolid\/juhtpuldid\/gessmann-display-controller-dc1\/#breadcrumb\",\"itemListElement\":[{\"@type\":\"ListItem\",\"position\":1,\"name\":\"Home\",\"item\":\"https:\/\/dev.myindustrial.eu\/et\/\"},{\"@type\":\"ListItem\",\"position\":2,\"name\":\"Products\",\"item\":\"https:\/\/dev.myindustrial.eu\/et\/products\/\"},{\"@type\":\"ListItem\",\"position\":3,\"name\":\"N\u00e4idiku kontroller DC1\"}]},{\"@type\":\"WebSite\",\"@id\":\"https:\/\/dev.myindustrial.eu\/et\/#website\",\"url\":\"https:\/\/dev.myindustrial.eu\/et\/\",\"name\":\"My industrial\",\"description\":\"\",\"potentialAction\":[{\"@type\":\"SearchAction\",\"target\":{\"@type\":\"EntryPoint\",\"urlTemplate\":\"https:\/\/dev.myindustrial.eu\/et\/?s={search_term_string}\"},\"query-input\":{\"@type\":\"PropertyValueSpecification\",\"valueRequired\":true,\"valueName\":\"search_term_string\"}}],\"inLanguage\":\"et\"}]}<\/script>\n<!-- \/ Yoast SEO plugin. -->","yoast_head_json":{"title":"N\u00e4idiku kontroller DC1 - My industrial","robots":{"index":"noindex","follow":"follow","max-snippet":"max-snippet:-1","max-image-preview":"max-image-preview:large","max-video-preview":"max-video-preview:-1"},"og_locale":"et_EE","og_type":"article","og_title":"N\u00e4idiku kontroller DC1 - My industrial","og_description":"N\u00e4idiku kontroller DC1 on HMI-ekraanide juhtimisel kasutatav t\u00f6\u00f6kindel CAN-siini juhtseade. Moodul on ette n\u00e4htud karmide t\u00f6\u00f6tingimuste jaoks. T\u00e4nu s\u00fcmbolite individuaalsele kujundusele ja valgustusele saab seda integreerida mis tahes t\u00f6\u00f6kontseptsiooni.  Tehnilised andmed T\u00f6\u00f6temperatuur -40\u00b0C kuni +85\u00b0C Kaitseaste IP67 Funktsioonid Juhtkangi funktsioon, 4 digitaalset funktsiooni P\u00f6\u00f6rlev funktsioon, 20 piduripunkti Vajutusnupu funktsioon, 2 vajutusnuppu","og_url":"https:\/\/dev.myindustrial.eu\/et\/shop\/toostuskontrollerid-juhtkangid-ja-konsoolid\/juhtpuldid\/gessmann-display-controller-dc1\/","og_site_name":"My industrial","article_modified_time":"2023-06-16T19:55:21+00:00","og_image":[{"width":917,"height":735,"url":"https:\/\/dev.myindustrial.eu\/wp-content\/uploads\/2023\/03\/dc1.webp","type":"image\/webp"}],"twitter_card":"summary_large_image","schema":{"@context":"https:\/\/schema.org","@graph":[{"@type":"WebPage","@id":"https:\/\/dev.myindustrial.eu\/et\/shop\/toostuskontrollerid-juhtkangid-ja-konsoolid\/juhtpuldid\/gessmann-display-controller-dc1\/","url":"https:\/\/dev.myindustrial.eu\/et\/shop\/toostuskontrollerid-juhtkangid-ja-konsoolid\/juhtpuldid\/gessmann-display-controller-dc1\/","name":"N\u00e4idiku kontroller DC1 - My industrial","isPartOf":{"@id":"https:\/\/dev.myindustrial.eu\/et\/#website"},"primaryImageOfPage":{"@id":"https:\/\/dev.myindustrial.eu\/et\/shop\/toostuskontrollerid-juhtkangid-ja-konsoolid\/juhtpuldid\/gessmann-display-controller-dc1\/#primaryimage"},"image":{"@id":"https:\/\/dev.myindustrial.eu\/et\/shop\/toostuskontrollerid-juhtkangid-ja-konsoolid\/juhtpuldid\/gessmann-display-controller-dc1\/#primaryimage"},"thumbnailUrl":"https:\/\/dev.myindustrial.eu\/wp-content\/uploads\/2023\/03\/dc1.webp","datePublished":"2023-03-10T13:37:01+00:00","dateModified":"2023-06-16T19:55:21+00:00","breadcrumb":{"@id":"https:\/\/dev.myindustrial.eu\/et\/shop\/toostuskontrollerid-juhtkangid-ja-konsoolid\/juhtpuldid\/gessmann-display-controller-dc1\/#breadcrumb"},"inLanguage":"et","potentialAction":[{"@type":"ReadAction","target":["https:\/\/dev.myindustrial.eu\/et\/shop\/toostuskontrollerid-juhtkangid-ja-konsoolid\/juhtpuldid\/gessmann-display-controller-dc1\/"]}]},{"@type":"ImageObject","inLanguage":"et","@id":"https:\/\/dev.myindustrial.eu\/et\/shop\/toostuskontrollerid-juhtkangid-ja-konsoolid\/juhtpuldid\/gessmann-display-controller-dc1\/#primaryimage","url":"https:\/\/dev.myindustrial.eu\/wp-content\/uploads\/2023\/03\/dc1.webp","contentUrl":"https:\/\/dev.myindustrial.eu\/wp-content\/uploads\/2023\/03\/dc1.webp","width":917,"height":735},{"@type":"BreadcrumbList","@id":"https:\/\/dev.myindustrial.eu\/et\/shop\/toostuskontrollerid-juhtkangid-ja-konsoolid\/juhtpuldid\/gessmann-display-controller-dc1\/#breadcrumb","itemListElement":[{"@type":"ListItem","position":1,"name":"Home","item":"https:\/\/dev.myindustrial.eu\/et\/"},{"@type":"ListItem","position":2,"name":"Products","item":"https:\/\/dev.myindustrial.eu\/et\/products\/"},{"@type":"ListItem","position":3,"name":"N\u00e4idiku kontroller DC1"}]},{"@type":"WebSite","@id":"https:\/\/dev.myindustrial.eu\/et\/#website","url":"https:\/\/dev.myindustrial.eu\/et\/","name":"My industrial","description":"","potentialAction":[{"@type":"SearchAction","target":{"@type":"EntryPoint","urlTemplate":"https:\/\/dev.myindustrial.eu\/et\/?s={search_term_string}"},"query-input":{"@type":"PropertyValueSpecification","valueRequired":true,"valueName":"search_term_string"}}],"inLanguage":"et"}]}},"_links":{"self":[{"href":"https:\/\/dev.myindustrial.eu\/et\/wp-json\/wp\/v2\/product\/1260063061","targetHints":{"allow":["GET"]}}],"collection":[{"href":"https:\/\/dev.myindustrial.eu\/et\/wp-json\/wp\/v2\/product"}],"about":[{"href":"https:\/\/dev.myindustrial.eu\/et\/wp-json\/wp\/v2\/types\/product"}],"version-history":[{"count":0,"href":"https:\/\/dev.myindustrial.eu\/et\/wp-json\/wp\/v2\/product\/1260063061\/revisions"}],"wp:featuredmedia":[{"embeddable":true,"href":"https:\/\/dev.myindustrial.eu\/et\/wp-json\/wp\/v2\/media\/1260063057"}],"wp:attachment":[{"href":"https:\/\/dev.myindustrial.eu\/et\/wp-json\/wp\/v2\/media?parent=1260063061"}],"wp:term":[{"taxonomy":"product_brand","embeddable":true,"href":"https:\/\/dev.myindustrial.eu\/et\/wp-json\/wp\/v2\/product_brand?post=1260063061"},{"taxonomy":"product_cat","embeddable":true,"href":"https:\/\/dev.myindustrial.eu\/et\/wp-json\/wp\/v2\/product_cat?post=1260063061"},{"taxonomy":"product_tag","embeddable":true,"href":"https:\/\/dev.myindustrial.eu\/et\/wp-json\/wp\/v2\/product_tag?post=1260063061"}],"curies":[{"name":"wp","href":"https:\/\/api.w.org\/{rel}","templated":true}]}}