{"id":1260063106,"date":"2023-03-10T14:11:22","date_gmt":"2023-03-10T14:11:22","guid":{"rendered":"https:\/\/dev.myindustrial.eu\/shop\/maaratlemata\/gessmann-traversing-unit-lk3\/"},"modified":"2023-06-16T19:55:21","modified_gmt":"2023-06-16T19:55:21","slug":"gessmann-traversing-unit-lk3","status":"publish","type":"product","link":"https:\/\/dev.myindustrial.eu\/et\/shop\/toostuskontrollerid-juhtkangid-ja-konsoolid\/juhtpuldid\/gessmann-traversing-unit-lk3\/","title":{"rendered":"P\u00f6\u00f6ramisseade LK3"},"content":{"rendered":"","protected":false},"excerpt":{"rendered":"<p>LK 3 manuaalset p\u00f6\u00f6ramisseadet saab kasutada meie juhtseadme KST31 lisavarustusena. P\u00f6\u00f6ramis- ja keeramisseadet saab mugavalt avada vaid \u00fche hoovaga. Saadaval on p\u00f5randasse s\u00fcvistatav ja p\u00f5randale paigaldatav versioon.<\/p>\n<p>Pinnat\u00f6\u00f6tlus:<br \/>\nKruntv\u00e4rviga ja tekstuurne pinnakate<br \/>\nStandardv\u00e4rv RAL 9011 must v\u00f5i 7035 helehall<\/p>\n<p><a href=\"\/wp-content\/uploads\/2023\/03\/traversing-unit-lk3-1.pdf\" target=\"_blank\" rel=\"noopener\"><img decoding=\"async\" src=\"\/wp-content\/uploads\/2023\/02\/download-button-est.svg\" \/><\/a><\/p>\n","protected":false},"featured_media":1260063102,"template":"","meta":[],"product_brand":[],"product_cat":[1318,1320],"product_tag":[],"class_list":{"0":"post-1260063106","1":"product","2":"type-product","3":"status-publish","4":"has-post-thumbnail","6":"product_cat-toostuskontrollerid-juhtkangid-ja-konsoolid","7":"product_cat-juhtpuldid","9":"first","10":"instock","11":"shipping-taxable","12":"product-type-simple"},"yoast_head":"<!-- This site is optimized with the Yoast SEO plugin v27.1.1 - https:\/\/yoast.com\/product\/yoast-seo-wordpress\/ -->\n<title>P\u00f6\u00f6ramisseade LK3 - My industrial<\/title>\n<meta name=\"robots\" content=\"noindex, follow, max-snippet:-1, max-image-preview:large, max-video-preview:-1\" \/>\n<meta property=\"og:locale\" content=\"et_EE\" \/>\n<meta property=\"og:type\" content=\"article\" \/>\n<meta property=\"og:title\" content=\"P\u00f6\u00f6ramisseade LK3 - My industrial\" \/>\n<meta property=\"og:description\" content=\"LK 3 manuaalset p\u00f6\u00f6ramisseadet saab kasutada meie juhtseadme KST31 lisavarustusena. P\u00f6\u00f6ramis- ja keeramisseadet saab mugavalt avada vaid \u00fche hoovaga. Saadaval on p\u00f5randasse s\u00fcvistatav ja p\u00f5randale paigaldatav versioon.  Pinnat\u00f6\u00f6tlus: Kruntv\u00e4rviga ja tekstuurne pinnakate Standardv\u00e4rv RAL 9011 must v\u00f5i 7035 helehall\" \/>\n<meta property=\"og:url\" content=\"https:\/\/dev.myindustrial.eu\/et\/shop\/toostuskontrollerid-juhtkangid-ja-konsoolid\/juhtpuldid\/gessmann-traversing-unit-lk3\/\" \/>\n<meta property=\"og:site_name\" content=\"My industrial\" \/>\n<meta property=\"article:modified_time\" content=\"2023-06-16T19:55:21+00:00\" \/>\n<meta property=\"og:image\" content=\"https:\/\/dev.myindustrial.eu\/wp-content\/uploads\/2023\/03\/lk3.webp\" \/>\n\t<meta property=\"og:image:width\" content=\"2646\" \/>\n\t<meta property=\"og:image:height\" content=\"2160\" \/>\n\t<meta property=\"og:image:type\" content=\"image\/webp\" \/>\n<meta name=\"twitter:card\" content=\"summary_large_image\" \/>\n<script type=\"application\/ld+json\" class=\"yoast-schema-graph\">{\"@context\":\"https:\/\/schema.org\",\"@graph\":[{\"@type\":\"WebPage\",\"@id\":\"https:\/\/dev.myindustrial.eu\/et\/shop\/toostuskontrollerid-juhtkangid-ja-konsoolid\/juhtpuldid\/gessmann-traversing-unit-lk3\/\",\"url\":\"https:\/\/dev.myindustrial.eu\/et\/shop\/toostuskontrollerid-juhtkangid-ja-konsoolid\/juhtpuldid\/gessmann-traversing-unit-lk3\/\",\"name\":\"P\u00f6\u00f6ramisseade LK3 - My industrial\",\"isPartOf\":{\"@id\":\"https:\/\/dev.myindustrial.eu\/et\/#website\"},\"primaryImageOfPage\":{\"@id\":\"https:\/\/dev.myindustrial.eu\/et\/shop\/toostuskontrollerid-juhtkangid-ja-konsoolid\/juhtpuldid\/gessmann-traversing-unit-lk3\/#primaryimage\"},\"image\":{\"@id\":\"https:\/\/dev.myindustrial.eu\/et\/shop\/toostuskontrollerid-juhtkangid-ja-konsoolid\/juhtpuldid\/gessmann-traversing-unit-lk3\/#primaryimage\"},\"thumbnailUrl\":\"https:\/\/dev.myindustrial.eu\/wp-content\/uploads\/2023\/03\/lk3.webp\",\"datePublished\":\"2023-03-10T14:11:22+00:00\",\"dateModified\":\"2023-06-16T19:55:21+00:00\",\"breadcrumb\":{\"@id\":\"https:\/\/dev.myindustrial.eu\/et\/shop\/toostuskontrollerid-juhtkangid-ja-konsoolid\/juhtpuldid\/gessmann-traversing-unit-lk3\/#breadcrumb\"},\"inLanguage\":\"et\",\"potentialAction\":[{\"@type\":\"ReadAction\",\"target\":[\"https:\/\/dev.myindustrial.eu\/et\/shop\/toostuskontrollerid-juhtkangid-ja-konsoolid\/juhtpuldid\/gessmann-traversing-unit-lk3\/\"]}]},{\"@type\":\"ImageObject\",\"inLanguage\":\"et\",\"@id\":\"https:\/\/dev.myindustrial.eu\/et\/shop\/toostuskontrollerid-juhtkangid-ja-konsoolid\/juhtpuldid\/gessmann-traversing-unit-lk3\/#primaryimage\",\"url\":\"https:\/\/dev.myindustrial.eu\/wp-content\/uploads\/2023\/03\/lk3.webp\",\"contentUrl\":\"https:\/\/dev.myindustrial.eu\/wp-content\/uploads\/2023\/03\/lk3.webp\",\"width\":2646,\"height\":2160},{\"@type\":\"BreadcrumbList\",\"@id\":\"https:\/\/dev.myindustrial.eu\/et\/shop\/toostuskontrollerid-juhtkangid-ja-konsoolid\/juhtpuldid\/gessmann-traversing-unit-lk3\/#breadcrumb\",\"itemListElement\":[{\"@type\":\"ListItem\",\"position\":1,\"name\":\"Home\",\"item\":\"https:\/\/dev.myindustrial.eu\/et\/\"},{\"@type\":\"ListItem\",\"position\":2,\"name\":\"Products\",\"item\":\"https:\/\/dev.myindustrial.eu\/et\/products\/\"},{\"@type\":\"ListItem\",\"position\":3,\"name\":\"P\u00f6\u00f6ramisseade LK3\"}]},{\"@type\":\"WebSite\",\"@id\":\"https:\/\/dev.myindustrial.eu\/et\/#website\",\"url\":\"https:\/\/dev.myindustrial.eu\/et\/\",\"name\":\"My industrial\",\"description\":\"\",\"potentialAction\":[{\"@type\":\"SearchAction\",\"target\":{\"@type\":\"EntryPoint\",\"urlTemplate\":\"https:\/\/dev.myindustrial.eu\/et\/?s={search_term_string}\"},\"query-input\":{\"@type\":\"PropertyValueSpecification\",\"valueRequired\":true,\"valueName\":\"search_term_string\"}}],\"inLanguage\":\"et\"}]}<\/script>\n<!-- \/ Yoast SEO plugin. -->","yoast_head_json":{"title":"P\u00f6\u00f6ramisseade LK3 - My industrial","robots":{"index":"noindex","follow":"follow","max-snippet":"max-snippet:-1","max-image-preview":"max-image-preview:large","max-video-preview":"max-video-preview:-1"},"og_locale":"et_EE","og_type":"article","og_title":"P\u00f6\u00f6ramisseade LK3 - My industrial","og_description":"LK 3 manuaalset p\u00f6\u00f6ramisseadet saab kasutada meie juhtseadme KST31 lisavarustusena. P\u00f6\u00f6ramis- ja keeramisseadet saab mugavalt avada vaid \u00fche hoovaga. Saadaval on p\u00f5randasse s\u00fcvistatav ja p\u00f5randale paigaldatav versioon.  Pinnat\u00f6\u00f6tlus: Kruntv\u00e4rviga ja tekstuurne pinnakate Standardv\u00e4rv RAL 9011 must v\u00f5i 7035 helehall","og_url":"https:\/\/dev.myindustrial.eu\/et\/shop\/toostuskontrollerid-juhtkangid-ja-konsoolid\/juhtpuldid\/gessmann-traversing-unit-lk3\/","og_site_name":"My industrial","article_modified_time":"2023-06-16T19:55:21+00:00","og_image":[{"width":2646,"height":2160,"url":"https:\/\/dev.myindustrial.eu\/wp-content\/uploads\/2023\/03\/lk3.webp","type":"image\/webp"}],"twitter_card":"summary_large_image","schema":{"@context":"https:\/\/schema.org","@graph":[{"@type":"WebPage","@id":"https:\/\/dev.myindustrial.eu\/et\/shop\/toostuskontrollerid-juhtkangid-ja-konsoolid\/juhtpuldid\/gessmann-traversing-unit-lk3\/","url":"https:\/\/dev.myindustrial.eu\/et\/shop\/toostuskontrollerid-juhtkangid-ja-konsoolid\/juhtpuldid\/gessmann-traversing-unit-lk3\/","name":"P\u00f6\u00f6ramisseade LK3 - My industrial","isPartOf":{"@id":"https:\/\/dev.myindustrial.eu\/et\/#website"},"primaryImageOfPage":{"@id":"https:\/\/dev.myindustrial.eu\/et\/shop\/toostuskontrollerid-juhtkangid-ja-konsoolid\/juhtpuldid\/gessmann-traversing-unit-lk3\/#primaryimage"},"image":{"@id":"https:\/\/dev.myindustrial.eu\/et\/shop\/toostuskontrollerid-juhtkangid-ja-konsoolid\/juhtpuldid\/gessmann-traversing-unit-lk3\/#primaryimage"},"thumbnailUrl":"https:\/\/dev.myindustrial.eu\/wp-content\/uploads\/2023\/03\/lk3.webp","datePublished":"2023-03-10T14:11:22+00:00","dateModified":"2023-06-16T19:55:21+00:00","breadcrumb":{"@id":"https:\/\/dev.myindustrial.eu\/et\/shop\/toostuskontrollerid-juhtkangid-ja-konsoolid\/juhtpuldid\/gessmann-traversing-unit-lk3\/#breadcrumb"},"inLanguage":"et","potentialAction":[{"@type":"ReadAction","target":["https:\/\/dev.myindustrial.eu\/et\/shop\/toostuskontrollerid-juhtkangid-ja-konsoolid\/juhtpuldid\/gessmann-traversing-unit-lk3\/"]}]},{"@type":"ImageObject","inLanguage":"et","@id":"https:\/\/dev.myindustrial.eu\/et\/shop\/toostuskontrollerid-juhtkangid-ja-konsoolid\/juhtpuldid\/gessmann-traversing-unit-lk3\/#primaryimage","url":"https:\/\/dev.myindustrial.eu\/wp-content\/uploads\/2023\/03\/lk3.webp","contentUrl":"https:\/\/dev.myindustrial.eu\/wp-content\/uploads\/2023\/03\/lk3.webp","width":2646,"height":2160},{"@type":"BreadcrumbList","@id":"https:\/\/dev.myindustrial.eu\/et\/shop\/toostuskontrollerid-juhtkangid-ja-konsoolid\/juhtpuldid\/gessmann-traversing-unit-lk3\/#breadcrumb","itemListElement":[{"@type":"ListItem","position":1,"name":"Home","item":"https:\/\/dev.myindustrial.eu\/et\/"},{"@type":"ListItem","position":2,"name":"Products","item":"https:\/\/dev.myindustrial.eu\/et\/products\/"},{"@type":"ListItem","position":3,"name":"P\u00f6\u00f6ramisseade LK3"}]},{"@type":"WebSite","@id":"https:\/\/dev.myindustrial.eu\/et\/#website","url":"https:\/\/dev.myindustrial.eu\/et\/","name":"My industrial","description":"","potentialAction":[{"@type":"SearchAction","target":{"@type":"EntryPoint","urlTemplate":"https:\/\/dev.myindustrial.eu\/et\/?s={search_term_string}"},"query-input":{"@type":"PropertyValueSpecification","valueRequired":true,"valueName":"search_term_string"}}],"inLanguage":"et"}]}},"_links":{"self":[{"href":"https:\/\/dev.myindustrial.eu\/et\/wp-json\/wp\/v2\/product\/1260063106","targetHints":{"allow":["GET"]}}],"collection":[{"href":"https:\/\/dev.myindustrial.eu\/et\/wp-json\/wp\/v2\/product"}],"about":[{"href":"https:\/\/dev.myindustrial.eu\/et\/wp-json\/wp\/v2\/types\/product"}],"version-history":[{"count":0,"href":"https:\/\/dev.myindustrial.eu\/et\/wp-json\/wp\/v2\/product\/1260063106\/revisions"}],"wp:featuredmedia":[{"embeddable":true,"href":"https:\/\/dev.myindustrial.eu\/et\/wp-json\/wp\/v2\/media\/1260063102"}],"wp:attachment":[{"href":"https:\/\/dev.myindustrial.eu\/et\/wp-json\/wp\/v2\/media?parent=1260063106"}],"wp:term":[{"taxonomy":"product_brand","embeddable":true,"href":"https:\/\/dev.myindustrial.eu\/et\/wp-json\/wp\/v2\/product_brand?post=1260063106"},{"taxonomy":"product_cat","embeddable":true,"href":"https:\/\/dev.myindustrial.eu\/et\/wp-json\/wp\/v2\/product_cat?post=1260063106"},{"taxonomy":"product_tag","embeddable":true,"href":"https:\/\/dev.myindustrial.eu\/et\/wp-json\/wp\/v2\/product_tag?post=1260063106"}],"curies":[{"name":"wp","href":"https:\/\/api.w.org\/{rel}","templated":true}]}}