{"id":1260063122,"date":"2022-12-14T13:50:38","date_gmt":"2022-12-14T13:50:38","guid":{"rendered":"https:\/\/dev.myindustrial.eu\/shop\/maaratlemata\/gessmann-electronic-control-unit-es-43\/"},"modified":"2023-06-16T19:55:44","modified_gmt":"2023-06-16T19:55:44","slug":"gessmann-electronic-control-unit-es-43","status":"publish","type":"product","link":"https:\/\/dev.myindustrial.eu\/et\/shop\/toostuskontrollerid-juhtkangid-ja-konsoolid\/kohandatud-lahendused\/gessmann-electronic-control-unit-es-43\/","title":{"rendered":"Elektrooniline juhtseade ES\/43"},"content":{"rendered":"","protected":false},"excerpt":{"rendered":"<p>Elektrooniline juhtseade ES\/43 on ette n\u00e4htud proportsionaalsete klappide juhtimiseks ilma asendi juhtimiseta. Saadaval on 4 proportsionaalse klapi solenoidi (ES\/43-10) versioon ja 2 proportsionaalse klapi solenoidi (ES\/43-11) versioon.<\/p>\n<p>Seda toodet kasutatakse l\u00fclitusahelas potentsiomeetri v\u00e4ljundsignaaliga juhtseadmetest proportsionaalse klapi juhtimiseni, mis on populaarne raskete seadmete juhts\u00fcsteemides ning t\u00f5stemehhanismide s\u00fcsteemides, kus kasutatakse h\u00fcdraulilist juhtimist. Konkreetset elektroonilist juhtseadet saab kohandada vastavalt kliendi vajadustele ning seadme juhtimisp\u00f5him\u00f5ttes saab luua vajaliku \u00fclemineku.<\/p>\n<p><a href=\"\/wp-content\/uploads\/2022\/12\/es43.pdf\" target=\"_blank\" rel=\"noopener\"><img decoding=\"async\" src=\"\/wp-content\/uploads\/2023\/02\/download-button-est.svg\" \/><\/a><\/p>\n","protected":false},"featured_media":1260062197,"template":"","meta":[],"product_brand":[],"product_cat":[1318,1645],"product_tag":[],"class_list":{"0":"post-1260063122","1":"product","2":"type-product","3":"status-publish","4":"has-post-thumbnail","6":"product_cat-toostuskontrollerid-juhtkangid-ja-konsoolid","7":"product_cat-kohandatud-lahendused","9":"first","10":"instock","11":"shipping-taxable","12":"product-type-simple"},"yoast_head":"<!-- This site is optimized with the Yoast SEO plugin v27.1.1 - https:\/\/yoast.com\/product\/yoast-seo-wordpress\/ -->\n<title>Elektrooniline juhtseade ES\/43 - My industrial<\/title>\n<meta name=\"robots\" content=\"noindex, follow, max-snippet:-1, max-image-preview:large, max-video-preview:-1\" \/>\n<meta property=\"og:locale\" content=\"et_EE\" \/>\n<meta property=\"og:type\" content=\"article\" \/>\n<meta property=\"og:title\" content=\"Elektrooniline juhtseade ES\/43 - My industrial\" \/>\n<meta property=\"og:description\" content=\"Elektrooniline juhtseade ES\/43 on ette n\u00e4htud proportsionaalsete klappide juhtimiseks ilma asendi juhtimiseta. Saadaval on 4 proportsionaalse klapi solenoidi (ES\/43-10) versioon ja 2 proportsionaalse klapi solenoidi (ES\/43-11) versioon.  Seda toodet kasutatakse l\u00fclitusahelas potentsiomeetri v\u00e4ljundsignaaliga juhtseadmetest proportsionaalse klapi juhtimiseni, mis on populaarne raskete seadmete juhts\u00fcsteemides ning t\u00f5stemehhanismide s\u00fcsteemides, kus kasutatakse h\u00fcdraulilist juhtimist. Konkreetset elektroonilist juhtseadet saab kohandada vastavalt kliendi vajadustele ning seadme juhtimisp\u00f5him\u00f5ttes saab luua vajaliku \u00fclemineku.\" \/>\n<meta property=\"og:url\" content=\"https:\/\/dev.myindustrial.eu\/et\/shop\/toostuskontrollerid-juhtkangid-ja-konsoolid\/kohandatud-lahendused\/gessmann-electronic-control-unit-es-43\/\" \/>\n<meta property=\"og:site_name\" content=\"My industrial\" \/>\n<meta property=\"article:modified_time\" content=\"2023-06-16T19:55:44+00:00\" \/>\n<meta property=\"og:image\" content=\"https:\/\/dev.myindustrial.eu\/wp-content\/uploads\/2022\/12\/gessmann-big-logo-800x800.jpg\" \/>\n\t<meta property=\"og:image:width\" content=\"800\" \/>\n\t<meta property=\"og:image:height\" content=\"800\" \/>\n\t<meta property=\"og:image:type\" content=\"image\/jpeg\" \/>\n<meta name=\"twitter:card\" content=\"summary_large_image\" \/>\n<script type=\"application\/ld+json\" class=\"yoast-schema-graph\">{\"@context\":\"https:\/\/schema.org\",\"@graph\":[{\"@type\":\"WebPage\",\"@id\":\"https:\/\/dev.myindustrial.eu\/et\/shop\/toostuskontrollerid-juhtkangid-ja-konsoolid\/kohandatud-lahendused\/gessmann-electronic-control-unit-es-43\/\",\"url\":\"https:\/\/dev.myindustrial.eu\/et\/shop\/toostuskontrollerid-juhtkangid-ja-konsoolid\/kohandatud-lahendused\/gessmann-electronic-control-unit-es-43\/\",\"name\":\"Elektrooniline juhtseade ES\/43 - My industrial\",\"isPartOf\":{\"@id\":\"https:\/\/dev.myindustrial.eu\/et\/#website\"},\"primaryImageOfPage\":{\"@id\":\"https:\/\/dev.myindustrial.eu\/et\/shop\/toostuskontrollerid-juhtkangid-ja-konsoolid\/kohandatud-lahendused\/gessmann-electronic-control-unit-es-43\/#primaryimage\"},\"image\":{\"@id\":\"https:\/\/dev.myindustrial.eu\/et\/shop\/toostuskontrollerid-juhtkangid-ja-konsoolid\/kohandatud-lahendused\/gessmann-electronic-control-unit-es-43\/#primaryimage\"},\"thumbnailUrl\":\"https:\/\/dev.myindustrial.eu\/wp-content\/uploads\/2022\/12\/gessmann-big-logo-800x800.jpg\",\"datePublished\":\"2022-12-14T13:50:38+00:00\",\"dateModified\":\"2023-06-16T19:55:44+00:00\",\"breadcrumb\":{\"@id\":\"https:\/\/dev.myindustrial.eu\/et\/shop\/toostuskontrollerid-juhtkangid-ja-konsoolid\/kohandatud-lahendused\/gessmann-electronic-control-unit-es-43\/#breadcrumb\"},\"inLanguage\":\"et\",\"potentialAction\":[{\"@type\":\"ReadAction\",\"target\":[\"https:\/\/dev.myindustrial.eu\/et\/shop\/toostuskontrollerid-juhtkangid-ja-konsoolid\/kohandatud-lahendused\/gessmann-electronic-control-unit-es-43\/\"]}]},{\"@type\":\"ImageObject\",\"inLanguage\":\"et\",\"@id\":\"https:\/\/dev.myindustrial.eu\/et\/shop\/toostuskontrollerid-juhtkangid-ja-konsoolid\/kohandatud-lahendused\/gessmann-electronic-control-unit-es-43\/#primaryimage\",\"url\":\"https:\/\/dev.myindustrial.eu\/wp-content\/uploads\/2022\/12\/gessmann-big-logo-800x800.jpg\",\"contentUrl\":\"https:\/\/dev.myindustrial.eu\/wp-content\/uploads\/2022\/12\/gessmann-big-logo-800x800.jpg\",\"width\":800,\"height\":800},{\"@type\":\"BreadcrumbList\",\"@id\":\"https:\/\/dev.myindustrial.eu\/et\/shop\/toostuskontrollerid-juhtkangid-ja-konsoolid\/kohandatud-lahendused\/gessmann-electronic-control-unit-es-43\/#breadcrumb\",\"itemListElement\":[{\"@type\":\"ListItem\",\"position\":1,\"name\":\"Home\",\"item\":\"https:\/\/dev.myindustrial.eu\/et\/\"},{\"@type\":\"ListItem\",\"position\":2,\"name\":\"Products\",\"item\":\"https:\/\/dev.myindustrial.eu\/et\/products\/\"},{\"@type\":\"ListItem\",\"position\":3,\"name\":\"Elektrooniline juhtseade ES\/43\"}]},{\"@type\":\"WebSite\",\"@id\":\"https:\/\/dev.myindustrial.eu\/et\/#website\",\"url\":\"https:\/\/dev.myindustrial.eu\/et\/\",\"name\":\"My industrial\",\"description\":\"\",\"potentialAction\":[{\"@type\":\"SearchAction\",\"target\":{\"@type\":\"EntryPoint\",\"urlTemplate\":\"https:\/\/dev.myindustrial.eu\/et\/?s={search_term_string}\"},\"query-input\":{\"@type\":\"PropertyValueSpecification\",\"valueRequired\":true,\"valueName\":\"search_term_string\"}}],\"inLanguage\":\"et\"}]}<\/script>\n<!-- \/ Yoast SEO plugin. -->","yoast_head_json":{"title":"Elektrooniline juhtseade ES\/43 - My industrial","robots":{"index":"noindex","follow":"follow","max-snippet":"max-snippet:-1","max-image-preview":"max-image-preview:large","max-video-preview":"max-video-preview:-1"},"og_locale":"et_EE","og_type":"article","og_title":"Elektrooniline juhtseade ES\/43 - My industrial","og_description":"Elektrooniline juhtseade ES\/43 on ette n\u00e4htud proportsionaalsete klappide juhtimiseks ilma asendi juhtimiseta. Saadaval on 4 proportsionaalse klapi solenoidi (ES\/43-10) versioon ja 2 proportsionaalse klapi solenoidi (ES\/43-11) versioon.  Seda toodet kasutatakse l\u00fclitusahelas potentsiomeetri v\u00e4ljundsignaaliga juhtseadmetest proportsionaalse klapi juhtimiseni, mis on populaarne raskete seadmete juhts\u00fcsteemides ning t\u00f5stemehhanismide s\u00fcsteemides, kus kasutatakse h\u00fcdraulilist juhtimist. Konkreetset elektroonilist juhtseadet saab kohandada vastavalt kliendi vajadustele ning seadme juhtimisp\u00f5him\u00f5ttes saab luua vajaliku \u00fclemineku.","og_url":"https:\/\/dev.myindustrial.eu\/et\/shop\/toostuskontrollerid-juhtkangid-ja-konsoolid\/kohandatud-lahendused\/gessmann-electronic-control-unit-es-43\/","og_site_name":"My industrial","article_modified_time":"2023-06-16T19:55:44+00:00","og_image":[{"width":800,"height":800,"url":"https:\/\/dev.myindustrial.eu\/wp-content\/uploads\/2022\/12\/gessmann-big-logo-800x800.jpg","type":"image\/jpeg"}],"twitter_card":"summary_large_image","schema":{"@context":"https:\/\/schema.org","@graph":[{"@type":"WebPage","@id":"https:\/\/dev.myindustrial.eu\/et\/shop\/toostuskontrollerid-juhtkangid-ja-konsoolid\/kohandatud-lahendused\/gessmann-electronic-control-unit-es-43\/","url":"https:\/\/dev.myindustrial.eu\/et\/shop\/toostuskontrollerid-juhtkangid-ja-konsoolid\/kohandatud-lahendused\/gessmann-electronic-control-unit-es-43\/","name":"Elektrooniline juhtseade ES\/43 - My industrial","isPartOf":{"@id":"https:\/\/dev.myindustrial.eu\/et\/#website"},"primaryImageOfPage":{"@id":"https:\/\/dev.myindustrial.eu\/et\/shop\/toostuskontrollerid-juhtkangid-ja-konsoolid\/kohandatud-lahendused\/gessmann-electronic-control-unit-es-43\/#primaryimage"},"image":{"@id":"https:\/\/dev.myindustrial.eu\/et\/shop\/toostuskontrollerid-juhtkangid-ja-konsoolid\/kohandatud-lahendused\/gessmann-electronic-control-unit-es-43\/#primaryimage"},"thumbnailUrl":"https:\/\/dev.myindustrial.eu\/wp-content\/uploads\/2022\/12\/gessmann-big-logo-800x800.jpg","datePublished":"2022-12-14T13:50:38+00:00","dateModified":"2023-06-16T19:55:44+00:00","breadcrumb":{"@id":"https:\/\/dev.myindustrial.eu\/et\/shop\/toostuskontrollerid-juhtkangid-ja-konsoolid\/kohandatud-lahendused\/gessmann-electronic-control-unit-es-43\/#breadcrumb"},"inLanguage":"et","potentialAction":[{"@type":"ReadAction","target":["https:\/\/dev.myindustrial.eu\/et\/shop\/toostuskontrollerid-juhtkangid-ja-konsoolid\/kohandatud-lahendused\/gessmann-electronic-control-unit-es-43\/"]}]},{"@type":"ImageObject","inLanguage":"et","@id":"https:\/\/dev.myindustrial.eu\/et\/shop\/toostuskontrollerid-juhtkangid-ja-konsoolid\/kohandatud-lahendused\/gessmann-electronic-control-unit-es-43\/#primaryimage","url":"https:\/\/dev.myindustrial.eu\/wp-content\/uploads\/2022\/12\/gessmann-big-logo-800x800.jpg","contentUrl":"https:\/\/dev.myindustrial.eu\/wp-content\/uploads\/2022\/12\/gessmann-big-logo-800x800.jpg","width":800,"height":800},{"@type":"BreadcrumbList","@id":"https:\/\/dev.myindustrial.eu\/et\/shop\/toostuskontrollerid-juhtkangid-ja-konsoolid\/kohandatud-lahendused\/gessmann-electronic-control-unit-es-43\/#breadcrumb","itemListElement":[{"@type":"ListItem","position":1,"name":"Home","item":"https:\/\/dev.myindustrial.eu\/et\/"},{"@type":"ListItem","position":2,"name":"Products","item":"https:\/\/dev.myindustrial.eu\/et\/products\/"},{"@type":"ListItem","position":3,"name":"Elektrooniline juhtseade ES\/43"}]},{"@type":"WebSite","@id":"https:\/\/dev.myindustrial.eu\/et\/#website","url":"https:\/\/dev.myindustrial.eu\/et\/","name":"My industrial","description":"","potentialAction":[{"@type":"SearchAction","target":{"@type":"EntryPoint","urlTemplate":"https:\/\/dev.myindustrial.eu\/et\/?s={search_term_string}"},"query-input":{"@type":"PropertyValueSpecification","valueRequired":true,"valueName":"search_term_string"}}],"inLanguage":"et"}]}},"_links":{"self":[{"href":"https:\/\/dev.myindustrial.eu\/et\/wp-json\/wp\/v2\/product\/1260063122","targetHints":{"allow":["GET"]}}],"collection":[{"href":"https:\/\/dev.myindustrial.eu\/et\/wp-json\/wp\/v2\/product"}],"about":[{"href":"https:\/\/dev.myindustrial.eu\/et\/wp-json\/wp\/v2\/types\/product"}],"version-history":[{"count":1,"href":"https:\/\/dev.myindustrial.eu\/et\/wp-json\/wp\/v2\/product\/1260063122\/revisions"}],"predecessor-version":[{"id":1260063127,"href":"https:\/\/dev.myindustrial.eu\/et\/wp-json\/wp\/v2\/product\/1260063122\/revisions\/1260063127"}],"wp:featuredmedia":[{"embeddable":true,"href":"https:\/\/dev.myindustrial.eu\/et\/wp-json\/wp\/v2\/media\/1260062197"}],"wp:attachment":[{"href":"https:\/\/dev.myindustrial.eu\/et\/wp-json\/wp\/v2\/media?parent=1260063122"}],"wp:term":[{"taxonomy":"product_brand","embeddable":true,"href":"https:\/\/dev.myindustrial.eu\/et\/wp-json\/wp\/v2\/product_brand?post=1260063122"},{"taxonomy":"product_cat","embeddable":true,"href":"https:\/\/dev.myindustrial.eu\/et\/wp-json\/wp\/v2\/product_cat?post=1260063122"},{"taxonomy":"product_tag","embeddable":true,"href":"https:\/\/dev.myindustrial.eu\/et\/wp-json\/wp\/v2\/product_tag?post=1260063122"}],"curies":[{"name":"wp","href":"https:\/\/api.w.org\/{rel}","templated":true}]}}