{"id":1260063128,"date":"2022-12-14T14:02:05","date_gmt":"2022-12-14T14:02:05","guid":{"rendered":"https:\/\/dev.myindustrial.eu\/shop\/maaratlemata\/gessmann-housing-for-our-switching-device-c1\/"},"modified":"2023-06-16T19:55:44","modified_gmt":"2023-06-16T19:55:44","slug":"gessmann-housing-for-our-switching-device-c1","status":"publish","type":"product","link":"https:\/\/dev.myindustrial.eu\/et\/shop\/toostuskontrollerid-juhtkangid-ja-konsoolid\/kohandatud-lahendused\/gessmann-housing-for-our-switching-device-c1\/","title":{"rendered":"Korpus meie l\u00fclitusseadmele"},"content":{"rendered":"<p><b>Tehnilised andmed:<\/b><span style=\"font-weight: 400\">T\u00f6\u00f6temperatuur: -40\u00b0C kuni +85\u00b0C<\/span><span style=\"font-weight: 400\">Horisontaalne reguleerimine: +\/- 30 mm<\/span><b>Peamine sisestusplaat:<\/b><span style=\"font-weight: 400\">Kolm peamist sisestusplaati: palju variatsioone<\/span><span style=\"font-weight: 400\">Kliendispetsiifilised lisad: realiseeritakse kergesti<\/span><span style=\"font-weight: 400\">Eelm\u00e4\u00e4ratletud ruudustik puudub<\/span><b>Kompaktne:<\/b><span style=\"font-weight: 400\">(L x P x K), 160 x 520 x 100 kuni 150 mm<\/span><b>Korpuse \u00fclemine osa:<\/b><span style=\"font-weight: 400\">\u00d5huke ja vastupidav korpus<\/span><span style=\"font-weight: 400\">Erinevad paigaldusv\u00f5imalused<\/span><b>K\u00e4etugi ja panipaik:<\/b><span style=\"font-weight: 400\">K\u00e4etugi on reguleeritav erinevates sammudes<\/span><span style=\"font-weight: 400\">Ergonoomiline ja kliendile kohandatud k\u00e4etugi<\/span><span style=\"font-weight: 400\">Individuaalsed paigaldustingimused<\/span><b>Olge loominguline:<\/b><span style=\"font-weight: 400\">Looge oma br\u00e4nd<\/span><span style=\"font-weight: 400\">Kas ettev\u00f5tte logoga v\u00f5i ilma<\/span><span style=\"font-weight: 400\">Saadaval on ka valgustus<\/span><b>Taustvalgus<\/b><span style=\"font-weight: 400\">T\u00f6\u00f6tame v\u00e4lja individuaalseid valguslahendusi\u00a0<\/span><span style=\"font-weight: 400\">K\u00f5ik realiseeritud projektid p\u00f5hinesid sageli konstrueeritud t\u00fc\u00fcbil, luues esialgu p\u00f5hikorpuse ja t\u00e4iendades hiljem seda t\u00e4iendavate tarvikute ja detailidega. See modulaarne lahendus on mugav juhul, kui soovite lisada seda, mis teil juba on.<\/span><iframe width=\"560\" height=\"315\" src=\"https:\/\/www.youtube.com\/embed\/7iSu28NLHTk\" frameborder=\"0\" allow=\"accelerometer; autoplay; clipboard-write; encrypted-media; gyroscope; picture-in-picture; web-share\" allowfullscreen><\/iframe> <iframe width=\"560\" height=\"315\" src=\"https:\/\/www.youtube.com\/embed\/J0uY1lDOYOc\" frameborder=\"0\" allow=\"accelerometer; autoplay; clipboard-write; encrypted-media; gyroscope; picture-in-picture; web-share\" allowfullscreen><\/iframe><iframe width=\"560\" height=\"315\" src=\"https:\/\/www.youtube.com\/embed\/Ei8P8Yr6Evk\" frameborder=\"0\" allow=\"accelerometer; autoplay; clipboard-write; encrypted-media; gyroscope; picture-in-picture; web-share\" allowfullscreen><\/iframe><\/p>\n","protected":false},"excerpt":{"rendered":"<p>Juhtpaneelid, mis pakuvad kliendile l\u00f5putuid v\u00f5imalusi.<br \/>\nToodame erinevat t\u00fc\u00fcpi juhtpaneele, et anda oma klientidele maksimaalne vabadus konstruktsiooni- ja konfiguratsioonivalikute osas.<br \/>\nProjekteerimisel p\u00f6\u00f6rati t\u00e4helepanu kliendi poolt soovitud kompaktsele kujule ja ergonoomikale, mida saab laiendada lisamoodulite v\u00f5i pikenduselementidega.<br \/>\nModulaarne disain v\u00f5imaldab juhtkangide, kuvarite ja juhtseadmete individuaalset konfigureerimist.<\/p>\n<p>Alusprofiilidena kasutame teraslehte (materjali paksus 1\/1,5 mm), plastpol\u00fckarbonaati, plastikust pol\u00fcesterkorpust. Eeldatult IP54, IP65 v\u00e4rvimine RAL 7032 killustiku tekstuuriga lakk, RAL 7035 helehall, RAL 7000 hall, RAL 9011 must.<\/p>\n<p>V\u00e4lism\u00f5\u00f5tmed (mm), kirjeldatud kui (WxLxH), on vahemikus 200 x 200 x 92 (120 x 122 x 105) kuni 260 x 600 x 105 (250 x 600 x 120). Sageli kombineerime mitmest geomeetrilisest kujundist korpusi, mis loovad modulaarse kuju, pakkudes seel\u00e4bi kliendile laia valikut t\u00f6\u00f6ruumi ja kompaktse paigutamise v\u00f5imalusi.<\/p>\n<p>\u00dcks parimatest n\u00e4idetest on \u201eJuhtpaneel C1\u201c, mis loodi vahetult p\u00e4rast mitmeid klientidega l\u00e4biviidud katseid ja spetsiaalsete toodete arendamist. Sageli soovitame v\u00f5tta seda konsooli baaskonsoolina ja kasutada v\u00f5imalust ehitada juhtpaneel selle p\u00f5hjale, mida saab kohandada individuaalselt iga operaatori vajadustele.<\/p>\n<p>Peamised parameetrid on m\u00e4\u00e4ratletud standardtoote jaoks, kuid neid parameetreid saab t\u00e4iustada vastavalt kliendi vajadustele.<\/p>\n","protected":false},"featured_media":1260062870,"template":"","meta":[],"product_brand":[],"product_cat":[1318,1645],"product_tag":[],"class_list":{"0":"post-1260063128","1":"product","2":"type-product","3":"status-publish","4":"has-post-thumbnail","6":"product_cat-toostuskontrollerid-juhtkangid-ja-konsoolid","7":"product_cat-kohandatud-lahendused","9":"first","10":"instock","11":"shipping-taxable","12":"product-type-simple"},"yoast_head":"<!-- This site is optimized with the Yoast SEO plugin v27.1.1 - https:\/\/yoast.com\/product\/yoast-seo-wordpress\/ -->\n<title>Korpus meie l\u00fclitusseadmele - My industrial<\/title>\n<meta name=\"robots\" content=\"noindex, follow, max-snippet:-1, max-image-preview:large, max-video-preview:-1\" \/>\n<meta property=\"og:locale\" content=\"et_EE\" \/>\n<meta property=\"og:type\" content=\"article\" \/>\n<meta property=\"og:title\" content=\"Korpus meie l\u00fclitusseadmele - My industrial\" \/>\n<meta property=\"og:description\" content=\"Juhtpaneelid, mis pakuvad kliendile l\u00f5putuid v\u00f5imalusi. Toodame erinevat t\u00fc\u00fcpi juhtpaneele, et anda oma klientidele maksimaalne vabadus konstruktsiooni- ja konfiguratsioonivalikute osas. Projekteerimisel p\u00f6\u00f6rati t\u00e4helepanu kliendi poolt soovitud kompaktsele kujule ja ergonoomikale, mida saab laiendada lisamoodulite v\u00f5i pikenduselementidega. Modulaarne disain v\u00f5imaldab juhtkangide, kuvarite ja juhtseadmete individuaalset konfigureerimist.  Alusprofiilidena kasutame teraslehte (materjali paksus 1\/1,5 mm), plastpol\u00fckarbonaati, plastikust pol\u00fcesterkorpust. Eeldatult IP54, IP65 v\u00e4rvimine RAL 7032 killustiku tekstuuriga lakk, RAL 7035 helehall, RAL 7000 hall, RAL 9011 must.  V\u00e4lism\u00f5\u00f5tmed (mm), kirjeldatud kui (WxLxH), on vahemikus 200 x 200 x 92 (120 x 122 x 105) kuni 260 x 600 x 105 (250 x 600 x 120). Sageli kombineerime mitmest geomeetrilisest kujundist korpusi, mis loovad modulaarse kuju, pakkudes seel\u00e4bi kliendile laia valikut t\u00f6\u00f6ruumi ja kompaktse paigutamise v\u00f5imalusi.  \u00dcks parimatest n\u00e4idetest on \u201eJuhtpaneel C1\u201c, mis loodi vahetult p\u00e4rast mitmeid klientidega l\u00e4biviidud katseid ja spetsiaalsete toodete arendamist. Sageli soovitame v\u00f5tta seda konsooli baaskonsoolina ja kasutada v\u00f5imalust ehitada juhtpaneel selle p\u00f5hjale, mida saab kohandada individuaalselt iga operaatori vajadustele.  Peamised parameetrid on m\u00e4\u00e4ratletud standardtoote jaoks, kuid neid parameetreid saab t\u00e4iustada vastavalt kliendi vajadustele.\" \/>\n<meta property=\"og:url\" content=\"https:\/\/dev.myindustrial.eu\/et\/shop\/toostuskontrollerid-juhtkangid-ja-konsoolid\/kohandatud-lahendused\/gessmann-housing-for-our-switching-device-c1\/\" \/>\n<meta property=\"og:site_name\" content=\"My industrial\" \/>\n<meta property=\"article:modified_time\" content=\"2023-06-16T19:55:44+00:00\" \/>\n<meta property=\"og:image\" content=\"https:\/\/dev.myindustrial.eu\/wp-content\/uploads\/2022\/01\/c1-kalender.180.webp\" \/>\n\t<meta property=\"og:image:width\" content=\"1800\" \/>\n\t<meta property=\"og:image:height\" content=\"1290\" \/>\n\t<meta property=\"og:image:type\" content=\"image\/webp\" \/>\n<meta name=\"twitter:card\" content=\"summary_large_image\" \/>\n<script type=\"application\/ld+json\" class=\"yoast-schema-graph\">{\"@context\":\"https:\/\/schema.org\",\"@graph\":[{\"@type\":\"WebPage\",\"@id\":\"https:\/\/dev.myindustrial.eu\/et\/shop\/toostuskontrollerid-juhtkangid-ja-konsoolid\/kohandatud-lahendused\/gessmann-housing-for-our-switching-device-c1\/\",\"url\":\"https:\/\/dev.myindustrial.eu\/et\/shop\/toostuskontrollerid-juhtkangid-ja-konsoolid\/kohandatud-lahendused\/gessmann-housing-for-our-switching-device-c1\/\",\"name\":\"Korpus meie l\u00fclitusseadmele - My industrial\",\"isPartOf\":{\"@id\":\"https:\/\/dev.myindustrial.eu\/et\/#website\"},\"primaryImageOfPage\":{\"@id\":\"https:\/\/dev.myindustrial.eu\/et\/shop\/toostuskontrollerid-juhtkangid-ja-konsoolid\/kohandatud-lahendused\/gessmann-housing-for-our-switching-device-c1\/#primaryimage\"},\"image\":{\"@id\":\"https:\/\/dev.myindustrial.eu\/et\/shop\/toostuskontrollerid-juhtkangid-ja-konsoolid\/kohandatud-lahendused\/gessmann-housing-for-our-switching-device-c1\/#primaryimage\"},\"thumbnailUrl\":\"https:\/\/dev.myindustrial.eu\/wp-content\/uploads\/2022\/01\/c1-kalender.180.webp\",\"datePublished\":\"2022-12-14T14:02:05+00:00\",\"dateModified\":\"2023-06-16T19:55:44+00:00\",\"breadcrumb\":{\"@id\":\"https:\/\/dev.myindustrial.eu\/et\/shop\/toostuskontrollerid-juhtkangid-ja-konsoolid\/kohandatud-lahendused\/gessmann-housing-for-our-switching-device-c1\/#breadcrumb\"},\"inLanguage\":\"et\",\"potentialAction\":[{\"@type\":\"ReadAction\",\"target\":[\"https:\/\/dev.myindustrial.eu\/et\/shop\/toostuskontrollerid-juhtkangid-ja-konsoolid\/kohandatud-lahendused\/gessmann-housing-for-our-switching-device-c1\/\"]}]},{\"@type\":\"ImageObject\",\"inLanguage\":\"et\",\"@id\":\"https:\/\/dev.myindustrial.eu\/et\/shop\/toostuskontrollerid-juhtkangid-ja-konsoolid\/kohandatud-lahendused\/gessmann-housing-for-our-switching-device-c1\/#primaryimage\",\"url\":\"https:\/\/dev.myindustrial.eu\/wp-content\/uploads\/2022\/01\/c1-kalender.180.webp\",\"contentUrl\":\"https:\/\/dev.myindustrial.eu\/wp-content\/uploads\/2022\/01\/c1-kalender.180.webp\",\"width\":1800,\"height\":1290},{\"@type\":\"BreadcrumbList\",\"@id\":\"https:\/\/dev.myindustrial.eu\/et\/shop\/toostuskontrollerid-juhtkangid-ja-konsoolid\/kohandatud-lahendused\/gessmann-housing-for-our-switching-device-c1\/#breadcrumb\",\"itemListElement\":[{\"@type\":\"ListItem\",\"position\":1,\"name\":\"Home\",\"item\":\"https:\/\/dev.myindustrial.eu\/et\/\"},{\"@type\":\"ListItem\",\"position\":2,\"name\":\"Products\",\"item\":\"https:\/\/dev.myindustrial.eu\/et\/products\/\"},{\"@type\":\"ListItem\",\"position\":3,\"name\":\"Korpus meie l\u00fclitusseadmele\"}]},{\"@type\":\"WebSite\",\"@id\":\"https:\/\/dev.myindustrial.eu\/et\/#website\",\"url\":\"https:\/\/dev.myindustrial.eu\/et\/\",\"name\":\"My industrial\",\"description\":\"\",\"potentialAction\":[{\"@type\":\"SearchAction\",\"target\":{\"@type\":\"EntryPoint\",\"urlTemplate\":\"https:\/\/dev.myindustrial.eu\/et\/?s={search_term_string}\"},\"query-input\":{\"@type\":\"PropertyValueSpecification\",\"valueRequired\":true,\"valueName\":\"search_term_string\"}}],\"inLanguage\":\"et\"}]}<\/script>\n<!-- \/ Yoast SEO plugin. -->","yoast_head_json":{"title":"Korpus meie l\u00fclitusseadmele - My industrial","robots":{"index":"noindex","follow":"follow","max-snippet":"max-snippet:-1","max-image-preview":"max-image-preview:large","max-video-preview":"max-video-preview:-1"},"og_locale":"et_EE","og_type":"article","og_title":"Korpus meie l\u00fclitusseadmele - My industrial","og_description":"Juhtpaneelid, mis pakuvad kliendile l\u00f5putuid v\u00f5imalusi. Toodame erinevat t\u00fc\u00fcpi juhtpaneele, et anda oma klientidele maksimaalne vabadus konstruktsiooni- ja konfiguratsioonivalikute osas. Projekteerimisel p\u00f6\u00f6rati t\u00e4helepanu kliendi poolt soovitud kompaktsele kujule ja ergonoomikale, mida saab laiendada lisamoodulite v\u00f5i pikenduselementidega. Modulaarne disain v\u00f5imaldab juhtkangide, kuvarite ja juhtseadmete individuaalset konfigureerimist.  Alusprofiilidena kasutame teraslehte (materjali paksus 1\/1,5 mm), plastpol\u00fckarbonaati, plastikust pol\u00fcesterkorpust. Eeldatult IP54, IP65 v\u00e4rvimine RAL 7032 killustiku tekstuuriga lakk, RAL 7035 helehall, RAL 7000 hall, RAL 9011 must.  V\u00e4lism\u00f5\u00f5tmed (mm), kirjeldatud kui (WxLxH), on vahemikus 200 x 200 x 92 (120 x 122 x 105) kuni 260 x 600 x 105 (250 x 600 x 120). Sageli kombineerime mitmest geomeetrilisest kujundist korpusi, mis loovad modulaarse kuju, pakkudes seel\u00e4bi kliendile laia valikut t\u00f6\u00f6ruumi ja kompaktse paigutamise v\u00f5imalusi.  \u00dcks parimatest n\u00e4idetest on \u201eJuhtpaneel C1\u201c, mis loodi vahetult p\u00e4rast mitmeid klientidega l\u00e4biviidud katseid ja spetsiaalsete toodete arendamist. Sageli soovitame v\u00f5tta seda konsooli baaskonsoolina ja kasutada v\u00f5imalust ehitada juhtpaneel selle p\u00f5hjale, mida saab kohandada individuaalselt iga operaatori vajadustele.  Peamised parameetrid on m\u00e4\u00e4ratletud standardtoote jaoks, kuid neid parameetreid saab t\u00e4iustada vastavalt kliendi vajadustele.","og_url":"https:\/\/dev.myindustrial.eu\/et\/shop\/toostuskontrollerid-juhtkangid-ja-konsoolid\/kohandatud-lahendused\/gessmann-housing-for-our-switching-device-c1\/","og_site_name":"My industrial","article_modified_time":"2023-06-16T19:55:44+00:00","og_image":[{"width":1800,"height":1290,"url":"https:\/\/dev.myindustrial.eu\/wp-content\/uploads\/2022\/01\/c1-kalender.180.webp","type":"image\/webp"}],"twitter_card":"summary_large_image","schema":{"@context":"https:\/\/schema.org","@graph":[{"@type":"WebPage","@id":"https:\/\/dev.myindustrial.eu\/et\/shop\/toostuskontrollerid-juhtkangid-ja-konsoolid\/kohandatud-lahendused\/gessmann-housing-for-our-switching-device-c1\/","url":"https:\/\/dev.myindustrial.eu\/et\/shop\/toostuskontrollerid-juhtkangid-ja-konsoolid\/kohandatud-lahendused\/gessmann-housing-for-our-switching-device-c1\/","name":"Korpus meie l\u00fclitusseadmele - My industrial","isPartOf":{"@id":"https:\/\/dev.myindustrial.eu\/et\/#website"},"primaryImageOfPage":{"@id":"https:\/\/dev.myindustrial.eu\/et\/shop\/toostuskontrollerid-juhtkangid-ja-konsoolid\/kohandatud-lahendused\/gessmann-housing-for-our-switching-device-c1\/#primaryimage"},"image":{"@id":"https:\/\/dev.myindustrial.eu\/et\/shop\/toostuskontrollerid-juhtkangid-ja-konsoolid\/kohandatud-lahendused\/gessmann-housing-for-our-switching-device-c1\/#primaryimage"},"thumbnailUrl":"https:\/\/dev.myindustrial.eu\/wp-content\/uploads\/2022\/01\/c1-kalender.180.webp","datePublished":"2022-12-14T14:02:05+00:00","dateModified":"2023-06-16T19:55:44+00:00","breadcrumb":{"@id":"https:\/\/dev.myindustrial.eu\/et\/shop\/toostuskontrollerid-juhtkangid-ja-konsoolid\/kohandatud-lahendused\/gessmann-housing-for-our-switching-device-c1\/#breadcrumb"},"inLanguage":"et","potentialAction":[{"@type":"ReadAction","target":["https:\/\/dev.myindustrial.eu\/et\/shop\/toostuskontrollerid-juhtkangid-ja-konsoolid\/kohandatud-lahendused\/gessmann-housing-for-our-switching-device-c1\/"]}]},{"@type":"ImageObject","inLanguage":"et","@id":"https:\/\/dev.myindustrial.eu\/et\/shop\/toostuskontrollerid-juhtkangid-ja-konsoolid\/kohandatud-lahendused\/gessmann-housing-for-our-switching-device-c1\/#primaryimage","url":"https:\/\/dev.myindustrial.eu\/wp-content\/uploads\/2022\/01\/c1-kalender.180.webp","contentUrl":"https:\/\/dev.myindustrial.eu\/wp-content\/uploads\/2022\/01\/c1-kalender.180.webp","width":1800,"height":1290},{"@type":"BreadcrumbList","@id":"https:\/\/dev.myindustrial.eu\/et\/shop\/toostuskontrollerid-juhtkangid-ja-konsoolid\/kohandatud-lahendused\/gessmann-housing-for-our-switching-device-c1\/#breadcrumb","itemListElement":[{"@type":"ListItem","position":1,"name":"Home","item":"https:\/\/dev.myindustrial.eu\/et\/"},{"@type":"ListItem","position":2,"name":"Products","item":"https:\/\/dev.myindustrial.eu\/et\/products\/"},{"@type":"ListItem","position":3,"name":"Korpus meie l\u00fclitusseadmele"}]},{"@type":"WebSite","@id":"https:\/\/dev.myindustrial.eu\/et\/#website","url":"https:\/\/dev.myindustrial.eu\/et\/","name":"My industrial","description":"","potentialAction":[{"@type":"SearchAction","target":{"@type":"EntryPoint","urlTemplate":"https:\/\/dev.myindustrial.eu\/et\/?s={search_term_string}"},"query-input":{"@type":"PropertyValueSpecification","valueRequired":true,"valueName":"search_term_string"}}],"inLanguage":"et"}]}},"_links":{"self":[{"href":"https:\/\/dev.myindustrial.eu\/et\/wp-json\/wp\/v2\/product\/1260063128","targetHints":{"allow":["GET"]}}],"collection":[{"href":"https:\/\/dev.myindustrial.eu\/et\/wp-json\/wp\/v2\/product"}],"about":[{"href":"https:\/\/dev.myindustrial.eu\/et\/wp-json\/wp\/v2\/types\/product"}],"version-history":[{"count":0,"href":"https:\/\/dev.myindustrial.eu\/et\/wp-json\/wp\/v2\/product\/1260063128\/revisions"}],"wp:featuredmedia":[{"embeddable":true,"href":"https:\/\/dev.myindustrial.eu\/et\/wp-json\/wp\/v2\/media\/1260062870"}],"wp:attachment":[{"href":"https:\/\/dev.myindustrial.eu\/et\/wp-json\/wp\/v2\/media?parent=1260063128"}],"wp:term":[{"taxonomy":"product_brand","embeddable":true,"href":"https:\/\/dev.myindustrial.eu\/et\/wp-json\/wp\/v2\/product_brand?post=1260063128"},{"taxonomy":"product_cat","embeddable":true,"href":"https:\/\/dev.myindustrial.eu\/et\/wp-json\/wp\/v2\/product_cat?post=1260063128"},{"taxonomy":"product_tag","embeddable":true,"href":"https:\/\/dev.myindustrial.eu\/et\/wp-json\/wp\/v2\/product_tag?post=1260063128"}],"curies":[{"name":"wp","href":"https:\/\/api.w.org\/{rel}","templated":true}]}}