{"id":1260063132,"date":"2022-12-14T13:55:50","date_gmt":"2022-12-14T13:55:50","guid":{"rendered":"https:\/\/dev.myindustrial.eu\/shop\/maaratlemata\/gessmann-individual-operator-joystick\/"},"modified":"2023-12-28T22:49:14","modified_gmt":"2023-12-28T22:49:14","slug":"gessmann-individual-operator-joystick","status":"publish","type":"product","link":"https:\/\/dev.myindustrial.eu\/et\/shop\/toostuskontrollerid-juhtkangid-ja-konsoolid\/kohandatud-lahendused\/gessmann-individual-operator-joystick\/","title":{"rendered":"Alates standardist kuni spetsialiseeritud\/individuaalsete s\u00fcsteemilahendusteni."},"content":{"rendered":"<p><iframe width=\"560\" height=\"315\" src=\"https:\/\/youtube.com\/shorts\/hNLUYdb3GwA?feature=share\" frameborder=\"0\" allow=\"accelerometer; autoplay; clipboard-write; encrypted-media; gyroscope; picture-in-picture; web-share\" allowfullscreen><\/iframe><\/p>\n","protected":false},"excerpt":{"rendered":"<p><span style=\"font-weight: 400;\">Meie ekspertide meeskond t\u00f6\u00f6tab koos teiega v\u00e4lja tootekontseptsiooni ja ning toote v\u00e4ga eriliste rakenduste jaoks vastavalt teie soovidele.<\/span><\/p>\n<p><span style=\"font-weight: 400;\">Toodame eritellimusel valmistatud tooteid k\u00f5rgeima kvaliteediga ja l\u00fchikese aja jooksul. N\u00f5ustame teid isiklikult.<\/span><a href=\"https:\/\/dev.myindustrial.eu\/wp-content\/uploads\/2022\/12\/gessmann-illustration-1-400x400.jpg\"><br \/>\n<\/a><\/p>\n<p><span style=\"font-weight: 400;\">Tooteid, mis on valmistatud vastavalt kliendi vajadustele, luuakse peamiselt individuaalselt, anal\u00fc\u00fcsides eelnevalt k\u00f5iki tehnilisi aspekte ja luues 3D-mudeli, et tutvuda l\u00f5pptoote \u00fcldise v\u00e4limuse ja kasutusmugavusega.\u00a0<\/span><\/p>\n<p><span style=\"font-weight: 400;\">Spetsiaalse toote v\u00f5i lahenduse loomisel kasutame sageli valmistooteid, mis on saadaval standardses tootekataloogis ja mida t\u00e4iendatakse spetsiaalsete lisav\u00f5imalustega.<\/span><\/p>\n<p><span style=\"font-weight: 400;\">Eelk\u00f5ige p\u00f6\u00f6rame t\u00e4helepanu ergonoomikale, kasutusmugavusele ja tehnilise lahenduse v\u00e4ljat\u00f6\u00f6tamisele.<\/span><\/p>\n<p><a href=\"https:\/\/dev.myindustrial.eu\/wp-content\/uploads\/2022\/12\/gessmann-illustration-1-400x400.jpg\"><img fetchpriority=\"high\" decoding=\"async\" class=\"alignnone wp-image-1260062202\" src=\"https:\/\/dev.myindustrial.eu\/wp-content\/uploads\/2022\/12\/gessmann-illustration-1-400x400.jpg\" alt=\"\" width=\"252\" height=\"252\" srcset=\"https:\/\/dev.myindustrial.eu\/wp-content\/uploads\/2022\/12\/gessmann-illustration-1-400x400.jpg 400w, https:\/\/dev.myindustrial.eu\/wp-content\/uploads\/2022\/12\/gessmann-illustration-1-300x300.jpg 300w, https:\/\/dev.myindustrial.eu\/wp-content\/uploads\/2022\/12\/gessmann-illustration-1-150x150.jpg 150w\" sizes=\"(max-width: 252px) 100vw, 252px\" \/><\/a><\/p>\n","protected":false},"featured_media":1260062197,"template":"","meta":[],"product_brand":[],"product_cat":[1318,1645],"product_tag":[],"class_list":{"0":"post-1260063132","1":"product","2":"type-product","3":"status-publish","4":"has-post-thumbnail","6":"product_cat-toostuskontrollerid-juhtkangid-ja-konsoolid","7":"product_cat-kohandatud-lahendused","9":"first","10":"instock","11":"shipping-taxable","12":"product-type-simple"},"yoast_head":"<!-- This site is optimized with the Yoast SEO plugin v27.1.1 - https:\/\/yoast.com\/product\/yoast-seo-wordpress\/ -->\n<title>Alates standardist kuni spetsialiseeritud\/individuaalsete s\u00fcsteemilahendusteni. - My industrial<\/title>\n<meta name=\"robots\" content=\"noindex, follow, max-snippet:-1, max-image-preview:large, max-video-preview:-1\" \/>\n<meta property=\"og:locale\" content=\"et_EE\" \/>\n<meta property=\"og:type\" content=\"article\" \/>\n<meta property=\"og:title\" content=\"Alates standardist kuni spetsialiseeritud\/individuaalsete s\u00fcsteemilahendusteni. - My industrial\" \/>\n<meta property=\"og:description\" content=\"Meie ekspertide meeskond t\u00f6\u00f6tab koos teiega v\u00e4lja tootekontseptsiooni ja ning toote v\u00e4ga eriliste rakenduste jaoks vastavalt teie soovidele.  Toodame eritellimusel valmistatud tooteid k\u00f5rgeima kvaliteediga ja l\u00fchikese aja jooksul. N\u00f5ustame teid isiklikult.   Tooteid, mis on valmistatud vastavalt kliendi vajadustele, luuakse peamiselt individuaalselt, anal\u00fc\u00fcsides eelnevalt k\u00f5iki tehnilisi aspekte ja luues 3D-mudeli, et tutvuda l\u00f5pptoote \u00fcldise v\u00e4limuse ja kasutusmugavusega.\u00a0  Spetsiaalse toote v\u00f5i lahenduse loomisel kasutame sageli valmistooteid, mis on saadaval standardses tootekataloogis ja mida t\u00e4iendatakse spetsiaalsete lisav\u00f5imalustega.  Eelk\u00f5ige p\u00f6\u00f6rame t\u00e4helepanu ergonoomikale, kasutusmugavusele ja tehnilise lahenduse v\u00e4ljat\u00f6\u00f6tamisele.\" \/>\n<meta property=\"og:url\" content=\"https:\/\/dev.myindustrial.eu\/et\/shop\/toostuskontrollerid-juhtkangid-ja-konsoolid\/kohandatud-lahendused\/gessmann-individual-operator-joystick\/\" \/>\n<meta property=\"og:site_name\" content=\"My industrial\" \/>\n<meta property=\"article:modified_time\" content=\"2023-12-28T22:49:14+00:00\" \/>\n<meta property=\"og:image\" content=\"https:\/\/dev.myindustrial.eu\/wp-content\/uploads\/2022\/12\/gessmann-big-logo-800x800.jpg\" \/>\n\t<meta property=\"og:image:width\" content=\"800\" \/>\n\t<meta property=\"og:image:height\" content=\"800\" \/>\n\t<meta property=\"og:image:type\" content=\"image\/jpeg\" \/>\n<meta name=\"twitter:card\" content=\"summary_large_image\" \/>\n<script type=\"application\/ld+json\" class=\"yoast-schema-graph\">{\"@context\":\"https:\/\/schema.org\",\"@graph\":[{\"@type\":\"WebPage\",\"@id\":\"https:\/\/dev.myindustrial.eu\/et\/shop\/toostuskontrollerid-juhtkangid-ja-konsoolid\/kohandatud-lahendused\/gessmann-individual-operator-joystick\/\",\"url\":\"https:\/\/dev.myindustrial.eu\/et\/shop\/toostuskontrollerid-juhtkangid-ja-konsoolid\/kohandatud-lahendused\/gessmann-individual-operator-joystick\/\",\"name\":\"Alates standardist kuni spetsialiseeritud\/individuaalsete s\u00fcsteemilahendusteni. - My industrial\",\"isPartOf\":{\"@id\":\"https:\/\/dev.myindustrial.eu\/et\/#website\"},\"primaryImageOfPage\":{\"@id\":\"https:\/\/dev.myindustrial.eu\/et\/shop\/toostuskontrollerid-juhtkangid-ja-konsoolid\/kohandatud-lahendused\/gessmann-individual-operator-joystick\/#primaryimage\"},\"image\":{\"@id\":\"https:\/\/dev.myindustrial.eu\/et\/shop\/toostuskontrollerid-juhtkangid-ja-konsoolid\/kohandatud-lahendused\/gessmann-individual-operator-joystick\/#primaryimage\"},\"thumbnailUrl\":\"https:\/\/dev.myindustrial.eu\/wp-content\/uploads\/2022\/12\/gessmann-big-logo-800x800.jpg\",\"datePublished\":\"2022-12-14T13:55:50+00:00\",\"dateModified\":\"2023-12-28T22:49:14+00:00\",\"breadcrumb\":{\"@id\":\"https:\/\/dev.myindustrial.eu\/et\/shop\/toostuskontrollerid-juhtkangid-ja-konsoolid\/kohandatud-lahendused\/gessmann-individual-operator-joystick\/#breadcrumb\"},\"inLanguage\":\"et\",\"potentialAction\":[{\"@type\":\"ReadAction\",\"target\":[\"https:\/\/dev.myindustrial.eu\/et\/shop\/toostuskontrollerid-juhtkangid-ja-konsoolid\/kohandatud-lahendused\/gessmann-individual-operator-joystick\/\"]}]},{\"@type\":\"ImageObject\",\"inLanguage\":\"et\",\"@id\":\"https:\/\/dev.myindustrial.eu\/et\/shop\/toostuskontrollerid-juhtkangid-ja-konsoolid\/kohandatud-lahendused\/gessmann-individual-operator-joystick\/#primaryimage\",\"url\":\"https:\/\/dev.myindustrial.eu\/wp-content\/uploads\/2022\/12\/gessmann-big-logo-800x800.jpg\",\"contentUrl\":\"https:\/\/dev.myindustrial.eu\/wp-content\/uploads\/2022\/12\/gessmann-big-logo-800x800.jpg\",\"width\":800,\"height\":800},{\"@type\":\"BreadcrumbList\",\"@id\":\"https:\/\/dev.myindustrial.eu\/et\/shop\/toostuskontrollerid-juhtkangid-ja-konsoolid\/kohandatud-lahendused\/gessmann-individual-operator-joystick\/#breadcrumb\",\"itemListElement\":[{\"@type\":\"ListItem\",\"position\":1,\"name\":\"Home\",\"item\":\"https:\/\/dev.myindustrial.eu\/et\/\"},{\"@type\":\"ListItem\",\"position\":2,\"name\":\"Products\",\"item\":\"https:\/\/dev.myindustrial.eu\/et\/products\/\"},{\"@type\":\"ListItem\",\"position\":3,\"name\":\"Alates standardist kuni spetsialiseeritud\/individuaalsete s\u00fcsteemilahendusteni.\"}]},{\"@type\":\"WebSite\",\"@id\":\"https:\/\/dev.myindustrial.eu\/et\/#website\",\"url\":\"https:\/\/dev.myindustrial.eu\/et\/\",\"name\":\"My industrial\",\"description\":\"\",\"potentialAction\":[{\"@type\":\"SearchAction\",\"target\":{\"@type\":\"EntryPoint\",\"urlTemplate\":\"https:\/\/dev.myindustrial.eu\/et\/?s={search_term_string}\"},\"query-input\":{\"@type\":\"PropertyValueSpecification\",\"valueRequired\":true,\"valueName\":\"search_term_string\"}}],\"inLanguage\":\"et\"}]}<\/script>\n<!-- \/ Yoast SEO plugin. -->","yoast_head_json":{"title":"Alates standardist kuni spetsialiseeritud\/individuaalsete s\u00fcsteemilahendusteni. - My industrial","robots":{"index":"noindex","follow":"follow","max-snippet":"max-snippet:-1","max-image-preview":"max-image-preview:large","max-video-preview":"max-video-preview:-1"},"og_locale":"et_EE","og_type":"article","og_title":"Alates standardist kuni spetsialiseeritud\/individuaalsete s\u00fcsteemilahendusteni. - My industrial","og_description":"Meie ekspertide meeskond t\u00f6\u00f6tab koos teiega v\u00e4lja tootekontseptsiooni ja ning toote v\u00e4ga eriliste rakenduste jaoks vastavalt teie soovidele.  Toodame eritellimusel valmistatud tooteid k\u00f5rgeima kvaliteediga ja l\u00fchikese aja jooksul. N\u00f5ustame teid isiklikult.   Tooteid, mis on valmistatud vastavalt kliendi vajadustele, luuakse peamiselt individuaalselt, anal\u00fc\u00fcsides eelnevalt k\u00f5iki tehnilisi aspekte ja luues 3D-mudeli, et tutvuda l\u00f5pptoote \u00fcldise v\u00e4limuse ja kasutusmugavusega.\u00a0  Spetsiaalse toote v\u00f5i lahenduse loomisel kasutame sageli valmistooteid, mis on saadaval standardses tootekataloogis ja mida t\u00e4iendatakse spetsiaalsete lisav\u00f5imalustega.  Eelk\u00f5ige p\u00f6\u00f6rame t\u00e4helepanu ergonoomikale, kasutusmugavusele ja tehnilise lahenduse v\u00e4ljat\u00f6\u00f6tamisele.","og_url":"https:\/\/dev.myindustrial.eu\/et\/shop\/toostuskontrollerid-juhtkangid-ja-konsoolid\/kohandatud-lahendused\/gessmann-individual-operator-joystick\/","og_site_name":"My industrial","article_modified_time":"2023-12-28T22:49:14+00:00","og_image":[{"width":800,"height":800,"url":"https:\/\/dev.myindustrial.eu\/wp-content\/uploads\/2022\/12\/gessmann-big-logo-800x800.jpg","type":"image\/jpeg"}],"twitter_card":"summary_large_image","schema":{"@context":"https:\/\/schema.org","@graph":[{"@type":"WebPage","@id":"https:\/\/dev.myindustrial.eu\/et\/shop\/toostuskontrollerid-juhtkangid-ja-konsoolid\/kohandatud-lahendused\/gessmann-individual-operator-joystick\/","url":"https:\/\/dev.myindustrial.eu\/et\/shop\/toostuskontrollerid-juhtkangid-ja-konsoolid\/kohandatud-lahendused\/gessmann-individual-operator-joystick\/","name":"Alates standardist kuni spetsialiseeritud\/individuaalsete s\u00fcsteemilahendusteni. - My industrial","isPartOf":{"@id":"https:\/\/dev.myindustrial.eu\/et\/#website"},"primaryImageOfPage":{"@id":"https:\/\/dev.myindustrial.eu\/et\/shop\/toostuskontrollerid-juhtkangid-ja-konsoolid\/kohandatud-lahendused\/gessmann-individual-operator-joystick\/#primaryimage"},"image":{"@id":"https:\/\/dev.myindustrial.eu\/et\/shop\/toostuskontrollerid-juhtkangid-ja-konsoolid\/kohandatud-lahendused\/gessmann-individual-operator-joystick\/#primaryimage"},"thumbnailUrl":"https:\/\/dev.myindustrial.eu\/wp-content\/uploads\/2022\/12\/gessmann-big-logo-800x800.jpg","datePublished":"2022-12-14T13:55:50+00:00","dateModified":"2023-12-28T22:49:14+00:00","breadcrumb":{"@id":"https:\/\/dev.myindustrial.eu\/et\/shop\/toostuskontrollerid-juhtkangid-ja-konsoolid\/kohandatud-lahendused\/gessmann-individual-operator-joystick\/#breadcrumb"},"inLanguage":"et","potentialAction":[{"@type":"ReadAction","target":["https:\/\/dev.myindustrial.eu\/et\/shop\/toostuskontrollerid-juhtkangid-ja-konsoolid\/kohandatud-lahendused\/gessmann-individual-operator-joystick\/"]}]},{"@type":"ImageObject","inLanguage":"et","@id":"https:\/\/dev.myindustrial.eu\/et\/shop\/toostuskontrollerid-juhtkangid-ja-konsoolid\/kohandatud-lahendused\/gessmann-individual-operator-joystick\/#primaryimage","url":"https:\/\/dev.myindustrial.eu\/wp-content\/uploads\/2022\/12\/gessmann-big-logo-800x800.jpg","contentUrl":"https:\/\/dev.myindustrial.eu\/wp-content\/uploads\/2022\/12\/gessmann-big-logo-800x800.jpg","width":800,"height":800},{"@type":"BreadcrumbList","@id":"https:\/\/dev.myindustrial.eu\/et\/shop\/toostuskontrollerid-juhtkangid-ja-konsoolid\/kohandatud-lahendused\/gessmann-individual-operator-joystick\/#breadcrumb","itemListElement":[{"@type":"ListItem","position":1,"name":"Home","item":"https:\/\/dev.myindustrial.eu\/et\/"},{"@type":"ListItem","position":2,"name":"Products","item":"https:\/\/dev.myindustrial.eu\/et\/products\/"},{"@type":"ListItem","position":3,"name":"Alates standardist kuni spetsialiseeritud\/individuaalsete s\u00fcsteemilahendusteni."}]},{"@type":"WebSite","@id":"https:\/\/dev.myindustrial.eu\/et\/#website","url":"https:\/\/dev.myindustrial.eu\/et\/","name":"My industrial","description":"","potentialAction":[{"@type":"SearchAction","target":{"@type":"EntryPoint","urlTemplate":"https:\/\/dev.myindustrial.eu\/et\/?s={search_term_string}"},"query-input":{"@type":"PropertyValueSpecification","valueRequired":true,"valueName":"search_term_string"}}],"inLanguage":"et"}]}},"_links":{"self":[{"href":"https:\/\/dev.myindustrial.eu\/et\/wp-json\/wp\/v2\/product\/1260063132","targetHints":{"allow":["GET"]}}],"collection":[{"href":"https:\/\/dev.myindustrial.eu\/et\/wp-json\/wp\/v2\/product"}],"about":[{"href":"https:\/\/dev.myindustrial.eu\/et\/wp-json\/wp\/v2\/types\/product"}],"version-history":[{"count":1,"href":"https:\/\/dev.myindustrial.eu\/et\/wp-json\/wp\/v2\/product\/1260063132\/revisions"}],"predecessor-version":[{"id":1260063136,"href":"https:\/\/dev.myindustrial.eu\/et\/wp-json\/wp\/v2\/product\/1260063132\/revisions\/1260063136"}],"wp:featuredmedia":[{"embeddable":true,"href":"https:\/\/dev.myindustrial.eu\/et\/wp-json\/wp\/v2\/media\/1260062197"}],"wp:attachment":[{"href":"https:\/\/dev.myindustrial.eu\/et\/wp-json\/wp\/v2\/media?parent=1260063132"}],"wp:term":[{"taxonomy":"product_brand","embeddable":true,"href":"https:\/\/dev.myindustrial.eu\/et\/wp-json\/wp\/v2\/product_brand?post=1260063132"},{"taxonomy":"product_cat","embeddable":true,"href":"https:\/\/dev.myindustrial.eu\/et\/wp-json\/wp\/v2\/product_cat?post=1260063132"},{"taxonomy":"product_tag","embeddable":true,"href":"https:\/\/dev.myindustrial.eu\/et\/wp-json\/wp\/v2\/product_tag?post=1260063132"}],"curies":[{"name":"wp","href":"https:\/\/api.w.org\/{rel}","templated":true}]}}