{"id":1260065457,"date":"2024-12-02T08:43:58","date_gmt":"2024-12-02T08:43:58","guid":{"rendered":"https:\/\/dev.myindustrial.eu\/shop\/maaratlemata\/bolted-joint-monitoring-system\/"},"modified":"2025-02-04T15:35:10","modified_gmt":"2025-02-04T15:35:10","slug":"bolted-joint-monitoring-system","status":"publish","type":"product","link":"https:\/\/dev.myindustrial.eu\/et\/shop\/poltuhenduste-jalgimissusteem\/bolted-joint-monitoring-system\/","title":{"rendered":"Poldi\u00fchenduse j\u00e4lgimiss\u00fcsteem"},"content":{"rendered":"<p><b>KIRJELDUS<\/b><span style=\"font-weight: 400;\"><br \/>\n<\/span><b>Probleemid poltidega<\/b><\/p>\n<p><span style=\"font-weight: 400;\">Poldid v\u00f5ivad tekitada mitmesuguseid probleeme, mida j\u00e4lgimiss\u00fcsteem suudab tuvastada ja mille kohta anda teavitusi.<\/span><\/p>\n<ul>\n<li style=\"font-weight: 400;\" aria-level=\"1\"><b>\u00dclepingsus<\/b><span style=\"font-weight: 400;\"><br \/>\n<\/span><span style=\"font-weight: 400;\">Poldile on rakendatud liigset pinget ja see v\u00f5ib puruneda.<\/span><\/li>\n<li style=\"font-weight: 400;\" aria-level=\"1\"><b>Alapingsus<\/b><span style=\"font-weight: 400;\"><br \/>\n<\/span><span style=\"font-weight: 400;\">Poldi kokkupanek on liiga l\u00f5tv ja see ei suuda kanda vajalikku koormust.<\/span><\/li>\n<li style=\"font-weight: 400;\" aria-level=\"1\"><b>Korrosioon<\/b><span style=\"font-weight: 400;\"><br \/>\n<\/span><span style=\"font-weight: 400;\">P\u00f5hjustab mikroskoopilisi pragusid, mis l\u00f5puks p\u00f5hjustavad purunemise.<\/span><\/li>\n<li style=\"font-weight: 400;\" aria-level=\"1\"><b>Lekivad tihendid<\/b><span style=\"font-weight: 400;\"><br \/>\n<\/span><span style=\"font-weight: 400;\">Kui tihendit kinnitavad poldid ei ole \u00fchtlaselt pingutatud, hakkab tihend lekkima.<\/span><\/li>\n<li style=\"font-weight: 400;\" aria-level=\"1\"><b>V\u00e4simus<\/b><span style=\"font-weight: 400;\"><br \/>\n<\/span><span style=\"font-weight: 400;\">Liiga suured ts\u00fcklilised koormused p\u00f5hjustavad v\u00e4simust ja polt puruneb.<\/span><\/li>\n<li style=\"font-weight: 400;\" aria-level=\"1\"><b>Vibratsioonid<\/b><span style=\"font-weight: 400;\"><br \/>\n<\/span><span style=\"font-weight: 400;\">Aeglustavad polti j\u00e4rk-j\u00e4rgult, mis viib rikkele.<\/span><\/li>\n<li style=\"font-weight: 400;\" aria-level=\"1\"><b>Temperatuuri m\u00f5ju<\/b><span style=\"font-weight: 400;\"><br \/>\n<\/span><span style=\"font-weight: 400;\">Temperatuuri k\u00f5ikumine p\u00f5hjustab materjalide laienemist ja kokkut\u00f5mbumist, mis m\u00f5jutab poltide j\u00f5udlust.<\/span><\/li>\n<li style=\"font-weight: 400;\" aria-level=\"1\"><b>Joondamise ebat\u00e4psus<\/b><span style=\"font-weight: 400;\"><br \/>\n<\/span><span style=\"font-weight: 400;\">Eba\u00fchtlaselt pingutatud poldid v\u00f5ivad p\u00f5hjustada komponentide vale joondamise ja\/v\u00f5i pingekontsentratsiooni.<\/span><\/li>\n<li style=\"font-weight: 400;\" aria-level=\"1\"><b>Keermekahjustus<\/b><span style=\"font-weight: 400;\"><br \/>\n<\/span><span style=\"font-weight: 400;\">V\u00e4hendab poldi kandev\u00f5imet, mist\u00f5ttu see ei suuda kanda etten\u00e4htud koormust.<\/span><\/li>\n<li style=\"font-weight: 400;\" aria-level=\"1\"><b>Ebapiisav eelkoormus<\/b><br \/>\nPoldil ei ole v\u00f5imet taluda t\u00f6\u00f6st tulenevat koormust ja see eba\u00f5nnestub.<\/li>\n<\/ul>\n<p><iframe title=\"YouTube video player\" src=\"https:\/\/www.youtube.com\/embed\/DtMaWPHOU8Q?si=6B1N4op0o3gBOpO8\" width=\"560\" height=\"315\" frameborder=\"0\" allowfullscreen=\"allowfullscreen\"><\/iframe><\/p>\n","protected":false},"excerpt":{"rendered":"<p><b>Poldi\u00fchenduse j\u00e4lgimiss\u00fcsteem<\/b><span style=\"font-weight: 400;\"><br \/>\n<\/span><b>Toimimisp\u00f5him\u00f5te<\/b><\/p>\n<p><span style=\"font-weight: 400;\">Nutikad kruvid, poldid v\u00f5i andurikruvid sisseehitatud LED-optoelektrooniliste sensoritega, mis suhtlevad ruuteri kaudu anal\u00fc\u00fcsitarkvaraga, v\u00f5imaldades reaalajas j\u00e4lgimist ja hoiatuste s\u00fcsteemi, et ennetada ootamatuid tootmiskatkestusi ja tagada t\u00f6\u00f6kindlus.<\/span><\/p>\n<p><b>Eelhoidmispinge kaugj\u00e4lgimine<\/b><span style=\"font-weight: 400;\"><br \/>\n<\/span><span style=\"font-weight: 400;\">N\u00e4ib lihtne poldi pingutamine teatud p\u00f6\u00f6rdemomendiga ja soovitud eelhoidmispinge saavutamine. Siiski on mitmeid tegureid, mis v\u00f5ivad tulemust m\u00f5jutada. Mida t\u00e4hendab see ebakindlus ohutuse ja t\u00f6\u00f6kindluse seisukohalt ja kuidas saab olla kindel, et polt on piisavalt pingutatud? Poldi\u00fchenduse j\u00e4lgimiss\u00fcsteem aitab vastuseid leida.<\/span><\/p>\n<p><b>Poldi\u00fchenduse j\u00e4lgimiss\u00fcsteem koosneb kolmest elemendist:<\/b><\/p>\n<ul>\n<li style=\"font-weight: 400;\" aria-level=\"1\"><span style=\"font-weight: 400;\">LED-sensoritega varustatud polt (fotodioodid, temperatuuri- ja magnetandurid)<\/span><\/li>\n<li style=\"font-weight: 400;\" aria-level=\"1\"><span style=\"font-weight: 400;\">ruuter<\/span><\/li>\n<li style=\"font-weight: 400;\" aria-level=\"1\"><span style=\"font-weight: 400;\">anal\u00fc\u00fcsitarkvara<\/span><\/li>\n<\/ul>\n<p><span style=\"font-weight: 400;\">Nutikas j\u00e4lgimiss\u00fcsteem leiab rakendust mitmetes t\u00f6\u00f6stusharudes.<\/span><span style=\"font-weight: 400;\"><br \/>\n<\/span><span style=\"font-weight: 400;\">N\u00e4iteks tootmine, energia, transport v\u00f5i ehitus &#8211; see tehnoloogia on loodud t\u00f6\u00f6kindluse ja efektiivsuse suurendamiseks.<\/span><\/p>\n<ul>\n<li style=\"font-weight: 400;\" aria-level=\"1\"><span style=\"font-weight: 400;\">Nafta ja gaas<\/span><\/li>\n<li style=\"font-weight: 400;\" aria-level=\"1\"><span style=\"font-weight: 400;\">Energia ja elektritootmine<\/span><\/li>\n<li style=\"font-weight: 400;\" aria-level=\"1\"><span style=\"font-weight: 400;\">Ehitus ja infrastruktuur<\/span><\/li>\n<li style=\"font-weight: 400;\" aria-level=\"1\"><span style=\"font-weight: 400;\">Kaevandamine \/ materjalik\u00e4itlus<\/span><\/li>\n<li style=\"font-weight: 400;\" aria-level=\"1\"><span style=\"font-weight: 400;\">Tootmine ja rasked t\u00f6\u00f6stused<\/span><\/li>\n<li style=\"font-weight: 400;\" aria-level=\"1\"><span style=\"font-weight: 400;\">Teraset\u00f6\u00f6stus<\/span><\/li>\n<li style=\"font-weight: 400;\" aria-level=\"1\"><span style=\"font-weight: 400;\">Rautehnoloogia<\/span><\/li>\n<li style=\"font-weight: 400;\" aria-level=\"1\"><span style=\"font-weight: 400;\">Offshore \/ laevandus<\/span><\/li>\n<\/ul>\n<p><b>Arendatud standardsete poltide jaoks<\/b><\/p>\n<ul>\n<li style=\"font-weight: 400;\" aria-level=\"1\"><span style=\"font-weight: 400;\">M10 kuni M27 poldisuurused<\/span><\/li>\n<li style=\"font-weight: 400;\" aria-level=\"1\"><span style=\"font-weight: 400;\">Standardid ISO 4014 \/ 4017<\/span><\/li>\n<li style=\"font-weight: 400;\" aria-level=\"1\"><span style=\"font-weight: 400;\">Klassid 8.8, 10.9 ja 12.9<\/span><\/li>\n<li style=\"font-weight: 400;\" aria-level=\"1\"><span style=\"font-weight: 400;\">Bumax\u00ae klassid 88 ja 109, A4-70 ja A4-80<\/span><\/li>\n<li style=\"font-weight: 400;\" aria-level=\"1\"><span style=\"font-weight: 400;\">Roostevaba teras, s\u00fcsinikteras, eksootilised sulamid<\/span><\/li>\n<\/ul>\n<p><b>RUUTERID ja kontsentrikaardid<\/b><\/p>\n<ul>\n<li style=\"font-weight: 400;\" aria-level=\"1\"><span style=\"font-weight: 400;\">Stabiilne kuni 90 meetri ulatuses<\/span><span style=\"font-weight: 400;\"><br \/>\n<\/span><span style=\"font-weight: 400;\">Poldi ja ruuteri vahel vabakujulisel alal<\/span><span style=\"font-weight: 400;\"><br \/>\n<\/span><span style=\"font-weight: 400;\">(kuni 500 m antennide ja v\u00f5imenditega, s\u00f5ltuvalt betoonruumi konfiguratsioonist)<\/span><\/li>\n<li style=\"font-weight: 400;\" aria-level=\"1\"><span style=\"font-weight: 400;\">Erinevad sidev\u00f5imalused<\/span><span style=\"font-weight: 400;\"><br \/>\n<\/span><span style=\"font-weight: 400;\">Ethernet\/LAN, Wi-Fi, 4G LTE v\u00f5i IoT-ainult SIM-kaardid<\/span><\/li>\n<\/ul>\n<p><span style=\"font-weight: 400;\">MAA Intelengineering SIA esindab Strainlabs AB huve Eesti, L\u00e4ti ja Leedu turgudel.<\/span><\/p>\n","protected":false},"featured_media":1260064670,"template":"","meta":[],"product_brand":[],"product_cat":[1671],"product_tag":[],"class_list":{"0":"post-1260065457","1":"product","2":"type-product","3":"status-publish","4":"has-post-thumbnail","6":"product_cat-poltuhenduste-jalgimissusteem","8":"first","9":"instock","10":"shipping-taxable","11":"product-type-simple"},"yoast_head":"<!-- This site is optimized with the Yoast SEO plugin v27.1.1 - https:\/\/yoast.com\/product\/yoast-seo-wordpress\/ -->\n<title>Poldi\u00fchenduse j\u00e4lgimiss\u00fcsteem - My industrial<\/title>\n<meta name=\"robots\" content=\"noindex, follow, max-snippet:-1, max-image-preview:large, max-video-preview:-1\" \/>\n<meta property=\"og:locale\" content=\"et_EE\" \/>\n<meta property=\"og:type\" content=\"article\" \/>\n<meta property=\"og:title\" content=\"Poldi\u00fchenduse j\u00e4lgimiss\u00fcsteem - My industrial\" \/>\n<meta property=\"og:description\" content=\"Poldi\u00fchenduse j\u00e4lgimiss\u00fcsteem Toimimisp\u00f5him\u00f5te  Nutikad kruvid, poldid v\u00f5i andurikruvid sisseehitatud LED-optoelektrooniliste sensoritega, mis suhtlevad ruuteri kaudu anal\u00fc\u00fcsitarkvaraga, v\u00f5imaldades reaalajas j\u00e4lgimist ja hoiatuste s\u00fcsteemi, et ennetada ootamatuid tootmiskatkestusi ja tagada t\u00f6\u00f6kindlus.  Eelhoidmispinge kaugj\u00e4lgimine N\u00e4ib lihtne poldi pingutamine teatud p\u00f6\u00f6rdemomendiga ja soovitud eelhoidmispinge saavutamine. Siiski on mitmeid tegureid, mis v\u00f5ivad tulemust m\u00f5jutada. Mida t\u00e4hendab see ebakindlus ohutuse ja t\u00f6\u00f6kindluse seisukohalt ja kuidas saab olla kindel, et polt on piisavalt pingutatud? Poldi\u00fchenduse j\u00e4lgimiss\u00fcsteem aitab vastuseid leida.  Poldi\u00fchenduse j\u00e4lgimiss\u00fcsteem koosneb kolmest elemendist:   LED-sensoritega varustatud polt (fotodioodid, temperatuuri- ja magnetandurid)  ruuter  anal\u00fc\u00fcsitarkvara  Nutikas j\u00e4lgimiss\u00fcsteem leiab rakendust mitmetes t\u00f6\u00f6stusharudes. N\u00e4iteks tootmine, energia, transport v\u00f5i ehitus - see tehnoloogia on loodud t\u00f6\u00f6kindluse ja efektiivsuse suurendamiseks.   Nafta ja gaas  Energia ja elektritootmine  Ehitus ja infrastruktuur  Kaevandamine \/ materjalik\u00e4itlus  Tootmine ja rasked t\u00f6\u00f6stused  Teraset\u00f6\u00f6stus  Rautehnoloogia  Offshore \/ laevandus  Arendatud standardsete poltide jaoks   M10 kuni M27 poldisuurused  Standardid ISO 4014 \/ 4017  Klassid 8.8, 10.9 ja 12.9  Bumax\u00ae klassid 88 ja 109, A4-70 ja A4-80  Roostevaba teras, s\u00fcsinikteras, eksootilised sulamid  RUUTERID ja kontsentrikaardid   Stabiilne kuni 90 meetri ulatuses Poldi ja ruuteri vahel vabakujulisel alal (kuni 500 m antennide ja v\u00f5imenditega, s\u00f5ltuvalt betoonruumi konfiguratsioonist)  Erinevad sidev\u00f5imalused Ethernet\/LAN, Wi-Fi, 4G LTE v\u00f5i IoT-ainult SIM-kaardid  MAA Intelengineering SIA esindab Strainlabs AB huve Eesti, L\u00e4ti ja Leedu turgudel.\" \/>\n<meta property=\"og:url\" content=\"https:\/\/dev.myindustrial.eu\/et\/shop\/poltuhenduste-jalgimissusteem\/bolted-joint-monitoring-system\/\" \/>\n<meta property=\"og:site_name\" content=\"My industrial\" \/>\n<meta property=\"article:modified_time\" content=\"2025-02-04T15:35:10+00:00\" \/>\n<meta property=\"og:image\" content=\"https:\/\/dev.myindustrial.eu\/wp-content\/uploads\/2024\/12\/3d-skruv-cut-see-throuhg.webp\" \/>\n\t<meta property=\"og:image:width\" content=\"800\" \/>\n\t<meta property=\"og:image:height\" content=\"500\" \/>\n\t<meta property=\"og:image:type\" content=\"image\/webp\" \/>\n<meta name=\"twitter:card\" content=\"summary_large_image\" \/>\n<script type=\"application\/ld+json\" class=\"yoast-schema-graph\">{\"@context\":\"https:\/\/schema.org\",\"@graph\":[{\"@type\":\"WebPage\",\"@id\":\"https:\/\/dev.myindustrial.eu\/et\/shop\/poltuhenduste-jalgimissusteem\/bolted-joint-monitoring-system\/\",\"url\":\"https:\/\/dev.myindustrial.eu\/et\/shop\/poltuhenduste-jalgimissusteem\/bolted-joint-monitoring-system\/\",\"name\":\"Poldi\u00fchenduse j\u00e4lgimiss\u00fcsteem - My industrial\",\"isPartOf\":{\"@id\":\"https:\/\/dev.myindustrial.eu\/et\/#website\"},\"primaryImageOfPage\":{\"@id\":\"https:\/\/dev.myindustrial.eu\/et\/shop\/poltuhenduste-jalgimissusteem\/bolted-joint-monitoring-system\/#primaryimage\"},\"image\":{\"@id\":\"https:\/\/dev.myindustrial.eu\/et\/shop\/poltuhenduste-jalgimissusteem\/bolted-joint-monitoring-system\/#primaryimage\"},\"thumbnailUrl\":\"https:\/\/dev.myindustrial.eu\/wp-content\/uploads\/2024\/12\/3d-skruv-cut-see-throuhg.webp\",\"datePublished\":\"2024-12-02T08:43:58+00:00\",\"dateModified\":\"2025-02-04T15:35:10+00:00\",\"breadcrumb\":{\"@id\":\"https:\/\/dev.myindustrial.eu\/et\/shop\/poltuhenduste-jalgimissusteem\/bolted-joint-monitoring-system\/#breadcrumb\"},\"inLanguage\":\"et\",\"potentialAction\":[{\"@type\":\"ReadAction\",\"target\":[\"https:\/\/dev.myindustrial.eu\/et\/shop\/poltuhenduste-jalgimissusteem\/bolted-joint-monitoring-system\/\"]}]},{\"@type\":\"ImageObject\",\"inLanguage\":\"et\",\"@id\":\"https:\/\/dev.myindustrial.eu\/et\/shop\/poltuhenduste-jalgimissusteem\/bolted-joint-monitoring-system\/#primaryimage\",\"url\":\"https:\/\/dev.myindustrial.eu\/wp-content\/uploads\/2024\/12\/3d-skruv-cut-see-throuhg.webp\",\"contentUrl\":\"https:\/\/dev.myindustrial.eu\/wp-content\/uploads\/2024\/12\/3d-skruv-cut-see-throuhg.webp\",\"width\":800,\"height\":500},{\"@type\":\"BreadcrumbList\",\"@id\":\"https:\/\/dev.myindustrial.eu\/et\/shop\/poltuhenduste-jalgimissusteem\/bolted-joint-monitoring-system\/#breadcrumb\",\"itemListElement\":[{\"@type\":\"ListItem\",\"position\":1,\"name\":\"Home\",\"item\":\"https:\/\/dev.myindustrial.eu\/et\/\"},{\"@type\":\"ListItem\",\"position\":2,\"name\":\"Products\",\"item\":\"https:\/\/dev.myindustrial.eu\/et\/products\/\"},{\"@type\":\"ListItem\",\"position\":3,\"name\":\"Poldi\u00fchenduse j\u00e4lgimiss\u00fcsteem\"}]},{\"@type\":\"WebSite\",\"@id\":\"https:\/\/dev.myindustrial.eu\/et\/#website\",\"url\":\"https:\/\/dev.myindustrial.eu\/et\/\",\"name\":\"My industrial\",\"description\":\"\",\"potentialAction\":[{\"@type\":\"SearchAction\",\"target\":{\"@type\":\"EntryPoint\",\"urlTemplate\":\"https:\/\/dev.myindustrial.eu\/et\/?s={search_term_string}\"},\"query-input\":{\"@type\":\"PropertyValueSpecification\",\"valueRequired\":true,\"valueName\":\"search_term_string\"}}],\"inLanguage\":\"et\"}]}<\/script>\n<!-- \/ Yoast SEO plugin. -->","yoast_head_json":{"title":"Poldi\u00fchenduse j\u00e4lgimiss\u00fcsteem - My industrial","robots":{"index":"noindex","follow":"follow","max-snippet":"max-snippet:-1","max-image-preview":"max-image-preview:large","max-video-preview":"max-video-preview:-1"},"og_locale":"et_EE","og_type":"article","og_title":"Poldi\u00fchenduse j\u00e4lgimiss\u00fcsteem - My industrial","og_description":"Poldi\u00fchenduse j\u00e4lgimiss\u00fcsteem Toimimisp\u00f5him\u00f5te  Nutikad kruvid, poldid v\u00f5i andurikruvid sisseehitatud LED-optoelektrooniliste sensoritega, mis suhtlevad ruuteri kaudu anal\u00fc\u00fcsitarkvaraga, v\u00f5imaldades reaalajas j\u00e4lgimist ja hoiatuste s\u00fcsteemi, et ennetada ootamatuid tootmiskatkestusi ja tagada t\u00f6\u00f6kindlus.  Eelhoidmispinge kaugj\u00e4lgimine N\u00e4ib lihtne poldi pingutamine teatud p\u00f6\u00f6rdemomendiga ja soovitud eelhoidmispinge saavutamine. Siiski on mitmeid tegureid, mis v\u00f5ivad tulemust m\u00f5jutada. Mida t\u00e4hendab see ebakindlus ohutuse ja t\u00f6\u00f6kindluse seisukohalt ja kuidas saab olla kindel, et polt on piisavalt pingutatud? Poldi\u00fchenduse j\u00e4lgimiss\u00fcsteem aitab vastuseid leida.  Poldi\u00fchenduse j\u00e4lgimiss\u00fcsteem koosneb kolmest elemendist:   LED-sensoritega varustatud polt (fotodioodid, temperatuuri- ja magnetandurid)  ruuter  anal\u00fc\u00fcsitarkvara  Nutikas j\u00e4lgimiss\u00fcsteem leiab rakendust mitmetes t\u00f6\u00f6stusharudes. N\u00e4iteks tootmine, energia, transport v\u00f5i ehitus - see tehnoloogia on loodud t\u00f6\u00f6kindluse ja efektiivsuse suurendamiseks.   Nafta ja gaas  Energia ja elektritootmine  Ehitus ja infrastruktuur  Kaevandamine \/ materjalik\u00e4itlus  Tootmine ja rasked t\u00f6\u00f6stused  Teraset\u00f6\u00f6stus  Rautehnoloogia  Offshore \/ laevandus  Arendatud standardsete poltide jaoks   M10 kuni M27 poldisuurused  Standardid ISO 4014 \/ 4017  Klassid 8.8, 10.9 ja 12.9  Bumax\u00ae klassid 88 ja 109, A4-70 ja A4-80  Roostevaba teras, s\u00fcsinikteras, eksootilised sulamid  RUUTERID ja kontsentrikaardid   Stabiilne kuni 90 meetri ulatuses Poldi ja ruuteri vahel vabakujulisel alal (kuni 500 m antennide ja v\u00f5imenditega, s\u00f5ltuvalt betoonruumi konfiguratsioonist)  Erinevad sidev\u00f5imalused Ethernet\/LAN, Wi-Fi, 4G LTE v\u00f5i IoT-ainult SIM-kaardid  MAA Intelengineering SIA esindab Strainlabs AB huve Eesti, L\u00e4ti ja Leedu turgudel.","og_url":"https:\/\/dev.myindustrial.eu\/et\/shop\/poltuhenduste-jalgimissusteem\/bolted-joint-monitoring-system\/","og_site_name":"My industrial","article_modified_time":"2025-02-04T15:35:10+00:00","og_image":[{"width":800,"height":500,"url":"https:\/\/dev.myindustrial.eu\/wp-content\/uploads\/2024\/12\/3d-skruv-cut-see-throuhg.webp","type":"image\/webp"}],"twitter_card":"summary_large_image","schema":{"@context":"https:\/\/schema.org","@graph":[{"@type":"WebPage","@id":"https:\/\/dev.myindustrial.eu\/et\/shop\/poltuhenduste-jalgimissusteem\/bolted-joint-monitoring-system\/","url":"https:\/\/dev.myindustrial.eu\/et\/shop\/poltuhenduste-jalgimissusteem\/bolted-joint-monitoring-system\/","name":"Poldi\u00fchenduse j\u00e4lgimiss\u00fcsteem - My industrial","isPartOf":{"@id":"https:\/\/dev.myindustrial.eu\/et\/#website"},"primaryImageOfPage":{"@id":"https:\/\/dev.myindustrial.eu\/et\/shop\/poltuhenduste-jalgimissusteem\/bolted-joint-monitoring-system\/#primaryimage"},"image":{"@id":"https:\/\/dev.myindustrial.eu\/et\/shop\/poltuhenduste-jalgimissusteem\/bolted-joint-monitoring-system\/#primaryimage"},"thumbnailUrl":"https:\/\/dev.myindustrial.eu\/wp-content\/uploads\/2024\/12\/3d-skruv-cut-see-throuhg.webp","datePublished":"2024-12-02T08:43:58+00:00","dateModified":"2025-02-04T15:35:10+00:00","breadcrumb":{"@id":"https:\/\/dev.myindustrial.eu\/et\/shop\/poltuhenduste-jalgimissusteem\/bolted-joint-monitoring-system\/#breadcrumb"},"inLanguage":"et","potentialAction":[{"@type":"ReadAction","target":["https:\/\/dev.myindustrial.eu\/et\/shop\/poltuhenduste-jalgimissusteem\/bolted-joint-monitoring-system\/"]}]},{"@type":"ImageObject","inLanguage":"et","@id":"https:\/\/dev.myindustrial.eu\/et\/shop\/poltuhenduste-jalgimissusteem\/bolted-joint-monitoring-system\/#primaryimage","url":"https:\/\/dev.myindustrial.eu\/wp-content\/uploads\/2024\/12\/3d-skruv-cut-see-throuhg.webp","contentUrl":"https:\/\/dev.myindustrial.eu\/wp-content\/uploads\/2024\/12\/3d-skruv-cut-see-throuhg.webp","width":800,"height":500},{"@type":"BreadcrumbList","@id":"https:\/\/dev.myindustrial.eu\/et\/shop\/poltuhenduste-jalgimissusteem\/bolted-joint-monitoring-system\/#breadcrumb","itemListElement":[{"@type":"ListItem","position":1,"name":"Home","item":"https:\/\/dev.myindustrial.eu\/et\/"},{"@type":"ListItem","position":2,"name":"Products","item":"https:\/\/dev.myindustrial.eu\/et\/products\/"},{"@type":"ListItem","position":3,"name":"Poldi\u00fchenduse j\u00e4lgimiss\u00fcsteem"}]},{"@type":"WebSite","@id":"https:\/\/dev.myindustrial.eu\/et\/#website","url":"https:\/\/dev.myindustrial.eu\/et\/","name":"My industrial","description":"","potentialAction":[{"@type":"SearchAction","target":{"@type":"EntryPoint","urlTemplate":"https:\/\/dev.myindustrial.eu\/et\/?s={search_term_string}"},"query-input":{"@type":"PropertyValueSpecification","valueRequired":true,"valueName":"search_term_string"}}],"inLanguage":"et"}]}},"_links":{"self":[{"href":"https:\/\/dev.myindustrial.eu\/et\/wp-json\/wp\/v2\/product\/1260065457","targetHints":{"allow":["GET"]}}],"collection":[{"href":"https:\/\/dev.myindustrial.eu\/et\/wp-json\/wp\/v2\/product"}],"about":[{"href":"https:\/\/dev.myindustrial.eu\/et\/wp-json\/wp\/v2\/types\/product"}],"version-history":[{"count":1,"href":"https:\/\/dev.myindustrial.eu\/et\/wp-json\/wp\/v2\/product\/1260065457\/revisions"}],"predecessor-version":[{"id":1260065458,"href":"https:\/\/dev.myindustrial.eu\/et\/wp-json\/wp\/v2\/product\/1260065457\/revisions\/1260065458"}],"wp:featuredmedia":[{"embeddable":true,"href":"https:\/\/dev.myindustrial.eu\/et\/wp-json\/wp\/v2\/media\/1260064670"}],"wp:attachment":[{"href":"https:\/\/dev.myindustrial.eu\/et\/wp-json\/wp\/v2\/media?parent=1260065457"}],"wp:term":[{"taxonomy":"product_brand","embeddable":true,"href":"https:\/\/dev.myindustrial.eu\/et\/wp-json\/wp\/v2\/product_brand?post=1260065457"},{"taxonomy":"product_cat","embeddable":true,"href":"https:\/\/dev.myindustrial.eu\/et\/wp-json\/wp\/v2\/product_cat?post=1260065457"},{"taxonomy":"product_tag","embeddable":true,"href":"https:\/\/dev.myindustrial.eu\/et\/wp-json\/wp\/v2\/product_tag?post=1260065457"}],"curies":[{"name":"wp","href":"https:\/\/api.w.org\/{rel}","templated":true}]}}