{"id":1260065465,"date":"2024-12-02T09:28:50","date_gmt":"2024-12-02T09:28:50","guid":{"rendered":"https:\/\/dev.myindustrial.eu\/shop\/maaratlemata\/bogie-systems-technology\/"},"modified":"2024-12-23T21:05:37","modified_gmt":"2024-12-23T21:05:37","slug":"bogie-systems-technology","status":"publish","type":"product","link":"https:\/\/dev.myindustrial.eu\/et\/shop\/toostuslikud-pidurisusteemid-ja-ajami-seiskamise-komponendid\/ratasusteemide-tehnoloogia\/bogie-systems-technology\/","title":{"rendered":"Ratas\u00fcsteemide tehnoloogia"},"content":{"rendered":"","protected":false},"excerpt":{"rendered":"<p><b>Kraana k\u00e4rud<\/b><\/p>\n<p><b>MAA intelengineering SIA<\/b><span style=\"font-weight: 400;\"> projekteerib ja toodab kohandatud konstruktsioone rataste toetamiseks vastavalt klientide vajadustele. Tehnilise osakonna oskusteave ja t\u00f5husus v\u00f5imaldavad pakkuda pidevaid t\u00e4iustusi vastupidavuse ja struktuursete omaduste parandamiseks, et tagada toote k\u00f5rge j\u00f5udlus ja vastupidavus.<\/span><\/p>\n<p><b>TOOTMISPROTSESS<\/b><span style=\"font-weight: 400;\">\u00a0<\/span><\/p>\n<ul>\n<li style=\"font-weight: 400;\" aria-level=\"1\"><span style=\"font-weight: 400;\">Tooraine hankimine\u00a0<\/span><\/li>\n<li style=\"font-weight: 400;\" aria-level=\"1\"><span style=\"font-weight: 400;\">Eelnev t\u00f6\u00f6tlemine\u00a0<\/span><\/li>\n<li style=\"font-weight: 400;\" aria-level=\"1\"><span style=\"font-weight: 400;\">Soojust\u00f6\u00f6tlus\u00a0<\/span><\/li>\n<li style=\"font-weight: 400;\" aria-level=\"1\"><span style=\"font-weight: 400;\">L\u00f5plik lihvimine\u00a0<\/span><\/li>\n<li style=\"font-weight: 400;\" aria-level=\"1\"><span style=\"font-weight: 400;\">Kvaliteedikontroll<\/span><\/li>\n<\/ul>\n<p><b>Omadused<\/b><span style=\"font-weight: 400;\">\u00a0<\/span><\/p>\n<p><span style=\"font-weight: 400;\">Pidev materjalide ja tehnoloogiate uurimine tagamaks pikaajaline karastamine.\u00a0<\/span><\/p>\n<ul>\n<li style=\"font-weight: 400;\" aria-level=\"1\"><span style=\"font-weight: 400;\">T\u00e4nu koost\u00f6\u00f6le teaduskeskusega on ratas\u00fcsteemid ja rattad ainsad, mis on sertifitseeritud spetsiifilise karastusanaluusi p\u00f5hjal.\u00a0<\/span><\/li>\n<li style=\"font-weight: 400;\" aria-level=\"1\"><span style=\"font-weight: 400;\">Ratas\u00fcsteemid ja rattad vastavad standarditele, mis tagavad aja jooksul k\u00f5rge j\u00f5udluse. Karastamist saab veelgi kohandada vastavalt kliendi vajadustele.\u00a0<\/span><\/li>\n<li style=\"font-weight: 400;\" aria-level=\"1\"><span style=\"font-weight: 400;\">K\u00f5ik ratas\u00fcsteemid ja rattad on varustatud sertifitseeritud tehase katsearuande, metalli karastamise sertifikaadiga (isegi iga \u00fcksiku ratta kohta) ja m\u00f5\u00f5tmetulemuste aruandega.<\/span><\/li>\n<\/ul>\n<p><b>Tehnilised eelised<\/b><span style=\"font-weight: 400;\"><br \/>\n<\/span><b>KARASTAMINE<\/b><span style=\"font-weight: 400;\"><br \/>\n<\/span><span style=\"font-weight: 400;\">Iga ratas\u00fcsteemi ja ratta metalli ja karastamist saab sertifitseerida t\u00e4nu mittelendavale katsemeetodile, mis v\u00f5imaldab m\u00f5\u00f5ta karastatud kihi s\u00fcgavust ratast l\u00f5ikamata.<\/span><\/p>\n","protected":false},"featured_media":1260064727,"template":"","meta":[],"product_brand":[],"product_cat":[1675],"product_tag":[],"class_list":{"0":"post-1260065465","1":"product","2":"type-product","3":"status-publish","4":"has-post-thumbnail","6":"product_cat-ratasusteemide-tehnoloogia","8":"first","9":"instock","10":"shipping-taxable","11":"product-type-simple"},"yoast_head":"<!-- This site is optimized with the Yoast SEO plugin v27.1.1 - https:\/\/yoast.com\/product\/yoast-seo-wordpress\/ -->\n<title>Ratas\u00fcsteemide tehnoloogia - My industrial<\/title>\n<meta name=\"robots\" content=\"noindex, follow, max-snippet:-1, max-image-preview:large, max-video-preview:-1\" \/>\n<meta property=\"og:locale\" content=\"et_EE\" \/>\n<meta property=\"og:type\" content=\"article\" \/>\n<meta property=\"og:title\" content=\"Ratas\u00fcsteemide tehnoloogia - My industrial\" \/>\n<meta property=\"og:description\" content=\"Kraana k\u00e4rud  MAA intelengineering SIA projekteerib ja toodab kohandatud konstruktsioone rataste toetamiseks vastavalt klientide vajadustele. Tehnilise osakonna oskusteave ja t\u00f5husus v\u00f5imaldavad pakkuda pidevaid t\u00e4iustusi vastupidavuse ja struktuursete omaduste parandamiseks, et tagada toote k\u00f5rge j\u00f5udlus ja vastupidavus.  TOOTMISPROTSESS\u00a0   Tooraine hankimine\u00a0  Eelnev t\u00f6\u00f6tlemine\u00a0  Soojust\u00f6\u00f6tlus\u00a0  L\u00f5plik lihvimine\u00a0  Kvaliteedikontroll  Omadused\u00a0  Pidev materjalide ja tehnoloogiate uurimine tagamaks pikaajaline karastamine.\u00a0   T\u00e4nu koost\u00f6\u00f6le teaduskeskusega on ratas\u00fcsteemid ja rattad ainsad, mis on sertifitseeritud spetsiifilise karastusanaluusi p\u00f5hjal.\u00a0  Ratas\u00fcsteemid ja rattad vastavad standarditele, mis tagavad aja jooksul k\u00f5rge j\u00f5udluse. Karastamist saab veelgi kohandada vastavalt kliendi vajadustele.\u00a0  K\u00f5ik ratas\u00fcsteemid ja rattad on varustatud sertifitseeritud tehase katsearuande, metalli karastamise sertifikaadiga (isegi iga \u00fcksiku ratta kohta) ja m\u00f5\u00f5tmetulemuste aruandega.  Tehnilised eelised KARASTAMINE Iga ratas\u00fcsteemi ja ratta metalli ja karastamist saab sertifitseerida t\u00e4nu mittelendavale katsemeetodile, mis v\u00f5imaldab m\u00f5\u00f5ta karastatud kihi s\u00fcgavust ratast l\u00f5ikamata.\" \/>\n<meta property=\"og:url\" content=\"https:\/\/dev.myindustrial.eu\/et\/shop\/toostuslikud-pidurisusteemid-ja-ajami-seiskamise-komponendid\/ratasusteemide-tehnoloogia\/bogie-systems-technology\/\" \/>\n<meta property=\"og:site_name\" content=\"My industrial\" \/>\n<meta property=\"article:modified_time\" content=\"2024-12-23T21:05:37+00:00\" \/>\n<meta property=\"og:image\" content=\"https:\/\/dev.myindustrial.eu\/wp-content\/uploads\/2024\/12\/boogie-rosso.webp\" \/>\n\t<meta property=\"og:image:width\" content=\"800\" \/>\n\t<meta property=\"og:image:height\" content=\"800\" \/>\n\t<meta property=\"og:image:type\" content=\"image\/webp\" \/>\n<meta name=\"twitter:card\" content=\"summary_large_image\" \/>\n<script type=\"application\/ld+json\" class=\"yoast-schema-graph\">{\"@context\":\"https:\/\/schema.org\",\"@graph\":[{\"@type\":\"WebPage\",\"@id\":\"https:\/\/dev.myindustrial.eu\/et\/shop\/toostuslikud-pidurisusteemid-ja-ajami-seiskamise-komponendid\/ratasusteemide-tehnoloogia\/bogie-systems-technology\/\",\"url\":\"https:\/\/dev.myindustrial.eu\/et\/shop\/toostuslikud-pidurisusteemid-ja-ajami-seiskamise-komponendid\/ratasusteemide-tehnoloogia\/bogie-systems-technology\/\",\"name\":\"Ratas\u00fcsteemide tehnoloogia - My industrial\",\"isPartOf\":{\"@id\":\"https:\/\/dev.myindustrial.eu\/et\/#website\"},\"primaryImageOfPage\":{\"@id\":\"https:\/\/dev.myindustrial.eu\/et\/shop\/toostuslikud-pidurisusteemid-ja-ajami-seiskamise-komponendid\/ratasusteemide-tehnoloogia\/bogie-systems-technology\/#primaryimage\"},\"image\":{\"@id\":\"https:\/\/dev.myindustrial.eu\/et\/shop\/toostuslikud-pidurisusteemid-ja-ajami-seiskamise-komponendid\/ratasusteemide-tehnoloogia\/bogie-systems-technology\/#primaryimage\"},\"thumbnailUrl\":\"https:\/\/dev.myindustrial.eu\/wp-content\/uploads\/2024\/12\/boogie-rosso.webp\",\"datePublished\":\"2024-12-02T09:28:50+00:00\",\"dateModified\":\"2024-12-23T21:05:37+00:00\",\"breadcrumb\":{\"@id\":\"https:\/\/dev.myindustrial.eu\/et\/shop\/toostuslikud-pidurisusteemid-ja-ajami-seiskamise-komponendid\/ratasusteemide-tehnoloogia\/bogie-systems-technology\/#breadcrumb\"},\"inLanguage\":\"et\",\"potentialAction\":[{\"@type\":\"ReadAction\",\"target\":[\"https:\/\/dev.myindustrial.eu\/et\/shop\/toostuslikud-pidurisusteemid-ja-ajami-seiskamise-komponendid\/ratasusteemide-tehnoloogia\/bogie-systems-technology\/\"]}]},{\"@type\":\"ImageObject\",\"inLanguage\":\"et\",\"@id\":\"https:\/\/dev.myindustrial.eu\/et\/shop\/toostuslikud-pidurisusteemid-ja-ajami-seiskamise-komponendid\/ratasusteemide-tehnoloogia\/bogie-systems-technology\/#primaryimage\",\"url\":\"https:\/\/dev.myindustrial.eu\/wp-content\/uploads\/2024\/12\/boogie-rosso.webp\",\"contentUrl\":\"https:\/\/dev.myindustrial.eu\/wp-content\/uploads\/2024\/12\/boogie-rosso.webp\",\"width\":800,\"height\":800},{\"@type\":\"BreadcrumbList\",\"@id\":\"https:\/\/dev.myindustrial.eu\/et\/shop\/toostuslikud-pidurisusteemid-ja-ajami-seiskamise-komponendid\/ratasusteemide-tehnoloogia\/bogie-systems-technology\/#breadcrumb\",\"itemListElement\":[{\"@type\":\"ListItem\",\"position\":1,\"name\":\"Home\",\"item\":\"https:\/\/dev.myindustrial.eu\/et\/\"},{\"@type\":\"ListItem\",\"position\":2,\"name\":\"Products\",\"item\":\"https:\/\/dev.myindustrial.eu\/et\/products\/\"},{\"@type\":\"ListItem\",\"position\":3,\"name\":\"Ratas\u00fcsteemide tehnoloogia\"}]},{\"@type\":\"WebSite\",\"@id\":\"https:\/\/dev.myindustrial.eu\/et\/#website\",\"url\":\"https:\/\/dev.myindustrial.eu\/et\/\",\"name\":\"My industrial\",\"description\":\"\",\"potentialAction\":[{\"@type\":\"SearchAction\",\"target\":{\"@type\":\"EntryPoint\",\"urlTemplate\":\"https:\/\/dev.myindustrial.eu\/et\/?s={search_term_string}\"},\"query-input\":{\"@type\":\"PropertyValueSpecification\",\"valueRequired\":true,\"valueName\":\"search_term_string\"}}],\"inLanguage\":\"et\"}]}<\/script>\n<!-- \/ Yoast SEO plugin. -->","yoast_head_json":{"title":"Ratas\u00fcsteemide tehnoloogia - My industrial","robots":{"index":"noindex","follow":"follow","max-snippet":"max-snippet:-1","max-image-preview":"max-image-preview:large","max-video-preview":"max-video-preview:-1"},"og_locale":"et_EE","og_type":"article","og_title":"Ratas\u00fcsteemide tehnoloogia - My industrial","og_description":"Kraana k\u00e4rud  MAA intelengineering SIA projekteerib ja toodab kohandatud konstruktsioone rataste toetamiseks vastavalt klientide vajadustele. Tehnilise osakonna oskusteave ja t\u00f5husus v\u00f5imaldavad pakkuda pidevaid t\u00e4iustusi vastupidavuse ja struktuursete omaduste parandamiseks, et tagada toote k\u00f5rge j\u00f5udlus ja vastupidavus.  TOOTMISPROTSESS\u00a0   Tooraine hankimine\u00a0  Eelnev t\u00f6\u00f6tlemine\u00a0  Soojust\u00f6\u00f6tlus\u00a0  L\u00f5plik lihvimine\u00a0  Kvaliteedikontroll  Omadused\u00a0  Pidev materjalide ja tehnoloogiate uurimine tagamaks pikaajaline karastamine.\u00a0   T\u00e4nu koost\u00f6\u00f6le teaduskeskusega on ratas\u00fcsteemid ja rattad ainsad, mis on sertifitseeritud spetsiifilise karastusanaluusi p\u00f5hjal.\u00a0  Ratas\u00fcsteemid ja rattad vastavad standarditele, mis tagavad aja jooksul k\u00f5rge j\u00f5udluse. Karastamist saab veelgi kohandada vastavalt kliendi vajadustele.\u00a0  K\u00f5ik ratas\u00fcsteemid ja rattad on varustatud sertifitseeritud tehase katsearuande, metalli karastamise sertifikaadiga (isegi iga \u00fcksiku ratta kohta) ja m\u00f5\u00f5tmetulemuste aruandega.  Tehnilised eelised KARASTAMINE Iga ratas\u00fcsteemi ja ratta metalli ja karastamist saab sertifitseerida t\u00e4nu mittelendavale katsemeetodile, mis v\u00f5imaldab m\u00f5\u00f5ta karastatud kihi s\u00fcgavust ratast l\u00f5ikamata.","og_url":"https:\/\/dev.myindustrial.eu\/et\/shop\/toostuslikud-pidurisusteemid-ja-ajami-seiskamise-komponendid\/ratasusteemide-tehnoloogia\/bogie-systems-technology\/","og_site_name":"My industrial","article_modified_time":"2024-12-23T21:05:37+00:00","og_image":[{"width":800,"height":800,"url":"https:\/\/dev.myindustrial.eu\/wp-content\/uploads\/2024\/12\/boogie-rosso.webp","type":"image\/webp"}],"twitter_card":"summary_large_image","schema":{"@context":"https:\/\/schema.org","@graph":[{"@type":"WebPage","@id":"https:\/\/dev.myindustrial.eu\/et\/shop\/toostuslikud-pidurisusteemid-ja-ajami-seiskamise-komponendid\/ratasusteemide-tehnoloogia\/bogie-systems-technology\/","url":"https:\/\/dev.myindustrial.eu\/et\/shop\/toostuslikud-pidurisusteemid-ja-ajami-seiskamise-komponendid\/ratasusteemide-tehnoloogia\/bogie-systems-technology\/","name":"Ratas\u00fcsteemide tehnoloogia - My industrial","isPartOf":{"@id":"https:\/\/dev.myindustrial.eu\/et\/#website"},"primaryImageOfPage":{"@id":"https:\/\/dev.myindustrial.eu\/et\/shop\/toostuslikud-pidurisusteemid-ja-ajami-seiskamise-komponendid\/ratasusteemide-tehnoloogia\/bogie-systems-technology\/#primaryimage"},"image":{"@id":"https:\/\/dev.myindustrial.eu\/et\/shop\/toostuslikud-pidurisusteemid-ja-ajami-seiskamise-komponendid\/ratasusteemide-tehnoloogia\/bogie-systems-technology\/#primaryimage"},"thumbnailUrl":"https:\/\/dev.myindustrial.eu\/wp-content\/uploads\/2024\/12\/boogie-rosso.webp","datePublished":"2024-12-02T09:28:50+00:00","dateModified":"2024-12-23T21:05:37+00:00","breadcrumb":{"@id":"https:\/\/dev.myindustrial.eu\/et\/shop\/toostuslikud-pidurisusteemid-ja-ajami-seiskamise-komponendid\/ratasusteemide-tehnoloogia\/bogie-systems-technology\/#breadcrumb"},"inLanguage":"et","potentialAction":[{"@type":"ReadAction","target":["https:\/\/dev.myindustrial.eu\/et\/shop\/toostuslikud-pidurisusteemid-ja-ajami-seiskamise-komponendid\/ratasusteemide-tehnoloogia\/bogie-systems-technology\/"]}]},{"@type":"ImageObject","inLanguage":"et","@id":"https:\/\/dev.myindustrial.eu\/et\/shop\/toostuslikud-pidurisusteemid-ja-ajami-seiskamise-komponendid\/ratasusteemide-tehnoloogia\/bogie-systems-technology\/#primaryimage","url":"https:\/\/dev.myindustrial.eu\/wp-content\/uploads\/2024\/12\/boogie-rosso.webp","contentUrl":"https:\/\/dev.myindustrial.eu\/wp-content\/uploads\/2024\/12\/boogie-rosso.webp","width":800,"height":800},{"@type":"BreadcrumbList","@id":"https:\/\/dev.myindustrial.eu\/et\/shop\/toostuslikud-pidurisusteemid-ja-ajami-seiskamise-komponendid\/ratasusteemide-tehnoloogia\/bogie-systems-technology\/#breadcrumb","itemListElement":[{"@type":"ListItem","position":1,"name":"Home","item":"https:\/\/dev.myindustrial.eu\/et\/"},{"@type":"ListItem","position":2,"name":"Products","item":"https:\/\/dev.myindustrial.eu\/et\/products\/"},{"@type":"ListItem","position":3,"name":"Ratas\u00fcsteemide tehnoloogia"}]},{"@type":"WebSite","@id":"https:\/\/dev.myindustrial.eu\/et\/#website","url":"https:\/\/dev.myindustrial.eu\/et\/","name":"My industrial","description":"","potentialAction":[{"@type":"SearchAction","target":{"@type":"EntryPoint","urlTemplate":"https:\/\/dev.myindustrial.eu\/et\/?s={search_term_string}"},"query-input":{"@type":"PropertyValueSpecification","valueRequired":true,"valueName":"search_term_string"}}],"inLanguage":"et"}]}},"_links":{"self":[{"href":"https:\/\/dev.myindustrial.eu\/et\/wp-json\/wp\/v2\/product\/1260065465","targetHints":{"allow":["GET"]}}],"collection":[{"href":"https:\/\/dev.myindustrial.eu\/et\/wp-json\/wp\/v2\/product"}],"about":[{"href":"https:\/\/dev.myindustrial.eu\/et\/wp-json\/wp\/v2\/types\/product"}],"version-history":[{"count":0,"href":"https:\/\/dev.myindustrial.eu\/et\/wp-json\/wp\/v2\/product\/1260065465\/revisions"}],"wp:featuredmedia":[{"embeddable":true,"href":"https:\/\/dev.myindustrial.eu\/et\/wp-json\/wp\/v2\/media\/1260064727"}],"wp:attachment":[{"href":"https:\/\/dev.myindustrial.eu\/et\/wp-json\/wp\/v2\/media?parent=1260065465"}],"wp:term":[{"taxonomy":"product_brand","embeddable":true,"href":"https:\/\/dev.myindustrial.eu\/et\/wp-json\/wp\/v2\/product_brand?post=1260065465"},{"taxonomy":"product_cat","embeddable":true,"href":"https:\/\/dev.myindustrial.eu\/et\/wp-json\/wp\/v2\/product_cat?post=1260065465"},{"taxonomy":"product_tag","embeddable":true,"href":"https:\/\/dev.myindustrial.eu\/et\/wp-json\/wp\/v2\/product_tag?post=1260065465"}],"curies":[{"name":"wp","href":"https:\/\/api.w.org\/{rel}","templated":true}]}}