{"id":1260065498,"date":"2024-12-02T10:09:56","date_gmt":"2024-12-02T10:09:56","guid":{"rendered":"https:\/\/dev.myindustrial.eu\/shop\/maaratlemata\/impact-buffer\/"},"modified":"2024-12-26T17:09:36","modified_gmt":"2024-12-26T17:09:36","slug":"impact-buffer","status":"publish","type":"product","link":"https:\/\/dev.myindustrial.eu\/et\/shop\/toostuslikud-pidurisusteemid-ja-ajami-seiskamise-komponendid\/puhver-summuti\/impact-buffer\/","title":{"rendered":"P\u00f5rkepehmendi"},"content":{"rendered":"<ul>\n<li style=\"font-weight: 400;\" aria-level=\"1\"><span style=\"font-weight: 400;\">Versioon keskse kinnitusega<\/span><\/li>\n<li style=\"font-weight: 400;\" aria-level=\"1\"><span style=\"font-weight: 400;\">Versioon alusplaadiga (alumiiniumist, plastist v\u00f5i terasest)<\/span><\/li>\n<li style=\"font-weight: 400;\" aria-level=\"1\"><span style=\"font-weight: 400;\">P\u00f5rkepehmendi vahtpoliuretaanist MDI\/pol\u00fcestri baasil<\/span><\/li>\n<li style=\"font-weight: 400;\" aria-level=\"1\"><span style=\"font-weight: 400;\">Suurep\u00e4rane summutusv\u00f5ime<\/span><\/li>\n<li style=\"font-weight: 400;\" aria-level=\"1\"><span style=\"font-weight: 400;\">Optimaalne energia neeldumine minimaalse k\u00fclgsuunalise paisumisega<\/span><\/li>\n<li style=\"font-weight: 400;\" aria-level=\"1\"><span style=\"font-weight: 400;\">\u00dchtlane kokkusurumisk\u00e4itumine<\/span><\/li>\n<li style=\"font-weight: 400;\" aria-level=\"1\"><span style=\"font-weight: 400;\">Suur mahu kokkusurutavus minimaalse k\u00fclgsuunalise paisumisega<\/span><\/li>\n<li style=\"font-weight: 400;\" aria-level=\"1\"><span style=\"font-weight: 400;\">Hea \u00f5li- ja rasvakindlus<\/span><\/li>\n<li style=\"font-weight: 400;\" aria-level=\"1\"><span style=\"font-weight: 400;\">Hea vastupidavus osooni, ultraviolettkiirguse ja k\u00f5rge energiasisaldusega kiirguse suhtes<\/span><\/li>\n<li style=\"font-weight: 400;\" aria-level=\"1\"><span style=\"font-weight: 400;\">Temperatuurivahemik: -30\u00b0C kuni +80\u00b0C<\/span><\/li>\n<li style=\"font-weight: 400;\" aria-level=\"1\"><span style=\"font-weight: 400;\">L\u00fchiajaline temperatuur: kuni umbes 100\u00b0C<\/span><\/li>\n<li style=\"font-weight: 400;\" aria-level=\"1\"><span style=\"font-weight: 400;\">H\u00fcdrol\u00fc\u00fcsikindlad variandid saadaval soovi korral<\/span><\/li>\n<\/ul>\n<p><b>Omadused<\/b><span style=\"font-weight: 400;\"><br \/>\n<\/span><span style=\"font-weight: 400;\">Eritellimusel valmistatud terasalusplaadid vastavalt kliendi soovile.<\/span><\/p>\n<p><b>Vastupidav:<\/b><\/p>\n<ul>\n<li style=\"font-weight: 400;\" aria-level=\"1\"><span style=\"font-weight: 400;\">Alifaatsetele s\u00fcsivesinikele<\/span><\/li>\n<li style=\"font-weight: 400;\" aria-level=\"1\"><span style=\"font-weight: 400;\">\u00d5lidele ja rasvadele<\/span><\/li>\n<li style=\"font-weight: 400;\" aria-level=\"1\"><span style=\"font-weight: 400;\">UV-kiirgusele<\/span><\/li>\n<li style=\"font-weight: 400;\" aria-level=\"1\"><span style=\"font-weight: 400;\">Osoonile<\/span><\/li>\n<li style=\"font-weight: 400;\" aria-level=\"1\"><span style=\"font-weight: 400;\">Vananemisele<\/span><\/li>\n<\/ul>\n<p><b>Konstruktsioon:<\/b><\/p>\n<ul>\n<li style=\"font-weight: 400;\" aria-level=\"1\"><span style=\"font-weight: 400;\">Keskse kinnitusega (polt v\u00f5i sisekeere)<\/span><\/li>\n<li style=\"font-weight: 400;\" aria-level=\"1\"><span style=\"font-weight: 400;\">Ruudukujulise alusplaadiga (alumiinium, plastik, teras)<\/span><\/li>\n<\/ul>\n<p><span style=\"font-weight: 400;\">Eri tootmismeetodi kasutamisel vahtmaterjal kantakse otse kinnitusplaadile.<\/span><span style=\"font-weight: 400;\"><br \/>\n<\/span><span style=\"font-weight: 400;\">P\u00f5rkepehmendid alates suurusest \u00d8 200 x k\u00f5rgus 300 mm on saadaval plastikust v\u00f5i alumiiniumist alusplaadiga.<\/span><span style=\"font-weight: 400;\"><br \/>\n<\/span><span style=\"font-weight: 400;\">Alates suurusest \u00d8 250 x 125 mm on saadaval terasest alusplaadiga.<\/span><\/p>\n","protected":false},"excerpt":{"rendered":"<p><b>P\u00f5rkepehmendid. L\u00f5pppeatuse lahendus.<\/b><span style=\"font-weight: 400;\"><br \/>\n<\/span><span style=\"font-weight: 400;\">P\u00f5rkepehmendid, mis on valmistatud vahtpoliuretaanist MDI\/pol\u00fcestri baasil, kasutatakse \u00fcldmasinaehituses ja kraanade konstruktsioonides pehmendus- ja summutuselementidena.<\/span><\/p>\n","protected":false},"featured_media":1260064802,"template":"","meta":[],"product_brand":[],"product_cat":[1683],"product_tag":[],"class_list":{"0":"post-1260065498","1":"product","2":"type-product","3":"status-publish","4":"has-post-thumbnail","6":"product_cat-puhver-summuti","8":"first","9":"instock","10":"shipping-taxable","11":"product-type-simple"},"yoast_head":"<!-- This site is optimized with the Yoast SEO plugin v27.1.1 - https:\/\/yoast.com\/product\/yoast-seo-wordpress\/ -->\n<title>P\u00f5rkepehmendi - My industrial<\/title>\n<meta name=\"robots\" content=\"noindex, follow, max-snippet:-1, max-image-preview:large, max-video-preview:-1\" \/>\n<meta property=\"og:locale\" content=\"et_EE\" \/>\n<meta property=\"og:type\" content=\"article\" \/>\n<meta property=\"og:title\" content=\"P\u00f5rkepehmendi - My industrial\" \/>\n<meta property=\"og:description\" content=\"P\u00f5rkepehmendid. L\u00f5pppeatuse lahendus. P\u00f5rkepehmendid, mis on valmistatud vahtpoliuretaanist MDI\/pol\u00fcestri baasil, kasutatakse \u00fcldmasinaehituses ja kraanade konstruktsioonides pehmendus- ja summutuselementidena.\" \/>\n<meta property=\"og:url\" content=\"https:\/\/dev.myindustrial.eu\/et\/shop\/toostuslikud-pidurisusteemid-ja-ajami-seiskamise-komponendid\/puhver-summuti\/impact-buffer\/\" \/>\n<meta property=\"og:site_name\" content=\"My industrial\" \/>\n<meta property=\"article:modified_time\" content=\"2024-12-26T17:09:36+00:00\" \/>\n<meta property=\"og:image\" content=\"https:\/\/dev.myindustrial.eu\/wp-content\/uploads\/2024\/12\/puffer.webp\" \/>\n\t<meta property=\"og:image:width\" content=\"800\" \/>\n\t<meta property=\"og:image:height\" content=\"800\" \/>\n\t<meta property=\"og:image:type\" content=\"image\/webp\" \/>\n<meta name=\"twitter:card\" content=\"summary_large_image\" \/>\n<script type=\"application\/ld+json\" class=\"yoast-schema-graph\">{\"@context\":\"https:\/\/schema.org\",\"@graph\":[{\"@type\":\"WebPage\",\"@id\":\"https:\/\/dev.myindustrial.eu\/et\/shop\/toostuslikud-pidurisusteemid-ja-ajami-seiskamise-komponendid\/puhver-summuti\/impact-buffer\/\",\"url\":\"https:\/\/dev.myindustrial.eu\/et\/shop\/toostuslikud-pidurisusteemid-ja-ajami-seiskamise-komponendid\/puhver-summuti\/impact-buffer\/\",\"name\":\"P\u00f5rkepehmendi - My industrial\",\"isPartOf\":{\"@id\":\"https:\/\/dev.myindustrial.eu\/et\/#website\"},\"primaryImageOfPage\":{\"@id\":\"https:\/\/dev.myindustrial.eu\/et\/shop\/toostuslikud-pidurisusteemid-ja-ajami-seiskamise-komponendid\/puhver-summuti\/impact-buffer\/#primaryimage\"},\"image\":{\"@id\":\"https:\/\/dev.myindustrial.eu\/et\/shop\/toostuslikud-pidurisusteemid-ja-ajami-seiskamise-komponendid\/puhver-summuti\/impact-buffer\/#primaryimage\"},\"thumbnailUrl\":\"https:\/\/dev.myindustrial.eu\/wp-content\/uploads\/2024\/12\/puffer.webp\",\"datePublished\":\"2024-12-02T10:09:56+00:00\",\"dateModified\":\"2024-12-26T17:09:36+00:00\",\"breadcrumb\":{\"@id\":\"https:\/\/dev.myindustrial.eu\/et\/shop\/toostuslikud-pidurisusteemid-ja-ajami-seiskamise-komponendid\/puhver-summuti\/impact-buffer\/#breadcrumb\"},\"inLanguage\":\"et\",\"potentialAction\":[{\"@type\":\"ReadAction\",\"target\":[\"https:\/\/dev.myindustrial.eu\/et\/shop\/toostuslikud-pidurisusteemid-ja-ajami-seiskamise-komponendid\/puhver-summuti\/impact-buffer\/\"]}]},{\"@type\":\"ImageObject\",\"inLanguage\":\"et\",\"@id\":\"https:\/\/dev.myindustrial.eu\/et\/shop\/toostuslikud-pidurisusteemid-ja-ajami-seiskamise-komponendid\/puhver-summuti\/impact-buffer\/#primaryimage\",\"url\":\"https:\/\/dev.myindustrial.eu\/wp-content\/uploads\/2024\/12\/puffer.webp\",\"contentUrl\":\"https:\/\/dev.myindustrial.eu\/wp-content\/uploads\/2024\/12\/puffer.webp\",\"width\":800,\"height\":800},{\"@type\":\"BreadcrumbList\",\"@id\":\"https:\/\/dev.myindustrial.eu\/et\/shop\/toostuslikud-pidurisusteemid-ja-ajami-seiskamise-komponendid\/puhver-summuti\/impact-buffer\/#breadcrumb\",\"itemListElement\":[{\"@type\":\"ListItem\",\"position\":1,\"name\":\"Home\",\"item\":\"https:\/\/dev.myindustrial.eu\/et\/\"},{\"@type\":\"ListItem\",\"position\":2,\"name\":\"Products\",\"item\":\"https:\/\/dev.myindustrial.eu\/et\/products\/\"},{\"@type\":\"ListItem\",\"position\":3,\"name\":\"P\u00f5rkepehmendi\"}]},{\"@type\":\"WebSite\",\"@id\":\"https:\/\/dev.myindustrial.eu\/et\/#website\",\"url\":\"https:\/\/dev.myindustrial.eu\/et\/\",\"name\":\"My industrial\",\"description\":\"\",\"potentialAction\":[{\"@type\":\"SearchAction\",\"target\":{\"@type\":\"EntryPoint\",\"urlTemplate\":\"https:\/\/dev.myindustrial.eu\/et\/?s={search_term_string}\"},\"query-input\":{\"@type\":\"PropertyValueSpecification\",\"valueRequired\":true,\"valueName\":\"search_term_string\"}}],\"inLanguage\":\"et\"}]}<\/script>\n<!-- \/ Yoast SEO plugin. -->","yoast_head_json":{"title":"P\u00f5rkepehmendi - My industrial","robots":{"index":"noindex","follow":"follow","max-snippet":"max-snippet:-1","max-image-preview":"max-image-preview:large","max-video-preview":"max-video-preview:-1"},"og_locale":"et_EE","og_type":"article","og_title":"P\u00f5rkepehmendi - My industrial","og_description":"P\u00f5rkepehmendid. L\u00f5pppeatuse lahendus. P\u00f5rkepehmendid, mis on valmistatud vahtpoliuretaanist MDI\/pol\u00fcestri baasil, kasutatakse \u00fcldmasinaehituses ja kraanade konstruktsioonides pehmendus- ja summutuselementidena.","og_url":"https:\/\/dev.myindustrial.eu\/et\/shop\/toostuslikud-pidurisusteemid-ja-ajami-seiskamise-komponendid\/puhver-summuti\/impact-buffer\/","og_site_name":"My industrial","article_modified_time":"2024-12-26T17:09:36+00:00","og_image":[{"width":800,"height":800,"url":"https:\/\/dev.myindustrial.eu\/wp-content\/uploads\/2024\/12\/puffer.webp","type":"image\/webp"}],"twitter_card":"summary_large_image","schema":{"@context":"https:\/\/schema.org","@graph":[{"@type":"WebPage","@id":"https:\/\/dev.myindustrial.eu\/et\/shop\/toostuslikud-pidurisusteemid-ja-ajami-seiskamise-komponendid\/puhver-summuti\/impact-buffer\/","url":"https:\/\/dev.myindustrial.eu\/et\/shop\/toostuslikud-pidurisusteemid-ja-ajami-seiskamise-komponendid\/puhver-summuti\/impact-buffer\/","name":"P\u00f5rkepehmendi - My industrial","isPartOf":{"@id":"https:\/\/dev.myindustrial.eu\/et\/#website"},"primaryImageOfPage":{"@id":"https:\/\/dev.myindustrial.eu\/et\/shop\/toostuslikud-pidurisusteemid-ja-ajami-seiskamise-komponendid\/puhver-summuti\/impact-buffer\/#primaryimage"},"image":{"@id":"https:\/\/dev.myindustrial.eu\/et\/shop\/toostuslikud-pidurisusteemid-ja-ajami-seiskamise-komponendid\/puhver-summuti\/impact-buffer\/#primaryimage"},"thumbnailUrl":"https:\/\/dev.myindustrial.eu\/wp-content\/uploads\/2024\/12\/puffer.webp","datePublished":"2024-12-02T10:09:56+00:00","dateModified":"2024-12-26T17:09:36+00:00","breadcrumb":{"@id":"https:\/\/dev.myindustrial.eu\/et\/shop\/toostuslikud-pidurisusteemid-ja-ajami-seiskamise-komponendid\/puhver-summuti\/impact-buffer\/#breadcrumb"},"inLanguage":"et","potentialAction":[{"@type":"ReadAction","target":["https:\/\/dev.myindustrial.eu\/et\/shop\/toostuslikud-pidurisusteemid-ja-ajami-seiskamise-komponendid\/puhver-summuti\/impact-buffer\/"]}]},{"@type":"ImageObject","inLanguage":"et","@id":"https:\/\/dev.myindustrial.eu\/et\/shop\/toostuslikud-pidurisusteemid-ja-ajami-seiskamise-komponendid\/puhver-summuti\/impact-buffer\/#primaryimage","url":"https:\/\/dev.myindustrial.eu\/wp-content\/uploads\/2024\/12\/puffer.webp","contentUrl":"https:\/\/dev.myindustrial.eu\/wp-content\/uploads\/2024\/12\/puffer.webp","width":800,"height":800},{"@type":"BreadcrumbList","@id":"https:\/\/dev.myindustrial.eu\/et\/shop\/toostuslikud-pidurisusteemid-ja-ajami-seiskamise-komponendid\/puhver-summuti\/impact-buffer\/#breadcrumb","itemListElement":[{"@type":"ListItem","position":1,"name":"Home","item":"https:\/\/dev.myindustrial.eu\/et\/"},{"@type":"ListItem","position":2,"name":"Products","item":"https:\/\/dev.myindustrial.eu\/et\/products\/"},{"@type":"ListItem","position":3,"name":"P\u00f5rkepehmendi"}]},{"@type":"WebSite","@id":"https:\/\/dev.myindustrial.eu\/et\/#website","url":"https:\/\/dev.myindustrial.eu\/et\/","name":"My industrial","description":"","potentialAction":[{"@type":"SearchAction","target":{"@type":"EntryPoint","urlTemplate":"https:\/\/dev.myindustrial.eu\/et\/?s={search_term_string}"},"query-input":{"@type":"PropertyValueSpecification","valueRequired":true,"valueName":"search_term_string"}}],"inLanguage":"et"}]}},"_links":{"self":[{"href":"https:\/\/dev.myindustrial.eu\/et\/wp-json\/wp\/v2\/product\/1260065498","targetHints":{"allow":["GET"]}}],"collection":[{"href":"https:\/\/dev.myindustrial.eu\/et\/wp-json\/wp\/v2\/product"}],"about":[{"href":"https:\/\/dev.myindustrial.eu\/et\/wp-json\/wp\/v2\/types\/product"}],"version-history":[{"count":0,"href":"https:\/\/dev.myindustrial.eu\/et\/wp-json\/wp\/v2\/product\/1260065498\/revisions"}],"wp:featuredmedia":[{"embeddable":true,"href":"https:\/\/dev.myindustrial.eu\/et\/wp-json\/wp\/v2\/media\/1260064802"}],"wp:attachment":[{"href":"https:\/\/dev.myindustrial.eu\/et\/wp-json\/wp\/v2\/media?parent=1260065498"}],"wp:term":[{"taxonomy":"product_brand","embeddable":true,"href":"https:\/\/dev.myindustrial.eu\/et\/wp-json\/wp\/v2\/product_brand?post=1260065498"},{"taxonomy":"product_cat","embeddable":true,"href":"https:\/\/dev.myindustrial.eu\/et\/wp-json\/wp\/v2\/product_cat?post=1260065498"},{"taxonomy":"product_tag","embeddable":true,"href":"https:\/\/dev.myindustrial.eu\/et\/wp-json\/wp\/v2\/product_tag?post=1260065498"}],"curies":[{"name":"wp","href":"https:\/\/api.w.org\/{rel}","templated":true}]}}