{"id":1260065503,"date":"2024-12-02T10:12:36","date_gmt":"2024-12-02T10:12:36","guid":{"rendered":"https:\/\/dev.myindustrial.eu\/shop\/maaratlemata\/intelligent-hydraulic-buffer-system-type-ips\/"},"modified":"2024-12-26T17:18:05","modified_gmt":"2024-12-26T17:18:05","slug":"intelligent-hydraulic-buffer-system-type-ips","status":"publish","type":"product","link":"https:\/\/dev.myindustrial.eu\/et\/shop\/toostuslikud-pidurisusteemid-ja-ajami-seiskamise-komponendid\/puhver-summuti\/intelligent-hydraulic-buffer-system-type-ips\/","title":{"rendered":"Intelligentne h\u00fcdrauliline bufferis\u00fcsteem t\u00fc\u00fcp IPS"},"content":{"rendered":"<p><b>Omadused<\/b><\/p>\n<ul>\n<li style=\"font-weight: 400;\" aria-level=\"1\"><span style=\"font-weight: 400;\">Kolvi suurused: \u00d8 40 mm kuni \u00d8 63 mm<\/span><\/li>\n<li style=\"font-weight: 400;\" aria-level=\"1\"><span style=\"font-weight: 400;\">T\u00f6\u00f6k\u00e4igu pikkus: 100 mm kuni 1600 mm<\/span><\/li>\n<li style=\"font-weight: 400;\" aria-level=\"1\"><span style=\"font-weight: 400;\">Energia neeldumine: kuni 145 kJ\/k\u00e4ik<\/span><\/li>\n<li style=\"font-weight: 400;\" aria-level=\"1\"><span style=\"font-weight: 400;\">Bufferj\u00f5ud: kuni 220 kN<\/span><\/li>\n<li style=\"font-weight: 400;\" aria-level=\"1\"><span style=\"font-weight: 400;\">Flantskinnituse versioonid:<\/span>\n<ul>\n<li style=\"font-weight: 400;\" aria-level=\"2\"><span style=\"font-weight: 400;\">Eesmine flants \u201eEF\u201c<\/span><\/li>\n<li style=\"font-weight: 400;\" aria-level=\"2\"><span style=\"font-weight: 400;\">Alumine flants \u201eFF\u201c<\/span><\/li>\n<li style=\"font-weight: 400;\" aria-level=\"2\"><span style=\"font-weight: 400;\">Alusflants \u201eSF\u201c<\/span><\/li>\n<\/ul>\n<\/li>\n<\/ul>\n<p><b>Tehnilised eelised<\/b><\/p>\n<ul>\n<li style=\"font-weight: 400;\" aria-level=\"1\"><span style=\"font-weight: 400;\">Eriti sobilik masinatele, mis l\u00e4henevad bufferile t\u00f6\u00f6re\u017eiimis<\/span><\/li>\n<li style=\"font-weight: 400;\" aria-level=\"1\"><span style=\"font-weight: 400;\">Eriti sobilik madalatele temperatuuridele<\/span><\/li>\n<li style=\"font-weight: 400;\" aria-level=\"1\"><span style=\"font-weight: 400;\">Integreeritud automaatne l\u00fclitusklapp<\/span><\/li>\n<\/ul>\n","protected":false},"excerpt":{"rendered":"<ul>\n<li style=\"font-weight: 400;\" aria-level=\"1\"><span style=\"font-weight: 400;\">Kasutamine ladustamis- ja v\u00e4ljastusmasinates \/ automaatsetes k\u00f5rgladudes<\/span><\/li>\n<li style=\"font-weight: 400;\" aria-level=\"1\"><span style=\"font-weight: 400;\">Integreeritud automaatse l\u00fclitusklapiga<\/span><\/li>\n<li style=\"font-weight: 400;\" aria-level=\"1\"><span style=\"font-weight: 400;\">H\u00fcdrauliline buffer h\u00e4dapidurdusolukordade jaoks<\/span><\/li>\n<li style=\"font-weight: 400;\" aria-level=\"1\"><span style=\"font-weight: 400;\">Eriversioon kasutamiseks k\u00fclmladudes temperatuuril kuni -50\u00b0C<\/span><\/li>\n<li style=\"font-weight: 400;\" aria-level=\"1\"><span style=\"font-weight: 400;\">Eriti sobilik masinatele, mis l\u00e4henevad bufferile t\u00f6\u00f6re\u017eiimis<\/span><\/li>\n<li style=\"font-weight: 400;\" aria-level=\"1\"><span style=\"font-weight: 400;\">Integreeritud kolviakumulaator l\u00e4mmastikuga tagab m\u00f5\u00f5dukalt suureneva taastava j\u00f5u, kui kolvivart aeglaselt liigutatakse<\/span><\/li>\n<\/ul>\n","protected":false},"featured_media":1260064808,"template":"","meta":[],"product_brand":[],"product_cat":[1683],"product_tag":[],"class_list":{"0":"post-1260065503","1":"product","2":"type-product","3":"status-publish","4":"has-post-thumbnail","6":"product_cat-puhver-summuti","8":"first","9":"instock","10":"shipping-taxable","11":"product-type-simple"},"yoast_head":"<!-- This site is optimized with the Yoast SEO plugin v27.1.1 - https:\/\/yoast.com\/product\/yoast-seo-wordpress\/ -->\n<title>Intelligentne h\u00fcdrauliline bufferis\u00fcsteem t\u00fc\u00fcp IPS - My industrial<\/title>\n<meta name=\"robots\" content=\"noindex, follow, max-snippet:-1, max-image-preview:large, max-video-preview:-1\" \/>\n<meta property=\"og:locale\" content=\"et_EE\" \/>\n<meta property=\"og:type\" content=\"article\" \/>\n<meta property=\"og:title\" content=\"Intelligentne h\u00fcdrauliline bufferis\u00fcsteem t\u00fc\u00fcp IPS - My industrial\" \/>\n<meta property=\"og:description\" content=\"Kasutamine ladustamis- ja v\u00e4ljastusmasinates \/ automaatsetes k\u00f5rgladudes  Integreeritud automaatse l\u00fclitusklapiga  H\u00fcdrauliline buffer h\u00e4dapidurdusolukordade jaoks  Eriversioon kasutamiseks k\u00fclmladudes temperatuuril kuni -50\u00b0C  Eriti sobilik masinatele, mis l\u00e4henevad bufferile t\u00f6\u00f6re\u017eiimis  Integreeritud kolviakumulaator l\u00e4mmastikuga tagab m\u00f5\u00f5dukalt suureneva taastava j\u00f5u, kui kolvivart aeglaselt liigutatakse\" \/>\n<meta property=\"og:url\" content=\"https:\/\/dev.myindustrial.eu\/et\/shop\/toostuslikud-pidurisusteemid-ja-ajami-seiskamise-komponendid\/puhver-summuti\/intelligent-hydraulic-buffer-system-type-ips\/\" \/>\n<meta property=\"og:site_name\" content=\"My industrial\" \/>\n<meta property=\"article:modified_time\" content=\"2024-12-26T17:18:05+00:00\" \/>\n<meta property=\"og:image\" content=\"https:\/\/dev.myindustrial.eu\/wp-content\/uploads\/2024\/12\/ips.webp\" \/>\n\t<meta property=\"og:image:width\" content=\"800\" \/>\n\t<meta property=\"og:image:height\" content=\"800\" \/>\n\t<meta property=\"og:image:type\" content=\"image\/webp\" \/>\n<meta name=\"twitter:card\" content=\"summary_large_image\" \/>\n<script type=\"application\/ld+json\" class=\"yoast-schema-graph\">{\"@context\":\"https:\/\/schema.org\",\"@graph\":[{\"@type\":\"WebPage\",\"@id\":\"https:\/\/dev.myindustrial.eu\/et\/shop\/toostuslikud-pidurisusteemid-ja-ajami-seiskamise-komponendid\/puhver-summuti\/intelligent-hydraulic-buffer-system-type-ips\/\",\"url\":\"https:\/\/dev.myindustrial.eu\/et\/shop\/toostuslikud-pidurisusteemid-ja-ajami-seiskamise-komponendid\/puhver-summuti\/intelligent-hydraulic-buffer-system-type-ips\/\",\"name\":\"Intelligentne h\u00fcdrauliline bufferis\u00fcsteem t\u00fc\u00fcp IPS - My industrial\",\"isPartOf\":{\"@id\":\"https:\/\/dev.myindustrial.eu\/et\/#website\"},\"primaryImageOfPage\":{\"@id\":\"https:\/\/dev.myindustrial.eu\/et\/shop\/toostuslikud-pidurisusteemid-ja-ajami-seiskamise-komponendid\/puhver-summuti\/intelligent-hydraulic-buffer-system-type-ips\/#primaryimage\"},\"image\":{\"@id\":\"https:\/\/dev.myindustrial.eu\/et\/shop\/toostuslikud-pidurisusteemid-ja-ajami-seiskamise-komponendid\/puhver-summuti\/intelligent-hydraulic-buffer-system-type-ips\/#primaryimage\"},\"thumbnailUrl\":\"https:\/\/dev.myindustrial.eu\/wp-content\/uploads\/2024\/12\/ips.webp\",\"datePublished\":\"2024-12-02T10:12:36+00:00\",\"dateModified\":\"2024-12-26T17:18:05+00:00\",\"breadcrumb\":{\"@id\":\"https:\/\/dev.myindustrial.eu\/et\/shop\/toostuslikud-pidurisusteemid-ja-ajami-seiskamise-komponendid\/puhver-summuti\/intelligent-hydraulic-buffer-system-type-ips\/#breadcrumb\"},\"inLanguage\":\"et\",\"potentialAction\":[{\"@type\":\"ReadAction\",\"target\":[\"https:\/\/dev.myindustrial.eu\/et\/shop\/toostuslikud-pidurisusteemid-ja-ajami-seiskamise-komponendid\/puhver-summuti\/intelligent-hydraulic-buffer-system-type-ips\/\"]}]},{\"@type\":\"ImageObject\",\"inLanguage\":\"et\",\"@id\":\"https:\/\/dev.myindustrial.eu\/et\/shop\/toostuslikud-pidurisusteemid-ja-ajami-seiskamise-komponendid\/puhver-summuti\/intelligent-hydraulic-buffer-system-type-ips\/#primaryimage\",\"url\":\"https:\/\/dev.myindustrial.eu\/wp-content\/uploads\/2024\/12\/ips.webp\",\"contentUrl\":\"https:\/\/dev.myindustrial.eu\/wp-content\/uploads\/2024\/12\/ips.webp\",\"width\":800,\"height\":800},{\"@type\":\"BreadcrumbList\",\"@id\":\"https:\/\/dev.myindustrial.eu\/et\/shop\/toostuslikud-pidurisusteemid-ja-ajami-seiskamise-komponendid\/puhver-summuti\/intelligent-hydraulic-buffer-system-type-ips\/#breadcrumb\",\"itemListElement\":[{\"@type\":\"ListItem\",\"position\":1,\"name\":\"Home\",\"item\":\"https:\/\/dev.myindustrial.eu\/et\/\"},{\"@type\":\"ListItem\",\"position\":2,\"name\":\"Products\",\"item\":\"https:\/\/dev.myindustrial.eu\/et\/products\/\"},{\"@type\":\"ListItem\",\"position\":3,\"name\":\"Intelligentne h\u00fcdrauliline bufferis\u00fcsteem t\u00fc\u00fcp IPS\"}]},{\"@type\":\"WebSite\",\"@id\":\"https:\/\/dev.myindustrial.eu\/et\/#website\",\"url\":\"https:\/\/dev.myindustrial.eu\/et\/\",\"name\":\"My industrial\",\"description\":\"\",\"potentialAction\":[{\"@type\":\"SearchAction\",\"target\":{\"@type\":\"EntryPoint\",\"urlTemplate\":\"https:\/\/dev.myindustrial.eu\/et\/?s={search_term_string}\"},\"query-input\":{\"@type\":\"PropertyValueSpecification\",\"valueRequired\":true,\"valueName\":\"search_term_string\"}}],\"inLanguage\":\"et\"}]}<\/script>\n<!-- \/ Yoast SEO plugin. -->","yoast_head_json":{"title":"Intelligentne h\u00fcdrauliline bufferis\u00fcsteem t\u00fc\u00fcp IPS - My industrial","robots":{"index":"noindex","follow":"follow","max-snippet":"max-snippet:-1","max-image-preview":"max-image-preview:large","max-video-preview":"max-video-preview:-1"},"og_locale":"et_EE","og_type":"article","og_title":"Intelligentne h\u00fcdrauliline bufferis\u00fcsteem t\u00fc\u00fcp IPS - My industrial","og_description":"Kasutamine ladustamis- ja v\u00e4ljastusmasinates \/ automaatsetes k\u00f5rgladudes  Integreeritud automaatse l\u00fclitusklapiga  H\u00fcdrauliline buffer h\u00e4dapidurdusolukordade jaoks  Eriversioon kasutamiseks k\u00fclmladudes temperatuuril kuni -50\u00b0C  Eriti sobilik masinatele, mis l\u00e4henevad bufferile t\u00f6\u00f6re\u017eiimis  Integreeritud kolviakumulaator l\u00e4mmastikuga tagab m\u00f5\u00f5dukalt suureneva taastava j\u00f5u, kui kolvivart aeglaselt liigutatakse","og_url":"https:\/\/dev.myindustrial.eu\/et\/shop\/toostuslikud-pidurisusteemid-ja-ajami-seiskamise-komponendid\/puhver-summuti\/intelligent-hydraulic-buffer-system-type-ips\/","og_site_name":"My industrial","article_modified_time":"2024-12-26T17:18:05+00:00","og_image":[{"width":800,"height":800,"url":"https:\/\/dev.myindustrial.eu\/wp-content\/uploads\/2024\/12\/ips.webp","type":"image\/webp"}],"twitter_card":"summary_large_image","schema":{"@context":"https:\/\/schema.org","@graph":[{"@type":"WebPage","@id":"https:\/\/dev.myindustrial.eu\/et\/shop\/toostuslikud-pidurisusteemid-ja-ajami-seiskamise-komponendid\/puhver-summuti\/intelligent-hydraulic-buffer-system-type-ips\/","url":"https:\/\/dev.myindustrial.eu\/et\/shop\/toostuslikud-pidurisusteemid-ja-ajami-seiskamise-komponendid\/puhver-summuti\/intelligent-hydraulic-buffer-system-type-ips\/","name":"Intelligentne h\u00fcdrauliline bufferis\u00fcsteem t\u00fc\u00fcp IPS - My industrial","isPartOf":{"@id":"https:\/\/dev.myindustrial.eu\/et\/#website"},"primaryImageOfPage":{"@id":"https:\/\/dev.myindustrial.eu\/et\/shop\/toostuslikud-pidurisusteemid-ja-ajami-seiskamise-komponendid\/puhver-summuti\/intelligent-hydraulic-buffer-system-type-ips\/#primaryimage"},"image":{"@id":"https:\/\/dev.myindustrial.eu\/et\/shop\/toostuslikud-pidurisusteemid-ja-ajami-seiskamise-komponendid\/puhver-summuti\/intelligent-hydraulic-buffer-system-type-ips\/#primaryimage"},"thumbnailUrl":"https:\/\/dev.myindustrial.eu\/wp-content\/uploads\/2024\/12\/ips.webp","datePublished":"2024-12-02T10:12:36+00:00","dateModified":"2024-12-26T17:18:05+00:00","breadcrumb":{"@id":"https:\/\/dev.myindustrial.eu\/et\/shop\/toostuslikud-pidurisusteemid-ja-ajami-seiskamise-komponendid\/puhver-summuti\/intelligent-hydraulic-buffer-system-type-ips\/#breadcrumb"},"inLanguage":"et","potentialAction":[{"@type":"ReadAction","target":["https:\/\/dev.myindustrial.eu\/et\/shop\/toostuslikud-pidurisusteemid-ja-ajami-seiskamise-komponendid\/puhver-summuti\/intelligent-hydraulic-buffer-system-type-ips\/"]}]},{"@type":"ImageObject","inLanguage":"et","@id":"https:\/\/dev.myindustrial.eu\/et\/shop\/toostuslikud-pidurisusteemid-ja-ajami-seiskamise-komponendid\/puhver-summuti\/intelligent-hydraulic-buffer-system-type-ips\/#primaryimage","url":"https:\/\/dev.myindustrial.eu\/wp-content\/uploads\/2024\/12\/ips.webp","contentUrl":"https:\/\/dev.myindustrial.eu\/wp-content\/uploads\/2024\/12\/ips.webp","width":800,"height":800},{"@type":"BreadcrumbList","@id":"https:\/\/dev.myindustrial.eu\/et\/shop\/toostuslikud-pidurisusteemid-ja-ajami-seiskamise-komponendid\/puhver-summuti\/intelligent-hydraulic-buffer-system-type-ips\/#breadcrumb","itemListElement":[{"@type":"ListItem","position":1,"name":"Home","item":"https:\/\/dev.myindustrial.eu\/et\/"},{"@type":"ListItem","position":2,"name":"Products","item":"https:\/\/dev.myindustrial.eu\/et\/products\/"},{"@type":"ListItem","position":3,"name":"Intelligentne h\u00fcdrauliline bufferis\u00fcsteem t\u00fc\u00fcp IPS"}]},{"@type":"WebSite","@id":"https:\/\/dev.myindustrial.eu\/et\/#website","url":"https:\/\/dev.myindustrial.eu\/et\/","name":"My industrial","description":"","potentialAction":[{"@type":"SearchAction","target":{"@type":"EntryPoint","urlTemplate":"https:\/\/dev.myindustrial.eu\/et\/?s={search_term_string}"},"query-input":{"@type":"PropertyValueSpecification","valueRequired":true,"valueName":"search_term_string"}}],"inLanguage":"et"}]}},"_links":{"self":[{"href":"https:\/\/dev.myindustrial.eu\/et\/wp-json\/wp\/v2\/product\/1260065503","targetHints":{"allow":["GET"]}}],"collection":[{"href":"https:\/\/dev.myindustrial.eu\/et\/wp-json\/wp\/v2\/product"}],"about":[{"href":"https:\/\/dev.myindustrial.eu\/et\/wp-json\/wp\/v2\/types\/product"}],"version-history":[{"count":0,"href":"https:\/\/dev.myindustrial.eu\/et\/wp-json\/wp\/v2\/product\/1260065503\/revisions"}],"wp:featuredmedia":[{"embeddable":true,"href":"https:\/\/dev.myindustrial.eu\/et\/wp-json\/wp\/v2\/media\/1260064808"}],"wp:attachment":[{"href":"https:\/\/dev.myindustrial.eu\/et\/wp-json\/wp\/v2\/media?parent=1260065503"}],"wp:term":[{"taxonomy":"product_brand","embeddable":true,"href":"https:\/\/dev.myindustrial.eu\/et\/wp-json\/wp\/v2\/product_brand?post=1260065503"},{"taxonomy":"product_cat","embeddable":true,"href":"https:\/\/dev.myindustrial.eu\/et\/wp-json\/wp\/v2\/product_cat?post=1260065503"},{"taxonomy":"product_tag","embeddable":true,"href":"https:\/\/dev.myindustrial.eu\/et\/wp-json\/wp\/v2\/product_tag?post=1260065503"}],"curies":[{"name":"wp","href":"https:\/\/api.w.org\/{rel}","templated":true}]}}