{"id":1260065509,"date":"2024-12-02T10:15:26","date_gmt":"2024-12-02T10:15:26","guid":{"rendered":"https:\/\/dev.myindustrial.eu\/shop\/maaratlemata\/rope-rocker-damper-type-swd\/"},"modified":"2024-12-26T17:28:47","modified_gmt":"2024-12-26T17:28:47","slug":"rope-rocker-damper-type-swd","status":"publish","type":"product","link":"https:\/\/dev.myindustrial.eu\/et\/shop\/toostuslikud-pidurisusteemid-ja-ajami-seiskamise-komponendid\/puhver-summuti\/rope-rocker-damper-type-swd\/","title":{"rendered":"Trossikiikude summuti SWD t\u00fc\u00fcp"},"content":{"rendered":"<p><b>Omadused<\/b><\/p>\n<ul>\n<li style=\"font-weight: 400;\" aria-level=\"1\"><span style=\"font-weight: 400;\">Trossikiikude summutid paigaldatakse paralleelselt m\u00f5lemale trossile. Need summutid \u00fchendatakse liigendite abil trossikiikude ja tugikonstruktsiooniga.<\/span><\/li>\n<li style=\"font-weight: 400;\" aria-level=\"1\"><span style=\"font-weight: 400;\">Integreeritud automaatne l\u00fclitusklapp tagab kiire reaktsiooniaja ja v\u00e4ga madalad taastamisj\u00f5ud normaalse t\u00f6\u00f6 ajal. Trossi purunemise korral summutid aktiveeruvad koheselt, et v\u00e4ltida koorma vabalangemist.<\/span><\/li>\n<\/ul>\n<p><b>Tehnilised eelised<\/b><\/p>\n<ul>\n<li style=\"font-weight: 400;\" aria-level=\"1\"><span style=\"font-weight: 400;\">K\u00f5rge ohutustase trossi purunemise korral<\/span><\/li>\n<li style=\"font-weight: 400;\" aria-level=\"1\"><span style=\"font-weight: 400;\">Koorma kukkumiskaitse<\/span><\/li>\n<\/ul>\n","protected":false},"excerpt":{"rendered":"<p><span style=\"font-weight: 400;\">SWD \u2013 Trossikiikude summuti. Vahetu j\u00f5u \u00fclekandmine trossi purunemise korral.<\/span><\/p>\n<ul>\n<li style=\"font-weight: 400;\" aria-level=\"1\"><span style=\"font-weight: 400;\">Integreerimine trossikiikude s\u00fcsteemi<\/span><\/li>\n<li style=\"font-weight: 400;\" aria-level=\"1\"><span style=\"font-weight: 400;\">Eriti sobiv tuumaelektrijaamade kraanadele (KTA) ja konteinerik\u00e4itlustele<\/span><\/li>\n<li style=\"font-weight: 400;\" aria-level=\"1\"><span style=\"font-weight: 400;\">Integreeritud automaatne l\u00fclitusklapp tagab kiire reageerimisaja ja v\u00e4ga madala taastamisj\u00f5u<\/span><\/li>\n<li style=\"font-weight: 400;\" aria-level=\"1\"><span style=\"font-weight: 400;\">Madal koormuse nihkumise impulss<\/span><\/li>\n<li style=\"font-weight: 400;\" aria-level=\"1\"><span style=\"font-weight: 400;\">Koormatava lasti kukkumise v\u00e4ltimine trossi purunemise korral<\/span><\/li>\n<li style=\"font-weight: 400;\" aria-level=\"1\"><span style=\"font-weight: 400;\">Vahetu summutus trossi purunemise korral<\/span><\/li>\n<li style=\"font-weight: 400;\" aria-level=\"1\"><span style=\"font-weight: 400;\">Trossi pikkuse ja j\u00f5u tasakaal trossikiikude s\u00fcsteemides<\/span><\/li>\n<\/ul>\n","protected":false},"featured_media":1260064814,"template":"","meta":[],"product_brand":[],"product_cat":[1683],"product_tag":[],"class_list":{"0":"post-1260065509","1":"product","2":"type-product","3":"status-publish","4":"has-post-thumbnail","6":"product_cat-puhver-summuti","8":"first","9":"instock","10":"shipping-taxable","11":"product-type-simple"},"yoast_head":"<!-- This site is optimized with the Yoast SEO plugin v27.1.1 - https:\/\/yoast.com\/product\/yoast-seo-wordpress\/ -->\n<title>Trossikiikude summuti SWD t\u00fc\u00fcp - My industrial<\/title>\n<meta name=\"robots\" content=\"noindex, follow, max-snippet:-1, max-image-preview:large, max-video-preview:-1\" \/>\n<meta property=\"og:locale\" content=\"et_EE\" \/>\n<meta property=\"og:type\" content=\"article\" \/>\n<meta property=\"og:title\" content=\"Trossikiikude summuti SWD t\u00fc\u00fcp - My industrial\" \/>\n<meta property=\"og:description\" content=\"SWD \u2013 Trossikiikude summuti. Vahetu j\u00f5u \u00fclekandmine trossi purunemise korral.   Integreerimine trossikiikude s\u00fcsteemi  Eriti sobiv tuumaelektrijaamade kraanadele (KTA) ja konteinerik\u00e4itlustele  Integreeritud automaatne l\u00fclitusklapp tagab kiire reageerimisaja ja v\u00e4ga madala taastamisj\u00f5u  Madal koormuse nihkumise impulss  Koormatava lasti kukkumise v\u00e4ltimine trossi purunemise korral  Vahetu summutus trossi purunemise korral  Trossi pikkuse ja j\u00f5u tasakaal trossikiikude s\u00fcsteemides\" \/>\n<meta property=\"og:url\" content=\"https:\/\/dev.myindustrial.eu\/et\/shop\/toostuslikud-pidurisusteemid-ja-ajami-seiskamise-komponendid\/puhver-summuti\/rope-rocker-damper-type-swd\/\" \/>\n<meta property=\"og:site_name\" content=\"My industrial\" \/>\n<meta property=\"article:modified_time\" content=\"2024-12-26T17:28:47+00:00\" \/>\n<meta property=\"og:image\" content=\"https:\/\/dev.myindustrial.eu\/wp-content\/uploads\/2024\/12\/seilwippendaempfer.webp\" \/>\n\t<meta property=\"og:image:width\" content=\"800\" \/>\n\t<meta property=\"og:image:height\" content=\"800\" \/>\n\t<meta property=\"og:image:type\" content=\"image\/webp\" \/>\n<meta name=\"twitter:card\" content=\"summary_large_image\" \/>\n<script type=\"application\/ld+json\" class=\"yoast-schema-graph\">{\"@context\":\"https:\/\/schema.org\",\"@graph\":[{\"@type\":\"WebPage\",\"@id\":\"https:\/\/dev.myindustrial.eu\/et\/shop\/toostuslikud-pidurisusteemid-ja-ajami-seiskamise-komponendid\/puhver-summuti\/rope-rocker-damper-type-swd\/\",\"url\":\"https:\/\/dev.myindustrial.eu\/et\/shop\/toostuslikud-pidurisusteemid-ja-ajami-seiskamise-komponendid\/puhver-summuti\/rope-rocker-damper-type-swd\/\",\"name\":\"Trossikiikude summuti SWD t\u00fc\u00fcp - My industrial\",\"isPartOf\":{\"@id\":\"https:\/\/dev.myindustrial.eu\/et\/#website\"},\"primaryImageOfPage\":{\"@id\":\"https:\/\/dev.myindustrial.eu\/et\/shop\/toostuslikud-pidurisusteemid-ja-ajami-seiskamise-komponendid\/puhver-summuti\/rope-rocker-damper-type-swd\/#primaryimage\"},\"image\":{\"@id\":\"https:\/\/dev.myindustrial.eu\/et\/shop\/toostuslikud-pidurisusteemid-ja-ajami-seiskamise-komponendid\/puhver-summuti\/rope-rocker-damper-type-swd\/#primaryimage\"},\"thumbnailUrl\":\"https:\/\/dev.myindustrial.eu\/wp-content\/uploads\/2024\/12\/seilwippendaempfer.webp\",\"datePublished\":\"2024-12-02T10:15:26+00:00\",\"dateModified\":\"2024-12-26T17:28:47+00:00\",\"breadcrumb\":{\"@id\":\"https:\/\/dev.myindustrial.eu\/et\/shop\/toostuslikud-pidurisusteemid-ja-ajami-seiskamise-komponendid\/puhver-summuti\/rope-rocker-damper-type-swd\/#breadcrumb\"},\"inLanguage\":\"et\",\"potentialAction\":[{\"@type\":\"ReadAction\",\"target\":[\"https:\/\/dev.myindustrial.eu\/et\/shop\/toostuslikud-pidurisusteemid-ja-ajami-seiskamise-komponendid\/puhver-summuti\/rope-rocker-damper-type-swd\/\"]}]},{\"@type\":\"ImageObject\",\"inLanguage\":\"et\",\"@id\":\"https:\/\/dev.myindustrial.eu\/et\/shop\/toostuslikud-pidurisusteemid-ja-ajami-seiskamise-komponendid\/puhver-summuti\/rope-rocker-damper-type-swd\/#primaryimage\",\"url\":\"https:\/\/dev.myindustrial.eu\/wp-content\/uploads\/2024\/12\/seilwippendaempfer.webp\",\"contentUrl\":\"https:\/\/dev.myindustrial.eu\/wp-content\/uploads\/2024\/12\/seilwippendaempfer.webp\",\"width\":800,\"height\":800},{\"@type\":\"BreadcrumbList\",\"@id\":\"https:\/\/dev.myindustrial.eu\/et\/shop\/toostuslikud-pidurisusteemid-ja-ajami-seiskamise-komponendid\/puhver-summuti\/rope-rocker-damper-type-swd\/#breadcrumb\",\"itemListElement\":[{\"@type\":\"ListItem\",\"position\":1,\"name\":\"Home\",\"item\":\"https:\/\/dev.myindustrial.eu\/et\/\"},{\"@type\":\"ListItem\",\"position\":2,\"name\":\"Products\",\"item\":\"https:\/\/dev.myindustrial.eu\/et\/products\/\"},{\"@type\":\"ListItem\",\"position\":3,\"name\":\"Trossikiikude summuti SWD t\u00fc\u00fcp\"}]},{\"@type\":\"WebSite\",\"@id\":\"https:\/\/dev.myindustrial.eu\/et\/#website\",\"url\":\"https:\/\/dev.myindustrial.eu\/et\/\",\"name\":\"My industrial\",\"description\":\"\",\"potentialAction\":[{\"@type\":\"SearchAction\",\"target\":{\"@type\":\"EntryPoint\",\"urlTemplate\":\"https:\/\/dev.myindustrial.eu\/et\/?s={search_term_string}\"},\"query-input\":{\"@type\":\"PropertyValueSpecification\",\"valueRequired\":true,\"valueName\":\"search_term_string\"}}],\"inLanguage\":\"et\"}]}<\/script>\n<!-- \/ Yoast SEO plugin. -->","yoast_head_json":{"title":"Trossikiikude summuti SWD t\u00fc\u00fcp - My industrial","robots":{"index":"noindex","follow":"follow","max-snippet":"max-snippet:-1","max-image-preview":"max-image-preview:large","max-video-preview":"max-video-preview:-1"},"og_locale":"et_EE","og_type":"article","og_title":"Trossikiikude summuti SWD t\u00fc\u00fcp - My industrial","og_description":"SWD \u2013 Trossikiikude summuti. Vahetu j\u00f5u \u00fclekandmine trossi purunemise korral.   Integreerimine trossikiikude s\u00fcsteemi  Eriti sobiv tuumaelektrijaamade kraanadele (KTA) ja konteinerik\u00e4itlustele  Integreeritud automaatne l\u00fclitusklapp tagab kiire reageerimisaja ja v\u00e4ga madala taastamisj\u00f5u  Madal koormuse nihkumise impulss  Koormatava lasti kukkumise v\u00e4ltimine trossi purunemise korral  Vahetu summutus trossi purunemise korral  Trossi pikkuse ja j\u00f5u tasakaal trossikiikude s\u00fcsteemides","og_url":"https:\/\/dev.myindustrial.eu\/et\/shop\/toostuslikud-pidurisusteemid-ja-ajami-seiskamise-komponendid\/puhver-summuti\/rope-rocker-damper-type-swd\/","og_site_name":"My industrial","article_modified_time":"2024-12-26T17:28:47+00:00","og_image":[{"width":800,"height":800,"url":"https:\/\/dev.myindustrial.eu\/wp-content\/uploads\/2024\/12\/seilwippendaempfer.webp","type":"image\/webp"}],"twitter_card":"summary_large_image","schema":{"@context":"https:\/\/schema.org","@graph":[{"@type":"WebPage","@id":"https:\/\/dev.myindustrial.eu\/et\/shop\/toostuslikud-pidurisusteemid-ja-ajami-seiskamise-komponendid\/puhver-summuti\/rope-rocker-damper-type-swd\/","url":"https:\/\/dev.myindustrial.eu\/et\/shop\/toostuslikud-pidurisusteemid-ja-ajami-seiskamise-komponendid\/puhver-summuti\/rope-rocker-damper-type-swd\/","name":"Trossikiikude summuti SWD t\u00fc\u00fcp - My industrial","isPartOf":{"@id":"https:\/\/dev.myindustrial.eu\/et\/#website"},"primaryImageOfPage":{"@id":"https:\/\/dev.myindustrial.eu\/et\/shop\/toostuslikud-pidurisusteemid-ja-ajami-seiskamise-komponendid\/puhver-summuti\/rope-rocker-damper-type-swd\/#primaryimage"},"image":{"@id":"https:\/\/dev.myindustrial.eu\/et\/shop\/toostuslikud-pidurisusteemid-ja-ajami-seiskamise-komponendid\/puhver-summuti\/rope-rocker-damper-type-swd\/#primaryimage"},"thumbnailUrl":"https:\/\/dev.myindustrial.eu\/wp-content\/uploads\/2024\/12\/seilwippendaempfer.webp","datePublished":"2024-12-02T10:15:26+00:00","dateModified":"2024-12-26T17:28:47+00:00","breadcrumb":{"@id":"https:\/\/dev.myindustrial.eu\/et\/shop\/toostuslikud-pidurisusteemid-ja-ajami-seiskamise-komponendid\/puhver-summuti\/rope-rocker-damper-type-swd\/#breadcrumb"},"inLanguage":"et","potentialAction":[{"@type":"ReadAction","target":["https:\/\/dev.myindustrial.eu\/et\/shop\/toostuslikud-pidurisusteemid-ja-ajami-seiskamise-komponendid\/puhver-summuti\/rope-rocker-damper-type-swd\/"]}]},{"@type":"ImageObject","inLanguage":"et","@id":"https:\/\/dev.myindustrial.eu\/et\/shop\/toostuslikud-pidurisusteemid-ja-ajami-seiskamise-komponendid\/puhver-summuti\/rope-rocker-damper-type-swd\/#primaryimage","url":"https:\/\/dev.myindustrial.eu\/wp-content\/uploads\/2024\/12\/seilwippendaempfer.webp","contentUrl":"https:\/\/dev.myindustrial.eu\/wp-content\/uploads\/2024\/12\/seilwippendaempfer.webp","width":800,"height":800},{"@type":"BreadcrumbList","@id":"https:\/\/dev.myindustrial.eu\/et\/shop\/toostuslikud-pidurisusteemid-ja-ajami-seiskamise-komponendid\/puhver-summuti\/rope-rocker-damper-type-swd\/#breadcrumb","itemListElement":[{"@type":"ListItem","position":1,"name":"Home","item":"https:\/\/dev.myindustrial.eu\/et\/"},{"@type":"ListItem","position":2,"name":"Products","item":"https:\/\/dev.myindustrial.eu\/et\/products\/"},{"@type":"ListItem","position":3,"name":"Trossikiikude summuti SWD t\u00fc\u00fcp"}]},{"@type":"WebSite","@id":"https:\/\/dev.myindustrial.eu\/et\/#website","url":"https:\/\/dev.myindustrial.eu\/et\/","name":"My industrial","description":"","potentialAction":[{"@type":"SearchAction","target":{"@type":"EntryPoint","urlTemplate":"https:\/\/dev.myindustrial.eu\/et\/?s={search_term_string}"},"query-input":{"@type":"PropertyValueSpecification","valueRequired":true,"valueName":"search_term_string"}}],"inLanguage":"et"}]}},"_links":{"self":[{"href":"https:\/\/dev.myindustrial.eu\/et\/wp-json\/wp\/v2\/product\/1260065509","targetHints":{"allow":["GET"]}}],"collection":[{"href":"https:\/\/dev.myindustrial.eu\/et\/wp-json\/wp\/v2\/product"}],"about":[{"href":"https:\/\/dev.myindustrial.eu\/et\/wp-json\/wp\/v2\/types\/product"}],"version-history":[{"count":1,"href":"https:\/\/dev.myindustrial.eu\/et\/wp-json\/wp\/v2\/product\/1260065509\/revisions"}],"predecessor-version":[{"id":1260065510,"href":"https:\/\/dev.myindustrial.eu\/et\/wp-json\/wp\/v2\/product\/1260065509\/revisions\/1260065510"}],"wp:featuredmedia":[{"embeddable":true,"href":"https:\/\/dev.myindustrial.eu\/et\/wp-json\/wp\/v2\/media\/1260064814"}],"wp:attachment":[{"href":"https:\/\/dev.myindustrial.eu\/et\/wp-json\/wp\/v2\/media?parent=1260065509"}],"wp:term":[{"taxonomy":"product_brand","embeddable":true,"href":"https:\/\/dev.myindustrial.eu\/et\/wp-json\/wp\/v2\/product_brand?post=1260065509"},{"taxonomy":"product_cat","embeddable":true,"href":"https:\/\/dev.myindustrial.eu\/et\/wp-json\/wp\/v2\/product_cat?post=1260065509"},{"taxonomy":"product_tag","embeddable":true,"href":"https:\/\/dev.myindustrial.eu\/et\/wp-json\/wp\/v2\/product_tag?post=1260065509"}],"curies":[{"name":"wp","href":"https:\/\/api.w.org\/{rel}","templated":true}]}}