{"id":1260065516,"date":"2024-12-02T10:24:12","date_gmt":"2024-12-02T10:24:12","guid":{"rendered":"https:\/\/dev.myindustrial.eu\/shop\/maaratlemata\/buffer-stops-for-track-and-railway-systems\/"},"modified":"2024-12-26T17:39:40","modified_gmt":"2024-12-26T17:39:40","slug":"buffer-stops-for-track-and-railway-systems","status":"publish","type":"product","link":"https:\/\/dev.myindustrial.eu\/et\/shop\/toostuslikud-pidurisusteemid-ja-ajami-seiskamise-komponendid\/puhvripidurid\/buffer-stops-for-track-and-railway-systems\/","title":{"rendered":"Pukseerimispadjad r\u00f6\u00f6baste ja raudtees\u00fcsteemide jaoks"},"content":{"rendered":"<p><iframe title=\"YouTube video player\" src=\"https:\/\/www.youtube.com\/embed\/-hEjYF0KZfA?si=yRdPQBtqmFdWWFja\" width=\"560\" height=\"315\" frameborder=\"0\" allowfullscreen=\"allowfullscreen\"><\/iframe><\/p>\n","protected":false},"excerpt":{"rendered":"<p><span style=\"font-weight: 400;\">Pukseerimispadi r\u00f6\u00f6baste kinnituse lahenduseks. Klammerdamine toimub spetsiaalsete karastatud klambrite abil.<\/span><\/p>\n<ul>\n<li style=\"font-weight: 400;\" aria-level=\"1\"><span style=\"font-weight: 400;\">Lihtne paigaldamine ja joondamine<\/span><\/li>\n<li style=\"font-weight: 400;\" aria-level=\"1\"><span style=\"font-weight: 400;\">Isekeskne<\/span><\/li>\n<li style=\"font-weight: 400;\" aria-level=\"1\"><span style=\"font-weight: 400;\">Sobib k\u00f5igile levinud r\u00f6\u00f6baste t\u00fc\u00fcpidele<\/span><\/li>\n<li style=\"font-weight: 400;\" aria-level=\"1\"><span style=\"font-weight: 400;\">D\u00fcnaamilise amortisaatorina koos integreeritud puksiga<\/span><\/li>\n<li style=\"font-weight: 400;\" aria-level=\"1\"><span style=\"font-weight: 400;\">Staatilise l\u00f5pp-puksi padjana<\/span><\/li>\n<\/ul>\n<p><b>Omadused<\/b><\/p>\n<ul>\n<li style=\"font-weight: 400;\" aria-level=\"1\"><span style=\"font-weight: 400;\">Pukseerimispadjad koos integreeritud puksiga v\u00f5i ilma<\/span><\/li>\n<li style=\"font-weight: 400;\" aria-level=\"1\"><span style=\"font-weight: 400;\">Kruviga kinnitamine v\u00f5i maapinna ankruga kinnitamine<\/span><\/li>\n<li style=\"font-weight: 400;\" aria-level=\"1\"><span style=\"font-weight: 400;\">Klammerdamisv\u00f5ime t\u00e4nu spetsiaalsetele klambritelementidele<\/span><\/li>\n<li style=\"font-weight: 400;\" aria-level=\"1\"><span style=\"font-weight: 400;\">Tugev konstruktsioon<\/span><\/li>\n<li style=\"font-weight: 400;\" aria-level=\"1\"><span style=\"font-weight: 400;\">Paindlik ja lihtne paigaldus<\/span><\/li>\n<li style=\"font-weight: 400;\" aria-level=\"1\"><span style=\"font-weight: 400;\">R\u00f6\u00f6baste allasurumise klambrid kaldpeaga, kohandatud vastavalt kliendi vajadustele<\/span><\/li>\n<li style=\"font-weight: 400;\" aria-level=\"1\"><span style=\"font-weight: 400;\">Eri kujundused paigaldamiseks kanalitesse<\/span><\/li>\n<\/ul>\n<p><b>Tehnilised eelised<\/b><\/p>\n<ul>\n<li style=\"font-weight: 400;\" aria-level=\"1\"><span style=\"font-weight: 400;\">Padjad, mis on integreeritud pukseerimispatjadesse, on kergesti vahetatavad t\u00e4nu uuele avamisfunktsioonile puksi \u00fclaosas.<\/span><\/li>\n<\/ul>\n","protected":false},"featured_media":1260064845,"template":"","meta":[],"product_brand":[],"product_cat":[1687],"product_tag":[],"class_list":{"0":"post-1260065516","1":"product","2":"type-product","3":"status-publish","4":"has-post-thumbnail","6":"product_cat-puhvripidurid","8":"first","9":"instock","10":"shipping-taxable","11":"product-type-simple"},"yoast_head":"<!-- This site is optimized with the Yoast SEO plugin v27.1.1 - https:\/\/yoast.com\/product\/yoast-seo-wordpress\/ -->\n<title>Pukseerimispadjad r\u00f6\u00f6baste ja raudtees\u00fcsteemide jaoks - My industrial<\/title>\n<meta name=\"robots\" content=\"noindex, follow, max-snippet:-1, max-image-preview:large, max-video-preview:-1\" \/>\n<meta property=\"og:locale\" content=\"et_EE\" \/>\n<meta property=\"og:type\" content=\"article\" \/>\n<meta property=\"og:title\" content=\"Pukseerimispadjad r\u00f6\u00f6baste ja raudtees\u00fcsteemide jaoks - My industrial\" \/>\n<meta property=\"og:description\" content=\"Pukseerimispadi r\u00f6\u00f6baste kinnituse lahenduseks. Klammerdamine toimub spetsiaalsete karastatud klambrite abil.   Lihtne paigaldamine ja joondamine  Isekeskne  Sobib k\u00f5igile levinud r\u00f6\u00f6baste t\u00fc\u00fcpidele  D\u00fcnaamilise amortisaatorina koos integreeritud puksiga  Staatilise l\u00f5pp-puksi padjana  Omadused   Pukseerimispadjad koos integreeritud puksiga v\u00f5i ilma  Kruviga kinnitamine v\u00f5i maapinna ankruga kinnitamine  Klammerdamisv\u00f5ime t\u00e4nu spetsiaalsetele klambritelementidele  Tugev konstruktsioon  Paindlik ja lihtne paigaldus  R\u00f6\u00f6baste allasurumise klambrid kaldpeaga, kohandatud vastavalt kliendi vajadustele  Eri kujundused paigaldamiseks kanalitesse  Tehnilised eelised   Padjad, mis on integreeritud pukseerimispatjadesse, on kergesti vahetatavad t\u00e4nu uuele avamisfunktsioonile puksi \u00fclaosas.\" \/>\n<meta property=\"og:url\" content=\"https:\/\/dev.myindustrial.eu\/et\/shop\/toostuslikud-pidurisusteemid-ja-ajami-seiskamise-komponendid\/puhvripidurid\/buffer-stops-for-track-and-railway-systems\/\" \/>\n<meta property=\"og:site_name\" content=\"My industrial\" \/>\n<meta property=\"article:modified_time\" content=\"2024-12-26T17:39:40+00:00\" \/>\n<meta property=\"og:image\" content=\"https:\/\/dev.myindustrial.eu\/wp-content\/uploads\/2024\/12\/rft_bufferstops.webp\" \/>\n\t<meta property=\"og:image:width\" content=\"800\" \/>\n\t<meta property=\"og:image:height\" content=\"800\" \/>\n\t<meta property=\"og:image:type\" content=\"image\/webp\" \/>\n<meta name=\"twitter:card\" content=\"summary_large_image\" \/>\n<script type=\"application\/ld+json\" class=\"yoast-schema-graph\">{\"@context\":\"https:\/\/schema.org\",\"@graph\":[{\"@type\":\"WebPage\",\"@id\":\"https:\/\/dev.myindustrial.eu\/et\/shop\/toostuslikud-pidurisusteemid-ja-ajami-seiskamise-komponendid\/puhvripidurid\/buffer-stops-for-track-and-railway-systems\/\",\"url\":\"https:\/\/dev.myindustrial.eu\/et\/shop\/toostuslikud-pidurisusteemid-ja-ajami-seiskamise-komponendid\/puhvripidurid\/buffer-stops-for-track-and-railway-systems\/\",\"name\":\"Pukseerimispadjad r\u00f6\u00f6baste ja raudtees\u00fcsteemide jaoks - My industrial\",\"isPartOf\":{\"@id\":\"https:\/\/dev.myindustrial.eu\/et\/#website\"},\"primaryImageOfPage\":{\"@id\":\"https:\/\/dev.myindustrial.eu\/et\/shop\/toostuslikud-pidurisusteemid-ja-ajami-seiskamise-komponendid\/puhvripidurid\/buffer-stops-for-track-and-railway-systems\/#primaryimage\"},\"image\":{\"@id\":\"https:\/\/dev.myindustrial.eu\/et\/shop\/toostuslikud-pidurisusteemid-ja-ajami-seiskamise-komponendid\/puhvripidurid\/buffer-stops-for-track-and-railway-systems\/#primaryimage\"},\"thumbnailUrl\":\"https:\/\/dev.myindustrial.eu\/wp-content\/uploads\/2024\/12\/rft_bufferstops.webp\",\"datePublished\":\"2024-12-02T10:24:12+00:00\",\"dateModified\":\"2024-12-26T17:39:40+00:00\",\"breadcrumb\":{\"@id\":\"https:\/\/dev.myindustrial.eu\/et\/shop\/toostuslikud-pidurisusteemid-ja-ajami-seiskamise-komponendid\/puhvripidurid\/buffer-stops-for-track-and-railway-systems\/#breadcrumb\"},\"inLanguage\":\"et\",\"potentialAction\":[{\"@type\":\"ReadAction\",\"target\":[\"https:\/\/dev.myindustrial.eu\/et\/shop\/toostuslikud-pidurisusteemid-ja-ajami-seiskamise-komponendid\/puhvripidurid\/buffer-stops-for-track-and-railway-systems\/\"]}]},{\"@type\":\"ImageObject\",\"inLanguage\":\"et\",\"@id\":\"https:\/\/dev.myindustrial.eu\/et\/shop\/toostuslikud-pidurisusteemid-ja-ajami-seiskamise-komponendid\/puhvripidurid\/buffer-stops-for-track-and-railway-systems\/#primaryimage\",\"url\":\"https:\/\/dev.myindustrial.eu\/wp-content\/uploads\/2024\/12\/rft_bufferstops.webp\",\"contentUrl\":\"https:\/\/dev.myindustrial.eu\/wp-content\/uploads\/2024\/12\/rft_bufferstops.webp\",\"width\":800,\"height\":800},{\"@type\":\"BreadcrumbList\",\"@id\":\"https:\/\/dev.myindustrial.eu\/et\/shop\/toostuslikud-pidurisusteemid-ja-ajami-seiskamise-komponendid\/puhvripidurid\/buffer-stops-for-track-and-railway-systems\/#breadcrumb\",\"itemListElement\":[{\"@type\":\"ListItem\",\"position\":1,\"name\":\"Home\",\"item\":\"https:\/\/dev.myindustrial.eu\/et\/\"},{\"@type\":\"ListItem\",\"position\":2,\"name\":\"Products\",\"item\":\"https:\/\/dev.myindustrial.eu\/et\/products\/\"},{\"@type\":\"ListItem\",\"position\":3,\"name\":\"Pukseerimispadjad r\u00f6\u00f6baste ja raudtees\u00fcsteemide jaoks\"}]},{\"@type\":\"WebSite\",\"@id\":\"https:\/\/dev.myindustrial.eu\/et\/#website\",\"url\":\"https:\/\/dev.myindustrial.eu\/et\/\",\"name\":\"My industrial\",\"description\":\"\",\"potentialAction\":[{\"@type\":\"SearchAction\",\"target\":{\"@type\":\"EntryPoint\",\"urlTemplate\":\"https:\/\/dev.myindustrial.eu\/et\/?s={search_term_string}\"},\"query-input\":{\"@type\":\"PropertyValueSpecification\",\"valueRequired\":true,\"valueName\":\"search_term_string\"}}],\"inLanguage\":\"et\"}]}<\/script>\n<!-- \/ Yoast SEO plugin. -->","yoast_head_json":{"title":"Pukseerimispadjad r\u00f6\u00f6baste ja raudtees\u00fcsteemide jaoks - My industrial","robots":{"index":"noindex","follow":"follow","max-snippet":"max-snippet:-1","max-image-preview":"max-image-preview:large","max-video-preview":"max-video-preview:-1"},"og_locale":"et_EE","og_type":"article","og_title":"Pukseerimispadjad r\u00f6\u00f6baste ja raudtees\u00fcsteemide jaoks - My industrial","og_description":"Pukseerimispadi r\u00f6\u00f6baste kinnituse lahenduseks. Klammerdamine toimub spetsiaalsete karastatud klambrite abil.   Lihtne paigaldamine ja joondamine  Isekeskne  Sobib k\u00f5igile levinud r\u00f6\u00f6baste t\u00fc\u00fcpidele  D\u00fcnaamilise amortisaatorina koos integreeritud puksiga  Staatilise l\u00f5pp-puksi padjana  Omadused   Pukseerimispadjad koos integreeritud puksiga v\u00f5i ilma  Kruviga kinnitamine v\u00f5i maapinna ankruga kinnitamine  Klammerdamisv\u00f5ime t\u00e4nu spetsiaalsetele klambritelementidele  Tugev konstruktsioon  Paindlik ja lihtne paigaldus  R\u00f6\u00f6baste allasurumise klambrid kaldpeaga, kohandatud vastavalt kliendi vajadustele  Eri kujundused paigaldamiseks kanalitesse  Tehnilised eelised   Padjad, mis on integreeritud pukseerimispatjadesse, on kergesti vahetatavad t\u00e4nu uuele avamisfunktsioonile puksi \u00fclaosas.","og_url":"https:\/\/dev.myindustrial.eu\/et\/shop\/toostuslikud-pidurisusteemid-ja-ajami-seiskamise-komponendid\/puhvripidurid\/buffer-stops-for-track-and-railway-systems\/","og_site_name":"My industrial","article_modified_time":"2024-12-26T17:39:40+00:00","og_image":[{"width":800,"height":800,"url":"https:\/\/dev.myindustrial.eu\/wp-content\/uploads\/2024\/12\/rft_bufferstops.webp","type":"image\/webp"}],"twitter_card":"summary_large_image","schema":{"@context":"https:\/\/schema.org","@graph":[{"@type":"WebPage","@id":"https:\/\/dev.myindustrial.eu\/et\/shop\/toostuslikud-pidurisusteemid-ja-ajami-seiskamise-komponendid\/puhvripidurid\/buffer-stops-for-track-and-railway-systems\/","url":"https:\/\/dev.myindustrial.eu\/et\/shop\/toostuslikud-pidurisusteemid-ja-ajami-seiskamise-komponendid\/puhvripidurid\/buffer-stops-for-track-and-railway-systems\/","name":"Pukseerimispadjad r\u00f6\u00f6baste ja raudtees\u00fcsteemide jaoks - My industrial","isPartOf":{"@id":"https:\/\/dev.myindustrial.eu\/et\/#website"},"primaryImageOfPage":{"@id":"https:\/\/dev.myindustrial.eu\/et\/shop\/toostuslikud-pidurisusteemid-ja-ajami-seiskamise-komponendid\/puhvripidurid\/buffer-stops-for-track-and-railway-systems\/#primaryimage"},"image":{"@id":"https:\/\/dev.myindustrial.eu\/et\/shop\/toostuslikud-pidurisusteemid-ja-ajami-seiskamise-komponendid\/puhvripidurid\/buffer-stops-for-track-and-railway-systems\/#primaryimage"},"thumbnailUrl":"https:\/\/dev.myindustrial.eu\/wp-content\/uploads\/2024\/12\/rft_bufferstops.webp","datePublished":"2024-12-02T10:24:12+00:00","dateModified":"2024-12-26T17:39:40+00:00","breadcrumb":{"@id":"https:\/\/dev.myindustrial.eu\/et\/shop\/toostuslikud-pidurisusteemid-ja-ajami-seiskamise-komponendid\/puhvripidurid\/buffer-stops-for-track-and-railway-systems\/#breadcrumb"},"inLanguage":"et","potentialAction":[{"@type":"ReadAction","target":["https:\/\/dev.myindustrial.eu\/et\/shop\/toostuslikud-pidurisusteemid-ja-ajami-seiskamise-komponendid\/puhvripidurid\/buffer-stops-for-track-and-railway-systems\/"]}]},{"@type":"ImageObject","inLanguage":"et","@id":"https:\/\/dev.myindustrial.eu\/et\/shop\/toostuslikud-pidurisusteemid-ja-ajami-seiskamise-komponendid\/puhvripidurid\/buffer-stops-for-track-and-railway-systems\/#primaryimage","url":"https:\/\/dev.myindustrial.eu\/wp-content\/uploads\/2024\/12\/rft_bufferstops.webp","contentUrl":"https:\/\/dev.myindustrial.eu\/wp-content\/uploads\/2024\/12\/rft_bufferstops.webp","width":800,"height":800},{"@type":"BreadcrumbList","@id":"https:\/\/dev.myindustrial.eu\/et\/shop\/toostuslikud-pidurisusteemid-ja-ajami-seiskamise-komponendid\/puhvripidurid\/buffer-stops-for-track-and-railway-systems\/#breadcrumb","itemListElement":[{"@type":"ListItem","position":1,"name":"Home","item":"https:\/\/dev.myindustrial.eu\/et\/"},{"@type":"ListItem","position":2,"name":"Products","item":"https:\/\/dev.myindustrial.eu\/et\/products\/"},{"@type":"ListItem","position":3,"name":"Pukseerimispadjad r\u00f6\u00f6baste ja raudtees\u00fcsteemide jaoks"}]},{"@type":"WebSite","@id":"https:\/\/dev.myindustrial.eu\/et\/#website","url":"https:\/\/dev.myindustrial.eu\/et\/","name":"My industrial","description":"","potentialAction":[{"@type":"SearchAction","target":{"@type":"EntryPoint","urlTemplate":"https:\/\/dev.myindustrial.eu\/et\/?s={search_term_string}"},"query-input":{"@type":"PropertyValueSpecification","valueRequired":true,"valueName":"search_term_string"}}],"inLanguage":"et"}]}},"_links":{"self":[{"href":"https:\/\/dev.myindustrial.eu\/et\/wp-json\/wp\/v2\/product\/1260065516","targetHints":{"allow":["GET"]}}],"collection":[{"href":"https:\/\/dev.myindustrial.eu\/et\/wp-json\/wp\/v2\/product"}],"about":[{"href":"https:\/\/dev.myindustrial.eu\/et\/wp-json\/wp\/v2\/types\/product"}],"version-history":[{"count":1,"href":"https:\/\/dev.myindustrial.eu\/et\/wp-json\/wp\/v2\/product\/1260065516\/revisions"}],"predecessor-version":[{"id":1260065517,"href":"https:\/\/dev.myindustrial.eu\/et\/wp-json\/wp\/v2\/product\/1260065516\/revisions\/1260065517"}],"wp:featuredmedia":[{"embeddable":true,"href":"https:\/\/dev.myindustrial.eu\/et\/wp-json\/wp\/v2\/media\/1260064845"}],"wp:attachment":[{"href":"https:\/\/dev.myindustrial.eu\/et\/wp-json\/wp\/v2\/media?parent=1260065516"}],"wp:term":[{"taxonomy":"product_brand","embeddable":true,"href":"https:\/\/dev.myindustrial.eu\/et\/wp-json\/wp\/v2\/product_brand?post=1260065516"},{"taxonomy":"product_cat","embeddable":true,"href":"https:\/\/dev.myindustrial.eu\/et\/wp-json\/wp\/v2\/product_cat?post=1260065516"},{"taxonomy":"product_tag","embeddable":true,"href":"https:\/\/dev.myindustrial.eu\/et\/wp-json\/wp\/v2\/product_tag?post=1260065516"}],"curies":[{"name":"wp","href":"https:\/\/api.w.org\/{rel}","templated":true}]}}