{"id":1260065526,"date":"2024-12-02T10:35:38","date_gmt":"2024-12-02T10:35:38","guid":{"rendered":"https:\/\/dev.myindustrial.eu\/shop\/maaratlemata\/industrial-brake-disk-coupling-with-brake-disk-for-disk-brake\/"},"modified":"2024-12-26T19:45:22","modified_gmt":"2024-12-26T19:45:22","slug":"industrial-brake-disk-coupling-with-brake-disk-for-disk-brake","status":"publish","type":"product","link":"https:\/\/dev.myindustrial.eu\/et\/shop\/toostuslikud-pidurisusteemid-ja-ajami-seiskamise-komponendid\/sidurid\/industrial-brake-disk-coupling-with-brake-disk-for-disk-brake\/","title":{"rendered":"T\u00f6\u00f6stuslik piduriketta siddur, muhvid (sidumine) koos pidurikettaga ketaspiduritele"},"content":{"rendered":"<p><span style=\"font-weight: 400;\">T\u00f6\u00f6stuslikud torsioonelastsusega k\u00fc\u00fcnissidurid kompenseerivad aksiaal-, radiaal- ja nurknihet. Seega suudavad need kompenseerida v\u00f5llide joondamise ebat\u00e4psusi, mis tulenevad ebat\u00e4psest paigaldamisest, vundamendi vajumisest v\u00f5i k\u00f5rguse ja pikkuse muutustest t\u00f6\u00f6 k\u00e4igus.<\/span><\/p>\n<p><span style=\"font-weight: 400;\">K\u00fc\u00fcnissidurid t\u00f6\u00f6tavad pingestatud kummist \u00fclekandeelementidega, mis tagavad tugevuse ja kaitse l\u00e4bitorgete vastu. Elastsed \u00fclekandeelemendid on tavaliselt valmistatud kummimaterjalist (NR-SBR 75\u201380\u00b0 Shore = elementide t\u00fc\u00fcp SN), mis sobib temperatuuridele vahemikus -40\u00b0C kuni +80\u00b0C. Saadaval on ka muud kummi- v\u00f5i silikoonmaterjalid, millel on erinev k\u00f5vadus ja mis sobivad k\u00f5rgematele temperatuuridele.<\/span><\/p>\n<p><span style=\"font-weight: 400;\">Siduritel on progressiivsed torsioonilised omadused ning head vibratsiooni ja l\u00f6\u00f6gikoormuse summutamise omadused. K\u00f5igi sidurite erip\u00e4ra on eraldi poltide kinnituskate, mis v\u00f5imaldab elastseid elemente radiaalselt paigaldada ja eemaldada ilma siduri rummu aksiaalselt liigutamata.<\/span><\/p>\n<p><span style=\"font-weight: 400;\">Elastsed elemendid on k\u00f5ikides suurustes kujundatud pool-tunneli kujuliselt, kus kaks kummipatja on \u00fchendatud v\u00e4limise rihmaga.<\/span><\/p>\n<p><b>Omadused<\/b><\/p>\n<p><span style=\"font-weight: 400;\">RKK t\u00f6\u00f6stussidurid, suure paindlikkusega \u00fchenduselement:<\/span><\/p>\n<ul>\n<li style=\"font-weight: 400;\" aria-level=\"1\"><span style=\"font-weight: 400;\">Torsiooniliselt elastne<\/span><\/li>\n<li style=\"font-weight: 400;\" aria-level=\"1\"><span style=\"font-weight: 400;\">Kompenseerib aksiaalset nihet<\/span><\/li>\n<li style=\"font-weight: 400;\" aria-level=\"1\"><span style=\"font-weight: 400;\">Kompenseerib radiaalset nihet<\/span><\/li>\n<li style=\"font-weight: 400;\" aria-level=\"1\"><span style=\"font-weight: 400;\">Kompenseerib nurknihet<\/span><\/li>\n<\/ul>\n<p><b>Kulunud sidurielementide kiire ja lihtne vahetamine:<\/b><\/p>\n<ol>\n<li style=\"font-weight: 400;\" aria-level=\"1\"><span style=\"font-weight: 400;\">L\u00f5dvendage ja t\u00f5mmake kinnituskate tagasi.<\/span><\/li>\n<li style=\"font-weight: 400;\" aria-level=\"1\"><span style=\"font-weight: 400;\">Eemaldage kulunud sidurielemendid ja asetage uued.<\/span><\/li>\n<li style=\"font-weight: 400;\" aria-level=\"1\"><span style=\"font-weight: 400;\">T\u00f5mmake kinnituskate tagasi kohale ja pingutage kinni.<\/span><\/li>\n<\/ol>\n<p><b>Tehnilised eelised<\/b><\/p>\n<ul>\n<li style=\"font-weight: 400;\" aria-level=\"1\"><span style=\"font-weight: 400;\">Piduriketas on valmistatud t\u00e4ismaterjalist (C45).<\/span><\/li>\n<li style=\"font-weight: 400;\" aria-level=\"1\"><span style=\"font-weight: 400;\">Kulunud kummielemente \/ sidurielemente on lihtne vahetada ilma sidurit v\u00f5i mootorit lahti v\u00f5tmata.<\/span><\/li>\n<li style=\"font-weight: 400;\" aria-level=\"1\"><span style=\"font-weight: 400;\">Siduri k\u00fc\u00fcnised on v\u00f5lliga koaksiaalsed (ilma kaldenurkadeta, seega madalamad aksiaalsed j\u00f5ud).<\/span><\/li>\n<li style=\"font-weight: 400;\" aria-level=\"1\"><span style=\"font-weight: 400;\">Pikk kasutusiga ja v\u00e4iksemad hooldus- ja j\u00e4relt\u00f6\u00f6tluskulud.<\/span><\/li>\n<\/ul>\n","protected":false},"excerpt":{"rendered":"<p><b>Paindlik \u00fchendus, muhvid<\/b><\/p>\n<p><b>T\u00f6\u00f6stuslikud ajamid ja Muhvid<\/b><\/p>\n<p><span style=\"font-weight: 400;\">Elastseid elemente saab h\u00f5lpsasti paigaldada ja eemaldada radiaalselt, ilma et oleks vaja \u00fchendatud masinate aksiaalset liikumist, kui kinnituskatte on eemaldatud ja tagasi t\u00f5mmatud. Alternatiivsed piduritrumli paigaldamise v\u00f5imalused m\u00e4\u00e4ravad v\u00e4lism\u00f5\u00f5tmed.<\/span><\/p>\n<ul>\n<li style=\"font-weight: 400;\" aria-level=\"1\"><span style=\"font-weight: 400;\">Elastne v\u00f5llisidur muhvid, k\u00fc\u00fcnis-t\u00fc\u00fcpi sidur (sidumine) koos pidurikettaga ketaspiduritele<\/span><\/li>\n<li style=\"font-weight: 400;\" aria-level=\"1\"><span style=\"font-weight: 400;\">Sidur on vastupidav ja purunemiskindel<\/span><\/li>\n<li style=\"font-weight: 400;\" aria-level=\"1\"><span style=\"font-weight: 400;\">Valmistatud t\u00e4ismaterjalist (C45), mitte valatud konstruktsioon<\/span><\/li>\n<li style=\"font-weight: 400;\" aria-level=\"1\"><span style=\"font-weight: 400;\">Kahekomponentne v\u00e4rv, RAL 7024<\/span><\/li>\n<li style=\"font-weight: 400;\" aria-level=\"1\"><span style=\"font-weight: 400;\">K\u00f5rge kvaliteeditase \/ pikk kasutusiga<\/span><\/li>\n<li style=\"font-weight: 400;\" aria-level=\"1\"><span style=\"font-weight: 400;\">Mootoripoolse v\u00f5lli diameeter 20 mm kuni 170 mm<\/span><\/li>\n<li style=\"font-weight: 400;\" aria-level=\"1\"><span style=\"font-weight: 400;\">Reduktori poolse v\u00f5lli diameeter 20 mm kuni 170 mm<\/span><\/li>\n<\/ul>\n","protected":false},"featured_media":1260064857,"template":"","meta":[],"product_brand":[],"product_cat":[1647],"product_tag":[],"class_list":{"0":"post-1260065526","1":"product","2":"type-product","3":"status-publish","4":"has-post-thumbnail","6":"product_cat-sidurid","8":"first","9":"instock","10":"shipping-taxable","11":"product-type-simple"},"yoast_head":"<!-- This site is optimized with the Yoast SEO plugin v27.1.1 - https:\/\/yoast.com\/product\/yoast-seo-wordpress\/ -->\n<title>T\u00f6\u00f6stuslik piduriketta siddur, muhvid (sidumine) koos pidurikettaga ketaspiduritele - My industrial<\/title>\n<meta name=\"robots\" content=\"noindex, follow, max-snippet:-1, max-image-preview:large, max-video-preview:-1\" \/>\n<meta property=\"og:locale\" content=\"et_EE\" \/>\n<meta property=\"og:type\" content=\"article\" \/>\n<meta property=\"og:title\" content=\"T\u00f6\u00f6stuslik piduriketta siddur, muhvid (sidumine) koos pidurikettaga ketaspiduritele - My industrial\" \/>\n<meta property=\"og:description\" content=\"Paindlik \u00fchendus, muhvid  T\u00f6\u00f6stuslikud ajamid ja Muhvid  Elastseid elemente saab h\u00f5lpsasti paigaldada ja eemaldada radiaalselt, ilma et oleks vaja \u00fchendatud masinate aksiaalset liikumist, kui kinnituskatte on eemaldatud ja tagasi t\u00f5mmatud. Alternatiivsed piduritrumli paigaldamise v\u00f5imalused m\u00e4\u00e4ravad v\u00e4lism\u00f5\u00f5tmed.   Elastne v\u00f5llisidur muhvid, k\u00fc\u00fcnis-t\u00fc\u00fcpi sidur (sidumine) koos pidurikettaga ketaspiduritele  Sidur on vastupidav ja purunemiskindel  Valmistatud t\u00e4ismaterjalist (C45), mitte valatud konstruktsioon  Kahekomponentne v\u00e4rv, RAL 7024  K\u00f5rge kvaliteeditase \/ pikk kasutusiga  Mootoripoolse v\u00f5lli diameeter 20 mm kuni 170 mm  Reduktori poolse v\u00f5lli diameeter 20 mm kuni 170 mm\" \/>\n<meta property=\"og:url\" content=\"https:\/\/dev.myindustrial.eu\/et\/shop\/toostuslikud-pidurisusteemid-ja-ajami-seiskamise-komponendid\/sidurid\/industrial-brake-disk-coupling-with-brake-disk-for-disk-brake\/\" \/>\n<meta property=\"og:site_name\" content=\"My industrial\" \/>\n<meta property=\"article:modified_time\" content=\"2024-12-26T19:45:22+00:00\" \/>\n<meta property=\"og:image\" content=\"https:\/\/dev.myindustrial.eu\/wp-content\/uploads\/2024\/12\/rft_clawcoupling-type_rkk-wbs.webp\" \/>\n\t<meta property=\"og:image:width\" content=\"800\" \/>\n\t<meta property=\"og:image:height\" content=\"800\" \/>\n\t<meta property=\"og:image:type\" content=\"image\/webp\" \/>\n<meta name=\"twitter:card\" content=\"summary_large_image\" \/>\n<script type=\"application\/ld+json\" class=\"yoast-schema-graph\">{\"@context\":\"https:\/\/schema.org\",\"@graph\":[{\"@type\":\"WebPage\",\"@id\":\"https:\/\/dev.myindustrial.eu\/et\/shop\/toostuslikud-pidurisusteemid-ja-ajami-seiskamise-komponendid\/sidurid\/industrial-brake-disk-coupling-with-brake-disk-for-disk-brake\/\",\"url\":\"https:\/\/dev.myindustrial.eu\/et\/shop\/toostuslikud-pidurisusteemid-ja-ajami-seiskamise-komponendid\/sidurid\/industrial-brake-disk-coupling-with-brake-disk-for-disk-brake\/\",\"name\":\"T\u00f6\u00f6stuslik piduriketta siddur, muhvid (sidumine) koos pidurikettaga ketaspiduritele - My industrial\",\"isPartOf\":{\"@id\":\"https:\/\/dev.myindustrial.eu\/et\/#website\"},\"primaryImageOfPage\":{\"@id\":\"https:\/\/dev.myindustrial.eu\/et\/shop\/toostuslikud-pidurisusteemid-ja-ajami-seiskamise-komponendid\/sidurid\/industrial-brake-disk-coupling-with-brake-disk-for-disk-brake\/#primaryimage\"},\"image\":{\"@id\":\"https:\/\/dev.myindustrial.eu\/et\/shop\/toostuslikud-pidurisusteemid-ja-ajami-seiskamise-komponendid\/sidurid\/industrial-brake-disk-coupling-with-brake-disk-for-disk-brake\/#primaryimage\"},\"thumbnailUrl\":\"https:\/\/dev.myindustrial.eu\/wp-content\/uploads\/2024\/12\/rft_clawcoupling-type_rkk-wbs.webp\",\"datePublished\":\"2024-12-02T10:35:38+00:00\",\"dateModified\":\"2024-12-26T19:45:22+00:00\",\"breadcrumb\":{\"@id\":\"https:\/\/dev.myindustrial.eu\/et\/shop\/toostuslikud-pidurisusteemid-ja-ajami-seiskamise-komponendid\/sidurid\/industrial-brake-disk-coupling-with-brake-disk-for-disk-brake\/#breadcrumb\"},\"inLanguage\":\"et\",\"potentialAction\":[{\"@type\":\"ReadAction\",\"target\":[\"https:\/\/dev.myindustrial.eu\/et\/shop\/toostuslikud-pidurisusteemid-ja-ajami-seiskamise-komponendid\/sidurid\/industrial-brake-disk-coupling-with-brake-disk-for-disk-brake\/\"]}]},{\"@type\":\"ImageObject\",\"inLanguage\":\"et\",\"@id\":\"https:\/\/dev.myindustrial.eu\/et\/shop\/toostuslikud-pidurisusteemid-ja-ajami-seiskamise-komponendid\/sidurid\/industrial-brake-disk-coupling-with-brake-disk-for-disk-brake\/#primaryimage\",\"url\":\"https:\/\/dev.myindustrial.eu\/wp-content\/uploads\/2024\/12\/rft_clawcoupling-type_rkk-wbs.webp\",\"contentUrl\":\"https:\/\/dev.myindustrial.eu\/wp-content\/uploads\/2024\/12\/rft_clawcoupling-type_rkk-wbs.webp\",\"width\":800,\"height\":800},{\"@type\":\"BreadcrumbList\",\"@id\":\"https:\/\/dev.myindustrial.eu\/et\/shop\/toostuslikud-pidurisusteemid-ja-ajami-seiskamise-komponendid\/sidurid\/industrial-brake-disk-coupling-with-brake-disk-for-disk-brake\/#breadcrumb\",\"itemListElement\":[{\"@type\":\"ListItem\",\"position\":1,\"name\":\"Home\",\"item\":\"https:\/\/dev.myindustrial.eu\/et\/\"},{\"@type\":\"ListItem\",\"position\":2,\"name\":\"Products\",\"item\":\"https:\/\/dev.myindustrial.eu\/et\/products\/\"},{\"@type\":\"ListItem\",\"position\":3,\"name\":\"T\u00f6\u00f6stuslik piduriketta siddur, muhvid (sidumine) koos pidurikettaga ketaspiduritele\"}]},{\"@type\":\"WebSite\",\"@id\":\"https:\/\/dev.myindustrial.eu\/et\/#website\",\"url\":\"https:\/\/dev.myindustrial.eu\/et\/\",\"name\":\"My industrial\",\"description\":\"\",\"potentialAction\":[{\"@type\":\"SearchAction\",\"target\":{\"@type\":\"EntryPoint\",\"urlTemplate\":\"https:\/\/dev.myindustrial.eu\/et\/?s={search_term_string}\"},\"query-input\":{\"@type\":\"PropertyValueSpecification\",\"valueRequired\":true,\"valueName\":\"search_term_string\"}}],\"inLanguage\":\"et\"}]}<\/script>\n<!-- \/ Yoast SEO plugin. -->","yoast_head_json":{"title":"T\u00f6\u00f6stuslik piduriketta siddur, muhvid (sidumine) koos pidurikettaga ketaspiduritele - My industrial","robots":{"index":"noindex","follow":"follow","max-snippet":"max-snippet:-1","max-image-preview":"max-image-preview:large","max-video-preview":"max-video-preview:-1"},"og_locale":"et_EE","og_type":"article","og_title":"T\u00f6\u00f6stuslik piduriketta siddur, muhvid (sidumine) koos pidurikettaga ketaspiduritele - My industrial","og_description":"Paindlik \u00fchendus, muhvid  T\u00f6\u00f6stuslikud ajamid ja Muhvid  Elastseid elemente saab h\u00f5lpsasti paigaldada ja eemaldada radiaalselt, ilma et oleks vaja \u00fchendatud masinate aksiaalset liikumist, kui kinnituskatte on eemaldatud ja tagasi t\u00f5mmatud. Alternatiivsed piduritrumli paigaldamise v\u00f5imalused m\u00e4\u00e4ravad v\u00e4lism\u00f5\u00f5tmed.   Elastne v\u00f5llisidur muhvid, k\u00fc\u00fcnis-t\u00fc\u00fcpi sidur (sidumine) koos pidurikettaga ketaspiduritele  Sidur on vastupidav ja purunemiskindel  Valmistatud t\u00e4ismaterjalist (C45), mitte valatud konstruktsioon  Kahekomponentne v\u00e4rv, RAL 7024  K\u00f5rge kvaliteeditase \/ pikk kasutusiga  Mootoripoolse v\u00f5lli diameeter 20 mm kuni 170 mm  Reduktori poolse v\u00f5lli diameeter 20 mm kuni 170 mm","og_url":"https:\/\/dev.myindustrial.eu\/et\/shop\/toostuslikud-pidurisusteemid-ja-ajami-seiskamise-komponendid\/sidurid\/industrial-brake-disk-coupling-with-brake-disk-for-disk-brake\/","og_site_name":"My industrial","article_modified_time":"2024-12-26T19:45:22+00:00","og_image":[{"width":800,"height":800,"url":"https:\/\/dev.myindustrial.eu\/wp-content\/uploads\/2024\/12\/rft_clawcoupling-type_rkk-wbs.webp","type":"image\/webp"}],"twitter_card":"summary_large_image","schema":{"@context":"https:\/\/schema.org","@graph":[{"@type":"WebPage","@id":"https:\/\/dev.myindustrial.eu\/et\/shop\/toostuslikud-pidurisusteemid-ja-ajami-seiskamise-komponendid\/sidurid\/industrial-brake-disk-coupling-with-brake-disk-for-disk-brake\/","url":"https:\/\/dev.myindustrial.eu\/et\/shop\/toostuslikud-pidurisusteemid-ja-ajami-seiskamise-komponendid\/sidurid\/industrial-brake-disk-coupling-with-brake-disk-for-disk-brake\/","name":"T\u00f6\u00f6stuslik piduriketta siddur, muhvid (sidumine) koos pidurikettaga ketaspiduritele - My industrial","isPartOf":{"@id":"https:\/\/dev.myindustrial.eu\/et\/#website"},"primaryImageOfPage":{"@id":"https:\/\/dev.myindustrial.eu\/et\/shop\/toostuslikud-pidurisusteemid-ja-ajami-seiskamise-komponendid\/sidurid\/industrial-brake-disk-coupling-with-brake-disk-for-disk-brake\/#primaryimage"},"image":{"@id":"https:\/\/dev.myindustrial.eu\/et\/shop\/toostuslikud-pidurisusteemid-ja-ajami-seiskamise-komponendid\/sidurid\/industrial-brake-disk-coupling-with-brake-disk-for-disk-brake\/#primaryimage"},"thumbnailUrl":"https:\/\/dev.myindustrial.eu\/wp-content\/uploads\/2024\/12\/rft_clawcoupling-type_rkk-wbs.webp","datePublished":"2024-12-02T10:35:38+00:00","dateModified":"2024-12-26T19:45:22+00:00","breadcrumb":{"@id":"https:\/\/dev.myindustrial.eu\/et\/shop\/toostuslikud-pidurisusteemid-ja-ajami-seiskamise-komponendid\/sidurid\/industrial-brake-disk-coupling-with-brake-disk-for-disk-brake\/#breadcrumb"},"inLanguage":"et","potentialAction":[{"@type":"ReadAction","target":["https:\/\/dev.myindustrial.eu\/et\/shop\/toostuslikud-pidurisusteemid-ja-ajami-seiskamise-komponendid\/sidurid\/industrial-brake-disk-coupling-with-brake-disk-for-disk-brake\/"]}]},{"@type":"ImageObject","inLanguage":"et","@id":"https:\/\/dev.myindustrial.eu\/et\/shop\/toostuslikud-pidurisusteemid-ja-ajami-seiskamise-komponendid\/sidurid\/industrial-brake-disk-coupling-with-brake-disk-for-disk-brake\/#primaryimage","url":"https:\/\/dev.myindustrial.eu\/wp-content\/uploads\/2024\/12\/rft_clawcoupling-type_rkk-wbs.webp","contentUrl":"https:\/\/dev.myindustrial.eu\/wp-content\/uploads\/2024\/12\/rft_clawcoupling-type_rkk-wbs.webp","width":800,"height":800},{"@type":"BreadcrumbList","@id":"https:\/\/dev.myindustrial.eu\/et\/shop\/toostuslikud-pidurisusteemid-ja-ajami-seiskamise-komponendid\/sidurid\/industrial-brake-disk-coupling-with-brake-disk-for-disk-brake\/#breadcrumb","itemListElement":[{"@type":"ListItem","position":1,"name":"Home","item":"https:\/\/dev.myindustrial.eu\/et\/"},{"@type":"ListItem","position":2,"name":"Products","item":"https:\/\/dev.myindustrial.eu\/et\/products\/"},{"@type":"ListItem","position":3,"name":"T\u00f6\u00f6stuslik piduriketta siddur, muhvid (sidumine) koos pidurikettaga ketaspiduritele"}]},{"@type":"WebSite","@id":"https:\/\/dev.myindustrial.eu\/et\/#website","url":"https:\/\/dev.myindustrial.eu\/et\/","name":"My industrial","description":"","potentialAction":[{"@type":"SearchAction","target":{"@type":"EntryPoint","urlTemplate":"https:\/\/dev.myindustrial.eu\/et\/?s={search_term_string}"},"query-input":{"@type":"PropertyValueSpecification","valueRequired":true,"valueName":"search_term_string"}}],"inLanguage":"et"}]}},"_links":{"self":[{"href":"https:\/\/dev.myindustrial.eu\/et\/wp-json\/wp\/v2\/product\/1260065526","targetHints":{"allow":["GET"]}}],"collection":[{"href":"https:\/\/dev.myindustrial.eu\/et\/wp-json\/wp\/v2\/product"}],"about":[{"href":"https:\/\/dev.myindustrial.eu\/et\/wp-json\/wp\/v2\/types\/product"}],"version-history":[{"count":1,"href":"https:\/\/dev.myindustrial.eu\/et\/wp-json\/wp\/v2\/product\/1260065526\/revisions"}],"predecessor-version":[{"id":1260065527,"href":"https:\/\/dev.myindustrial.eu\/et\/wp-json\/wp\/v2\/product\/1260065526\/revisions\/1260065527"}],"wp:featuredmedia":[{"embeddable":true,"href":"https:\/\/dev.myindustrial.eu\/et\/wp-json\/wp\/v2\/media\/1260064857"}],"wp:attachment":[{"href":"https:\/\/dev.myindustrial.eu\/et\/wp-json\/wp\/v2\/media?parent=1260065526"}],"wp:term":[{"taxonomy":"product_brand","embeddable":true,"href":"https:\/\/dev.myindustrial.eu\/et\/wp-json\/wp\/v2\/product_brand?post=1260065526"},{"taxonomy":"product_cat","embeddable":true,"href":"https:\/\/dev.myindustrial.eu\/et\/wp-json\/wp\/v2\/product_cat?post=1260065526"},{"taxonomy":"product_tag","embeddable":true,"href":"https:\/\/dev.myindustrial.eu\/et\/wp-json\/wp\/v2\/product_tag?post=1260065526"}],"curies":[{"name":"wp","href":"https:\/\/api.w.org\/{rel}","templated":true}]}}