{"id":1260065533,"date":"2024-12-02T10:38:52","date_gmt":"2024-12-02T10:38:52","guid":{"rendered":"https:\/\/dev.myindustrial.eu\/shop\/maaratlemata\/industrial-brake-drum-coupling-with-brake-drum-for-drum-brakes\/"},"modified":"2024-12-26T19:53:14","modified_gmt":"2024-12-26T19:53:14","slug":"industrial-brake-drum-coupling-with-brake-drum-for-drum-brakes","status":"publish","type":"product","link":"https:\/\/dev.myindustrial.eu\/et\/shop\/toostuslikud-pidurisusteemid-ja-ajami-seiskamise-komponendid\/sidurid\/industrial-brake-drum-coupling-with-brake-drum-for-drum-brakes\/","title":{"rendered":"T\u00f6\u00f6stuslik piduritrumli haakeseade, muhvid (sidumine) koos piduritrumliga trummelpiduritele"},"content":{"rendered":"<p><span style=\"font-weight: 400;\">V\u00e4\u00e4ne-elastsed t\u00f6\u00f6stuslikud k\u00fc\u00fcnehaakeseadmed kompenseerivad aksiaalseid, radiaalseid ja nurkseid nihkeid. Seega suudavad need kompenseerida v\u00f5llide joondamise ebat\u00e4psusi, mis on tingitud ebat\u00e4psest kokkupanekust, aluse vajumisest v\u00f5i k\u00f5rguse ja pikkuse muutustest temperatuuri m\u00f5jul.<\/span><span style=\"font-weight: 400;\"><br \/>\n<\/span><span style=\"font-weight: 400;\">K\u00fc\u00fcnehaakeseadmed t\u00f6\u00f6tavad pingestatud kummist \u00fclekandeelementidega, mis tagavad kindla ja l\u00e4bistuskindla \u00fchenduse. Elastsed \u00fclekandeelemendid on tavaliselt valmistatud kummimaterjalist (NR-SBR 75 &#8211; 80\u00b0 Shore = SN konstruktsioon), mis sobib temperatuuridele -40\u00b0C kuni +80\u00b0C. Soovi korral on saadaval muud kummi- v\u00f5i silikoonmaterjalid erineva k\u00f5vaduse ja k\u00f5rgematele temperatuuridele sobivusega.<\/span><\/p>\n<p><span style=\"font-weight: 400;\">Haakeseadmed pakuvad progressiivseid v\u00e4\u00e4ndelisi omadusi koos heade vibratsiooni- ja l\u00f6\u00f6gikoormuste summutusomadustega. K\u00f5igi haakeseadmete erip\u00e4ra on eraldi kinnituskate, mis v\u00f5imaldab elastsete elementide radiaalset paigaldamist ja eemaldamist ilma haakeseadme rummu aksiaalse nihutamiseta. K\u00f5ikides suurustes elastsed elemendid on kujundatud poolkanalina, kus kaks kummipadjakest on \u00fchendatud v\u00e4lisv\u00f6\u00f6ga.<\/span><\/p>\n<p><b>Omadused<\/b><\/p>\n<p><span style=\"font-weight: 400;\">RKK t\u00f6\u00f6stuslikud haakeseadmed, \u00fchenduselement suure paindlikkusega<\/span><\/p>\n<ul>\n<li style=\"font-weight: 400;\" aria-level=\"1\"><span style=\"font-weight: 400;\">V\u00e4\u00e4ndepaindlikkus<\/span><\/li>\n<li style=\"font-weight: 400;\" aria-level=\"1\"><span style=\"font-weight: 400;\">Aksiaalne kompensatsioon<\/span><\/li>\n<li style=\"font-weight: 400;\" aria-level=\"1\"><span style=\"font-weight: 400;\">Radiaalne kompensatsioon<\/span><\/li>\n<li style=\"font-weight: 400;\" aria-level=\"1\"><span style=\"font-weight: 400;\">Nurgeline kompensatsioon<\/span><\/li>\n<\/ul>\n<p><b>Kulunud haakeseadme elementide kiire ja lihtne asendamine:<\/b><\/p>\n<ol>\n<li style=\"font-weight: 400;\" aria-level=\"1\"><span style=\"font-weight: 400;\">L\u00f5dvendage ja t\u00f5mmake tagasi kinnituskatet.<\/span><\/li>\n<li style=\"font-weight: 400;\" aria-level=\"1\"><span style=\"font-weight: 400;\">Eemaldage haakeseadme elemendid ja sisestage uued.<\/span><\/li>\n<li style=\"font-weight: 400;\" aria-level=\"1\"><span style=\"font-weight: 400;\">L\u00fckake kinnituskate tagasi ja kinnitage see.<\/span><\/li>\n<\/ol>\n<p><b>Tehnilised eelised<\/b><\/p>\n<ul>\n<li style=\"font-weight: 400;\" aria-level=\"1\"><span style=\"font-weight: 400;\">Piduritrumlit pole vaja tasakaalustada.<\/span><\/li>\n<li style=\"font-weight: 400;\" aria-level=\"1\"><span style=\"font-weight: 400;\">Kulunud kummielemente \/ haakeseadme elemente saab h\u00f5lpsasti eemaldada ilma haakeseadet v\u00f5i mootorit lahti v\u00f5tmata.<\/span><\/li>\n<li style=\"font-weight: 400;\" aria-level=\"1\"><span style=\"font-weight: 400;\">Paksem piduritrumli serv \/ v\u00e4limine pind (suurenenud energia neeldumine h\u00e4daolukorras).<\/span><\/li>\n<li style=\"font-weight: 400;\" aria-level=\"1\"><span style=\"font-weight: 400;\">Haakeseadme k\u00fc\u00fcned on v\u00f5lliga koaksiaalsed (puuduvad kaldenurgad, seega v\u00e4iksemad aksiaalsed j\u00f5ud).<\/span><\/li>\n<li style=\"font-weight: 400;\" aria-level=\"1\"><span style=\"font-weight: 400;\">Pikk kasutusiga ja madalamad hooldus- ning j\u00e4relkulud.<\/span><\/li>\n<\/ul>\n","protected":false},"excerpt":{"rendered":"<p><b>Piduritrumlite m\u00f5\u00f5tmed vastavalt standardile DIN 15431<\/b><\/p>\n<p><b>T\u00f6\u00f6stuslikud ajamid ja Muhvid<\/b><\/p>\n<p><span style=\"font-weight: 400;\">Elastseid elemente saab h\u00f5lpsasti paigaldada ja eemaldada radiaalselt, ilma et oleks vaja liigutada \u00fchendatud masinaid aksiaalsuunas p\u00e4rast kinnituskatte vabastamist ja eemaldamist. Piduritrummli paigaldamise alternatiivsed v\u00f5imalused m\u00e4\u00e4ravad v\u00e4lism\u00f5\u00f5tmed.<\/span><\/p>\n<ul>\n<li style=\"font-weight: 400;\" aria-level=\"1\"><span style=\"font-weight: 400;\">Elastne v\u00f5lli haakeseade muhvid, k\u00fc\u00fcnehaakeseade piduritrumliga trummelpiduritele vastavalt DIN 15435<\/span><\/li>\n<li style=\"font-weight: 400;\" aria-level=\"1\"><span style=\"font-weight: 400;\">Haakeseade on j\u00e4igalt \u00fchendatud ja purunemiskindel<\/span><\/li>\n<li style=\"font-weight: 400;\" aria-level=\"1\"><span style=\"font-weight: 400;\">Valmistatud t\u00e4ismaterjalist (C45), valuvaba konstruktsioon<\/span><\/li>\n<li style=\"font-weight: 400;\" aria-level=\"1\"><span style=\"font-weight: 400;\">Kahekomponentne v\u00e4rvkattekiht, RAL 7024<\/span><\/li>\n<li style=\"font-weight: 400;\" aria-level=\"1\"><span style=\"font-weight: 400;\">K\u00f5rge kvaliteeditase \/ pikk kasutusiga<\/span><\/li>\n<li style=\"font-weight: 400;\" aria-level=\"1\"><span style=\"font-weight: 400;\">V\u00f5ll mootori poolel: 20 mm kuni 170 mm<\/span><\/li>\n<li style=\"font-weight: 400;\" aria-level=\"1\"><span style=\"font-weight: 400;\">V\u00f5ll reduktori poolel: 20 mm kuni 170 mm<\/span><\/li>\n<\/ul>\n","protected":false},"featured_media":1260064863,"template":"","meta":[],"product_brand":[],"product_cat":[1647],"product_tag":[],"class_list":{"0":"post-1260065533","1":"product","2":"type-product","3":"status-publish","4":"has-post-thumbnail","6":"product_cat-sidurid","8":"first","9":"instock","10":"shipping-taxable","11":"product-type-simple"},"yoast_head":"<!-- This site is optimized with the Yoast SEO plugin v27.1.1 - https:\/\/yoast.com\/product\/yoast-seo-wordpress\/ -->\n<title>T\u00f6\u00f6stuslik piduritrumli haakeseade, muhvid (sidumine) koos piduritrumliga trummelpiduritele - My industrial<\/title>\n<meta name=\"robots\" content=\"noindex, follow, max-snippet:-1, max-image-preview:large, max-video-preview:-1\" \/>\n<meta property=\"og:locale\" content=\"et_EE\" \/>\n<meta property=\"og:type\" content=\"article\" \/>\n<meta property=\"og:title\" content=\"T\u00f6\u00f6stuslik piduritrumli haakeseade, muhvid (sidumine) koos piduritrumliga trummelpiduritele - My industrial\" \/>\n<meta property=\"og:description\" content=\"Piduritrumlite m\u00f5\u00f5tmed vastavalt standardile DIN 15431  T\u00f6\u00f6stuslikud ajamid ja Muhvid  Elastseid elemente saab h\u00f5lpsasti paigaldada ja eemaldada radiaalselt, ilma et oleks vaja liigutada \u00fchendatud masinaid aksiaalsuunas p\u00e4rast kinnituskatte vabastamist ja eemaldamist. Piduritrummli paigaldamise alternatiivsed v\u00f5imalused m\u00e4\u00e4ravad v\u00e4lism\u00f5\u00f5tmed.   Elastne v\u00f5lli haakeseade muhvid, k\u00fc\u00fcnehaakeseade piduritrumliga trummelpiduritele vastavalt DIN 15435  Haakeseade on j\u00e4igalt \u00fchendatud ja purunemiskindel  Valmistatud t\u00e4ismaterjalist (C45), valuvaba konstruktsioon  Kahekomponentne v\u00e4rvkattekiht, RAL 7024  K\u00f5rge kvaliteeditase \/ pikk kasutusiga  V\u00f5ll mootori poolel: 20 mm kuni 170 mm  V\u00f5ll reduktori poolel: 20 mm kuni 170 mm\" \/>\n<meta property=\"og:url\" content=\"https:\/\/dev.myindustrial.eu\/et\/shop\/toostuslikud-pidurisusteemid-ja-ajami-seiskamise-komponendid\/sidurid\/industrial-brake-drum-coupling-with-brake-drum-for-drum-brakes\/\" \/>\n<meta property=\"og:site_name\" content=\"My industrial\" \/>\n<meta property=\"article:modified_time\" content=\"2024-12-26T19:53:14+00:00\" \/>\n<meta property=\"og:image\" content=\"https:\/\/dev.myindustrial.eu\/wp-content\/uploads\/2024\/12\/rft_clawcoupling-type_rkk-wbt.webp\" \/>\n\t<meta property=\"og:image:width\" content=\"800\" \/>\n\t<meta property=\"og:image:height\" content=\"800\" \/>\n\t<meta property=\"og:image:type\" content=\"image\/webp\" \/>\n<meta name=\"twitter:card\" content=\"summary_large_image\" \/>\n<script type=\"application\/ld+json\" class=\"yoast-schema-graph\">{\"@context\":\"https:\/\/schema.org\",\"@graph\":[{\"@type\":\"WebPage\",\"@id\":\"https:\/\/dev.myindustrial.eu\/et\/shop\/toostuslikud-pidurisusteemid-ja-ajami-seiskamise-komponendid\/sidurid\/industrial-brake-drum-coupling-with-brake-drum-for-drum-brakes\/\",\"url\":\"https:\/\/dev.myindustrial.eu\/et\/shop\/toostuslikud-pidurisusteemid-ja-ajami-seiskamise-komponendid\/sidurid\/industrial-brake-drum-coupling-with-brake-drum-for-drum-brakes\/\",\"name\":\"T\u00f6\u00f6stuslik piduritrumli haakeseade, muhvid (sidumine) koos piduritrumliga trummelpiduritele - My industrial\",\"isPartOf\":{\"@id\":\"https:\/\/dev.myindustrial.eu\/et\/#website\"},\"primaryImageOfPage\":{\"@id\":\"https:\/\/dev.myindustrial.eu\/et\/shop\/toostuslikud-pidurisusteemid-ja-ajami-seiskamise-komponendid\/sidurid\/industrial-brake-drum-coupling-with-brake-drum-for-drum-brakes\/#primaryimage\"},\"image\":{\"@id\":\"https:\/\/dev.myindustrial.eu\/et\/shop\/toostuslikud-pidurisusteemid-ja-ajami-seiskamise-komponendid\/sidurid\/industrial-brake-drum-coupling-with-brake-drum-for-drum-brakes\/#primaryimage\"},\"thumbnailUrl\":\"https:\/\/dev.myindustrial.eu\/wp-content\/uploads\/2024\/12\/rft_clawcoupling-type_rkk-wbt.webp\",\"datePublished\":\"2024-12-02T10:38:52+00:00\",\"dateModified\":\"2024-12-26T19:53:14+00:00\",\"breadcrumb\":{\"@id\":\"https:\/\/dev.myindustrial.eu\/et\/shop\/toostuslikud-pidurisusteemid-ja-ajami-seiskamise-komponendid\/sidurid\/industrial-brake-drum-coupling-with-brake-drum-for-drum-brakes\/#breadcrumb\"},\"inLanguage\":\"et\",\"potentialAction\":[{\"@type\":\"ReadAction\",\"target\":[\"https:\/\/dev.myindustrial.eu\/et\/shop\/toostuslikud-pidurisusteemid-ja-ajami-seiskamise-komponendid\/sidurid\/industrial-brake-drum-coupling-with-brake-drum-for-drum-brakes\/\"]}]},{\"@type\":\"ImageObject\",\"inLanguage\":\"et\",\"@id\":\"https:\/\/dev.myindustrial.eu\/et\/shop\/toostuslikud-pidurisusteemid-ja-ajami-seiskamise-komponendid\/sidurid\/industrial-brake-drum-coupling-with-brake-drum-for-drum-brakes\/#primaryimage\",\"url\":\"https:\/\/dev.myindustrial.eu\/wp-content\/uploads\/2024\/12\/rft_clawcoupling-type_rkk-wbt.webp\",\"contentUrl\":\"https:\/\/dev.myindustrial.eu\/wp-content\/uploads\/2024\/12\/rft_clawcoupling-type_rkk-wbt.webp\",\"width\":800,\"height\":800},{\"@type\":\"BreadcrumbList\",\"@id\":\"https:\/\/dev.myindustrial.eu\/et\/shop\/toostuslikud-pidurisusteemid-ja-ajami-seiskamise-komponendid\/sidurid\/industrial-brake-drum-coupling-with-brake-drum-for-drum-brakes\/#breadcrumb\",\"itemListElement\":[{\"@type\":\"ListItem\",\"position\":1,\"name\":\"Home\",\"item\":\"https:\/\/dev.myindustrial.eu\/et\/\"},{\"@type\":\"ListItem\",\"position\":2,\"name\":\"Products\",\"item\":\"https:\/\/dev.myindustrial.eu\/et\/products\/\"},{\"@type\":\"ListItem\",\"position\":3,\"name\":\"T\u00f6\u00f6stuslik piduritrumli haakeseade, muhvid (sidumine) koos piduritrumliga trummelpiduritele\"}]},{\"@type\":\"WebSite\",\"@id\":\"https:\/\/dev.myindustrial.eu\/et\/#website\",\"url\":\"https:\/\/dev.myindustrial.eu\/et\/\",\"name\":\"My industrial\",\"description\":\"\",\"potentialAction\":[{\"@type\":\"SearchAction\",\"target\":{\"@type\":\"EntryPoint\",\"urlTemplate\":\"https:\/\/dev.myindustrial.eu\/et\/?s={search_term_string}\"},\"query-input\":{\"@type\":\"PropertyValueSpecification\",\"valueRequired\":true,\"valueName\":\"search_term_string\"}}],\"inLanguage\":\"et\"}]}<\/script>\n<!-- \/ Yoast SEO plugin. -->","yoast_head_json":{"title":"T\u00f6\u00f6stuslik piduritrumli haakeseade, muhvid (sidumine) koos piduritrumliga trummelpiduritele - My industrial","robots":{"index":"noindex","follow":"follow","max-snippet":"max-snippet:-1","max-image-preview":"max-image-preview:large","max-video-preview":"max-video-preview:-1"},"og_locale":"et_EE","og_type":"article","og_title":"T\u00f6\u00f6stuslik piduritrumli haakeseade, muhvid (sidumine) koos piduritrumliga trummelpiduritele - My industrial","og_description":"Piduritrumlite m\u00f5\u00f5tmed vastavalt standardile DIN 15431  T\u00f6\u00f6stuslikud ajamid ja Muhvid  Elastseid elemente saab h\u00f5lpsasti paigaldada ja eemaldada radiaalselt, ilma et oleks vaja liigutada \u00fchendatud masinaid aksiaalsuunas p\u00e4rast kinnituskatte vabastamist ja eemaldamist. Piduritrummli paigaldamise alternatiivsed v\u00f5imalused m\u00e4\u00e4ravad v\u00e4lism\u00f5\u00f5tmed.   Elastne v\u00f5lli haakeseade muhvid, k\u00fc\u00fcnehaakeseade piduritrumliga trummelpiduritele vastavalt DIN 15435  Haakeseade on j\u00e4igalt \u00fchendatud ja purunemiskindel  Valmistatud t\u00e4ismaterjalist (C45), valuvaba konstruktsioon  Kahekomponentne v\u00e4rvkattekiht, RAL 7024  K\u00f5rge kvaliteeditase \/ pikk kasutusiga  V\u00f5ll mootori poolel: 20 mm kuni 170 mm  V\u00f5ll reduktori poolel: 20 mm kuni 170 mm","og_url":"https:\/\/dev.myindustrial.eu\/et\/shop\/toostuslikud-pidurisusteemid-ja-ajami-seiskamise-komponendid\/sidurid\/industrial-brake-drum-coupling-with-brake-drum-for-drum-brakes\/","og_site_name":"My industrial","article_modified_time":"2024-12-26T19:53:14+00:00","og_image":[{"width":800,"height":800,"url":"https:\/\/dev.myindustrial.eu\/wp-content\/uploads\/2024\/12\/rft_clawcoupling-type_rkk-wbt.webp","type":"image\/webp"}],"twitter_card":"summary_large_image","schema":{"@context":"https:\/\/schema.org","@graph":[{"@type":"WebPage","@id":"https:\/\/dev.myindustrial.eu\/et\/shop\/toostuslikud-pidurisusteemid-ja-ajami-seiskamise-komponendid\/sidurid\/industrial-brake-drum-coupling-with-brake-drum-for-drum-brakes\/","url":"https:\/\/dev.myindustrial.eu\/et\/shop\/toostuslikud-pidurisusteemid-ja-ajami-seiskamise-komponendid\/sidurid\/industrial-brake-drum-coupling-with-brake-drum-for-drum-brakes\/","name":"T\u00f6\u00f6stuslik piduritrumli haakeseade, muhvid (sidumine) koos piduritrumliga trummelpiduritele - My industrial","isPartOf":{"@id":"https:\/\/dev.myindustrial.eu\/et\/#website"},"primaryImageOfPage":{"@id":"https:\/\/dev.myindustrial.eu\/et\/shop\/toostuslikud-pidurisusteemid-ja-ajami-seiskamise-komponendid\/sidurid\/industrial-brake-drum-coupling-with-brake-drum-for-drum-brakes\/#primaryimage"},"image":{"@id":"https:\/\/dev.myindustrial.eu\/et\/shop\/toostuslikud-pidurisusteemid-ja-ajami-seiskamise-komponendid\/sidurid\/industrial-brake-drum-coupling-with-brake-drum-for-drum-brakes\/#primaryimage"},"thumbnailUrl":"https:\/\/dev.myindustrial.eu\/wp-content\/uploads\/2024\/12\/rft_clawcoupling-type_rkk-wbt.webp","datePublished":"2024-12-02T10:38:52+00:00","dateModified":"2024-12-26T19:53:14+00:00","breadcrumb":{"@id":"https:\/\/dev.myindustrial.eu\/et\/shop\/toostuslikud-pidurisusteemid-ja-ajami-seiskamise-komponendid\/sidurid\/industrial-brake-drum-coupling-with-brake-drum-for-drum-brakes\/#breadcrumb"},"inLanguage":"et","potentialAction":[{"@type":"ReadAction","target":["https:\/\/dev.myindustrial.eu\/et\/shop\/toostuslikud-pidurisusteemid-ja-ajami-seiskamise-komponendid\/sidurid\/industrial-brake-drum-coupling-with-brake-drum-for-drum-brakes\/"]}]},{"@type":"ImageObject","inLanguage":"et","@id":"https:\/\/dev.myindustrial.eu\/et\/shop\/toostuslikud-pidurisusteemid-ja-ajami-seiskamise-komponendid\/sidurid\/industrial-brake-drum-coupling-with-brake-drum-for-drum-brakes\/#primaryimage","url":"https:\/\/dev.myindustrial.eu\/wp-content\/uploads\/2024\/12\/rft_clawcoupling-type_rkk-wbt.webp","contentUrl":"https:\/\/dev.myindustrial.eu\/wp-content\/uploads\/2024\/12\/rft_clawcoupling-type_rkk-wbt.webp","width":800,"height":800},{"@type":"BreadcrumbList","@id":"https:\/\/dev.myindustrial.eu\/et\/shop\/toostuslikud-pidurisusteemid-ja-ajami-seiskamise-komponendid\/sidurid\/industrial-brake-drum-coupling-with-brake-drum-for-drum-brakes\/#breadcrumb","itemListElement":[{"@type":"ListItem","position":1,"name":"Home","item":"https:\/\/dev.myindustrial.eu\/et\/"},{"@type":"ListItem","position":2,"name":"Products","item":"https:\/\/dev.myindustrial.eu\/et\/products\/"},{"@type":"ListItem","position":3,"name":"T\u00f6\u00f6stuslik piduritrumli haakeseade, muhvid (sidumine) koos piduritrumliga trummelpiduritele"}]},{"@type":"WebSite","@id":"https:\/\/dev.myindustrial.eu\/et\/#website","url":"https:\/\/dev.myindustrial.eu\/et\/","name":"My industrial","description":"","potentialAction":[{"@type":"SearchAction","target":{"@type":"EntryPoint","urlTemplate":"https:\/\/dev.myindustrial.eu\/et\/?s={search_term_string}"},"query-input":{"@type":"PropertyValueSpecification","valueRequired":true,"valueName":"search_term_string"}}],"inLanguage":"et"}]}},"_links":{"self":[{"href":"https:\/\/dev.myindustrial.eu\/et\/wp-json\/wp\/v2\/product\/1260065533","targetHints":{"allow":["GET"]}}],"collection":[{"href":"https:\/\/dev.myindustrial.eu\/et\/wp-json\/wp\/v2\/product"}],"about":[{"href":"https:\/\/dev.myindustrial.eu\/et\/wp-json\/wp\/v2\/types\/product"}],"version-history":[{"count":0,"href":"https:\/\/dev.myindustrial.eu\/et\/wp-json\/wp\/v2\/product\/1260065533\/revisions"}],"wp:featuredmedia":[{"embeddable":true,"href":"https:\/\/dev.myindustrial.eu\/et\/wp-json\/wp\/v2\/media\/1260064863"}],"wp:attachment":[{"href":"https:\/\/dev.myindustrial.eu\/et\/wp-json\/wp\/v2\/media?parent=1260065533"}],"wp:term":[{"taxonomy":"product_brand","embeddable":true,"href":"https:\/\/dev.myindustrial.eu\/et\/wp-json\/wp\/v2\/product_brand?post=1260065533"},{"taxonomy":"product_cat","embeddable":true,"href":"https:\/\/dev.myindustrial.eu\/et\/wp-json\/wp\/v2\/product_cat?post=1260065533"},{"taxonomy":"product_tag","embeddable":true,"href":"https:\/\/dev.myindustrial.eu\/et\/wp-json\/wp\/v2\/product_tag?post=1260065533"}],"curies":[{"name":"wp","href":"https:\/\/api.w.org\/{rel}","templated":true}]}}