{"id":1260065538,"date":"2024-12-02T10:41:39","date_gmt":"2024-12-02T10:41:39","guid":{"rendered":"https:\/\/dev.myindustrial.eu\/shop\/maaratlemata\/industrial-torsionally-elastic-claw-coupling\/"},"modified":"2024-12-26T20:05:37","modified_gmt":"2024-12-26T20:05:37","slug":"industrial-torsionally-elastic-claw-coupling","status":"publish","type":"product","link":"https:\/\/dev.myindustrial.eu\/et\/shop\/toostuslikud-pidurisusteemid-ja-ajami-seiskamise-komponendid\/sidurid\/industrial-torsionally-elastic-claw-coupling\/","title":{"rendered":"T\u00f6\u00f6stuslik torsioon-elastne muhvid k\u00fc\u00fcniskuppel Elastne muhvid v\u00f5llik\u00fc\u00fcniskuppel"},"content":{"rendered":"<p><span style=\"font-weight: 400;\">T\u00f6\u00f6stuslikud torsioon-elastsed k\u00fc\u00fcniskuppelid kompenseerivad aksiaalset, radiaalset ja nurgalist nihet. Seega suudavad need kompenseerida v\u00f5llide nihet, mis tuleneb ebat\u00e4psest paigaldusest, vundamendi vajumisest v\u00f5i koormuse t\u00f5ttu tekkinud k\u00f5rguse ja pikkuse muutustest.<\/span><\/p>\n<p><span style=\"font-weight: 400;\">K\u00fc\u00fcniskuppelid t\u00f6\u00f6tavad eelpingestatud kummist \u00fclekandeelementidega, mis tagavad vormi\u00fchenduse ja on l\u00e4bitorkekindlad. Elastsed \u00fclekandeelemendid on tavaliselt valmistatud kummist materjalist (NR-SBR 75\u201380\u00b0 Shore = SN disainielement), mis sobib temperatuuridele vahemikus -40\u00b0C kuni +80\u00b0C. Saadaval on ka muud kummist v\u00f5i silikoonist materjalid erineva k\u00f5vadusega ja sobivad k\u00f5rgematele temperatuuridele.<\/span><\/p>\n<p><span style=\"font-weight: 400;\">Kuppelid pakuvad progresseeruvat torsioonilist omadust koos heade vibratsiooni ja l\u00f6\u00f6gikoormuste summutusomadustega. K\u00f5igi kuppelide erip\u00e4raks on eraldi kinnituskork, mis v\u00f5imaldab elastseid elemente radiaalselt paigaldada ja eemaldada ilma kuppelh\u00fclsi aksiaalset liigutamist.<\/span><\/p>\n<p><span style=\"font-weight: 400;\">Elastsed elemendid on k\u00f5ikides suurustes pool-tunneli kujul, kus kaks kummipatja on \u00fchendatud v\u00e4limise v\u00f6\u00f6ga.<\/span><\/p>\n<p><b>Omadused<\/b><span style=\"font-weight: 400;\"><br \/>\n<\/span><span style=\"font-weight: 400;\">RKK t\u00f6\u00f6stuslikud kuppelid, \u00fchenduselement suure paindlikkusega:<\/span><\/p>\n<ul>\n<li style=\"font-weight: 400;\" aria-level=\"1\"><span style=\"font-weight: 400;\">Torsiooniliselt elastsed.<\/span><\/li>\n<li style=\"font-weight: 400;\" aria-level=\"1\"><span style=\"font-weight: 400;\">Aksiaalne kompenseerimisv\u00f5ime.<\/span><\/li>\n<li style=\"font-weight: 400;\" aria-level=\"1\"><span style=\"font-weight: 400;\">Radiaalne kompenseerimisv\u00f5ime.<\/span><\/li>\n<li style=\"font-weight: 400;\" aria-level=\"1\"><span style=\"font-weight: 400;\">Nurgeline kompenseerimisv\u00f5ime.<\/span><\/li>\n<\/ul>\n<p><b>Kulumistunnustega kuppeli elementide kiire ja lihtne asendamine:<\/b><\/p>\n<ol>\n<li style=\"font-weight: 400;\" aria-level=\"1\"><span style=\"font-weight: 400;\">L\u00f5dvendage ja t\u00f5mmake kinnituskork tagasi.<\/span><\/li>\n<li style=\"font-weight: 400;\" aria-level=\"1\"><span style=\"font-weight: 400;\">Eemaldage kuppeli elemendid ja sisestage uued.<\/span><\/li>\n<li style=\"font-weight: 400;\" aria-level=\"1\"><span style=\"font-weight: 400;\">T\u00f5mmake kinnituskork tagasi oma kohale ja pingutage kruvid.<\/span><\/li>\n<\/ol>\n<p><b>Tehnilised eelised<\/b><\/p>\n<ul>\n<li style=\"font-weight: 400;\" aria-level=\"1\"><span style=\"font-weight: 400;\">Kulunud kummielementide \/ kuppeli elementide lihtne eemaldamine ilma kuppeli v\u00f5i mootori lahti v\u00f5tmata.<\/span><\/li>\n<li style=\"font-weight: 400;\" aria-level=\"1\"><span style=\"font-weight: 400;\">Kuppeli k\u00fc\u00fcnised on koaksiaalsed v\u00f5lliga (ilma kaldnurkadeta, seega v\u00e4iksemad aksiaalsed j\u00f5ud).<\/span><\/li>\n<li style=\"font-weight: 400;\" aria-level=\"1\"><span style=\"font-weight: 400;\">Pikk kasutusiga ja madalamad hooldus- ja remondikulud.<\/span><\/li>\n<\/ul>\n","protected":false},"excerpt":{"rendered":"<p><b>T\u00f6\u00f6stuslikud ajamid ja Muhvid<\/b><\/p>\n<p><span style=\"font-weight: 400;\">Elastsed elemendid saab h\u00f5lpsasti radiaalselt paigaldada ja eemaldada ilma \u00fchendatud masinate aksiaalse liikumiseta p\u00e4rast kinnituskorki vabastamist ja eemaldamist. Alternatiivsed piduritrumli paigaldusv\u00f5imalused m\u00e4\u00e4ravad v\u00e4lism\u00f5\u00f5tmed.<\/span><\/p>\n<ul>\n<li style=\"font-weight: 400;\" aria-level=\"1\"><span style=\"font-weight: 400;\">Elastne v\u00f5llikuppel, k\u00fc\u00fcniskuppel vastavalt DIN 15435 piduritrumlitele v\u00f5i ketaspiduritele.<\/span><\/li>\n<li style=\"font-weight: 400;\" aria-level=\"1\"><span style=\"font-weight: 400;\">Kuppel on kindel ja vastupidav riketele.<\/span><\/li>\n<li style=\"font-weight: 400;\" aria-level=\"1\"><span style=\"font-weight: 400;\">Valmistatud tugevast materjalist (C45), mitte valukonstruktsiooniga.<\/span><\/li>\n<li style=\"font-weight: 400;\" aria-level=\"1\"><span style=\"font-weight: 400;\">Kahekomponentne v\u00e4rv, RAL 7024.<\/span><\/li>\n<li style=\"font-weight: 400;\" aria-level=\"1\"><span style=\"font-weight: 400;\">Ilma piduriketta \/ piduritrumlita.<\/span><\/li>\n<li style=\"font-weight: 400;\" aria-level=\"1\"><span style=\"font-weight: 400;\">K\u00f5rge kvaliteeditase \/ pikk kasutusiga.<\/span><\/li>\n<li style=\"font-weight: 400;\" aria-level=\"1\"><span style=\"font-weight: 400;\">Mootori poole v\u00f5lli l\u00e4bim\u00f5\u00f5t: 20 mm kuni 170 mm.<\/span><\/li>\n<li style=\"font-weight: 400;\" aria-level=\"1\"><span style=\"font-weight: 400;\">K\u00e4igukasti poole v\u00f5lli l\u00e4bim\u00f5\u00f5t: 20 mm kuni 170 mm.<\/span><\/li>\n<\/ul>\n","protected":false},"featured_media":1260064869,"template":"","meta":[],"product_brand":[],"product_cat":[1647],"product_tag":[],"class_list":{"0":"post-1260065538","1":"product","2":"type-product","3":"status-publish","4":"has-post-thumbnail","6":"product_cat-sidurid","8":"first","9":"instock","10":"shipping-taxable","11":"product-type-simple"},"yoast_head":"<!-- This site is optimized with the Yoast SEO plugin v27.1.1 - https:\/\/yoast.com\/product\/yoast-seo-wordpress\/ -->\n<title>T\u00f6\u00f6stuslik torsioon-elastne muhvid k\u00fc\u00fcniskuppel Elastne muhvid v\u00f5llik\u00fc\u00fcniskuppel - My industrial<\/title>\n<meta name=\"robots\" content=\"noindex, follow, max-snippet:-1, max-image-preview:large, max-video-preview:-1\" \/>\n<meta property=\"og:locale\" content=\"et_EE\" \/>\n<meta property=\"og:type\" content=\"article\" \/>\n<meta property=\"og:title\" content=\"T\u00f6\u00f6stuslik torsioon-elastne muhvid k\u00fc\u00fcniskuppel Elastne muhvid v\u00f5llik\u00fc\u00fcniskuppel - My industrial\" \/>\n<meta property=\"og:description\" content=\"T\u00f6\u00f6stuslikud ajamid ja Muhvid  Elastsed elemendid saab h\u00f5lpsasti radiaalselt paigaldada ja eemaldada ilma \u00fchendatud masinate aksiaalse liikumiseta p\u00e4rast kinnituskorki vabastamist ja eemaldamist. Alternatiivsed piduritrumli paigaldusv\u00f5imalused m\u00e4\u00e4ravad v\u00e4lism\u00f5\u00f5tmed.   Elastne v\u00f5llikuppel, k\u00fc\u00fcniskuppel vastavalt DIN 15435 piduritrumlitele v\u00f5i ketaspiduritele.  Kuppel on kindel ja vastupidav riketele.  Valmistatud tugevast materjalist (C45), mitte valukonstruktsiooniga.  Kahekomponentne v\u00e4rv, RAL 7024.  Ilma piduriketta \/ piduritrumlita.  K\u00f5rge kvaliteeditase \/ pikk kasutusiga.  Mootori poole v\u00f5lli l\u00e4bim\u00f5\u00f5t: 20 mm kuni 170 mm.  K\u00e4igukasti poole v\u00f5lli l\u00e4bim\u00f5\u00f5t: 20 mm kuni 170 mm.\" \/>\n<meta property=\"og:url\" content=\"https:\/\/dev.myindustrial.eu\/et\/shop\/toostuslikud-pidurisusteemid-ja-ajami-seiskamise-komponendid\/sidurid\/industrial-torsionally-elastic-claw-coupling\/\" \/>\n<meta property=\"og:site_name\" content=\"My industrial\" \/>\n<meta property=\"article:modified_time\" content=\"2024-12-26T20:05:37+00:00\" \/>\n<meta property=\"og:image\" content=\"https:\/\/dev.myindustrial.eu\/wp-content\/uploads\/2024\/12\/rft_clawcoupling-type_rkk-w.webp\" \/>\n\t<meta property=\"og:image:width\" content=\"800\" \/>\n\t<meta property=\"og:image:height\" content=\"800\" \/>\n\t<meta property=\"og:image:type\" content=\"image\/webp\" \/>\n<meta name=\"twitter:card\" content=\"summary_large_image\" \/>\n<script type=\"application\/ld+json\" class=\"yoast-schema-graph\">{\"@context\":\"https:\/\/schema.org\",\"@graph\":[{\"@type\":\"WebPage\",\"@id\":\"https:\/\/dev.myindustrial.eu\/et\/shop\/toostuslikud-pidurisusteemid-ja-ajami-seiskamise-komponendid\/sidurid\/industrial-torsionally-elastic-claw-coupling\/\",\"url\":\"https:\/\/dev.myindustrial.eu\/et\/shop\/toostuslikud-pidurisusteemid-ja-ajami-seiskamise-komponendid\/sidurid\/industrial-torsionally-elastic-claw-coupling\/\",\"name\":\"T\u00f6\u00f6stuslik torsioon-elastne muhvid k\u00fc\u00fcniskuppel Elastne muhvid v\u00f5llik\u00fc\u00fcniskuppel - My industrial\",\"isPartOf\":{\"@id\":\"https:\/\/dev.myindustrial.eu\/et\/#website\"},\"primaryImageOfPage\":{\"@id\":\"https:\/\/dev.myindustrial.eu\/et\/shop\/toostuslikud-pidurisusteemid-ja-ajami-seiskamise-komponendid\/sidurid\/industrial-torsionally-elastic-claw-coupling\/#primaryimage\"},\"image\":{\"@id\":\"https:\/\/dev.myindustrial.eu\/et\/shop\/toostuslikud-pidurisusteemid-ja-ajami-seiskamise-komponendid\/sidurid\/industrial-torsionally-elastic-claw-coupling\/#primaryimage\"},\"thumbnailUrl\":\"https:\/\/dev.myindustrial.eu\/wp-content\/uploads\/2024\/12\/rft_clawcoupling-type_rkk-w.webp\",\"datePublished\":\"2024-12-02T10:41:39+00:00\",\"dateModified\":\"2024-12-26T20:05:37+00:00\",\"breadcrumb\":{\"@id\":\"https:\/\/dev.myindustrial.eu\/et\/shop\/toostuslikud-pidurisusteemid-ja-ajami-seiskamise-komponendid\/sidurid\/industrial-torsionally-elastic-claw-coupling\/#breadcrumb\"},\"inLanguage\":\"et\",\"potentialAction\":[{\"@type\":\"ReadAction\",\"target\":[\"https:\/\/dev.myindustrial.eu\/et\/shop\/toostuslikud-pidurisusteemid-ja-ajami-seiskamise-komponendid\/sidurid\/industrial-torsionally-elastic-claw-coupling\/\"]}]},{\"@type\":\"ImageObject\",\"inLanguage\":\"et\",\"@id\":\"https:\/\/dev.myindustrial.eu\/et\/shop\/toostuslikud-pidurisusteemid-ja-ajami-seiskamise-komponendid\/sidurid\/industrial-torsionally-elastic-claw-coupling\/#primaryimage\",\"url\":\"https:\/\/dev.myindustrial.eu\/wp-content\/uploads\/2024\/12\/rft_clawcoupling-type_rkk-w.webp\",\"contentUrl\":\"https:\/\/dev.myindustrial.eu\/wp-content\/uploads\/2024\/12\/rft_clawcoupling-type_rkk-w.webp\",\"width\":800,\"height\":800},{\"@type\":\"BreadcrumbList\",\"@id\":\"https:\/\/dev.myindustrial.eu\/et\/shop\/toostuslikud-pidurisusteemid-ja-ajami-seiskamise-komponendid\/sidurid\/industrial-torsionally-elastic-claw-coupling\/#breadcrumb\",\"itemListElement\":[{\"@type\":\"ListItem\",\"position\":1,\"name\":\"Home\",\"item\":\"https:\/\/dev.myindustrial.eu\/et\/\"},{\"@type\":\"ListItem\",\"position\":2,\"name\":\"Products\",\"item\":\"https:\/\/dev.myindustrial.eu\/et\/products\/\"},{\"@type\":\"ListItem\",\"position\":3,\"name\":\"T\u00f6\u00f6stuslik torsioon-elastne muhvid k\u00fc\u00fcniskuppel Elastne muhvid v\u00f5llik\u00fc\u00fcniskuppel\"}]},{\"@type\":\"WebSite\",\"@id\":\"https:\/\/dev.myindustrial.eu\/et\/#website\",\"url\":\"https:\/\/dev.myindustrial.eu\/et\/\",\"name\":\"My industrial\",\"description\":\"\",\"potentialAction\":[{\"@type\":\"SearchAction\",\"target\":{\"@type\":\"EntryPoint\",\"urlTemplate\":\"https:\/\/dev.myindustrial.eu\/et\/?s={search_term_string}\"},\"query-input\":{\"@type\":\"PropertyValueSpecification\",\"valueRequired\":true,\"valueName\":\"search_term_string\"}}],\"inLanguage\":\"et\"}]}<\/script>\n<!-- \/ Yoast SEO plugin. -->","yoast_head_json":{"title":"T\u00f6\u00f6stuslik torsioon-elastne muhvid k\u00fc\u00fcniskuppel Elastne muhvid v\u00f5llik\u00fc\u00fcniskuppel - My industrial","robots":{"index":"noindex","follow":"follow","max-snippet":"max-snippet:-1","max-image-preview":"max-image-preview:large","max-video-preview":"max-video-preview:-1"},"og_locale":"et_EE","og_type":"article","og_title":"T\u00f6\u00f6stuslik torsioon-elastne muhvid k\u00fc\u00fcniskuppel Elastne muhvid v\u00f5llik\u00fc\u00fcniskuppel - My industrial","og_description":"T\u00f6\u00f6stuslikud ajamid ja Muhvid  Elastsed elemendid saab h\u00f5lpsasti radiaalselt paigaldada ja eemaldada ilma \u00fchendatud masinate aksiaalse liikumiseta p\u00e4rast kinnituskorki vabastamist ja eemaldamist. Alternatiivsed piduritrumli paigaldusv\u00f5imalused m\u00e4\u00e4ravad v\u00e4lism\u00f5\u00f5tmed.   Elastne v\u00f5llikuppel, k\u00fc\u00fcniskuppel vastavalt DIN 15435 piduritrumlitele v\u00f5i ketaspiduritele.  Kuppel on kindel ja vastupidav riketele.  Valmistatud tugevast materjalist (C45), mitte valukonstruktsiooniga.  Kahekomponentne v\u00e4rv, RAL 7024.  Ilma piduriketta \/ piduritrumlita.  K\u00f5rge kvaliteeditase \/ pikk kasutusiga.  Mootori poole v\u00f5lli l\u00e4bim\u00f5\u00f5t: 20 mm kuni 170 mm.  K\u00e4igukasti poole v\u00f5lli l\u00e4bim\u00f5\u00f5t: 20 mm kuni 170 mm.","og_url":"https:\/\/dev.myindustrial.eu\/et\/shop\/toostuslikud-pidurisusteemid-ja-ajami-seiskamise-komponendid\/sidurid\/industrial-torsionally-elastic-claw-coupling\/","og_site_name":"My industrial","article_modified_time":"2024-12-26T20:05:37+00:00","og_image":[{"width":800,"height":800,"url":"https:\/\/dev.myindustrial.eu\/wp-content\/uploads\/2024\/12\/rft_clawcoupling-type_rkk-w.webp","type":"image\/webp"}],"twitter_card":"summary_large_image","schema":{"@context":"https:\/\/schema.org","@graph":[{"@type":"WebPage","@id":"https:\/\/dev.myindustrial.eu\/et\/shop\/toostuslikud-pidurisusteemid-ja-ajami-seiskamise-komponendid\/sidurid\/industrial-torsionally-elastic-claw-coupling\/","url":"https:\/\/dev.myindustrial.eu\/et\/shop\/toostuslikud-pidurisusteemid-ja-ajami-seiskamise-komponendid\/sidurid\/industrial-torsionally-elastic-claw-coupling\/","name":"T\u00f6\u00f6stuslik torsioon-elastne muhvid k\u00fc\u00fcniskuppel Elastne muhvid v\u00f5llik\u00fc\u00fcniskuppel - My industrial","isPartOf":{"@id":"https:\/\/dev.myindustrial.eu\/et\/#website"},"primaryImageOfPage":{"@id":"https:\/\/dev.myindustrial.eu\/et\/shop\/toostuslikud-pidurisusteemid-ja-ajami-seiskamise-komponendid\/sidurid\/industrial-torsionally-elastic-claw-coupling\/#primaryimage"},"image":{"@id":"https:\/\/dev.myindustrial.eu\/et\/shop\/toostuslikud-pidurisusteemid-ja-ajami-seiskamise-komponendid\/sidurid\/industrial-torsionally-elastic-claw-coupling\/#primaryimage"},"thumbnailUrl":"https:\/\/dev.myindustrial.eu\/wp-content\/uploads\/2024\/12\/rft_clawcoupling-type_rkk-w.webp","datePublished":"2024-12-02T10:41:39+00:00","dateModified":"2024-12-26T20:05:37+00:00","breadcrumb":{"@id":"https:\/\/dev.myindustrial.eu\/et\/shop\/toostuslikud-pidurisusteemid-ja-ajami-seiskamise-komponendid\/sidurid\/industrial-torsionally-elastic-claw-coupling\/#breadcrumb"},"inLanguage":"et","potentialAction":[{"@type":"ReadAction","target":["https:\/\/dev.myindustrial.eu\/et\/shop\/toostuslikud-pidurisusteemid-ja-ajami-seiskamise-komponendid\/sidurid\/industrial-torsionally-elastic-claw-coupling\/"]}]},{"@type":"ImageObject","inLanguage":"et","@id":"https:\/\/dev.myindustrial.eu\/et\/shop\/toostuslikud-pidurisusteemid-ja-ajami-seiskamise-komponendid\/sidurid\/industrial-torsionally-elastic-claw-coupling\/#primaryimage","url":"https:\/\/dev.myindustrial.eu\/wp-content\/uploads\/2024\/12\/rft_clawcoupling-type_rkk-w.webp","contentUrl":"https:\/\/dev.myindustrial.eu\/wp-content\/uploads\/2024\/12\/rft_clawcoupling-type_rkk-w.webp","width":800,"height":800},{"@type":"BreadcrumbList","@id":"https:\/\/dev.myindustrial.eu\/et\/shop\/toostuslikud-pidurisusteemid-ja-ajami-seiskamise-komponendid\/sidurid\/industrial-torsionally-elastic-claw-coupling\/#breadcrumb","itemListElement":[{"@type":"ListItem","position":1,"name":"Home","item":"https:\/\/dev.myindustrial.eu\/et\/"},{"@type":"ListItem","position":2,"name":"Products","item":"https:\/\/dev.myindustrial.eu\/et\/products\/"},{"@type":"ListItem","position":3,"name":"T\u00f6\u00f6stuslik torsioon-elastne muhvid k\u00fc\u00fcniskuppel Elastne muhvid v\u00f5llik\u00fc\u00fcniskuppel"}]},{"@type":"WebSite","@id":"https:\/\/dev.myindustrial.eu\/et\/#website","url":"https:\/\/dev.myindustrial.eu\/et\/","name":"My industrial","description":"","potentialAction":[{"@type":"SearchAction","target":{"@type":"EntryPoint","urlTemplate":"https:\/\/dev.myindustrial.eu\/et\/?s={search_term_string}"},"query-input":{"@type":"PropertyValueSpecification","valueRequired":true,"valueName":"search_term_string"}}],"inLanguage":"et"}]}},"_links":{"self":[{"href":"https:\/\/dev.myindustrial.eu\/et\/wp-json\/wp\/v2\/product\/1260065538","targetHints":{"allow":["GET"]}}],"collection":[{"href":"https:\/\/dev.myindustrial.eu\/et\/wp-json\/wp\/v2\/product"}],"about":[{"href":"https:\/\/dev.myindustrial.eu\/et\/wp-json\/wp\/v2\/types\/product"}],"version-history":[{"count":1,"href":"https:\/\/dev.myindustrial.eu\/et\/wp-json\/wp\/v2\/product\/1260065538\/revisions"}],"predecessor-version":[{"id":1260065539,"href":"https:\/\/dev.myindustrial.eu\/et\/wp-json\/wp\/v2\/product\/1260065538\/revisions\/1260065539"}],"wp:featuredmedia":[{"embeddable":true,"href":"https:\/\/dev.myindustrial.eu\/et\/wp-json\/wp\/v2\/media\/1260064869"}],"wp:attachment":[{"href":"https:\/\/dev.myindustrial.eu\/et\/wp-json\/wp\/v2\/media?parent=1260065538"}],"wp:term":[{"taxonomy":"product_brand","embeddable":true,"href":"https:\/\/dev.myindustrial.eu\/et\/wp-json\/wp\/v2\/product_brand?post=1260065538"},{"taxonomy":"product_cat","embeddable":true,"href":"https:\/\/dev.myindustrial.eu\/et\/wp-json\/wp\/v2\/product_cat?post=1260065538"},{"taxonomy":"product_tag","embeddable":true,"href":"https:\/\/dev.myindustrial.eu\/et\/wp-json\/wp\/v2\/product_tag?post=1260065538"}],"curies":[{"name":"wp","href":"https:\/\/api.w.org\/{rel}","templated":true}]}}