{"id":1260065544,"date":"2024-12-02T11:47:37","date_gmt":"2024-12-02T11:47:37","guid":{"rendered":"https:\/\/dev.myindustrial.eu\/shop\/maaratlemata\/gear-box\/"},"modified":"2024-12-27T17:54:54","modified_gmt":"2024-12-27T17:54:54","slug":"gear-box","status":"publish","type":"product","link":"https:\/\/dev.myindustrial.eu\/et\/shop\/toostuslikud-pidurisusteemid-ja-ajami-seiskamise-komponendid\/ulekandekastid\/gear-box\/","title":{"rendered":"K\u00e4igukast"},"content":{"rendered":"<p><b>Paralleelv\u00f5llidega k\u00e4igukastid<\/b><span style=\"font-weight: 400;\"><br \/>\n<\/span><span style=\"font-weight: 400;\">T\u00f6\u00f6stuslikud k\u00e4igukastid projekteeritakse ja valmistatakse tavaliselt elektrimootoriga \u00fchendamiseks ning sageli on need peamised komponendid t\u00f5stevintside jaoks.<\/span><span style=\"font-weight: 400;\"><br \/>\n<\/span><span style=\"font-weight: 400;\">K\u00e4igukastid v\u00f5ivad olla valmistatud mitmes konfiguratsioonis, et sobida erinevate t\u00f6\u00f6vajadustega. Projekteerimisfaasis pakume mitmeid lisatarvikuid, erinevaid konstruktsioonilahendusi ja monteerimisvariatsioone, mis tagavad lahendused laiale j\u00f5u\u00fclekande rakenduste valikule.<\/span><\/p>\n<p><b>Omadused<\/b><\/p>\n<p><b>Kolmekordse reduktsiooniga k\u00e4iguvahekorrad:<\/b><\/p>\n<ul>\n<li style=\"font-weight: 400;\" aria-level=\"1\"><span style=\"font-weight: 400;\">K\u00e4iguvahekorrad: 40, 45, 50, 56, 63, 71, 80, 90, 100<\/span><\/li>\n<li style=\"font-weight: 400;\" aria-level=\"1\"><span style=\"font-weight: 400;\">Nominaalne p\u00f6\u00f6rdemoment (daNm): 290, 320, 350, 400, 450<\/span><\/li>\n<li style=\"font-weight: 400;\" aria-level=\"1\"><span style=\"font-weight: 400;\">K\u00e4iguvahekorrad: 40, 45, 50, 56, 63, 71, 80, 90, 100<\/span><\/li>\n<li style=\"font-weight: 400;\" aria-level=\"1\"><span style=\"font-weight: 400;\">Nominaalne p\u00f6\u00f6rdemoment (daNm): 360, 400, 450<\/span><\/li>\n<\/ul>\n<p><b>Neljakordse reduktsiooniga k\u00e4iguvahekorrad:<\/b><\/p>\n<ul>\n<li style=\"font-weight: 400;\" aria-level=\"1\"><span style=\"font-weight: 400;\">K\u00e4iguvahekorrad: 112, 125, 140, 170<\/span><\/li>\n<li style=\"font-weight: 400;\" aria-level=\"1\"><span style=\"font-weight: 400;\">Nominaalne p\u00f6\u00f6rdemoment (daNm): 280, 320, 360, 400, 450<\/span><\/li>\n<\/ul>\n<p><span style=\"font-weight: 400;\">V\u00f5imalik on tarnida k\u00e4igukaste ka k\u00e4iguvahekordadega, mis erinevad eespool loetletud standardv\u00e4\u00e4rtustest.<\/span><\/p>\n<p><b>V\u00e4ljundv\u00f5lli m\u00f5\u00f5tmed<\/b><\/p>\n<ul>\n<li style=\"font-weight: 400;\" aria-level=\"1\"><span style=\"font-weight: 400;\">Standardne v\u00e4ljund\u00fchendus t\u00f5stek\u00e4igukastide jaoks on v\u00f5tiavaga v\u00f5ll (UNI 6604), mis on m\u00f5eldud valitud suurusega vastava nimip\u00f6\u00f6rdemomendi \u00fclekandmiseks.<\/span><\/li>\n<\/ul>\n<p><b>Sisendv\u00f5lli m\u00f5\u00f5tmed<\/b><\/p>\n<ul>\n<li style=\"font-weight: 400;\" aria-level=\"1\"><span style=\"font-weight: 400;\">Sisendv\u00f5llil on standardpikkus, mis tagab vastupidavuse v\u00e4simus- ja p\u00f6\u00f6rdelisele paindekoormusele.<\/span><\/li>\n<\/ul>\n<p><b>Trummi\u00e4\u00e4rik<\/b><\/p>\n<ul>\n<li style=\"font-weight: 400;\" aria-level=\"1\"><span style=\"font-weight: 400;\">Juhtudel, kui v\u00e4ljundv\u00f5ll on valmistatud DIN 5480 standardile vastava soonega, on k\u00e4igukasti v\u00f5lli ja \u00e4\u00e4riku \u00fchendus saadaval kuni suuruseni 360.<\/span><\/li>\n<\/ul>\n<p><b>Tehnilised eelised<\/b><\/p>\n<p><b>M\u00f5\u00f5dukas helir\u00f5hu tase<\/b><span style=\"font-weight: 400;\"><br \/>\n<\/span><span style=\"font-weight: 400;\">K\u00f5ik MAA intelengineering SIA tarnitud k\u00e4igukastid on projekteeritud ja valmistatud kvaliteedistandardite j\u00e4rgi, mis tagavad madala akustilise emissiooni taseme. Helir\u00f5hk, m\u00f5\u00f5detuna t\u00fchik\u00e4igul \u00fche meetri (1 m) kaugusel k\u00e4igukastist ja ilma kajata, on k\u00f5igil juhtudel olnud alla 85 dB(A).<\/span><\/p>\n","protected":false},"excerpt":{"rendered":"<p><b>Mootor-Reduktorid<\/b><\/p>\n<p><span style=\"font-weight: 400;\">T\u00f6\u00f6stuslik k\u00e4igukast vastavalt kliendi spetsifikatsioonidele. T\u00e4nu tipptasemel tehnoloogiatele ja omandatud oskustele on ettev\u00f5te v\u00f5imeline projekteerima ja tootma spetsiaalseid k\u00e4igukaste vastavalt oma klientide n\u00f5udmistele.<\/span><span style=\"font-weight: 400;\"><br \/>\n<\/span><span style=\"font-weight: 400;\">T\u00f6\u00f6stuslikud k\u00e4igukastid valmistatakse \u00fcldiselt teraskorpusest, mis seej\u00e4rel l\u00e4bib pingemaanduse ja sisemise mehaanilise t\u00f6\u00f6tlemise. Hammasrattad tsementeeritakse, karastatakse ja hiljem lihvitakse. K\u00e4igukastid varustatakse juhtivate kaubam\u00e4rkide laagrite ja tihenditega, seej\u00e4rel monteeritakse ja testitakse, et tagada komponentide laitmatu toimimine ja k\u00f5rge kvaliteet.<\/span><\/p>\n","protected":false},"featured_media":1260064965,"template":"","meta":[],"product_brand":[],"product_cat":[1695],"product_tag":[],"class_list":{"0":"post-1260065544","1":"product","2":"type-product","3":"status-publish","4":"has-post-thumbnail","6":"product_cat-ulekandekastid","8":"first","9":"instock","10":"shipping-taxable","11":"product-type-simple"},"yoast_head":"<!-- This site is optimized with the Yoast SEO plugin v27.1.1 - https:\/\/yoast.com\/product\/yoast-seo-wordpress\/ -->\n<title>K\u00e4igukast - My industrial<\/title>\n<meta name=\"robots\" content=\"noindex, follow, max-snippet:-1, max-image-preview:large, max-video-preview:-1\" \/>\n<meta property=\"og:locale\" content=\"et_EE\" \/>\n<meta property=\"og:type\" content=\"article\" \/>\n<meta property=\"og:title\" content=\"K\u00e4igukast - My industrial\" \/>\n<meta property=\"og:description\" content=\"Mootor-Reduktorid  T\u00f6\u00f6stuslik k\u00e4igukast vastavalt kliendi spetsifikatsioonidele. T\u00e4nu tipptasemel tehnoloogiatele ja omandatud oskustele on ettev\u00f5te v\u00f5imeline projekteerima ja tootma spetsiaalseid k\u00e4igukaste vastavalt oma klientide n\u00f5udmistele. T\u00f6\u00f6stuslikud k\u00e4igukastid valmistatakse \u00fcldiselt teraskorpusest, mis seej\u00e4rel l\u00e4bib pingemaanduse ja sisemise mehaanilise t\u00f6\u00f6tlemise. Hammasrattad tsementeeritakse, karastatakse ja hiljem lihvitakse. K\u00e4igukastid varustatakse juhtivate kaubam\u00e4rkide laagrite ja tihenditega, seej\u00e4rel monteeritakse ja testitakse, et tagada komponentide laitmatu toimimine ja k\u00f5rge kvaliteet.\" \/>\n<meta property=\"og:url\" content=\"https:\/\/dev.myindustrial.eu\/et\/shop\/toostuslikud-pidurisusteemid-ja-ajami-seiskamise-komponendid\/ulekandekastid\/gear-box\/\" \/>\n<meta property=\"og:site_name\" content=\"My industrial\" \/>\n<meta property=\"article:modified_time\" content=\"2024-12-27T17:54:54+00:00\" \/>\n<meta property=\"og:image\" content=\"https:\/\/dev.myindustrial.eu\/wp-content\/uploads\/2024\/12\/riduttore-prewiev.webp\" \/>\n\t<meta property=\"og:image:width\" content=\"800\" \/>\n\t<meta property=\"og:image:height\" content=\"800\" \/>\n\t<meta property=\"og:image:type\" content=\"image\/webp\" \/>\n<meta name=\"twitter:card\" content=\"summary_large_image\" \/>\n<script type=\"application\/ld+json\" class=\"yoast-schema-graph\">{\"@context\":\"https:\/\/schema.org\",\"@graph\":[{\"@type\":\"WebPage\",\"@id\":\"https:\/\/dev.myindustrial.eu\/et\/shop\/toostuslikud-pidurisusteemid-ja-ajami-seiskamise-komponendid\/ulekandekastid\/gear-box\/\",\"url\":\"https:\/\/dev.myindustrial.eu\/et\/shop\/toostuslikud-pidurisusteemid-ja-ajami-seiskamise-komponendid\/ulekandekastid\/gear-box\/\",\"name\":\"K\u00e4igukast - My industrial\",\"isPartOf\":{\"@id\":\"https:\/\/dev.myindustrial.eu\/et\/#website\"},\"primaryImageOfPage\":{\"@id\":\"https:\/\/dev.myindustrial.eu\/et\/shop\/toostuslikud-pidurisusteemid-ja-ajami-seiskamise-komponendid\/ulekandekastid\/gear-box\/#primaryimage\"},\"image\":{\"@id\":\"https:\/\/dev.myindustrial.eu\/et\/shop\/toostuslikud-pidurisusteemid-ja-ajami-seiskamise-komponendid\/ulekandekastid\/gear-box\/#primaryimage\"},\"thumbnailUrl\":\"https:\/\/dev.myindustrial.eu\/wp-content\/uploads\/2024\/12\/riduttore-prewiev.webp\",\"datePublished\":\"2024-12-02T11:47:37+00:00\",\"dateModified\":\"2024-12-27T17:54:54+00:00\",\"breadcrumb\":{\"@id\":\"https:\/\/dev.myindustrial.eu\/et\/shop\/toostuslikud-pidurisusteemid-ja-ajami-seiskamise-komponendid\/ulekandekastid\/gear-box\/#breadcrumb\"},\"inLanguage\":\"et\",\"potentialAction\":[{\"@type\":\"ReadAction\",\"target\":[\"https:\/\/dev.myindustrial.eu\/et\/shop\/toostuslikud-pidurisusteemid-ja-ajami-seiskamise-komponendid\/ulekandekastid\/gear-box\/\"]}]},{\"@type\":\"ImageObject\",\"inLanguage\":\"et\",\"@id\":\"https:\/\/dev.myindustrial.eu\/et\/shop\/toostuslikud-pidurisusteemid-ja-ajami-seiskamise-komponendid\/ulekandekastid\/gear-box\/#primaryimage\",\"url\":\"https:\/\/dev.myindustrial.eu\/wp-content\/uploads\/2024\/12\/riduttore-prewiev.webp\",\"contentUrl\":\"https:\/\/dev.myindustrial.eu\/wp-content\/uploads\/2024\/12\/riduttore-prewiev.webp\",\"width\":800,\"height\":800},{\"@type\":\"BreadcrumbList\",\"@id\":\"https:\/\/dev.myindustrial.eu\/et\/shop\/toostuslikud-pidurisusteemid-ja-ajami-seiskamise-komponendid\/ulekandekastid\/gear-box\/#breadcrumb\",\"itemListElement\":[{\"@type\":\"ListItem\",\"position\":1,\"name\":\"Home\",\"item\":\"https:\/\/dev.myindustrial.eu\/et\/\"},{\"@type\":\"ListItem\",\"position\":2,\"name\":\"Products\",\"item\":\"https:\/\/dev.myindustrial.eu\/et\/products\/\"},{\"@type\":\"ListItem\",\"position\":3,\"name\":\"K\u00e4igukast\"}]},{\"@type\":\"WebSite\",\"@id\":\"https:\/\/dev.myindustrial.eu\/et\/#website\",\"url\":\"https:\/\/dev.myindustrial.eu\/et\/\",\"name\":\"My industrial\",\"description\":\"\",\"potentialAction\":[{\"@type\":\"SearchAction\",\"target\":{\"@type\":\"EntryPoint\",\"urlTemplate\":\"https:\/\/dev.myindustrial.eu\/et\/?s={search_term_string}\"},\"query-input\":{\"@type\":\"PropertyValueSpecification\",\"valueRequired\":true,\"valueName\":\"search_term_string\"}}],\"inLanguage\":\"et\"}]}<\/script>\n<!-- \/ Yoast SEO plugin. -->","yoast_head_json":{"title":"K\u00e4igukast - My industrial","robots":{"index":"noindex","follow":"follow","max-snippet":"max-snippet:-1","max-image-preview":"max-image-preview:large","max-video-preview":"max-video-preview:-1"},"og_locale":"et_EE","og_type":"article","og_title":"K\u00e4igukast - My industrial","og_description":"Mootor-Reduktorid  T\u00f6\u00f6stuslik k\u00e4igukast vastavalt kliendi spetsifikatsioonidele. T\u00e4nu tipptasemel tehnoloogiatele ja omandatud oskustele on ettev\u00f5te v\u00f5imeline projekteerima ja tootma spetsiaalseid k\u00e4igukaste vastavalt oma klientide n\u00f5udmistele. T\u00f6\u00f6stuslikud k\u00e4igukastid valmistatakse \u00fcldiselt teraskorpusest, mis seej\u00e4rel l\u00e4bib pingemaanduse ja sisemise mehaanilise t\u00f6\u00f6tlemise. Hammasrattad tsementeeritakse, karastatakse ja hiljem lihvitakse. K\u00e4igukastid varustatakse juhtivate kaubam\u00e4rkide laagrite ja tihenditega, seej\u00e4rel monteeritakse ja testitakse, et tagada komponentide laitmatu toimimine ja k\u00f5rge kvaliteet.","og_url":"https:\/\/dev.myindustrial.eu\/et\/shop\/toostuslikud-pidurisusteemid-ja-ajami-seiskamise-komponendid\/ulekandekastid\/gear-box\/","og_site_name":"My industrial","article_modified_time":"2024-12-27T17:54:54+00:00","og_image":[{"width":800,"height":800,"url":"https:\/\/dev.myindustrial.eu\/wp-content\/uploads\/2024\/12\/riduttore-prewiev.webp","type":"image\/webp"}],"twitter_card":"summary_large_image","schema":{"@context":"https:\/\/schema.org","@graph":[{"@type":"WebPage","@id":"https:\/\/dev.myindustrial.eu\/et\/shop\/toostuslikud-pidurisusteemid-ja-ajami-seiskamise-komponendid\/ulekandekastid\/gear-box\/","url":"https:\/\/dev.myindustrial.eu\/et\/shop\/toostuslikud-pidurisusteemid-ja-ajami-seiskamise-komponendid\/ulekandekastid\/gear-box\/","name":"K\u00e4igukast - My industrial","isPartOf":{"@id":"https:\/\/dev.myindustrial.eu\/et\/#website"},"primaryImageOfPage":{"@id":"https:\/\/dev.myindustrial.eu\/et\/shop\/toostuslikud-pidurisusteemid-ja-ajami-seiskamise-komponendid\/ulekandekastid\/gear-box\/#primaryimage"},"image":{"@id":"https:\/\/dev.myindustrial.eu\/et\/shop\/toostuslikud-pidurisusteemid-ja-ajami-seiskamise-komponendid\/ulekandekastid\/gear-box\/#primaryimage"},"thumbnailUrl":"https:\/\/dev.myindustrial.eu\/wp-content\/uploads\/2024\/12\/riduttore-prewiev.webp","datePublished":"2024-12-02T11:47:37+00:00","dateModified":"2024-12-27T17:54:54+00:00","breadcrumb":{"@id":"https:\/\/dev.myindustrial.eu\/et\/shop\/toostuslikud-pidurisusteemid-ja-ajami-seiskamise-komponendid\/ulekandekastid\/gear-box\/#breadcrumb"},"inLanguage":"et","potentialAction":[{"@type":"ReadAction","target":["https:\/\/dev.myindustrial.eu\/et\/shop\/toostuslikud-pidurisusteemid-ja-ajami-seiskamise-komponendid\/ulekandekastid\/gear-box\/"]}]},{"@type":"ImageObject","inLanguage":"et","@id":"https:\/\/dev.myindustrial.eu\/et\/shop\/toostuslikud-pidurisusteemid-ja-ajami-seiskamise-komponendid\/ulekandekastid\/gear-box\/#primaryimage","url":"https:\/\/dev.myindustrial.eu\/wp-content\/uploads\/2024\/12\/riduttore-prewiev.webp","contentUrl":"https:\/\/dev.myindustrial.eu\/wp-content\/uploads\/2024\/12\/riduttore-prewiev.webp","width":800,"height":800},{"@type":"BreadcrumbList","@id":"https:\/\/dev.myindustrial.eu\/et\/shop\/toostuslikud-pidurisusteemid-ja-ajami-seiskamise-komponendid\/ulekandekastid\/gear-box\/#breadcrumb","itemListElement":[{"@type":"ListItem","position":1,"name":"Home","item":"https:\/\/dev.myindustrial.eu\/et\/"},{"@type":"ListItem","position":2,"name":"Products","item":"https:\/\/dev.myindustrial.eu\/et\/products\/"},{"@type":"ListItem","position":3,"name":"K\u00e4igukast"}]},{"@type":"WebSite","@id":"https:\/\/dev.myindustrial.eu\/et\/#website","url":"https:\/\/dev.myindustrial.eu\/et\/","name":"My industrial","description":"","potentialAction":[{"@type":"SearchAction","target":{"@type":"EntryPoint","urlTemplate":"https:\/\/dev.myindustrial.eu\/et\/?s={search_term_string}"},"query-input":{"@type":"PropertyValueSpecification","valueRequired":true,"valueName":"search_term_string"}}],"inLanguage":"et"}]}},"_links":{"self":[{"href":"https:\/\/dev.myindustrial.eu\/et\/wp-json\/wp\/v2\/product\/1260065544","targetHints":{"allow":["GET"]}}],"collection":[{"href":"https:\/\/dev.myindustrial.eu\/et\/wp-json\/wp\/v2\/product"}],"about":[{"href":"https:\/\/dev.myindustrial.eu\/et\/wp-json\/wp\/v2\/types\/product"}],"version-history":[{"count":1,"href":"https:\/\/dev.myindustrial.eu\/et\/wp-json\/wp\/v2\/product\/1260065544\/revisions"}],"predecessor-version":[{"id":1260065545,"href":"https:\/\/dev.myindustrial.eu\/et\/wp-json\/wp\/v2\/product\/1260065544\/revisions\/1260065545"}],"wp:featuredmedia":[{"embeddable":true,"href":"https:\/\/dev.myindustrial.eu\/et\/wp-json\/wp\/v2\/media\/1260064965"}],"wp:attachment":[{"href":"https:\/\/dev.myindustrial.eu\/et\/wp-json\/wp\/v2\/media?parent=1260065544"}],"wp:term":[{"taxonomy":"product_brand","embeddable":true,"href":"https:\/\/dev.myindustrial.eu\/et\/wp-json\/wp\/v2\/product_brand?post=1260065544"},{"taxonomy":"product_cat","embeddable":true,"href":"https:\/\/dev.myindustrial.eu\/et\/wp-json\/wp\/v2\/product_cat?post=1260065544"},{"taxonomy":"product_tag","embeddable":true,"href":"https:\/\/dev.myindustrial.eu\/et\/wp-json\/wp\/v2\/product_tag?post=1260065544"}],"curies":[{"name":"wp","href":"https:\/\/api.w.org\/{rel}","templated":true}]}}