{"id":1260065549,"date":"2024-12-02T11:51:34","date_gmt":"2024-12-02T11:51:34","guid":{"rendered":"https:\/\/dev.myindustrial.eu\/shop\/maaratlemata\/guide-roller-system-with-integrated-damping-pads\/"},"modified":"2024-12-27T19:40:45","modified_gmt":"2024-12-27T19:40:45","slug":"guide-roller-system-with-integrated-damping-pads","status":"publish","type":"product","link":"https:\/\/dev.myindustrial.eu\/et\/shop\/toostuslikud-pidurisusteemid-ja-ajami-seiskamise-komponendid\/juhtsusteem-rullikutele\/guide-roller-system-with-integrated-damping-pads\/","title":{"rendered":"Juhtveeremiku s\u00fcsteem"},"content":{"rendered":"","protected":false},"excerpt":{"rendered":"<p><b>Juhtveeremiku s\u00fcsteem integreeritud summutus\u00fcksusega kahe rattaga kujunduses, t\u00fc\u00fcbid SFRS-DW-1 ja SFRS-DW-2:<\/b><\/p>\n<ul>\n<li style=\"font-weight: 400;\" aria-level=\"1\"><span style=\"font-weight: 400;\">Patenditud summutus\u00fcksus soovimatute l\u00f6\u00f6kide v\u00e4hendamiseks<\/span><\/li>\n<li style=\"font-weight: 400;\" aria-level=\"1\"><span style=\"font-weight: 400;\">Kahe rattaga disain<\/span><\/li>\n<li style=\"font-weight: 400;\" aria-level=\"1\"><span style=\"font-weight: 400;\">Summutuse k\u00e4ik 3 mm<\/span><\/li>\n<li style=\"font-weight: 400;\" aria-level=\"1\"><span style=\"font-weight: 400;\">Laagri kaitse<\/span><\/li>\n<li style=\"font-weight: 400;\" aria-level=\"1\"><span style=\"font-weight: 400;\">Kulumise reguleerimine, kasutades vahetatavaid vahetusplaate<\/span><\/li>\n<li style=\"font-weight: 400;\" aria-level=\"1\"><span style=\"font-weight: 400;\">K\u00fclgsuunaline reguleeritavus<\/span><\/li>\n<li style=\"font-weight: 400;\" aria-level=\"1\"><span style=\"font-weight: 400;\">\u00dcheosaline juhtveeremiku telg ja telje vedrustus<\/span><\/li>\n<li style=\"font-weight: 400;\" aria-level=\"1\"><span style=\"font-weight: 400;\">Integreeritud kvaliteetne \/ esmaklassiline laager<\/span><\/li>\n<li style=\"font-weight: 400;\" aria-level=\"1\"><span style=\"font-weight: 400;\">Lihtne uuesti m\u00e4\u00e4rida<\/span><\/li>\n<li style=\"font-weight: 400;\" aria-level=\"1\"><span style=\"font-weight: 400;\">Juhtveeremike lihtne asendamine<\/span><\/li>\n<\/ul>\n<p><b>Omadused<\/b><\/p>\n<ul>\n<li style=\"font-weight: 400;\" aria-level=\"1\"><span style=\"font-weight: 400;\">Patenditud summutuspadi v\u00e4hendab impulssj\u00f5udude m\u00f5ju<\/span><\/li>\n<li style=\"font-weight: 400;\" aria-level=\"1\"><span style=\"font-weight: 400;\">Need j\u00f5ud tekivad n\u00e4iteks r\u00f6\u00f6baste eba\u00fchtlustest<\/span><\/li>\n<li style=\"font-weight: 400;\" aria-level=\"1\"><span style=\"font-weight: 400;\">Juhtveeremiku s\u00fcsteem saavutab k\u00f5rge kandev\u00f5ime: d\u00fcnaamiline kuni 160 kN ja staatiline kuni 300 kN<\/span><\/li>\n<li style=\"font-weight: 400;\" aria-level=\"1\"><span style=\"font-weight: 400;\">Kinnitusklamber saadaval soovi korral<\/span><\/li>\n<li style=\"font-weight: 400;\" aria-level=\"1\"><span style=\"font-weight: 400;\">Juhtveeremiku diameetrid \u00d8 156, \u00d8 180, \u00d8 200<\/span><\/li>\n<li style=\"font-weight: 400;\" aria-level=\"1\"><span style=\"font-weight: 400;\">R\u00f6\u00f6baste laius 38\u201372 mm, 73\u2013126 mm<\/span><\/li>\n<\/ul>\n<p><b>Tehnilised eelised<\/b><\/p>\n<ul>\n<li style=\"font-weight: 400;\" aria-level=\"1\"><span style=\"font-weight: 400;\">Integreeritud summutus\u00fcksus<\/span><\/li>\n<li style=\"font-weight: 400;\" aria-level=\"1\"><span style=\"font-weight: 400;\">Impulsside ja l\u00f6\u00f6kide v\u00e4hendamine<\/span><\/li>\n<li style=\"font-weight: 400;\" aria-level=\"1\"><span style=\"font-weight: 400;\">S\u00fcsteemi optimaalne juhtimine<\/span><\/li>\n<\/ul>\n","protected":false},"featured_media":1260064971,"template":"","meta":[],"product_brand":[],"product_cat":[1699],"product_tag":[],"class_list":{"0":"post-1260065549","1":"product","2":"type-product","3":"status-publish","4":"has-post-thumbnail","6":"product_cat-juhtsusteem-rullikutele","8":"first","9":"instock","10":"shipping-taxable","11":"product-type-simple"},"yoast_head":"<!-- This site is optimized with the Yoast SEO plugin v27.1.1 - https:\/\/yoast.com\/product\/yoast-seo-wordpress\/ -->\n<title>Juhtveeremiku s\u00fcsteem - My industrial<\/title>\n<meta name=\"robots\" content=\"noindex, follow, max-snippet:-1, max-image-preview:large, max-video-preview:-1\" \/>\n<meta property=\"og:locale\" content=\"et_EE\" \/>\n<meta property=\"og:type\" content=\"article\" \/>\n<meta property=\"og:title\" content=\"Juhtveeremiku s\u00fcsteem - My industrial\" \/>\n<meta property=\"og:description\" content=\"Juhtveeremiku s\u00fcsteem integreeritud summutus\u00fcksusega kahe rattaga kujunduses, t\u00fc\u00fcbid SFRS-DW-1 ja SFRS-DW-2:   Patenditud summutus\u00fcksus soovimatute l\u00f6\u00f6kide v\u00e4hendamiseks  Kahe rattaga disain  Summutuse k\u00e4ik 3 mm  Laagri kaitse  Kulumise reguleerimine, kasutades vahetatavaid vahetusplaate  K\u00fclgsuunaline reguleeritavus  \u00dcheosaline juhtveeremiku telg ja telje vedrustus  Integreeritud kvaliteetne \/ esmaklassiline laager  Lihtne uuesti m\u00e4\u00e4rida  Juhtveeremike lihtne asendamine  Omadused   Patenditud summutuspadi v\u00e4hendab impulssj\u00f5udude m\u00f5ju  Need j\u00f5ud tekivad n\u00e4iteks r\u00f6\u00f6baste eba\u00fchtlustest  Juhtveeremiku s\u00fcsteem saavutab k\u00f5rge kandev\u00f5ime: d\u00fcnaamiline kuni 160 kN ja staatiline kuni 300 kN  Kinnitusklamber saadaval soovi korral  Juhtveeremiku diameetrid \u00d8 156, \u00d8 180, \u00d8 200  R\u00f6\u00f6baste laius 38\u201372 mm, 73\u2013126 mm  Tehnilised eelised   Integreeritud summutus\u00fcksus  Impulsside ja l\u00f6\u00f6kide v\u00e4hendamine  S\u00fcsteemi optimaalne juhtimine\" \/>\n<meta property=\"og:url\" content=\"https:\/\/dev.myindustrial.eu\/et\/shop\/toostuslikud-pidurisusteemid-ja-ajami-seiskamise-komponendid\/juhtsusteem-rullikutele\/guide-roller-system-with-integrated-damping-pads\/\" \/>\n<meta property=\"og:site_name\" content=\"My industrial\" \/>\n<meta property=\"article:modified_time\" content=\"2024-12-27T19:40:45+00:00\" \/>\n<meta property=\"og:image\" content=\"https:\/\/dev.myindustrial.eu\/wp-content\/uploads\/2024\/12\/spurfuehrungsrollensystem_sfrs.webp\" \/>\n\t<meta property=\"og:image:width\" content=\"800\" \/>\n\t<meta property=\"og:image:height\" content=\"800\" \/>\n\t<meta property=\"og:image:type\" content=\"image\/webp\" \/>\n<meta name=\"twitter:card\" content=\"summary_large_image\" \/>\n<script type=\"application\/ld+json\" class=\"yoast-schema-graph\">{\"@context\":\"https:\/\/schema.org\",\"@graph\":[{\"@type\":\"WebPage\",\"@id\":\"https:\/\/dev.myindustrial.eu\/et\/shop\/toostuslikud-pidurisusteemid-ja-ajami-seiskamise-komponendid\/juhtsusteem-rullikutele\/guide-roller-system-with-integrated-damping-pads\/\",\"url\":\"https:\/\/dev.myindustrial.eu\/et\/shop\/toostuslikud-pidurisusteemid-ja-ajami-seiskamise-komponendid\/juhtsusteem-rullikutele\/guide-roller-system-with-integrated-damping-pads\/\",\"name\":\"Juhtveeremiku s\u00fcsteem - My industrial\",\"isPartOf\":{\"@id\":\"https:\/\/dev.myindustrial.eu\/et\/#website\"},\"primaryImageOfPage\":{\"@id\":\"https:\/\/dev.myindustrial.eu\/et\/shop\/toostuslikud-pidurisusteemid-ja-ajami-seiskamise-komponendid\/juhtsusteem-rullikutele\/guide-roller-system-with-integrated-damping-pads\/#primaryimage\"},\"image\":{\"@id\":\"https:\/\/dev.myindustrial.eu\/et\/shop\/toostuslikud-pidurisusteemid-ja-ajami-seiskamise-komponendid\/juhtsusteem-rullikutele\/guide-roller-system-with-integrated-damping-pads\/#primaryimage\"},\"thumbnailUrl\":\"https:\/\/dev.myindustrial.eu\/wp-content\/uploads\/2024\/12\/spurfuehrungsrollensystem_sfrs.webp\",\"datePublished\":\"2024-12-02T11:51:34+00:00\",\"dateModified\":\"2024-12-27T19:40:45+00:00\",\"breadcrumb\":{\"@id\":\"https:\/\/dev.myindustrial.eu\/et\/shop\/toostuslikud-pidurisusteemid-ja-ajami-seiskamise-komponendid\/juhtsusteem-rullikutele\/guide-roller-system-with-integrated-damping-pads\/#breadcrumb\"},\"inLanguage\":\"et\",\"potentialAction\":[{\"@type\":\"ReadAction\",\"target\":[\"https:\/\/dev.myindustrial.eu\/et\/shop\/toostuslikud-pidurisusteemid-ja-ajami-seiskamise-komponendid\/juhtsusteem-rullikutele\/guide-roller-system-with-integrated-damping-pads\/\"]}]},{\"@type\":\"ImageObject\",\"inLanguage\":\"et\",\"@id\":\"https:\/\/dev.myindustrial.eu\/et\/shop\/toostuslikud-pidurisusteemid-ja-ajami-seiskamise-komponendid\/juhtsusteem-rullikutele\/guide-roller-system-with-integrated-damping-pads\/#primaryimage\",\"url\":\"https:\/\/dev.myindustrial.eu\/wp-content\/uploads\/2024\/12\/spurfuehrungsrollensystem_sfrs.webp\",\"contentUrl\":\"https:\/\/dev.myindustrial.eu\/wp-content\/uploads\/2024\/12\/spurfuehrungsrollensystem_sfrs.webp\",\"width\":800,\"height\":800},{\"@type\":\"BreadcrumbList\",\"@id\":\"https:\/\/dev.myindustrial.eu\/et\/shop\/toostuslikud-pidurisusteemid-ja-ajami-seiskamise-komponendid\/juhtsusteem-rullikutele\/guide-roller-system-with-integrated-damping-pads\/#breadcrumb\",\"itemListElement\":[{\"@type\":\"ListItem\",\"position\":1,\"name\":\"Home\",\"item\":\"https:\/\/dev.myindustrial.eu\/et\/\"},{\"@type\":\"ListItem\",\"position\":2,\"name\":\"Products\",\"item\":\"https:\/\/dev.myindustrial.eu\/et\/products\/\"},{\"@type\":\"ListItem\",\"position\":3,\"name\":\"Juhtveeremiku s\u00fcsteem\"}]},{\"@type\":\"WebSite\",\"@id\":\"https:\/\/dev.myindustrial.eu\/et\/#website\",\"url\":\"https:\/\/dev.myindustrial.eu\/et\/\",\"name\":\"My industrial\",\"description\":\"\",\"potentialAction\":[{\"@type\":\"SearchAction\",\"target\":{\"@type\":\"EntryPoint\",\"urlTemplate\":\"https:\/\/dev.myindustrial.eu\/et\/?s={search_term_string}\"},\"query-input\":{\"@type\":\"PropertyValueSpecification\",\"valueRequired\":true,\"valueName\":\"search_term_string\"}}],\"inLanguage\":\"et\"}]}<\/script>\n<!-- \/ Yoast SEO plugin. -->","yoast_head_json":{"title":"Juhtveeremiku s\u00fcsteem - My industrial","robots":{"index":"noindex","follow":"follow","max-snippet":"max-snippet:-1","max-image-preview":"max-image-preview:large","max-video-preview":"max-video-preview:-1"},"og_locale":"et_EE","og_type":"article","og_title":"Juhtveeremiku s\u00fcsteem - My industrial","og_description":"Juhtveeremiku s\u00fcsteem integreeritud summutus\u00fcksusega kahe rattaga kujunduses, t\u00fc\u00fcbid SFRS-DW-1 ja SFRS-DW-2:   Patenditud summutus\u00fcksus soovimatute l\u00f6\u00f6kide v\u00e4hendamiseks  Kahe rattaga disain  Summutuse k\u00e4ik 3 mm  Laagri kaitse  Kulumise reguleerimine, kasutades vahetatavaid vahetusplaate  K\u00fclgsuunaline reguleeritavus  \u00dcheosaline juhtveeremiku telg ja telje vedrustus  Integreeritud kvaliteetne \/ esmaklassiline laager  Lihtne uuesti m\u00e4\u00e4rida  Juhtveeremike lihtne asendamine  Omadused   Patenditud summutuspadi v\u00e4hendab impulssj\u00f5udude m\u00f5ju  Need j\u00f5ud tekivad n\u00e4iteks r\u00f6\u00f6baste eba\u00fchtlustest  Juhtveeremiku s\u00fcsteem saavutab k\u00f5rge kandev\u00f5ime: d\u00fcnaamiline kuni 160 kN ja staatiline kuni 300 kN  Kinnitusklamber saadaval soovi korral  Juhtveeremiku diameetrid \u00d8 156, \u00d8 180, \u00d8 200  R\u00f6\u00f6baste laius 38\u201372 mm, 73\u2013126 mm  Tehnilised eelised   Integreeritud summutus\u00fcksus  Impulsside ja l\u00f6\u00f6kide v\u00e4hendamine  S\u00fcsteemi optimaalne juhtimine","og_url":"https:\/\/dev.myindustrial.eu\/et\/shop\/toostuslikud-pidurisusteemid-ja-ajami-seiskamise-komponendid\/juhtsusteem-rullikutele\/guide-roller-system-with-integrated-damping-pads\/","og_site_name":"My industrial","article_modified_time":"2024-12-27T19:40:45+00:00","og_image":[{"width":800,"height":800,"url":"https:\/\/dev.myindustrial.eu\/wp-content\/uploads\/2024\/12\/spurfuehrungsrollensystem_sfrs.webp","type":"image\/webp"}],"twitter_card":"summary_large_image","schema":{"@context":"https:\/\/schema.org","@graph":[{"@type":"WebPage","@id":"https:\/\/dev.myindustrial.eu\/et\/shop\/toostuslikud-pidurisusteemid-ja-ajami-seiskamise-komponendid\/juhtsusteem-rullikutele\/guide-roller-system-with-integrated-damping-pads\/","url":"https:\/\/dev.myindustrial.eu\/et\/shop\/toostuslikud-pidurisusteemid-ja-ajami-seiskamise-komponendid\/juhtsusteem-rullikutele\/guide-roller-system-with-integrated-damping-pads\/","name":"Juhtveeremiku s\u00fcsteem - My industrial","isPartOf":{"@id":"https:\/\/dev.myindustrial.eu\/et\/#website"},"primaryImageOfPage":{"@id":"https:\/\/dev.myindustrial.eu\/et\/shop\/toostuslikud-pidurisusteemid-ja-ajami-seiskamise-komponendid\/juhtsusteem-rullikutele\/guide-roller-system-with-integrated-damping-pads\/#primaryimage"},"image":{"@id":"https:\/\/dev.myindustrial.eu\/et\/shop\/toostuslikud-pidurisusteemid-ja-ajami-seiskamise-komponendid\/juhtsusteem-rullikutele\/guide-roller-system-with-integrated-damping-pads\/#primaryimage"},"thumbnailUrl":"https:\/\/dev.myindustrial.eu\/wp-content\/uploads\/2024\/12\/spurfuehrungsrollensystem_sfrs.webp","datePublished":"2024-12-02T11:51:34+00:00","dateModified":"2024-12-27T19:40:45+00:00","breadcrumb":{"@id":"https:\/\/dev.myindustrial.eu\/et\/shop\/toostuslikud-pidurisusteemid-ja-ajami-seiskamise-komponendid\/juhtsusteem-rullikutele\/guide-roller-system-with-integrated-damping-pads\/#breadcrumb"},"inLanguage":"et","potentialAction":[{"@type":"ReadAction","target":["https:\/\/dev.myindustrial.eu\/et\/shop\/toostuslikud-pidurisusteemid-ja-ajami-seiskamise-komponendid\/juhtsusteem-rullikutele\/guide-roller-system-with-integrated-damping-pads\/"]}]},{"@type":"ImageObject","inLanguage":"et","@id":"https:\/\/dev.myindustrial.eu\/et\/shop\/toostuslikud-pidurisusteemid-ja-ajami-seiskamise-komponendid\/juhtsusteem-rullikutele\/guide-roller-system-with-integrated-damping-pads\/#primaryimage","url":"https:\/\/dev.myindustrial.eu\/wp-content\/uploads\/2024\/12\/spurfuehrungsrollensystem_sfrs.webp","contentUrl":"https:\/\/dev.myindustrial.eu\/wp-content\/uploads\/2024\/12\/spurfuehrungsrollensystem_sfrs.webp","width":800,"height":800},{"@type":"BreadcrumbList","@id":"https:\/\/dev.myindustrial.eu\/et\/shop\/toostuslikud-pidurisusteemid-ja-ajami-seiskamise-komponendid\/juhtsusteem-rullikutele\/guide-roller-system-with-integrated-damping-pads\/#breadcrumb","itemListElement":[{"@type":"ListItem","position":1,"name":"Home","item":"https:\/\/dev.myindustrial.eu\/et\/"},{"@type":"ListItem","position":2,"name":"Products","item":"https:\/\/dev.myindustrial.eu\/et\/products\/"},{"@type":"ListItem","position":3,"name":"Juhtveeremiku s\u00fcsteem"}]},{"@type":"WebSite","@id":"https:\/\/dev.myindustrial.eu\/et\/#website","url":"https:\/\/dev.myindustrial.eu\/et\/","name":"My industrial","description":"","potentialAction":[{"@type":"SearchAction","target":{"@type":"EntryPoint","urlTemplate":"https:\/\/dev.myindustrial.eu\/et\/?s={search_term_string}"},"query-input":{"@type":"PropertyValueSpecification","valueRequired":true,"valueName":"search_term_string"}}],"inLanguage":"et"}]}},"_links":{"self":[{"href":"https:\/\/dev.myindustrial.eu\/et\/wp-json\/wp\/v2\/product\/1260065549","targetHints":{"allow":["GET"]}}],"collection":[{"href":"https:\/\/dev.myindustrial.eu\/et\/wp-json\/wp\/v2\/product"}],"about":[{"href":"https:\/\/dev.myindustrial.eu\/et\/wp-json\/wp\/v2\/types\/product"}],"version-history":[{"count":1,"href":"https:\/\/dev.myindustrial.eu\/et\/wp-json\/wp\/v2\/product\/1260065549\/revisions"}],"predecessor-version":[{"id":1260065550,"href":"https:\/\/dev.myindustrial.eu\/et\/wp-json\/wp\/v2\/product\/1260065549\/revisions\/1260065550"}],"wp:featuredmedia":[{"embeddable":true,"href":"https:\/\/dev.myindustrial.eu\/et\/wp-json\/wp\/v2\/media\/1260064971"}],"wp:attachment":[{"href":"https:\/\/dev.myindustrial.eu\/et\/wp-json\/wp\/v2\/media?parent=1260065549"}],"wp:term":[{"taxonomy":"product_brand","embeddable":true,"href":"https:\/\/dev.myindustrial.eu\/et\/wp-json\/wp\/v2\/product_brand?post=1260065549"},{"taxonomy":"product_cat","embeddable":true,"href":"https:\/\/dev.myindustrial.eu\/et\/wp-json\/wp\/v2\/product_cat?post=1260065549"},{"taxonomy":"product_tag","embeddable":true,"href":"https:\/\/dev.myindustrial.eu\/et\/wp-json\/wp\/v2\/product_tag?post=1260065549"}],"curies":[{"name":"wp","href":"https:\/\/api.w.org\/{rel}","templated":true}]}}