{"id":1260065554,"date":"2024-12-02T11:55:56","date_gmt":"2024-12-02T11:55:56","guid":{"rendered":"https:\/\/dev.myindustrial.eu\/shop\/maaratlemata\/guide-roller-system-with-integrated-damping-solution\/"},"modified":"2024-12-27T19:51:17","modified_gmt":"2024-12-27T19:51:17","slug":"guide-roller-system-with-integrated-damping-solution","status":"publish","type":"product","link":"https:\/\/dev.myindustrial.eu\/et\/shop\/toostuslikud-pidurisusteemid-ja-ajami-seiskamise-komponendid\/juhtsusteem-rullikutele\/guide-roller-system-with-integrated-damping-solution\/","title":{"rendered":"Juhts\u00fcsteem rullikutele"},"content":{"rendered":"","protected":false},"excerpt":{"rendered":"<p><b>integreeritud summutuslahendusega t\u00fc\u00fcp SFRS-DW-3<\/b><\/p>\n<p><b>Kirjeldus<\/b><\/p>\n<p><span style=\"font-weight: 400;\">Juhts\u00fcsteem rullikutele, millel on integreeritud summutusmoodul topeltrataste kujundusega:<\/span><\/p>\n<ul>\n<li style=\"font-weight: 400;\" aria-level=\"1\"><span style=\"font-weight: 400;\">Patenditud summutusmoodul, et v\u00e4hendada soovimatuid l\u00f6\u00f6ke<\/span><\/li>\n<li style=\"font-weight: 400;\" aria-level=\"1\"><span style=\"font-weight: 400;\">Topeltrataste disain<\/span><\/li>\n<li style=\"font-weight: 400;\" aria-level=\"1\"><span style=\"font-weight: 400;\">Summutuse liikumine: 3 mm<\/span><\/li>\n<li style=\"font-weight: 400;\" aria-level=\"1\"><span style=\"font-weight: 400;\">Laagrite kaitse<\/span><\/li>\n<li style=\"font-weight: 400;\" aria-level=\"1\"><span style=\"font-weight: 400;\">Kulumise reguleerimine reguleeritavate vaheplaatide abil<\/span><\/li>\n<li style=\"font-weight: 400;\" aria-level=\"1\"><span style=\"font-weight: 400;\">K\u00fclgsuunaline reguleeritavus<\/span><\/li>\n<li style=\"font-weight: 400;\" aria-level=\"1\"><span style=\"font-weight: 400;\">\u00dchest osast koosnev juhts\u00fcsteemi telg ja telje kinnitus<\/span><\/li>\n<li style=\"font-weight: 400;\" aria-level=\"1\"><span style=\"font-weight: 400;\">Integreeritud k\u00f5rgekvaliteedilised laagrid<\/span><\/li>\n<li style=\"font-weight: 400;\" aria-level=\"1\"><span style=\"font-weight: 400;\">Lihtne uuesti m\u00e4\u00e4rida, m\u00e4\u00e4rimine<\/span><\/li>\n<li style=\"font-weight: 400;\" aria-level=\"1\"><span style=\"font-weight: 400;\">Taas m\u00e4\u00e4rimisk\u00f5lblik lineaarjuht (mustuse eemaldamiseks)<\/span><\/li>\n<li style=\"font-weight: 400;\" aria-level=\"1\"><span style=\"font-weight: 400;\">Lihtne rullikute asendamine<\/span><\/li>\n<\/ul>\n<p><b>Omadused<\/b><\/p>\n<ul>\n<li style=\"font-weight: 400;\" aria-level=\"1\"><span style=\"font-weight: 400;\">Kandev\u00f5ime kuni 490 kN<\/span><\/li>\n<li style=\"font-weight: 400;\" aria-level=\"1\"><span style=\"font-weight: 400;\">Kinnitusklamber saadaval soovi korral<\/span><\/li>\n<li style=\"font-weight: 400;\" aria-level=\"1\"><span style=\"font-weight: 400;\">Rulliku l\u00e4bim\u00f5\u00f5t: \u00d8 250<\/span><\/li>\n<li style=\"font-weight: 400;\" aria-level=\"1\"><span style=\"font-weight: 400;\">R\u00f6\u00f6baste laius: 75\u2013120 mm<\/span><\/li>\n<\/ul>\n<p><b>Tehnilised eelised<\/b><\/p>\n<ul>\n<li style=\"font-weight: 400;\" aria-level=\"1\"><span style=\"font-weight: 400;\">Lihtne kulumise reguleerimine<\/span><\/li>\n<li style=\"font-weight: 400;\" aria-level=\"1\"><span style=\"font-weight: 400;\">Kerge uuesti m\u00e4\u00e4rida, m\u00e4\u00e4rimine<\/span><\/li>\n<li style=\"font-weight: 400;\" aria-level=\"1\"><span style=\"font-weight: 400;\">Tugev disain<\/span><\/li>\n<li style=\"font-weight: 400;\" aria-level=\"1\"><span style=\"font-weight: 400;\">Laagrite kaitse<\/span><\/li>\n<li style=\"font-weight: 400;\" aria-level=\"1\"><span style=\"font-weight: 400;\">Valmistatud tugevast materjalist<\/span><\/li>\n<\/ul>\n","protected":false},"featured_media":1260064987,"template":"","meta":[],"product_brand":[],"product_cat":[1699],"product_tag":[],"class_list":{"0":"post-1260065554","1":"product","2":"type-product","3":"status-publish","4":"has-post-thumbnail","6":"product_cat-juhtsusteem-rullikutele","8":"first","9":"instock","10":"shipping-taxable","11":"product-type-simple"},"yoast_head":"<!-- This site is optimized with the Yoast SEO plugin v27.1.1 - https:\/\/yoast.com\/product\/yoast-seo-wordpress\/ -->\n<title>Juhts\u00fcsteem rullikutele - My industrial<\/title>\n<meta name=\"robots\" content=\"noindex, follow, max-snippet:-1, max-image-preview:large, max-video-preview:-1\" \/>\n<meta property=\"og:locale\" content=\"et_EE\" \/>\n<meta property=\"og:type\" content=\"article\" \/>\n<meta property=\"og:title\" content=\"Juhts\u00fcsteem rullikutele - My industrial\" \/>\n<meta property=\"og:description\" content=\"integreeritud summutuslahendusega t\u00fc\u00fcp SFRS-DW-3  Kirjeldus  Juhts\u00fcsteem rullikutele, millel on integreeritud summutusmoodul topeltrataste kujundusega:   Patenditud summutusmoodul, et v\u00e4hendada soovimatuid l\u00f6\u00f6ke  Topeltrataste disain  Summutuse liikumine: 3 mm  Laagrite kaitse  Kulumise reguleerimine reguleeritavate vaheplaatide abil  K\u00fclgsuunaline reguleeritavus  \u00dchest osast koosnev juhts\u00fcsteemi telg ja telje kinnitus  Integreeritud k\u00f5rgekvaliteedilised laagrid  Lihtne uuesti m\u00e4\u00e4rida, m\u00e4\u00e4rimine  Taas m\u00e4\u00e4rimisk\u00f5lblik lineaarjuht (mustuse eemaldamiseks)  Lihtne rullikute asendamine  Omadused   Kandev\u00f5ime kuni 490 kN  Kinnitusklamber saadaval soovi korral  Rulliku l\u00e4bim\u00f5\u00f5t: \u00d8 250  R\u00f6\u00f6baste laius: 75\u2013120 mm  Tehnilised eelised   Lihtne kulumise reguleerimine  Kerge uuesti m\u00e4\u00e4rida, m\u00e4\u00e4rimine  Tugev disain  Laagrite kaitse  Valmistatud tugevast materjalist\" \/>\n<meta property=\"og:url\" content=\"https:\/\/dev.myindustrial.eu\/et\/shop\/toostuslikud-pidurisusteemid-ja-ajami-seiskamise-komponendid\/juhtsusteem-rullikutele\/guide-roller-system-with-integrated-damping-solution\/\" \/>\n<meta property=\"og:site_name\" content=\"My industrial\" \/>\n<meta property=\"article:modified_time\" content=\"2024-12-27T19:51:17+00:00\" \/>\n<meta property=\"og:image\" content=\"https:\/\/dev.myindustrial.eu\/wp-content\/uploads\/2024\/12\/spurfuehrungsrollensystem_sfrs-sv.webp\" \/>\n\t<meta property=\"og:image:width\" content=\"800\" \/>\n\t<meta property=\"og:image:height\" content=\"800\" \/>\n\t<meta property=\"og:image:type\" content=\"image\/webp\" \/>\n<meta name=\"twitter:card\" content=\"summary_large_image\" \/>\n<script type=\"application\/ld+json\" class=\"yoast-schema-graph\">{\"@context\":\"https:\/\/schema.org\",\"@graph\":[{\"@type\":\"WebPage\",\"@id\":\"https:\/\/dev.myindustrial.eu\/et\/shop\/toostuslikud-pidurisusteemid-ja-ajami-seiskamise-komponendid\/juhtsusteem-rullikutele\/guide-roller-system-with-integrated-damping-solution\/\",\"url\":\"https:\/\/dev.myindustrial.eu\/et\/shop\/toostuslikud-pidurisusteemid-ja-ajami-seiskamise-komponendid\/juhtsusteem-rullikutele\/guide-roller-system-with-integrated-damping-solution\/\",\"name\":\"Juhts\u00fcsteem rullikutele - My industrial\",\"isPartOf\":{\"@id\":\"https:\/\/dev.myindustrial.eu\/et\/#website\"},\"primaryImageOfPage\":{\"@id\":\"https:\/\/dev.myindustrial.eu\/et\/shop\/toostuslikud-pidurisusteemid-ja-ajami-seiskamise-komponendid\/juhtsusteem-rullikutele\/guide-roller-system-with-integrated-damping-solution\/#primaryimage\"},\"image\":{\"@id\":\"https:\/\/dev.myindustrial.eu\/et\/shop\/toostuslikud-pidurisusteemid-ja-ajami-seiskamise-komponendid\/juhtsusteem-rullikutele\/guide-roller-system-with-integrated-damping-solution\/#primaryimage\"},\"thumbnailUrl\":\"https:\/\/dev.myindustrial.eu\/wp-content\/uploads\/2024\/12\/spurfuehrungsrollensystem_sfrs-sv.webp\",\"datePublished\":\"2024-12-02T11:55:56+00:00\",\"dateModified\":\"2024-12-27T19:51:17+00:00\",\"breadcrumb\":{\"@id\":\"https:\/\/dev.myindustrial.eu\/et\/shop\/toostuslikud-pidurisusteemid-ja-ajami-seiskamise-komponendid\/juhtsusteem-rullikutele\/guide-roller-system-with-integrated-damping-solution\/#breadcrumb\"},\"inLanguage\":\"et\",\"potentialAction\":[{\"@type\":\"ReadAction\",\"target\":[\"https:\/\/dev.myindustrial.eu\/et\/shop\/toostuslikud-pidurisusteemid-ja-ajami-seiskamise-komponendid\/juhtsusteem-rullikutele\/guide-roller-system-with-integrated-damping-solution\/\"]}]},{\"@type\":\"ImageObject\",\"inLanguage\":\"et\",\"@id\":\"https:\/\/dev.myindustrial.eu\/et\/shop\/toostuslikud-pidurisusteemid-ja-ajami-seiskamise-komponendid\/juhtsusteem-rullikutele\/guide-roller-system-with-integrated-damping-solution\/#primaryimage\",\"url\":\"https:\/\/dev.myindustrial.eu\/wp-content\/uploads\/2024\/12\/spurfuehrungsrollensystem_sfrs-sv.webp\",\"contentUrl\":\"https:\/\/dev.myindustrial.eu\/wp-content\/uploads\/2024\/12\/spurfuehrungsrollensystem_sfrs-sv.webp\",\"width\":800,\"height\":800},{\"@type\":\"BreadcrumbList\",\"@id\":\"https:\/\/dev.myindustrial.eu\/et\/shop\/toostuslikud-pidurisusteemid-ja-ajami-seiskamise-komponendid\/juhtsusteem-rullikutele\/guide-roller-system-with-integrated-damping-solution\/#breadcrumb\",\"itemListElement\":[{\"@type\":\"ListItem\",\"position\":1,\"name\":\"Home\",\"item\":\"https:\/\/dev.myindustrial.eu\/et\/\"},{\"@type\":\"ListItem\",\"position\":2,\"name\":\"Products\",\"item\":\"https:\/\/dev.myindustrial.eu\/et\/products\/\"},{\"@type\":\"ListItem\",\"position\":3,\"name\":\"Juhts\u00fcsteem rullikutele\"}]},{\"@type\":\"WebSite\",\"@id\":\"https:\/\/dev.myindustrial.eu\/et\/#website\",\"url\":\"https:\/\/dev.myindustrial.eu\/et\/\",\"name\":\"My industrial\",\"description\":\"\",\"potentialAction\":[{\"@type\":\"SearchAction\",\"target\":{\"@type\":\"EntryPoint\",\"urlTemplate\":\"https:\/\/dev.myindustrial.eu\/et\/?s={search_term_string}\"},\"query-input\":{\"@type\":\"PropertyValueSpecification\",\"valueRequired\":true,\"valueName\":\"search_term_string\"}}],\"inLanguage\":\"et\"}]}<\/script>\n<!-- \/ Yoast SEO plugin. -->","yoast_head_json":{"title":"Juhts\u00fcsteem rullikutele - My industrial","robots":{"index":"noindex","follow":"follow","max-snippet":"max-snippet:-1","max-image-preview":"max-image-preview:large","max-video-preview":"max-video-preview:-1"},"og_locale":"et_EE","og_type":"article","og_title":"Juhts\u00fcsteem rullikutele - My industrial","og_description":"integreeritud summutuslahendusega t\u00fc\u00fcp SFRS-DW-3  Kirjeldus  Juhts\u00fcsteem rullikutele, millel on integreeritud summutusmoodul topeltrataste kujundusega:   Patenditud summutusmoodul, et v\u00e4hendada soovimatuid l\u00f6\u00f6ke  Topeltrataste disain  Summutuse liikumine: 3 mm  Laagrite kaitse  Kulumise reguleerimine reguleeritavate vaheplaatide abil  K\u00fclgsuunaline reguleeritavus  \u00dchest osast koosnev juhts\u00fcsteemi telg ja telje kinnitus  Integreeritud k\u00f5rgekvaliteedilised laagrid  Lihtne uuesti m\u00e4\u00e4rida, m\u00e4\u00e4rimine  Taas m\u00e4\u00e4rimisk\u00f5lblik lineaarjuht (mustuse eemaldamiseks)  Lihtne rullikute asendamine  Omadused   Kandev\u00f5ime kuni 490 kN  Kinnitusklamber saadaval soovi korral  Rulliku l\u00e4bim\u00f5\u00f5t: \u00d8 250  R\u00f6\u00f6baste laius: 75\u2013120 mm  Tehnilised eelised   Lihtne kulumise reguleerimine  Kerge uuesti m\u00e4\u00e4rida, m\u00e4\u00e4rimine  Tugev disain  Laagrite kaitse  Valmistatud tugevast materjalist","og_url":"https:\/\/dev.myindustrial.eu\/et\/shop\/toostuslikud-pidurisusteemid-ja-ajami-seiskamise-komponendid\/juhtsusteem-rullikutele\/guide-roller-system-with-integrated-damping-solution\/","og_site_name":"My industrial","article_modified_time":"2024-12-27T19:51:17+00:00","og_image":[{"width":800,"height":800,"url":"https:\/\/dev.myindustrial.eu\/wp-content\/uploads\/2024\/12\/spurfuehrungsrollensystem_sfrs-sv.webp","type":"image\/webp"}],"twitter_card":"summary_large_image","schema":{"@context":"https:\/\/schema.org","@graph":[{"@type":"WebPage","@id":"https:\/\/dev.myindustrial.eu\/et\/shop\/toostuslikud-pidurisusteemid-ja-ajami-seiskamise-komponendid\/juhtsusteem-rullikutele\/guide-roller-system-with-integrated-damping-solution\/","url":"https:\/\/dev.myindustrial.eu\/et\/shop\/toostuslikud-pidurisusteemid-ja-ajami-seiskamise-komponendid\/juhtsusteem-rullikutele\/guide-roller-system-with-integrated-damping-solution\/","name":"Juhts\u00fcsteem rullikutele - My industrial","isPartOf":{"@id":"https:\/\/dev.myindustrial.eu\/et\/#website"},"primaryImageOfPage":{"@id":"https:\/\/dev.myindustrial.eu\/et\/shop\/toostuslikud-pidurisusteemid-ja-ajami-seiskamise-komponendid\/juhtsusteem-rullikutele\/guide-roller-system-with-integrated-damping-solution\/#primaryimage"},"image":{"@id":"https:\/\/dev.myindustrial.eu\/et\/shop\/toostuslikud-pidurisusteemid-ja-ajami-seiskamise-komponendid\/juhtsusteem-rullikutele\/guide-roller-system-with-integrated-damping-solution\/#primaryimage"},"thumbnailUrl":"https:\/\/dev.myindustrial.eu\/wp-content\/uploads\/2024\/12\/spurfuehrungsrollensystem_sfrs-sv.webp","datePublished":"2024-12-02T11:55:56+00:00","dateModified":"2024-12-27T19:51:17+00:00","breadcrumb":{"@id":"https:\/\/dev.myindustrial.eu\/et\/shop\/toostuslikud-pidurisusteemid-ja-ajami-seiskamise-komponendid\/juhtsusteem-rullikutele\/guide-roller-system-with-integrated-damping-solution\/#breadcrumb"},"inLanguage":"et","potentialAction":[{"@type":"ReadAction","target":["https:\/\/dev.myindustrial.eu\/et\/shop\/toostuslikud-pidurisusteemid-ja-ajami-seiskamise-komponendid\/juhtsusteem-rullikutele\/guide-roller-system-with-integrated-damping-solution\/"]}]},{"@type":"ImageObject","inLanguage":"et","@id":"https:\/\/dev.myindustrial.eu\/et\/shop\/toostuslikud-pidurisusteemid-ja-ajami-seiskamise-komponendid\/juhtsusteem-rullikutele\/guide-roller-system-with-integrated-damping-solution\/#primaryimage","url":"https:\/\/dev.myindustrial.eu\/wp-content\/uploads\/2024\/12\/spurfuehrungsrollensystem_sfrs-sv.webp","contentUrl":"https:\/\/dev.myindustrial.eu\/wp-content\/uploads\/2024\/12\/spurfuehrungsrollensystem_sfrs-sv.webp","width":800,"height":800},{"@type":"BreadcrumbList","@id":"https:\/\/dev.myindustrial.eu\/et\/shop\/toostuslikud-pidurisusteemid-ja-ajami-seiskamise-komponendid\/juhtsusteem-rullikutele\/guide-roller-system-with-integrated-damping-solution\/#breadcrumb","itemListElement":[{"@type":"ListItem","position":1,"name":"Home","item":"https:\/\/dev.myindustrial.eu\/et\/"},{"@type":"ListItem","position":2,"name":"Products","item":"https:\/\/dev.myindustrial.eu\/et\/products\/"},{"@type":"ListItem","position":3,"name":"Juhts\u00fcsteem rullikutele"}]},{"@type":"WebSite","@id":"https:\/\/dev.myindustrial.eu\/et\/#website","url":"https:\/\/dev.myindustrial.eu\/et\/","name":"My industrial","description":"","potentialAction":[{"@type":"SearchAction","target":{"@type":"EntryPoint","urlTemplate":"https:\/\/dev.myindustrial.eu\/et\/?s={search_term_string}"},"query-input":{"@type":"PropertyValueSpecification","valueRequired":true,"valueName":"search_term_string"}}],"inLanguage":"et"}]}},"_links":{"self":[{"href":"https:\/\/dev.myindustrial.eu\/et\/wp-json\/wp\/v2\/product\/1260065554","targetHints":{"allow":["GET"]}}],"collection":[{"href":"https:\/\/dev.myindustrial.eu\/et\/wp-json\/wp\/v2\/product"}],"about":[{"href":"https:\/\/dev.myindustrial.eu\/et\/wp-json\/wp\/v2\/types\/product"}],"version-history":[{"count":0,"href":"https:\/\/dev.myindustrial.eu\/et\/wp-json\/wp\/v2\/product\/1260065554\/revisions"}],"wp:featuredmedia":[{"embeddable":true,"href":"https:\/\/dev.myindustrial.eu\/et\/wp-json\/wp\/v2\/media\/1260064987"}],"wp:attachment":[{"href":"https:\/\/dev.myindustrial.eu\/et\/wp-json\/wp\/v2\/media?parent=1260065554"}],"wp:term":[{"taxonomy":"product_brand","embeddable":true,"href":"https:\/\/dev.myindustrial.eu\/et\/wp-json\/wp\/v2\/product_brand?post=1260065554"},{"taxonomy":"product_cat","embeddable":true,"href":"https:\/\/dev.myindustrial.eu\/et\/wp-json\/wp\/v2\/product_cat?post=1260065554"},{"taxonomy":"product_tag","embeddable":true,"href":"https:\/\/dev.myindustrial.eu\/et\/wp-json\/wp\/v2\/product_tag?post=1260065554"}],"curies":[{"name":"wp","href":"https:\/\/api.w.org\/{rel}","templated":true}]}}