{"id":1260065558,"date":"2024-12-02T12:03:19","date_gmt":"2024-12-02T12:03:19","guid":{"rendered":"https:\/\/dev.myindustrial.eu\/shop\/maaratlemata\/load-hook-assemblies-crane-hook-blocks\/"},"modified":"2024-12-27T20:17:33","modified_gmt":"2024-12-27T20:17:33","slug":"load-hook-assemblies-crane-hook-blocks","status":"publish","type":"product","link":"https:\/\/dev.myindustrial.eu\/et\/shop\/toostuslikud-pidurisusteemid-ja-ajami-seiskamise-komponendid\/konksuplokid\/load-hook-assemblies-crane-hook-blocks\/","title":{"rendered":"Konksu\u00fcksused ja kraanakonksuplokid"},"content":{"rendered":"<p><b>Valikud \/ Eridisainid:<\/b><\/p>\n<ul>\n<li style=\"font-weight: 400;\" aria-level=\"1\"><span style=\"font-weight: 400;\">Sihtotstarbelise kiirendatud p\u00f6\u00f6rlemisliikumise algatamine sagedusmuunduri abil.<\/span><\/li>\n<li style=\"font-weight: 400;\" aria-level=\"1\"><span style=\"font-weight: 400;\">Kuumakaitse tuleohtlike vedelike transportimiseks vastavalt EN 14492-2 (2006) \/ v\u00f5imalik ohutustegur DL 50.<\/span><\/li>\n<li style=\"font-weight: 400;\" aria-level=\"1\"><span style=\"font-weight: 400;\">Spetsiaalkonstruktsioonid vastavalt kliendi soovile.<\/span><\/li>\n<li style=\"font-weight: 400;\" aria-level=\"1\"><span style=\"font-weight: 400;\">Erinevad p\u00f6\u00f6rdelukud, koormakonksu fikseerimiseks.<\/span><\/li>\n<\/ul>\n<p><b>Alumised konksuplokid<\/b><\/p>\n<ul>\n<li style=\"font-weight: 400;\" aria-level=\"1\"><span style=\"font-weight: 400;\">P\u00f6\u00f6ratavad \/ mootoriga juhitavad v\u00f5i ilma.<\/span><\/li>\n<li style=\"font-weight: 400;\" aria-level=\"1\"><span style=\"font-weight: 400;\">Rihmarattad \/ trossirattad t\u00e4ismaterjalist (standard St. 52.3).<\/span><\/li>\n<li style=\"font-weight: 400;\" aria-level=\"1\"><span style=\"font-weight: 400;\">Kahekordse reaga silindrilised rull-laagrid, m\u00f5lemalt poolt tihendatud.<\/span><\/li>\n<li style=\"font-weight: 400;\" aria-level=\"1\"><span style=\"font-weight: 400;\">V\u00f5imalik taasm\u00e4\u00e4rimine l\u00e4bi laagri telje.<\/span><\/li>\n<li style=\"font-weight: 400;\" aria-level=\"1\"><span style=\"font-weight: 400;\">K\u00f5rgekvaliteediline kahekomponentne kate korrosioonikindluse tagamiseks.<\/span><\/li>\n<li style=\"font-weight: 400;\" aria-level=\"1\"><span style=\"font-weight: 400;\">Kinnitusdetailid roostevabast materjalist.<\/span><\/li>\n<li style=\"font-weight: 400;\" aria-level=\"1\"><span style=\"font-weight: 400;\">V\u00e4ga k\u00f5rge kvaliteeditase.<\/span><\/li>\n<\/ul>\n<p><b>Kasutusalad:<\/b><span style=\"font-weight: 400;\"> kraanade ja vintside t\u00f5steseadmete kinnitusdetailid.<\/span><span style=\"font-weight: 400;\"><br \/>\n<\/span><b>Kandev\u00f5ime:<\/b><span style=\"font-weight: 400;\"> 500 kg kuni 380 000 kg.<\/span><span style=\"font-weight: 400;\"><br \/>\n<\/span><b>Konksu kuju:<\/b><span style=\"font-weight: 400;\"> \u00fcksik v\u00f5i topelt.<\/span><span style=\"font-weight: 400;\"><br \/>\n<\/span><b>Teostus:<\/b><span style=\"font-weight: 400;\"> mootoriga \/ mootorita. Erinevad p\u00f6\u00f6rdeluku variandid.<\/span><span style=\"font-weight: 400;\"><br \/>\n<\/span><b>Rihmarataste arv:<\/b><span style=\"font-weight: 400;\"> 1 kuni 10.<\/span><span style=\"font-weight: 400;\"><br \/>\n<\/span><b>Konstruktsioon ka kliendi soovil!<\/b><\/p>\n<p><b>Konksu\u00fcksused<\/b><\/p>\n<ul>\n<li style=\"font-weight: 400;\" aria-level=\"1\"><span style=\"font-weight: 400;\">Konks vastavalt DIN 15411-le.<\/span><\/li>\n<li style=\"font-weight: 400;\" aria-level=\"1\"><span style=\"font-weight: 400;\">Tugevusklass P: materjal S355.<\/span><\/li>\n<li style=\"font-weight: 400;\" aria-level=\"1\"><span style=\"font-weight: 400;\">Tugevusklass V: materjal 34CrNiMo6.<\/span><\/li>\n<\/ul>\n<p><b>Kasutusalad:<\/b><span style=\"font-weight: 400;\"> alumiste plokkide ja t\u00f5stetalade tugiseadmed.<\/span><span style=\"font-weight: 400;\"><br \/>\n<\/span><b>Konksu kuju:<\/b><span style=\"font-weight: 400;\"> \u00fcksik v\u00f5i topelt.<\/span><span style=\"font-weight: 400;\"><br \/>\n<\/span><b>Materjal:<\/b><span style=\"font-weight: 400;\"> S355 v\u00f5i muud tugevusklassid vastavalt DIN 15400-le.<\/span><span style=\"font-weight: 400;\"><br \/>\n<\/span><b>Tugevusklassid:<\/b><span style=\"font-weight: 400;\"> P v\u00f5i V.<\/span><\/p>\n<p><b>Tehnilised eelised:<\/b><\/p>\n<ul>\n<li style=\"font-weight: 400;\" aria-level=\"1\"><span style=\"font-weight: 400;\">K\u00f5rge kvaliteeditase.<\/span><\/li>\n<li style=\"font-weight: 400;\" aria-level=\"1\"><span style=\"font-weight: 400;\">Eridisain.<\/span><\/li>\n<li style=\"font-weight: 400;\" aria-level=\"1\"><span style=\"font-weight: 400;\">Suur tehniline paindlikkus.<\/span><\/li>\n<li style=\"font-weight: 400;\" aria-level=\"1\"><span style=\"font-weight: 400;\">Rihmarattad t\u00e4ismaterjalist.<\/span><\/li>\n<li style=\"font-weight: 400;\" aria-level=\"1\"><span style=\"font-weight: 400;\">Stabiilne konstruktsioon \u2013 pikk kasutusiga.<\/span><\/li>\n<li style=\"font-weight: 400;\" aria-level=\"1\"><span style=\"font-weight: 400;\">Tugev ja vastupidav tugiplaat \/ teraskonstruktsioon.<\/span><\/li>\n<\/ul>\n","protected":false},"excerpt":{"rendered":"<p><b>Konksukinnitused ja plokid t\u00f5steseadmete jaoks<\/b><\/p>\n<p><span style=\"font-weight: 400;\">Plokid igas suuruses ja kandev\u00f5imega t\u00f5steseadmete jaoks, pakkudes piiramatuid konfiguratsiooniv\u00f5imalusi ja t\u00fc\u00fcpe, et vastata k\u00f5igile kliendi vajadustele. Plokid v\u00f5ivad olla toodetud \u00fche kuni kaheksa rihmarattaga versioonidena, liht- v\u00f5i topeltkonksudega, pakkudes lugematul hulgal kliendile kohandatud kombinatsioone.<\/span><\/p>\n","protected":false},"featured_media":1260065033,"template":"","meta":[],"product_brand":[],"product_cat":[1703],"product_tag":[],"class_list":{"0":"post-1260065558","1":"product","2":"type-product","3":"status-publish","4":"has-post-thumbnail","6":"product_cat-konksuplokid","8":"first","9":"instock","10":"shipping-taxable","11":"product-type-simple"},"yoast_head":"<!-- This site is optimized with the Yoast SEO plugin v27.1.1 - https:\/\/yoast.com\/product\/yoast-seo-wordpress\/ -->\n<title>Konksu\u00fcksused ja kraanakonksuplokid - My industrial<\/title>\n<meta name=\"robots\" content=\"noindex, follow, max-snippet:-1, max-image-preview:large, max-video-preview:-1\" \/>\n<meta property=\"og:locale\" content=\"et_EE\" \/>\n<meta property=\"og:type\" content=\"article\" \/>\n<meta property=\"og:title\" content=\"Konksu\u00fcksused ja kraanakonksuplokid - My industrial\" \/>\n<meta property=\"og:description\" content=\"Konksukinnitused ja plokid t\u00f5steseadmete jaoks  Plokid igas suuruses ja kandev\u00f5imega t\u00f5steseadmete jaoks, pakkudes piiramatuid konfiguratsiooniv\u00f5imalusi ja t\u00fc\u00fcpe, et vastata k\u00f5igile kliendi vajadustele. Plokid v\u00f5ivad olla toodetud \u00fche kuni kaheksa rihmarattaga versioonidena, liht- v\u00f5i topeltkonksudega, pakkudes lugematul hulgal kliendile kohandatud kombinatsioone.\" \/>\n<meta property=\"og:url\" content=\"https:\/\/dev.myindustrial.eu\/et\/shop\/toostuslikud-pidurisusteemid-ja-ajami-seiskamise-komponendid\/konksuplokid\/load-hook-assemblies-crane-hook-blocks\/\" \/>\n<meta property=\"og:site_name\" content=\"My industrial\" \/>\n<meta property=\"article:modified_time\" content=\"2024-12-27T20:17:33+00:00\" \/>\n<meta property=\"og:image\" content=\"https:\/\/dev.myindustrial.eu\/wp-content\/uploads\/2024\/12\/hook-blocks-preview-3.webp\" \/>\n\t<meta property=\"og:image:width\" content=\"800\" \/>\n\t<meta property=\"og:image:height\" content=\"800\" \/>\n\t<meta property=\"og:image:type\" content=\"image\/webp\" \/>\n<meta name=\"twitter:card\" content=\"summary_large_image\" \/>\n<script type=\"application\/ld+json\" class=\"yoast-schema-graph\">{\"@context\":\"https:\/\/schema.org\",\"@graph\":[{\"@type\":\"WebPage\",\"@id\":\"https:\/\/dev.myindustrial.eu\/et\/shop\/toostuslikud-pidurisusteemid-ja-ajami-seiskamise-komponendid\/konksuplokid\/load-hook-assemblies-crane-hook-blocks\/\",\"url\":\"https:\/\/dev.myindustrial.eu\/et\/shop\/toostuslikud-pidurisusteemid-ja-ajami-seiskamise-komponendid\/konksuplokid\/load-hook-assemblies-crane-hook-blocks\/\",\"name\":\"Konksu\u00fcksused ja kraanakonksuplokid - My industrial\",\"isPartOf\":{\"@id\":\"https:\/\/dev.myindustrial.eu\/et\/#website\"},\"primaryImageOfPage\":{\"@id\":\"https:\/\/dev.myindustrial.eu\/et\/shop\/toostuslikud-pidurisusteemid-ja-ajami-seiskamise-komponendid\/konksuplokid\/load-hook-assemblies-crane-hook-blocks\/#primaryimage\"},\"image\":{\"@id\":\"https:\/\/dev.myindustrial.eu\/et\/shop\/toostuslikud-pidurisusteemid-ja-ajami-seiskamise-komponendid\/konksuplokid\/load-hook-assemblies-crane-hook-blocks\/#primaryimage\"},\"thumbnailUrl\":\"https:\/\/dev.myindustrial.eu\/wp-content\/uploads\/2024\/12\/hook-blocks-preview-3.webp\",\"datePublished\":\"2024-12-02T12:03:19+00:00\",\"dateModified\":\"2024-12-27T20:17:33+00:00\",\"breadcrumb\":{\"@id\":\"https:\/\/dev.myindustrial.eu\/et\/shop\/toostuslikud-pidurisusteemid-ja-ajami-seiskamise-komponendid\/konksuplokid\/load-hook-assemblies-crane-hook-blocks\/#breadcrumb\"},\"inLanguage\":\"et\",\"potentialAction\":[{\"@type\":\"ReadAction\",\"target\":[\"https:\/\/dev.myindustrial.eu\/et\/shop\/toostuslikud-pidurisusteemid-ja-ajami-seiskamise-komponendid\/konksuplokid\/load-hook-assemblies-crane-hook-blocks\/\"]}]},{\"@type\":\"ImageObject\",\"inLanguage\":\"et\",\"@id\":\"https:\/\/dev.myindustrial.eu\/et\/shop\/toostuslikud-pidurisusteemid-ja-ajami-seiskamise-komponendid\/konksuplokid\/load-hook-assemblies-crane-hook-blocks\/#primaryimage\",\"url\":\"https:\/\/dev.myindustrial.eu\/wp-content\/uploads\/2024\/12\/hook-blocks-preview-3.webp\",\"contentUrl\":\"https:\/\/dev.myindustrial.eu\/wp-content\/uploads\/2024\/12\/hook-blocks-preview-3.webp\",\"width\":800,\"height\":800},{\"@type\":\"BreadcrumbList\",\"@id\":\"https:\/\/dev.myindustrial.eu\/et\/shop\/toostuslikud-pidurisusteemid-ja-ajami-seiskamise-komponendid\/konksuplokid\/load-hook-assemblies-crane-hook-blocks\/#breadcrumb\",\"itemListElement\":[{\"@type\":\"ListItem\",\"position\":1,\"name\":\"Home\",\"item\":\"https:\/\/dev.myindustrial.eu\/et\/\"},{\"@type\":\"ListItem\",\"position\":2,\"name\":\"Products\",\"item\":\"https:\/\/dev.myindustrial.eu\/et\/products\/\"},{\"@type\":\"ListItem\",\"position\":3,\"name\":\"Konksu\u00fcksused ja kraanakonksuplokid\"}]},{\"@type\":\"WebSite\",\"@id\":\"https:\/\/dev.myindustrial.eu\/et\/#website\",\"url\":\"https:\/\/dev.myindustrial.eu\/et\/\",\"name\":\"My industrial\",\"description\":\"\",\"potentialAction\":[{\"@type\":\"SearchAction\",\"target\":{\"@type\":\"EntryPoint\",\"urlTemplate\":\"https:\/\/dev.myindustrial.eu\/et\/?s={search_term_string}\"},\"query-input\":{\"@type\":\"PropertyValueSpecification\",\"valueRequired\":true,\"valueName\":\"search_term_string\"}}],\"inLanguage\":\"et\"}]}<\/script>\n<!-- \/ Yoast SEO plugin. -->","yoast_head_json":{"title":"Konksu\u00fcksused ja kraanakonksuplokid - My industrial","robots":{"index":"noindex","follow":"follow","max-snippet":"max-snippet:-1","max-image-preview":"max-image-preview:large","max-video-preview":"max-video-preview:-1"},"og_locale":"et_EE","og_type":"article","og_title":"Konksu\u00fcksused ja kraanakonksuplokid - My industrial","og_description":"Konksukinnitused ja plokid t\u00f5steseadmete jaoks  Plokid igas suuruses ja kandev\u00f5imega t\u00f5steseadmete jaoks, pakkudes piiramatuid konfiguratsiooniv\u00f5imalusi ja t\u00fc\u00fcpe, et vastata k\u00f5igile kliendi vajadustele. Plokid v\u00f5ivad olla toodetud \u00fche kuni kaheksa rihmarattaga versioonidena, liht- v\u00f5i topeltkonksudega, pakkudes lugematul hulgal kliendile kohandatud kombinatsioone.","og_url":"https:\/\/dev.myindustrial.eu\/et\/shop\/toostuslikud-pidurisusteemid-ja-ajami-seiskamise-komponendid\/konksuplokid\/load-hook-assemblies-crane-hook-blocks\/","og_site_name":"My industrial","article_modified_time":"2024-12-27T20:17:33+00:00","og_image":[{"width":800,"height":800,"url":"https:\/\/dev.myindustrial.eu\/wp-content\/uploads\/2024\/12\/hook-blocks-preview-3.webp","type":"image\/webp"}],"twitter_card":"summary_large_image","schema":{"@context":"https:\/\/schema.org","@graph":[{"@type":"WebPage","@id":"https:\/\/dev.myindustrial.eu\/et\/shop\/toostuslikud-pidurisusteemid-ja-ajami-seiskamise-komponendid\/konksuplokid\/load-hook-assemblies-crane-hook-blocks\/","url":"https:\/\/dev.myindustrial.eu\/et\/shop\/toostuslikud-pidurisusteemid-ja-ajami-seiskamise-komponendid\/konksuplokid\/load-hook-assemblies-crane-hook-blocks\/","name":"Konksu\u00fcksused ja kraanakonksuplokid - My industrial","isPartOf":{"@id":"https:\/\/dev.myindustrial.eu\/et\/#website"},"primaryImageOfPage":{"@id":"https:\/\/dev.myindustrial.eu\/et\/shop\/toostuslikud-pidurisusteemid-ja-ajami-seiskamise-komponendid\/konksuplokid\/load-hook-assemblies-crane-hook-blocks\/#primaryimage"},"image":{"@id":"https:\/\/dev.myindustrial.eu\/et\/shop\/toostuslikud-pidurisusteemid-ja-ajami-seiskamise-komponendid\/konksuplokid\/load-hook-assemblies-crane-hook-blocks\/#primaryimage"},"thumbnailUrl":"https:\/\/dev.myindustrial.eu\/wp-content\/uploads\/2024\/12\/hook-blocks-preview-3.webp","datePublished":"2024-12-02T12:03:19+00:00","dateModified":"2024-12-27T20:17:33+00:00","breadcrumb":{"@id":"https:\/\/dev.myindustrial.eu\/et\/shop\/toostuslikud-pidurisusteemid-ja-ajami-seiskamise-komponendid\/konksuplokid\/load-hook-assemblies-crane-hook-blocks\/#breadcrumb"},"inLanguage":"et","potentialAction":[{"@type":"ReadAction","target":["https:\/\/dev.myindustrial.eu\/et\/shop\/toostuslikud-pidurisusteemid-ja-ajami-seiskamise-komponendid\/konksuplokid\/load-hook-assemblies-crane-hook-blocks\/"]}]},{"@type":"ImageObject","inLanguage":"et","@id":"https:\/\/dev.myindustrial.eu\/et\/shop\/toostuslikud-pidurisusteemid-ja-ajami-seiskamise-komponendid\/konksuplokid\/load-hook-assemblies-crane-hook-blocks\/#primaryimage","url":"https:\/\/dev.myindustrial.eu\/wp-content\/uploads\/2024\/12\/hook-blocks-preview-3.webp","contentUrl":"https:\/\/dev.myindustrial.eu\/wp-content\/uploads\/2024\/12\/hook-blocks-preview-3.webp","width":800,"height":800},{"@type":"BreadcrumbList","@id":"https:\/\/dev.myindustrial.eu\/et\/shop\/toostuslikud-pidurisusteemid-ja-ajami-seiskamise-komponendid\/konksuplokid\/load-hook-assemblies-crane-hook-blocks\/#breadcrumb","itemListElement":[{"@type":"ListItem","position":1,"name":"Home","item":"https:\/\/dev.myindustrial.eu\/et\/"},{"@type":"ListItem","position":2,"name":"Products","item":"https:\/\/dev.myindustrial.eu\/et\/products\/"},{"@type":"ListItem","position":3,"name":"Konksu\u00fcksused ja kraanakonksuplokid"}]},{"@type":"WebSite","@id":"https:\/\/dev.myindustrial.eu\/et\/#website","url":"https:\/\/dev.myindustrial.eu\/et\/","name":"My industrial","description":"","potentialAction":[{"@type":"SearchAction","target":{"@type":"EntryPoint","urlTemplate":"https:\/\/dev.myindustrial.eu\/et\/?s={search_term_string}"},"query-input":{"@type":"PropertyValueSpecification","valueRequired":true,"valueName":"search_term_string"}}],"inLanguage":"et"}]}},"_links":{"self":[{"href":"https:\/\/dev.myindustrial.eu\/et\/wp-json\/wp\/v2\/product\/1260065558","targetHints":{"allow":["GET"]}}],"collection":[{"href":"https:\/\/dev.myindustrial.eu\/et\/wp-json\/wp\/v2\/product"}],"about":[{"href":"https:\/\/dev.myindustrial.eu\/et\/wp-json\/wp\/v2\/types\/product"}],"version-history":[{"count":1,"href":"https:\/\/dev.myindustrial.eu\/et\/wp-json\/wp\/v2\/product\/1260065558\/revisions"}],"predecessor-version":[{"id":1260065559,"href":"https:\/\/dev.myindustrial.eu\/et\/wp-json\/wp\/v2\/product\/1260065558\/revisions\/1260065559"}],"wp:featuredmedia":[{"embeddable":true,"href":"https:\/\/dev.myindustrial.eu\/et\/wp-json\/wp\/v2\/media\/1260065033"}],"wp:attachment":[{"href":"https:\/\/dev.myindustrial.eu\/et\/wp-json\/wp\/v2\/media?parent=1260065558"}],"wp:term":[{"taxonomy":"product_brand","embeddable":true,"href":"https:\/\/dev.myindustrial.eu\/et\/wp-json\/wp\/v2\/product_brand?post=1260065558"},{"taxonomy":"product_cat","embeddable":true,"href":"https:\/\/dev.myindustrial.eu\/et\/wp-json\/wp\/v2\/product_cat?post=1260065558"},{"taxonomy":"product_tag","embeddable":true,"href":"https:\/\/dev.myindustrial.eu\/et\/wp-json\/wp\/v2\/product_tag?post=1260065558"}],"curies":[{"name":"wp","href":"https:\/\/api.w.org\/{rel}","templated":true}]}}